{"id":11875,"date":"2025-12-12T17:40:57","date_gmt":"2025-12-12T16:40:57","guid":{"rendered":"https:\/\/test.ecbeaute.com\/?post_type=product&#038;p=11875"},"modified":"2025-12-12T17:40:59","modified_gmt":"2025-12-12T16:40:59","slug":"isdin-isdinceutics-pigment-expert-serum-10-ampoules","status":"publish","type":"product","link":"https:\/\/paracherkaoui.ma\/index.php\/produit\/isdin-isdinceutics-pigment-expert-serum-10-ampoules\/","title":{"rendered":"ISDIN ISDINCEUTICS PIGMENT EXPERT SERUM 10 AMPOULES"},"content":{"rendered":"<p>Ce soin agit en profondeur pour lutter contre les signes du photovieillissement gr\u00e2ce \u00e0 l&rsquo;action combin\u00e9e de l&rsquo;acide glycolique (GAc), qui stimule la production de collag\u00e8ne et favorise le renouvellement cellulaire, et du glycyrrhizate de dipotassium (DpG), reconnu pour ses propri\u00e9t\u00e9s apaisantes et r\u00e9paratrices. Apr\u00e8s quelques applications, la peau retrouve \u00e9clat, souplesse et uniformit\u00e9.<br \/>\nConseils d&rsquo;utilisation<br \/>\nPour un r\u00e9sultat optimal, appliquez Pigment Expert chaque matin sur une peau propre et s\u00e8che, apr\u00e8s votre nettoyage habituel. Utilisez une ampoule sur le visage, le cou et les mains, en \u00e9vitant le contour des yeux. Massez l\u00e9g\u00e8rement pour une absorption optimale avant d&rsquo;appliquer votre soin hydratant et une protection solaire SPF 50+ afin de pr\u00e9venir l&rsquo;apparition de nouvelles taches.<br \/>\nChaque ampoule doit \u00eatre utilis\u00e9e dans les 48 heures suivant son ouverture pour pr\u00e9server toute son efficacit\u00e9.<br \/>\nComposition<br \/>\nAqua, Niacinamide, Glycolic Acid, Sodium Hydroxide, Dipotassium Glycyrrhizate, Hydroxyphenoxy Propionic Acid, Phenoxyethanol, Butylresorcinol, Disodium EDTA, Ethylhexylglycerin, Biosaccharide Gum-1, Alcohol Denat, CI 15985, CI 19140.<\/p>\n","protected":false},"excerpt":{"rendered":"<p>Ce soin agit en profondeur pour lutter contre les signes du photovieillissement gr\u00e2ce \u00e0 l&rsquo;action combin\u00e9e de l&rsquo;acide glycolique (GAc),<\/p>\n","protected":false},"featured_media":11909,"comment_status":"open","ping_status":"closed","template":"","meta":[],"product_brand":[135],"product_cat":[153],"product_tag":[],"class_list":{"0":"post-11875","1":"product","2":"type-product","3":"status-publish","4":"has-post-thumbnail","6":"product_brand-isdin","7":"product_cat-taches-pigmentaires","9":"first","10":"instock","11":"sale","12":"shipping-taxable","13":"purchasable","14":"product-type-simple"},"yoast_head":"<!-- This site is optimized with the Yoast SEO plugin v26.6 - https:\/\/yoast.com\/wordpress\/plugins\/seo\/ -->\r\n<title>ISDIN ISDINCEUTICS PIGMENT EXPERT SERUM 10 AMPOULES - Paracherkaoui.ma<\/title>\r\n<meta name=\"robots\" content=\"index, follow, max-snippet:-1, max-image-preview:large, max-video-preview:-1\" \/>\r\n<link rel=\"canonical\" href=\"https:\/\/paracherkaoui.ma\/index.php\/produit\/isdin-isdinceutics-pigment-expert-serum-10-ampoules\/\" \/>\r\n<meta property=\"og:locale\" content=\"fr_FR\" \/>\r\n<meta property=\"og:type\" content=\"article\" \/>\r\n<meta property=\"og:title\" content=\"ISDIN ISDINCEUTICS PIGMENT EXPERT SERUM 10 AMPOULES - Paracherkaoui.ma\" \/>\r\n<meta property=\"og:description\" content=\"Ce soin agit en profondeur pour lutter contre les signes du photovieillissement gr\u00e2ce \u00e0 l&rsquo;action combin\u00e9e de l&rsquo;acide glycolique (GAc),\" \/>\r\n<meta property=\"og:url\" content=\"https:\/\/paracherkaoui.ma\/index.php\/produit\/isdin-isdinceutics-pigment-expert-serum-10-ampoules\/\" \/>\r\n<meta property=\"og:site_name\" content=\"Paracherkaoui.ma\" \/>\r\n<meta property=\"article:modified_time\" content=\"2025-12-12T16:40:59+00:00\" \/>\r\n<meta property=\"og:image\" content=\"https:\/\/paracherkaoui.ma\/wp-content\/uploads\/2025\/12\/isdin-isdin-isdinceutics-pigment-expert-serum-10-ampoules-cremes-depigmentantes.jpg\" \/>\r\n\t<meta property=\"og:image:width\" content=\"700\" \/>\r\n\t<meta property=\"og:image:height\" content=\"700\" \/>\r\n\t<meta property=\"og:image:type\" content=\"image\/jpeg\" \/>\r\n<meta name=\"twitter:card\" content=\"summary_large_image\" \/>\r\n<meta name=\"twitter:label1\" content=\"Dur\u00e9e de lecture estim\u00e9e\" \/>\n\t<meta name=\"twitter:data1\" content=\"1 minute\" \/>\r\n<script type=\"application\/ld+json\" class=\"yoast-schema-graph\">{\"@context\":\"https:\/\/schema.org\",\"@graph\":[{\"@type\":\"WebPage\",\"@id\":\"https:\/\/paracherkaoui.ma\/index.php\/produit\/isdin-isdinceutics-pigment-expert-serum-10-ampoules\/\",\"url\":\"https:\/\/paracherkaoui.ma\/index.php\/produit\/isdin-isdinceutics-pigment-expert-serum-10-ampoules\/\",\"name\":\"ISDIN ISDINCEUTICS PIGMENT EXPERT SERUM 10 AMPOULES - Paracherkaoui.ma\",\"isPartOf\":{\"@id\":\"https:\/\/paracherkaoui.ma\/#website\"},\"primaryImageOfPage\":{\"@id\":\"https:\/\/paracherkaoui.ma\/index.php\/produit\/isdin-isdinceutics-pigment-expert-serum-10-ampoules\/#primaryimage\"},\"image\":{\"@id\":\"https:\/\/paracherkaoui.ma\/index.php\/produit\/isdin-isdinceutics-pigment-expert-serum-10-ampoules\/#primaryimage\"},\"thumbnailUrl\":\"https:\/\/paracherkaoui.ma\/wp-content\/uploads\/2025\/12\/isdin-isdin-isdinceutics-pigment-expert-serum-10-ampoules-cremes-depigmentantes.jpg\",\"datePublished\":\"2025-12-12T16:40:57+00:00\",\"dateModified\":\"2025-12-12T16:40:59+00:00\",\"breadcrumb\":{\"@id\":\"https:\/\/paracherkaoui.ma\/index.php\/produit\/isdin-isdinceutics-pigment-expert-serum-10-ampoules\/#breadcrumb\"},\"inLanguage\":\"fr-FR\",\"potentialAction\":[{\"@type\":\"ReadAction\",\"target\":[\"https:\/\/paracherkaoui.ma\/index.php\/produit\/isdin-isdinceutics-pigment-expert-serum-10-ampoules\/\"]}]},{\"@type\":\"ImageObject\",\"inLanguage\":\"fr-FR\",\"@id\":\"https:\/\/paracherkaoui.ma\/index.php\/produit\/isdin-isdinceutics-pigment-expert-serum-10-ampoules\/#primaryimage\",\"url\":\"https:\/\/paracherkaoui.ma\/wp-content\/uploads\/2025\/12\/isdin-isdin-isdinceutics-pigment-expert-serum-10-ampoules-cremes-depigmentantes.jpg\",\"contentUrl\":\"https:\/\/paracherkaoui.ma\/wp-content\/uploads\/2025\/12\/isdin-isdin-isdinceutics-pigment-expert-serum-10-ampoules-cremes-depigmentantes.jpg\",\"width\":700,\"height\":700},{\"@type\":\"BreadcrumbList\",\"@id\":\"https:\/\/paracherkaoui.ma\/index.php\/produit\/isdin-isdinceutics-pigment-expert-serum-10-ampoules\/#breadcrumb\",\"itemListElement\":[{\"@type\":\"ListItem\",\"position\":1,\"name\":\"Accueil\",\"item\":\"https:\/\/paracherkaoui.ma\/\"},{\"@type\":\"ListItem\",\"position\":2,\"name\":\"Boutique\",\"item\":\"https:\/\/paracherkaoui.ma\/index.php\/boutique\/\"},{\"@type\":\"ListItem\",\"position\":3,\"name\":\"ISDIN ISDINCEUTICS PIGMENT EXPERT SERUM 10 AMPOULES\"}]},{\"@type\":\"WebSite\",\"@id\":\"https:\/\/paracherkaoui.ma\/#website\",\"url\":\"https:\/\/paracherkaoui.ma\/\",\"name\":\"Paracherkaoui.ma\",\"description\":\"Achetez en ligne sur Paracherkaoui.ma\",\"potentialAction\":[{\"@type\":\"SearchAction\",\"target\":{\"@type\":\"EntryPoint\",\"urlTemplate\":\"https:\/\/paracherkaoui.ma\/?s={search_term_string}\"},\"query-input\":{\"@type\":\"PropertyValueSpecification\",\"valueRequired\":true,\"valueName\":\"search_term_string\"}}],\"inLanguage\":\"fr-FR\"}]}<\/script>\r\n<!-- \/ Yoast SEO plugin. -->","yoast_head_json":{"title":"ISDIN ISDINCEUTICS PIGMENT EXPERT SERUM 10 AMPOULES - Paracherkaoui.ma","robots":{"index":"index","follow":"follow","max-snippet":"max-snippet:-1","max-image-preview":"max-image-preview:large","max-video-preview":"max-video-preview:-1"},"canonical":"https:\/\/paracherkaoui.ma\/index.php\/produit\/isdin-isdinceutics-pigment-expert-serum-10-ampoules\/","og_locale":"fr_FR","og_type":"article","og_title":"ISDIN ISDINCEUTICS PIGMENT EXPERT SERUM 10 AMPOULES - Paracherkaoui.ma","og_description":"Ce soin agit en profondeur pour lutter contre les signes du photovieillissement gr\u00e2ce \u00e0 l&rsquo;action combin\u00e9e de l&rsquo;acide glycolique (GAc),","og_url":"https:\/\/paracherkaoui.ma\/index.php\/produit\/isdin-isdinceutics-pigment-expert-serum-10-ampoules\/","og_site_name":"Paracherkaoui.ma","article_modified_time":"2025-12-12T16:40:59+00:00","og_image":[{"width":700,"height":700,"url":"https:\/\/paracherkaoui.ma\/wp-content\/uploads\/2025\/12\/isdin-isdin-isdinceutics-pigment-expert-serum-10-ampoules-cremes-depigmentantes.jpg","type":"image\/jpeg"}],"twitter_card":"summary_large_image","twitter_misc":{"Dur\u00e9e de lecture estim\u00e9e":"1 minute"},"schema":{"@context":"https:\/\/schema.org","@graph":[{"@type":"WebPage","@id":"https:\/\/paracherkaoui.ma\/index.php\/produit\/isdin-isdinceutics-pigment-expert-serum-10-ampoules\/","url":"https:\/\/paracherkaoui.ma\/index.php\/produit\/isdin-isdinceutics-pigment-expert-serum-10-ampoules\/","name":"ISDIN ISDINCEUTICS PIGMENT EXPERT SERUM 10 AMPOULES - Paracherkaoui.ma","isPartOf":{"@id":"https:\/\/paracherkaoui.ma\/#website"},"primaryImageOfPage":{"@id":"https:\/\/paracherkaoui.ma\/index.php\/produit\/isdin-isdinceutics-pigment-expert-serum-10-ampoules\/#primaryimage"},"image":{"@id":"https:\/\/paracherkaoui.ma\/index.php\/produit\/isdin-isdinceutics-pigment-expert-serum-10-ampoules\/#primaryimage"},"thumbnailUrl":"https:\/\/paracherkaoui.ma\/wp-content\/uploads\/2025\/12\/isdin-isdin-isdinceutics-pigment-expert-serum-10-ampoules-cremes-depigmentantes.jpg","datePublished":"2025-12-12T16:40:57+00:00","dateModified":"2025-12-12T16:40:59+00:00","breadcrumb":{"@id":"https:\/\/paracherkaoui.ma\/index.php\/produit\/isdin-isdinceutics-pigment-expert-serum-10-ampoules\/#breadcrumb"},"inLanguage":"fr-FR","potentialAction":[{"@type":"ReadAction","target":["https:\/\/paracherkaoui.ma\/index.php\/produit\/isdin-isdinceutics-pigment-expert-serum-10-ampoules\/"]}]},{"@type":"ImageObject","inLanguage":"fr-FR","@id":"https:\/\/paracherkaoui.ma\/index.php\/produit\/isdin-isdinceutics-pigment-expert-serum-10-ampoules\/#primaryimage","url":"https:\/\/paracherkaoui.ma\/wp-content\/uploads\/2025\/12\/isdin-isdin-isdinceutics-pigment-expert-serum-10-ampoules-cremes-depigmentantes.jpg","contentUrl":"https:\/\/paracherkaoui.ma\/wp-content\/uploads\/2025\/12\/isdin-isdin-isdinceutics-pigment-expert-serum-10-ampoules-cremes-depigmentantes.jpg","width":700,"height":700},{"@type":"BreadcrumbList","@id":"https:\/\/paracherkaoui.ma\/index.php\/produit\/isdin-isdinceutics-pigment-expert-serum-10-ampoules\/#breadcrumb","itemListElement":[{"@type":"ListItem","position":1,"name":"Accueil","item":"https:\/\/paracherkaoui.ma\/"},{"@type":"ListItem","position":2,"name":"Boutique","item":"https:\/\/paracherkaoui.ma\/index.php\/boutique\/"},{"@type":"ListItem","position":3,"name":"ISDIN ISDINCEUTICS PIGMENT EXPERT SERUM 10 AMPOULES"}]},{"@type":"WebSite","@id":"https:\/\/paracherkaoui.ma\/#website","url":"https:\/\/paracherkaoui.ma\/","name":"Paracherkaoui.ma","description":"Achetez en ligne sur Paracherkaoui.ma","potentialAction":[{"@type":"SearchAction","target":{"@type":"EntryPoint","urlTemplate":"https:\/\/paracherkaoui.ma\/?s={search_term_string}"},"query-input":{"@type":"PropertyValueSpecification","valueRequired":true,"valueName":"search_term_string"}}],"inLanguage":"fr-FR"}]}},"_links":{"self":[{"href":"https:\/\/paracherkaoui.ma\/index.php\/wp-json\/wp\/v2\/product\/11875","targetHints":{"allow":["GET"]}}],"collection":[{"href":"https:\/\/paracherkaoui.ma\/index.php\/wp-json\/wp\/v2\/product"}],"about":[{"href":"https:\/\/paracherkaoui.ma\/index.php\/wp-json\/wp\/v2\/types\/product"}],"replies":[{"embeddable":true,"href":"https:\/\/paracherkaoui.ma\/index.php\/wp-json\/wp\/v2\/comments?post=11875"}],"version-history":[{"count":1,"href":"https:\/\/paracherkaoui.ma\/index.php\/wp-json\/wp\/v2\/product\/11875\/revisions"}],"predecessor-version":[{"id":11910,"href":"https:\/\/paracherkaoui.ma\/index.php\/wp-json\/wp\/v2\/product\/11875\/revisions\/11910"}],"wp:featuredmedia":[{"embeddable":true,"href":"https:\/\/paracherkaoui.ma\/index.php\/wp-json\/wp\/v2\/media\/11909"}],"wp:attachment":[{"href":"https:\/\/paracherkaoui.ma\/index.php\/wp-json\/wp\/v2\/media?parent=11875"}],"wp:term":[{"taxonomy":"product_brand","embeddable":true,"href":"https:\/\/paracherkaoui.ma\/index.php\/wp-json\/wp\/v2\/product_brand?post=11875"},{"taxonomy":"product_cat","embeddable":true,"href":"https:\/\/paracherkaoui.ma\/index.php\/wp-json\/wp\/v2\/product_cat?post=11875"},{"taxonomy":"product_tag","embeddable":true,"href":"https:\/\/paracherkaoui.ma\/index.php\/wp-json\/wp\/v2\/product_tag?post=11875"}],"curies":[{"name":"wp","href":"https:\/\/api.w.org\/{rel}","templated":true}]}}