{"id":11786,"date":"2025-12-12T17:40:49","date_gmt":"2025-12-12T16:40:49","guid":{"rendered":"https:\/\/test.ecbeaute.com\/?post_type=product&#038;p=11786"},"modified":"2025-12-12T17:40:52","modified_gmt":"2025-12-12T16:40:52","slug":"svr-clairial-cc-creme-correcteur-unifiant-anti-taches-medium-spf50-40-ml","status":"publish","type":"product","link":"https:\/\/paracherkaoui.ma\/index.php\/produit\/svr-clairial-cc-creme-correcteur-unifiant-anti-taches-medium-spf50-40-ml\/","title":{"rendered":"SVR CLAIRIAL CC CR\u00c8ME CORRECTEUR UNIFIANT ANTI-TACHES M\u00c9DIUM SPF50+ 40 ML"},"content":{"rendered":"<p>DESCRIPTION :<br \/>\nCLAIRIAL CC CREME SPF50, c\u2019est la nouvelle g\u00e9n\u00e9ration de CC Cr\u00e8me tout-en-un qui allie l\u2019efficacit\u00e9 d\u2019un anti-taches hydratant et la couvrance d\u2019un fond de teint universel, pour \u00eatre belle instantan\u00e9ment ! C\u2019est aussi la CC Cr\u00e8me avec une tr\u00e8s haute protection solaire dans une texture ultra-fluide : 100% plaisir pour une peau 100% prot\u00e9g\u00e9e*** ! 1 seul geste, 4 actions : 1. Hydrate la peau 2. Unifie instantan\u00e9ment en camouflant taches et irr\u00e9gularit\u00e9s colorielles 3. Corrige et r\u00e9duit les taches intens\u00e9ment 4. Prot\u00e8ge des UV et pr\u00e9vient la r\u00e9apparition des taches Le r\u00e9sultat ? Une peau radieuse, objectif z\u00e9ro d\u00e9faut ! Imm\u00e9diatement, hydrat\u00e9e, prot\u00e9g\u00e9e, la peau rayonne. Visiblement unifi\u00e9, le teint s\u2019illumine. Jour apr\u00e8s jour, les taches s\u2019estompent pour r\u00e9v\u00e9ler une peau parfaite. Constamment prot\u00e9g\u00e9e des UV***, la peau est plus uniforme, les taches ne r\u00e9apparaissent pas. *IMS France 2015 **Chez SVR ***En cas d&rsquo;exposition au soleil, renouveler fr\u00e9quemment l&rsquo;application<br \/>\nCONSEILS D&rsquo;UTILISATION :<br \/>\nAppliquer le matin, uniform\u00e9ment sur le visage et le cou, seul ou sur votre soin quotidien. Utiliser en compl\u00e9ment les produits de la gamme CLAIRIAL pour une efficacit\u00e9 anti-taches renforc\u00e9e.<\/p>\n","protected":false},"excerpt":{"rendered":"<p>DESCRIPTION : CLAIRIAL CC CREME SPF50, c\u2019est la nouvelle g\u00e9n\u00e9ration de CC Cr\u00e8me tout-en-un qui allie l\u2019efficacit\u00e9 d\u2019un anti-taches hydratant<\/p>\n","protected":false},"featured_media":11833,"comment_status":"open","ping_status":"closed","template":"","meta":[],"product_brand":[133],"product_cat":[153],"product_tag":[],"class_list":{"0":"post-11786","1":"product","2":"type-product","3":"status-publish","4":"has-post-thumbnail","6":"product_brand-svr","7":"product_cat-taches-pigmentaires","9":"first","10":"instock","11":"sale","12":"shipping-taxable","13":"purchasable","14":"product-type-simple"},"yoast_head":"<!-- This site is optimized with the Yoast SEO plugin v26.6 - https:\/\/yoast.com\/wordpress\/plugins\/seo\/ -->\r\n<title>SVR CLAIRIAL CC CR\u00c8ME CORRECTEUR UNIFIANT ANTI-TACHES M\u00c9DIUM SPF50+ 40 ML - Paracherkaoui.ma<\/title>\r\n<meta name=\"robots\" content=\"index, follow, max-snippet:-1, max-image-preview:large, max-video-preview:-1\" \/>\r\n<link rel=\"canonical\" href=\"https:\/\/paracherkaoui.ma\/index.php\/produit\/svr-clairial-cc-creme-correcteur-unifiant-anti-taches-medium-spf50-40-ml\/\" \/>\r\n<meta property=\"og:locale\" content=\"fr_FR\" \/>\r\n<meta property=\"og:type\" content=\"article\" \/>\r\n<meta property=\"og:title\" content=\"SVR CLAIRIAL CC CR\u00c8ME CORRECTEUR UNIFIANT ANTI-TACHES M\u00c9DIUM SPF50+ 40 ML - Paracherkaoui.ma\" \/>\r\n<meta property=\"og:description\" content=\"DESCRIPTION : CLAIRIAL CC CREME SPF50, c\u2019est la nouvelle g\u00e9n\u00e9ration de CC Cr\u00e8me tout-en-un qui allie l\u2019efficacit\u00e9 d\u2019un anti-taches hydratant\" \/>\r\n<meta property=\"og:url\" content=\"https:\/\/paracherkaoui.ma\/index.php\/produit\/svr-clairial-cc-creme-correcteur-unifiant-anti-taches-medium-spf50-40-ml\/\" \/>\r\n<meta property=\"og:site_name\" content=\"Paracherkaoui.ma\" \/>\r\n<meta property=\"article:modified_time\" content=\"2025-12-12T16:40:52+00:00\" \/>\r\n<meta property=\"og:image\" content=\"https:\/\/paracherkaoui.ma\/wp-content\/uploads\/2025\/12\/svr-svr-clairial-cc-creme-correcteur-unifiant-anti-taches-medium-spf50-40-ml-cremes-depigmentantes.jpg\" \/>\r\n\t<meta property=\"og:image:width\" content=\"700\" \/>\r\n\t<meta property=\"og:image:height\" content=\"700\" \/>\r\n\t<meta property=\"og:image:type\" content=\"image\/jpeg\" \/>\r\n<meta name=\"twitter:card\" content=\"summary_large_image\" \/>\r\n<meta name=\"twitter:label1\" content=\"Dur\u00e9e de lecture estim\u00e9e\" \/>\n\t<meta name=\"twitter:data1\" content=\"1 minute\" \/>\r\n<script type=\"application\/ld+json\" class=\"yoast-schema-graph\">{\"@context\":\"https:\/\/schema.org\",\"@graph\":[{\"@type\":\"WebPage\",\"@id\":\"https:\/\/paracherkaoui.ma\/index.php\/produit\/svr-clairial-cc-creme-correcteur-unifiant-anti-taches-medium-spf50-40-ml\/\",\"url\":\"https:\/\/paracherkaoui.ma\/index.php\/produit\/svr-clairial-cc-creme-correcteur-unifiant-anti-taches-medium-spf50-40-ml\/\",\"name\":\"SVR CLAIRIAL CC CR\u00c8ME CORRECTEUR UNIFIANT ANTI-TACHES M\u00c9DIUM SPF50+ 40 ML - Paracherkaoui.ma\",\"isPartOf\":{\"@id\":\"https:\/\/paracherkaoui.ma\/#website\"},\"primaryImageOfPage\":{\"@id\":\"https:\/\/paracherkaoui.ma\/index.php\/produit\/svr-clairial-cc-creme-correcteur-unifiant-anti-taches-medium-spf50-40-ml\/#primaryimage\"},\"image\":{\"@id\":\"https:\/\/paracherkaoui.ma\/index.php\/produit\/svr-clairial-cc-creme-correcteur-unifiant-anti-taches-medium-spf50-40-ml\/#primaryimage\"},\"thumbnailUrl\":\"https:\/\/paracherkaoui.ma\/wp-content\/uploads\/2025\/12\/svr-svr-clairial-cc-creme-correcteur-unifiant-anti-taches-medium-spf50-40-ml-cremes-depigmentantes.jpg\",\"datePublished\":\"2025-12-12T16:40:49+00:00\",\"dateModified\":\"2025-12-12T16:40:52+00:00\",\"breadcrumb\":{\"@id\":\"https:\/\/paracherkaoui.ma\/index.php\/produit\/svr-clairial-cc-creme-correcteur-unifiant-anti-taches-medium-spf50-40-ml\/#breadcrumb\"},\"inLanguage\":\"fr-FR\",\"potentialAction\":[{\"@type\":\"ReadAction\",\"target\":[\"https:\/\/paracherkaoui.ma\/index.php\/produit\/svr-clairial-cc-creme-correcteur-unifiant-anti-taches-medium-spf50-40-ml\/\"]}]},{\"@type\":\"ImageObject\",\"inLanguage\":\"fr-FR\",\"@id\":\"https:\/\/paracherkaoui.ma\/index.php\/produit\/svr-clairial-cc-creme-correcteur-unifiant-anti-taches-medium-spf50-40-ml\/#primaryimage\",\"url\":\"https:\/\/paracherkaoui.ma\/wp-content\/uploads\/2025\/12\/svr-svr-clairial-cc-creme-correcteur-unifiant-anti-taches-medium-spf50-40-ml-cremes-depigmentantes.jpg\",\"contentUrl\":\"https:\/\/paracherkaoui.ma\/wp-content\/uploads\/2025\/12\/svr-svr-clairial-cc-creme-correcteur-unifiant-anti-taches-medium-spf50-40-ml-cremes-depigmentantes.jpg\",\"width\":700,\"height\":700},{\"@type\":\"BreadcrumbList\",\"@id\":\"https:\/\/paracherkaoui.ma\/index.php\/produit\/svr-clairial-cc-creme-correcteur-unifiant-anti-taches-medium-spf50-40-ml\/#breadcrumb\",\"itemListElement\":[{\"@type\":\"ListItem\",\"position\":1,\"name\":\"Accueil\",\"item\":\"https:\/\/paracherkaoui.ma\/\"},{\"@type\":\"ListItem\",\"position\":2,\"name\":\"Boutique\",\"item\":\"https:\/\/paracherkaoui.ma\/index.php\/boutique\/\"},{\"@type\":\"ListItem\",\"position\":3,\"name\":\"SVR CLAIRIAL CC CR\u00c8ME CORRECTEUR UNIFIANT ANTI-TACHES M\u00c9DIUM SPF50+ 40 ML\"}]},{\"@type\":\"WebSite\",\"@id\":\"https:\/\/paracherkaoui.ma\/#website\",\"url\":\"https:\/\/paracherkaoui.ma\/\",\"name\":\"Paracherkaoui.ma\",\"description\":\"Achetez en ligne sur Paracherkaoui.ma\",\"potentialAction\":[{\"@type\":\"SearchAction\",\"target\":{\"@type\":\"EntryPoint\",\"urlTemplate\":\"https:\/\/paracherkaoui.ma\/?s={search_term_string}\"},\"query-input\":{\"@type\":\"PropertyValueSpecification\",\"valueRequired\":true,\"valueName\":\"search_term_string\"}}],\"inLanguage\":\"fr-FR\"}]}<\/script>\r\n<!-- \/ Yoast SEO plugin. -->","yoast_head_json":{"title":"SVR CLAIRIAL CC CR\u00c8ME CORRECTEUR UNIFIANT ANTI-TACHES M\u00c9DIUM SPF50+ 40 ML - Paracherkaoui.ma","robots":{"index":"index","follow":"follow","max-snippet":"max-snippet:-1","max-image-preview":"max-image-preview:large","max-video-preview":"max-video-preview:-1"},"canonical":"https:\/\/paracherkaoui.ma\/index.php\/produit\/svr-clairial-cc-creme-correcteur-unifiant-anti-taches-medium-spf50-40-ml\/","og_locale":"fr_FR","og_type":"article","og_title":"SVR CLAIRIAL CC CR\u00c8ME CORRECTEUR UNIFIANT ANTI-TACHES M\u00c9DIUM SPF50+ 40 ML - Paracherkaoui.ma","og_description":"DESCRIPTION : CLAIRIAL CC CREME SPF50, c\u2019est la nouvelle g\u00e9n\u00e9ration de CC Cr\u00e8me tout-en-un qui allie l\u2019efficacit\u00e9 d\u2019un anti-taches hydratant","og_url":"https:\/\/paracherkaoui.ma\/index.php\/produit\/svr-clairial-cc-creme-correcteur-unifiant-anti-taches-medium-spf50-40-ml\/","og_site_name":"Paracherkaoui.ma","article_modified_time":"2025-12-12T16:40:52+00:00","og_image":[{"width":700,"height":700,"url":"https:\/\/paracherkaoui.ma\/wp-content\/uploads\/2025\/12\/svr-svr-clairial-cc-creme-correcteur-unifiant-anti-taches-medium-spf50-40-ml-cremes-depigmentantes.jpg","type":"image\/jpeg"}],"twitter_card":"summary_large_image","twitter_misc":{"Dur\u00e9e de lecture estim\u00e9e":"1 minute"},"schema":{"@context":"https:\/\/schema.org","@graph":[{"@type":"WebPage","@id":"https:\/\/paracherkaoui.ma\/index.php\/produit\/svr-clairial-cc-creme-correcteur-unifiant-anti-taches-medium-spf50-40-ml\/","url":"https:\/\/paracherkaoui.ma\/index.php\/produit\/svr-clairial-cc-creme-correcteur-unifiant-anti-taches-medium-spf50-40-ml\/","name":"SVR CLAIRIAL CC CR\u00c8ME CORRECTEUR UNIFIANT ANTI-TACHES M\u00c9DIUM SPF50+ 40 ML - Paracherkaoui.ma","isPartOf":{"@id":"https:\/\/paracherkaoui.ma\/#website"},"primaryImageOfPage":{"@id":"https:\/\/paracherkaoui.ma\/index.php\/produit\/svr-clairial-cc-creme-correcteur-unifiant-anti-taches-medium-spf50-40-ml\/#primaryimage"},"image":{"@id":"https:\/\/paracherkaoui.ma\/index.php\/produit\/svr-clairial-cc-creme-correcteur-unifiant-anti-taches-medium-spf50-40-ml\/#primaryimage"},"thumbnailUrl":"https:\/\/paracherkaoui.ma\/wp-content\/uploads\/2025\/12\/svr-svr-clairial-cc-creme-correcteur-unifiant-anti-taches-medium-spf50-40-ml-cremes-depigmentantes.jpg","datePublished":"2025-12-12T16:40:49+00:00","dateModified":"2025-12-12T16:40:52+00:00","breadcrumb":{"@id":"https:\/\/paracherkaoui.ma\/index.php\/produit\/svr-clairial-cc-creme-correcteur-unifiant-anti-taches-medium-spf50-40-ml\/#breadcrumb"},"inLanguage":"fr-FR","potentialAction":[{"@type":"ReadAction","target":["https:\/\/paracherkaoui.ma\/index.php\/produit\/svr-clairial-cc-creme-correcteur-unifiant-anti-taches-medium-spf50-40-ml\/"]}]},{"@type":"ImageObject","inLanguage":"fr-FR","@id":"https:\/\/paracherkaoui.ma\/index.php\/produit\/svr-clairial-cc-creme-correcteur-unifiant-anti-taches-medium-spf50-40-ml\/#primaryimage","url":"https:\/\/paracherkaoui.ma\/wp-content\/uploads\/2025\/12\/svr-svr-clairial-cc-creme-correcteur-unifiant-anti-taches-medium-spf50-40-ml-cremes-depigmentantes.jpg","contentUrl":"https:\/\/paracherkaoui.ma\/wp-content\/uploads\/2025\/12\/svr-svr-clairial-cc-creme-correcteur-unifiant-anti-taches-medium-spf50-40-ml-cremes-depigmentantes.jpg","width":700,"height":700},{"@type":"BreadcrumbList","@id":"https:\/\/paracherkaoui.ma\/index.php\/produit\/svr-clairial-cc-creme-correcteur-unifiant-anti-taches-medium-spf50-40-ml\/#breadcrumb","itemListElement":[{"@type":"ListItem","position":1,"name":"Accueil","item":"https:\/\/paracherkaoui.ma\/"},{"@type":"ListItem","position":2,"name":"Boutique","item":"https:\/\/paracherkaoui.ma\/index.php\/boutique\/"},{"@type":"ListItem","position":3,"name":"SVR CLAIRIAL CC CR\u00c8ME CORRECTEUR UNIFIANT ANTI-TACHES M\u00c9DIUM SPF50+ 40 ML"}]},{"@type":"WebSite","@id":"https:\/\/paracherkaoui.ma\/#website","url":"https:\/\/paracherkaoui.ma\/","name":"Paracherkaoui.ma","description":"Achetez en ligne sur Paracherkaoui.ma","potentialAction":[{"@type":"SearchAction","target":{"@type":"EntryPoint","urlTemplate":"https:\/\/paracherkaoui.ma\/?s={search_term_string}"},"query-input":{"@type":"PropertyValueSpecification","valueRequired":true,"valueName":"search_term_string"}}],"inLanguage":"fr-FR"}]}},"_links":{"self":[{"href":"https:\/\/paracherkaoui.ma\/index.php\/wp-json\/wp\/v2\/product\/11786","targetHints":{"allow":["GET"]}}],"collection":[{"href":"https:\/\/paracherkaoui.ma\/index.php\/wp-json\/wp\/v2\/product"}],"about":[{"href":"https:\/\/paracherkaoui.ma\/index.php\/wp-json\/wp\/v2\/types\/product"}],"replies":[{"embeddable":true,"href":"https:\/\/paracherkaoui.ma\/index.php\/wp-json\/wp\/v2\/comments?post=11786"}],"version-history":[{"count":1,"href":"https:\/\/paracherkaoui.ma\/index.php\/wp-json\/wp\/v2\/product\/11786\/revisions"}],"predecessor-version":[{"id":11834,"href":"https:\/\/paracherkaoui.ma\/index.php\/wp-json\/wp\/v2\/product\/11786\/revisions\/11834"}],"wp:featuredmedia":[{"embeddable":true,"href":"https:\/\/paracherkaoui.ma\/index.php\/wp-json\/wp\/v2\/media\/11833"}],"wp:attachment":[{"href":"https:\/\/paracherkaoui.ma\/index.php\/wp-json\/wp\/v2\/media?parent=11786"}],"wp:term":[{"taxonomy":"product_brand","embeddable":true,"href":"https:\/\/paracherkaoui.ma\/index.php\/wp-json\/wp\/v2\/product_brand?post=11786"},{"taxonomy":"product_cat","embeddable":true,"href":"https:\/\/paracherkaoui.ma\/index.php\/wp-json\/wp\/v2\/product_cat?post=11786"},{"taxonomy":"product_tag","embeddable":true,"href":"https:\/\/paracherkaoui.ma\/index.php\/wp-json\/wp\/v2\/product_tag?post=11786"}],"curies":[{"name":"wp","href":"https:\/\/api.w.org\/{rel}","templated":true}]}}