{"id":11782,"date":"2025-12-12T17:40:49","date_gmt":"2025-12-12T16:40:49","guid":{"rendered":"https:\/\/test.ecbeaute.com\/?post_type=product&#038;p=11782"},"modified":"2025-12-12T17:40:51","modified_gmt":"2025-12-12T16:40:51","slug":"acm-depiwhite-mousse-nettoyante-eclaircissante-200ml","status":"publish","type":"product","link":"https:\/\/paracherkaoui.ma\/index.php\/produit\/acm-depiwhite-mousse-nettoyante-eclaircissante-200ml\/","title":{"rendered":"ACM DEPIWHITE MOUSSE NETTOYANTE ECLAIRCISSANTE 200ML"},"content":{"rendered":"<p>Description:<\/p>\n<p>ACM Depiwhite day Favorise la disparition des t\u00e2ches &#8211; Unifie le teint. Hyperpigmentations \u00e9pidermiques. Visage, d\u00e9collet\u00e9 et mains. 40ml La cr\u00e8me de jour d\u00e9piwhite day a \u00e9t\u00e9 sp\u00e9cialement con\u00e7ue pour : &#8211; att\u00e9nuer ou \u00e9liminer les taches brunes et limiter leur r\u00e9apparition. &#8211; unifier la couleur du teint. D\u00e9piwhite day associe 4 actifs d\u00e9pigmentants performants pour une meilleure efficacit\u00e9. D\u00e9piwhite day contient aussi des filtres solaires assurant une protection solaire SPF 20.<\/p>\n<p>Conseils d&rsquo;utilisation:<\/p>\n<p>Appliquer la cr\u00e8me de jour d\u00e9piwhite day le matin sur les zones concern\u00e9es. Ne restez pas trop longtemps au soleil m\u00eame si vous utilisez un produit de protection solaire car il ne vous prot\u00e8ge pas totalement. La surexposition au soleil dangereuse pour la sant\u00e9.<\/p>\n","protected":false},"excerpt":{"rendered":"<p>Description: ACM Depiwhite day Favorise la disparition des t\u00e2ches &#8211; Unifie le teint. Hyperpigmentations \u00e9pidermiques. Visage, d\u00e9collet\u00e9 et mains. 40ml<\/p>\n","protected":false},"featured_media":11825,"comment_status":"open","ping_status":"closed","template":"","meta":[],"product_brand":[142],"product_cat":[153],"product_tag":[],"class_list":{"0":"post-11782","1":"product","2":"type-product","3":"status-publish","4":"has-post-thumbnail","6":"product_brand-acm","7":"product_cat-taches-pigmentaires","9":"first","10":"instock","11":"sale","12":"shipping-taxable","13":"purchasable","14":"product-type-simple"},"yoast_head":"<!-- This site is optimized with the Yoast SEO plugin v26.6 - https:\/\/yoast.com\/wordpress\/plugins\/seo\/ -->\r\n<title>ACM DEPIWHITE MOUSSE NETTOYANTE ECLAIRCISSANTE 200ML - Paracherkaoui.ma<\/title>\r\n<meta name=\"robots\" content=\"index, follow, max-snippet:-1, max-image-preview:large, max-video-preview:-1\" \/>\r\n<link rel=\"canonical\" href=\"https:\/\/paracherkaoui.ma\/index.php\/produit\/acm-depiwhite-mousse-nettoyante-eclaircissante-200ml\/\" \/>\r\n<meta property=\"og:locale\" content=\"fr_FR\" \/>\r\n<meta property=\"og:type\" content=\"article\" \/>\r\n<meta property=\"og:title\" content=\"ACM DEPIWHITE MOUSSE NETTOYANTE ECLAIRCISSANTE 200ML - Paracherkaoui.ma\" \/>\r\n<meta property=\"og:description\" content=\"Description: ACM Depiwhite day Favorise la disparition des t\u00e2ches &#8211; Unifie le teint. Hyperpigmentations \u00e9pidermiques. Visage, d\u00e9collet\u00e9 et mains. 40ml\" \/>\r\n<meta property=\"og:url\" content=\"https:\/\/paracherkaoui.ma\/index.php\/produit\/acm-depiwhite-mousse-nettoyante-eclaircissante-200ml\/\" \/>\r\n<meta property=\"og:site_name\" content=\"Paracherkaoui.ma\" \/>\r\n<meta property=\"article:modified_time\" content=\"2025-12-12T16:40:51+00:00\" \/>\r\n<meta property=\"og:image\" content=\"https:\/\/paracherkaoui.ma\/wp-content\/uploads\/2025\/12\/acm-acm-depiwhite-mousse-nettoyante-eclaircissante-200ml-accueil.jpg\" \/>\r\n\t<meta property=\"og:image:width\" content=\"700\" \/>\r\n\t<meta property=\"og:image:height\" content=\"700\" \/>\r\n\t<meta property=\"og:image:type\" content=\"image\/jpeg\" \/>\r\n<meta name=\"twitter:card\" content=\"summary_large_image\" \/>\r\n<meta name=\"twitter:label1\" content=\"Dur\u00e9e de lecture estim\u00e9e\" \/>\n\t<meta name=\"twitter:data1\" content=\"1 minute\" \/>\r\n<script type=\"application\/ld+json\" class=\"yoast-schema-graph\">{\"@context\":\"https:\/\/schema.org\",\"@graph\":[{\"@type\":\"WebPage\",\"@id\":\"https:\/\/paracherkaoui.ma\/index.php\/produit\/acm-depiwhite-mousse-nettoyante-eclaircissante-200ml\/\",\"url\":\"https:\/\/paracherkaoui.ma\/index.php\/produit\/acm-depiwhite-mousse-nettoyante-eclaircissante-200ml\/\",\"name\":\"ACM DEPIWHITE MOUSSE NETTOYANTE ECLAIRCISSANTE 200ML - Paracherkaoui.ma\",\"isPartOf\":{\"@id\":\"https:\/\/paracherkaoui.ma\/#website\"},\"primaryImageOfPage\":{\"@id\":\"https:\/\/paracherkaoui.ma\/index.php\/produit\/acm-depiwhite-mousse-nettoyante-eclaircissante-200ml\/#primaryimage\"},\"image\":{\"@id\":\"https:\/\/paracherkaoui.ma\/index.php\/produit\/acm-depiwhite-mousse-nettoyante-eclaircissante-200ml\/#primaryimage\"},\"thumbnailUrl\":\"https:\/\/paracherkaoui.ma\/wp-content\/uploads\/2025\/12\/acm-acm-depiwhite-mousse-nettoyante-eclaircissante-200ml-accueil.jpg\",\"datePublished\":\"2025-12-12T16:40:49+00:00\",\"dateModified\":\"2025-12-12T16:40:51+00:00\",\"breadcrumb\":{\"@id\":\"https:\/\/paracherkaoui.ma\/index.php\/produit\/acm-depiwhite-mousse-nettoyante-eclaircissante-200ml\/#breadcrumb\"},\"inLanguage\":\"fr-FR\",\"potentialAction\":[{\"@type\":\"ReadAction\",\"target\":[\"https:\/\/paracherkaoui.ma\/index.php\/produit\/acm-depiwhite-mousse-nettoyante-eclaircissante-200ml\/\"]}]},{\"@type\":\"ImageObject\",\"inLanguage\":\"fr-FR\",\"@id\":\"https:\/\/paracherkaoui.ma\/index.php\/produit\/acm-depiwhite-mousse-nettoyante-eclaircissante-200ml\/#primaryimage\",\"url\":\"https:\/\/paracherkaoui.ma\/wp-content\/uploads\/2025\/12\/acm-acm-depiwhite-mousse-nettoyante-eclaircissante-200ml-accueil.jpg\",\"contentUrl\":\"https:\/\/paracherkaoui.ma\/wp-content\/uploads\/2025\/12\/acm-acm-depiwhite-mousse-nettoyante-eclaircissante-200ml-accueil.jpg\",\"width\":700,\"height\":700},{\"@type\":\"BreadcrumbList\",\"@id\":\"https:\/\/paracherkaoui.ma\/index.php\/produit\/acm-depiwhite-mousse-nettoyante-eclaircissante-200ml\/#breadcrumb\",\"itemListElement\":[{\"@type\":\"ListItem\",\"position\":1,\"name\":\"Accueil\",\"item\":\"https:\/\/paracherkaoui.ma\/\"},{\"@type\":\"ListItem\",\"position\":2,\"name\":\"Boutique\",\"item\":\"https:\/\/paracherkaoui.ma\/index.php\/boutique\/\"},{\"@type\":\"ListItem\",\"position\":3,\"name\":\"ACM DEPIWHITE MOUSSE NETTOYANTE ECLAIRCISSANTE 200ML\"}]},{\"@type\":\"WebSite\",\"@id\":\"https:\/\/paracherkaoui.ma\/#website\",\"url\":\"https:\/\/paracherkaoui.ma\/\",\"name\":\"Paracherkaoui.ma\",\"description\":\"Achetez en ligne sur Paracherkaoui.ma\",\"potentialAction\":[{\"@type\":\"SearchAction\",\"target\":{\"@type\":\"EntryPoint\",\"urlTemplate\":\"https:\/\/paracherkaoui.ma\/?s={search_term_string}\"},\"query-input\":{\"@type\":\"PropertyValueSpecification\",\"valueRequired\":true,\"valueName\":\"search_term_string\"}}],\"inLanguage\":\"fr-FR\"}]}<\/script>\r\n<!-- \/ Yoast SEO plugin. -->","yoast_head_json":{"title":"ACM DEPIWHITE MOUSSE NETTOYANTE ECLAIRCISSANTE 200ML - Paracherkaoui.ma","robots":{"index":"index","follow":"follow","max-snippet":"max-snippet:-1","max-image-preview":"max-image-preview:large","max-video-preview":"max-video-preview:-1"},"canonical":"https:\/\/paracherkaoui.ma\/index.php\/produit\/acm-depiwhite-mousse-nettoyante-eclaircissante-200ml\/","og_locale":"fr_FR","og_type":"article","og_title":"ACM DEPIWHITE MOUSSE NETTOYANTE ECLAIRCISSANTE 200ML - Paracherkaoui.ma","og_description":"Description: ACM Depiwhite day Favorise la disparition des t\u00e2ches &#8211; Unifie le teint. Hyperpigmentations \u00e9pidermiques. Visage, d\u00e9collet\u00e9 et mains. 40ml","og_url":"https:\/\/paracherkaoui.ma\/index.php\/produit\/acm-depiwhite-mousse-nettoyante-eclaircissante-200ml\/","og_site_name":"Paracherkaoui.ma","article_modified_time":"2025-12-12T16:40:51+00:00","og_image":[{"width":700,"height":700,"url":"https:\/\/paracherkaoui.ma\/wp-content\/uploads\/2025\/12\/acm-acm-depiwhite-mousse-nettoyante-eclaircissante-200ml-accueil.jpg","type":"image\/jpeg"}],"twitter_card":"summary_large_image","twitter_misc":{"Dur\u00e9e de lecture estim\u00e9e":"1 minute"},"schema":{"@context":"https:\/\/schema.org","@graph":[{"@type":"WebPage","@id":"https:\/\/paracherkaoui.ma\/index.php\/produit\/acm-depiwhite-mousse-nettoyante-eclaircissante-200ml\/","url":"https:\/\/paracherkaoui.ma\/index.php\/produit\/acm-depiwhite-mousse-nettoyante-eclaircissante-200ml\/","name":"ACM DEPIWHITE MOUSSE NETTOYANTE ECLAIRCISSANTE 200ML - Paracherkaoui.ma","isPartOf":{"@id":"https:\/\/paracherkaoui.ma\/#website"},"primaryImageOfPage":{"@id":"https:\/\/paracherkaoui.ma\/index.php\/produit\/acm-depiwhite-mousse-nettoyante-eclaircissante-200ml\/#primaryimage"},"image":{"@id":"https:\/\/paracherkaoui.ma\/index.php\/produit\/acm-depiwhite-mousse-nettoyante-eclaircissante-200ml\/#primaryimage"},"thumbnailUrl":"https:\/\/paracherkaoui.ma\/wp-content\/uploads\/2025\/12\/acm-acm-depiwhite-mousse-nettoyante-eclaircissante-200ml-accueil.jpg","datePublished":"2025-12-12T16:40:49+00:00","dateModified":"2025-12-12T16:40:51+00:00","breadcrumb":{"@id":"https:\/\/paracherkaoui.ma\/index.php\/produit\/acm-depiwhite-mousse-nettoyante-eclaircissante-200ml\/#breadcrumb"},"inLanguage":"fr-FR","potentialAction":[{"@type":"ReadAction","target":["https:\/\/paracherkaoui.ma\/index.php\/produit\/acm-depiwhite-mousse-nettoyante-eclaircissante-200ml\/"]}]},{"@type":"ImageObject","inLanguage":"fr-FR","@id":"https:\/\/paracherkaoui.ma\/index.php\/produit\/acm-depiwhite-mousse-nettoyante-eclaircissante-200ml\/#primaryimage","url":"https:\/\/paracherkaoui.ma\/wp-content\/uploads\/2025\/12\/acm-acm-depiwhite-mousse-nettoyante-eclaircissante-200ml-accueil.jpg","contentUrl":"https:\/\/paracherkaoui.ma\/wp-content\/uploads\/2025\/12\/acm-acm-depiwhite-mousse-nettoyante-eclaircissante-200ml-accueil.jpg","width":700,"height":700},{"@type":"BreadcrumbList","@id":"https:\/\/paracherkaoui.ma\/index.php\/produit\/acm-depiwhite-mousse-nettoyante-eclaircissante-200ml\/#breadcrumb","itemListElement":[{"@type":"ListItem","position":1,"name":"Accueil","item":"https:\/\/paracherkaoui.ma\/"},{"@type":"ListItem","position":2,"name":"Boutique","item":"https:\/\/paracherkaoui.ma\/index.php\/boutique\/"},{"@type":"ListItem","position":3,"name":"ACM DEPIWHITE MOUSSE NETTOYANTE ECLAIRCISSANTE 200ML"}]},{"@type":"WebSite","@id":"https:\/\/paracherkaoui.ma\/#website","url":"https:\/\/paracherkaoui.ma\/","name":"Paracherkaoui.ma","description":"Achetez en ligne sur Paracherkaoui.ma","potentialAction":[{"@type":"SearchAction","target":{"@type":"EntryPoint","urlTemplate":"https:\/\/paracherkaoui.ma\/?s={search_term_string}"},"query-input":{"@type":"PropertyValueSpecification","valueRequired":true,"valueName":"search_term_string"}}],"inLanguage":"fr-FR"}]}},"_links":{"self":[{"href":"https:\/\/paracherkaoui.ma\/index.php\/wp-json\/wp\/v2\/product\/11782","targetHints":{"allow":["GET"]}}],"collection":[{"href":"https:\/\/paracherkaoui.ma\/index.php\/wp-json\/wp\/v2\/product"}],"about":[{"href":"https:\/\/paracherkaoui.ma\/index.php\/wp-json\/wp\/v2\/types\/product"}],"replies":[{"embeddable":true,"href":"https:\/\/paracherkaoui.ma\/index.php\/wp-json\/wp\/v2\/comments?post=11782"}],"version-history":[{"count":1,"href":"https:\/\/paracherkaoui.ma\/index.php\/wp-json\/wp\/v2\/product\/11782\/revisions"}],"predecessor-version":[{"id":11826,"href":"https:\/\/paracherkaoui.ma\/index.php\/wp-json\/wp\/v2\/product\/11782\/revisions\/11826"}],"wp:featuredmedia":[{"embeddable":true,"href":"https:\/\/paracherkaoui.ma\/index.php\/wp-json\/wp\/v2\/media\/11825"}],"wp:attachment":[{"href":"https:\/\/paracherkaoui.ma\/index.php\/wp-json\/wp\/v2\/media?parent=11782"}],"wp:term":[{"taxonomy":"product_brand","embeddable":true,"href":"https:\/\/paracherkaoui.ma\/index.php\/wp-json\/wp\/v2\/product_brand?post=11782"},{"taxonomy":"product_cat","embeddable":true,"href":"https:\/\/paracherkaoui.ma\/index.php\/wp-json\/wp\/v2\/product_cat?post=11782"},{"taxonomy":"product_tag","embeddable":true,"href":"https:\/\/paracherkaoui.ma\/index.php\/wp-json\/wp\/v2\/product_tag?post=11782"}],"curies":[{"name":"wp","href":"https:\/\/api.w.org\/{rel}","templated":true}]}}