{"id":11706,"date":"2025-12-12T17:40:42","date_gmt":"2025-12-12T16:40:42","guid":{"rendered":"https:\/\/test.ecbeaute.com\/?post_type=product&#038;p=11706"},"modified":"2025-12-12T17:40:46","modified_gmt":"2025-12-12T16:40:46","slug":"eucerin-anti-pigment-serum-eclat-30-ml","status":"publish","type":"product","link":"https:\/\/paracherkaoui.ma\/index.php\/produit\/eucerin-anti-pigment-serum-eclat-30-ml\/","title":{"rendered":"EUCERIN ANTI PIGMENT SERUM ECLAT 30 ML"},"content":{"rendered":"<p>Sa formule innovante repose sur le Thiamidol\u00ae, un actif brevet\u00e9 par Eucerin, reconnu pour son efficacit\u00e9 dans la r\u00e9gulation de la production de m\u00e9lanine. R\u00e9sultat : les taches brunes s\u2019estompent visiblement, et le teint retrouve son homog\u00e9n\u00e9it\u00e9. Les premiers r\u00e9sultats sont visibles d\u00e8s 2 semaines d\u2019utilisation r\u00e9guli\u00e8re, avec une am\u00e9lioration continue jour apr\u00e8s jour.<br \/>\nEnrichi en acide hyaluronique et glyc\u00e9rine, ce s\u00e9rum hydrate intens\u00e9ment la peau, lui offrant une apparence plus lisse, plus souple et un \u00e9clat naturel. Gr\u00e2ce \u00e0 la technologie Crystal, sa texture ultra-l\u00e9g\u00e8re p\u00e9n\u00e8tre rapidement sans laisser de film gras, et s\u2019int\u00e8gre parfaitement \u00e0 votre routine de soin, matin et soir.<br \/>\nD\u00e9velopp\u00e9 pour offrir une excellente tol\u00e9rance cutan\u00e9e, ce soin convient m\u00eame aux peaux sensibles. Il peut \u00eatre utilis\u00e9 seul ou en compl\u00e9ment de votre cr\u00e8me hydratante.<br \/>\nConseils d\u2019utilisation<br \/>\nAppliquer matin et soir sur une peau pr\u00e9alablement nettoy\u00e9e.<br \/>\nUtiliser seul ou avant votre soin hydratant quotidien.<br \/>\nNe pas utiliser plus de 4 fois par jour des produits contenant du Thiamidol\u00ae.<br \/>\n\u00c9viter le contact avec les yeux.<br \/>\nNe pas conserver \u00e0 une temp\u00e9rature sup\u00e9rieure \u00e0 25\u00b0C.<br \/>\nComposition<br \/>\nAqua, Glycerin, Alcohol Denat., Cetyl Alcohol, Dibutyl Adipate, Caprylic\/Capric Triglyceride, Dicaprylyl Carbonate, C20-22 Alkyl Phosphate, C20-22 Alcohols, Isobutylamido Thiazolyl Resorcinol (Thiamidol), Sodium Hyaluronate, Tocopherol, Sodium Stearoyl Glutamate, Dimethicone, Carbomer, Phenoxyethanol, Ethylhexylglycerin, Trisodium EDTA, Sodium Hydroxide, Sodium Chloride, Parfum<\/p>\n","protected":false},"excerpt":{"rendered":"<p>Sa formule innovante repose sur le Thiamidol\u00ae, un actif brevet\u00e9 par Eucerin, reconnu pour son efficacit\u00e9 dans la r\u00e9gulation de<\/p>\n","protected":false},"featured_media":11759,"comment_status":"open","ping_status":"closed","template":"","meta":[],"product_brand":[134],"product_cat":[153],"product_tag":[],"class_list":{"0":"post-11706","1":"product","2":"type-product","3":"status-publish","4":"has-post-thumbnail","6":"product_brand-eucerin","7":"product_cat-taches-pigmentaires","9":"first","10":"instock","11":"sale","12":"shipping-taxable","13":"purchasable","14":"product-type-simple"},"yoast_head":"<!-- This site is optimized with the Yoast SEO plugin v26.6 - https:\/\/yoast.com\/wordpress\/plugins\/seo\/ -->\r\n<title>EUCERIN ANTI PIGMENT SERUM ECLAT 30 ML - Paracherkaoui.ma<\/title>\r\n<meta name=\"robots\" content=\"index, follow, max-snippet:-1, max-image-preview:large, max-video-preview:-1\" \/>\r\n<link rel=\"canonical\" href=\"https:\/\/paracherkaoui.ma\/index.php\/produit\/eucerin-anti-pigment-serum-eclat-30-ml\/\" \/>\r\n<meta property=\"og:locale\" content=\"fr_FR\" \/>\r\n<meta property=\"og:type\" content=\"article\" \/>\r\n<meta property=\"og:title\" content=\"EUCERIN ANTI PIGMENT SERUM ECLAT 30 ML - Paracherkaoui.ma\" \/>\r\n<meta property=\"og:description\" content=\"Sa formule innovante repose sur le Thiamidol\u00ae, un actif brevet\u00e9 par Eucerin, reconnu pour son efficacit\u00e9 dans la r\u00e9gulation de\" \/>\r\n<meta property=\"og:url\" content=\"https:\/\/paracherkaoui.ma\/index.php\/produit\/eucerin-anti-pigment-serum-eclat-30-ml\/\" \/>\r\n<meta property=\"og:site_name\" content=\"Paracherkaoui.ma\" \/>\r\n<meta property=\"article:modified_time\" content=\"2025-12-12T16:40:46+00:00\" \/>\r\n<meta property=\"og:image\" content=\"https:\/\/paracherkaoui.ma\/wp-content\/uploads\/2025\/12\/eucerin-eucerin-anti-pigment-serum-eclat-30-ml-cremes-eclats.jpg\" \/>\r\n\t<meta property=\"og:image:width\" content=\"700\" \/>\r\n\t<meta property=\"og:image:height\" content=\"700\" \/>\r\n\t<meta property=\"og:image:type\" content=\"image\/jpeg\" \/>\r\n<meta name=\"twitter:card\" content=\"summary_large_image\" \/>\r\n<meta name=\"twitter:label1\" content=\"Dur\u00e9e de lecture estim\u00e9e\" \/>\n\t<meta name=\"twitter:data1\" content=\"1 minute\" \/>\r\n<script type=\"application\/ld+json\" class=\"yoast-schema-graph\">{\"@context\":\"https:\/\/schema.org\",\"@graph\":[{\"@type\":\"WebPage\",\"@id\":\"https:\/\/paracherkaoui.ma\/index.php\/produit\/eucerin-anti-pigment-serum-eclat-30-ml\/\",\"url\":\"https:\/\/paracherkaoui.ma\/index.php\/produit\/eucerin-anti-pigment-serum-eclat-30-ml\/\",\"name\":\"EUCERIN ANTI PIGMENT SERUM ECLAT 30 ML - Paracherkaoui.ma\",\"isPartOf\":{\"@id\":\"https:\/\/paracherkaoui.ma\/#website\"},\"primaryImageOfPage\":{\"@id\":\"https:\/\/paracherkaoui.ma\/index.php\/produit\/eucerin-anti-pigment-serum-eclat-30-ml\/#primaryimage\"},\"image\":{\"@id\":\"https:\/\/paracherkaoui.ma\/index.php\/produit\/eucerin-anti-pigment-serum-eclat-30-ml\/#primaryimage\"},\"thumbnailUrl\":\"https:\/\/paracherkaoui.ma\/wp-content\/uploads\/2025\/12\/eucerin-eucerin-anti-pigment-serum-eclat-30-ml-cremes-eclats.jpg\",\"datePublished\":\"2025-12-12T16:40:42+00:00\",\"dateModified\":\"2025-12-12T16:40:46+00:00\",\"breadcrumb\":{\"@id\":\"https:\/\/paracherkaoui.ma\/index.php\/produit\/eucerin-anti-pigment-serum-eclat-30-ml\/#breadcrumb\"},\"inLanguage\":\"fr-FR\",\"potentialAction\":[{\"@type\":\"ReadAction\",\"target\":[\"https:\/\/paracherkaoui.ma\/index.php\/produit\/eucerin-anti-pigment-serum-eclat-30-ml\/\"]}]},{\"@type\":\"ImageObject\",\"inLanguage\":\"fr-FR\",\"@id\":\"https:\/\/paracherkaoui.ma\/index.php\/produit\/eucerin-anti-pigment-serum-eclat-30-ml\/#primaryimage\",\"url\":\"https:\/\/paracherkaoui.ma\/wp-content\/uploads\/2025\/12\/eucerin-eucerin-anti-pigment-serum-eclat-30-ml-cremes-eclats.jpg\",\"contentUrl\":\"https:\/\/paracherkaoui.ma\/wp-content\/uploads\/2025\/12\/eucerin-eucerin-anti-pigment-serum-eclat-30-ml-cremes-eclats.jpg\",\"width\":700,\"height\":700},{\"@type\":\"BreadcrumbList\",\"@id\":\"https:\/\/paracherkaoui.ma\/index.php\/produit\/eucerin-anti-pigment-serum-eclat-30-ml\/#breadcrumb\",\"itemListElement\":[{\"@type\":\"ListItem\",\"position\":1,\"name\":\"Accueil\",\"item\":\"https:\/\/paracherkaoui.ma\/\"},{\"@type\":\"ListItem\",\"position\":2,\"name\":\"Boutique\",\"item\":\"https:\/\/paracherkaoui.ma\/index.php\/boutique\/\"},{\"@type\":\"ListItem\",\"position\":3,\"name\":\"EUCERIN ANTI PIGMENT SERUM ECLAT 30 ML\"}]},{\"@type\":\"WebSite\",\"@id\":\"https:\/\/paracherkaoui.ma\/#website\",\"url\":\"https:\/\/paracherkaoui.ma\/\",\"name\":\"Paracherkaoui.ma\",\"description\":\"Achetez en ligne sur Paracherkaoui.ma\",\"potentialAction\":[{\"@type\":\"SearchAction\",\"target\":{\"@type\":\"EntryPoint\",\"urlTemplate\":\"https:\/\/paracherkaoui.ma\/?s={search_term_string}\"},\"query-input\":{\"@type\":\"PropertyValueSpecification\",\"valueRequired\":true,\"valueName\":\"search_term_string\"}}],\"inLanguage\":\"fr-FR\"}]}<\/script>\r\n<!-- \/ Yoast SEO plugin. -->","yoast_head_json":{"title":"EUCERIN ANTI PIGMENT SERUM ECLAT 30 ML - Paracherkaoui.ma","robots":{"index":"index","follow":"follow","max-snippet":"max-snippet:-1","max-image-preview":"max-image-preview:large","max-video-preview":"max-video-preview:-1"},"canonical":"https:\/\/paracherkaoui.ma\/index.php\/produit\/eucerin-anti-pigment-serum-eclat-30-ml\/","og_locale":"fr_FR","og_type":"article","og_title":"EUCERIN ANTI PIGMENT SERUM ECLAT 30 ML - Paracherkaoui.ma","og_description":"Sa formule innovante repose sur le Thiamidol\u00ae, un actif brevet\u00e9 par Eucerin, reconnu pour son efficacit\u00e9 dans la r\u00e9gulation de","og_url":"https:\/\/paracherkaoui.ma\/index.php\/produit\/eucerin-anti-pigment-serum-eclat-30-ml\/","og_site_name":"Paracherkaoui.ma","article_modified_time":"2025-12-12T16:40:46+00:00","og_image":[{"width":700,"height":700,"url":"https:\/\/paracherkaoui.ma\/wp-content\/uploads\/2025\/12\/eucerin-eucerin-anti-pigment-serum-eclat-30-ml-cremes-eclats.jpg","type":"image\/jpeg"}],"twitter_card":"summary_large_image","twitter_misc":{"Dur\u00e9e de lecture estim\u00e9e":"1 minute"},"schema":{"@context":"https:\/\/schema.org","@graph":[{"@type":"WebPage","@id":"https:\/\/paracherkaoui.ma\/index.php\/produit\/eucerin-anti-pigment-serum-eclat-30-ml\/","url":"https:\/\/paracherkaoui.ma\/index.php\/produit\/eucerin-anti-pigment-serum-eclat-30-ml\/","name":"EUCERIN ANTI PIGMENT SERUM ECLAT 30 ML - Paracherkaoui.ma","isPartOf":{"@id":"https:\/\/paracherkaoui.ma\/#website"},"primaryImageOfPage":{"@id":"https:\/\/paracherkaoui.ma\/index.php\/produit\/eucerin-anti-pigment-serum-eclat-30-ml\/#primaryimage"},"image":{"@id":"https:\/\/paracherkaoui.ma\/index.php\/produit\/eucerin-anti-pigment-serum-eclat-30-ml\/#primaryimage"},"thumbnailUrl":"https:\/\/paracherkaoui.ma\/wp-content\/uploads\/2025\/12\/eucerin-eucerin-anti-pigment-serum-eclat-30-ml-cremes-eclats.jpg","datePublished":"2025-12-12T16:40:42+00:00","dateModified":"2025-12-12T16:40:46+00:00","breadcrumb":{"@id":"https:\/\/paracherkaoui.ma\/index.php\/produit\/eucerin-anti-pigment-serum-eclat-30-ml\/#breadcrumb"},"inLanguage":"fr-FR","potentialAction":[{"@type":"ReadAction","target":["https:\/\/paracherkaoui.ma\/index.php\/produit\/eucerin-anti-pigment-serum-eclat-30-ml\/"]}]},{"@type":"ImageObject","inLanguage":"fr-FR","@id":"https:\/\/paracherkaoui.ma\/index.php\/produit\/eucerin-anti-pigment-serum-eclat-30-ml\/#primaryimage","url":"https:\/\/paracherkaoui.ma\/wp-content\/uploads\/2025\/12\/eucerin-eucerin-anti-pigment-serum-eclat-30-ml-cremes-eclats.jpg","contentUrl":"https:\/\/paracherkaoui.ma\/wp-content\/uploads\/2025\/12\/eucerin-eucerin-anti-pigment-serum-eclat-30-ml-cremes-eclats.jpg","width":700,"height":700},{"@type":"BreadcrumbList","@id":"https:\/\/paracherkaoui.ma\/index.php\/produit\/eucerin-anti-pigment-serum-eclat-30-ml\/#breadcrumb","itemListElement":[{"@type":"ListItem","position":1,"name":"Accueil","item":"https:\/\/paracherkaoui.ma\/"},{"@type":"ListItem","position":2,"name":"Boutique","item":"https:\/\/paracherkaoui.ma\/index.php\/boutique\/"},{"@type":"ListItem","position":3,"name":"EUCERIN ANTI PIGMENT SERUM ECLAT 30 ML"}]},{"@type":"WebSite","@id":"https:\/\/paracherkaoui.ma\/#website","url":"https:\/\/paracherkaoui.ma\/","name":"Paracherkaoui.ma","description":"Achetez en ligne sur Paracherkaoui.ma","potentialAction":[{"@type":"SearchAction","target":{"@type":"EntryPoint","urlTemplate":"https:\/\/paracherkaoui.ma\/?s={search_term_string}"},"query-input":{"@type":"PropertyValueSpecification","valueRequired":true,"valueName":"search_term_string"}}],"inLanguage":"fr-FR"}]}},"_links":{"self":[{"href":"https:\/\/paracherkaoui.ma\/index.php\/wp-json\/wp\/v2\/product\/11706","targetHints":{"allow":["GET"]}}],"collection":[{"href":"https:\/\/paracherkaoui.ma\/index.php\/wp-json\/wp\/v2\/product"}],"about":[{"href":"https:\/\/paracherkaoui.ma\/index.php\/wp-json\/wp\/v2\/types\/product"}],"replies":[{"embeddable":true,"href":"https:\/\/paracherkaoui.ma\/index.php\/wp-json\/wp\/v2\/comments?post=11706"}],"version-history":[{"count":1,"href":"https:\/\/paracherkaoui.ma\/index.php\/wp-json\/wp\/v2\/product\/11706\/revisions"}],"predecessor-version":[{"id":11760,"href":"https:\/\/paracherkaoui.ma\/index.php\/wp-json\/wp\/v2\/product\/11706\/revisions\/11760"}],"wp:featuredmedia":[{"embeddable":true,"href":"https:\/\/paracherkaoui.ma\/index.php\/wp-json\/wp\/v2\/media\/11759"}],"wp:attachment":[{"href":"https:\/\/paracherkaoui.ma\/index.php\/wp-json\/wp\/v2\/media?parent=11706"}],"wp:term":[{"taxonomy":"product_brand","embeddable":true,"href":"https:\/\/paracherkaoui.ma\/index.php\/wp-json\/wp\/v2\/product_brand?post=11706"},{"taxonomy":"product_cat","embeddable":true,"href":"https:\/\/paracherkaoui.ma\/index.php\/wp-json\/wp\/v2\/product_cat?post=11706"},{"taxonomy":"product_tag","embeddable":true,"href":"https:\/\/paracherkaoui.ma\/index.php\/wp-json\/wp\/v2\/product_tag?post=11706"}],"curies":[{"name":"wp","href":"https:\/\/api.w.org\/{rel}","templated":true}]}}