{"id":11690,"date":"2025-12-12T17:40:42","date_gmt":"2025-12-12T16:40:42","guid":{"rendered":"https:\/\/test.ecbeaute.com\/?post_type=product&#038;p=11690"},"modified":"2025-12-12T17:40:44","modified_gmt":"2025-12-12T16:40:44","slug":"la-roche-posay-toleriane-sensitive-riche-40-ml-2","status":"publish","type":"product","link":"https:\/\/paracherkaoui.ma\/index.php\/produit\/la-roche-posay-toleriane-sensitive-riche-40-ml-2\/","title":{"rendered":"LA ROCHE POSAY TOLERIANE SENSITIVE RICHE 40 ML"},"content":{"rendered":"<p>.elementor-245 .elementor-element.elementor-element-cdc0372 .elementor-tab-title, .elementor-245 .elementor-element.elementor-element-cdc0372 .elementor-tab-title:before, .elementor-245 .elementor-element.elementor-element-cdc0372 .elementor-tab-title:after, .elementor-245 .elementor-element.elementor-element-cdc0372 .elementor-tab-content, .elementor-245 .elementor-element.elementor-element-cdc0372 .elementor-tabs-content-wrapper{border-width:0.5px;}.elementor-245 .elementor-element.elementor-element-cdc0372 .elementor-tab-title{color:#000000;}.elementor-245 .elementor-element.elementor-element-cdc0372 .elementor-tab-title.elementor-active{color:#00a28d;}.elementor-245 .elementor-element.elementor-element-cdc0372 .elementor-tab-content{color:#000000;}.elementor-245 .elementor-element.elementor-element-f0c7418 .axps-swiper-slider .swiper-slide img{width:auto;}.elementor-245 .elementor-element.elementor-element-f0c7418 .wrapper-items:not(.swiper-container-initialized) .item{-ms-flex:0 0 calc(100%\/3);flex:0 0 calc(100%\/3);max-width:calc(100%\/3);}.elementor-245 .elementor-element.elementor-element-f0c7418 .wrapper-items .swiper-slide{padding-left:calc(30px\/2);padding-right:calc(30px\/2);}.elementor-245 .elementor-element.elementor-element-f0c7418 .wrapper-items .swiper-slide .item-inner{margin-bottom:30px;}.elementor-245 .elementor-element.elementor-element-f0c7418 .wrapper-items{margin-left:calc(-30px\/2);margin-right:calc(-30px\/2);}.elementor-245 .elementor-element.elementor-element-f0c7418 .swiper-wrapper .item-inner{text-align:center;}.elementor-245 .elementor-element.elementor-element-a123684{text-align:center;}.elementor-245 .elementor-element.elementor-element-a123684.elementor-widget-heading .elementor-heading-title{color:#000000;}.elementor-245 .elementor-element.elementor-element-a123684 .elementor-heading-title{font-size:17px;font-weight:900;}.elementor-245 .elementor-element.elementor-element-11373151{margin-top:-16px;margin-bottom:0px;}.elementor-245 .elementor-element.elementor-element-142b0ef > .elementor-widget-container{margin:-46px 0px 0px 0px;}.elementor-245 .elementor-element.elementor-element-7e7e82f > .elementor-widget-container{margin:-46px 0px 0px 0px;}.elementor-245 .elementor-element.elementor-element-0f497cd > .elementor-widget-container{margin:-46px 0px 0px 0px;}.elementor-245 .elementor-element.elementor-element-72d2bfd > .elementor-widget-container{margin:-46px 0px 0px 0px;}.elementor-245 .elementor-element.elementor-element-4b127f9{text-align:center;}.elementor-245 .elementor-element.elementor-element-4b127f9.elementor-widget-heading .elementor-heading-title{color:#000000;}.elementor-245 .elementor-element.elementor-element-4b127f9 .elementor-heading-title{font-size:17px;font-weight:900;}.elementor-245 .elementor-element.elementor-element-6b3366f1{margin-top:-16px;margin-bottom:0px;}.elementor-245 .elementor-element.elementor-element-31afbf77 > .elementor-widget-container{margin:-46px 0px 0px 0px;}.elementor-245 .elementor-element.elementor-element-16afe474 > .elementor-widget-container{margin:-46px 0px 0px 0px;}.elementor-245 .elementor-element.elementor-element-47fda003 > .elementor-widget-container{margin:-46px 0px 0px 0px;}@media(max-width:1024px){.elementor-245 .elementor-element.elementor-element-f0c7418 .wrapper-items:not(.swiper-container-initialized) .item{-ms-flex:0 0 calc(100%\/4);flex:0 0 calc(100%\/4);max-width:calc(100%\/4);}.elementor-245 .elementor-element.elementor-element-f0c7418 .wrapper-items .swiper-slide{padding-left:calc(20px\/2);padding-right:calc(20px\/2);}.elementor-245 .elementor-element.elementor-element-f0c7418 .wrapper-items .swiper-slide .item-inner{margin-bottom:20px;}.elementor-245 .elementor-element.elementor-element-f0c7418 .wrapper-items{margin-left:calc(-20px\/2);margin-right:calc(-20px\/2);}.elementor-245 .elementor-element.elementor-element-142b0ef > .elementor-widget-container{margin:-33px 0px 0px 0px;}.elementor-245 .elementor-element.elementor-element-7e7e82f > .elementor-widget-container{margin:-33px 0px 0px 0px;}.elementor-245 .elementor-element.elementor-element-0f497cd > .elementor-widget-container{margin:-33px 0px 0px 0px;}.elementor-245 .elementor-element.elementor-element-72d2bfd > .elementor-widget-container{margin:-33px 0px 0px 0px;}.elementor-245 .elementor-element.elementor-element-31afbf77 > .elementor-widget-container{margin:-33px 0px 0px 0px;}.elementor-245 .elementor-element.elementor-element-16afe474 > .elementor-widget-container{margin:-33px 0px 0px 0px;}.elementor-245 .elementor-element.elementor-element-47fda003 > .elementor-widget-container{margin:-33px 0px 0px 0px;}}@media(max-width:767px){.elementor-245 .elementor-element.elementor-element-f0c7418 .wrapper-items:not(.swiper-container-initialized) .item{-ms-flex:0 0 calc(100%\/4);flex:0 0 calc(100%\/4);max-width:calc(100%\/4);}.elementor-245 .elementor-element.elementor-element-f0c7418 .wrapper-items .swiper-slide{padding-left:calc(10px\/2);padding-right:calc(10px\/2);}.elementor-245 .elementor-element.elementor-element-f0c7418 .wrapper-items .swiper-slide .item-inner{margin-bottom:10px;}.elementor-245 .elementor-element.elementor-element-f0c7418 .wrapper-items{margin-left:calc(-10px\/2);margin-right:calc(-10px\/2);}.elementor-245 .elementor-element.elementor-element-1dc0994{width:50%;}.elementor-245 .elementor-element.elementor-element-142b0ef > .elementor-widget-container{margin:-26px 0px 0px 0px;}.elementor-245 .elementor-element.elementor-element-9c0a9b4{width:50%;}.elementor-245 .elementor-element.elementor-element-7e7e82f > .elementor-widget-container{margin:-26px 0px 0px 0px;}.elementor-245 .elementor-element.elementor-element-00bf423{width:50%;}.elementor-245 .elementor-element.elementor-element-0f497cd > .elementor-widget-container{margin:-26px 0px 0px 0px;}.elementor-245 .elementor-element.elementor-element-97824bb{width:50%;}.elementor-245 .elementor-element.elementor-element-72d2bfd > .elementor-widget-container{margin:-26px 0px 0px 0px;}.elementor-245 .elementor-element.elementor-element-56d1869e{width:50%;}.elementor-245 .elementor-element.elementor-element-31afbf77 > .elementor-widget-container{margin:-26px 0px 0px 0px;}.elementor-245 .elementor-element.elementor-element-a7d1cbd{width:50%;}.elementor-245 .elementor-element.elementor-element-16afe474 > .elementor-widget-container{margin:-26px 0px 0px 0px;}.elementor-245 .elementor-element.elementor-element-3d7ebed3{width:50%;}.elementor-245 .elementor-element.elementor-element-47fda003 > .elementor-widget-container{margin:-26px 0px 0px 0px;}}<br \/>\nDescription<br \/>\nConseils d&rsquo;utilisation<br \/>\nComposition<br \/>\nDescription<br \/>\nSa formule minimaliste et haute tol\u00e9rance combine\u00a0l\u2019Eau Thermale de La Roche-Posay, reconnue pour ses propri\u00e9t\u00e9s apaisantes et anti-irritantes, \u00e0 des actifs puissants comme le\u00a0beurre de karit\u00e9, la\u00a0glyc\u00e9rine\u00a0et la\u00a0vitamine B3 (niacinamide). Ensemble, ils agissent pour\u00a0r\u00e9duire la sensibilit\u00e9 cutan\u00e9e, soulager les\u00a0rougeurs, d\u00e9mangeaisons et tiraillements, et\u00a0r\u00e9parer la peau s\u00e8che.<br \/>\nGr\u00e2ce \u00e0 ses\u00a0propri\u00e9t\u00e9s pr\u00e9biotiques, cette cr\u00e8me soutient l\u2019\u00e9quilibre du microbiome cutan\u00e9, essentiel pour maintenir une peau saine. Sa\u00a0texture riche, sans effet gras, enveloppe la peau pour un\u00a0confort imm\u00e9diat\u00a0d\u00e8s la premi\u00e8re application.<br \/>\nTest\u00e9e sous contr\u00f4le dermatologique et ophtalmologique,\u00a0Toleriane Sensitive Riche\u00a0est\u00a0sans parfum, sans alcool, sans parab\u00e8ne, et\u00a0non com\u00e9dog\u00e8ne, ce qui la rend parfaitement\u00a0adapt\u00e9e aux b\u00e9b\u00e9s et aux adultes\u00a0\u00e0 la peau r\u00e9active.<br \/>\nLes r\u00e9sultats cliniques sont remarquables :\u00a0apr\u00e8s 4 semaines,\u00a0les picotements sont r\u00e9duits de 77 %, la s\u00e9cheresse de 55 %, et les d\u00e9mangeaisons de 100 %. C\u2019est le soin parfait pour r\u00e9conforter les peaux sensibilis\u00e9es par les agressions ext\u00e9rieures ou les traitements dermatologiques.<br \/>\nConseils d&rsquo;utilisation<br \/>\nNettoyez votre visage et votre cou \u00e0 l\u2019aide d\u2019un nettoyant doux.<br \/>\nAppliquez\u00a0Toleriane Sensitive Riche matin et soir\u00a0sur une peau propre et s\u00e8che.<br \/>\nMassez d\u00e9licatement jusqu\u2019\u00e0 absorption compl\u00e8te.<br \/>\nConvient aussi pour la peau des nourrissons.<br \/>\nComposition<br \/>\nAQUA \/ WATER, ISOCETYL STEARATE, COCO-CAPRYLATE\/CAPRATE, SQUALANE, BUTYROSPERMUM PARKII BUTTER \/ SHEA BUTTER, GLYCERIN, PROPANEDIOL, CETYL ALCOHOL, ALUMINUM STARCH OCTENYLSUCCINATE, GLYCERYL STEARATE, PENTYLENE GLYCOL, PEG-100 STEARATE, NIACINAMIDE, CETEARYL ALCOHOL, SODIUM HYDROXIDE, CAPRYLYL GLYCOL, CITRIC ACID, ACRYLATES\/C10-30 ALKYL ACRYLATE CROSSPOLYMER<br \/>\nD\u00e9couvrez plus de soins hydratant La Roche Posay<br \/>\nAjouter au Panier<br \/>\nAjouter au Panier<br \/>\nAjouter au Panier<br \/>\nAjouter au Panier<br \/>\nCompl\u00e9tez votre routine<br \/>\nAjouter au Panier<br \/>\nAjouter au Panier<br \/>\nAjouter au Panier<\/p>\n","protected":false},"excerpt":{"rendered":"<p>.elementor-245 .elementor-element.elementor-element-cdc0372 .elementor-tab-title, .elementor-245 .elementor-element.elementor-element-cdc0372 .elementor-tab-title:before, .elementor-245 .elementor-element.elementor-element-cdc0372 .elementor-tab-title:after, .elementor-245 .elementor-element.elementor-element-cdc0372 .elementor-tab-content, .elementor-245 .elementor-element.elementor-element-cdc0372 .elementor-tabs-content-wrapper{border-width:0.5px;}.elementor-245 .elementor-element.elementor-element-cdc0372 .elementor-tab-title{color:#000000;}.elementor-245 .elementor-element.elementor-element-cdc0372 .elementor-tab-title.elementor-active{color:#00a28d;}.elementor-245 .elementor-element.elementor-element-cdc0372<\/p>\n","protected":false},"featured_media":11478,"comment_status":"open","ping_status":"closed","template":"","meta":[],"product_brand":[132],"product_cat":[152],"product_tag":[],"class_list":{"0":"post-11690","1":"product","2":"type-product","3":"status-publish","4":"has-post-thumbnail","6":"product_brand-la-roche-posay","7":"product_cat-rosacees","9":"first","10":"instock","11":"sale","12":"shipping-taxable","13":"purchasable","14":"product-type-simple"},"yoast_head":"<!-- This site is optimized with the Yoast SEO plugin v26.6 - https:\/\/yoast.com\/wordpress\/plugins\/seo\/ -->\r\n<title>LA ROCHE POSAY TOLERIANE SENSITIVE RICHE 40 ML - Paracherkaoui.ma<\/title>\r\n<meta name=\"robots\" content=\"index, follow, max-snippet:-1, max-image-preview:large, max-video-preview:-1\" \/>\r\n<link rel=\"canonical\" href=\"https:\/\/paracherkaoui.ma\/index.php\/produit\/la-roche-posay-toleriane-sensitive-riche-40-ml-2\/\" \/>\r\n<meta property=\"og:locale\" content=\"fr_FR\" \/>\r\n<meta property=\"og:type\" content=\"article\" \/>\r\n<meta property=\"og:title\" content=\"LA ROCHE POSAY TOLERIANE SENSITIVE RICHE 40 ML - Paracherkaoui.ma\" \/>\r\n<meta property=\"og:description\" content=\".elementor-245 .elementor-element.elementor-element-cdc0372 .elementor-tab-title, .elementor-245 .elementor-element.elementor-element-cdc0372 .elementor-tab-title:before, .elementor-245 .elementor-element.elementor-element-cdc0372 .elementor-tab-title:after, .elementor-245 .elementor-element.elementor-element-cdc0372 .elementor-tab-content, .elementor-245 .elementor-element.elementor-element-cdc0372 .elementor-tabs-content-wrapper{border-width:0.5px;}.elementor-245 .elementor-element.elementor-element-cdc0372 .elementor-tab-title{color:#000000;}.elementor-245 .elementor-element.elementor-element-cdc0372 .elementor-tab-title.elementor-active{color:#00a28d;}.elementor-245 .elementor-element.elementor-element-cdc0372\" \/>\r\n<meta property=\"og:url\" content=\"https:\/\/paracherkaoui.ma\/index.php\/produit\/la-roche-posay-toleriane-sensitive-riche-40-ml-2\/\" \/>\r\n<meta property=\"og:site_name\" content=\"Paracherkaoui.ma\" \/>\r\n<meta property=\"article:modified_time\" content=\"2025-12-12T16:40:44+00:00\" \/>\r\n<meta property=\"og:image\" content=\"https:\/\/paracherkaoui.ma\/wp-content\/uploads\/2025\/12\/la-roche-posay-la-roche-posay-toleriane-sensitive-riche-40-ml-cremes-jour.jpg\" \/>\r\n\t<meta property=\"og:image:width\" content=\"700\" \/>\r\n\t<meta property=\"og:image:height\" content=\"700\" \/>\r\n\t<meta property=\"og:image:type\" content=\"image\/jpeg\" \/>\r\n<meta name=\"twitter:card\" content=\"summary_large_image\" \/>\r\n<meta name=\"twitter:label1\" content=\"Dur\u00e9e de lecture estim\u00e9e\" \/>\n\t<meta name=\"twitter:data1\" content=\"4 minutes\" \/>\r\n<script type=\"application\/ld+json\" class=\"yoast-schema-graph\">{\"@context\":\"https:\/\/schema.org\",\"@graph\":[{\"@type\":\"WebPage\",\"@id\":\"https:\/\/paracherkaoui.ma\/index.php\/produit\/la-roche-posay-toleriane-sensitive-riche-40-ml-2\/\",\"url\":\"https:\/\/paracherkaoui.ma\/index.php\/produit\/la-roche-posay-toleriane-sensitive-riche-40-ml-2\/\",\"name\":\"LA ROCHE POSAY TOLERIANE SENSITIVE RICHE 40 ML - Paracherkaoui.ma\",\"isPartOf\":{\"@id\":\"https:\/\/paracherkaoui.ma\/#website\"},\"primaryImageOfPage\":{\"@id\":\"https:\/\/paracherkaoui.ma\/index.php\/produit\/la-roche-posay-toleriane-sensitive-riche-40-ml-2\/#primaryimage\"},\"image\":{\"@id\":\"https:\/\/paracherkaoui.ma\/index.php\/produit\/la-roche-posay-toleriane-sensitive-riche-40-ml-2\/#primaryimage\"},\"thumbnailUrl\":\"https:\/\/paracherkaoui.ma\/wp-content\/uploads\/2025\/12\/la-roche-posay-la-roche-posay-toleriane-sensitive-riche-40-ml-cremes-jour.jpg\",\"datePublished\":\"2025-12-12T16:40:42+00:00\",\"dateModified\":\"2025-12-12T16:40:44+00:00\",\"breadcrumb\":{\"@id\":\"https:\/\/paracherkaoui.ma\/index.php\/produit\/la-roche-posay-toleriane-sensitive-riche-40-ml-2\/#breadcrumb\"},\"inLanguage\":\"fr-FR\",\"potentialAction\":[{\"@type\":\"ReadAction\",\"target\":[\"https:\/\/paracherkaoui.ma\/index.php\/produit\/la-roche-posay-toleriane-sensitive-riche-40-ml-2\/\"]}]},{\"@type\":\"ImageObject\",\"inLanguage\":\"fr-FR\",\"@id\":\"https:\/\/paracherkaoui.ma\/index.php\/produit\/la-roche-posay-toleriane-sensitive-riche-40-ml-2\/#primaryimage\",\"url\":\"https:\/\/paracherkaoui.ma\/wp-content\/uploads\/2025\/12\/la-roche-posay-la-roche-posay-toleriane-sensitive-riche-40-ml-cremes-jour.jpg\",\"contentUrl\":\"https:\/\/paracherkaoui.ma\/wp-content\/uploads\/2025\/12\/la-roche-posay-la-roche-posay-toleriane-sensitive-riche-40-ml-cremes-jour.jpg\",\"width\":700,\"height\":700},{\"@type\":\"BreadcrumbList\",\"@id\":\"https:\/\/paracherkaoui.ma\/index.php\/produit\/la-roche-posay-toleriane-sensitive-riche-40-ml-2\/#breadcrumb\",\"itemListElement\":[{\"@type\":\"ListItem\",\"position\":1,\"name\":\"Accueil\",\"item\":\"https:\/\/paracherkaoui.ma\/\"},{\"@type\":\"ListItem\",\"position\":2,\"name\":\"Boutique\",\"item\":\"https:\/\/paracherkaoui.ma\/index.php\/boutique\/\"},{\"@type\":\"ListItem\",\"position\":3,\"name\":\"LA ROCHE POSAY TOLERIANE SENSITIVE RICHE 40 ML\"}]},{\"@type\":\"WebSite\",\"@id\":\"https:\/\/paracherkaoui.ma\/#website\",\"url\":\"https:\/\/paracherkaoui.ma\/\",\"name\":\"Paracherkaoui.ma\",\"description\":\"Achetez en ligne sur Paracherkaoui.ma\",\"potentialAction\":[{\"@type\":\"SearchAction\",\"target\":{\"@type\":\"EntryPoint\",\"urlTemplate\":\"https:\/\/paracherkaoui.ma\/?s={search_term_string}\"},\"query-input\":{\"@type\":\"PropertyValueSpecification\",\"valueRequired\":true,\"valueName\":\"search_term_string\"}}],\"inLanguage\":\"fr-FR\"}]}<\/script>\r\n<!-- \/ Yoast SEO plugin. -->","yoast_head_json":{"title":"LA ROCHE POSAY TOLERIANE SENSITIVE RICHE 40 ML - Paracherkaoui.ma","robots":{"index":"index","follow":"follow","max-snippet":"max-snippet:-1","max-image-preview":"max-image-preview:large","max-video-preview":"max-video-preview:-1"},"canonical":"https:\/\/paracherkaoui.ma\/index.php\/produit\/la-roche-posay-toleriane-sensitive-riche-40-ml-2\/","og_locale":"fr_FR","og_type":"article","og_title":"LA ROCHE POSAY TOLERIANE SENSITIVE RICHE 40 ML - Paracherkaoui.ma","og_description":".elementor-245 .elementor-element.elementor-element-cdc0372 .elementor-tab-title, .elementor-245 .elementor-element.elementor-element-cdc0372 .elementor-tab-title:before, .elementor-245 .elementor-element.elementor-element-cdc0372 .elementor-tab-title:after, .elementor-245 .elementor-element.elementor-element-cdc0372 .elementor-tab-content, .elementor-245 .elementor-element.elementor-element-cdc0372 .elementor-tabs-content-wrapper{border-width:0.5px;}.elementor-245 .elementor-element.elementor-element-cdc0372 .elementor-tab-title{color:#000000;}.elementor-245 .elementor-element.elementor-element-cdc0372 .elementor-tab-title.elementor-active{color:#00a28d;}.elementor-245 .elementor-element.elementor-element-cdc0372","og_url":"https:\/\/paracherkaoui.ma\/index.php\/produit\/la-roche-posay-toleriane-sensitive-riche-40-ml-2\/","og_site_name":"Paracherkaoui.ma","article_modified_time":"2025-12-12T16:40:44+00:00","og_image":[{"width":700,"height":700,"url":"https:\/\/paracherkaoui.ma\/wp-content\/uploads\/2025\/12\/la-roche-posay-la-roche-posay-toleriane-sensitive-riche-40-ml-cremes-jour.jpg","type":"image\/jpeg"}],"twitter_card":"summary_large_image","twitter_misc":{"Dur\u00e9e de lecture estim\u00e9e":"4 minutes"},"schema":{"@context":"https:\/\/schema.org","@graph":[{"@type":"WebPage","@id":"https:\/\/paracherkaoui.ma\/index.php\/produit\/la-roche-posay-toleriane-sensitive-riche-40-ml-2\/","url":"https:\/\/paracherkaoui.ma\/index.php\/produit\/la-roche-posay-toleriane-sensitive-riche-40-ml-2\/","name":"LA ROCHE POSAY TOLERIANE SENSITIVE RICHE 40 ML - Paracherkaoui.ma","isPartOf":{"@id":"https:\/\/paracherkaoui.ma\/#website"},"primaryImageOfPage":{"@id":"https:\/\/paracherkaoui.ma\/index.php\/produit\/la-roche-posay-toleriane-sensitive-riche-40-ml-2\/#primaryimage"},"image":{"@id":"https:\/\/paracherkaoui.ma\/index.php\/produit\/la-roche-posay-toleriane-sensitive-riche-40-ml-2\/#primaryimage"},"thumbnailUrl":"https:\/\/paracherkaoui.ma\/wp-content\/uploads\/2025\/12\/la-roche-posay-la-roche-posay-toleriane-sensitive-riche-40-ml-cremes-jour.jpg","datePublished":"2025-12-12T16:40:42+00:00","dateModified":"2025-12-12T16:40:44+00:00","breadcrumb":{"@id":"https:\/\/paracherkaoui.ma\/index.php\/produit\/la-roche-posay-toleriane-sensitive-riche-40-ml-2\/#breadcrumb"},"inLanguage":"fr-FR","potentialAction":[{"@type":"ReadAction","target":["https:\/\/paracherkaoui.ma\/index.php\/produit\/la-roche-posay-toleriane-sensitive-riche-40-ml-2\/"]}]},{"@type":"ImageObject","inLanguage":"fr-FR","@id":"https:\/\/paracherkaoui.ma\/index.php\/produit\/la-roche-posay-toleriane-sensitive-riche-40-ml-2\/#primaryimage","url":"https:\/\/paracherkaoui.ma\/wp-content\/uploads\/2025\/12\/la-roche-posay-la-roche-posay-toleriane-sensitive-riche-40-ml-cremes-jour.jpg","contentUrl":"https:\/\/paracherkaoui.ma\/wp-content\/uploads\/2025\/12\/la-roche-posay-la-roche-posay-toleriane-sensitive-riche-40-ml-cremes-jour.jpg","width":700,"height":700},{"@type":"BreadcrumbList","@id":"https:\/\/paracherkaoui.ma\/index.php\/produit\/la-roche-posay-toleriane-sensitive-riche-40-ml-2\/#breadcrumb","itemListElement":[{"@type":"ListItem","position":1,"name":"Accueil","item":"https:\/\/paracherkaoui.ma\/"},{"@type":"ListItem","position":2,"name":"Boutique","item":"https:\/\/paracherkaoui.ma\/index.php\/boutique\/"},{"@type":"ListItem","position":3,"name":"LA ROCHE POSAY TOLERIANE SENSITIVE RICHE 40 ML"}]},{"@type":"WebSite","@id":"https:\/\/paracherkaoui.ma\/#website","url":"https:\/\/paracherkaoui.ma\/","name":"Paracherkaoui.ma","description":"Achetez en ligne sur Paracherkaoui.ma","potentialAction":[{"@type":"SearchAction","target":{"@type":"EntryPoint","urlTemplate":"https:\/\/paracherkaoui.ma\/?s={search_term_string}"},"query-input":{"@type":"PropertyValueSpecification","valueRequired":true,"valueName":"search_term_string"}}],"inLanguage":"fr-FR"}]}},"_links":{"self":[{"href":"https:\/\/paracherkaoui.ma\/index.php\/wp-json\/wp\/v2\/product\/11690","targetHints":{"allow":["GET"]}}],"collection":[{"href":"https:\/\/paracherkaoui.ma\/index.php\/wp-json\/wp\/v2\/product"}],"about":[{"href":"https:\/\/paracherkaoui.ma\/index.php\/wp-json\/wp\/v2\/types\/product"}],"replies":[{"embeddable":true,"href":"https:\/\/paracherkaoui.ma\/index.php\/wp-json\/wp\/v2\/comments?post=11690"}],"version-history":[{"count":1,"href":"https:\/\/paracherkaoui.ma\/index.php\/wp-json\/wp\/v2\/product\/11690\/revisions"}],"predecessor-version":[{"id":11728,"href":"https:\/\/paracherkaoui.ma\/index.php\/wp-json\/wp\/v2\/product\/11690\/revisions\/11728"}],"wp:featuredmedia":[{"embeddable":true,"href":"https:\/\/paracherkaoui.ma\/index.php\/wp-json\/wp\/v2\/media\/11478"}],"wp:attachment":[{"href":"https:\/\/paracherkaoui.ma\/index.php\/wp-json\/wp\/v2\/media?parent=11690"}],"wp:term":[{"taxonomy":"product_brand","embeddable":true,"href":"https:\/\/paracherkaoui.ma\/index.php\/wp-json\/wp\/v2\/product_brand?post=11690"},{"taxonomy":"product_cat","embeddable":true,"href":"https:\/\/paracherkaoui.ma\/index.php\/wp-json\/wp\/v2\/product_cat?post=11690"},{"taxonomy":"product_tag","embeddable":true,"href":"https:\/\/paracherkaoui.ma\/index.php\/wp-json\/wp\/v2\/product_tag?post=11690"}],"curies":[{"name":"wp","href":"https:\/\/api.w.org\/{rel}","templated":true}]}}