{"id":11685,"date":"2025-12-12T17:40:41","date_gmt":"2025-12-12T16:40:41","guid":{"rendered":"https:\/\/test.ecbeaute.com\/?post_type=product&#038;p=11685"},"modified":"2025-12-12T17:40:43","modified_gmt":"2025-12-12T16:40:43","slug":"acm-sensitelial-gel-nettoyant-surgras-200ml","status":"publish","type":"product","link":"https:\/\/paracherkaoui.ma\/index.php\/produit\/acm-sensitelial-gel-nettoyant-surgras-200ml\/","title":{"rendered":"ACM SENSITELIAL GEL NETTOYANT SURGRAS 200ML"},"content":{"rendered":"<p>Il \u00e9limine les impuret\u00e9s sans agresser ni dess\u00e9cher. Ses agents surgraissants et sa base lavante douce sans parfum lui conf\u00e8rent une tol\u00e9rance optimale tr\u00e8s appr\u00e9ci\u00e9e des peaux s\u00e8ches et sensibles. Facile \u00e0 rincer, il s\u2019applique sur le visage et le corps, chez l\u2019enfant comme chez l\u2019adulte. Sans savon, il respecte le pH de la peau dont il restaure le film hydrolipidique. Il apporte confort et douceur<br \/>\nConseils d\u2019utilisation :<br \/>\nUtiliser le gel nettoyant Sensit\u00e9lial pour la toilette quotidienne du visage et du corps.<\/p>\n","protected":false},"excerpt":{"rendered":"<p>Il \u00e9limine les impuret\u00e9s sans agresser ni dess\u00e9cher. Ses agents surgraissants et sa base lavante douce sans parfum lui conf\u00e8rent<\/p>\n","protected":false},"featured_media":11719,"comment_status":"open","ping_status":"closed","template":"","meta":[],"product_brand":[142],"product_cat":[152],"product_tag":[],"class_list":{"0":"post-11685","1":"product","2":"type-product","3":"status-publish","4":"has-post-thumbnail","6":"product_brand-acm","7":"product_cat-rosacees","9":"first","10":"instock","11":"sale","12":"shipping-taxable","13":"purchasable","14":"product-type-simple"},"yoast_head":"<!-- This site is optimized with the Yoast SEO plugin v26.6 - https:\/\/yoast.com\/wordpress\/plugins\/seo\/ -->\r\n<title>ACM SENSITELIAL GEL NETTOYANT SURGRAS 200ML - Paracherkaoui.ma<\/title>\r\n<meta name=\"robots\" content=\"index, follow, max-snippet:-1, max-image-preview:large, max-video-preview:-1\" \/>\r\n<link rel=\"canonical\" href=\"https:\/\/paracherkaoui.ma\/index.php\/produit\/acm-sensitelial-gel-nettoyant-surgras-200ml\/\" \/>\r\n<meta property=\"og:locale\" content=\"fr_FR\" \/>\r\n<meta property=\"og:type\" content=\"article\" \/>\r\n<meta property=\"og:title\" content=\"ACM SENSITELIAL GEL NETTOYANT SURGRAS 200ML - Paracherkaoui.ma\" \/>\r\n<meta property=\"og:description\" content=\"Il \u00e9limine les impuret\u00e9s sans agresser ni dess\u00e9cher. Ses agents surgraissants et sa base lavante douce sans parfum lui conf\u00e8rent\" \/>\r\n<meta property=\"og:url\" content=\"https:\/\/paracherkaoui.ma\/index.php\/produit\/acm-sensitelial-gel-nettoyant-surgras-200ml\/\" \/>\r\n<meta property=\"og:site_name\" content=\"Paracherkaoui.ma\" \/>\r\n<meta property=\"article:modified_time\" content=\"2025-12-12T16:40:43+00:00\" \/>\r\n<meta property=\"og:image\" content=\"https:\/\/paracherkaoui.ma\/wp-content\/uploads\/2025\/12\/acm-acm-sensitelial-gel-nettoyant-surgras-200ml-nettoyants-visage.jpg\" \/>\r\n\t<meta property=\"og:image:width\" content=\"700\" \/>\r\n\t<meta property=\"og:image:height\" content=\"700\" \/>\r\n\t<meta property=\"og:image:type\" content=\"image\/jpeg\" \/>\r\n<meta name=\"twitter:card\" content=\"summary_large_image\" \/>\r\n<script type=\"application\/ld+json\" class=\"yoast-schema-graph\">{\"@context\":\"https:\/\/schema.org\",\"@graph\":[{\"@type\":\"WebPage\",\"@id\":\"https:\/\/paracherkaoui.ma\/index.php\/produit\/acm-sensitelial-gel-nettoyant-surgras-200ml\/\",\"url\":\"https:\/\/paracherkaoui.ma\/index.php\/produit\/acm-sensitelial-gel-nettoyant-surgras-200ml\/\",\"name\":\"ACM SENSITELIAL GEL NETTOYANT SURGRAS 200ML - Paracherkaoui.ma\",\"isPartOf\":{\"@id\":\"https:\/\/paracherkaoui.ma\/#website\"},\"primaryImageOfPage\":{\"@id\":\"https:\/\/paracherkaoui.ma\/index.php\/produit\/acm-sensitelial-gel-nettoyant-surgras-200ml\/#primaryimage\"},\"image\":{\"@id\":\"https:\/\/paracherkaoui.ma\/index.php\/produit\/acm-sensitelial-gel-nettoyant-surgras-200ml\/#primaryimage\"},\"thumbnailUrl\":\"https:\/\/paracherkaoui.ma\/wp-content\/uploads\/2025\/12\/acm-acm-sensitelial-gel-nettoyant-surgras-200ml-nettoyants-visage.jpg\",\"datePublished\":\"2025-12-12T16:40:41+00:00\",\"dateModified\":\"2025-12-12T16:40:43+00:00\",\"breadcrumb\":{\"@id\":\"https:\/\/paracherkaoui.ma\/index.php\/produit\/acm-sensitelial-gel-nettoyant-surgras-200ml\/#breadcrumb\"},\"inLanguage\":\"fr-FR\",\"potentialAction\":[{\"@type\":\"ReadAction\",\"target\":[\"https:\/\/paracherkaoui.ma\/index.php\/produit\/acm-sensitelial-gel-nettoyant-surgras-200ml\/\"]}]},{\"@type\":\"ImageObject\",\"inLanguage\":\"fr-FR\",\"@id\":\"https:\/\/paracherkaoui.ma\/index.php\/produit\/acm-sensitelial-gel-nettoyant-surgras-200ml\/#primaryimage\",\"url\":\"https:\/\/paracherkaoui.ma\/wp-content\/uploads\/2025\/12\/acm-acm-sensitelial-gel-nettoyant-surgras-200ml-nettoyants-visage.jpg\",\"contentUrl\":\"https:\/\/paracherkaoui.ma\/wp-content\/uploads\/2025\/12\/acm-acm-sensitelial-gel-nettoyant-surgras-200ml-nettoyants-visage.jpg\",\"width\":700,\"height\":700},{\"@type\":\"BreadcrumbList\",\"@id\":\"https:\/\/paracherkaoui.ma\/index.php\/produit\/acm-sensitelial-gel-nettoyant-surgras-200ml\/#breadcrumb\",\"itemListElement\":[{\"@type\":\"ListItem\",\"position\":1,\"name\":\"Accueil\",\"item\":\"https:\/\/paracherkaoui.ma\/\"},{\"@type\":\"ListItem\",\"position\":2,\"name\":\"Boutique\",\"item\":\"https:\/\/paracherkaoui.ma\/index.php\/boutique\/\"},{\"@type\":\"ListItem\",\"position\":3,\"name\":\"ACM SENSITELIAL GEL NETTOYANT SURGRAS 200ML\"}]},{\"@type\":\"WebSite\",\"@id\":\"https:\/\/paracherkaoui.ma\/#website\",\"url\":\"https:\/\/paracherkaoui.ma\/\",\"name\":\"Paracherkaoui.ma\",\"description\":\"Achetez en ligne sur Paracherkaoui.ma\",\"potentialAction\":[{\"@type\":\"SearchAction\",\"target\":{\"@type\":\"EntryPoint\",\"urlTemplate\":\"https:\/\/paracherkaoui.ma\/?s={search_term_string}\"},\"query-input\":{\"@type\":\"PropertyValueSpecification\",\"valueRequired\":true,\"valueName\":\"search_term_string\"}}],\"inLanguage\":\"fr-FR\"}]}<\/script>\r\n<!-- \/ Yoast SEO plugin. -->","yoast_head_json":{"title":"ACM SENSITELIAL GEL NETTOYANT SURGRAS 200ML - Paracherkaoui.ma","robots":{"index":"index","follow":"follow","max-snippet":"max-snippet:-1","max-image-preview":"max-image-preview:large","max-video-preview":"max-video-preview:-1"},"canonical":"https:\/\/paracherkaoui.ma\/index.php\/produit\/acm-sensitelial-gel-nettoyant-surgras-200ml\/","og_locale":"fr_FR","og_type":"article","og_title":"ACM SENSITELIAL GEL NETTOYANT SURGRAS 200ML - Paracherkaoui.ma","og_description":"Il \u00e9limine les impuret\u00e9s sans agresser ni dess\u00e9cher. Ses agents surgraissants et sa base lavante douce sans parfum lui conf\u00e8rent","og_url":"https:\/\/paracherkaoui.ma\/index.php\/produit\/acm-sensitelial-gel-nettoyant-surgras-200ml\/","og_site_name":"Paracherkaoui.ma","article_modified_time":"2025-12-12T16:40:43+00:00","og_image":[{"width":700,"height":700,"url":"https:\/\/paracherkaoui.ma\/wp-content\/uploads\/2025\/12\/acm-acm-sensitelial-gel-nettoyant-surgras-200ml-nettoyants-visage.jpg","type":"image\/jpeg"}],"twitter_card":"summary_large_image","schema":{"@context":"https:\/\/schema.org","@graph":[{"@type":"WebPage","@id":"https:\/\/paracherkaoui.ma\/index.php\/produit\/acm-sensitelial-gel-nettoyant-surgras-200ml\/","url":"https:\/\/paracherkaoui.ma\/index.php\/produit\/acm-sensitelial-gel-nettoyant-surgras-200ml\/","name":"ACM SENSITELIAL GEL NETTOYANT SURGRAS 200ML - Paracherkaoui.ma","isPartOf":{"@id":"https:\/\/paracherkaoui.ma\/#website"},"primaryImageOfPage":{"@id":"https:\/\/paracherkaoui.ma\/index.php\/produit\/acm-sensitelial-gel-nettoyant-surgras-200ml\/#primaryimage"},"image":{"@id":"https:\/\/paracherkaoui.ma\/index.php\/produit\/acm-sensitelial-gel-nettoyant-surgras-200ml\/#primaryimage"},"thumbnailUrl":"https:\/\/paracherkaoui.ma\/wp-content\/uploads\/2025\/12\/acm-acm-sensitelial-gel-nettoyant-surgras-200ml-nettoyants-visage.jpg","datePublished":"2025-12-12T16:40:41+00:00","dateModified":"2025-12-12T16:40:43+00:00","breadcrumb":{"@id":"https:\/\/paracherkaoui.ma\/index.php\/produit\/acm-sensitelial-gel-nettoyant-surgras-200ml\/#breadcrumb"},"inLanguage":"fr-FR","potentialAction":[{"@type":"ReadAction","target":["https:\/\/paracherkaoui.ma\/index.php\/produit\/acm-sensitelial-gel-nettoyant-surgras-200ml\/"]}]},{"@type":"ImageObject","inLanguage":"fr-FR","@id":"https:\/\/paracherkaoui.ma\/index.php\/produit\/acm-sensitelial-gel-nettoyant-surgras-200ml\/#primaryimage","url":"https:\/\/paracherkaoui.ma\/wp-content\/uploads\/2025\/12\/acm-acm-sensitelial-gel-nettoyant-surgras-200ml-nettoyants-visage.jpg","contentUrl":"https:\/\/paracherkaoui.ma\/wp-content\/uploads\/2025\/12\/acm-acm-sensitelial-gel-nettoyant-surgras-200ml-nettoyants-visage.jpg","width":700,"height":700},{"@type":"BreadcrumbList","@id":"https:\/\/paracherkaoui.ma\/index.php\/produit\/acm-sensitelial-gel-nettoyant-surgras-200ml\/#breadcrumb","itemListElement":[{"@type":"ListItem","position":1,"name":"Accueil","item":"https:\/\/paracherkaoui.ma\/"},{"@type":"ListItem","position":2,"name":"Boutique","item":"https:\/\/paracherkaoui.ma\/index.php\/boutique\/"},{"@type":"ListItem","position":3,"name":"ACM SENSITELIAL GEL NETTOYANT SURGRAS 200ML"}]},{"@type":"WebSite","@id":"https:\/\/paracherkaoui.ma\/#website","url":"https:\/\/paracherkaoui.ma\/","name":"Paracherkaoui.ma","description":"Achetez en ligne sur Paracherkaoui.ma","potentialAction":[{"@type":"SearchAction","target":{"@type":"EntryPoint","urlTemplate":"https:\/\/paracherkaoui.ma\/?s={search_term_string}"},"query-input":{"@type":"PropertyValueSpecification","valueRequired":true,"valueName":"search_term_string"}}],"inLanguage":"fr-FR"}]}},"_links":{"self":[{"href":"https:\/\/paracherkaoui.ma\/index.php\/wp-json\/wp\/v2\/product\/11685","targetHints":{"allow":["GET"]}}],"collection":[{"href":"https:\/\/paracherkaoui.ma\/index.php\/wp-json\/wp\/v2\/product"}],"about":[{"href":"https:\/\/paracherkaoui.ma\/index.php\/wp-json\/wp\/v2\/types\/product"}],"replies":[{"embeddable":true,"href":"https:\/\/paracherkaoui.ma\/index.php\/wp-json\/wp\/v2\/comments?post=11685"}],"version-history":[{"count":1,"href":"https:\/\/paracherkaoui.ma\/index.php\/wp-json\/wp\/v2\/product\/11685\/revisions"}],"predecessor-version":[{"id":11720,"href":"https:\/\/paracherkaoui.ma\/index.php\/wp-json\/wp\/v2\/product\/11685\/revisions\/11720"}],"wp:featuredmedia":[{"embeddable":true,"href":"https:\/\/paracherkaoui.ma\/index.php\/wp-json\/wp\/v2\/media\/11719"}],"wp:attachment":[{"href":"https:\/\/paracherkaoui.ma\/index.php\/wp-json\/wp\/v2\/media?parent=11685"}],"wp:term":[{"taxonomy":"product_brand","embeddable":true,"href":"https:\/\/paracherkaoui.ma\/index.php\/wp-json\/wp\/v2\/product_brand?post=11685"},{"taxonomy":"product_cat","embeddable":true,"href":"https:\/\/paracherkaoui.ma\/index.php\/wp-json\/wp\/v2\/product_cat?post=11685"},{"taxonomy":"product_tag","embeddable":true,"href":"https:\/\/paracherkaoui.ma\/index.php\/wp-json\/wp\/v2\/product_tag?post=11685"}],"curies":[{"name":"wp","href":"https:\/\/api.w.org\/{rel}","templated":true}]}}