{"id":11619,"date":"2025-12-12T17:40:33","date_gmt":"2025-12-12T16:40:33","guid":{"rendered":"https:\/\/test.ecbeaute.com\/?post_type=product&#038;p=11619"},"modified":"2025-12-12T17:40:40","modified_gmt":"2025-12-12T16:40:40","slug":"svr-sensifine-ar-eau-micellaire-200-ml","status":"publish","type":"product","link":"https:\/\/paracherkaoui.ma\/index.php\/produit\/svr-sensifine-ar-eau-micellaire-200-ml\/","title":{"rendered":"SVR SENSIFINE AR EAU MICELLAIRE 200 ML"},"content":{"rendered":"<p>SVR SENSIFINE AR Eau micellaire. L&rsquo;eau micellaire SENSIFINE AR des Laboratoires SVR est sp\u00e9cialement con\u00e7ue pour \u00e9liminer en douceur toute trace de maquillage, m\u00eame waterproof, et att\u00e9nuer les rougeurs du visage. Elle convient pour le nettoyage du visage, des yeux et des l\u00e8vres, m\u00eame des peaux sensibles \u00e0 tendance couperosique. Sa formule douce r\u00e9unissant un agent hydratant et du Niacinamide limite la prolif\u00e9ration bact\u00e9rienne et \u00e9limine les imperfections li\u00e9es \u00e0 l&rsquo;inflammation. Gr\u00e2ce \u00e0 l&rsquo;eau micellaire SENSIFINE AR, les peaux \u00e0 tendance couperosique sujettes \u00e0 des \u00e9chauffements et des rougeurs sont apais\u00e9es et la peau est efficacement rafra\u00eechie. Test\u00e9e sous contr\u00f4le dermatologique et ophtalmologique. Convient aux porteurs de lentilles. Sans parfum, parab\u00e8ne, alcool, silicone, huile min\u00e9rale.<br \/>\nConseils d&rsquo;utilisation :<br \/>\nAppliquer \u00e0 l&rsquo;aide d&rsquo;un coton. Sans rin\u00e7age<\/p>\n","protected":false},"excerpt":{"rendered":"<p>SVR SENSIFINE AR Eau micellaire. L&rsquo;eau micellaire SENSIFINE AR des Laboratoires SVR est sp\u00e9cialement con\u00e7ue pour \u00e9liminer en douceur toute<\/p>\n","protected":false},"featured_media":11671,"comment_status":"open","ping_status":"closed","template":"","meta":[],"product_brand":[133],"product_cat":[152],"product_tag":[],"class_list":{"0":"post-11619","1":"product","2":"type-product","3":"status-publish","4":"has-post-thumbnail","6":"product_brand-svr","7":"product_cat-rosacees","9":"first","10":"instock","11":"sale","12":"shipping-taxable","13":"purchasable","14":"product-type-simple"},"yoast_head":"<!-- This site is optimized with the Yoast SEO plugin v26.6 - https:\/\/yoast.com\/wordpress\/plugins\/seo\/ -->\r\n<title>SVR SENSIFINE AR EAU MICELLAIRE 200 ML - Paracherkaoui.ma<\/title>\r\n<meta name=\"robots\" content=\"index, follow, max-snippet:-1, max-image-preview:large, max-video-preview:-1\" \/>\r\n<link rel=\"canonical\" href=\"https:\/\/paracherkaoui.ma\/index.php\/produit\/svr-sensifine-ar-eau-micellaire-200-ml\/\" \/>\r\n<meta property=\"og:locale\" content=\"fr_FR\" \/>\r\n<meta property=\"og:type\" content=\"article\" \/>\r\n<meta property=\"og:title\" content=\"SVR SENSIFINE AR EAU MICELLAIRE 200 ML - Paracherkaoui.ma\" \/>\r\n<meta property=\"og:description\" content=\"SVR SENSIFINE AR Eau micellaire. L&rsquo;eau micellaire SENSIFINE AR des Laboratoires SVR est sp\u00e9cialement con\u00e7ue pour \u00e9liminer en douceur toute\" \/>\r\n<meta property=\"og:url\" content=\"https:\/\/paracherkaoui.ma\/index.php\/produit\/svr-sensifine-ar-eau-micellaire-200-ml\/\" \/>\r\n<meta property=\"og:site_name\" content=\"Paracherkaoui.ma\" \/>\r\n<meta property=\"article:modified_time\" content=\"2025-12-12T16:40:40+00:00\" \/>\r\n<meta property=\"og:image\" content=\"https:\/\/paracherkaoui.ma\/wp-content\/uploads\/2025\/12\/svr-svr-sensifine-ar-eau-micellaire-200-ml-nettoyants-visage.jpg\" \/>\r\n\t<meta property=\"og:image:width\" content=\"700\" \/>\r\n\t<meta property=\"og:image:height\" content=\"700\" \/>\r\n\t<meta property=\"og:image:type\" content=\"image\/jpeg\" \/>\r\n<meta name=\"twitter:card\" content=\"summary_large_image\" \/>\r\n<meta name=\"twitter:label1\" content=\"Dur\u00e9e de lecture estim\u00e9e\" \/>\n\t<meta name=\"twitter:data1\" content=\"1 minute\" \/>\r\n<script type=\"application\/ld+json\" class=\"yoast-schema-graph\">{\"@context\":\"https:\/\/schema.org\",\"@graph\":[{\"@type\":\"WebPage\",\"@id\":\"https:\/\/paracherkaoui.ma\/index.php\/produit\/svr-sensifine-ar-eau-micellaire-200-ml\/\",\"url\":\"https:\/\/paracherkaoui.ma\/index.php\/produit\/svr-sensifine-ar-eau-micellaire-200-ml\/\",\"name\":\"SVR SENSIFINE AR EAU MICELLAIRE 200 ML - Paracherkaoui.ma\",\"isPartOf\":{\"@id\":\"https:\/\/paracherkaoui.ma\/#website\"},\"primaryImageOfPage\":{\"@id\":\"https:\/\/paracherkaoui.ma\/index.php\/produit\/svr-sensifine-ar-eau-micellaire-200-ml\/#primaryimage\"},\"image\":{\"@id\":\"https:\/\/paracherkaoui.ma\/index.php\/produit\/svr-sensifine-ar-eau-micellaire-200-ml\/#primaryimage\"},\"thumbnailUrl\":\"https:\/\/paracherkaoui.ma\/wp-content\/uploads\/2025\/12\/svr-svr-sensifine-ar-eau-micellaire-200-ml-nettoyants-visage.jpg\",\"datePublished\":\"2025-12-12T16:40:33+00:00\",\"dateModified\":\"2025-12-12T16:40:40+00:00\",\"breadcrumb\":{\"@id\":\"https:\/\/paracherkaoui.ma\/index.php\/produit\/svr-sensifine-ar-eau-micellaire-200-ml\/#breadcrumb\"},\"inLanguage\":\"fr-FR\",\"potentialAction\":[{\"@type\":\"ReadAction\",\"target\":[\"https:\/\/paracherkaoui.ma\/index.php\/produit\/svr-sensifine-ar-eau-micellaire-200-ml\/\"]}]},{\"@type\":\"ImageObject\",\"inLanguage\":\"fr-FR\",\"@id\":\"https:\/\/paracherkaoui.ma\/index.php\/produit\/svr-sensifine-ar-eau-micellaire-200-ml\/#primaryimage\",\"url\":\"https:\/\/paracherkaoui.ma\/wp-content\/uploads\/2025\/12\/svr-svr-sensifine-ar-eau-micellaire-200-ml-nettoyants-visage.jpg\",\"contentUrl\":\"https:\/\/paracherkaoui.ma\/wp-content\/uploads\/2025\/12\/svr-svr-sensifine-ar-eau-micellaire-200-ml-nettoyants-visage.jpg\",\"width\":700,\"height\":700},{\"@type\":\"BreadcrumbList\",\"@id\":\"https:\/\/paracherkaoui.ma\/index.php\/produit\/svr-sensifine-ar-eau-micellaire-200-ml\/#breadcrumb\",\"itemListElement\":[{\"@type\":\"ListItem\",\"position\":1,\"name\":\"Accueil\",\"item\":\"https:\/\/paracherkaoui.ma\/\"},{\"@type\":\"ListItem\",\"position\":2,\"name\":\"Boutique\",\"item\":\"https:\/\/paracherkaoui.ma\/index.php\/boutique\/\"},{\"@type\":\"ListItem\",\"position\":3,\"name\":\"SVR SENSIFINE AR EAU MICELLAIRE 200 ML\"}]},{\"@type\":\"WebSite\",\"@id\":\"https:\/\/paracherkaoui.ma\/#website\",\"url\":\"https:\/\/paracherkaoui.ma\/\",\"name\":\"Paracherkaoui.ma\",\"description\":\"Achetez en ligne sur Paracherkaoui.ma\",\"potentialAction\":[{\"@type\":\"SearchAction\",\"target\":{\"@type\":\"EntryPoint\",\"urlTemplate\":\"https:\/\/paracherkaoui.ma\/?s={search_term_string}\"},\"query-input\":{\"@type\":\"PropertyValueSpecification\",\"valueRequired\":true,\"valueName\":\"search_term_string\"}}],\"inLanguage\":\"fr-FR\"}]}<\/script>\r\n<!-- \/ Yoast SEO plugin. -->","yoast_head_json":{"title":"SVR SENSIFINE AR EAU MICELLAIRE 200 ML - Paracherkaoui.ma","robots":{"index":"index","follow":"follow","max-snippet":"max-snippet:-1","max-image-preview":"max-image-preview:large","max-video-preview":"max-video-preview:-1"},"canonical":"https:\/\/paracherkaoui.ma\/index.php\/produit\/svr-sensifine-ar-eau-micellaire-200-ml\/","og_locale":"fr_FR","og_type":"article","og_title":"SVR SENSIFINE AR EAU MICELLAIRE 200 ML - Paracherkaoui.ma","og_description":"SVR SENSIFINE AR Eau micellaire. L&rsquo;eau micellaire SENSIFINE AR des Laboratoires SVR est sp\u00e9cialement con\u00e7ue pour \u00e9liminer en douceur toute","og_url":"https:\/\/paracherkaoui.ma\/index.php\/produit\/svr-sensifine-ar-eau-micellaire-200-ml\/","og_site_name":"Paracherkaoui.ma","article_modified_time":"2025-12-12T16:40:40+00:00","og_image":[{"width":700,"height":700,"url":"https:\/\/paracherkaoui.ma\/wp-content\/uploads\/2025\/12\/svr-svr-sensifine-ar-eau-micellaire-200-ml-nettoyants-visage.jpg","type":"image\/jpeg"}],"twitter_card":"summary_large_image","twitter_misc":{"Dur\u00e9e de lecture estim\u00e9e":"1 minute"},"schema":{"@context":"https:\/\/schema.org","@graph":[{"@type":"WebPage","@id":"https:\/\/paracherkaoui.ma\/index.php\/produit\/svr-sensifine-ar-eau-micellaire-200-ml\/","url":"https:\/\/paracherkaoui.ma\/index.php\/produit\/svr-sensifine-ar-eau-micellaire-200-ml\/","name":"SVR SENSIFINE AR EAU MICELLAIRE 200 ML - Paracherkaoui.ma","isPartOf":{"@id":"https:\/\/paracherkaoui.ma\/#website"},"primaryImageOfPage":{"@id":"https:\/\/paracherkaoui.ma\/index.php\/produit\/svr-sensifine-ar-eau-micellaire-200-ml\/#primaryimage"},"image":{"@id":"https:\/\/paracherkaoui.ma\/index.php\/produit\/svr-sensifine-ar-eau-micellaire-200-ml\/#primaryimage"},"thumbnailUrl":"https:\/\/paracherkaoui.ma\/wp-content\/uploads\/2025\/12\/svr-svr-sensifine-ar-eau-micellaire-200-ml-nettoyants-visage.jpg","datePublished":"2025-12-12T16:40:33+00:00","dateModified":"2025-12-12T16:40:40+00:00","breadcrumb":{"@id":"https:\/\/paracherkaoui.ma\/index.php\/produit\/svr-sensifine-ar-eau-micellaire-200-ml\/#breadcrumb"},"inLanguage":"fr-FR","potentialAction":[{"@type":"ReadAction","target":["https:\/\/paracherkaoui.ma\/index.php\/produit\/svr-sensifine-ar-eau-micellaire-200-ml\/"]}]},{"@type":"ImageObject","inLanguage":"fr-FR","@id":"https:\/\/paracherkaoui.ma\/index.php\/produit\/svr-sensifine-ar-eau-micellaire-200-ml\/#primaryimage","url":"https:\/\/paracherkaoui.ma\/wp-content\/uploads\/2025\/12\/svr-svr-sensifine-ar-eau-micellaire-200-ml-nettoyants-visage.jpg","contentUrl":"https:\/\/paracherkaoui.ma\/wp-content\/uploads\/2025\/12\/svr-svr-sensifine-ar-eau-micellaire-200-ml-nettoyants-visage.jpg","width":700,"height":700},{"@type":"BreadcrumbList","@id":"https:\/\/paracherkaoui.ma\/index.php\/produit\/svr-sensifine-ar-eau-micellaire-200-ml\/#breadcrumb","itemListElement":[{"@type":"ListItem","position":1,"name":"Accueil","item":"https:\/\/paracherkaoui.ma\/"},{"@type":"ListItem","position":2,"name":"Boutique","item":"https:\/\/paracherkaoui.ma\/index.php\/boutique\/"},{"@type":"ListItem","position":3,"name":"SVR SENSIFINE AR EAU MICELLAIRE 200 ML"}]},{"@type":"WebSite","@id":"https:\/\/paracherkaoui.ma\/#website","url":"https:\/\/paracherkaoui.ma\/","name":"Paracherkaoui.ma","description":"Achetez en ligne sur Paracherkaoui.ma","potentialAction":[{"@type":"SearchAction","target":{"@type":"EntryPoint","urlTemplate":"https:\/\/paracherkaoui.ma\/?s={search_term_string}"},"query-input":{"@type":"PropertyValueSpecification","valueRequired":true,"valueName":"search_term_string"}}],"inLanguage":"fr-FR"}]}},"_links":{"self":[{"href":"https:\/\/paracherkaoui.ma\/index.php\/wp-json\/wp\/v2\/product\/11619","targetHints":{"allow":["GET"]}}],"collection":[{"href":"https:\/\/paracherkaoui.ma\/index.php\/wp-json\/wp\/v2\/product"}],"about":[{"href":"https:\/\/paracherkaoui.ma\/index.php\/wp-json\/wp\/v2\/types\/product"}],"replies":[{"embeddable":true,"href":"https:\/\/paracherkaoui.ma\/index.php\/wp-json\/wp\/v2\/comments?post=11619"}],"version-history":[{"count":1,"href":"https:\/\/paracherkaoui.ma\/index.php\/wp-json\/wp\/v2\/product\/11619\/revisions"}],"predecessor-version":[{"id":11672,"href":"https:\/\/paracherkaoui.ma\/index.php\/wp-json\/wp\/v2\/product\/11619\/revisions\/11672"}],"wp:featuredmedia":[{"embeddable":true,"href":"https:\/\/paracherkaoui.ma\/index.php\/wp-json\/wp\/v2\/media\/11671"}],"wp:attachment":[{"href":"https:\/\/paracherkaoui.ma\/index.php\/wp-json\/wp\/v2\/media?parent=11619"}],"wp:term":[{"taxonomy":"product_brand","embeddable":true,"href":"https:\/\/paracherkaoui.ma\/index.php\/wp-json\/wp\/v2\/product_brand?post=11619"},{"taxonomy":"product_cat","embeddable":true,"href":"https:\/\/paracherkaoui.ma\/index.php\/wp-json\/wp\/v2\/product_cat?post=11619"},{"taxonomy":"product_tag","embeddable":true,"href":"https:\/\/paracherkaoui.ma\/index.php\/wp-json\/wp\/v2\/product_tag?post=11619"}],"curies":[{"name":"wp","href":"https:\/\/api.w.org\/{rel}","templated":true}]}}