{"id":11613,"date":"2025-12-12T17:40:33","date_gmt":"2025-12-12T16:40:33","guid":{"rendered":"https:\/\/test.ecbeaute.com\/?post_type=product&#038;p=11613"},"modified":"2025-12-12T17:40:38","modified_gmt":"2025-12-12T16:40:38","slug":"uriage-roseliane-spf30-creme-anti-rougeurs-uriage-tube-40-ml","status":"publish","type":"product","link":"https:\/\/paracherkaoui.ma\/index.php\/produit\/uriage-roseliane-spf30-creme-anti-rougeurs-uriage-tube-40-ml\/","title":{"rendered":"URIAGE ROSELIANE SPF30 CREME ANTI ROUGEURS URIAGE TUBE 40 ML"},"content":{"rendered":"<p>URIAGE<br \/>\nEau Thermale<br \/>\nRos\u00e9liane<br \/>\nCr\u00e8me anti-rougeurs<br \/>\nProt\u00e8ge, apaise et diminue les rougeurs<br \/>\nPeaux sensibles \u00e0 rougeurs<br \/>\nHypoallerg\u00e9nique<br \/>\nSPF30<br \/>\n40ml<\/p>\n<p>Une cr\u00e8me onctueuse, fondante et non grasse qui apaise durablement les sensations d&rsquo;\u00e9chauffements et de tiraillements, diminue les rougeurs et apporte une haute protection anti-UVA\/UVB pour pr\u00e9venir leur apparition.<br \/>\nElle procure d\u00e8s application un confort imm\u00e9diat et laisse la peau douce, apais\u00e9e et prot\u00e9g\u00e9e.<br \/>\nRiche en Eau Thermale d&rsquo;Uriage aux propri\u00e9t\u00e9s hydratantes et apaisantes et en C\u00e9rasterol-2F qui restructure durablement la barri\u00e8re cutan\u00e9e, cette cr\u00e8me hydrate et apporte un confort imm\u00e9diat et durable \u00e0 la peau.<br \/>\nLes extraits de ginseng et d&rsquo;algues rouges renforcent la paroi des vaisseaux sanguins pour limiter leur apparition sur la surface de la peau.<br \/>\nConseils d&rsquo;utilisation<br \/>\nAppliquer le matin sur le visage.<\/p>\n","protected":false},"excerpt":{"rendered":"<p>URIAGE Eau Thermale Ros\u00e9liane Cr\u00e8me anti-rougeurs Prot\u00e8ge, apaise et diminue les rougeurs Peaux sensibles \u00e0 rougeurs Hypoallerg\u00e9nique SPF30 40ml Une<\/p>\n","protected":false},"featured_media":11659,"comment_status":"open","ping_status":"closed","template":"","meta":[],"product_brand":[130],"product_cat":[152],"product_tag":[],"class_list":{"0":"post-11613","1":"product","2":"type-product","3":"status-publish","4":"has-post-thumbnail","6":"product_brand-uriage","7":"product_cat-rosacees","9":"first","10":"instock","11":"sale","12":"shipping-taxable","13":"purchasable","14":"product-type-simple"},"yoast_head":"<!-- This site is optimized with the Yoast SEO plugin v26.6 - https:\/\/yoast.com\/wordpress\/plugins\/seo\/ -->\r\n<title>URIAGE ROSELIANE SPF30 CREME ANTI ROUGEURS URIAGE TUBE 40 ML - Paracherkaoui.ma<\/title>\r\n<meta name=\"robots\" content=\"index, follow, max-snippet:-1, max-image-preview:large, max-video-preview:-1\" \/>\r\n<link rel=\"canonical\" href=\"https:\/\/paracherkaoui.ma\/index.php\/produit\/uriage-roseliane-spf30-creme-anti-rougeurs-uriage-tube-40-ml\/\" \/>\r\n<meta property=\"og:locale\" content=\"fr_FR\" \/>\r\n<meta property=\"og:type\" content=\"article\" \/>\r\n<meta property=\"og:title\" content=\"URIAGE ROSELIANE SPF30 CREME ANTI ROUGEURS URIAGE TUBE 40 ML - Paracherkaoui.ma\" \/>\r\n<meta property=\"og:description\" content=\"URIAGE Eau Thermale Ros\u00e9liane Cr\u00e8me anti-rougeurs Prot\u00e8ge, apaise et diminue les rougeurs Peaux sensibles \u00e0 rougeurs Hypoallerg\u00e9nique SPF30 40ml Une\" \/>\r\n<meta property=\"og:url\" content=\"https:\/\/paracherkaoui.ma\/index.php\/produit\/uriage-roseliane-spf30-creme-anti-rougeurs-uriage-tube-40-ml\/\" \/>\r\n<meta property=\"og:site_name\" content=\"Paracherkaoui.ma\" \/>\r\n<meta property=\"article:modified_time\" content=\"2025-12-12T16:40:38+00:00\" \/>\r\n<meta property=\"og:image\" content=\"https:\/\/paracherkaoui.ma\/wp-content\/uploads\/2025\/12\/uriage-roseliane-spf30-creme-anti-rougeurs-uriage-tube-40-ml.jpg\" \/>\r\n\t<meta property=\"og:image:width\" content=\"700\" \/>\r\n\t<meta property=\"og:image:height\" content=\"700\" \/>\r\n\t<meta property=\"og:image:type\" content=\"image\/jpeg\" \/>\r\n<meta name=\"twitter:card\" content=\"summary_large_image\" \/>\r\n<meta name=\"twitter:label1\" content=\"Dur\u00e9e de lecture estim\u00e9e\" \/>\n\t<meta name=\"twitter:data1\" content=\"1 minute\" \/>\r\n<script type=\"application\/ld+json\" class=\"yoast-schema-graph\">{\"@context\":\"https:\/\/schema.org\",\"@graph\":[{\"@type\":\"WebPage\",\"@id\":\"https:\/\/paracherkaoui.ma\/index.php\/produit\/uriage-roseliane-spf30-creme-anti-rougeurs-uriage-tube-40-ml\/\",\"url\":\"https:\/\/paracherkaoui.ma\/index.php\/produit\/uriage-roseliane-spf30-creme-anti-rougeurs-uriage-tube-40-ml\/\",\"name\":\"URIAGE ROSELIANE SPF30 CREME ANTI ROUGEURS URIAGE TUBE 40 ML - Paracherkaoui.ma\",\"isPartOf\":{\"@id\":\"https:\/\/paracherkaoui.ma\/#website\"},\"primaryImageOfPage\":{\"@id\":\"https:\/\/paracherkaoui.ma\/index.php\/produit\/uriage-roseliane-spf30-creme-anti-rougeurs-uriage-tube-40-ml\/#primaryimage\"},\"image\":{\"@id\":\"https:\/\/paracherkaoui.ma\/index.php\/produit\/uriage-roseliane-spf30-creme-anti-rougeurs-uriage-tube-40-ml\/#primaryimage\"},\"thumbnailUrl\":\"https:\/\/paracherkaoui.ma\/wp-content\/uploads\/2025\/12\/uriage-roseliane-spf30-creme-anti-rougeurs-uriage-tube-40-ml.jpg\",\"datePublished\":\"2025-12-12T16:40:33+00:00\",\"dateModified\":\"2025-12-12T16:40:38+00:00\",\"breadcrumb\":{\"@id\":\"https:\/\/paracherkaoui.ma\/index.php\/produit\/uriage-roseliane-spf30-creme-anti-rougeurs-uriage-tube-40-ml\/#breadcrumb\"},\"inLanguage\":\"fr-FR\",\"potentialAction\":[{\"@type\":\"ReadAction\",\"target\":[\"https:\/\/paracherkaoui.ma\/index.php\/produit\/uriage-roseliane-spf30-creme-anti-rougeurs-uriage-tube-40-ml\/\"]}]},{\"@type\":\"ImageObject\",\"inLanguage\":\"fr-FR\",\"@id\":\"https:\/\/paracherkaoui.ma\/index.php\/produit\/uriage-roseliane-spf30-creme-anti-rougeurs-uriage-tube-40-ml\/#primaryimage\",\"url\":\"https:\/\/paracherkaoui.ma\/wp-content\/uploads\/2025\/12\/uriage-roseliane-spf30-creme-anti-rougeurs-uriage-tube-40-ml.jpg\",\"contentUrl\":\"https:\/\/paracherkaoui.ma\/wp-content\/uploads\/2025\/12\/uriage-roseliane-spf30-creme-anti-rougeurs-uriage-tube-40-ml.jpg\",\"width\":700,\"height\":700},{\"@type\":\"BreadcrumbList\",\"@id\":\"https:\/\/paracherkaoui.ma\/index.php\/produit\/uriage-roseliane-spf30-creme-anti-rougeurs-uriage-tube-40-ml\/#breadcrumb\",\"itemListElement\":[{\"@type\":\"ListItem\",\"position\":1,\"name\":\"Accueil\",\"item\":\"https:\/\/paracherkaoui.ma\/\"},{\"@type\":\"ListItem\",\"position\":2,\"name\":\"Boutique\",\"item\":\"https:\/\/paracherkaoui.ma\/index.php\/boutique\/\"},{\"@type\":\"ListItem\",\"position\":3,\"name\":\"URIAGE ROSELIANE SPF30 CREME ANTI ROUGEURS URIAGE TUBE 40 ML\"}]},{\"@type\":\"WebSite\",\"@id\":\"https:\/\/paracherkaoui.ma\/#website\",\"url\":\"https:\/\/paracherkaoui.ma\/\",\"name\":\"Paracherkaoui.ma\",\"description\":\"Achetez en ligne sur Paracherkaoui.ma\",\"potentialAction\":[{\"@type\":\"SearchAction\",\"target\":{\"@type\":\"EntryPoint\",\"urlTemplate\":\"https:\/\/paracherkaoui.ma\/?s={search_term_string}\"},\"query-input\":{\"@type\":\"PropertyValueSpecification\",\"valueRequired\":true,\"valueName\":\"search_term_string\"}}],\"inLanguage\":\"fr-FR\"}]}<\/script>\r\n<!-- \/ Yoast SEO plugin. -->","yoast_head_json":{"title":"URIAGE ROSELIANE SPF30 CREME ANTI ROUGEURS URIAGE TUBE 40 ML - Paracherkaoui.ma","robots":{"index":"index","follow":"follow","max-snippet":"max-snippet:-1","max-image-preview":"max-image-preview:large","max-video-preview":"max-video-preview:-1"},"canonical":"https:\/\/paracherkaoui.ma\/index.php\/produit\/uriage-roseliane-spf30-creme-anti-rougeurs-uriage-tube-40-ml\/","og_locale":"fr_FR","og_type":"article","og_title":"URIAGE ROSELIANE SPF30 CREME ANTI ROUGEURS URIAGE TUBE 40 ML - Paracherkaoui.ma","og_description":"URIAGE Eau Thermale Ros\u00e9liane Cr\u00e8me anti-rougeurs Prot\u00e8ge, apaise et diminue les rougeurs Peaux sensibles \u00e0 rougeurs Hypoallerg\u00e9nique SPF30 40ml Une","og_url":"https:\/\/paracherkaoui.ma\/index.php\/produit\/uriage-roseliane-spf30-creme-anti-rougeurs-uriage-tube-40-ml\/","og_site_name":"Paracherkaoui.ma","article_modified_time":"2025-12-12T16:40:38+00:00","og_image":[{"width":700,"height":700,"url":"https:\/\/paracherkaoui.ma\/wp-content\/uploads\/2025\/12\/uriage-roseliane-spf30-creme-anti-rougeurs-uriage-tube-40-ml.jpg","type":"image\/jpeg"}],"twitter_card":"summary_large_image","twitter_misc":{"Dur\u00e9e de lecture estim\u00e9e":"1 minute"},"schema":{"@context":"https:\/\/schema.org","@graph":[{"@type":"WebPage","@id":"https:\/\/paracherkaoui.ma\/index.php\/produit\/uriage-roseliane-spf30-creme-anti-rougeurs-uriage-tube-40-ml\/","url":"https:\/\/paracherkaoui.ma\/index.php\/produit\/uriage-roseliane-spf30-creme-anti-rougeurs-uriage-tube-40-ml\/","name":"URIAGE ROSELIANE SPF30 CREME ANTI ROUGEURS URIAGE TUBE 40 ML - Paracherkaoui.ma","isPartOf":{"@id":"https:\/\/paracherkaoui.ma\/#website"},"primaryImageOfPage":{"@id":"https:\/\/paracherkaoui.ma\/index.php\/produit\/uriage-roseliane-spf30-creme-anti-rougeurs-uriage-tube-40-ml\/#primaryimage"},"image":{"@id":"https:\/\/paracherkaoui.ma\/index.php\/produit\/uriage-roseliane-spf30-creme-anti-rougeurs-uriage-tube-40-ml\/#primaryimage"},"thumbnailUrl":"https:\/\/paracherkaoui.ma\/wp-content\/uploads\/2025\/12\/uriage-roseliane-spf30-creme-anti-rougeurs-uriage-tube-40-ml.jpg","datePublished":"2025-12-12T16:40:33+00:00","dateModified":"2025-12-12T16:40:38+00:00","breadcrumb":{"@id":"https:\/\/paracherkaoui.ma\/index.php\/produit\/uriage-roseliane-spf30-creme-anti-rougeurs-uriage-tube-40-ml\/#breadcrumb"},"inLanguage":"fr-FR","potentialAction":[{"@type":"ReadAction","target":["https:\/\/paracherkaoui.ma\/index.php\/produit\/uriage-roseliane-spf30-creme-anti-rougeurs-uriage-tube-40-ml\/"]}]},{"@type":"ImageObject","inLanguage":"fr-FR","@id":"https:\/\/paracherkaoui.ma\/index.php\/produit\/uriage-roseliane-spf30-creme-anti-rougeurs-uriage-tube-40-ml\/#primaryimage","url":"https:\/\/paracherkaoui.ma\/wp-content\/uploads\/2025\/12\/uriage-roseliane-spf30-creme-anti-rougeurs-uriage-tube-40-ml.jpg","contentUrl":"https:\/\/paracherkaoui.ma\/wp-content\/uploads\/2025\/12\/uriage-roseliane-spf30-creme-anti-rougeurs-uriage-tube-40-ml.jpg","width":700,"height":700},{"@type":"BreadcrumbList","@id":"https:\/\/paracherkaoui.ma\/index.php\/produit\/uriage-roseliane-spf30-creme-anti-rougeurs-uriage-tube-40-ml\/#breadcrumb","itemListElement":[{"@type":"ListItem","position":1,"name":"Accueil","item":"https:\/\/paracherkaoui.ma\/"},{"@type":"ListItem","position":2,"name":"Boutique","item":"https:\/\/paracherkaoui.ma\/index.php\/boutique\/"},{"@type":"ListItem","position":3,"name":"URIAGE ROSELIANE SPF30 CREME ANTI ROUGEURS URIAGE TUBE 40 ML"}]},{"@type":"WebSite","@id":"https:\/\/paracherkaoui.ma\/#website","url":"https:\/\/paracherkaoui.ma\/","name":"Paracherkaoui.ma","description":"Achetez en ligne sur Paracherkaoui.ma","potentialAction":[{"@type":"SearchAction","target":{"@type":"EntryPoint","urlTemplate":"https:\/\/paracherkaoui.ma\/?s={search_term_string}"},"query-input":{"@type":"PropertyValueSpecification","valueRequired":true,"valueName":"search_term_string"}}],"inLanguage":"fr-FR"}]}},"_links":{"self":[{"href":"https:\/\/paracherkaoui.ma\/index.php\/wp-json\/wp\/v2\/product\/11613","targetHints":{"allow":["GET"]}}],"collection":[{"href":"https:\/\/paracherkaoui.ma\/index.php\/wp-json\/wp\/v2\/product"}],"about":[{"href":"https:\/\/paracherkaoui.ma\/index.php\/wp-json\/wp\/v2\/types\/product"}],"replies":[{"embeddable":true,"href":"https:\/\/paracherkaoui.ma\/index.php\/wp-json\/wp\/v2\/comments?post=11613"}],"version-history":[{"count":1,"href":"https:\/\/paracherkaoui.ma\/index.php\/wp-json\/wp\/v2\/product\/11613\/revisions"}],"predecessor-version":[{"id":11660,"href":"https:\/\/paracherkaoui.ma\/index.php\/wp-json\/wp\/v2\/product\/11613\/revisions\/11660"}],"wp:featuredmedia":[{"embeddable":true,"href":"https:\/\/paracherkaoui.ma\/index.php\/wp-json\/wp\/v2\/media\/11659"}],"wp:attachment":[{"href":"https:\/\/paracherkaoui.ma\/index.php\/wp-json\/wp\/v2\/media?parent=11613"}],"wp:term":[{"taxonomy":"product_brand","embeddable":true,"href":"https:\/\/paracherkaoui.ma\/index.php\/wp-json\/wp\/v2\/product_brand?post=11613"},{"taxonomy":"product_cat","embeddable":true,"href":"https:\/\/paracherkaoui.ma\/index.php\/wp-json\/wp\/v2\/product_cat?post=11613"},{"taxonomy":"product_tag","embeddable":true,"href":"https:\/\/paracherkaoui.ma\/index.php\/wp-json\/wp\/v2\/product_tag?post=11613"}],"curies":[{"name":"wp","href":"https:\/\/api.w.org\/{rel}","templated":true}]}}