{"id":11519,"date":"2025-12-12T17:40:27","date_gmt":"2025-12-12T16:40:27","guid":{"rendered":"https:\/\/test.ecbeaute.com\/?post_type=product&#038;p=11519"},"modified":"2025-12-12T17:40:29","modified_gmt":"2025-12-12T16:40:29","slug":"cicabiafine-douche-creme-anti-irritations-apaisante-peaus-extra-seche-500-ml","status":"publish","type":"product","link":"https:\/\/paracherkaoui.ma\/index.php\/produit\/cicabiafine-douche-creme-anti-irritations-apaisante-peaus-extra-seche-500-ml\/","title":{"rendered":"CICABIAFINE DOUCHE CREME ANTI IRRITATIONS APAISANTE PEAUS EXTRA SECHE 500 ML"},"content":{"rendered":"<p>La Douche Cr\u00e8me Anti-Irritations Apaisante pour les peaux extra-s\u00e8ches ou \u00e0 tendance atopique :<br \/>\nHydrate\u00a0intens\u00e9ment durant 24h<br \/>\nAide \u00e0 prot\u00e9ger\u00a0la barri\u00e8re cutan\u00e9e<br \/>\nSoulage\u00a0les sensations de d\u00e9mangeaisons d\u00e8s la 1\u00e8re douche<br \/>\nFormule haute tol\u00e9rance, d\u00e9velopp\u00e9e sous contr\u00f4le m\u00e9dical et test\u00e9e cliniquement.<br \/>\nConseils d&rsquo;utilisation:<br \/>\nAppliquer sur la peau pr\u00e9alablement mouill\u00e9e. Masser l\u00e9g\u00e8rement puis rincer et s\u00e9cher d\u00e9licatement.<\/p>\n","protected":false},"excerpt":{"rendered":"<p>La Douche Cr\u00e8me Anti-Irritations Apaisante pour les peaux extra-s\u00e8ches ou \u00e0 tendance atopique : Hydrate\u00a0intens\u00e9ment durant 24h Aide \u00e0 prot\u00e9ger\u00a0la<\/p>\n","protected":false},"featured_media":11562,"comment_status":"open","ping_status":"closed","template":"","meta":[],"product_brand":[151],"product_cat":[148],"product_tag":[],"class_list":{"0":"post-11519","1":"product","2":"type-product","3":"status-publish","4":"has-post-thumbnail","6":"product_brand-cicabiafine","7":"product_cat-peau-seche","9":"first","10":"instock","11":"sale","12":"shipping-taxable","13":"purchasable","14":"product-type-simple"},"yoast_head":"<!-- This site is optimized with the Yoast SEO plugin v26.6 - https:\/\/yoast.com\/wordpress\/plugins\/seo\/ -->\r\n<title>CICABIAFINE DOUCHE CREME ANTI IRRITATIONS APAISANTE PEAUS EXTRA SECHE 500 ML - Paracherkaoui.ma<\/title>\r\n<meta name=\"robots\" content=\"index, follow, max-snippet:-1, max-image-preview:large, max-video-preview:-1\" \/>\r\n<link rel=\"canonical\" href=\"https:\/\/paracherkaoui.ma\/index.php\/produit\/cicabiafine-douche-creme-anti-irritations-apaisante-peaus-extra-seche-500-ml\/\" \/>\r\n<meta property=\"og:locale\" content=\"fr_FR\" \/>\r\n<meta property=\"og:type\" content=\"article\" \/>\r\n<meta property=\"og:title\" content=\"CICABIAFINE DOUCHE CREME ANTI IRRITATIONS APAISANTE PEAUS EXTRA SECHE 500 ML - Paracherkaoui.ma\" \/>\r\n<meta property=\"og:description\" content=\"La Douche Cr\u00e8me Anti-Irritations Apaisante pour les peaux extra-s\u00e8ches ou \u00e0 tendance atopique : Hydrate\u00a0intens\u00e9ment durant 24h Aide \u00e0 prot\u00e9ger\u00a0la\" \/>\r\n<meta property=\"og:url\" content=\"https:\/\/paracherkaoui.ma\/index.php\/produit\/cicabiafine-douche-creme-anti-irritations-apaisante-peaus-extra-seche-500-ml\/\" \/>\r\n<meta property=\"og:site_name\" content=\"Paracherkaoui.ma\" \/>\r\n<meta property=\"article:modified_time\" content=\"2025-12-12T16:40:29+00:00\" \/>\r\n<meta property=\"og:image\" content=\"https:\/\/paracherkaoui.ma\/wp-content\/uploads\/2025\/12\/cicabiafine-cicabiafine-douche-creme-anti-irritations-apaisante-peaus-extra-seche-500-ml-gels-et-huiles-lavants.jpg\" \/>\r\n\t<meta property=\"og:image:width\" content=\"700\" \/>\r\n\t<meta property=\"og:image:height\" content=\"700\" \/>\r\n\t<meta property=\"og:image:type\" content=\"image\/jpeg\" \/>\r\n<meta name=\"twitter:card\" content=\"summary_large_image\" \/>\r\n<script type=\"application\/ld+json\" class=\"yoast-schema-graph\">{\"@context\":\"https:\/\/schema.org\",\"@graph\":[{\"@type\":\"WebPage\",\"@id\":\"https:\/\/paracherkaoui.ma\/index.php\/produit\/cicabiafine-douche-creme-anti-irritations-apaisante-peaus-extra-seche-500-ml\/\",\"url\":\"https:\/\/paracherkaoui.ma\/index.php\/produit\/cicabiafine-douche-creme-anti-irritations-apaisante-peaus-extra-seche-500-ml\/\",\"name\":\"CICABIAFINE DOUCHE CREME ANTI IRRITATIONS APAISANTE PEAUS EXTRA SECHE 500 ML - Paracherkaoui.ma\",\"isPartOf\":{\"@id\":\"https:\/\/paracherkaoui.ma\/#website\"},\"primaryImageOfPage\":{\"@id\":\"https:\/\/paracherkaoui.ma\/index.php\/produit\/cicabiafine-douche-creme-anti-irritations-apaisante-peaus-extra-seche-500-ml\/#primaryimage\"},\"image\":{\"@id\":\"https:\/\/paracherkaoui.ma\/index.php\/produit\/cicabiafine-douche-creme-anti-irritations-apaisante-peaus-extra-seche-500-ml\/#primaryimage\"},\"thumbnailUrl\":\"https:\/\/paracherkaoui.ma\/wp-content\/uploads\/2025\/12\/cicabiafine-cicabiafine-douche-creme-anti-irritations-apaisante-peaus-extra-seche-500-ml-gels-et-huiles-lavants.jpg\",\"datePublished\":\"2025-12-12T16:40:27+00:00\",\"dateModified\":\"2025-12-12T16:40:29+00:00\",\"breadcrumb\":{\"@id\":\"https:\/\/paracherkaoui.ma\/index.php\/produit\/cicabiafine-douche-creme-anti-irritations-apaisante-peaus-extra-seche-500-ml\/#breadcrumb\"},\"inLanguage\":\"fr-FR\",\"potentialAction\":[{\"@type\":\"ReadAction\",\"target\":[\"https:\/\/paracherkaoui.ma\/index.php\/produit\/cicabiafine-douche-creme-anti-irritations-apaisante-peaus-extra-seche-500-ml\/\"]}]},{\"@type\":\"ImageObject\",\"inLanguage\":\"fr-FR\",\"@id\":\"https:\/\/paracherkaoui.ma\/index.php\/produit\/cicabiafine-douche-creme-anti-irritations-apaisante-peaus-extra-seche-500-ml\/#primaryimage\",\"url\":\"https:\/\/paracherkaoui.ma\/wp-content\/uploads\/2025\/12\/cicabiafine-cicabiafine-douche-creme-anti-irritations-apaisante-peaus-extra-seche-500-ml-gels-et-huiles-lavants.jpg\",\"contentUrl\":\"https:\/\/paracherkaoui.ma\/wp-content\/uploads\/2025\/12\/cicabiafine-cicabiafine-douche-creme-anti-irritations-apaisante-peaus-extra-seche-500-ml-gels-et-huiles-lavants.jpg\",\"width\":700,\"height\":700},{\"@type\":\"BreadcrumbList\",\"@id\":\"https:\/\/paracherkaoui.ma\/index.php\/produit\/cicabiafine-douche-creme-anti-irritations-apaisante-peaus-extra-seche-500-ml\/#breadcrumb\",\"itemListElement\":[{\"@type\":\"ListItem\",\"position\":1,\"name\":\"Accueil\",\"item\":\"https:\/\/paracherkaoui.ma\/\"},{\"@type\":\"ListItem\",\"position\":2,\"name\":\"Boutique\",\"item\":\"https:\/\/paracherkaoui.ma\/index.php\/boutique\/\"},{\"@type\":\"ListItem\",\"position\":3,\"name\":\"CICABIAFINE DOUCHE CREME ANTI IRRITATIONS APAISANTE PEAUS EXTRA SECHE 500 ML\"}]},{\"@type\":\"WebSite\",\"@id\":\"https:\/\/paracherkaoui.ma\/#website\",\"url\":\"https:\/\/paracherkaoui.ma\/\",\"name\":\"Paracherkaoui.ma\",\"description\":\"Achetez en ligne sur Paracherkaoui.ma\",\"potentialAction\":[{\"@type\":\"SearchAction\",\"target\":{\"@type\":\"EntryPoint\",\"urlTemplate\":\"https:\/\/paracherkaoui.ma\/?s={search_term_string}\"},\"query-input\":{\"@type\":\"PropertyValueSpecification\",\"valueRequired\":true,\"valueName\":\"search_term_string\"}}],\"inLanguage\":\"fr-FR\"}]}<\/script>\r\n<!-- \/ Yoast SEO plugin. -->","yoast_head_json":{"title":"CICABIAFINE DOUCHE CREME ANTI IRRITATIONS APAISANTE PEAUS EXTRA SECHE 500 ML - Paracherkaoui.ma","robots":{"index":"index","follow":"follow","max-snippet":"max-snippet:-1","max-image-preview":"max-image-preview:large","max-video-preview":"max-video-preview:-1"},"canonical":"https:\/\/paracherkaoui.ma\/index.php\/produit\/cicabiafine-douche-creme-anti-irritations-apaisante-peaus-extra-seche-500-ml\/","og_locale":"fr_FR","og_type":"article","og_title":"CICABIAFINE DOUCHE CREME ANTI IRRITATIONS APAISANTE PEAUS EXTRA SECHE 500 ML - Paracherkaoui.ma","og_description":"La Douche Cr\u00e8me Anti-Irritations Apaisante pour les peaux extra-s\u00e8ches ou \u00e0 tendance atopique : Hydrate\u00a0intens\u00e9ment durant 24h Aide \u00e0 prot\u00e9ger\u00a0la","og_url":"https:\/\/paracherkaoui.ma\/index.php\/produit\/cicabiafine-douche-creme-anti-irritations-apaisante-peaus-extra-seche-500-ml\/","og_site_name":"Paracherkaoui.ma","article_modified_time":"2025-12-12T16:40:29+00:00","og_image":[{"width":700,"height":700,"url":"https:\/\/paracherkaoui.ma\/wp-content\/uploads\/2025\/12\/cicabiafine-cicabiafine-douche-creme-anti-irritations-apaisante-peaus-extra-seche-500-ml-gels-et-huiles-lavants.jpg","type":"image\/jpeg"}],"twitter_card":"summary_large_image","schema":{"@context":"https:\/\/schema.org","@graph":[{"@type":"WebPage","@id":"https:\/\/paracherkaoui.ma\/index.php\/produit\/cicabiafine-douche-creme-anti-irritations-apaisante-peaus-extra-seche-500-ml\/","url":"https:\/\/paracherkaoui.ma\/index.php\/produit\/cicabiafine-douche-creme-anti-irritations-apaisante-peaus-extra-seche-500-ml\/","name":"CICABIAFINE DOUCHE CREME ANTI IRRITATIONS APAISANTE PEAUS EXTRA SECHE 500 ML - Paracherkaoui.ma","isPartOf":{"@id":"https:\/\/paracherkaoui.ma\/#website"},"primaryImageOfPage":{"@id":"https:\/\/paracherkaoui.ma\/index.php\/produit\/cicabiafine-douche-creme-anti-irritations-apaisante-peaus-extra-seche-500-ml\/#primaryimage"},"image":{"@id":"https:\/\/paracherkaoui.ma\/index.php\/produit\/cicabiafine-douche-creme-anti-irritations-apaisante-peaus-extra-seche-500-ml\/#primaryimage"},"thumbnailUrl":"https:\/\/paracherkaoui.ma\/wp-content\/uploads\/2025\/12\/cicabiafine-cicabiafine-douche-creme-anti-irritations-apaisante-peaus-extra-seche-500-ml-gels-et-huiles-lavants.jpg","datePublished":"2025-12-12T16:40:27+00:00","dateModified":"2025-12-12T16:40:29+00:00","breadcrumb":{"@id":"https:\/\/paracherkaoui.ma\/index.php\/produit\/cicabiafine-douche-creme-anti-irritations-apaisante-peaus-extra-seche-500-ml\/#breadcrumb"},"inLanguage":"fr-FR","potentialAction":[{"@type":"ReadAction","target":["https:\/\/paracherkaoui.ma\/index.php\/produit\/cicabiafine-douche-creme-anti-irritations-apaisante-peaus-extra-seche-500-ml\/"]}]},{"@type":"ImageObject","inLanguage":"fr-FR","@id":"https:\/\/paracherkaoui.ma\/index.php\/produit\/cicabiafine-douche-creme-anti-irritations-apaisante-peaus-extra-seche-500-ml\/#primaryimage","url":"https:\/\/paracherkaoui.ma\/wp-content\/uploads\/2025\/12\/cicabiafine-cicabiafine-douche-creme-anti-irritations-apaisante-peaus-extra-seche-500-ml-gels-et-huiles-lavants.jpg","contentUrl":"https:\/\/paracherkaoui.ma\/wp-content\/uploads\/2025\/12\/cicabiafine-cicabiafine-douche-creme-anti-irritations-apaisante-peaus-extra-seche-500-ml-gels-et-huiles-lavants.jpg","width":700,"height":700},{"@type":"BreadcrumbList","@id":"https:\/\/paracherkaoui.ma\/index.php\/produit\/cicabiafine-douche-creme-anti-irritations-apaisante-peaus-extra-seche-500-ml\/#breadcrumb","itemListElement":[{"@type":"ListItem","position":1,"name":"Accueil","item":"https:\/\/paracherkaoui.ma\/"},{"@type":"ListItem","position":2,"name":"Boutique","item":"https:\/\/paracherkaoui.ma\/index.php\/boutique\/"},{"@type":"ListItem","position":3,"name":"CICABIAFINE DOUCHE CREME ANTI IRRITATIONS APAISANTE PEAUS EXTRA SECHE 500 ML"}]},{"@type":"WebSite","@id":"https:\/\/paracherkaoui.ma\/#website","url":"https:\/\/paracherkaoui.ma\/","name":"Paracherkaoui.ma","description":"Achetez en ligne sur Paracherkaoui.ma","potentialAction":[{"@type":"SearchAction","target":{"@type":"EntryPoint","urlTemplate":"https:\/\/paracherkaoui.ma\/?s={search_term_string}"},"query-input":{"@type":"PropertyValueSpecification","valueRequired":true,"valueName":"search_term_string"}}],"inLanguage":"fr-FR"}]}},"_links":{"self":[{"href":"https:\/\/paracherkaoui.ma\/index.php\/wp-json\/wp\/v2\/product\/11519","targetHints":{"allow":["GET"]}}],"collection":[{"href":"https:\/\/paracherkaoui.ma\/index.php\/wp-json\/wp\/v2\/product"}],"about":[{"href":"https:\/\/paracherkaoui.ma\/index.php\/wp-json\/wp\/v2\/types\/product"}],"replies":[{"embeddable":true,"href":"https:\/\/paracherkaoui.ma\/index.php\/wp-json\/wp\/v2\/comments?post=11519"}],"version-history":[{"count":1,"href":"https:\/\/paracherkaoui.ma\/index.php\/wp-json\/wp\/v2\/product\/11519\/revisions"}],"predecessor-version":[{"id":11563,"href":"https:\/\/paracherkaoui.ma\/index.php\/wp-json\/wp\/v2\/product\/11519\/revisions\/11563"}],"wp:featuredmedia":[{"embeddable":true,"href":"https:\/\/paracherkaoui.ma\/index.php\/wp-json\/wp\/v2\/media\/11562"}],"wp:attachment":[{"href":"https:\/\/paracherkaoui.ma\/index.php\/wp-json\/wp\/v2\/media?parent=11519"}],"wp:term":[{"taxonomy":"product_brand","embeddable":true,"href":"https:\/\/paracherkaoui.ma\/index.php\/wp-json\/wp\/v2\/product_brand?post=11519"},{"taxonomy":"product_cat","embeddable":true,"href":"https:\/\/paracherkaoui.ma\/index.php\/wp-json\/wp\/v2\/product_cat?post=11519"},{"taxonomy":"product_tag","embeddable":true,"href":"https:\/\/paracherkaoui.ma\/index.php\/wp-json\/wp\/v2\/product_tag?post=11519"}],"curies":[{"name":"wp","href":"https:\/\/api.w.org\/{rel}","templated":true}]}}