{"id":11513,"date":"2025-12-12T17:40:27","date_gmt":"2025-12-12T16:40:27","guid":{"rendered":"https:\/\/test.ecbeaute.com\/?post_type=product&#038;p=11513"},"modified":"2025-12-12T17:40:29","modified_gmt":"2025-12-12T16:40:29","slug":"svr-xerial-30-creme-pieds-extreme-creme-pieds-50-ml","status":"publish","type":"product","link":"https:\/\/paracherkaoui.ma\/index.php\/produit\/svr-xerial-30-creme-pieds-extreme-creme-pieds-50-ml\/","title":{"rendered":"SVR XERIAL 30 CREME PIEDS + EXTREME CREME PIEDS 50 ML"},"content":{"rendered":"<p>Ce pack se compose de :<br \/>\nSVR XERIAL 50 EXTREME CREME PIEDS ANTI- CALLOSITES: SVR X\u00e9rial 50 extr\u00eame est une cr\u00e8me qui r\u00e9duit efficacement les callosit\u00e9s et les durillons rebelles pr\u00e9sents sur les pieds, et ce, en un temps record : 7 jours. En effet, gr\u00e2ce \u00e0 sa composition : technologie Ur\u00e9e pure concentr\u00e9e \u00e0 50%, prot\u00e9ase, acides amin\u00e9s et acide salicylique, X\u00e9rail 50 extr\u00eame est capable d\u2019\u00e9liminer en une semaine les callosit\u00e9s et les durillons rebelles des pieds et ainsi rendre la peau lisse et souple.<br \/>\nSVR XERIAL 30 CREME PIEDS TRES SECS ET AB\u00ceMES (OFFERTE)\u00a0: SVR X\u00e9rial 30 est une cr\u00e8me qui r\u00e9pare la peau des pieds tr\u00e8s secs voir m\u00eame ceux ayant des callosit\u00e9s. Cette cr\u00e8me pr\u00e9vient l\u2019apparition des callosit\u00e9s. En effet, gr\u00e2ce \u00e0 sa composition \u00e0 savoir : Prot\u00e9ase, beurre de Karit\u00e9, Allanto\u00efne, Acides Amin\u00e8s, Vitamine B5 et la technologie Ur\u00e9e Pure concentr\u00e9e \u00e0 30%, SVR X\u00e9rial 30 r\u00e9duit efficacement l\u2019aspect sec et ab\u00eem\u00e9 de la peau mais aussi hydrate et surtout pr\u00e9vient l\u2019apparition des callosit\u00e9s.<\/p>\n","protected":false},"excerpt":{"rendered":"<p>Ce pack se compose de : SVR XERIAL 50 EXTREME CREME PIEDS ANTI- CALLOSITES: SVR X\u00e9rial 50 extr\u00eame est une<\/p>\n","protected":false},"featured_media":11550,"comment_status":"open","ping_status":"closed","template":"","meta":[],"product_brand":[133],"product_cat":[148],"product_tag":[],"class_list":{"0":"post-11513","1":"product","2":"type-product","3":"status-publish","4":"has-post-thumbnail","6":"product_brand-svr","7":"product_cat-peau-seche","9":"first","10":"instock","11":"sale","12":"shipping-taxable","13":"purchasable","14":"product-type-simple"},"yoast_head":"<!-- This site is optimized with the Yoast SEO plugin v26.6 - https:\/\/yoast.com\/wordpress\/plugins\/seo\/ -->\r\n<title>SVR XERIAL 30 CREME PIEDS + EXTREME CREME PIEDS 50 ML - Paracherkaoui.ma<\/title>\r\n<meta name=\"robots\" content=\"index, follow, max-snippet:-1, max-image-preview:large, max-video-preview:-1\" \/>\r\n<link rel=\"canonical\" href=\"https:\/\/paracherkaoui.ma\/index.php\/produit\/svr-xerial-30-creme-pieds-extreme-creme-pieds-50-ml\/\" \/>\r\n<meta property=\"og:locale\" content=\"fr_FR\" \/>\r\n<meta property=\"og:type\" content=\"article\" \/>\r\n<meta property=\"og:title\" content=\"SVR XERIAL 30 CREME PIEDS + EXTREME CREME PIEDS 50 ML - Paracherkaoui.ma\" \/>\r\n<meta property=\"og:description\" content=\"Ce pack se compose de : SVR XERIAL 50 EXTREME CREME PIEDS ANTI- CALLOSITES: SVR X\u00e9rial 50 extr\u00eame est une\" \/>\r\n<meta property=\"og:url\" content=\"https:\/\/paracherkaoui.ma\/index.php\/produit\/svr-xerial-30-creme-pieds-extreme-creme-pieds-50-ml\/\" \/>\r\n<meta property=\"og:site_name\" content=\"Paracherkaoui.ma\" \/>\r\n<meta property=\"article:modified_time\" content=\"2025-12-12T16:40:29+00:00\" \/>\r\n<meta property=\"og:image\" content=\"https:\/\/paracherkaoui.ma\/wp-content\/uploads\/2025\/12\/svr-svr-xerial-30-creme-pieds-extreme-creme-pieds-50-ml-promotions-diverses.jpg\" \/>\r\n\t<meta property=\"og:image:width\" content=\"700\" \/>\r\n\t<meta property=\"og:image:height\" content=\"700\" \/>\r\n\t<meta property=\"og:image:type\" content=\"image\/jpeg\" \/>\r\n<meta name=\"twitter:card\" content=\"summary_large_image\" \/>\r\n<meta name=\"twitter:label1\" content=\"Dur\u00e9e de lecture estim\u00e9e\" \/>\n\t<meta name=\"twitter:data1\" content=\"1 minute\" \/>\r\n<script type=\"application\/ld+json\" class=\"yoast-schema-graph\">{\"@context\":\"https:\/\/schema.org\",\"@graph\":[{\"@type\":\"WebPage\",\"@id\":\"https:\/\/paracherkaoui.ma\/index.php\/produit\/svr-xerial-30-creme-pieds-extreme-creme-pieds-50-ml\/\",\"url\":\"https:\/\/paracherkaoui.ma\/index.php\/produit\/svr-xerial-30-creme-pieds-extreme-creme-pieds-50-ml\/\",\"name\":\"SVR XERIAL 30 CREME PIEDS + EXTREME CREME PIEDS 50 ML - Paracherkaoui.ma\",\"isPartOf\":{\"@id\":\"https:\/\/paracherkaoui.ma\/#website\"},\"primaryImageOfPage\":{\"@id\":\"https:\/\/paracherkaoui.ma\/index.php\/produit\/svr-xerial-30-creme-pieds-extreme-creme-pieds-50-ml\/#primaryimage\"},\"image\":{\"@id\":\"https:\/\/paracherkaoui.ma\/index.php\/produit\/svr-xerial-30-creme-pieds-extreme-creme-pieds-50-ml\/#primaryimage\"},\"thumbnailUrl\":\"https:\/\/paracherkaoui.ma\/wp-content\/uploads\/2025\/12\/svr-svr-xerial-30-creme-pieds-extreme-creme-pieds-50-ml-promotions-diverses.jpg\",\"datePublished\":\"2025-12-12T16:40:27+00:00\",\"dateModified\":\"2025-12-12T16:40:29+00:00\",\"breadcrumb\":{\"@id\":\"https:\/\/paracherkaoui.ma\/index.php\/produit\/svr-xerial-30-creme-pieds-extreme-creme-pieds-50-ml\/#breadcrumb\"},\"inLanguage\":\"fr-FR\",\"potentialAction\":[{\"@type\":\"ReadAction\",\"target\":[\"https:\/\/paracherkaoui.ma\/index.php\/produit\/svr-xerial-30-creme-pieds-extreme-creme-pieds-50-ml\/\"]}]},{\"@type\":\"ImageObject\",\"inLanguage\":\"fr-FR\",\"@id\":\"https:\/\/paracherkaoui.ma\/index.php\/produit\/svr-xerial-30-creme-pieds-extreme-creme-pieds-50-ml\/#primaryimage\",\"url\":\"https:\/\/paracherkaoui.ma\/wp-content\/uploads\/2025\/12\/svr-svr-xerial-30-creme-pieds-extreme-creme-pieds-50-ml-promotions-diverses.jpg\",\"contentUrl\":\"https:\/\/paracherkaoui.ma\/wp-content\/uploads\/2025\/12\/svr-svr-xerial-30-creme-pieds-extreme-creme-pieds-50-ml-promotions-diverses.jpg\",\"width\":700,\"height\":700},{\"@type\":\"BreadcrumbList\",\"@id\":\"https:\/\/paracherkaoui.ma\/index.php\/produit\/svr-xerial-30-creme-pieds-extreme-creme-pieds-50-ml\/#breadcrumb\",\"itemListElement\":[{\"@type\":\"ListItem\",\"position\":1,\"name\":\"Accueil\",\"item\":\"https:\/\/paracherkaoui.ma\/\"},{\"@type\":\"ListItem\",\"position\":2,\"name\":\"Boutique\",\"item\":\"https:\/\/paracherkaoui.ma\/index.php\/boutique\/\"},{\"@type\":\"ListItem\",\"position\":3,\"name\":\"SVR XERIAL 30 CREME PIEDS + EXTREME CREME PIEDS 50 ML\"}]},{\"@type\":\"WebSite\",\"@id\":\"https:\/\/paracherkaoui.ma\/#website\",\"url\":\"https:\/\/paracherkaoui.ma\/\",\"name\":\"Paracherkaoui.ma\",\"description\":\"Achetez en ligne sur Paracherkaoui.ma\",\"potentialAction\":[{\"@type\":\"SearchAction\",\"target\":{\"@type\":\"EntryPoint\",\"urlTemplate\":\"https:\/\/paracherkaoui.ma\/?s={search_term_string}\"},\"query-input\":{\"@type\":\"PropertyValueSpecification\",\"valueRequired\":true,\"valueName\":\"search_term_string\"}}],\"inLanguage\":\"fr-FR\"}]}<\/script>\r\n<!-- \/ Yoast SEO plugin. -->","yoast_head_json":{"title":"SVR XERIAL 30 CREME PIEDS + EXTREME CREME PIEDS 50 ML - Paracherkaoui.ma","robots":{"index":"index","follow":"follow","max-snippet":"max-snippet:-1","max-image-preview":"max-image-preview:large","max-video-preview":"max-video-preview:-1"},"canonical":"https:\/\/paracherkaoui.ma\/index.php\/produit\/svr-xerial-30-creme-pieds-extreme-creme-pieds-50-ml\/","og_locale":"fr_FR","og_type":"article","og_title":"SVR XERIAL 30 CREME PIEDS + EXTREME CREME PIEDS 50 ML - Paracherkaoui.ma","og_description":"Ce pack se compose de : SVR XERIAL 50 EXTREME CREME PIEDS ANTI- CALLOSITES: SVR X\u00e9rial 50 extr\u00eame est une","og_url":"https:\/\/paracherkaoui.ma\/index.php\/produit\/svr-xerial-30-creme-pieds-extreme-creme-pieds-50-ml\/","og_site_name":"Paracherkaoui.ma","article_modified_time":"2025-12-12T16:40:29+00:00","og_image":[{"width":700,"height":700,"url":"https:\/\/paracherkaoui.ma\/wp-content\/uploads\/2025\/12\/svr-svr-xerial-30-creme-pieds-extreme-creme-pieds-50-ml-promotions-diverses.jpg","type":"image\/jpeg"}],"twitter_card":"summary_large_image","twitter_misc":{"Dur\u00e9e de lecture estim\u00e9e":"1 minute"},"schema":{"@context":"https:\/\/schema.org","@graph":[{"@type":"WebPage","@id":"https:\/\/paracherkaoui.ma\/index.php\/produit\/svr-xerial-30-creme-pieds-extreme-creme-pieds-50-ml\/","url":"https:\/\/paracherkaoui.ma\/index.php\/produit\/svr-xerial-30-creme-pieds-extreme-creme-pieds-50-ml\/","name":"SVR XERIAL 30 CREME PIEDS + EXTREME CREME PIEDS 50 ML - Paracherkaoui.ma","isPartOf":{"@id":"https:\/\/paracherkaoui.ma\/#website"},"primaryImageOfPage":{"@id":"https:\/\/paracherkaoui.ma\/index.php\/produit\/svr-xerial-30-creme-pieds-extreme-creme-pieds-50-ml\/#primaryimage"},"image":{"@id":"https:\/\/paracherkaoui.ma\/index.php\/produit\/svr-xerial-30-creme-pieds-extreme-creme-pieds-50-ml\/#primaryimage"},"thumbnailUrl":"https:\/\/paracherkaoui.ma\/wp-content\/uploads\/2025\/12\/svr-svr-xerial-30-creme-pieds-extreme-creme-pieds-50-ml-promotions-diverses.jpg","datePublished":"2025-12-12T16:40:27+00:00","dateModified":"2025-12-12T16:40:29+00:00","breadcrumb":{"@id":"https:\/\/paracherkaoui.ma\/index.php\/produit\/svr-xerial-30-creme-pieds-extreme-creme-pieds-50-ml\/#breadcrumb"},"inLanguage":"fr-FR","potentialAction":[{"@type":"ReadAction","target":["https:\/\/paracherkaoui.ma\/index.php\/produit\/svr-xerial-30-creme-pieds-extreme-creme-pieds-50-ml\/"]}]},{"@type":"ImageObject","inLanguage":"fr-FR","@id":"https:\/\/paracherkaoui.ma\/index.php\/produit\/svr-xerial-30-creme-pieds-extreme-creme-pieds-50-ml\/#primaryimage","url":"https:\/\/paracherkaoui.ma\/wp-content\/uploads\/2025\/12\/svr-svr-xerial-30-creme-pieds-extreme-creme-pieds-50-ml-promotions-diverses.jpg","contentUrl":"https:\/\/paracherkaoui.ma\/wp-content\/uploads\/2025\/12\/svr-svr-xerial-30-creme-pieds-extreme-creme-pieds-50-ml-promotions-diverses.jpg","width":700,"height":700},{"@type":"BreadcrumbList","@id":"https:\/\/paracherkaoui.ma\/index.php\/produit\/svr-xerial-30-creme-pieds-extreme-creme-pieds-50-ml\/#breadcrumb","itemListElement":[{"@type":"ListItem","position":1,"name":"Accueil","item":"https:\/\/paracherkaoui.ma\/"},{"@type":"ListItem","position":2,"name":"Boutique","item":"https:\/\/paracherkaoui.ma\/index.php\/boutique\/"},{"@type":"ListItem","position":3,"name":"SVR XERIAL 30 CREME PIEDS + EXTREME CREME PIEDS 50 ML"}]},{"@type":"WebSite","@id":"https:\/\/paracherkaoui.ma\/#website","url":"https:\/\/paracherkaoui.ma\/","name":"Paracherkaoui.ma","description":"Achetez en ligne sur Paracherkaoui.ma","potentialAction":[{"@type":"SearchAction","target":{"@type":"EntryPoint","urlTemplate":"https:\/\/paracherkaoui.ma\/?s={search_term_string}"},"query-input":{"@type":"PropertyValueSpecification","valueRequired":true,"valueName":"search_term_string"}}],"inLanguage":"fr-FR"}]}},"_links":{"self":[{"href":"https:\/\/paracherkaoui.ma\/index.php\/wp-json\/wp\/v2\/product\/11513","targetHints":{"allow":["GET"]}}],"collection":[{"href":"https:\/\/paracherkaoui.ma\/index.php\/wp-json\/wp\/v2\/product"}],"about":[{"href":"https:\/\/paracherkaoui.ma\/index.php\/wp-json\/wp\/v2\/types\/product"}],"replies":[{"embeddable":true,"href":"https:\/\/paracherkaoui.ma\/index.php\/wp-json\/wp\/v2\/comments?post=11513"}],"version-history":[{"count":1,"href":"https:\/\/paracherkaoui.ma\/index.php\/wp-json\/wp\/v2\/product\/11513\/revisions"}],"predecessor-version":[{"id":11551,"href":"https:\/\/paracherkaoui.ma\/index.php\/wp-json\/wp\/v2\/product\/11513\/revisions\/11551"}],"wp:featuredmedia":[{"embeddable":true,"href":"https:\/\/paracherkaoui.ma\/index.php\/wp-json\/wp\/v2\/media\/11550"}],"wp:attachment":[{"href":"https:\/\/paracherkaoui.ma\/index.php\/wp-json\/wp\/v2\/media?parent=11513"}],"wp:term":[{"taxonomy":"product_brand","embeddable":true,"href":"https:\/\/paracherkaoui.ma\/index.php\/wp-json\/wp\/v2\/product_brand?post=11513"},{"taxonomy":"product_cat","embeddable":true,"href":"https:\/\/paracherkaoui.ma\/index.php\/wp-json\/wp\/v2\/product_cat?post=11513"},{"taxonomy":"product_tag","embeddable":true,"href":"https:\/\/paracherkaoui.ma\/index.php\/wp-json\/wp\/v2\/product_tag?post=11513"}],"curies":[{"name":"wp","href":"https:\/\/api.w.org\/{rel}","templated":true}]}}