{"id":11446,"date":"2025-12-12T17:40:22","date_gmt":"2025-12-12T16:40:22","guid":{"rendered":"https:\/\/test.ecbeaute.com\/?post_type=product&#038;p=11446"},"modified":"2025-12-12T17:40:25","modified_gmt":"2025-12-12T16:40:25","slug":"cerave-creme-mains-reparatrice-50ml","status":"publish","type":"product","link":"https:\/\/paracherkaoui.ma\/index.php\/produit\/cerave-creme-mains-reparatrice-50ml\/","title":{"rendered":"CERAVE CREME MAINS REPARATRICE 50ML"},"content":{"rendered":"<p>Gr\u00e2ce \u00e0 la technologie brevet\u00e9e MVE, les actifs hydratants sont diffus\u00e9s progressivement pour une hydratation continue pendant 24h. Sa texture cr\u00e8me nourrissante, non grasse et non collante, p\u00e9n\u00e8tre rapidement sans laisser de film. Parfaitement adapt\u00e9e aux peaux sensibles, cette cr\u00e8me est hypoallerg\u00e9nique, non com\u00e9dog\u00e8ne, sans parfum et sans parab\u00e8ne.<br \/>\nUtilis\u00e9e quotidiennement, elle renforce les d\u00e9fenses naturelles de la peau, apaise les tiraillements et laisse les mains douces, souples et prot\u00e9g\u00e9es, m\u00eame en cas d\u2019agressions ext\u00e9rieures fr\u00e9quentes (lavage intensif, froid, produits m\u00e9nagers&#8230;).<br \/>\nQue ce soit pour l\u2019hiver ou apr\u00e8s un usage intensif des mains, CeraVe Cr\u00e8me Mains R\u00e9paratrice devient un indispensable de votre routine de soin.<br \/>\nVos mains m\u00e9ritent ce qu\u2019il y a de mieux !<br \/>\nLa Cr\u00e8me Mains R\u00e9paratrice CeraVe hydrate, r\u00e9pare et apaise intens\u00e9ment les mains s\u00e8ches \u00e0 tr\u00e8s s\u00e8ches.<br \/>\nEnrichie en c\u00e9ramides + acide hyaluronique<br \/>\nTexture non grasse, sans parfum<br \/>\nTest\u00e9e dermatologiquement, id\u00e9ale peaux sensibles<br \/>\nFormat 50ml \u00e0 glisser dans tous les sacs !<br \/>\nConseils d\u2019utilisation<br \/>\nAppliquez une noisette de cr\u00e8me sur les mains propres et s\u00e8ches.<br \/>\nMassez doucement jusqu\u2019\u00e0 absorption compl\u00e8te.<br \/>\n\u00c0 utiliser aussi souvent que n\u00e9cessaire, surtout apr\u00e8s le lavage des mains ou en cas de s\u00e9cheresse intense.<br \/>\nComposition<br \/>\nAQUA\/WATER, GLYCERIN, CETEARYL ALCOHOL, PHENOXYETHANOL, STEARYL ALCOHOL, CETYL ALCOHOL, PEG-40 STEARATE, BEHENTRIMONIUM METHOSULFATE, GLYCERYL STEARATE, POLYSORBATE 20, ETHYLHEXYLGLYCERIN, POTASSIUM PHOSPHATE, DISODIUM EDTA, DIPOTASSIUM PHOSPHATE, SODIUM LAUROYL LACTYLATE, CERAMIDE NP, CERAMIDE AP, PHYTOSPHINGOSINE, CHOLESTEROL, SODIUM HYALURONATE, XANTHAN GUM, CARBOMER, TOCOPHEROL, CERAMIDE EOP<\/p>\n","protected":false},"excerpt":{"rendered":"<p>Gr\u00e2ce \u00e0 la technologie brevet\u00e9e MVE, les actifs hydratants sont diffus\u00e9s progressivement pour une hydratation continue pendant 24h. Sa texture<\/p>\n","protected":false},"featured_media":11502,"comment_status":"open","ping_status":"closed","template":"","meta":[],"product_brand":[131],"product_cat":[148],"product_tag":[],"class_list":{"0":"post-11446","1":"product","2":"type-product","3":"status-publish","4":"has-post-thumbnail","6":"product_brand-cerave","7":"product_cat-peau-seche","9":"first","10":"instock","11":"sale","12":"shipping-taxable","13":"purchasable","14":"product-type-simple"},"yoast_head":"<!-- This site is optimized with the Yoast SEO plugin v26.6 - https:\/\/yoast.com\/wordpress\/plugins\/seo\/ -->\r\n<title>CERAVE CREME MAINS REPARATRICE 50ML - Paracherkaoui.ma<\/title>\r\n<meta name=\"robots\" content=\"index, follow, max-snippet:-1, max-image-preview:large, max-video-preview:-1\" \/>\r\n<link rel=\"canonical\" href=\"https:\/\/paracherkaoui.ma\/index.php\/produit\/cerave-creme-mains-reparatrice-50ml\/\" \/>\r\n<meta property=\"og:locale\" content=\"fr_FR\" \/>\r\n<meta property=\"og:type\" content=\"article\" \/>\r\n<meta property=\"og:title\" content=\"CERAVE CREME MAINS REPARATRICE 50ML - Paracherkaoui.ma\" \/>\r\n<meta property=\"og:description\" content=\"Gr\u00e2ce \u00e0 la technologie brevet\u00e9e MVE, les actifs hydratants sont diffus\u00e9s progressivement pour une hydratation continue pendant 24h. Sa texture\" \/>\r\n<meta property=\"og:url\" content=\"https:\/\/paracherkaoui.ma\/index.php\/produit\/cerave-creme-mains-reparatrice-50ml\/\" \/>\r\n<meta property=\"og:site_name\" content=\"Paracherkaoui.ma\" \/>\r\n<meta property=\"article:modified_time\" content=\"2025-12-12T16:40:25+00:00\" \/>\r\n<meta property=\"og:image\" content=\"https:\/\/paracherkaoui.ma\/wp-content\/uploads\/2025\/12\/cerave-cerave-creme-mains-reparatrice-50ml-soins-mains-et-pieds.jpg\" \/>\r\n\t<meta property=\"og:image:width\" content=\"700\" \/>\r\n\t<meta property=\"og:image:height\" content=\"700\" \/>\r\n\t<meta property=\"og:image:type\" content=\"image\/jpeg\" \/>\r\n<meta name=\"twitter:card\" content=\"summary_large_image\" \/>\r\n<meta name=\"twitter:label1\" content=\"Dur\u00e9e de lecture estim\u00e9e\" \/>\n\t<meta name=\"twitter:data1\" content=\"1 minute\" \/>\r\n<script type=\"application\/ld+json\" class=\"yoast-schema-graph\">{\"@context\":\"https:\/\/schema.org\",\"@graph\":[{\"@type\":\"WebPage\",\"@id\":\"https:\/\/paracherkaoui.ma\/index.php\/produit\/cerave-creme-mains-reparatrice-50ml\/\",\"url\":\"https:\/\/paracherkaoui.ma\/index.php\/produit\/cerave-creme-mains-reparatrice-50ml\/\",\"name\":\"CERAVE CREME MAINS REPARATRICE 50ML - Paracherkaoui.ma\",\"isPartOf\":{\"@id\":\"https:\/\/paracherkaoui.ma\/#website\"},\"primaryImageOfPage\":{\"@id\":\"https:\/\/paracherkaoui.ma\/index.php\/produit\/cerave-creme-mains-reparatrice-50ml\/#primaryimage\"},\"image\":{\"@id\":\"https:\/\/paracherkaoui.ma\/index.php\/produit\/cerave-creme-mains-reparatrice-50ml\/#primaryimage\"},\"thumbnailUrl\":\"https:\/\/paracherkaoui.ma\/wp-content\/uploads\/2025\/12\/cerave-cerave-creme-mains-reparatrice-50ml-soins-mains-et-pieds.jpg\",\"datePublished\":\"2025-12-12T16:40:22+00:00\",\"dateModified\":\"2025-12-12T16:40:25+00:00\",\"breadcrumb\":{\"@id\":\"https:\/\/paracherkaoui.ma\/index.php\/produit\/cerave-creme-mains-reparatrice-50ml\/#breadcrumb\"},\"inLanguage\":\"fr-FR\",\"potentialAction\":[{\"@type\":\"ReadAction\",\"target\":[\"https:\/\/paracherkaoui.ma\/index.php\/produit\/cerave-creme-mains-reparatrice-50ml\/\"]}]},{\"@type\":\"ImageObject\",\"inLanguage\":\"fr-FR\",\"@id\":\"https:\/\/paracherkaoui.ma\/index.php\/produit\/cerave-creme-mains-reparatrice-50ml\/#primaryimage\",\"url\":\"https:\/\/paracherkaoui.ma\/wp-content\/uploads\/2025\/12\/cerave-cerave-creme-mains-reparatrice-50ml-soins-mains-et-pieds.jpg\",\"contentUrl\":\"https:\/\/paracherkaoui.ma\/wp-content\/uploads\/2025\/12\/cerave-cerave-creme-mains-reparatrice-50ml-soins-mains-et-pieds.jpg\",\"width\":700,\"height\":700},{\"@type\":\"BreadcrumbList\",\"@id\":\"https:\/\/paracherkaoui.ma\/index.php\/produit\/cerave-creme-mains-reparatrice-50ml\/#breadcrumb\",\"itemListElement\":[{\"@type\":\"ListItem\",\"position\":1,\"name\":\"Accueil\",\"item\":\"https:\/\/paracherkaoui.ma\/\"},{\"@type\":\"ListItem\",\"position\":2,\"name\":\"Boutique\",\"item\":\"https:\/\/paracherkaoui.ma\/index.php\/boutique\/\"},{\"@type\":\"ListItem\",\"position\":3,\"name\":\"CERAVE CREME MAINS REPARATRICE 50ML\"}]},{\"@type\":\"WebSite\",\"@id\":\"https:\/\/paracherkaoui.ma\/#website\",\"url\":\"https:\/\/paracherkaoui.ma\/\",\"name\":\"Paracherkaoui.ma\",\"description\":\"Achetez en ligne sur Paracherkaoui.ma\",\"potentialAction\":[{\"@type\":\"SearchAction\",\"target\":{\"@type\":\"EntryPoint\",\"urlTemplate\":\"https:\/\/paracherkaoui.ma\/?s={search_term_string}\"},\"query-input\":{\"@type\":\"PropertyValueSpecification\",\"valueRequired\":true,\"valueName\":\"search_term_string\"}}],\"inLanguage\":\"fr-FR\"}]}<\/script>\r\n<!-- \/ Yoast SEO plugin. -->","yoast_head_json":{"title":"CERAVE CREME MAINS REPARATRICE 50ML - Paracherkaoui.ma","robots":{"index":"index","follow":"follow","max-snippet":"max-snippet:-1","max-image-preview":"max-image-preview:large","max-video-preview":"max-video-preview:-1"},"canonical":"https:\/\/paracherkaoui.ma\/index.php\/produit\/cerave-creme-mains-reparatrice-50ml\/","og_locale":"fr_FR","og_type":"article","og_title":"CERAVE CREME MAINS REPARATRICE 50ML - Paracherkaoui.ma","og_description":"Gr\u00e2ce \u00e0 la technologie brevet\u00e9e MVE, les actifs hydratants sont diffus\u00e9s progressivement pour une hydratation continue pendant 24h. Sa texture","og_url":"https:\/\/paracherkaoui.ma\/index.php\/produit\/cerave-creme-mains-reparatrice-50ml\/","og_site_name":"Paracherkaoui.ma","article_modified_time":"2025-12-12T16:40:25+00:00","og_image":[{"width":700,"height":700,"url":"https:\/\/paracherkaoui.ma\/wp-content\/uploads\/2025\/12\/cerave-cerave-creme-mains-reparatrice-50ml-soins-mains-et-pieds.jpg","type":"image\/jpeg"}],"twitter_card":"summary_large_image","twitter_misc":{"Dur\u00e9e de lecture estim\u00e9e":"1 minute"},"schema":{"@context":"https:\/\/schema.org","@graph":[{"@type":"WebPage","@id":"https:\/\/paracherkaoui.ma\/index.php\/produit\/cerave-creme-mains-reparatrice-50ml\/","url":"https:\/\/paracherkaoui.ma\/index.php\/produit\/cerave-creme-mains-reparatrice-50ml\/","name":"CERAVE CREME MAINS REPARATRICE 50ML - Paracherkaoui.ma","isPartOf":{"@id":"https:\/\/paracherkaoui.ma\/#website"},"primaryImageOfPage":{"@id":"https:\/\/paracherkaoui.ma\/index.php\/produit\/cerave-creme-mains-reparatrice-50ml\/#primaryimage"},"image":{"@id":"https:\/\/paracherkaoui.ma\/index.php\/produit\/cerave-creme-mains-reparatrice-50ml\/#primaryimage"},"thumbnailUrl":"https:\/\/paracherkaoui.ma\/wp-content\/uploads\/2025\/12\/cerave-cerave-creme-mains-reparatrice-50ml-soins-mains-et-pieds.jpg","datePublished":"2025-12-12T16:40:22+00:00","dateModified":"2025-12-12T16:40:25+00:00","breadcrumb":{"@id":"https:\/\/paracherkaoui.ma\/index.php\/produit\/cerave-creme-mains-reparatrice-50ml\/#breadcrumb"},"inLanguage":"fr-FR","potentialAction":[{"@type":"ReadAction","target":["https:\/\/paracherkaoui.ma\/index.php\/produit\/cerave-creme-mains-reparatrice-50ml\/"]}]},{"@type":"ImageObject","inLanguage":"fr-FR","@id":"https:\/\/paracherkaoui.ma\/index.php\/produit\/cerave-creme-mains-reparatrice-50ml\/#primaryimage","url":"https:\/\/paracherkaoui.ma\/wp-content\/uploads\/2025\/12\/cerave-cerave-creme-mains-reparatrice-50ml-soins-mains-et-pieds.jpg","contentUrl":"https:\/\/paracherkaoui.ma\/wp-content\/uploads\/2025\/12\/cerave-cerave-creme-mains-reparatrice-50ml-soins-mains-et-pieds.jpg","width":700,"height":700},{"@type":"BreadcrumbList","@id":"https:\/\/paracherkaoui.ma\/index.php\/produit\/cerave-creme-mains-reparatrice-50ml\/#breadcrumb","itemListElement":[{"@type":"ListItem","position":1,"name":"Accueil","item":"https:\/\/paracherkaoui.ma\/"},{"@type":"ListItem","position":2,"name":"Boutique","item":"https:\/\/paracherkaoui.ma\/index.php\/boutique\/"},{"@type":"ListItem","position":3,"name":"CERAVE CREME MAINS REPARATRICE 50ML"}]},{"@type":"WebSite","@id":"https:\/\/paracherkaoui.ma\/#website","url":"https:\/\/paracherkaoui.ma\/","name":"Paracherkaoui.ma","description":"Achetez en ligne sur Paracherkaoui.ma","potentialAction":[{"@type":"SearchAction","target":{"@type":"EntryPoint","urlTemplate":"https:\/\/paracherkaoui.ma\/?s={search_term_string}"},"query-input":{"@type":"PropertyValueSpecification","valueRequired":true,"valueName":"search_term_string"}}],"inLanguage":"fr-FR"}]}},"_links":{"self":[{"href":"https:\/\/paracherkaoui.ma\/index.php\/wp-json\/wp\/v2\/product\/11446","targetHints":{"allow":["GET"]}}],"collection":[{"href":"https:\/\/paracherkaoui.ma\/index.php\/wp-json\/wp\/v2\/product"}],"about":[{"href":"https:\/\/paracherkaoui.ma\/index.php\/wp-json\/wp\/v2\/types\/product"}],"replies":[{"embeddable":true,"href":"https:\/\/paracherkaoui.ma\/index.php\/wp-json\/wp\/v2\/comments?post=11446"}],"version-history":[{"count":1,"href":"https:\/\/paracherkaoui.ma\/index.php\/wp-json\/wp\/v2\/product\/11446\/revisions"}],"predecessor-version":[{"id":11503,"href":"https:\/\/paracherkaoui.ma\/index.php\/wp-json\/wp\/v2\/product\/11446\/revisions\/11503"}],"wp:featuredmedia":[{"embeddable":true,"href":"https:\/\/paracherkaoui.ma\/index.php\/wp-json\/wp\/v2\/media\/11502"}],"wp:attachment":[{"href":"https:\/\/paracherkaoui.ma\/index.php\/wp-json\/wp\/v2\/media?parent=11446"}],"wp:term":[{"taxonomy":"product_brand","embeddable":true,"href":"https:\/\/paracherkaoui.ma\/index.php\/wp-json\/wp\/v2\/product_brand?post=11446"},{"taxonomy":"product_cat","embeddable":true,"href":"https:\/\/paracherkaoui.ma\/index.php\/wp-json\/wp\/v2\/product_cat?post=11446"},{"taxonomy":"product_tag","embeddable":true,"href":"https:\/\/paracherkaoui.ma\/index.php\/wp-json\/wp\/v2\/product_tag?post=11446"}],"curies":[{"name":"wp","href":"https:\/\/api.w.org\/{rel}","templated":true}]}}