{"id":11418,"date":"2025-12-12T17:40:21","date_gmt":"2025-12-12T16:40:21","guid":{"rendered":"https:\/\/test.ecbeaute.com\/?post_type=product&#038;p=11418"},"modified":"2025-12-12T17:40:22","modified_gmt":"2025-12-12T16:40:22","slug":"svr-xerail-gel-creme-30-75-ml","status":"publish","type":"product","link":"https:\/\/paracherkaoui.ma\/index.php\/produit\/svr-xerail-gel-creme-30-75-ml\/","title":{"rendered":"SVR XERAIL GEL CREME 30-75 ML"},"content":{"rendered":"<p>X\u00e9rial 30 Gel-Cr\u00e8me \u00e9limine les rugosit\u00e9s et plaques squameuses \u00e9paisses localis\u00e9es tout en hydratant intens\u00e9ment la peau pendant 48 heures gr\u00e2ce \u00e0 sa technologie Ur\u00e9e Pure brevet\u00e9e. Jour apr\u00e8s jour, l&rsquo;aspect irr\u00e9gulier, granuleux et les poils incarn\u00e9s sont r\u00e9duits. La peau est plus douce au toucher et visuellement plus lisse. Sa texture fondante glisse sur la peau et p\u00e9n\u00e8tre rapidement pour permettre un habillage imm\u00e9diat.<br \/>\nConvient aux coudes, genoux, mains et bras.<br \/>\nTest\u00e9 sous contr\u00f4le dermatologique.<br \/>\nSans parfum.<\/p>\n","protected":false},"excerpt":{"rendered":"<p>X\u00e9rial 30 Gel-Cr\u00e8me \u00e9limine les rugosit\u00e9s et plaques squameuses \u00e9paisses localis\u00e9es tout en hydratant intens\u00e9ment la peau pendant 48 heures<\/p>\n","protected":false},"featured_media":11448,"comment_status":"open","ping_status":"closed","template":"","meta":[],"product_brand":[133],"product_cat":[148],"product_tag":[],"class_list":{"0":"post-11418","1":"product","2":"type-product","3":"status-publish","4":"has-post-thumbnail","6":"product_brand-svr","7":"product_cat-peau-seche","9":"first","10":"instock","11":"sale","12":"shipping-taxable","13":"purchasable","14":"product-type-simple"},"yoast_head":"<!-- This site is optimized with the Yoast SEO plugin v26.6 - https:\/\/yoast.com\/wordpress\/plugins\/seo\/ -->\r\n<title>SVR XERAIL GEL CREME 30-75 ML - Paracherkaoui.ma<\/title>\r\n<meta name=\"robots\" content=\"index, follow, max-snippet:-1, max-image-preview:large, max-video-preview:-1\" \/>\r\n<link rel=\"canonical\" href=\"https:\/\/paracherkaoui.ma\/index.php\/produit\/svr-xerail-gel-creme-30-75-ml\/\" \/>\r\n<meta property=\"og:locale\" content=\"fr_FR\" \/>\r\n<meta property=\"og:type\" content=\"article\" \/>\r\n<meta property=\"og:title\" content=\"SVR XERAIL GEL CREME 30-75 ML - Paracherkaoui.ma\" \/>\r\n<meta property=\"og:description\" content=\"X\u00e9rial 30 Gel-Cr\u00e8me \u00e9limine les rugosit\u00e9s et plaques squameuses \u00e9paisses localis\u00e9es tout en hydratant intens\u00e9ment la peau pendant 48 heures\" \/>\r\n<meta property=\"og:url\" content=\"https:\/\/paracherkaoui.ma\/index.php\/produit\/svr-xerail-gel-creme-30-75-ml\/\" \/>\r\n<meta property=\"og:site_name\" content=\"Paracherkaoui.ma\" \/>\r\n<meta property=\"article:modified_time\" content=\"2025-12-12T16:40:22+00:00\" \/>\r\n<meta property=\"og:image\" content=\"https:\/\/paracherkaoui.ma\/wp-content\/uploads\/2025\/12\/svr-svr-xerail-gel-creme-30-75-ml-corps.jpg\" \/>\r\n\t<meta property=\"og:image:width\" content=\"700\" \/>\r\n\t<meta property=\"og:image:height\" content=\"700\" \/>\r\n\t<meta property=\"og:image:type\" content=\"image\/jpeg\" \/>\r\n<meta name=\"twitter:card\" content=\"summary_large_image\" \/>\r\n<script type=\"application\/ld+json\" class=\"yoast-schema-graph\">{\"@context\":\"https:\/\/schema.org\",\"@graph\":[{\"@type\":\"WebPage\",\"@id\":\"https:\/\/paracherkaoui.ma\/index.php\/produit\/svr-xerail-gel-creme-30-75-ml\/\",\"url\":\"https:\/\/paracherkaoui.ma\/index.php\/produit\/svr-xerail-gel-creme-30-75-ml\/\",\"name\":\"SVR XERAIL GEL CREME 30-75 ML - Paracherkaoui.ma\",\"isPartOf\":{\"@id\":\"https:\/\/paracherkaoui.ma\/#website\"},\"primaryImageOfPage\":{\"@id\":\"https:\/\/paracherkaoui.ma\/index.php\/produit\/svr-xerail-gel-creme-30-75-ml\/#primaryimage\"},\"image\":{\"@id\":\"https:\/\/paracherkaoui.ma\/index.php\/produit\/svr-xerail-gel-creme-30-75-ml\/#primaryimage\"},\"thumbnailUrl\":\"https:\/\/paracherkaoui.ma\/wp-content\/uploads\/2025\/12\/svr-svr-xerail-gel-creme-30-75-ml-corps.jpg\",\"datePublished\":\"2025-12-12T16:40:21+00:00\",\"dateModified\":\"2025-12-12T16:40:22+00:00\",\"breadcrumb\":{\"@id\":\"https:\/\/paracherkaoui.ma\/index.php\/produit\/svr-xerail-gel-creme-30-75-ml\/#breadcrumb\"},\"inLanguage\":\"fr-FR\",\"potentialAction\":[{\"@type\":\"ReadAction\",\"target\":[\"https:\/\/paracherkaoui.ma\/index.php\/produit\/svr-xerail-gel-creme-30-75-ml\/\"]}]},{\"@type\":\"ImageObject\",\"inLanguage\":\"fr-FR\",\"@id\":\"https:\/\/paracherkaoui.ma\/index.php\/produit\/svr-xerail-gel-creme-30-75-ml\/#primaryimage\",\"url\":\"https:\/\/paracherkaoui.ma\/wp-content\/uploads\/2025\/12\/svr-svr-xerail-gel-creme-30-75-ml-corps.jpg\",\"contentUrl\":\"https:\/\/paracherkaoui.ma\/wp-content\/uploads\/2025\/12\/svr-svr-xerail-gel-creme-30-75-ml-corps.jpg\",\"width\":700,\"height\":700},{\"@type\":\"BreadcrumbList\",\"@id\":\"https:\/\/paracherkaoui.ma\/index.php\/produit\/svr-xerail-gel-creme-30-75-ml\/#breadcrumb\",\"itemListElement\":[{\"@type\":\"ListItem\",\"position\":1,\"name\":\"Accueil\",\"item\":\"https:\/\/paracherkaoui.ma\/\"},{\"@type\":\"ListItem\",\"position\":2,\"name\":\"Boutique\",\"item\":\"https:\/\/paracherkaoui.ma\/index.php\/boutique\/\"},{\"@type\":\"ListItem\",\"position\":3,\"name\":\"SVR XERAIL GEL CREME 30-75 ML\"}]},{\"@type\":\"WebSite\",\"@id\":\"https:\/\/paracherkaoui.ma\/#website\",\"url\":\"https:\/\/paracherkaoui.ma\/\",\"name\":\"Paracherkaoui.ma\",\"description\":\"Achetez en ligne sur Paracherkaoui.ma\",\"potentialAction\":[{\"@type\":\"SearchAction\",\"target\":{\"@type\":\"EntryPoint\",\"urlTemplate\":\"https:\/\/paracherkaoui.ma\/?s={search_term_string}\"},\"query-input\":{\"@type\":\"PropertyValueSpecification\",\"valueRequired\":true,\"valueName\":\"search_term_string\"}}],\"inLanguage\":\"fr-FR\"}]}<\/script>\r\n<!-- \/ Yoast SEO plugin. -->","yoast_head_json":{"title":"SVR XERAIL GEL CREME 30-75 ML - Paracherkaoui.ma","robots":{"index":"index","follow":"follow","max-snippet":"max-snippet:-1","max-image-preview":"max-image-preview:large","max-video-preview":"max-video-preview:-1"},"canonical":"https:\/\/paracherkaoui.ma\/index.php\/produit\/svr-xerail-gel-creme-30-75-ml\/","og_locale":"fr_FR","og_type":"article","og_title":"SVR XERAIL GEL CREME 30-75 ML - Paracherkaoui.ma","og_description":"X\u00e9rial 30 Gel-Cr\u00e8me \u00e9limine les rugosit\u00e9s et plaques squameuses \u00e9paisses localis\u00e9es tout en hydratant intens\u00e9ment la peau pendant 48 heures","og_url":"https:\/\/paracherkaoui.ma\/index.php\/produit\/svr-xerail-gel-creme-30-75-ml\/","og_site_name":"Paracherkaoui.ma","article_modified_time":"2025-12-12T16:40:22+00:00","og_image":[{"width":700,"height":700,"url":"https:\/\/paracherkaoui.ma\/wp-content\/uploads\/2025\/12\/svr-svr-xerail-gel-creme-30-75-ml-corps.jpg","type":"image\/jpeg"}],"twitter_card":"summary_large_image","schema":{"@context":"https:\/\/schema.org","@graph":[{"@type":"WebPage","@id":"https:\/\/paracherkaoui.ma\/index.php\/produit\/svr-xerail-gel-creme-30-75-ml\/","url":"https:\/\/paracherkaoui.ma\/index.php\/produit\/svr-xerail-gel-creme-30-75-ml\/","name":"SVR XERAIL GEL CREME 30-75 ML - Paracherkaoui.ma","isPartOf":{"@id":"https:\/\/paracherkaoui.ma\/#website"},"primaryImageOfPage":{"@id":"https:\/\/paracherkaoui.ma\/index.php\/produit\/svr-xerail-gel-creme-30-75-ml\/#primaryimage"},"image":{"@id":"https:\/\/paracherkaoui.ma\/index.php\/produit\/svr-xerail-gel-creme-30-75-ml\/#primaryimage"},"thumbnailUrl":"https:\/\/paracherkaoui.ma\/wp-content\/uploads\/2025\/12\/svr-svr-xerail-gel-creme-30-75-ml-corps.jpg","datePublished":"2025-12-12T16:40:21+00:00","dateModified":"2025-12-12T16:40:22+00:00","breadcrumb":{"@id":"https:\/\/paracherkaoui.ma\/index.php\/produit\/svr-xerail-gel-creme-30-75-ml\/#breadcrumb"},"inLanguage":"fr-FR","potentialAction":[{"@type":"ReadAction","target":["https:\/\/paracherkaoui.ma\/index.php\/produit\/svr-xerail-gel-creme-30-75-ml\/"]}]},{"@type":"ImageObject","inLanguage":"fr-FR","@id":"https:\/\/paracherkaoui.ma\/index.php\/produit\/svr-xerail-gel-creme-30-75-ml\/#primaryimage","url":"https:\/\/paracherkaoui.ma\/wp-content\/uploads\/2025\/12\/svr-svr-xerail-gel-creme-30-75-ml-corps.jpg","contentUrl":"https:\/\/paracherkaoui.ma\/wp-content\/uploads\/2025\/12\/svr-svr-xerail-gel-creme-30-75-ml-corps.jpg","width":700,"height":700},{"@type":"BreadcrumbList","@id":"https:\/\/paracherkaoui.ma\/index.php\/produit\/svr-xerail-gel-creme-30-75-ml\/#breadcrumb","itemListElement":[{"@type":"ListItem","position":1,"name":"Accueil","item":"https:\/\/paracherkaoui.ma\/"},{"@type":"ListItem","position":2,"name":"Boutique","item":"https:\/\/paracherkaoui.ma\/index.php\/boutique\/"},{"@type":"ListItem","position":3,"name":"SVR XERAIL GEL CREME 30-75 ML"}]},{"@type":"WebSite","@id":"https:\/\/paracherkaoui.ma\/#website","url":"https:\/\/paracherkaoui.ma\/","name":"Paracherkaoui.ma","description":"Achetez en ligne sur Paracherkaoui.ma","potentialAction":[{"@type":"SearchAction","target":{"@type":"EntryPoint","urlTemplate":"https:\/\/paracherkaoui.ma\/?s={search_term_string}"},"query-input":{"@type":"PropertyValueSpecification","valueRequired":true,"valueName":"search_term_string"}}],"inLanguage":"fr-FR"}]}},"_links":{"self":[{"href":"https:\/\/paracherkaoui.ma\/index.php\/wp-json\/wp\/v2\/product\/11418","targetHints":{"allow":["GET"]}}],"collection":[{"href":"https:\/\/paracherkaoui.ma\/index.php\/wp-json\/wp\/v2\/product"}],"about":[{"href":"https:\/\/paracherkaoui.ma\/index.php\/wp-json\/wp\/v2\/types\/product"}],"replies":[{"embeddable":true,"href":"https:\/\/paracherkaoui.ma\/index.php\/wp-json\/wp\/v2\/comments?post=11418"}],"version-history":[{"count":1,"href":"https:\/\/paracherkaoui.ma\/index.php\/wp-json\/wp\/v2\/product\/11418\/revisions"}],"predecessor-version":[{"id":11449,"href":"https:\/\/paracherkaoui.ma\/index.php\/wp-json\/wp\/v2\/product\/11418\/revisions\/11449"}],"wp:featuredmedia":[{"embeddable":true,"href":"https:\/\/paracherkaoui.ma\/index.php\/wp-json\/wp\/v2\/media\/11448"}],"wp:attachment":[{"href":"https:\/\/paracherkaoui.ma\/index.php\/wp-json\/wp\/v2\/media?parent=11418"}],"wp:term":[{"taxonomy":"product_brand","embeddable":true,"href":"https:\/\/paracherkaoui.ma\/index.php\/wp-json\/wp\/v2\/product_brand?post=11418"},{"taxonomy":"product_cat","embeddable":true,"href":"https:\/\/paracherkaoui.ma\/index.php\/wp-json\/wp\/v2\/product_cat?post=11418"},{"taxonomy":"product_tag","embeddable":true,"href":"https:\/\/paracherkaoui.ma\/index.php\/wp-json\/wp\/v2\/product_tag?post=11418"}],"curies":[{"name":"wp","href":"https:\/\/api.w.org\/{rel}","templated":true}]}}