{"id":11357,"date":"2025-12-12T17:40:15","date_gmt":"2025-12-12T16:40:15","guid":{"rendered":"https:\/\/test.ecbeaute.com\/?post_type=product&#038;p=11357"},"modified":"2025-12-12T17:40:19","modified_gmt":"2025-12-12T16:40:19","slug":"bioderma-atoderm-baume-levres-15-ml-nourrit-et-apaise-les-levres-gercees","status":"publish","type":"product","link":"https:\/\/paracherkaoui.ma\/index.php\/produit\/bioderma-atoderm-baume-levres-15-ml-nourrit-et-apaise-les-levres-gercees\/","title":{"rendered":"BIODERMA ATODERM BAUME LEVRES 15 ML NOURRIT ET APAISE LES LEVRES GERCEES"},"content":{"rendered":"<p>Description:<br \/>\n\u2022\u00a0V\u00e9ritable soin r\u00e9parateur,\u00a0Atoderm\u00a0Baume l\u00e8vres\u00a0reconstitue la muqueuse labiale gerc\u00e9e et dess\u00e9ch\u00e9e.\u2022\u00a0Les actifs hydratants et nourrissants d\u2019Atoderm\u00a0Baume l\u00e8vres\u00a0r\u00e9parent et apaisent instantan\u00e9ment les l\u00e8vres ab\u00eem\u00e9es.\u2022\u00a0Le complexe naturel brevet\u00e9\u00a0D.A.F.* augmente le seuil de tol\u00e9rance de la peau.\u2022\u00a0Sans parfum,\u00a0Atoderm\u00a0Baume l\u00e8vres\u00a0garantit une tol\u00e9rance optimale.\u2022\u00a0La texture riche du baume procure un confort extr\u00eame et laisse les l\u00e8vres souples et douces.\u2022\u00a0L\u2019embout applicateur facilite l\u2019utilisation d\u2019Atoderm\u00a0Baume l\u00e8vres.<br \/>\nConseils d&rsquo;utilisation<br \/>\nAppliquez\u00a0Atoderm\u00a0Baume l\u00e8vres\u00a0directement sur les l\u00e8vres aussi souvent que n\u00e9cessaire<\/p>\n","protected":false},"excerpt":{"rendered":"<p>Description: \u2022\u00a0V\u00e9ritable soin r\u00e9parateur,\u00a0Atoderm\u00a0Baume l\u00e8vres\u00a0reconstitue la muqueuse labiale gerc\u00e9e et dess\u00e9ch\u00e9e.\u2022\u00a0Les actifs hydratants et nourrissants d\u2019Atoderm\u00a0Baume l\u00e8vres\u00a0r\u00e9parent et apaisent instantan\u00e9ment<\/p>\n","protected":false},"featured_media":11416,"comment_status":"open","ping_status":"closed","template":"","meta":[],"product_brand":[137],"product_cat":[148],"product_tag":[],"class_list":{"0":"post-11357","1":"product","2":"type-product","3":"status-publish","4":"has-post-thumbnail","6":"product_brand-bioderma","7":"product_cat-peau-seche","9":"first","10":"instock","11":"sale","12":"shipping-taxable","13":"purchasable","14":"product-type-simple"},"yoast_head":"<!-- This site is optimized with the Yoast SEO plugin v26.6 - https:\/\/yoast.com\/wordpress\/plugins\/seo\/ -->\r\n<title>BIODERMA ATODERM BAUME LEVRES 15 ML NOURRIT ET APAISE LES LEVRES GERCEES - Paracherkaoui.ma<\/title>\r\n<meta name=\"robots\" content=\"index, follow, max-snippet:-1, max-image-preview:large, max-video-preview:-1\" \/>\r\n<link rel=\"canonical\" href=\"https:\/\/paracherkaoui.ma\/index.php\/produit\/bioderma-atoderm-baume-levres-15-ml-nourrit-et-apaise-les-levres-gercees\/\" \/>\r\n<meta property=\"og:locale\" content=\"fr_FR\" \/>\r\n<meta property=\"og:type\" content=\"article\" \/>\r\n<meta property=\"og:title\" content=\"BIODERMA ATODERM BAUME LEVRES 15 ML NOURRIT ET APAISE LES LEVRES GERCEES - Paracherkaoui.ma\" \/>\r\n<meta property=\"og:description\" content=\"Description: \u2022\u00a0V\u00e9ritable soin r\u00e9parateur,\u00a0Atoderm\u00a0Baume l\u00e8vres\u00a0reconstitue la muqueuse labiale gerc\u00e9e et dess\u00e9ch\u00e9e.\u2022\u00a0Les actifs hydratants et nourrissants d\u2019Atoderm\u00a0Baume l\u00e8vres\u00a0r\u00e9parent et apaisent instantan\u00e9ment\" \/>\r\n<meta property=\"og:url\" content=\"https:\/\/paracherkaoui.ma\/index.php\/produit\/bioderma-atoderm-baume-levres-15-ml-nourrit-et-apaise-les-levres-gercees\/\" \/>\r\n<meta property=\"og:site_name\" content=\"Paracherkaoui.ma\" \/>\r\n<meta property=\"article:modified_time\" content=\"2025-12-12T16:40:19+00:00\" \/>\r\n<meta property=\"og:image\" content=\"https:\/\/paracherkaoui.ma\/wp-content\/uploads\/2025\/12\/bioderma-bioderma-atoderm-baume-levres-15-ml-nourrit-et-apaise-les-levres-gercees-levres.jpg\" \/>\r\n\t<meta property=\"og:image:width\" content=\"700\" \/>\r\n\t<meta property=\"og:image:height\" content=\"700\" \/>\r\n\t<meta property=\"og:image:type\" content=\"image\/jpeg\" \/>\r\n<meta name=\"twitter:card\" content=\"summary_large_image\" \/>\r\n<meta name=\"twitter:label1\" content=\"Dur\u00e9e de lecture estim\u00e9e\" \/>\n\t<meta name=\"twitter:data1\" content=\"1 minute\" \/>\r\n<script type=\"application\/ld+json\" class=\"yoast-schema-graph\">{\"@context\":\"https:\/\/schema.org\",\"@graph\":[{\"@type\":\"WebPage\",\"@id\":\"https:\/\/paracherkaoui.ma\/index.php\/produit\/bioderma-atoderm-baume-levres-15-ml-nourrit-et-apaise-les-levres-gercees\/\",\"url\":\"https:\/\/paracherkaoui.ma\/index.php\/produit\/bioderma-atoderm-baume-levres-15-ml-nourrit-et-apaise-les-levres-gercees\/\",\"name\":\"BIODERMA ATODERM BAUME LEVRES 15 ML NOURRIT ET APAISE LES LEVRES GERCEES - Paracherkaoui.ma\",\"isPartOf\":{\"@id\":\"https:\/\/paracherkaoui.ma\/#website\"},\"primaryImageOfPage\":{\"@id\":\"https:\/\/paracherkaoui.ma\/index.php\/produit\/bioderma-atoderm-baume-levres-15-ml-nourrit-et-apaise-les-levres-gercees\/#primaryimage\"},\"image\":{\"@id\":\"https:\/\/paracherkaoui.ma\/index.php\/produit\/bioderma-atoderm-baume-levres-15-ml-nourrit-et-apaise-les-levres-gercees\/#primaryimage\"},\"thumbnailUrl\":\"https:\/\/paracherkaoui.ma\/wp-content\/uploads\/2025\/12\/bioderma-bioderma-atoderm-baume-levres-15-ml-nourrit-et-apaise-les-levres-gercees-levres.jpg\",\"datePublished\":\"2025-12-12T16:40:15+00:00\",\"dateModified\":\"2025-12-12T16:40:19+00:00\",\"breadcrumb\":{\"@id\":\"https:\/\/paracherkaoui.ma\/index.php\/produit\/bioderma-atoderm-baume-levres-15-ml-nourrit-et-apaise-les-levres-gercees\/#breadcrumb\"},\"inLanguage\":\"fr-FR\",\"potentialAction\":[{\"@type\":\"ReadAction\",\"target\":[\"https:\/\/paracherkaoui.ma\/index.php\/produit\/bioderma-atoderm-baume-levres-15-ml-nourrit-et-apaise-les-levres-gercees\/\"]}]},{\"@type\":\"ImageObject\",\"inLanguage\":\"fr-FR\",\"@id\":\"https:\/\/paracherkaoui.ma\/index.php\/produit\/bioderma-atoderm-baume-levres-15-ml-nourrit-et-apaise-les-levres-gercees\/#primaryimage\",\"url\":\"https:\/\/paracherkaoui.ma\/wp-content\/uploads\/2025\/12\/bioderma-bioderma-atoderm-baume-levres-15-ml-nourrit-et-apaise-les-levres-gercees-levres.jpg\",\"contentUrl\":\"https:\/\/paracherkaoui.ma\/wp-content\/uploads\/2025\/12\/bioderma-bioderma-atoderm-baume-levres-15-ml-nourrit-et-apaise-les-levres-gercees-levres.jpg\",\"width\":700,\"height\":700},{\"@type\":\"BreadcrumbList\",\"@id\":\"https:\/\/paracherkaoui.ma\/index.php\/produit\/bioderma-atoderm-baume-levres-15-ml-nourrit-et-apaise-les-levres-gercees\/#breadcrumb\",\"itemListElement\":[{\"@type\":\"ListItem\",\"position\":1,\"name\":\"Accueil\",\"item\":\"https:\/\/paracherkaoui.ma\/\"},{\"@type\":\"ListItem\",\"position\":2,\"name\":\"Boutique\",\"item\":\"https:\/\/paracherkaoui.ma\/index.php\/boutique\/\"},{\"@type\":\"ListItem\",\"position\":3,\"name\":\"BIODERMA ATODERM BAUME LEVRES 15 ML NOURRIT ET APAISE LES LEVRES GERCEES\"}]},{\"@type\":\"WebSite\",\"@id\":\"https:\/\/paracherkaoui.ma\/#website\",\"url\":\"https:\/\/paracherkaoui.ma\/\",\"name\":\"Paracherkaoui.ma\",\"description\":\"Achetez en ligne sur Paracherkaoui.ma\",\"potentialAction\":[{\"@type\":\"SearchAction\",\"target\":{\"@type\":\"EntryPoint\",\"urlTemplate\":\"https:\/\/paracherkaoui.ma\/?s={search_term_string}\"},\"query-input\":{\"@type\":\"PropertyValueSpecification\",\"valueRequired\":true,\"valueName\":\"search_term_string\"}}],\"inLanguage\":\"fr-FR\"}]}<\/script>\r\n<!-- \/ Yoast SEO plugin. -->","yoast_head_json":{"title":"BIODERMA ATODERM BAUME LEVRES 15 ML NOURRIT ET APAISE LES LEVRES GERCEES - Paracherkaoui.ma","robots":{"index":"index","follow":"follow","max-snippet":"max-snippet:-1","max-image-preview":"max-image-preview:large","max-video-preview":"max-video-preview:-1"},"canonical":"https:\/\/paracherkaoui.ma\/index.php\/produit\/bioderma-atoderm-baume-levres-15-ml-nourrit-et-apaise-les-levres-gercees\/","og_locale":"fr_FR","og_type":"article","og_title":"BIODERMA ATODERM BAUME LEVRES 15 ML NOURRIT ET APAISE LES LEVRES GERCEES - Paracherkaoui.ma","og_description":"Description: \u2022\u00a0V\u00e9ritable soin r\u00e9parateur,\u00a0Atoderm\u00a0Baume l\u00e8vres\u00a0reconstitue la muqueuse labiale gerc\u00e9e et dess\u00e9ch\u00e9e.\u2022\u00a0Les actifs hydratants et nourrissants d\u2019Atoderm\u00a0Baume l\u00e8vres\u00a0r\u00e9parent et apaisent instantan\u00e9ment","og_url":"https:\/\/paracherkaoui.ma\/index.php\/produit\/bioderma-atoderm-baume-levres-15-ml-nourrit-et-apaise-les-levres-gercees\/","og_site_name":"Paracherkaoui.ma","article_modified_time":"2025-12-12T16:40:19+00:00","og_image":[{"width":700,"height":700,"url":"https:\/\/paracherkaoui.ma\/wp-content\/uploads\/2025\/12\/bioderma-bioderma-atoderm-baume-levres-15-ml-nourrit-et-apaise-les-levres-gercees-levres.jpg","type":"image\/jpeg"}],"twitter_card":"summary_large_image","twitter_misc":{"Dur\u00e9e de lecture estim\u00e9e":"1 minute"},"schema":{"@context":"https:\/\/schema.org","@graph":[{"@type":"WebPage","@id":"https:\/\/paracherkaoui.ma\/index.php\/produit\/bioderma-atoderm-baume-levres-15-ml-nourrit-et-apaise-les-levres-gercees\/","url":"https:\/\/paracherkaoui.ma\/index.php\/produit\/bioderma-atoderm-baume-levres-15-ml-nourrit-et-apaise-les-levres-gercees\/","name":"BIODERMA ATODERM BAUME LEVRES 15 ML NOURRIT ET APAISE LES LEVRES GERCEES - Paracherkaoui.ma","isPartOf":{"@id":"https:\/\/paracherkaoui.ma\/#website"},"primaryImageOfPage":{"@id":"https:\/\/paracherkaoui.ma\/index.php\/produit\/bioderma-atoderm-baume-levres-15-ml-nourrit-et-apaise-les-levres-gercees\/#primaryimage"},"image":{"@id":"https:\/\/paracherkaoui.ma\/index.php\/produit\/bioderma-atoderm-baume-levres-15-ml-nourrit-et-apaise-les-levres-gercees\/#primaryimage"},"thumbnailUrl":"https:\/\/paracherkaoui.ma\/wp-content\/uploads\/2025\/12\/bioderma-bioderma-atoderm-baume-levres-15-ml-nourrit-et-apaise-les-levres-gercees-levres.jpg","datePublished":"2025-12-12T16:40:15+00:00","dateModified":"2025-12-12T16:40:19+00:00","breadcrumb":{"@id":"https:\/\/paracherkaoui.ma\/index.php\/produit\/bioderma-atoderm-baume-levres-15-ml-nourrit-et-apaise-les-levres-gercees\/#breadcrumb"},"inLanguage":"fr-FR","potentialAction":[{"@type":"ReadAction","target":["https:\/\/paracherkaoui.ma\/index.php\/produit\/bioderma-atoderm-baume-levres-15-ml-nourrit-et-apaise-les-levres-gercees\/"]}]},{"@type":"ImageObject","inLanguage":"fr-FR","@id":"https:\/\/paracherkaoui.ma\/index.php\/produit\/bioderma-atoderm-baume-levres-15-ml-nourrit-et-apaise-les-levres-gercees\/#primaryimage","url":"https:\/\/paracherkaoui.ma\/wp-content\/uploads\/2025\/12\/bioderma-bioderma-atoderm-baume-levres-15-ml-nourrit-et-apaise-les-levres-gercees-levres.jpg","contentUrl":"https:\/\/paracherkaoui.ma\/wp-content\/uploads\/2025\/12\/bioderma-bioderma-atoderm-baume-levres-15-ml-nourrit-et-apaise-les-levres-gercees-levres.jpg","width":700,"height":700},{"@type":"BreadcrumbList","@id":"https:\/\/paracherkaoui.ma\/index.php\/produit\/bioderma-atoderm-baume-levres-15-ml-nourrit-et-apaise-les-levres-gercees\/#breadcrumb","itemListElement":[{"@type":"ListItem","position":1,"name":"Accueil","item":"https:\/\/paracherkaoui.ma\/"},{"@type":"ListItem","position":2,"name":"Boutique","item":"https:\/\/paracherkaoui.ma\/index.php\/boutique\/"},{"@type":"ListItem","position":3,"name":"BIODERMA ATODERM BAUME LEVRES 15 ML NOURRIT ET APAISE LES LEVRES GERCEES"}]},{"@type":"WebSite","@id":"https:\/\/paracherkaoui.ma\/#website","url":"https:\/\/paracherkaoui.ma\/","name":"Paracherkaoui.ma","description":"Achetez en ligne sur Paracherkaoui.ma","potentialAction":[{"@type":"SearchAction","target":{"@type":"EntryPoint","urlTemplate":"https:\/\/paracherkaoui.ma\/?s={search_term_string}"},"query-input":{"@type":"PropertyValueSpecification","valueRequired":true,"valueName":"search_term_string"}}],"inLanguage":"fr-FR"}]}},"_links":{"self":[{"href":"https:\/\/paracherkaoui.ma\/index.php\/wp-json\/wp\/v2\/product\/11357","targetHints":{"allow":["GET"]}}],"collection":[{"href":"https:\/\/paracherkaoui.ma\/index.php\/wp-json\/wp\/v2\/product"}],"about":[{"href":"https:\/\/paracherkaoui.ma\/index.php\/wp-json\/wp\/v2\/types\/product"}],"replies":[{"embeddable":true,"href":"https:\/\/paracherkaoui.ma\/index.php\/wp-json\/wp\/v2\/comments?post=11357"}],"version-history":[{"count":1,"href":"https:\/\/paracherkaoui.ma\/index.php\/wp-json\/wp\/v2\/product\/11357\/revisions"}],"predecessor-version":[{"id":11417,"href":"https:\/\/paracherkaoui.ma\/index.php\/wp-json\/wp\/v2\/product\/11357\/revisions\/11417"}],"wp:featuredmedia":[{"embeddable":true,"href":"https:\/\/paracherkaoui.ma\/index.php\/wp-json\/wp\/v2\/media\/11416"}],"wp:attachment":[{"href":"https:\/\/paracherkaoui.ma\/index.php\/wp-json\/wp\/v2\/media?parent=11357"}],"wp:term":[{"taxonomy":"product_brand","embeddable":true,"href":"https:\/\/paracherkaoui.ma\/index.php\/wp-json\/wp\/v2\/product_brand?post=11357"},{"taxonomy":"product_cat","embeddable":true,"href":"https:\/\/paracherkaoui.ma\/index.php\/wp-json\/wp\/v2\/product_cat?post=11357"},{"taxonomy":"product_tag","embeddable":true,"href":"https:\/\/paracherkaoui.ma\/index.php\/wp-json\/wp\/v2\/product_tag?post=11357"}],"curies":[{"name":"wp","href":"https:\/\/api.w.org\/{rel}","templated":true}]}}