{"id":11354,"date":"2025-12-12T17:40:14","date_gmt":"2025-12-12T16:40:14","guid":{"rendered":"https:\/\/test.ecbeaute.com\/?post_type=product&#038;p=11354"},"modified":"2025-12-12T17:40:19","modified_gmt":"2025-12-12T16:40:19","slug":"bioderma-atoderm-nutritive-creme-nourrissante-40-ml","status":"publish","type":"product","link":"https:\/\/paracherkaoui.ma\/index.php\/produit\/bioderma-atoderm-nutritive-creme-nourrissante-40-ml\/","title":{"rendered":"BIODERMA ATODERM NUTRITIVE CREME NOURRISSANTE 40 ML"},"content":{"rendered":"<p>DESCRIPTION :<br \/>\nPour r\u00e9pondre aux besoins des peaux tr\u00e8s s\u00e8ches, la recherche BIODERMA a d\u00e9velopp\u00e9 Atoderm Nutritive. Ce soin haute nutrition associe deux actifs naturels (extraits de karit\u00e9 et d\u2019avocat) reconnus pour leurs propri\u00e9t\u00e9s nourrissantes, r\u00e9paratrices et apaisantes \u00e0 deux actifs hydratants (vaseline, glyc\u00e9rine). Richement concentr\u00e9s dans une texture \u00ab cr\u00e8me riche \u00bb non grasse, ces actifs permettent \u00e0 Atoderm Nutritive de restaurer l\u2019\u00e9quilibre en eau et en lipides de la peau, afin qu\u2019elle retrouve rapidement confort et souplesse originels. Le complexe naturel brevet\u00e9 D.A.F. augmente le seuil de tol\u00e9rance de l\u2019\u00e9piderme. Sans parfum, Atoderm Nutritive garantit une excellente tol\u00e9rance. Hypoallerg\u00e9nique, Atoderm Nutritive a \u00e9t\u00e9 formul\u00e9 pour minimiser les risues d\u2019allergies. Atoderm Nutritive est non com\u00e9dog\u00e8ne. Conseil d&rsquo;utilisation Appliquez Atoderm Nutritive matin et soir sur le visage et le cou pr\u00e9alablement nettoy\u00e9s avec Atoderm Gel douche, Atoderm Gel moussant ou Atoderm Pain Surgras. Atoderm Nutritive constitue une excellente base de maquillage.<br \/>\nCONSEILS D&rsquo;UTILISATION :<br \/>\nUn soin visage s&rsquo;applique sur une peau propre, s\u00e8che et parfaitement d\u00e9maquill\u00e9e.<\/p>\n","protected":false},"excerpt":{"rendered":"<p>DESCRIPTION : Pour r\u00e9pondre aux besoins des peaux tr\u00e8s s\u00e8ches, la recherche BIODERMA a d\u00e9velopp\u00e9 Atoderm Nutritive. Ce soin haute<\/p>\n","protected":false},"featured_media":11410,"comment_status":"open","ping_status":"closed","template":"","meta":[],"product_brand":[137],"product_cat":[148],"product_tag":[],"class_list":{"0":"post-11354","1":"product","2":"type-product","3":"status-publish","4":"has-post-thumbnail","6":"product_brand-bioderma","7":"product_cat-peau-seche","9":"first","10":"instock","11":"sale","12":"shipping-taxable","13":"purchasable","14":"product-type-simple"},"yoast_head":"<!-- This site is optimized with the Yoast SEO plugin v26.6 - https:\/\/yoast.com\/wordpress\/plugins\/seo\/ -->\r\n<title>BIODERMA ATODERM NUTRITIVE CREME NOURRISSANTE 40 ML - Paracherkaoui.ma<\/title>\r\n<meta name=\"robots\" content=\"index, follow, max-snippet:-1, max-image-preview:large, max-video-preview:-1\" \/>\r\n<link rel=\"canonical\" href=\"https:\/\/paracherkaoui.ma\/index.php\/produit\/bioderma-atoderm-nutritive-creme-nourrissante-40-ml\/\" \/>\r\n<meta property=\"og:locale\" content=\"fr_FR\" \/>\r\n<meta property=\"og:type\" content=\"article\" \/>\r\n<meta property=\"og:title\" content=\"BIODERMA ATODERM NUTRITIVE CREME NOURRISSANTE 40 ML - Paracherkaoui.ma\" \/>\r\n<meta property=\"og:description\" content=\"DESCRIPTION : Pour r\u00e9pondre aux besoins des peaux tr\u00e8s s\u00e8ches, la recherche BIODERMA a d\u00e9velopp\u00e9 Atoderm Nutritive. Ce soin haute\" \/>\r\n<meta property=\"og:url\" content=\"https:\/\/paracherkaoui.ma\/index.php\/produit\/bioderma-atoderm-nutritive-creme-nourrissante-40-ml\/\" \/>\r\n<meta property=\"og:site_name\" content=\"Paracherkaoui.ma\" \/>\r\n<meta property=\"article:modified_time\" content=\"2025-12-12T16:40:19+00:00\" \/>\r\n<meta property=\"og:image\" content=\"https:\/\/paracherkaoui.ma\/wp-content\/uploads\/2025\/12\/bioderma-bioderma-atoderm-nutritive-creme-nourrissante-40-ml-cremes-jour.jpg\" \/>\r\n\t<meta property=\"og:image:width\" content=\"700\" \/>\r\n\t<meta property=\"og:image:height\" content=\"700\" \/>\r\n\t<meta property=\"og:image:type\" content=\"image\/jpeg\" \/>\r\n<meta name=\"twitter:card\" content=\"summary_large_image\" \/>\r\n<meta name=\"twitter:label1\" content=\"Dur\u00e9e de lecture estim\u00e9e\" \/>\n\t<meta name=\"twitter:data1\" content=\"1 minute\" \/>\r\n<script type=\"application\/ld+json\" class=\"yoast-schema-graph\">{\"@context\":\"https:\/\/schema.org\",\"@graph\":[{\"@type\":\"WebPage\",\"@id\":\"https:\/\/paracherkaoui.ma\/index.php\/produit\/bioderma-atoderm-nutritive-creme-nourrissante-40-ml\/\",\"url\":\"https:\/\/paracherkaoui.ma\/index.php\/produit\/bioderma-atoderm-nutritive-creme-nourrissante-40-ml\/\",\"name\":\"BIODERMA ATODERM NUTRITIVE CREME NOURRISSANTE 40 ML - Paracherkaoui.ma\",\"isPartOf\":{\"@id\":\"https:\/\/paracherkaoui.ma\/#website\"},\"primaryImageOfPage\":{\"@id\":\"https:\/\/paracherkaoui.ma\/index.php\/produit\/bioderma-atoderm-nutritive-creme-nourrissante-40-ml\/#primaryimage\"},\"image\":{\"@id\":\"https:\/\/paracherkaoui.ma\/index.php\/produit\/bioderma-atoderm-nutritive-creme-nourrissante-40-ml\/#primaryimage\"},\"thumbnailUrl\":\"https:\/\/paracherkaoui.ma\/wp-content\/uploads\/2025\/12\/bioderma-bioderma-atoderm-nutritive-creme-nourrissante-40-ml-cremes-jour.jpg\",\"datePublished\":\"2025-12-12T16:40:14+00:00\",\"dateModified\":\"2025-12-12T16:40:19+00:00\",\"breadcrumb\":{\"@id\":\"https:\/\/paracherkaoui.ma\/index.php\/produit\/bioderma-atoderm-nutritive-creme-nourrissante-40-ml\/#breadcrumb\"},\"inLanguage\":\"fr-FR\",\"potentialAction\":[{\"@type\":\"ReadAction\",\"target\":[\"https:\/\/paracherkaoui.ma\/index.php\/produit\/bioderma-atoderm-nutritive-creme-nourrissante-40-ml\/\"]}]},{\"@type\":\"ImageObject\",\"inLanguage\":\"fr-FR\",\"@id\":\"https:\/\/paracherkaoui.ma\/index.php\/produit\/bioderma-atoderm-nutritive-creme-nourrissante-40-ml\/#primaryimage\",\"url\":\"https:\/\/paracherkaoui.ma\/wp-content\/uploads\/2025\/12\/bioderma-bioderma-atoderm-nutritive-creme-nourrissante-40-ml-cremes-jour.jpg\",\"contentUrl\":\"https:\/\/paracherkaoui.ma\/wp-content\/uploads\/2025\/12\/bioderma-bioderma-atoderm-nutritive-creme-nourrissante-40-ml-cremes-jour.jpg\",\"width\":700,\"height\":700},{\"@type\":\"BreadcrumbList\",\"@id\":\"https:\/\/paracherkaoui.ma\/index.php\/produit\/bioderma-atoderm-nutritive-creme-nourrissante-40-ml\/#breadcrumb\",\"itemListElement\":[{\"@type\":\"ListItem\",\"position\":1,\"name\":\"Accueil\",\"item\":\"https:\/\/paracherkaoui.ma\/\"},{\"@type\":\"ListItem\",\"position\":2,\"name\":\"Boutique\",\"item\":\"https:\/\/paracherkaoui.ma\/index.php\/boutique\/\"},{\"@type\":\"ListItem\",\"position\":3,\"name\":\"BIODERMA ATODERM NUTRITIVE CREME NOURRISSANTE 40 ML\"}]},{\"@type\":\"WebSite\",\"@id\":\"https:\/\/paracherkaoui.ma\/#website\",\"url\":\"https:\/\/paracherkaoui.ma\/\",\"name\":\"Paracherkaoui.ma\",\"description\":\"Achetez en ligne sur Paracherkaoui.ma\",\"potentialAction\":[{\"@type\":\"SearchAction\",\"target\":{\"@type\":\"EntryPoint\",\"urlTemplate\":\"https:\/\/paracherkaoui.ma\/?s={search_term_string}\"},\"query-input\":{\"@type\":\"PropertyValueSpecification\",\"valueRequired\":true,\"valueName\":\"search_term_string\"}}],\"inLanguage\":\"fr-FR\"}]}<\/script>\r\n<!-- \/ Yoast SEO plugin. -->","yoast_head_json":{"title":"BIODERMA ATODERM NUTRITIVE CREME NOURRISSANTE 40 ML - Paracherkaoui.ma","robots":{"index":"index","follow":"follow","max-snippet":"max-snippet:-1","max-image-preview":"max-image-preview:large","max-video-preview":"max-video-preview:-1"},"canonical":"https:\/\/paracherkaoui.ma\/index.php\/produit\/bioderma-atoderm-nutritive-creme-nourrissante-40-ml\/","og_locale":"fr_FR","og_type":"article","og_title":"BIODERMA ATODERM NUTRITIVE CREME NOURRISSANTE 40 ML - Paracherkaoui.ma","og_description":"DESCRIPTION : Pour r\u00e9pondre aux besoins des peaux tr\u00e8s s\u00e8ches, la recherche BIODERMA a d\u00e9velopp\u00e9 Atoderm Nutritive. Ce soin haute","og_url":"https:\/\/paracherkaoui.ma\/index.php\/produit\/bioderma-atoderm-nutritive-creme-nourrissante-40-ml\/","og_site_name":"Paracherkaoui.ma","article_modified_time":"2025-12-12T16:40:19+00:00","og_image":[{"width":700,"height":700,"url":"https:\/\/paracherkaoui.ma\/wp-content\/uploads\/2025\/12\/bioderma-bioderma-atoderm-nutritive-creme-nourrissante-40-ml-cremes-jour.jpg","type":"image\/jpeg"}],"twitter_card":"summary_large_image","twitter_misc":{"Dur\u00e9e de lecture estim\u00e9e":"1 minute"},"schema":{"@context":"https:\/\/schema.org","@graph":[{"@type":"WebPage","@id":"https:\/\/paracherkaoui.ma\/index.php\/produit\/bioderma-atoderm-nutritive-creme-nourrissante-40-ml\/","url":"https:\/\/paracherkaoui.ma\/index.php\/produit\/bioderma-atoderm-nutritive-creme-nourrissante-40-ml\/","name":"BIODERMA ATODERM NUTRITIVE CREME NOURRISSANTE 40 ML - Paracherkaoui.ma","isPartOf":{"@id":"https:\/\/paracherkaoui.ma\/#website"},"primaryImageOfPage":{"@id":"https:\/\/paracherkaoui.ma\/index.php\/produit\/bioderma-atoderm-nutritive-creme-nourrissante-40-ml\/#primaryimage"},"image":{"@id":"https:\/\/paracherkaoui.ma\/index.php\/produit\/bioderma-atoderm-nutritive-creme-nourrissante-40-ml\/#primaryimage"},"thumbnailUrl":"https:\/\/paracherkaoui.ma\/wp-content\/uploads\/2025\/12\/bioderma-bioderma-atoderm-nutritive-creme-nourrissante-40-ml-cremes-jour.jpg","datePublished":"2025-12-12T16:40:14+00:00","dateModified":"2025-12-12T16:40:19+00:00","breadcrumb":{"@id":"https:\/\/paracherkaoui.ma\/index.php\/produit\/bioderma-atoderm-nutritive-creme-nourrissante-40-ml\/#breadcrumb"},"inLanguage":"fr-FR","potentialAction":[{"@type":"ReadAction","target":["https:\/\/paracherkaoui.ma\/index.php\/produit\/bioderma-atoderm-nutritive-creme-nourrissante-40-ml\/"]}]},{"@type":"ImageObject","inLanguage":"fr-FR","@id":"https:\/\/paracherkaoui.ma\/index.php\/produit\/bioderma-atoderm-nutritive-creme-nourrissante-40-ml\/#primaryimage","url":"https:\/\/paracherkaoui.ma\/wp-content\/uploads\/2025\/12\/bioderma-bioderma-atoderm-nutritive-creme-nourrissante-40-ml-cremes-jour.jpg","contentUrl":"https:\/\/paracherkaoui.ma\/wp-content\/uploads\/2025\/12\/bioderma-bioderma-atoderm-nutritive-creme-nourrissante-40-ml-cremes-jour.jpg","width":700,"height":700},{"@type":"BreadcrumbList","@id":"https:\/\/paracherkaoui.ma\/index.php\/produit\/bioderma-atoderm-nutritive-creme-nourrissante-40-ml\/#breadcrumb","itemListElement":[{"@type":"ListItem","position":1,"name":"Accueil","item":"https:\/\/paracherkaoui.ma\/"},{"@type":"ListItem","position":2,"name":"Boutique","item":"https:\/\/paracherkaoui.ma\/index.php\/boutique\/"},{"@type":"ListItem","position":3,"name":"BIODERMA ATODERM NUTRITIVE CREME NOURRISSANTE 40 ML"}]},{"@type":"WebSite","@id":"https:\/\/paracherkaoui.ma\/#website","url":"https:\/\/paracherkaoui.ma\/","name":"Paracherkaoui.ma","description":"Achetez en ligne sur Paracherkaoui.ma","potentialAction":[{"@type":"SearchAction","target":{"@type":"EntryPoint","urlTemplate":"https:\/\/paracherkaoui.ma\/?s={search_term_string}"},"query-input":{"@type":"PropertyValueSpecification","valueRequired":true,"valueName":"search_term_string"}}],"inLanguage":"fr-FR"}]}},"_links":{"self":[{"href":"https:\/\/paracherkaoui.ma\/index.php\/wp-json\/wp\/v2\/product\/11354","targetHints":{"allow":["GET"]}}],"collection":[{"href":"https:\/\/paracherkaoui.ma\/index.php\/wp-json\/wp\/v2\/product"}],"about":[{"href":"https:\/\/paracherkaoui.ma\/index.php\/wp-json\/wp\/v2\/types\/product"}],"replies":[{"embeddable":true,"href":"https:\/\/paracherkaoui.ma\/index.php\/wp-json\/wp\/v2\/comments?post=11354"}],"version-history":[{"count":1,"href":"https:\/\/paracherkaoui.ma\/index.php\/wp-json\/wp\/v2\/product\/11354\/revisions"}],"predecessor-version":[{"id":11411,"href":"https:\/\/paracherkaoui.ma\/index.php\/wp-json\/wp\/v2\/product\/11354\/revisions\/11411"}],"wp:featuredmedia":[{"embeddable":true,"href":"https:\/\/paracherkaoui.ma\/index.php\/wp-json\/wp\/v2\/media\/11410"}],"wp:attachment":[{"href":"https:\/\/paracherkaoui.ma\/index.php\/wp-json\/wp\/v2\/media?parent=11354"}],"wp:term":[{"taxonomy":"product_brand","embeddable":true,"href":"https:\/\/paracherkaoui.ma\/index.php\/wp-json\/wp\/v2\/product_brand?post=11354"},{"taxonomy":"product_cat","embeddable":true,"href":"https:\/\/paracherkaoui.ma\/index.php\/wp-json\/wp\/v2\/product_cat?post=11354"},{"taxonomy":"product_tag","embeddable":true,"href":"https:\/\/paracherkaoui.ma\/index.php\/wp-json\/wp\/v2\/product_tag?post=11354"}],"curies":[{"name":"wp","href":"https:\/\/api.w.org\/{rel}","templated":true}]}}