{"id":11345,"date":"2025-12-12T17:40:13","date_gmt":"2025-12-12T16:40:13","guid":{"rendered":"https:\/\/test.ecbeaute.com\/?post_type=product&#038;p=11345"},"modified":"2025-12-12T17:40:18","modified_gmt":"2025-12-12T16:40:18","slug":"uriage-keratosane-30-gel-creme-anti-callosites-40-ml","status":"publish","type":"product","link":"https:\/\/paracherkaoui.ma\/index.php\/produit\/uriage-keratosane-30-gel-creme-anti-callosites-40-ml\/","title":{"rendered":"URIAGE KERATOSANE 30 GEL-CR\u00c8ME ANTI-CALLOSIT\u00c9S 40 ML"},"content":{"rendered":"<p>Propri\u00e9t\u00e9s :\u00a0Gel cr\u00e8me anti hyperk\u00e9ratoses, pour le soin quotidien de la peau ayant tendance \u00e0 s\u2019\u00e9paissir, enrichi en agents hydratants et adoucissants. Elimine les squames et les callosit\u00e9s, tout en r\u00e9duisant l\u2019\u00e9paississement cutan\u00e9. Gel cr\u00e8me riche, non gras, p\u00e9n\u00e8tre rapidement. Hypoallerg\u00e9nique, sans parabens, sans parfum.<\/p>\n<p>Utilisations :\u00a0Soin cutan\u00e9 des callosit\u00e9s et des \u00e9paississements cutan\u00e9s localis\u00e9s.<br \/>\nComposants :\u00a0Gel cr\u00e8me : Ur\u00e9e 30 % Sulfate de dextran 0.4 % Eau thermale d\u2019Uriage 10 % Glycocolle Glyc\u00e9rine Cholest\u00e9rol Excipients : paraffine liquide, sorbitan st\u00e9arate, algine, polysorbate-60 Conservateurs : ph\u00e9noxy\u00e9thanol, glyc\u00e9rine, acrylate\/C10-30 alkyl acrylate crosspolymer, sodium dextran sulfate, sodium hydroxyde<br \/>\nConseils :\u00a0A appliquer matin et soir, sur les zones \u00e9paisses localis\u00e9es au niveau des talons, des coudes, des genoux et du cuir chevelu. Pour l\u2019application sur le cuir chevelu, rincer \u00e0 l\u2019eau. Une l\u00e9g\u00e8re sensation de picotements transitoires li\u00e9es \u00e0 l\u2019efficacit\u00e9 du produit peut \u00eatre ressentie. Eviter tout contact avec les yeux.<\/p>\n","protected":false},"excerpt":{"rendered":"<p>Propri\u00e9t\u00e9s :\u00a0Gel cr\u00e8me anti hyperk\u00e9ratoses, pour le soin quotidien de la peau ayant tendance \u00e0 s\u2019\u00e9paissir, enrichi en agents hydratants<\/p>\n","protected":false},"featured_media":11392,"comment_status":"open","ping_status":"closed","template":"","meta":[],"product_brand":[130],"product_cat":[148],"product_tag":[],"class_list":{"0":"post-11345","1":"product","2":"type-product","3":"status-publish","4":"has-post-thumbnail","6":"product_brand-uriage","7":"product_cat-peau-seche","9":"first","10":"instock","11":"sale","12":"shipping-taxable","13":"purchasable","14":"product-type-simple"},"yoast_head":"<!-- This site is optimized with the Yoast SEO plugin v26.6 - https:\/\/yoast.com\/wordpress\/plugins\/seo\/ -->\r\n<title>URIAGE KERATOSANE 30 GEL-CR\u00c8ME ANTI-CALLOSIT\u00c9S 40 ML - Paracherkaoui.ma<\/title>\r\n<meta name=\"robots\" content=\"index, follow, max-snippet:-1, max-image-preview:large, max-video-preview:-1\" \/>\r\n<link rel=\"canonical\" href=\"https:\/\/paracherkaoui.ma\/index.php\/produit\/uriage-keratosane-30-gel-creme-anti-callosites-40-ml\/\" \/>\r\n<meta property=\"og:locale\" content=\"fr_FR\" \/>\r\n<meta property=\"og:type\" content=\"article\" \/>\r\n<meta property=\"og:title\" content=\"URIAGE KERATOSANE 30 GEL-CR\u00c8ME ANTI-CALLOSIT\u00c9S 40 ML - Paracherkaoui.ma\" \/>\r\n<meta property=\"og:description\" content=\"Propri\u00e9t\u00e9s :\u00a0Gel cr\u00e8me anti hyperk\u00e9ratoses, pour le soin quotidien de la peau ayant tendance \u00e0 s\u2019\u00e9paissir, enrichi en agents hydratants\" \/>\r\n<meta property=\"og:url\" content=\"https:\/\/paracherkaoui.ma\/index.php\/produit\/uriage-keratosane-30-gel-creme-anti-callosites-40-ml\/\" \/>\r\n<meta property=\"og:site_name\" content=\"Paracherkaoui.ma\" \/>\r\n<meta property=\"article:modified_time\" content=\"2025-12-12T16:40:18+00:00\" \/>\r\n<meta property=\"og:image\" content=\"https:\/\/paracherkaoui.ma\/wp-content\/uploads\/2025\/12\/uriage-uriage-keratosane-30-gel-creme-anti-callosites-40-ml-pieds.jpg\" \/>\r\n\t<meta property=\"og:image:width\" content=\"700\" \/>\r\n\t<meta property=\"og:image:height\" content=\"700\" \/>\r\n\t<meta property=\"og:image:type\" content=\"image\/jpeg\" \/>\r\n<meta name=\"twitter:card\" content=\"summary_large_image\" \/>\r\n<meta name=\"twitter:label1\" content=\"Dur\u00e9e de lecture estim\u00e9e\" \/>\n\t<meta name=\"twitter:data1\" content=\"1 minute\" \/>\r\n<script type=\"application\/ld+json\" class=\"yoast-schema-graph\">{\"@context\":\"https:\/\/schema.org\",\"@graph\":[{\"@type\":\"WebPage\",\"@id\":\"https:\/\/paracherkaoui.ma\/index.php\/produit\/uriage-keratosane-30-gel-creme-anti-callosites-40-ml\/\",\"url\":\"https:\/\/paracherkaoui.ma\/index.php\/produit\/uriage-keratosane-30-gel-creme-anti-callosites-40-ml\/\",\"name\":\"URIAGE KERATOSANE 30 GEL-CR\u00c8ME ANTI-CALLOSIT\u00c9S 40 ML - Paracherkaoui.ma\",\"isPartOf\":{\"@id\":\"https:\/\/paracherkaoui.ma\/#website\"},\"primaryImageOfPage\":{\"@id\":\"https:\/\/paracherkaoui.ma\/index.php\/produit\/uriage-keratosane-30-gel-creme-anti-callosites-40-ml\/#primaryimage\"},\"image\":{\"@id\":\"https:\/\/paracherkaoui.ma\/index.php\/produit\/uriage-keratosane-30-gel-creme-anti-callosites-40-ml\/#primaryimage\"},\"thumbnailUrl\":\"https:\/\/paracherkaoui.ma\/wp-content\/uploads\/2025\/12\/uriage-uriage-keratosane-30-gel-creme-anti-callosites-40-ml-pieds.jpg\",\"datePublished\":\"2025-12-12T16:40:13+00:00\",\"dateModified\":\"2025-12-12T16:40:18+00:00\",\"breadcrumb\":{\"@id\":\"https:\/\/paracherkaoui.ma\/index.php\/produit\/uriage-keratosane-30-gel-creme-anti-callosites-40-ml\/#breadcrumb\"},\"inLanguage\":\"fr-FR\",\"potentialAction\":[{\"@type\":\"ReadAction\",\"target\":[\"https:\/\/paracherkaoui.ma\/index.php\/produit\/uriage-keratosane-30-gel-creme-anti-callosites-40-ml\/\"]}]},{\"@type\":\"ImageObject\",\"inLanguage\":\"fr-FR\",\"@id\":\"https:\/\/paracherkaoui.ma\/index.php\/produit\/uriage-keratosane-30-gel-creme-anti-callosites-40-ml\/#primaryimage\",\"url\":\"https:\/\/paracherkaoui.ma\/wp-content\/uploads\/2025\/12\/uriage-uriage-keratosane-30-gel-creme-anti-callosites-40-ml-pieds.jpg\",\"contentUrl\":\"https:\/\/paracherkaoui.ma\/wp-content\/uploads\/2025\/12\/uriage-uriage-keratosane-30-gel-creme-anti-callosites-40-ml-pieds.jpg\",\"width\":700,\"height\":700},{\"@type\":\"BreadcrumbList\",\"@id\":\"https:\/\/paracherkaoui.ma\/index.php\/produit\/uriage-keratosane-30-gel-creme-anti-callosites-40-ml\/#breadcrumb\",\"itemListElement\":[{\"@type\":\"ListItem\",\"position\":1,\"name\":\"Accueil\",\"item\":\"https:\/\/paracherkaoui.ma\/\"},{\"@type\":\"ListItem\",\"position\":2,\"name\":\"Boutique\",\"item\":\"https:\/\/paracherkaoui.ma\/index.php\/boutique\/\"},{\"@type\":\"ListItem\",\"position\":3,\"name\":\"URIAGE KERATOSANE 30 GEL-CR\u00c8ME ANTI-CALLOSIT\u00c9S 40 ML\"}]},{\"@type\":\"WebSite\",\"@id\":\"https:\/\/paracherkaoui.ma\/#website\",\"url\":\"https:\/\/paracherkaoui.ma\/\",\"name\":\"Paracherkaoui.ma\",\"description\":\"Achetez en ligne sur Paracherkaoui.ma\",\"potentialAction\":[{\"@type\":\"SearchAction\",\"target\":{\"@type\":\"EntryPoint\",\"urlTemplate\":\"https:\/\/paracherkaoui.ma\/?s={search_term_string}\"},\"query-input\":{\"@type\":\"PropertyValueSpecification\",\"valueRequired\":true,\"valueName\":\"search_term_string\"}}],\"inLanguage\":\"fr-FR\"}]}<\/script>\r\n<!-- \/ Yoast SEO plugin. -->","yoast_head_json":{"title":"URIAGE KERATOSANE 30 GEL-CR\u00c8ME ANTI-CALLOSIT\u00c9S 40 ML - Paracherkaoui.ma","robots":{"index":"index","follow":"follow","max-snippet":"max-snippet:-1","max-image-preview":"max-image-preview:large","max-video-preview":"max-video-preview:-1"},"canonical":"https:\/\/paracherkaoui.ma\/index.php\/produit\/uriage-keratosane-30-gel-creme-anti-callosites-40-ml\/","og_locale":"fr_FR","og_type":"article","og_title":"URIAGE KERATOSANE 30 GEL-CR\u00c8ME ANTI-CALLOSIT\u00c9S 40 ML - Paracherkaoui.ma","og_description":"Propri\u00e9t\u00e9s :\u00a0Gel cr\u00e8me anti hyperk\u00e9ratoses, pour le soin quotidien de la peau ayant tendance \u00e0 s\u2019\u00e9paissir, enrichi en agents hydratants","og_url":"https:\/\/paracherkaoui.ma\/index.php\/produit\/uriage-keratosane-30-gel-creme-anti-callosites-40-ml\/","og_site_name":"Paracherkaoui.ma","article_modified_time":"2025-12-12T16:40:18+00:00","og_image":[{"width":700,"height":700,"url":"https:\/\/paracherkaoui.ma\/wp-content\/uploads\/2025\/12\/uriage-uriage-keratosane-30-gel-creme-anti-callosites-40-ml-pieds.jpg","type":"image\/jpeg"}],"twitter_card":"summary_large_image","twitter_misc":{"Dur\u00e9e de lecture estim\u00e9e":"1 minute"},"schema":{"@context":"https:\/\/schema.org","@graph":[{"@type":"WebPage","@id":"https:\/\/paracherkaoui.ma\/index.php\/produit\/uriage-keratosane-30-gel-creme-anti-callosites-40-ml\/","url":"https:\/\/paracherkaoui.ma\/index.php\/produit\/uriage-keratosane-30-gel-creme-anti-callosites-40-ml\/","name":"URIAGE KERATOSANE 30 GEL-CR\u00c8ME ANTI-CALLOSIT\u00c9S 40 ML - Paracherkaoui.ma","isPartOf":{"@id":"https:\/\/paracherkaoui.ma\/#website"},"primaryImageOfPage":{"@id":"https:\/\/paracherkaoui.ma\/index.php\/produit\/uriage-keratosane-30-gel-creme-anti-callosites-40-ml\/#primaryimage"},"image":{"@id":"https:\/\/paracherkaoui.ma\/index.php\/produit\/uriage-keratosane-30-gel-creme-anti-callosites-40-ml\/#primaryimage"},"thumbnailUrl":"https:\/\/paracherkaoui.ma\/wp-content\/uploads\/2025\/12\/uriage-uriage-keratosane-30-gel-creme-anti-callosites-40-ml-pieds.jpg","datePublished":"2025-12-12T16:40:13+00:00","dateModified":"2025-12-12T16:40:18+00:00","breadcrumb":{"@id":"https:\/\/paracherkaoui.ma\/index.php\/produit\/uriage-keratosane-30-gel-creme-anti-callosites-40-ml\/#breadcrumb"},"inLanguage":"fr-FR","potentialAction":[{"@type":"ReadAction","target":["https:\/\/paracherkaoui.ma\/index.php\/produit\/uriage-keratosane-30-gel-creme-anti-callosites-40-ml\/"]}]},{"@type":"ImageObject","inLanguage":"fr-FR","@id":"https:\/\/paracherkaoui.ma\/index.php\/produit\/uriage-keratosane-30-gel-creme-anti-callosites-40-ml\/#primaryimage","url":"https:\/\/paracherkaoui.ma\/wp-content\/uploads\/2025\/12\/uriage-uriage-keratosane-30-gel-creme-anti-callosites-40-ml-pieds.jpg","contentUrl":"https:\/\/paracherkaoui.ma\/wp-content\/uploads\/2025\/12\/uriage-uriage-keratosane-30-gel-creme-anti-callosites-40-ml-pieds.jpg","width":700,"height":700},{"@type":"BreadcrumbList","@id":"https:\/\/paracherkaoui.ma\/index.php\/produit\/uriage-keratosane-30-gel-creme-anti-callosites-40-ml\/#breadcrumb","itemListElement":[{"@type":"ListItem","position":1,"name":"Accueil","item":"https:\/\/paracherkaoui.ma\/"},{"@type":"ListItem","position":2,"name":"Boutique","item":"https:\/\/paracherkaoui.ma\/index.php\/boutique\/"},{"@type":"ListItem","position":3,"name":"URIAGE KERATOSANE 30 GEL-CR\u00c8ME ANTI-CALLOSIT\u00c9S 40 ML"}]},{"@type":"WebSite","@id":"https:\/\/paracherkaoui.ma\/#website","url":"https:\/\/paracherkaoui.ma\/","name":"Paracherkaoui.ma","description":"Achetez en ligne sur Paracherkaoui.ma","potentialAction":[{"@type":"SearchAction","target":{"@type":"EntryPoint","urlTemplate":"https:\/\/paracherkaoui.ma\/?s={search_term_string}"},"query-input":{"@type":"PropertyValueSpecification","valueRequired":true,"valueName":"search_term_string"}}],"inLanguage":"fr-FR"}]}},"_links":{"self":[{"href":"https:\/\/paracherkaoui.ma\/index.php\/wp-json\/wp\/v2\/product\/11345","targetHints":{"allow":["GET"]}}],"collection":[{"href":"https:\/\/paracherkaoui.ma\/index.php\/wp-json\/wp\/v2\/product"}],"about":[{"href":"https:\/\/paracherkaoui.ma\/index.php\/wp-json\/wp\/v2\/types\/product"}],"replies":[{"embeddable":true,"href":"https:\/\/paracherkaoui.ma\/index.php\/wp-json\/wp\/v2\/comments?post=11345"}],"version-history":[{"count":1,"href":"https:\/\/paracherkaoui.ma\/index.php\/wp-json\/wp\/v2\/product\/11345\/revisions"}],"predecessor-version":[{"id":11393,"href":"https:\/\/paracherkaoui.ma\/index.php\/wp-json\/wp\/v2\/product\/11345\/revisions\/11393"}],"wp:featuredmedia":[{"embeddable":true,"href":"https:\/\/paracherkaoui.ma\/index.php\/wp-json\/wp\/v2\/media\/11392"}],"wp:attachment":[{"href":"https:\/\/paracherkaoui.ma\/index.php\/wp-json\/wp\/v2\/media?parent=11345"}],"wp:term":[{"taxonomy":"product_brand","embeddable":true,"href":"https:\/\/paracherkaoui.ma\/index.php\/wp-json\/wp\/v2\/product_brand?post=11345"},{"taxonomy":"product_cat","embeddable":true,"href":"https:\/\/paracherkaoui.ma\/index.php\/wp-json\/wp\/v2\/product_cat?post=11345"},{"taxonomy":"product_tag","embeddable":true,"href":"https:\/\/paracherkaoui.ma\/index.php\/wp-json\/wp\/v2\/product_tag?post=11345"}],"curies":[{"name":"wp","href":"https:\/\/api.w.org\/{rel}","templated":true}]}}