{"id":11338,"date":"2025-12-12T17:40:11","date_gmt":"2025-12-12T16:40:11","guid":{"rendered":"https:\/\/test.ecbeaute.com\/?post_type=product&#038;p=11338"},"modified":"2025-12-12T17:40:17","modified_gmt":"2025-12-12T16:40:17","slug":"acm-sedacalm-creme-apaisante-120-ml","status":"publish","type":"product","link":"https:\/\/paracherkaoui.ma\/index.php\/produit\/acm-sedacalm-creme-apaisante-120-ml\/","title":{"rendered":"ACM SEDACALM CREME APAISANTE 120 ML"},"content":{"rendered":"<p>DESCRIPTION<br \/>\nLa cr\u00e8me apaisante S\u00e9dacalm soulage rapidement les sensations de d\u00e9mangeaisons d\u00e8s la 1\u00e8re application et de fa\u00e7on durable. Gr\u00e2ce \u00e0 son complexe unique apaisant X-CALM, elle procure un effet fraicheur imm\u00e9diat + un effet calmant durable. Sa gal\u00e9nique enrichie en actifs \u00e9mollients r\u00e9pare la barri\u00e8re cutan\u00e9e, prot\u00e8ge la peau et restaure sa souplesse.<br \/>\nConseils d&rsquo;utilisation:<br \/>\nUne \u00e0 deux fois par jour, appliquez la Cr\u00e8me Apaisante SEDCALM ACM sur les zones \u00e0 traiter.Bien se laver les mains apr\u00e8s chaque application. Ne pas laisser \u00e0 la port\u00e9e des enfants. Ne pas appliquer sur le visage, les muqueuses ou la peau l\u00e9s\u00e9e. Eviter tout contact avec les yeux. Ne pas utiliser chez l\u2019enfant et la femme enceinte<\/p>\n","protected":false},"excerpt":{"rendered":"<p>DESCRIPTION La cr\u00e8me apaisante S\u00e9dacalm soulage rapidement les sensations de d\u00e9mangeaisons d\u00e8s la 1\u00e8re application et de fa\u00e7on durable. Gr\u00e2ce<\/p>\n","protected":false},"featured_media":11378,"comment_status":"open","ping_status":"closed","template":"","meta":[],"product_brand":[142],"product_cat":[148],"product_tag":[],"class_list":{"0":"post-11338","1":"product","2":"type-product","3":"status-publish","4":"has-post-thumbnail","6":"product_brand-acm","7":"product_cat-peau-seche","9":"first","10":"instock","11":"sale","12":"shipping-taxable","13":"purchasable","14":"product-type-simple"},"yoast_head":"<!-- This site is optimized with the Yoast SEO plugin v26.6 - https:\/\/yoast.com\/wordpress\/plugins\/seo\/ -->\r\n<title>ACM SEDACALM CREME APAISANTE 120 ML - Paracherkaoui.ma<\/title>\r\n<meta name=\"robots\" content=\"index, follow, max-snippet:-1, max-image-preview:large, max-video-preview:-1\" \/>\r\n<link rel=\"canonical\" href=\"https:\/\/paracherkaoui.ma\/index.php\/produit\/acm-sedacalm-creme-apaisante-120-ml\/\" \/>\r\n<meta property=\"og:locale\" content=\"fr_FR\" \/>\r\n<meta property=\"og:type\" content=\"article\" \/>\r\n<meta property=\"og:title\" content=\"ACM SEDACALM CREME APAISANTE 120 ML - Paracherkaoui.ma\" \/>\r\n<meta property=\"og:description\" content=\"DESCRIPTION La cr\u00e8me apaisante S\u00e9dacalm soulage rapidement les sensations de d\u00e9mangeaisons d\u00e8s la 1\u00e8re application et de fa\u00e7on durable. Gr\u00e2ce\" \/>\r\n<meta property=\"og:url\" content=\"https:\/\/paracherkaoui.ma\/index.php\/produit\/acm-sedacalm-creme-apaisante-120-ml\/\" \/>\r\n<meta property=\"og:site_name\" content=\"Paracherkaoui.ma\" \/>\r\n<meta property=\"article:modified_time\" content=\"2025-12-12T16:40:17+00:00\" \/>\r\n<meta property=\"og:image\" content=\"https:\/\/paracherkaoui.ma\/wp-content\/uploads\/2025\/12\/acm-acm-sedacalm-creme-apaisante-120-ml-cremes-jour.jpg\" \/>\r\n\t<meta property=\"og:image:width\" content=\"700\" \/>\r\n\t<meta property=\"og:image:height\" content=\"700\" \/>\r\n\t<meta property=\"og:image:type\" content=\"image\/jpeg\" \/>\r\n<meta name=\"twitter:card\" content=\"summary_large_image\" \/>\r\n<meta name=\"twitter:label1\" content=\"Dur\u00e9e de lecture estim\u00e9e\" \/>\n\t<meta name=\"twitter:data1\" content=\"1 minute\" \/>\r\n<script type=\"application\/ld+json\" class=\"yoast-schema-graph\">{\"@context\":\"https:\/\/schema.org\",\"@graph\":[{\"@type\":\"WebPage\",\"@id\":\"https:\/\/paracherkaoui.ma\/index.php\/produit\/acm-sedacalm-creme-apaisante-120-ml\/\",\"url\":\"https:\/\/paracherkaoui.ma\/index.php\/produit\/acm-sedacalm-creme-apaisante-120-ml\/\",\"name\":\"ACM SEDACALM CREME APAISANTE 120 ML - Paracherkaoui.ma\",\"isPartOf\":{\"@id\":\"https:\/\/paracherkaoui.ma\/#website\"},\"primaryImageOfPage\":{\"@id\":\"https:\/\/paracherkaoui.ma\/index.php\/produit\/acm-sedacalm-creme-apaisante-120-ml\/#primaryimage\"},\"image\":{\"@id\":\"https:\/\/paracherkaoui.ma\/index.php\/produit\/acm-sedacalm-creme-apaisante-120-ml\/#primaryimage\"},\"thumbnailUrl\":\"https:\/\/paracherkaoui.ma\/wp-content\/uploads\/2025\/12\/acm-acm-sedacalm-creme-apaisante-120-ml-cremes-jour.jpg\",\"datePublished\":\"2025-12-12T16:40:11+00:00\",\"dateModified\":\"2025-12-12T16:40:17+00:00\",\"breadcrumb\":{\"@id\":\"https:\/\/paracherkaoui.ma\/index.php\/produit\/acm-sedacalm-creme-apaisante-120-ml\/#breadcrumb\"},\"inLanguage\":\"fr-FR\",\"potentialAction\":[{\"@type\":\"ReadAction\",\"target\":[\"https:\/\/paracherkaoui.ma\/index.php\/produit\/acm-sedacalm-creme-apaisante-120-ml\/\"]}]},{\"@type\":\"ImageObject\",\"inLanguage\":\"fr-FR\",\"@id\":\"https:\/\/paracherkaoui.ma\/index.php\/produit\/acm-sedacalm-creme-apaisante-120-ml\/#primaryimage\",\"url\":\"https:\/\/paracherkaoui.ma\/wp-content\/uploads\/2025\/12\/acm-acm-sedacalm-creme-apaisante-120-ml-cremes-jour.jpg\",\"contentUrl\":\"https:\/\/paracherkaoui.ma\/wp-content\/uploads\/2025\/12\/acm-acm-sedacalm-creme-apaisante-120-ml-cremes-jour.jpg\",\"width\":700,\"height\":700},{\"@type\":\"BreadcrumbList\",\"@id\":\"https:\/\/paracherkaoui.ma\/index.php\/produit\/acm-sedacalm-creme-apaisante-120-ml\/#breadcrumb\",\"itemListElement\":[{\"@type\":\"ListItem\",\"position\":1,\"name\":\"Accueil\",\"item\":\"https:\/\/paracherkaoui.ma\/\"},{\"@type\":\"ListItem\",\"position\":2,\"name\":\"Boutique\",\"item\":\"https:\/\/paracherkaoui.ma\/index.php\/boutique\/\"},{\"@type\":\"ListItem\",\"position\":3,\"name\":\"ACM SEDACALM CREME APAISANTE 120 ML\"}]},{\"@type\":\"WebSite\",\"@id\":\"https:\/\/paracherkaoui.ma\/#website\",\"url\":\"https:\/\/paracherkaoui.ma\/\",\"name\":\"Paracherkaoui.ma\",\"description\":\"Achetez en ligne sur Paracherkaoui.ma\",\"potentialAction\":[{\"@type\":\"SearchAction\",\"target\":{\"@type\":\"EntryPoint\",\"urlTemplate\":\"https:\/\/paracherkaoui.ma\/?s={search_term_string}\"},\"query-input\":{\"@type\":\"PropertyValueSpecification\",\"valueRequired\":true,\"valueName\":\"search_term_string\"}}],\"inLanguage\":\"fr-FR\"}]}<\/script>\r\n<!-- \/ Yoast SEO plugin. -->","yoast_head_json":{"title":"ACM SEDACALM CREME APAISANTE 120 ML - Paracherkaoui.ma","robots":{"index":"index","follow":"follow","max-snippet":"max-snippet:-1","max-image-preview":"max-image-preview:large","max-video-preview":"max-video-preview:-1"},"canonical":"https:\/\/paracherkaoui.ma\/index.php\/produit\/acm-sedacalm-creme-apaisante-120-ml\/","og_locale":"fr_FR","og_type":"article","og_title":"ACM SEDACALM CREME APAISANTE 120 ML - Paracherkaoui.ma","og_description":"DESCRIPTION La cr\u00e8me apaisante S\u00e9dacalm soulage rapidement les sensations de d\u00e9mangeaisons d\u00e8s la 1\u00e8re application et de fa\u00e7on durable. Gr\u00e2ce","og_url":"https:\/\/paracherkaoui.ma\/index.php\/produit\/acm-sedacalm-creme-apaisante-120-ml\/","og_site_name":"Paracherkaoui.ma","article_modified_time":"2025-12-12T16:40:17+00:00","og_image":[{"width":700,"height":700,"url":"https:\/\/paracherkaoui.ma\/wp-content\/uploads\/2025\/12\/acm-acm-sedacalm-creme-apaisante-120-ml-cremes-jour.jpg","type":"image\/jpeg"}],"twitter_card":"summary_large_image","twitter_misc":{"Dur\u00e9e de lecture estim\u00e9e":"1 minute"},"schema":{"@context":"https:\/\/schema.org","@graph":[{"@type":"WebPage","@id":"https:\/\/paracherkaoui.ma\/index.php\/produit\/acm-sedacalm-creme-apaisante-120-ml\/","url":"https:\/\/paracherkaoui.ma\/index.php\/produit\/acm-sedacalm-creme-apaisante-120-ml\/","name":"ACM SEDACALM CREME APAISANTE 120 ML - Paracherkaoui.ma","isPartOf":{"@id":"https:\/\/paracherkaoui.ma\/#website"},"primaryImageOfPage":{"@id":"https:\/\/paracherkaoui.ma\/index.php\/produit\/acm-sedacalm-creme-apaisante-120-ml\/#primaryimage"},"image":{"@id":"https:\/\/paracherkaoui.ma\/index.php\/produit\/acm-sedacalm-creme-apaisante-120-ml\/#primaryimage"},"thumbnailUrl":"https:\/\/paracherkaoui.ma\/wp-content\/uploads\/2025\/12\/acm-acm-sedacalm-creme-apaisante-120-ml-cremes-jour.jpg","datePublished":"2025-12-12T16:40:11+00:00","dateModified":"2025-12-12T16:40:17+00:00","breadcrumb":{"@id":"https:\/\/paracherkaoui.ma\/index.php\/produit\/acm-sedacalm-creme-apaisante-120-ml\/#breadcrumb"},"inLanguage":"fr-FR","potentialAction":[{"@type":"ReadAction","target":["https:\/\/paracherkaoui.ma\/index.php\/produit\/acm-sedacalm-creme-apaisante-120-ml\/"]}]},{"@type":"ImageObject","inLanguage":"fr-FR","@id":"https:\/\/paracherkaoui.ma\/index.php\/produit\/acm-sedacalm-creme-apaisante-120-ml\/#primaryimage","url":"https:\/\/paracherkaoui.ma\/wp-content\/uploads\/2025\/12\/acm-acm-sedacalm-creme-apaisante-120-ml-cremes-jour.jpg","contentUrl":"https:\/\/paracherkaoui.ma\/wp-content\/uploads\/2025\/12\/acm-acm-sedacalm-creme-apaisante-120-ml-cremes-jour.jpg","width":700,"height":700},{"@type":"BreadcrumbList","@id":"https:\/\/paracherkaoui.ma\/index.php\/produit\/acm-sedacalm-creme-apaisante-120-ml\/#breadcrumb","itemListElement":[{"@type":"ListItem","position":1,"name":"Accueil","item":"https:\/\/paracherkaoui.ma\/"},{"@type":"ListItem","position":2,"name":"Boutique","item":"https:\/\/paracherkaoui.ma\/index.php\/boutique\/"},{"@type":"ListItem","position":3,"name":"ACM SEDACALM CREME APAISANTE 120 ML"}]},{"@type":"WebSite","@id":"https:\/\/paracherkaoui.ma\/#website","url":"https:\/\/paracherkaoui.ma\/","name":"Paracherkaoui.ma","description":"Achetez en ligne sur Paracherkaoui.ma","potentialAction":[{"@type":"SearchAction","target":{"@type":"EntryPoint","urlTemplate":"https:\/\/paracherkaoui.ma\/?s={search_term_string}"},"query-input":{"@type":"PropertyValueSpecification","valueRequired":true,"valueName":"search_term_string"}}],"inLanguage":"fr-FR"}]}},"_links":{"self":[{"href":"https:\/\/paracherkaoui.ma\/index.php\/wp-json\/wp\/v2\/product\/11338","targetHints":{"allow":["GET"]}}],"collection":[{"href":"https:\/\/paracherkaoui.ma\/index.php\/wp-json\/wp\/v2\/product"}],"about":[{"href":"https:\/\/paracherkaoui.ma\/index.php\/wp-json\/wp\/v2\/types\/product"}],"replies":[{"embeddable":true,"href":"https:\/\/paracherkaoui.ma\/index.php\/wp-json\/wp\/v2\/comments?post=11338"}],"version-history":[{"count":1,"href":"https:\/\/paracherkaoui.ma\/index.php\/wp-json\/wp\/v2\/product\/11338\/revisions"}],"predecessor-version":[{"id":11379,"href":"https:\/\/paracherkaoui.ma\/index.php\/wp-json\/wp\/v2\/product\/11338\/revisions\/11379"}],"wp:featuredmedia":[{"embeddable":true,"href":"https:\/\/paracherkaoui.ma\/index.php\/wp-json\/wp\/v2\/media\/11378"}],"wp:attachment":[{"href":"https:\/\/paracherkaoui.ma\/index.php\/wp-json\/wp\/v2\/media?parent=11338"}],"wp:term":[{"taxonomy":"product_brand","embeddable":true,"href":"https:\/\/paracherkaoui.ma\/index.php\/wp-json\/wp\/v2\/product_brand?post=11338"},{"taxonomy":"product_cat","embeddable":true,"href":"https:\/\/paracherkaoui.ma\/index.php\/wp-json\/wp\/v2\/product_cat?post=11338"},{"taxonomy":"product_tag","embeddable":true,"href":"https:\/\/paracherkaoui.ma\/index.php\/wp-json\/wp\/v2\/product_tag?post=11338"}],"curies":[{"name":"wp","href":"https:\/\/api.w.org\/{rel}","templated":true}]}}