{"id":11336,"date":"2025-12-12T17:40:10","date_gmt":"2025-12-12T16:40:10","guid":{"rendered":"https:\/\/test.ecbeaute.com\/?post_type=product&#038;p=11336"},"modified":"2025-12-12T17:40:17","modified_gmt":"2025-12-12T16:40:17","slug":"isdin-ureadin-ultra-30-exfoliating-creme-50-ml","status":"publish","type":"product","link":"https:\/\/paracherkaoui.ma\/index.php\/produit\/isdin-ureadin-ultra-30-exfoliating-creme-50-ml\/","title":{"rendered":"ISDIN UREADIN ULTRA 30 EXFOLIATING CREME 50 ML"},"content":{"rendered":"<p>Une action exfoliante et hydratante pour une peau renouvel\u00e9e<br \/>\nL\u2019efficacit\u00e9 d\u2019ISDIN Ureadin Ultra 30 repose sur la synergie entre son action exfoliante et sa capacit\u00e9 \u00e0 restaurer la barri\u00e8re cutan\u00e9e. L\u2019Ur\u00e9e ISDIN est un actif k\u00e9ratolytique reconnu qui agit en profondeur pour dissoudre les amas de cellules mortes, facilitant ainsi leur \u00e9limination. Son effet est compl\u00e9t\u00e9 par des agents \u00e9mollients qui assouplissent la peau et la rendent plus lisse et douce au toucher.<br \/>\nSa texture non grasse \u00e0 absorption rapide permet une application agr\u00e9able, sans laisser de r\u00e9sidu collant. En plus d\u2019exfolier, cette cr\u00e8me hydrate intens\u00e9ment, aidant ainsi \u00e0 pr\u00e9venir la formation de nouvelles zones \u00e9paissies.<br \/>\nUne cr\u00e8me qui hydrate en profondeur, prot\u00e8ge et exfolie la peau<br \/>\nCe soin exfoliant con\u00e7u par les laboratoires Isdin :<br \/>\ncontribue \u00e0 r\u00e9duire l&rsquo;\u00e9paississement de la peau au niveau des zones qui sont souvent concern\u00e9es comme les pieds, les mains, les coudes et les genoux<br \/>\naide \u00e0 att\u00e9nuer les cors et les durillons<br \/>\nrelance l&rsquo;hydratation de la peau tout en renfor\u00e7ant ses d\u00e9fenses naturelles<br \/>\nGr\u00e2ce \u00e0 sa texture \u00e0 la fois riche et non grasse, ce soin des pieds p\u00e9n\u00e8tre rapidement, ce qui facilite grandement une utilisation quotidienne.<br \/>\nUne formulation hautement concentr\u00e9e en Ur\u00e9e Isdin<br \/>\nCe soin est \u00e9labor\u00e9 \u00e0 partir d&rsquo;une association d&rsquo;Ur\u00e9e Isdin dos\u00e9e \u00e0 30 % et de substances actives qui ont une action efficace pour traiter les zones du corps dont la peau est \u00e9paissie :<br \/>\nL&rsquo;Ur\u00e9e Isdin retient l&rsquo;eau au c\u0153ur des cellules cutan\u00e9es tout en ayant une action exfoliante.<br \/>\nLa glyc\u00e9rine am\u00e9liore l&rsquo;\u00e9lasticit\u00e9 de l&rsquo;\u00e9piderme et pr\u00e9serve sa douceur.<br \/>\nL&rsquo;allanto\u00efne, riche en vitamine A et en vitamine C, hydrate, adoucit et r\u00e9g\u00e9n\u00e8re efficacement les tissus de la peau.<br \/>\nCette cr\u00e8me a \u00e9t\u00e9 test\u00e9e sous contr\u00f4le dermatologique de fa\u00e7on \u00e0 r\u00e9duire au maximum les risques de r\u00e9actions cutan\u00e9es.<br \/>\nLa cr\u00e8me hydratante et exfoliante Ureadin Ultra 30 d&rsquo;Isdin est sp\u00e9cifiquement con\u00e7ue pour att\u00e9nuer l&rsquo;\u00e9paississement de la peau et les probl\u00e8mes qui en r\u00e9sultent tels que les cors et les durillons. Elle nourrit intens\u00e9ment la peau tout en pr\u00e9servant l&rsquo;hydratation.<br \/>\nAppliquez la cr\u00e8me exfoliante Ureadin Ultra 30 d&rsquo;Isdin 2 fois par jour sur la peau propre des zones \u00e0 traiter en \u00e9vitant tout contact avec les yeux et les muqueuses. Insistez bien sur les endroits les plus secs. N&rsquo;utilisez pas ce soin si vous avez la peau irrit\u00e9e ou ab\u00eem\u00e9e. \u00c9vitez \u00e9galement de l&rsquo;appliquer entre les doigts afin de ne pas risquer de provoquer de mac\u00e9ration.<br \/>\nConseils d&rsquo;utilisation<br \/>\nNettoyez et s\u00e9chez soigneusement la zone concern\u00e9e avant application.<br \/>\nAppliquez une petite quantit\u00e9 de cr\u00e8me sur la zone \u00e9paissie.<br \/>\nMassez d\u00e9licatement jusqu\u2019\u00e0 absorption compl\u00e8te.<br \/>\nUtilisez 1 \u00e0 2 fois par jour, selon l\u2019\u00e9tat de la peau et les recommandations dermatologiques.<br \/>\nPoursuivez l\u2019application r\u00e9guli\u00e8rement pour maintenir la peau douce et souple.<br \/>\nComposition principale<br \/>\nUr\u00e9e ISDIN 30% : Action k\u00e9ratolytique et hydratante<br \/>\nAllanto\u00efne : Apaisant et r\u00e9parateur cutan\u00e9<br \/>\nAcide lactique : Exfoliant doux et r\u00e9gulateur du pH<br \/>\nDimethicone : Protection et hydratation durable<\/p>\n","protected":false},"excerpt":{"rendered":"<p>Une action exfoliante et hydratante pour une peau renouvel\u00e9e L\u2019efficacit\u00e9 d\u2019ISDIN Ureadin Ultra 30 repose sur la synergie entre son<\/p>\n","protected":false},"featured_media":11374,"comment_status":"open","ping_status":"closed","template":"","meta":[],"product_brand":[135],"product_cat":[148],"product_tag":[],"class_list":{"0":"post-11336","1":"product","2":"type-product","3":"status-publish","4":"has-post-thumbnail","6":"product_brand-isdin","7":"product_cat-peau-seche","9":"first","10":"instock","11":"sale","12":"shipping-taxable","13":"purchasable","14":"product-type-simple"},"yoast_head":"<!-- This site is optimized with the Yoast SEO plugin v26.6 - https:\/\/yoast.com\/wordpress\/plugins\/seo\/ -->\r\n<title>ISDIN UREADIN ULTRA 30 EXFOLIATING CREME 50 ML - Paracherkaoui.ma<\/title>\r\n<meta name=\"robots\" content=\"index, follow, max-snippet:-1, max-image-preview:large, max-video-preview:-1\" \/>\r\n<link rel=\"canonical\" href=\"https:\/\/paracherkaoui.ma\/index.php\/produit\/isdin-ureadin-ultra-30-exfoliating-creme-50-ml\/\" \/>\r\n<meta property=\"og:locale\" content=\"fr_FR\" \/>\r\n<meta property=\"og:type\" content=\"article\" \/>\r\n<meta property=\"og:title\" content=\"ISDIN UREADIN ULTRA 30 EXFOLIATING CREME 50 ML - Paracherkaoui.ma\" \/>\r\n<meta property=\"og:description\" content=\"Une action exfoliante et hydratante pour une peau renouvel\u00e9e L\u2019efficacit\u00e9 d\u2019ISDIN Ureadin Ultra 30 repose sur la synergie entre son\" \/>\r\n<meta property=\"og:url\" content=\"https:\/\/paracherkaoui.ma\/index.php\/produit\/isdin-ureadin-ultra-30-exfoliating-creme-50-ml\/\" \/>\r\n<meta property=\"og:site_name\" content=\"Paracherkaoui.ma\" \/>\r\n<meta property=\"article:modified_time\" content=\"2025-12-12T16:40:17+00:00\" \/>\r\n<meta property=\"og:image\" content=\"https:\/\/paracherkaoui.ma\/wp-content\/uploads\/2025\/12\/isdin-isdin-ureadin-ultra-30-exfoliating-creme-50-ml-gommages-visage.jpg\" \/>\r\n\t<meta property=\"og:image:width\" content=\"700\" \/>\r\n\t<meta property=\"og:image:height\" content=\"700\" \/>\r\n\t<meta property=\"og:image:type\" content=\"image\/jpeg\" \/>\r\n<meta name=\"twitter:card\" content=\"summary_large_image\" \/>\r\n<meta name=\"twitter:label1\" content=\"Dur\u00e9e de lecture estim\u00e9e\" \/>\n\t<meta name=\"twitter:data1\" content=\"3 minutes\" \/>\r\n<script type=\"application\/ld+json\" class=\"yoast-schema-graph\">{\"@context\":\"https:\/\/schema.org\",\"@graph\":[{\"@type\":\"WebPage\",\"@id\":\"https:\/\/paracherkaoui.ma\/index.php\/produit\/isdin-ureadin-ultra-30-exfoliating-creme-50-ml\/\",\"url\":\"https:\/\/paracherkaoui.ma\/index.php\/produit\/isdin-ureadin-ultra-30-exfoliating-creme-50-ml\/\",\"name\":\"ISDIN UREADIN ULTRA 30 EXFOLIATING CREME 50 ML - Paracherkaoui.ma\",\"isPartOf\":{\"@id\":\"https:\/\/paracherkaoui.ma\/#website\"},\"primaryImageOfPage\":{\"@id\":\"https:\/\/paracherkaoui.ma\/index.php\/produit\/isdin-ureadin-ultra-30-exfoliating-creme-50-ml\/#primaryimage\"},\"image\":{\"@id\":\"https:\/\/paracherkaoui.ma\/index.php\/produit\/isdin-ureadin-ultra-30-exfoliating-creme-50-ml\/#primaryimage\"},\"thumbnailUrl\":\"https:\/\/paracherkaoui.ma\/wp-content\/uploads\/2025\/12\/isdin-isdin-ureadin-ultra-30-exfoliating-creme-50-ml-gommages-visage.jpg\",\"datePublished\":\"2025-12-12T16:40:10+00:00\",\"dateModified\":\"2025-12-12T16:40:17+00:00\",\"breadcrumb\":{\"@id\":\"https:\/\/paracherkaoui.ma\/index.php\/produit\/isdin-ureadin-ultra-30-exfoliating-creme-50-ml\/#breadcrumb\"},\"inLanguage\":\"fr-FR\",\"potentialAction\":[{\"@type\":\"ReadAction\",\"target\":[\"https:\/\/paracherkaoui.ma\/index.php\/produit\/isdin-ureadin-ultra-30-exfoliating-creme-50-ml\/\"]}]},{\"@type\":\"ImageObject\",\"inLanguage\":\"fr-FR\",\"@id\":\"https:\/\/paracherkaoui.ma\/index.php\/produit\/isdin-ureadin-ultra-30-exfoliating-creme-50-ml\/#primaryimage\",\"url\":\"https:\/\/paracherkaoui.ma\/wp-content\/uploads\/2025\/12\/isdin-isdin-ureadin-ultra-30-exfoliating-creme-50-ml-gommages-visage.jpg\",\"contentUrl\":\"https:\/\/paracherkaoui.ma\/wp-content\/uploads\/2025\/12\/isdin-isdin-ureadin-ultra-30-exfoliating-creme-50-ml-gommages-visage.jpg\",\"width\":700,\"height\":700},{\"@type\":\"BreadcrumbList\",\"@id\":\"https:\/\/paracherkaoui.ma\/index.php\/produit\/isdin-ureadin-ultra-30-exfoliating-creme-50-ml\/#breadcrumb\",\"itemListElement\":[{\"@type\":\"ListItem\",\"position\":1,\"name\":\"Accueil\",\"item\":\"https:\/\/paracherkaoui.ma\/\"},{\"@type\":\"ListItem\",\"position\":2,\"name\":\"Boutique\",\"item\":\"https:\/\/paracherkaoui.ma\/index.php\/boutique\/\"},{\"@type\":\"ListItem\",\"position\":3,\"name\":\"ISDIN UREADIN ULTRA 30 EXFOLIATING CREME 50 ML\"}]},{\"@type\":\"WebSite\",\"@id\":\"https:\/\/paracherkaoui.ma\/#website\",\"url\":\"https:\/\/paracherkaoui.ma\/\",\"name\":\"Paracherkaoui.ma\",\"description\":\"Achetez en ligne sur Paracherkaoui.ma\",\"potentialAction\":[{\"@type\":\"SearchAction\",\"target\":{\"@type\":\"EntryPoint\",\"urlTemplate\":\"https:\/\/paracherkaoui.ma\/?s={search_term_string}\"},\"query-input\":{\"@type\":\"PropertyValueSpecification\",\"valueRequired\":true,\"valueName\":\"search_term_string\"}}],\"inLanguage\":\"fr-FR\"}]}<\/script>\r\n<!-- \/ Yoast SEO plugin. -->","yoast_head_json":{"title":"ISDIN UREADIN ULTRA 30 EXFOLIATING CREME 50 ML - Paracherkaoui.ma","robots":{"index":"index","follow":"follow","max-snippet":"max-snippet:-1","max-image-preview":"max-image-preview:large","max-video-preview":"max-video-preview:-1"},"canonical":"https:\/\/paracherkaoui.ma\/index.php\/produit\/isdin-ureadin-ultra-30-exfoliating-creme-50-ml\/","og_locale":"fr_FR","og_type":"article","og_title":"ISDIN UREADIN ULTRA 30 EXFOLIATING CREME 50 ML - Paracherkaoui.ma","og_description":"Une action exfoliante et hydratante pour une peau renouvel\u00e9e L\u2019efficacit\u00e9 d\u2019ISDIN Ureadin Ultra 30 repose sur la synergie entre son","og_url":"https:\/\/paracherkaoui.ma\/index.php\/produit\/isdin-ureadin-ultra-30-exfoliating-creme-50-ml\/","og_site_name":"Paracherkaoui.ma","article_modified_time":"2025-12-12T16:40:17+00:00","og_image":[{"width":700,"height":700,"url":"https:\/\/paracherkaoui.ma\/wp-content\/uploads\/2025\/12\/isdin-isdin-ureadin-ultra-30-exfoliating-creme-50-ml-gommages-visage.jpg","type":"image\/jpeg"}],"twitter_card":"summary_large_image","twitter_misc":{"Dur\u00e9e de lecture estim\u00e9e":"3 minutes"},"schema":{"@context":"https:\/\/schema.org","@graph":[{"@type":"WebPage","@id":"https:\/\/paracherkaoui.ma\/index.php\/produit\/isdin-ureadin-ultra-30-exfoliating-creme-50-ml\/","url":"https:\/\/paracherkaoui.ma\/index.php\/produit\/isdin-ureadin-ultra-30-exfoliating-creme-50-ml\/","name":"ISDIN UREADIN ULTRA 30 EXFOLIATING CREME 50 ML - Paracherkaoui.ma","isPartOf":{"@id":"https:\/\/paracherkaoui.ma\/#website"},"primaryImageOfPage":{"@id":"https:\/\/paracherkaoui.ma\/index.php\/produit\/isdin-ureadin-ultra-30-exfoliating-creme-50-ml\/#primaryimage"},"image":{"@id":"https:\/\/paracherkaoui.ma\/index.php\/produit\/isdin-ureadin-ultra-30-exfoliating-creme-50-ml\/#primaryimage"},"thumbnailUrl":"https:\/\/paracherkaoui.ma\/wp-content\/uploads\/2025\/12\/isdin-isdin-ureadin-ultra-30-exfoliating-creme-50-ml-gommages-visage.jpg","datePublished":"2025-12-12T16:40:10+00:00","dateModified":"2025-12-12T16:40:17+00:00","breadcrumb":{"@id":"https:\/\/paracherkaoui.ma\/index.php\/produit\/isdin-ureadin-ultra-30-exfoliating-creme-50-ml\/#breadcrumb"},"inLanguage":"fr-FR","potentialAction":[{"@type":"ReadAction","target":["https:\/\/paracherkaoui.ma\/index.php\/produit\/isdin-ureadin-ultra-30-exfoliating-creme-50-ml\/"]}]},{"@type":"ImageObject","inLanguage":"fr-FR","@id":"https:\/\/paracherkaoui.ma\/index.php\/produit\/isdin-ureadin-ultra-30-exfoliating-creme-50-ml\/#primaryimage","url":"https:\/\/paracherkaoui.ma\/wp-content\/uploads\/2025\/12\/isdin-isdin-ureadin-ultra-30-exfoliating-creme-50-ml-gommages-visage.jpg","contentUrl":"https:\/\/paracherkaoui.ma\/wp-content\/uploads\/2025\/12\/isdin-isdin-ureadin-ultra-30-exfoliating-creme-50-ml-gommages-visage.jpg","width":700,"height":700},{"@type":"BreadcrumbList","@id":"https:\/\/paracherkaoui.ma\/index.php\/produit\/isdin-ureadin-ultra-30-exfoliating-creme-50-ml\/#breadcrumb","itemListElement":[{"@type":"ListItem","position":1,"name":"Accueil","item":"https:\/\/paracherkaoui.ma\/"},{"@type":"ListItem","position":2,"name":"Boutique","item":"https:\/\/paracherkaoui.ma\/index.php\/boutique\/"},{"@type":"ListItem","position":3,"name":"ISDIN UREADIN ULTRA 30 EXFOLIATING CREME 50 ML"}]},{"@type":"WebSite","@id":"https:\/\/paracherkaoui.ma\/#website","url":"https:\/\/paracherkaoui.ma\/","name":"Paracherkaoui.ma","description":"Achetez en ligne sur Paracherkaoui.ma","potentialAction":[{"@type":"SearchAction","target":{"@type":"EntryPoint","urlTemplate":"https:\/\/paracherkaoui.ma\/?s={search_term_string}"},"query-input":{"@type":"PropertyValueSpecification","valueRequired":true,"valueName":"search_term_string"}}],"inLanguage":"fr-FR"}]}},"_links":{"self":[{"href":"https:\/\/paracherkaoui.ma\/index.php\/wp-json\/wp\/v2\/product\/11336","targetHints":{"allow":["GET"]}}],"collection":[{"href":"https:\/\/paracherkaoui.ma\/index.php\/wp-json\/wp\/v2\/product"}],"about":[{"href":"https:\/\/paracherkaoui.ma\/index.php\/wp-json\/wp\/v2\/types\/product"}],"replies":[{"embeddable":true,"href":"https:\/\/paracherkaoui.ma\/index.php\/wp-json\/wp\/v2\/comments?post=11336"}],"version-history":[{"count":1,"href":"https:\/\/paracherkaoui.ma\/index.php\/wp-json\/wp\/v2\/product\/11336\/revisions"}],"predecessor-version":[{"id":11375,"href":"https:\/\/paracherkaoui.ma\/index.php\/wp-json\/wp\/v2\/product\/11336\/revisions\/11375"}],"wp:featuredmedia":[{"embeddable":true,"href":"https:\/\/paracherkaoui.ma\/index.php\/wp-json\/wp\/v2\/media\/11374"}],"wp:attachment":[{"href":"https:\/\/paracherkaoui.ma\/index.php\/wp-json\/wp\/v2\/media?parent=11336"}],"wp:term":[{"taxonomy":"product_brand","embeddable":true,"href":"https:\/\/paracherkaoui.ma\/index.php\/wp-json\/wp\/v2\/product_brand?post=11336"},{"taxonomy":"product_cat","embeddable":true,"href":"https:\/\/paracherkaoui.ma\/index.php\/wp-json\/wp\/v2\/product_cat?post=11336"},{"taxonomy":"product_tag","embeddable":true,"href":"https:\/\/paracherkaoui.ma\/index.php\/wp-json\/wp\/v2\/product_tag?post=11336"}],"curies":[{"name":"wp","href":"https:\/\/api.w.org\/{rel}","templated":true}]}}