{"id":11332,"date":"2025-12-12T17:40:09","date_gmt":"2025-12-12T16:40:09","guid":{"rendered":"https:\/\/test.ecbeaute.com\/?post_type=product&#038;p=11332"},"modified":"2025-12-12T17:40:16","modified_gmt":"2025-12-12T16:40:16","slug":"uriage-xemose-creme-relipidante-apaisante-anti-irritations-200-ml","status":"publish","type":"product","link":"https:\/\/paracherkaoui.ma\/index.php\/produit\/uriage-xemose-creme-relipidante-apaisante-anti-irritations-200-ml\/","title":{"rendered":"URIAGE XEMOSE CREME RELIPIDANTE APAISANTE ANTI-IRRITATIONS 200 ML"},"content":{"rendered":"<p>DESCRIPTION :<br \/>\nCette cr\u00e8me nourrissante et protectrice apaise imm\u00e9diatement les sensations de d\u00e9mangeaisons g\u00e9n\u00e9ratrices de grattage et offre un confort durable. Dot\u00e9e d\u2019une texture fondante non collante, elle permet un habillage rapide. Elle p\u00e9n\u00e8tre instantan\u00e9ment pour espacer les pics de s\u00e9cheresse s\u00e9v\u00e8re et apporter un confort durable.<br \/>\nApaise imm\u00e9diatement<br \/>\nCe soin pr\u00e9sente une action apaisante imm\u00e9diate, gr\u00e2ce au brevet* Chronoxine.<br \/>\nApporte un confort durable<br \/>\nIl poss\u00e8de une action triple barri\u00e8re pour un apaisement durable : le C\u00e9rast\u00e9rol 2F restaure et renforce la barri\u00e8re cutan\u00e9e, le complexe TLR2 Regul module la barri\u00e8re de d\u00e9fense inn\u00e9e et l\u2019Eau Thermale d\u2019Uriage r\u00e9\u00e9quilibre la barri\u00e8re microbienne.<br \/>\nCONSEILS D&rsquo;UTILISATION :<br \/>\nAppliquer quotidiennement sur une peau propre<\/p>\n","protected":false},"excerpt":{"rendered":"<p>DESCRIPTION : Cette cr\u00e8me nourrissante et protectrice apaise imm\u00e9diatement les sensations de d\u00e9mangeaisons g\u00e9n\u00e9ratrices de grattage et offre un confort<\/p>\n","protected":false},"featured_media":11366,"comment_status":"open","ping_status":"closed","template":"","meta":[],"product_brand":[130],"product_cat":[148],"product_tag":[],"class_list":{"0":"post-11332","1":"product","2":"type-product","3":"status-publish","4":"has-post-thumbnail","6":"product_brand-uriage","7":"product_cat-peau-seche","9":"first","10":"instock","11":"sale","12":"shipping-taxable","13":"purchasable","14":"product-type-simple"},"yoast_head":"<!-- This site is optimized with the Yoast SEO plugin v26.6 - https:\/\/yoast.com\/wordpress\/plugins\/seo\/ -->\r\n<title>URIAGE XEMOSE CREME RELIPIDANTE APAISANTE ANTI-IRRITATIONS 200 ML - Paracherkaoui.ma<\/title>\r\n<meta name=\"robots\" content=\"index, follow, max-snippet:-1, max-image-preview:large, max-video-preview:-1\" \/>\r\n<link rel=\"canonical\" href=\"https:\/\/paracherkaoui.ma\/index.php\/produit\/uriage-xemose-creme-relipidante-apaisante-anti-irritations-200-ml\/\" \/>\r\n<meta property=\"og:locale\" content=\"fr_FR\" \/>\r\n<meta property=\"og:type\" content=\"article\" \/>\r\n<meta property=\"og:title\" content=\"URIAGE XEMOSE CREME RELIPIDANTE APAISANTE ANTI-IRRITATIONS 200 ML - Paracherkaoui.ma\" \/>\r\n<meta property=\"og:description\" content=\"DESCRIPTION : Cette cr\u00e8me nourrissante et protectrice apaise imm\u00e9diatement les sensations de d\u00e9mangeaisons g\u00e9n\u00e9ratrices de grattage et offre un confort\" \/>\r\n<meta property=\"og:url\" content=\"https:\/\/paracherkaoui.ma\/index.php\/produit\/uriage-xemose-creme-relipidante-apaisante-anti-irritations-200-ml\/\" \/>\r\n<meta property=\"og:site_name\" content=\"Paracherkaoui.ma\" \/>\r\n<meta property=\"article:modified_time\" content=\"2025-12-12T16:40:16+00:00\" \/>\r\n<meta property=\"og:image\" content=\"https:\/\/paracherkaoui.ma\/wp-content\/uploads\/2025\/12\/uriage-xemose-creme-relipidante-apaisante-anti-irritations-200-ml.jpg\" \/>\r\n\t<meta property=\"og:image:width\" content=\"700\" \/>\r\n\t<meta property=\"og:image:height\" content=\"700\" \/>\r\n\t<meta property=\"og:image:type\" content=\"image\/jpeg\" \/>\r\n<meta name=\"twitter:card\" content=\"summary_large_image\" \/>\r\n<meta name=\"twitter:label1\" content=\"Dur\u00e9e de lecture estim\u00e9e\" \/>\n\t<meta name=\"twitter:data1\" content=\"1 minute\" \/>\r\n<script type=\"application\/ld+json\" class=\"yoast-schema-graph\">{\"@context\":\"https:\/\/schema.org\",\"@graph\":[{\"@type\":\"WebPage\",\"@id\":\"https:\/\/paracherkaoui.ma\/index.php\/produit\/uriage-xemose-creme-relipidante-apaisante-anti-irritations-200-ml\/\",\"url\":\"https:\/\/paracherkaoui.ma\/index.php\/produit\/uriage-xemose-creme-relipidante-apaisante-anti-irritations-200-ml\/\",\"name\":\"URIAGE XEMOSE CREME RELIPIDANTE APAISANTE ANTI-IRRITATIONS 200 ML - Paracherkaoui.ma\",\"isPartOf\":{\"@id\":\"https:\/\/paracherkaoui.ma\/#website\"},\"primaryImageOfPage\":{\"@id\":\"https:\/\/paracherkaoui.ma\/index.php\/produit\/uriage-xemose-creme-relipidante-apaisante-anti-irritations-200-ml\/#primaryimage\"},\"image\":{\"@id\":\"https:\/\/paracherkaoui.ma\/index.php\/produit\/uriage-xemose-creme-relipidante-apaisante-anti-irritations-200-ml\/#primaryimage\"},\"thumbnailUrl\":\"https:\/\/paracherkaoui.ma\/wp-content\/uploads\/2025\/12\/uriage-xemose-creme-relipidante-apaisante-anti-irritations-200-ml.jpg\",\"datePublished\":\"2025-12-12T16:40:09+00:00\",\"dateModified\":\"2025-12-12T16:40:16+00:00\",\"breadcrumb\":{\"@id\":\"https:\/\/paracherkaoui.ma\/index.php\/produit\/uriage-xemose-creme-relipidante-apaisante-anti-irritations-200-ml\/#breadcrumb\"},\"inLanguage\":\"fr-FR\",\"potentialAction\":[{\"@type\":\"ReadAction\",\"target\":[\"https:\/\/paracherkaoui.ma\/index.php\/produit\/uriage-xemose-creme-relipidante-apaisante-anti-irritations-200-ml\/\"]}]},{\"@type\":\"ImageObject\",\"inLanguage\":\"fr-FR\",\"@id\":\"https:\/\/paracherkaoui.ma\/index.php\/produit\/uriage-xemose-creme-relipidante-apaisante-anti-irritations-200-ml\/#primaryimage\",\"url\":\"https:\/\/paracherkaoui.ma\/wp-content\/uploads\/2025\/12\/uriage-xemose-creme-relipidante-apaisante-anti-irritations-200-ml.jpg\",\"contentUrl\":\"https:\/\/paracherkaoui.ma\/wp-content\/uploads\/2025\/12\/uriage-xemose-creme-relipidante-apaisante-anti-irritations-200-ml.jpg\",\"width\":700,\"height\":700},{\"@type\":\"BreadcrumbList\",\"@id\":\"https:\/\/paracherkaoui.ma\/index.php\/produit\/uriage-xemose-creme-relipidante-apaisante-anti-irritations-200-ml\/#breadcrumb\",\"itemListElement\":[{\"@type\":\"ListItem\",\"position\":1,\"name\":\"Accueil\",\"item\":\"https:\/\/paracherkaoui.ma\/\"},{\"@type\":\"ListItem\",\"position\":2,\"name\":\"Boutique\",\"item\":\"https:\/\/paracherkaoui.ma\/index.php\/boutique\/\"},{\"@type\":\"ListItem\",\"position\":3,\"name\":\"URIAGE XEMOSE CREME RELIPIDANTE APAISANTE ANTI-IRRITATIONS 200 ML\"}]},{\"@type\":\"WebSite\",\"@id\":\"https:\/\/paracherkaoui.ma\/#website\",\"url\":\"https:\/\/paracherkaoui.ma\/\",\"name\":\"Paracherkaoui.ma\",\"description\":\"Achetez en ligne sur Paracherkaoui.ma\",\"potentialAction\":[{\"@type\":\"SearchAction\",\"target\":{\"@type\":\"EntryPoint\",\"urlTemplate\":\"https:\/\/paracherkaoui.ma\/?s={search_term_string}\"},\"query-input\":{\"@type\":\"PropertyValueSpecification\",\"valueRequired\":true,\"valueName\":\"search_term_string\"}}],\"inLanguage\":\"fr-FR\"}]}<\/script>\r\n<!-- \/ Yoast SEO plugin. -->","yoast_head_json":{"title":"URIAGE XEMOSE CREME RELIPIDANTE APAISANTE ANTI-IRRITATIONS 200 ML - Paracherkaoui.ma","robots":{"index":"index","follow":"follow","max-snippet":"max-snippet:-1","max-image-preview":"max-image-preview:large","max-video-preview":"max-video-preview:-1"},"canonical":"https:\/\/paracherkaoui.ma\/index.php\/produit\/uriage-xemose-creme-relipidante-apaisante-anti-irritations-200-ml\/","og_locale":"fr_FR","og_type":"article","og_title":"URIAGE XEMOSE CREME RELIPIDANTE APAISANTE ANTI-IRRITATIONS 200 ML - Paracherkaoui.ma","og_description":"DESCRIPTION : Cette cr\u00e8me nourrissante et protectrice apaise imm\u00e9diatement les sensations de d\u00e9mangeaisons g\u00e9n\u00e9ratrices de grattage et offre un confort","og_url":"https:\/\/paracherkaoui.ma\/index.php\/produit\/uriage-xemose-creme-relipidante-apaisante-anti-irritations-200-ml\/","og_site_name":"Paracherkaoui.ma","article_modified_time":"2025-12-12T16:40:16+00:00","og_image":[{"width":700,"height":700,"url":"https:\/\/paracherkaoui.ma\/wp-content\/uploads\/2025\/12\/uriage-xemose-creme-relipidante-apaisante-anti-irritations-200-ml.jpg","type":"image\/jpeg"}],"twitter_card":"summary_large_image","twitter_misc":{"Dur\u00e9e de lecture estim\u00e9e":"1 minute"},"schema":{"@context":"https:\/\/schema.org","@graph":[{"@type":"WebPage","@id":"https:\/\/paracherkaoui.ma\/index.php\/produit\/uriage-xemose-creme-relipidante-apaisante-anti-irritations-200-ml\/","url":"https:\/\/paracherkaoui.ma\/index.php\/produit\/uriage-xemose-creme-relipidante-apaisante-anti-irritations-200-ml\/","name":"URIAGE XEMOSE CREME RELIPIDANTE APAISANTE ANTI-IRRITATIONS 200 ML - Paracherkaoui.ma","isPartOf":{"@id":"https:\/\/paracherkaoui.ma\/#website"},"primaryImageOfPage":{"@id":"https:\/\/paracherkaoui.ma\/index.php\/produit\/uriage-xemose-creme-relipidante-apaisante-anti-irritations-200-ml\/#primaryimage"},"image":{"@id":"https:\/\/paracherkaoui.ma\/index.php\/produit\/uriage-xemose-creme-relipidante-apaisante-anti-irritations-200-ml\/#primaryimage"},"thumbnailUrl":"https:\/\/paracherkaoui.ma\/wp-content\/uploads\/2025\/12\/uriage-xemose-creme-relipidante-apaisante-anti-irritations-200-ml.jpg","datePublished":"2025-12-12T16:40:09+00:00","dateModified":"2025-12-12T16:40:16+00:00","breadcrumb":{"@id":"https:\/\/paracherkaoui.ma\/index.php\/produit\/uriage-xemose-creme-relipidante-apaisante-anti-irritations-200-ml\/#breadcrumb"},"inLanguage":"fr-FR","potentialAction":[{"@type":"ReadAction","target":["https:\/\/paracherkaoui.ma\/index.php\/produit\/uriage-xemose-creme-relipidante-apaisante-anti-irritations-200-ml\/"]}]},{"@type":"ImageObject","inLanguage":"fr-FR","@id":"https:\/\/paracherkaoui.ma\/index.php\/produit\/uriage-xemose-creme-relipidante-apaisante-anti-irritations-200-ml\/#primaryimage","url":"https:\/\/paracherkaoui.ma\/wp-content\/uploads\/2025\/12\/uriage-xemose-creme-relipidante-apaisante-anti-irritations-200-ml.jpg","contentUrl":"https:\/\/paracherkaoui.ma\/wp-content\/uploads\/2025\/12\/uriage-xemose-creme-relipidante-apaisante-anti-irritations-200-ml.jpg","width":700,"height":700},{"@type":"BreadcrumbList","@id":"https:\/\/paracherkaoui.ma\/index.php\/produit\/uriage-xemose-creme-relipidante-apaisante-anti-irritations-200-ml\/#breadcrumb","itemListElement":[{"@type":"ListItem","position":1,"name":"Accueil","item":"https:\/\/paracherkaoui.ma\/"},{"@type":"ListItem","position":2,"name":"Boutique","item":"https:\/\/paracherkaoui.ma\/index.php\/boutique\/"},{"@type":"ListItem","position":3,"name":"URIAGE XEMOSE CREME RELIPIDANTE APAISANTE ANTI-IRRITATIONS 200 ML"}]},{"@type":"WebSite","@id":"https:\/\/paracherkaoui.ma\/#website","url":"https:\/\/paracherkaoui.ma\/","name":"Paracherkaoui.ma","description":"Achetez en ligne sur Paracherkaoui.ma","potentialAction":[{"@type":"SearchAction","target":{"@type":"EntryPoint","urlTemplate":"https:\/\/paracherkaoui.ma\/?s={search_term_string}"},"query-input":{"@type":"PropertyValueSpecification","valueRequired":true,"valueName":"search_term_string"}}],"inLanguage":"fr-FR"}]}},"_links":{"self":[{"href":"https:\/\/paracherkaoui.ma\/index.php\/wp-json\/wp\/v2\/product\/11332","targetHints":{"allow":["GET"]}}],"collection":[{"href":"https:\/\/paracherkaoui.ma\/index.php\/wp-json\/wp\/v2\/product"}],"about":[{"href":"https:\/\/paracherkaoui.ma\/index.php\/wp-json\/wp\/v2\/types\/product"}],"replies":[{"embeddable":true,"href":"https:\/\/paracherkaoui.ma\/index.php\/wp-json\/wp\/v2\/comments?post=11332"}],"version-history":[{"count":1,"href":"https:\/\/paracherkaoui.ma\/index.php\/wp-json\/wp\/v2\/product\/11332\/revisions"}],"predecessor-version":[{"id":11367,"href":"https:\/\/paracherkaoui.ma\/index.php\/wp-json\/wp\/v2\/product\/11332\/revisions\/11367"}],"wp:featuredmedia":[{"embeddable":true,"href":"https:\/\/paracherkaoui.ma\/index.php\/wp-json\/wp\/v2\/media\/11366"}],"wp:attachment":[{"href":"https:\/\/paracherkaoui.ma\/index.php\/wp-json\/wp\/v2\/media?parent=11332"}],"wp:term":[{"taxonomy":"product_brand","embeddable":true,"href":"https:\/\/paracherkaoui.ma\/index.php\/wp-json\/wp\/v2\/product_brand?post=11332"},{"taxonomy":"product_cat","embeddable":true,"href":"https:\/\/paracherkaoui.ma\/index.php\/wp-json\/wp\/v2\/product_cat?post=11332"},{"taxonomy":"product_tag","embeddable":true,"href":"https:\/\/paracherkaoui.ma\/index.php\/wp-json\/wp\/v2\/product_tag?post=11332"}],"curies":[{"name":"wp","href":"https:\/\/api.w.org\/{rel}","templated":true}]}}