{"id":11331,"date":"2025-12-12T17:40:09","date_gmt":"2025-12-12T16:40:09","guid":{"rendered":"https:\/\/test.ecbeaute.com\/?post_type=product&#038;p=11331"},"modified":"2025-12-12T17:40:16","modified_gmt":"2025-12-12T16:40:16","slug":"svr-topialyse-baume-lavant-200-ml","status":"publish","type":"product","link":"https:\/\/paracherkaoui.ma\/index.php\/produit\/svr-topialyse-baume-lavant-200-ml\/","title":{"rendered":"SVR TOPIALYSE BAUME LAVANT 200 ML"},"content":{"rendered":"<p>DESCRIPTION :<\/p>\n<p>Innovation : Aussi efficace qu\u2019un soin, TOPIALYSE BAUME LAVANT est le 1er* baume lavant sans sulfate pour les peaux tr\u00e8s s\u00e8ches \u00e0 atopiques de toute la famille qui apaise les sensations de grattage tout en apportant un confort longue dur\u00e9e.Sans parfum.Efficacit\u00e9 cliniquement prouv\u00e9e : maintient l\u2019hydratation pendant 24h(1).Une prouesse formulatoire pour un soin lavant 3 en 1:1- Un baume relipidant : la plus haute* concentration en actifs hydratants et relipidants (35%) riche en Huile de coton et Huile de coco, source d\u2019om\u00e9gas 3, 6, 9. 2- Un nettoyant haute tol\u00e9rance 0% sulfate : un agent surgraissant contenant un \u00ab\u00a0biolipide\u00a0\u00bb naturellement pr\u00e9sent dans la peau compense le manque de lipides des peaux affaiblies<br \/>\n3- Un soin apaisant et anti-irritations : gr\u00e2ce \u00e0 la Niacinamide, actif de r\u00e9f\u00e9rence et un sucre pr\u00e9biotique pour r\u00e9\u00e9quilibrer la flore cutan\u00e9e<\/p>\n<p>CONSEILS D&rsquo;UTILISATION :<\/p>\n<p>Appliquer sur peau mouill\u00e9e, faire mousser, rincer puis s\u00e9cher d\u00e9licatement sans frotter. Appliquer ensuite TOPIALYSE Cr\u00e8me \u00c9molliente pour une hydratation et un confort longue dur\u00e9e ou TOPIALYSE Baume Intensif pour une nutrition intense<\/p>\n","protected":false},"excerpt":{"rendered":"<p>DESCRIPTION : Innovation : Aussi efficace qu\u2019un soin, TOPIALYSE BAUME LAVANT est le 1er* baume lavant sans sulfate pour les<\/p>\n","protected":false},"featured_media":11364,"comment_status":"open","ping_status":"closed","template":"","meta":[],"product_brand":[133],"product_cat":[148],"product_tag":[],"class_list":{"0":"post-11331","1":"product","2":"type-product","3":"status-publish","4":"has-post-thumbnail","6":"product_brand-svr","7":"product_cat-peau-seche","9":"first","10":"instock","11":"sale","12":"shipping-taxable","13":"purchasable","14":"product-type-simple"},"yoast_head":"<!-- This site is optimized with the Yoast SEO plugin v26.6 - https:\/\/yoast.com\/wordpress\/plugins\/seo\/ -->\r\n<title>SVR TOPIALYSE BAUME LAVANT 200 ML - Paracherkaoui.ma<\/title>\r\n<meta name=\"robots\" content=\"index, follow, max-snippet:-1, max-image-preview:large, max-video-preview:-1\" \/>\r\n<link rel=\"canonical\" href=\"https:\/\/paracherkaoui.ma\/index.php\/produit\/svr-topialyse-baume-lavant-200-ml\/\" \/>\r\n<meta property=\"og:locale\" content=\"fr_FR\" \/>\r\n<meta property=\"og:type\" content=\"article\" \/>\r\n<meta property=\"og:title\" content=\"SVR TOPIALYSE BAUME LAVANT 200 ML - Paracherkaoui.ma\" \/>\r\n<meta property=\"og:description\" content=\"DESCRIPTION : Innovation : Aussi efficace qu\u2019un soin, TOPIALYSE BAUME LAVANT est le 1er* baume lavant sans sulfate pour les\" \/>\r\n<meta property=\"og:url\" content=\"https:\/\/paracherkaoui.ma\/index.php\/produit\/svr-topialyse-baume-lavant-200-ml\/\" \/>\r\n<meta property=\"og:site_name\" content=\"Paracherkaoui.ma\" \/>\r\n<meta property=\"article:modified_time\" content=\"2025-12-12T16:40:16+00:00\" \/>\r\n<meta property=\"og:image\" content=\"https:\/\/paracherkaoui.ma\/wp-content\/uploads\/2025\/12\/svr-svr-topialyse-baume-lavant-200-ml-gels-et-huiles-lavants.jpg\" \/>\r\n\t<meta property=\"og:image:width\" content=\"700\" \/>\r\n\t<meta property=\"og:image:height\" content=\"700\" \/>\r\n\t<meta property=\"og:image:type\" content=\"image\/jpeg\" \/>\r\n<meta name=\"twitter:card\" content=\"summary_large_image\" \/>\r\n<meta name=\"twitter:label1\" content=\"Dur\u00e9e de lecture estim\u00e9e\" \/>\n\t<meta name=\"twitter:data1\" content=\"1 minute\" \/>\r\n<script type=\"application\/ld+json\" class=\"yoast-schema-graph\">{\"@context\":\"https:\/\/schema.org\",\"@graph\":[{\"@type\":\"WebPage\",\"@id\":\"https:\/\/paracherkaoui.ma\/index.php\/produit\/svr-topialyse-baume-lavant-200-ml\/\",\"url\":\"https:\/\/paracherkaoui.ma\/index.php\/produit\/svr-topialyse-baume-lavant-200-ml\/\",\"name\":\"SVR TOPIALYSE BAUME LAVANT 200 ML - Paracherkaoui.ma\",\"isPartOf\":{\"@id\":\"https:\/\/paracherkaoui.ma\/#website\"},\"primaryImageOfPage\":{\"@id\":\"https:\/\/paracherkaoui.ma\/index.php\/produit\/svr-topialyse-baume-lavant-200-ml\/#primaryimage\"},\"image\":{\"@id\":\"https:\/\/paracherkaoui.ma\/index.php\/produit\/svr-topialyse-baume-lavant-200-ml\/#primaryimage\"},\"thumbnailUrl\":\"https:\/\/paracherkaoui.ma\/wp-content\/uploads\/2025\/12\/svr-svr-topialyse-baume-lavant-200-ml-gels-et-huiles-lavants.jpg\",\"datePublished\":\"2025-12-12T16:40:09+00:00\",\"dateModified\":\"2025-12-12T16:40:16+00:00\",\"breadcrumb\":{\"@id\":\"https:\/\/paracherkaoui.ma\/index.php\/produit\/svr-topialyse-baume-lavant-200-ml\/#breadcrumb\"},\"inLanguage\":\"fr-FR\",\"potentialAction\":[{\"@type\":\"ReadAction\",\"target\":[\"https:\/\/paracherkaoui.ma\/index.php\/produit\/svr-topialyse-baume-lavant-200-ml\/\"]}]},{\"@type\":\"ImageObject\",\"inLanguage\":\"fr-FR\",\"@id\":\"https:\/\/paracherkaoui.ma\/index.php\/produit\/svr-topialyse-baume-lavant-200-ml\/#primaryimage\",\"url\":\"https:\/\/paracherkaoui.ma\/wp-content\/uploads\/2025\/12\/svr-svr-topialyse-baume-lavant-200-ml-gels-et-huiles-lavants.jpg\",\"contentUrl\":\"https:\/\/paracherkaoui.ma\/wp-content\/uploads\/2025\/12\/svr-svr-topialyse-baume-lavant-200-ml-gels-et-huiles-lavants.jpg\",\"width\":700,\"height\":700},{\"@type\":\"BreadcrumbList\",\"@id\":\"https:\/\/paracherkaoui.ma\/index.php\/produit\/svr-topialyse-baume-lavant-200-ml\/#breadcrumb\",\"itemListElement\":[{\"@type\":\"ListItem\",\"position\":1,\"name\":\"Accueil\",\"item\":\"https:\/\/paracherkaoui.ma\/\"},{\"@type\":\"ListItem\",\"position\":2,\"name\":\"Boutique\",\"item\":\"https:\/\/paracherkaoui.ma\/index.php\/boutique\/\"},{\"@type\":\"ListItem\",\"position\":3,\"name\":\"SVR TOPIALYSE BAUME LAVANT 200 ML\"}]},{\"@type\":\"WebSite\",\"@id\":\"https:\/\/paracherkaoui.ma\/#website\",\"url\":\"https:\/\/paracherkaoui.ma\/\",\"name\":\"Paracherkaoui.ma\",\"description\":\"Achetez en ligne sur Paracherkaoui.ma\",\"potentialAction\":[{\"@type\":\"SearchAction\",\"target\":{\"@type\":\"EntryPoint\",\"urlTemplate\":\"https:\/\/paracherkaoui.ma\/?s={search_term_string}\"},\"query-input\":{\"@type\":\"PropertyValueSpecification\",\"valueRequired\":true,\"valueName\":\"search_term_string\"}}],\"inLanguage\":\"fr-FR\"}]}<\/script>\r\n<!-- \/ Yoast SEO plugin. -->","yoast_head_json":{"title":"SVR TOPIALYSE BAUME LAVANT 200 ML - Paracherkaoui.ma","robots":{"index":"index","follow":"follow","max-snippet":"max-snippet:-1","max-image-preview":"max-image-preview:large","max-video-preview":"max-video-preview:-1"},"canonical":"https:\/\/paracherkaoui.ma\/index.php\/produit\/svr-topialyse-baume-lavant-200-ml\/","og_locale":"fr_FR","og_type":"article","og_title":"SVR TOPIALYSE BAUME LAVANT 200 ML - Paracherkaoui.ma","og_description":"DESCRIPTION : Innovation : Aussi efficace qu\u2019un soin, TOPIALYSE BAUME LAVANT est le 1er* baume lavant sans sulfate pour les","og_url":"https:\/\/paracherkaoui.ma\/index.php\/produit\/svr-topialyse-baume-lavant-200-ml\/","og_site_name":"Paracherkaoui.ma","article_modified_time":"2025-12-12T16:40:16+00:00","og_image":[{"width":700,"height":700,"url":"https:\/\/paracherkaoui.ma\/wp-content\/uploads\/2025\/12\/svr-svr-topialyse-baume-lavant-200-ml-gels-et-huiles-lavants.jpg","type":"image\/jpeg"}],"twitter_card":"summary_large_image","twitter_misc":{"Dur\u00e9e de lecture estim\u00e9e":"1 minute"},"schema":{"@context":"https:\/\/schema.org","@graph":[{"@type":"WebPage","@id":"https:\/\/paracherkaoui.ma\/index.php\/produit\/svr-topialyse-baume-lavant-200-ml\/","url":"https:\/\/paracherkaoui.ma\/index.php\/produit\/svr-topialyse-baume-lavant-200-ml\/","name":"SVR TOPIALYSE BAUME LAVANT 200 ML - Paracherkaoui.ma","isPartOf":{"@id":"https:\/\/paracherkaoui.ma\/#website"},"primaryImageOfPage":{"@id":"https:\/\/paracherkaoui.ma\/index.php\/produit\/svr-topialyse-baume-lavant-200-ml\/#primaryimage"},"image":{"@id":"https:\/\/paracherkaoui.ma\/index.php\/produit\/svr-topialyse-baume-lavant-200-ml\/#primaryimage"},"thumbnailUrl":"https:\/\/paracherkaoui.ma\/wp-content\/uploads\/2025\/12\/svr-svr-topialyse-baume-lavant-200-ml-gels-et-huiles-lavants.jpg","datePublished":"2025-12-12T16:40:09+00:00","dateModified":"2025-12-12T16:40:16+00:00","breadcrumb":{"@id":"https:\/\/paracherkaoui.ma\/index.php\/produit\/svr-topialyse-baume-lavant-200-ml\/#breadcrumb"},"inLanguage":"fr-FR","potentialAction":[{"@type":"ReadAction","target":["https:\/\/paracherkaoui.ma\/index.php\/produit\/svr-topialyse-baume-lavant-200-ml\/"]}]},{"@type":"ImageObject","inLanguage":"fr-FR","@id":"https:\/\/paracherkaoui.ma\/index.php\/produit\/svr-topialyse-baume-lavant-200-ml\/#primaryimage","url":"https:\/\/paracherkaoui.ma\/wp-content\/uploads\/2025\/12\/svr-svr-topialyse-baume-lavant-200-ml-gels-et-huiles-lavants.jpg","contentUrl":"https:\/\/paracherkaoui.ma\/wp-content\/uploads\/2025\/12\/svr-svr-topialyse-baume-lavant-200-ml-gels-et-huiles-lavants.jpg","width":700,"height":700},{"@type":"BreadcrumbList","@id":"https:\/\/paracherkaoui.ma\/index.php\/produit\/svr-topialyse-baume-lavant-200-ml\/#breadcrumb","itemListElement":[{"@type":"ListItem","position":1,"name":"Accueil","item":"https:\/\/paracherkaoui.ma\/"},{"@type":"ListItem","position":2,"name":"Boutique","item":"https:\/\/paracherkaoui.ma\/index.php\/boutique\/"},{"@type":"ListItem","position":3,"name":"SVR TOPIALYSE BAUME LAVANT 200 ML"}]},{"@type":"WebSite","@id":"https:\/\/paracherkaoui.ma\/#website","url":"https:\/\/paracherkaoui.ma\/","name":"Paracherkaoui.ma","description":"Achetez en ligne sur Paracherkaoui.ma","potentialAction":[{"@type":"SearchAction","target":{"@type":"EntryPoint","urlTemplate":"https:\/\/paracherkaoui.ma\/?s={search_term_string}"},"query-input":{"@type":"PropertyValueSpecification","valueRequired":true,"valueName":"search_term_string"}}],"inLanguage":"fr-FR"}]}},"_links":{"self":[{"href":"https:\/\/paracherkaoui.ma\/index.php\/wp-json\/wp\/v2\/product\/11331","targetHints":{"allow":["GET"]}}],"collection":[{"href":"https:\/\/paracherkaoui.ma\/index.php\/wp-json\/wp\/v2\/product"}],"about":[{"href":"https:\/\/paracherkaoui.ma\/index.php\/wp-json\/wp\/v2\/types\/product"}],"replies":[{"embeddable":true,"href":"https:\/\/paracherkaoui.ma\/index.php\/wp-json\/wp\/v2\/comments?post=11331"}],"version-history":[{"count":1,"href":"https:\/\/paracherkaoui.ma\/index.php\/wp-json\/wp\/v2\/product\/11331\/revisions"}],"predecessor-version":[{"id":11365,"href":"https:\/\/paracherkaoui.ma\/index.php\/wp-json\/wp\/v2\/product\/11331\/revisions\/11365"}],"wp:featuredmedia":[{"embeddable":true,"href":"https:\/\/paracherkaoui.ma\/index.php\/wp-json\/wp\/v2\/media\/11364"}],"wp:attachment":[{"href":"https:\/\/paracherkaoui.ma\/index.php\/wp-json\/wp\/v2\/media?parent=11331"}],"wp:term":[{"taxonomy":"product_brand","embeddable":true,"href":"https:\/\/paracherkaoui.ma\/index.php\/wp-json\/wp\/v2\/product_brand?post=11331"},{"taxonomy":"product_cat","embeddable":true,"href":"https:\/\/paracherkaoui.ma\/index.php\/wp-json\/wp\/v2\/product_cat?post=11331"},{"taxonomy":"product_tag","embeddable":true,"href":"https:\/\/paracherkaoui.ma\/index.php\/wp-json\/wp\/v2\/product_tag?post=11331"}],"curies":[{"name":"wp","href":"https:\/\/api.w.org\/{rel}","templated":true}]}}