{"id":11329,"date":"2025-12-12T17:40:08","date_gmt":"2025-12-12T16:40:08","guid":{"rendered":"https:\/\/test.ecbeaute.com\/?post_type=product&#038;p=11329"},"modified":"2025-12-12T17:40:16","modified_gmt":"2025-12-12T16:40:16","slug":"avene-xeracalm-ad-creme-relipidante-200-ml","status":"publish","type":"product","link":"https:\/\/paracherkaoui.ma\/index.php\/produit\/avene-xeracalm-ad-creme-relipidante-200-ml\/","title":{"rendered":"AVENE XERACALM AD CREME RELIPIDANTE 200 ML"},"content":{"rendered":"<p>XERACALM A.D cr\u00e8me relipidante apaise les d\u00e9mangeaisons dues \u00e0 la s\u00e9cheresse de la peau et respecte le microbiome cutan\u00e9, gr\u00e2ce \u00e0 la combinaison d\u2019I-modulia\u00ae, 1er actif postbiotique issu de l&rsquo;Eau thermale d&rsquo;Av\u00e8ne, qui diminue les d\u00e9mangeaisons*, stimule les d\u00e9fenses de la peau et lutte contre les irritations, avec des Cer-omega, lipides semblables \u00e0 ceux de la peau qui agissent sur la s\u00e9cheresse et restaurent la barri\u00e8re cutan\u00e9e et l&rsquo;Eau thermale d&rsquo;Av\u00e8ne (apaisante, anti-irritante et adoucissante). Ce soin est id\u00e9alement formul\u00e9 pour les peaux tr\u00e8s s\u00e8ches sujettes \u00e0 l&rsquo;ecz\u00e9ma atopique et aux d\u00e9mangeaisons des nourrissons, des enfants et des adultes. Non com\u00e9dog\u00e8ne et sans parfum, il a \u00e9t\u00e9 \u00e9labor\u00e9 en vue de minimiser les risques de r\u00e9actions allergiques et ne contient que les ingr\u00e9dients utiles pour la peau.<br \/>\nCe soin haute performance garantit une s\u00e9curit\u00e9 et un respect optimal de la peau et du microbiome cutan\u00e9 en raison de la Cosm\u00e9tique St\u00e9rile\u00ae, une technologie unique permettant de maintenir le produit st\u00e9rile tout au long de son utilisation et son tube pompe parfaitement herm\u00e9tique.<br \/>\nLes Bienfaits :<br \/>\n\u2022 ANTI-D\u00c9MANGEAISONS : une efficacit\u00e9 reconnue par des dermatologues du Forum Europ\u00e9en de Dermatologie dans la prise en charge de l&rsquo;ecz\u00e9ma atopique (cat\u00e9gorie \u00ab\u00a0Emollient PLUS**).<br \/>\n\u2022 RELIPIDANT : soulage les peaux tr\u00e8s s\u00e8ches sujettes \u00e0 l\u2019ecz\u00e9ma atopique et aux d\u00e9mangeaisons.<br \/>\n\u2022 APAISANT gr\u00e2ce \u00e0 l&rsquo;Eau thermale d&rsquo;Av\u00e8ne.<br \/>\nConseil d&rsquo;utilisation:<br \/>\nD\u00e9posez la cr\u00e8me dans le creux de la main puis l&rsquo;\u00e9taler sur tout le corps.<\/p>\n","protected":false},"excerpt":{"rendered":"<p>XERACALM A.D cr\u00e8me relipidante apaise les d\u00e9mangeaisons dues \u00e0 la s\u00e9cheresse de la peau et respecte le microbiome cutan\u00e9, gr\u00e2ce<\/p>\n","protected":false},"featured_media":11360,"comment_status":"open","ping_status":"closed","template":"","meta":[],"product_brand":[136],"product_cat":[148],"product_tag":[],"class_list":{"0":"post-11329","1":"product","2":"type-product","3":"status-publish","4":"has-post-thumbnail","6":"product_brand-avene","7":"product_cat-peau-seche","9":"first","10":"instock","11":"sale","12":"shipping-taxable","13":"purchasable","14":"product-type-simple"},"yoast_head":"<!-- This site is optimized with the Yoast SEO plugin v26.6 - https:\/\/yoast.com\/wordpress\/plugins\/seo\/ -->\r\n<title>AVENE XERACALM AD CREME RELIPIDANTE 200 ML - Paracherkaoui.ma<\/title>\r\n<meta name=\"robots\" content=\"index, follow, max-snippet:-1, max-image-preview:large, max-video-preview:-1\" \/>\r\n<link rel=\"canonical\" href=\"https:\/\/paracherkaoui.ma\/index.php\/produit\/avene-xeracalm-ad-creme-relipidante-200-ml\/\" \/>\r\n<meta property=\"og:locale\" content=\"fr_FR\" \/>\r\n<meta property=\"og:type\" content=\"article\" \/>\r\n<meta property=\"og:title\" content=\"AVENE XERACALM AD CREME RELIPIDANTE 200 ML - Paracherkaoui.ma\" \/>\r\n<meta property=\"og:description\" content=\"XERACALM A.D cr\u00e8me relipidante apaise les d\u00e9mangeaisons dues \u00e0 la s\u00e9cheresse de la peau et respecte le microbiome cutan\u00e9, gr\u00e2ce\" \/>\r\n<meta property=\"og:url\" content=\"https:\/\/paracherkaoui.ma\/index.php\/produit\/avene-xeracalm-ad-creme-relipidante-200-ml\/\" \/>\r\n<meta property=\"og:site_name\" content=\"Paracherkaoui.ma\" \/>\r\n<meta property=\"article:modified_time\" content=\"2025-12-12T16:40:16+00:00\" \/>\r\n<meta property=\"og:image\" content=\"https:\/\/paracherkaoui.ma\/wp-content\/uploads\/2025\/12\/avene-avene-xeracalm-ad-creme-relipidante-200-ml-hydratation-corps.jpg\" \/>\r\n\t<meta property=\"og:image:width\" content=\"700\" \/>\r\n\t<meta property=\"og:image:height\" content=\"700\" \/>\r\n\t<meta property=\"og:image:type\" content=\"image\/jpeg\" \/>\r\n<meta name=\"twitter:card\" content=\"summary_large_image\" \/>\r\n<meta name=\"twitter:label1\" content=\"Dur\u00e9e de lecture estim\u00e9e\" \/>\n\t<meta name=\"twitter:data1\" content=\"1 minute\" \/>\r\n<script type=\"application\/ld+json\" class=\"yoast-schema-graph\">{\"@context\":\"https:\/\/schema.org\",\"@graph\":[{\"@type\":\"WebPage\",\"@id\":\"https:\/\/paracherkaoui.ma\/index.php\/produit\/avene-xeracalm-ad-creme-relipidante-200-ml\/\",\"url\":\"https:\/\/paracherkaoui.ma\/index.php\/produit\/avene-xeracalm-ad-creme-relipidante-200-ml\/\",\"name\":\"AVENE XERACALM AD CREME RELIPIDANTE 200 ML - Paracherkaoui.ma\",\"isPartOf\":{\"@id\":\"https:\/\/paracherkaoui.ma\/#website\"},\"primaryImageOfPage\":{\"@id\":\"https:\/\/paracherkaoui.ma\/index.php\/produit\/avene-xeracalm-ad-creme-relipidante-200-ml\/#primaryimage\"},\"image\":{\"@id\":\"https:\/\/paracherkaoui.ma\/index.php\/produit\/avene-xeracalm-ad-creme-relipidante-200-ml\/#primaryimage\"},\"thumbnailUrl\":\"https:\/\/paracherkaoui.ma\/wp-content\/uploads\/2025\/12\/avene-avene-xeracalm-ad-creme-relipidante-200-ml-hydratation-corps.jpg\",\"datePublished\":\"2025-12-12T16:40:08+00:00\",\"dateModified\":\"2025-12-12T16:40:16+00:00\",\"breadcrumb\":{\"@id\":\"https:\/\/paracherkaoui.ma\/index.php\/produit\/avene-xeracalm-ad-creme-relipidante-200-ml\/#breadcrumb\"},\"inLanguage\":\"fr-FR\",\"potentialAction\":[{\"@type\":\"ReadAction\",\"target\":[\"https:\/\/paracherkaoui.ma\/index.php\/produit\/avene-xeracalm-ad-creme-relipidante-200-ml\/\"]}]},{\"@type\":\"ImageObject\",\"inLanguage\":\"fr-FR\",\"@id\":\"https:\/\/paracherkaoui.ma\/index.php\/produit\/avene-xeracalm-ad-creme-relipidante-200-ml\/#primaryimage\",\"url\":\"https:\/\/paracherkaoui.ma\/wp-content\/uploads\/2025\/12\/avene-avene-xeracalm-ad-creme-relipidante-200-ml-hydratation-corps.jpg\",\"contentUrl\":\"https:\/\/paracherkaoui.ma\/wp-content\/uploads\/2025\/12\/avene-avene-xeracalm-ad-creme-relipidante-200-ml-hydratation-corps.jpg\",\"width\":700,\"height\":700},{\"@type\":\"BreadcrumbList\",\"@id\":\"https:\/\/paracherkaoui.ma\/index.php\/produit\/avene-xeracalm-ad-creme-relipidante-200-ml\/#breadcrumb\",\"itemListElement\":[{\"@type\":\"ListItem\",\"position\":1,\"name\":\"Accueil\",\"item\":\"https:\/\/paracherkaoui.ma\/\"},{\"@type\":\"ListItem\",\"position\":2,\"name\":\"Boutique\",\"item\":\"https:\/\/paracherkaoui.ma\/index.php\/boutique\/\"},{\"@type\":\"ListItem\",\"position\":3,\"name\":\"AVENE XERACALM AD CREME RELIPIDANTE 200 ML\"}]},{\"@type\":\"WebSite\",\"@id\":\"https:\/\/paracherkaoui.ma\/#website\",\"url\":\"https:\/\/paracherkaoui.ma\/\",\"name\":\"Paracherkaoui.ma\",\"description\":\"Achetez en ligne sur Paracherkaoui.ma\",\"potentialAction\":[{\"@type\":\"SearchAction\",\"target\":{\"@type\":\"EntryPoint\",\"urlTemplate\":\"https:\/\/paracherkaoui.ma\/?s={search_term_string}\"},\"query-input\":{\"@type\":\"PropertyValueSpecification\",\"valueRequired\":true,\"valueName\":\"search_term_string\"}}],\"inLanguage\":\"fr-FR\"}]}<\/script>\r\n<!-- \/ Yoast SEO plugin. -->","yoast_head_json":{"title":"AVENE XERACALM AD CREME RELIPIDANTE 200 ML - Paracherkaoui.ma","robots":{"index":"index","follow":"follow","max-snippet":"max-snippet:-1","max-image-preview":"max-image-preview:large","max-video-preview":"max-video-preview:-1"},"canonical":"https:\/\/paracherkaoui.ma\/index.php\/produit\/avene-xeracalm-ad-creme-relipidante-200-ml\/","og_locale":"fr_FR","og_type":"article","og_title":"AVENE XERACALM AD CREME RELIPIDANTE 200 ML - Paracherkaoui.ma","og_description":"XERACALM A.D cr\u00e8me relipidante apaise les d\u00e9mangeaisons dues \u00e0 la s\u00e9cheresse de la peau et respecte le microbiome cutan\u00e9, gr\u00e2ce","og_url":"https:\/\/paracherkaoui.ma\/index.php\/produit\/avene-xeracalm-ad-creme-relipidante-200-ml\/","og_site_name":"Paracherkaoui.ma","article_modified_time":"2025-12-12T16:40:16+00:00","og_image":[{"width":700,"height":700,"url":"https:\/\/paracherkaoui.ma\/wp-content\/uploads\/2025\/12\/avene-avene-xeracalm-ad-creme-relipidante-200-ml-hydratation-corps.jpg","type":"image\/jpeg"}],"twitter_card":"summary_large_image","twitter_misc":{"Dur\u00e9e de lecture estim\u00e9e":"1 minute"},"schema":{"@context":"https:\/\/schema.org","@graph":[{"@type":"WebPage","@id":"https:\/\/paracherkaoui.ma\/index.php\/produit\/avene-xeracalm-ad-creme-relipidante-200-ml\/","url":"https:\/\/paracherkaoui.ma\/index.php\/produit\/avene-xeracalm-ad-creme-relipidante-200-ml\/","name":"AVENE XERACALM AD CREME RELIPIDANTE 200 ML - Paracherkaoui.ma","isPartOf":{"@id":"https:\/\/paracherkaoui.ma\/#website"},"primaryImageOfPage":{"@id":"https:\/\/paracherkaoui.ma\/index.php\/produit\/avene-xeracalm-ad-creme-relipidante-200-ml\/#primaryimage"},"image":{"@id":"https:\/\/paracherkaoui.ma\/index.php\/produit\/avene-xeracalm-ad-creme-relipidante-200-ml\/#primaryimage"},"thumbnailUrl":"https:\/\/paracherkaoui.ma\/wp-content\/uploads\/2025\/12\/avene-avene-xeracalm-ad-creme-relipidante-200-ml-hydratation-corps.jpg","datePublished":"2025-12-12T16:40:08+00:00","dateModified":"2025-12-12T16:40:16+00:00","breadcrumb":{"@id":"https:\/\/paracherkaoui.ma\/index.php\/produit\/avene-xeracalm-ad-creme-relipidante-200-ml\/#breadcrumb"},"inLanguage":"fr-FR","potentialAction":[{"@type":"ReadAction","target":["https:\/\/paracherkaoui.ma\/index.php\/produit\/avene-xeracalm-ad-creme-relipidante-200-ml\/"]}]},{"@type":"ImageObject","inLanguage":"fr-FR","@id":"https:\/\/paracherkaoui.ma\/index.php\/produit\/avene-xeracalm-ad-creme-relipidante-200-ml\/#primaryimage","url":"https:\/\/paracherkaoui.ma\/wp-content\/uploads\/2025\/12\/avene-avene-xeracalm-ad-creme-relipidante-200-ml-hydratation-corps.jpg","contentUrl":"https:\/\/paracherkaoui.ma\/wp-content\/uploads\/2025\/12\/avene-avene-xeracalm-ad-creme-relipidante-200-ml-hydratation-corps.jpg","width":700,"height":700},{"@type":"BreadcrumbList","@id":"https:\/\/paracherkaoui.ma\/index.php\/produit\/avene-xeracalm-ad-creme-relipidante-200-ml\/#breadcrumb","itemListElement":[{"@type":"ListItem","position":1,"name":"Accueil","item":"https:\/\/paracherkaoui.ma\/"},{"@type":"ListItem","position":2,"name":"Boutique","item":"https:\/\/paracherkaoui.ma\/index.php\/boutique\/"},{"@type":"ListItem","position":3,"name":"AVENE XERACALM AD CREME RELIPIDANTE 200 ML"}]},{"@type":"WebSite","@id":"https:\/\/paracherkaoui.ma\/#website","url":"https:\/\/paracherkaoui.ma\/","name":"Paracherkaoui.ma","description":"Achetez en ligne sur Paracherkaoui.ma","potentialAction":[{"@type":"SearchAction","target":{"@type":"EntryPoint","urlTemplate":"https:\/\/paracherkaoui.ma\/?s={search_term_string}"},"query-input":{"@type":"PropertyValueSpecification","valueRequired":true,"valueName":"search_term_string"}}],"inLanguage":"fr-FR"}]}},"_links":{"self":[{"href":"https:\/\/paracherkaoui.ma\/index.php\/wp-json\/wp\/v2\/product\/11329","targetHints":{"allow":["GET"]}}],"collection":[{"href":"https:\/\/paracherkaoui.ma\/index.php\/wp-json\/wp\/v2\/product"}],"about":[{"href":"https:\/\/paracherkaoui.ma\/index.php\/wp-json\/wp\/v2\/types\/product"}],"replies":[{"embeddable":true,"href":"https:\/\/paracherkaoui.ma\/index.php\/wp-json\/wp\/v2\/comments?post=11329"}],"version-history":[{"count":1,"href":"https:\/\/paracherkaoui.ma\/index.php\/wp-json\/wp\/v2\/product\/11329\/revisions"}],"predecessor-version":[{"id":11361,"href":"https:\/\/paracherkaoui.ma\/index.php\/wp-json\/wp\/v2\/product\/11329\/revisions\/11361"}],"wp:featuredmedia":[{"embeddable":true,"href":"https:\/\/paracherkaoui.ma\/index.php\/wp-json\/wp\/v2\/media\/11360"}],"wp:attachment":[{"href":"https:\/\/paracherkaoui.ma\/index.php\/wp-json\/wp\/v2\/media?parent=11329"}],"wp:term":[{"taxonomy":"product_brand","embeddable":true,"href":"https:\/\/paracherkaoui.ma\/index.php\/wp-json\/wp\/v2\/product_brand?post=11329"},{"taxonomy":"product_cat","embeddable":true,"href":"https:\/\/paracherkaoui.ma\/index.php\/wp-json\/wp\/v2\/product_cat?post=11329"},{"taxonomy":"product_tag","embeddable":true,"href":"https:\/\/paracherkaoui.ma\/index.php\/wp-json\/wp\/v2\/product_tag?post=11329"}],"curies":[{"name":"wp","href":"https:\/\/api.w.org\/{rel}","templated":true}]}}