{"id":11277,"date":"2025-12-12T17:36:32","date_gmt":"2025-12-12T16:36:32","guid":{"rendered":"https:\/\/test.ecbeaute.com\/?post_type=product&#038;p=11277"},"modified":"2025-12-12T17:36:34","modified_gmt":"2025-12-12T16:36:34","slug":"isdin-ureadin-creme-des-pieds-75ml","status":"publish","type":"product","link":"https:\/\/paracherkaoui.ma\/index.php\/produit\/isdin-ureadin-creme-des-pieds-75ml\/","title":{"rendered":"ISDIN UREADIN CREME DES PIEDS 75ML"},"content":{"rendered":"<p>R\u00e9paration des fissures et \u00e9limination des rugosit\u00e9s<br \/>\nCette cr\u00e8me contient des ingr\u00e9dients r\u00e9-\u00e9pith\u00e9lialisants tels que l&rsquo;allanto\u00efne et le panth\u00e9nol, ainsi que des \u00e9mollients comme le beurre de karit\u00e9, qui aident \u00e0 r\u00e9parer les fissures caus\u00e9es par la s\u00e9cheresse. De plus, l&rsquo;action exfoliante de l&rsquo;acide lactique et du ferment de bacillus permet d&rsquo;\u00e9liminer la rugosit\u00e9, la peau dure et l&rsquo;\u00e9paississement mod\u00e9r\u00e9 de la plante des pieds, rendant la peau plus douce et lisse.<br \/>\nTexture l\u00e9g\u00e8re et absorption rapide<br \/>\nLa texture gel-huile de cette cr\u00e8me est fra\u00eeche, l\u00e9g\u00e8re et non grasse, ce qui facilite son application quotidienne et maximise son efficacit\u00e9. Elle p\u00e9n\u00e8tre rapidement dans la peau, laissant les pieds confortables et sans r\u00e9sidu collant.<br \/>\nConseils d&rsquo;utilisation<br \/>\nPour des r\u00e9sultats optimaux, il est recommand\u00e9 d&rsquo;appliquer la cr\u00e8me deux fois par jour sur des pieds propres et secs, en massant l\u00e9g\u00e8rement jusqu&rsquo;\u00e0 absorption compl\u00e8te. Une utilisation r\u00e9guli\u00e8re permet de maintenir les bienfaits obtenus et de pr\u00e9venir la r\u00e9apparition de la s\u00e9cheresse et des fissures.<br \/>\nComposition<br \/>\nAqua (Water), Urea, Lactic Acid, Bacillus Ferment, Allantoin, Arginine, Sodium Hyaluronate, Panthenol, Butyrospermum Parkii (Shea) Butter, Glycerin, Cetearyl Alcohol, Paraffinum Liquidum (Mineral Oil), Dimethicone, Glyceryl Stearate, PEG-100 Stearate, Cetyl Alcohol, Carbomer, Triethanolamine, Phenoxyethanol, Ethylhexylglycerin, Parfum (Fragrance).<\/p>\n","protected":false},"excerpt":{"rendered":"<p>R\u00e9paration des fissures et \u00e9limination des rugosit\u00e9s Cette cr\u00e8me contient des ingr\u00e9dients r\u00e9-\u00e9pith\u00e9lialisants tels que l&rsquo;allanto\u00efne et le panth\u00e9nol, ainsi<\/p>\n","protected":false},"featured_media":11310,"comment_status":"open","ping_status":"closed","template":"","meta":[],"product_brand":[135],"product_cat":[148],"product_tag":[],"class_list":{"0":"post-11277","1":"product","2":"type-product","3":"status-publish","4":"has-post-thumbnail","6":"product_brand-isdin","7":"product_cat-peau-seche","9":"first","10":"instock","11":"sale","12":"shipping-taxable","13":"purchasable","14":"product-type-simple"},"yoast_head":"<!-- This site is optimized with the Yoast SEO plugin v26.6 - https:\/\/yoast.com\/wordpress\/plugins\/seo\/ -->\r\n<title>ISDIN UREADIN CREME DES PIEDS 75ML - Paracherkaoui.ma<\/title>\r\n<meta name=\"robots\" content=\"index, follow, max-snippet:-1, max-image-preview:large, max-video-preview:-1\" \/>\r\n<link rel=\"canonical\" href=\"https:\/\/paracherkaoui.ma\/index.php\/produit\/isdin-ureadin-creme-des-pieds-75ml\/\" \/>\r\n<meta property=\"og:locale\" content=\"fr_FR\" \/>\r\n<meta property=\"og:type\" content=\"article\" \/>\r\n<meta property=\"og:title\" content=\"ISDIN UREADIN CREME DES PIEDS 75ML - Paracherkaoui.ma\" \/>\r\n<meta property=\"og:description\" content=\"R\u00e9paration des fissures et \u00e9limination des rugosit\u00e9s Cette cr\u00e8me contient des ingr\u00e9dients r\u00e9-\u00e9pith\u00e9lialisants tels que l&rsquo;allanto\u00efne et le panth\u00e9nol, ainsi\" \/>\r\n<meta property=\"og:url\" content=\"https:\/\/paracherkaoui.ma\/index.php\/produit\/isdin-ureadin-creme-des-pieds-75ml\/\" \/>\r\n<meta property=\"og:site_name\" content=\"Paracherkaoui.ma\" \/>\r\n<meta property=\"article:modified_time\" content=\"2025-12-12T16:36:34+00:00\" \/>\r\n<meta property=\"og:image\" content=\"https:\/\/paracherkaoui.ma\/wp-content\/uploads\/2025\/12\/isdin-isdin-ureadin-creme-des-pieds-75ml-soins-mains-et-pieds.jpg\" \/>\r\n\t<meta property=\"og:image:width\" content=\"700\" \/>\r\n\t<meta property=\"og:image:height\" content=\"700\" \/>\r\n\t<meta property=\"og:image:type\" content=\"image\/jpeg\" \/>\r\n<meta name=\"twitter:card\" content=\"summary_large_image\" \/>\r\n<meta name=\"twitter:label1\" content=\"Dur\u00e9e de lecture estim\u00e9e\" \/>\n\t<meta name=\"twitter:data1\" content=\"1 minute\" \/>\r\n<script type=\"application\/ld+json\" class=\"yoast-schema-graph\">{\"@context\":\"https:\/\/schema.org\",\"@graph\":[{\"@type\":\"WebPage\",\"@id\":\"https:\/\/paracherkaoui.ma\/index.php\/produit\/isdin-ureadin-creme-des-pieds-75ml\/\",\"url\":\"https:\/\/paracherkaoui.ma\/index.php\/produit\/isdin-ureadin-creme-des-pieds-75ml\/\",\"name\":\"ISDIN UREADIN CREME DES PIEDS 75ML - Paracherkaoui.ma\",\"isPartOf\":{\"@id\":\"https:\/\/paracherkaoui.ma\/#website\"},\"primaryImageOfPage\":{\"@id\":\"https:\/\/paracherkaoui.ma\/index.php\/produit\/isdin-ureadin-creme-des-pieds-75ml\/#primaryimage\"},\"image\":{\"@id\":\"https:\/\/paracherkaoui.ma\/index.php\/produit\/isdin-ureadin-creme-des-pieds-75ml\/#primaryimage\"},\"thumbnailUrl\":\"https:\/\/paracherkaoui.ma\/wp-content\/uploads\/2025\/12\/isdin-isdin-ureadin-creme-des-pieds-75ml-soins-mains-et-pieds.jpg\",\"datePublished\":\"2025-12-12T16:36:32+00:00\",\"dateModified\":\"2025-12-12T16:36:34+00:00\",\"breadcrumb\":{\"@id\":\"https:\/\/paracherkaoui.ma\/index.php\/produit\/isdin-ureadin-creme-des-pieds-75ml\/#breadcrumb\"},\"inLanguage\":\"fr-FR\",\"potentialAction\":[{\"@type\":\"ReadAction\",\"target\":[\"https:\/\/paracherkaoui.ma\/index.php\/produit\/isdin-ureadin-creme-des-pieds-75ml\/\"]}]},{\"@type\":\"ImageObject\",\"inLanguage\":\"fr-FR\",\"@id\":\"https:\/\/paracherkaoui.ma\/index.php\/produit\/isdin-ureadin-creme-des-pieds-75ml\/#primaryimage\",\"url\":\"https:\/\/paracherkaoui.ma\/wp-content\/uploads\/2025\/12\/isdin-isdin-ureadin-creme-des-pieds-75ml-soins-mains-et-pieds.jpg\",\"contentUrl\":\"https:\/\/paracherkaoui.ma\/wp-content\/uploads\/2025\/12\/isdin-isdin-ureadin-creme-des-pieds-75ml-soins-mains-et-pieds.jpg\",\"width\":700,\"height\":700},{\"@type\":\"BreadcrumbList\",\"@id\":\"https:\/\/paracherkaoui.ma\/index.php\/produit\/isdin-ureadin-creme-des-pieds-75ml\/#breadcrumb\",\"itemListElement\":[{\"@type\":\"ListItem\",\"position\":1,\"name\":\"Accueil\",\"item\":\"https:\/\/paracherkaoui.ma\/\"},{\"@type\":\"ListItem\",\"position\":2,\"name\":\"Boutique\",\"item\":\"https:\/\/paracherkaoui.ma\/index.php\/boutique\/\"},{\"@type\":\"ListItem\",\"position\":3,\"name\":\"ISDIN UREADIN CREME DES PIEDS 75ML\"}]},{\"@type\":\"WebSite\",\"@id\":\"https:\/\/paracherkaoui.ma\/#website\",\"url\":\"https:\/\/paracherkaoui.ma\/\",\"name\":\"Paracherkaoui.ma\",\"description\":\"Achetez en ligne sur Paracherkaoui.ma\",\"potentialAction\":[{\"@type\":\"SearchAction\",\"target\":{\"@type\":\"EntryPoint\",\"urlTemplate\":\"https:\/\/paracherkaoui.ma\/?s={search_term_string}\"},\"query-input\":{\"@type\":\"PropertyValueSpecification\",\"valueRequired\":true,\"valueName\":\"search_term_string\"}}],\"inLanguage\":\"fr-FR\"}]}<\/script>\r\n<!-- \/ Yoast SEO plugin. -->","yoast_head_json":{"title":"ISDIN UREADIN CREME DES PIEDS 75ML - Paracherkaoui.ma","robots":{"index":"index","follow":"follow","max-snippet":"max-snippet:-1","max-image-preview":"max-image-preview:large","max-video-preview":"max-video-preview:-1"},"canonical":"https:\/\/paracherkaoui.ma\/index.php\/produit\/isdin-ureadin-creme-des-pieds-75ml\/","og_locale":"fr_FR","og_type":"article","og_title":"ISDIN UREADIN CREME DES PIEDS 75ML - Paracherkaoui.ma","og_description":"R\u00e9paration des fissures et \u00e9limination des rugosit\u00e9s Cette cr\u00e8me contient des ingr\u00e9dients r\u00e9-\u00e9pith\u00e9lialisants tels que l&rsquo;allanto\u00efne et le panth\u00e9nol, ainsi","og_url":"https:\/\/paracherkaoui.ma\/index.php\/produit\/isdin-ureadin-creme-des-pieds-75ml\/","og_site_name":"Paracherkaoui.ma","article_modified_time":"2025-12-12T16:36:34+00:00","og_image":[{"width":700,"height":700,"url":"https:\/\/paracherkaoui.ma\/wp-content\/uploads\/2025\/12\/isdin-isdin-ureadin-creme-des-pieds-75ml-soins-mains-et-pieds.jpg","type":"image\/jpeg"}],"twitter_card":"summary_large_image","twitter_misc":{"Dur\u00e9e de lecture estim\u00e9e":"1 minute"},"schema":{"@context":"https:\/\/schema.org","@graph":[{"@type":"WebPage","@id":"https:\/\/paracherkaoui.ma\/index.php\/produit\/isdin-ureadin-creme-des-pieds-75ml\/","url":"https:\/\/paracherkaoui.ma\/index.php\/produit\/isdin-ureadin-creme-des-pieds-75ml\/","name":"ISDIN UREADIN CREME DES PIEDS 75ML - Paracherkaoui.ma","isPartOf":{"@id":"https:\/\/paracherkaoui.ma\/#website"},"primaryImageOfPage":{"@id":"https:\/\/paracherkaoui.ma\/index.php\/produit\/isdin-ureadin-creme-des-pieds-75ml\/#primaryimage"},"image":{"@id":"https:\/\/paracherkaoui.ma\/index.php\/produit\/isdin-ureadin-creme-des-pieds-75ml\/#primaryimage"},"thumbnailUrl":"https:\/\/paracherkaoui.ma\/wp-content\/uploads\/2025\/12\/isdin-isdin-ureadin-creme-des-pieds-75ml-soins-mains-et-pieds.jpg","datePublished":"2025-12-12T16:36:32+00:00","dateModified":"2025-12-12T16:36:34+00:00","breadcrumb":{"@id":"https:\/\/paracherkaoui.ma\/index.php\/produit\/isdin-ureadin-creme-des-pieds-75ml\/#breadcrumb"},"inLanguage":"fr-FR","potentialAction":[{"@type":"ReadAction","target":["https:\/\/paracherkaoui.ma\/index.php\/produit\/isdin-ureadin-creme-des-pieds-75ml\/"]}]},{"@type":"ImageObject","inLanguage":"fr-FR","@id":"https:\/\/paracherkaoui.ma\/index.php\/produit\/isdin-ureadin-creme-des-pieds-75ml\/#primaryimage","url":"https:\/\/paracherkaoui.ma\/wp-content\/uploads\/2025\/12\/isdin-isdin-ureadin-creme-des-pieds-75ml-soins-mains-et-pieds.jpg","contentUrl":"https:\/\/paracherkaoui.ma\/wp-content\/uploads\/2025\/12\/isdin-isdin-ureadin-creme-des-pieds-75ml-soins-mains-et-pieds.jpg","width":700,"height":700},{"@type":"BreadcrumbList","@id":"https:\/\/paracherkaoui.ma\/index.php\/produit\/isdin-ureadin-creme-des-pieds-75ml\/#breadcrumb","itemListElement":[{"@type":"ListItem","position":1,"name":"Accueil","item":"https:\/\/paracherkaoui.ma\/"},{"@type":"ListItem","position":2,"name":"Boutique","item":"https:\/\/paracherkaoui.ma\/index.php\/boutique\/"},{"@type":"ListItem","position":3,"name":"ISDIN UREADIN CREME DES PIEDS 75ML"}]},{"@type":"WebSite","@id":"https:\/\/paracherkaoui.ma\/#website","url":"https:\/\/paracherkaoui.ma\/","name":"Paracherkaoui.ma","description":"Achetez en ligne sur Paracherkaoui.ma","potentialAction":[{"@type":"SearchAction","target":{"@type":"EntryPoint","urlTemplate":"https:\/\/paracherkaoui.ma\/?s={search_term_string}"},"query-input":{"@type":"PropertyValueSpecification","valueRequired":true,"valueName":"search_term_string"}}],"inLanguage":"fr-FR"}]}},"_links":{"self":[{"href":"https:\/\/paracherkaoui.ma\/index.php\/wp-json\/wp\/v2\/product\/11277","targetHints":{"allow":["GET"]}}],"collection":[{"href":"https:\/\/paracherkaoui.ma\/index.php\/wp-json\/wp\/v2\/product"}],"about":[{"href":"https:\/\/paracherkaoui.ma\/index.php\/wp-json\/wp\/v2\/types\/product"}],"replies":[{"embeddable":true,"href":"https:\/\/paracherkaoui.ma\/index.php\/wp-json\/wp\/v2\/comments?post=11277"}],"version-history":[{"count":1,"href":"https:\/\/paracherkaoui.ma\/index.php\/wp-json\/wp\/v2\/product\/11277\/revisions"}],"predecessor-version":[{"id":11311,"href":"https:\/\/paracherkaoui.ma\/index.php\/wp-json\/wp\/v2\/product\/11277\/revisions\/11311"}],"wp:featuredmedia":[{"embeddable":true,"href":"https:\/\/paracherkaoui.ma\/index.php\/wp-json\/wp\/v2\/media\/11310"}],"wp:attachment":[{"href":"https:\/\/paracherkaoui.ma\/index.php\/wp-json\/wp\/v2\/media?parent=11277"}],"wp:term":[{"taxonomy":"product_brand","embeddable":true,"href":"https:\/\/paracherkaoui.ma\/index.php\/wp-json\/wp\/v2\/product_brand?post=11277"},{"taxonomy":"product_cat","embeddable":true,"href":"https:\/\/paracherkaoui.ma\/index.php\/wp-json\/wp\/v2\/product_cat?post=11277"},{"taxonomy":"product_tag","embeddable":true,"href":"https:\/\/paracherkaoui.ma\/index.php\/wp-json\/wp\/v2\/product_tag?post=11277"}],"curies":[{"name":"wp","href":"https:\/\/api.w.org\/{rel}","templated":true}]}}