{"id":11270,"date":"2025-12-12T17:36:32","date_gmt":"2025-12-12T16:36:32","guid":{"rendered":"https:\/\/test.ecbeaute.com\/?post_type=product&#038;p=11270"},"modified":"2025-12-12T17:36:34","modified_gmt":"2025-12-12T16:36:34","slug":"ducray-ictyane-nutri-creme-riche-40ml","status":"publish","type":"product","link":"https:\/\/paracherkaoui.ma\/index.php\/produit\/ducray-ictyane-nutri-creme-riche-40ml\/","title":{"rendered":"DUCRAY ICTYANE NUTRI CREME RICHE 40ml"},"content":{"rendered":"<p>La cr\u00e8me riche visage ICTYANE NUTRI est un soin visage nutritif \u00e0 destination des peaux s\u00e8ches \u00e0 tr\u00e8s s\u00e8ches \u2022 Elle nourrit durablement la peau tout au long de la journ\u00e9e et emp\u00eache l&rsquo;eau de s&rsquo;\u00e9vaporer \u2022 Une texture velout\u00e9e et onctueuse qui p\u00e9n\u00e8tre rapidement et ne colle pas \u2022 Profond\u00e9ment nourrie, la peau retrouve toute sa douceur et sa souplesse<br \/>\nConseils d&rsquo;utilisation:<br \/>\nAppliquer matin et \/ ou soir sur le visage et le cou\u2022 Eviter le contact avec les yeux<\/p>\n","protected":false},"excerpt":{"rendered":"<p>La cr\u00e8me riche visage ICTYANE NUTRI est un soin visage nutritif \u00e0 destination des peaux s\u00e8ches \u00e0 tr\u00e8s s\u00e8ches \u2022<\/p>\n","protected":false},"featured_media":11296,"comment_status":"open","ping_status":"closed","template":"","meta":[],"product_brand":[138],"product_cat":[148],"product_tag":[],"class_list":{"0":"post-11270","1":"product","2":"type-product","3":"status-publish","4":"has-post-thumbnail","6":"product_brand-ducray","7":"product_cat-peau-seche","9":"first","10":"instock","11":"sale","12":"shipping-taxable","13":"purchasable","14":"product-type-simple"},"yoast_head":"<!-- This site is optimized with the Yoast SEO plugin v26.6 - https:\/\/yoast.com\/wordpress\/plugins\/seo\/ -->\r\n<title>DUCRAY ICTYANE NUTRI CREME RICHE 40ml - Paracherkaoui.ma<\/title>\r\n<meta name=\"robots\" content=\"index, follow, max-snippet:-1, max-image-preview:large, max-video-preview:-1\" \/>\r\n<link rel=\"canonical\" href=\"https:\/\/paracherkaoui.ma\/index.php\/produit\/ducray-ictyane-nutri-creme-riche-40ml\/\" \/>\r\n<meta property=\"og:locale\" content=\"fr_FR\" \/>\r\n<meta property=\"og:type\" content=\"article\" \/>\r\n<meta property=\"og:title\" content=\"DUCRAY ICTYANE NUTRI CREME RICHE 40ml - Paracherkaoui.ma\" \/>\r\n<meta property=\"og:description\" content=\"La cr\u00e8me riche visage ICTYANE NUTRI est un soin visage nutritif \u00e0 destination des peaux s\u00e8ches \u00e0 tr\u00e8s s\u00e8ches \u2022\" \/>\r\n<meta property=\"og:url\" content=\"https:\/\/paracherkaoui.ma\/index.php\/produit\/ducray-ictyane-nutri-creme-riche-40ml\/\" \/>\r\n<meta property=\"og:site_name\" content=\"Paracherkaoui.ma\" \/>\r\n<meta property=\"article:modified_time\" content=\"2025-12-12T16:36:34+00:00\" \/>\r\n<meta property=\"og:image\" content=\"https:\/\/paracherkaoui.ma\/wp-content\/uploads\/2025\/12\/ducray-ictyane-nutri-creme-riche-40ml.jpg\" \/>\r\n\t<meta property=\"og:image:width\" content=\"700\" \/>\r\n\t<meta property=\"og:image:height\" content=\"700\" \/>\r\n\t<meta property=\"og:image:type\" content=\"image\/jpeg\" \/>\r\n<meta name=\"twitter:card\" content=\"summary_large_image\" \/>\r\n<script type=\"application\/ld+json\" class=\"yoast-schema-graph\">{\"@context\":\"https:\/\/schema.org\",\"@graph\":[{\"@type\":\"WebPage\",\"@id\":\"https:\/\/paracherkaoui.ma\/index.php\/produit\/ducray-ictyane-nutri-creme-riche-40ml\/\",\"url\":\"https:\/\/paracherkaoui.ma\/index.php\/produit\/ducray-ictyane-nutri-creme-riche-40ml\/\",\"name\":\"DUCRAY ICTYANE NUTRI CREME RICHE 40ml - Paracherkaoui.ma\",\"isPartOf\":{\"@id\":\"https:\/\/paracherkaoui.ma\/#website\"},\"primaryImageOfPage\":{\"@id\":\"https:\/\/paracherkaoui.ma\/index.php\/produit\/ducray-ictyane-nutri-creme-riche-40ml\/#primaryimage\"},\"image\":{\"@id\":\"https:\/\/paracherkaoui.ma\/index.php\/produit\/ducray-ictyane-nutri-creme-riche-40ml\/#primaryimage\"},\"thumbnailUrl\":\"https:\/\/paracherkaoui.ma\/wp-content\/uploads\/2025\/12\/ducray-ictyane-nutri-creme-riche-40ml.jpg\",\"datePublished\":\"2025-12-12T16:36:32+00:00\",\"dateModified\":\"2025-12-12T16:36:34+00:00\",\"breadcrumb\":{\"@id\":\"https:\/\/paracherkaoui.ma\/index.php\/produit\/ducray-ictyane-nutri-creme-riche-40ml\/#breadcrumb\"},\"inLanguage\":\"fr-FR\",\"potentialAction\":[{\"@type\":\"ReadAction\",\"target\":[\"https:\/\/paracherkaoui.ma\/index.php\/produit\/ducray-ictyane-nutri-creme-riche-40ml\/\"]}]},{\"@type\":\"ImageObject\",\"inLanguage\":\"fr-FR\",\"@id\":\"https:\/\/paracherkaoui.ma\/index.php\/produit\/ducray-ictyane-nutri-creme-riche-40ml\/#primaryimage\",\"url\":\"https:\/\/paracherkaoui.ma\/wp-content\/uploads\/2025\/12\/ducray-ictyane-nutri-creme-riche-40ml.jpg\",\"contentUrl\":\"https:\/\/paracherkaoui.ma\/wp-content\/uploads\/2025\/12\/ducray-ictyane-nutri-creme-riche-40ml.jpg\",\"width\":700,\"height\":700},{\"@type\":\"BreadcrumbList\",\"@id\":\"https:\/\/paracherkaoui.ma\/index.php\/produit\/ducray-ictyane-nutri-creme-riche-40ml\/#breadcrumb\",\"itemListElement\":[{\"@type\":\"ListItem\",\"position\":1,\"name\":\"Accueil\",\"item\":\"https:\/\/paracherkaoui.ma\/\"},{\"@type\":\"ListItem\",\"position\":2,\"name\":\"Boutique\",\"item\":\"https:\/\/paracherkaoui.ma\/index.php\/boutique\/\"},{\"@type\":\"ListItem\",\"position\":3,\"name\":\"DUCRAY ICTYANE NUTRI CREME RICHE 40ml\"}]},{\"@type\":\"WebSite\",\"@id\":\"https:\/\/paracherkaoui.ma\/#website\",\"url\":\"https:\/\/paracherkaoui.ma\/\",\"name\":\"Paracherkaoui.ma\",\"description\":\"Achetez en ligne sur Paracherkaoui.ma\",\"potentialAction\":[{\"@type\":\"SearchAction\",\"target\":{\"@type\":\"EntryPoint\",\"urlTemplate\":\"https:\/\/paracherkaoui.ma\/?s={search_term_string}\"},\"query-input\":{\"@type\":\"PropertyValueSpecification\",\"valueRequired\":true,\"valueName\":\"search_term_string\"}}],\"inLanguage\":\"fr-FR\"}]}<\/script>\r\n<!-- \/ Yoast SEO plugin. -->","yoast_head_json":{"title":"DUCRAY ICTYANE NUTRI CREME RICHE 40ml - Paracherkaoui.ma","robots":{"index":"index","follow":"follow","max-snippet":"max-snippet:-1","max-image-preview":"max-image-preview:large","max-video-preview":"max-video-preview:-1"},"canonical":"https:\/\/paracherkaoui.ma\/index.php\/produit\/ducray-ictyane-nutri-creme-riche-40ml\/","og_locale":"fr_FR","og_type":"article","og_title":"DUCRAY ICTYANE NUTRI CREME RICHE 40ml - Paracherkaoui.ma","og_description":"La cr\u00e8me riche visage ICTYANE NUTRI est un soin visage nutritif \u00e0 destination des peaux s\u00e8ches \u00e0 tr\u00e8s s\u00e8ches \u2022","og_url":"https:\/\/paracherkaoui.ma\/index.php\/produit\/ducray-ictyane-nutri-creme-riche-40ml\/","og_site_name":"Paracherkaoui.ma","article_modified_time":"2025-12-12T16:36:34+00:00","og_image":[{"width":700,"height":700,"url":"https:\/\/paracherkaoui.ma\/wp-content\/uploads\/2025\/12\/ducray-ictyane-nutri-creme-riche-40ml.jpg","type":"image\/jpeg"}],"twitter_card":"summary_large_image","schema":{"@context":"https:\/\/schema.org","@graph":[{"@type":"WebPage","@id":"https:\/\/paracherkaoui.ma\/index.php\/produit\/ducray-ictyane-nutri-creme-riche-40ml\/","url":"https:\/\/paracherkaoui.ma\/index.php\/produit\/ducray-ictyane-nutri-creme-riche-40ml\/","name":"DUCRAY ICTYANE NUTRI CREME RICHE 40ml - Paracherkaoui.ma","isPartOf":{"@id":"https:\/\/paracherkaoui.ma\/#website"},"primaryImageOfPage":{"@id":"https:\/\/paracherkaoui.ma\/index.php\/produit\/ducray-ictyane-nutri-creme-riche-40ml\/#primaryimage"},"image":{"@id":"https:\/\/paracherkaoui.ma\/index.php\/produit\/ducray-ictyane-nutri-creme-riche-40ml\/#primaryimage"},"thumbnailUrl":"https:\/\/paracherkaoui.ma\/wp-content\/uploads\/2025\/12\/ducray-ictyane-nutri-creme-riche-40ml.jpg","datePublished":"2025-12-12T16:36:32+00:00","dateModified":"2025-12-12T16:36:34+00:00","breadcrumb":{"@id":"https:\/\/paracherkaoui.ma\/index.php\/produit\/ducray-ictyane-nutri-creme-riche-40ml\/#breadcrumb"},"inLanguage":"fr-FR","potentialAction":[{"@type":"ReadAction","target":["https:\/\/paracherkaoui.ma\/index.php\/produit\/ducray-ictyane-nutri-creme-riche-40ml\/"]}]},{"@type":"ImageObject","inLanguage":"fr-FR","@id":"https:\/\/paracherkaoui.ma\/index.php\/produit\/ducray-ictyane-nutri-creme-riche-40ml\/#primaryimage","url":"https:\/\/paracherkaoui.ma\/wp-content\/uploads\/2025\/12\/ducray-ictyane-nutri-creme-riche-40ml.jpg","contentUrl":"https:\/\/paracherkaoui.ma\/wp-content\/uploads\/2025\/12\/ducray-ictyane-nutri-creme-riche-40ml.jpg","width":700,"height":700},{"@type":"BreadcrumbList","@id":"https:\/\/paracherkaoui.ma\/index.php\/produit\/ducray-ictyane-nutri-creme-riche-40ml\/#breadcrumb","itemListElement":[{"@type":"ListItem","position":1,"name":"Accueil","item":"https:\/\/paracherkaoui.ma\/"},{"@type":"ListItem","position":2,"name":"Boutique","item":"https:\/\/paracherkaoui.ma\/index.php\/boutique\/"},{"@type":"ListItem","position":3,"name":"DUCRAY ICTYANE NUTRI CREME RICHE 40ml"}]},{"@type":"WebSite","@id":"https:\/\/paracherkaoui.ma\/#website","url":"https:\/\/paracherkaoui.ma\/","name":"Paracherkaoui.ma","description":"Achetez en ligne sur Paracherkaoui.ma","potentialAction":[{"@type":"SearchAction","target":{"@type":"EntryPoint","urlTemplate":"https:\/\/paracherkaoui.ma\/?s={search_term_string}"},"query-input":{"@type":"PropertyValueSpecification","valueRequired":true,"valueName":"search_term_string"}}],"inLanguage":"fr-FR"}]}},"_links":{"self":[{"href":"https:\/\/paracherkaoui.ma\/index.php\/wp-json\/wp\/v2\/product\/11270","targetHints":{"allow":["GET"]}}],"collection":[{"href":"https:\/\/paracherkaoui.ma\/index.php\/wp-json\/wp\/v2\/product"}],"about":[{"href":"https:\/\/paracherkaoui.ma\/index.php\/wp-json\/wp\/v2\/types\/product"}],"replies":[{"embeddable":true,"href":"https:\/\/paracherkaoui.ma\/index.php\/wp-json\/wp\/v2\/comments?post=11270"}],"version-history":[{"count":1,"href":"https:\/\/paracherkaoui.ma\/index.php\/wp-json\/wp\/v2\/product\/11270\/revisions"}],"predecessor-version":[{"id":11297,"href":"https:\/\/paracherkaoui.ma\/index.php\/wp-json\/wp\/v2\/product\/11270\/revisions\/11297"}],"wp:featuredmedia":[{"embeddable":true,"href":"https:\/\/paracherkaoui.ma\/index.php\/wp-json\/wp\/v2\/media\/11296"}],"wp:attachment":[{"href":"https:\/\/paracherkaoui.ma\/index.php\/wp-json\/wp\/v2\/media?parent=11270"}],"wp:term":[{"taxonomy":"product_brand","embeddable":true,"href":"https:\/\/paracherkaoui.ma\/index.php\/wp-json\/wp\/v2\/product_brand?post=11270"},{"taxonomy":"product_cat","embeddable":true,"href":"https:\/\/paracherkaoui.ma\/index.php\/wp-json\/wp\/v2\/product_cat?post=11270"},{"taxonomy":"product_tag","embeddable":true,"href":"https:\/\/paracherkaoui.ma\/index.php\/wp-json\/wp\/v2\/product_tag?post=11270"}],"curies":[{"name":"wp","href":"https:\/\/api.w.org\/{rel}","templated":true}]}}