{"id":11266,"date":"2025-12-12T17:36:32","date_gmt":"2025-12-12T16:36:32","guid":{"rendered":"https:\/\/test.ecbeaute.com\/?post_type=product&#038;p=11266"},"modified":"2025-12-12T17:36:33","modified_gmt":"2025-12-12T16:36:33","slug":"cetaphil-lotion-ultra-hydratante-225g","status":"publish","type":"product","link":"https:\/\/paracherkaoui.ma\/index.php\/produit\/cetaphil-lotion-ultra-hydratante-225g\/","title":{"rendered":"CETAPHIL LOTION ULTRA HYDRATANTE 225G"},"content":{"rendered":"<p>La Lotion ultra hydratante DailyAdvance Cetaphil est une lotion riche et cr\u00e9meuse, formul\u00e9e avec du beurre de karit\u00e9 pour nourrir, hydrater et prot\u00e9ger instantan\u00e9ment la peau s\u00e8che et sensible. Elle est formul\u00e9e avec une combinaison unique de cinq ingr\u00e9dients cl\u00e9s pour une hydratation intense pendant 24 heures. Cet hydratant l\u00e9ger et non gras est facilement absorb\u00e9 et laisse votre peau douce et lisse.<br \/>\nFait appel au Complexe \u00e9pidermique r\u00e9g\u00e9n\u00e9rateur5 (ERC5MC), une association unique de cinq ingr\u00e9dients cl\u00e9s qui prot\u00e8ge la peau s\u00e8che et accroit l\u2019hydratation.<br \/>\nAide \u00e0 restaurer la barri\u00e8re d\u2019hydratation de la peau.<br \/>\n\u00c9prouv\u00e9e en clinique pour prot\u00e9ger la peau pendant 24 heures.<br \/>\nElle est non com\u00e9dog\u00e8ne et ne contient pas de parfum sans parab\u00e8nes<br \/>\nCONSEILS D&rsquo;UTILISATION :<br \/>\nAppliquer g\u00e9n\u00e9reusement sur la peau.<\/p>\n","protected":false},"excerpt":{"rendered":"<p>La Lotion ultra hydratante DailyAdvance Cetaphil est une lotion riche et cr\u00e9meuse, formul\u00e9e avec du beurre de karit\u00e9 pour nourrir,<\/p>\n","protected":false},"featured_media":11288,"comment_status":"open","ping_status":"closed","template":"","meta":[],"product_brand":[150],"product_cat":[148],"product_tag":[],"class_list":{"0":"post-11266","1":"product","2":"type-product","3":"status-publish","4":"has-post-thumbnail","6":"product_brand-cetaphil","7":"product_cat-peau-seche","9":"first","10":"instock","11":"sale","12":"shipping-taxable","13":"purchasable","14":"product-type-simple"},"yoast_head":"<!-- This site is optimized with the Yoast SEO plugin v26.6 - https:\/\/yoast.com\/wordpress\/plugins\/seo\/ -->\r\n<title>CETAPHIL LOTION ULTRA HYDRATANTE 225G - Paracherkaoui.ma<\/title>\r\n<meta name=\"robots\" content=\"index, follow, max-snippet:-1, max-image-preview:large, max-video-preview:-1\" \/>\r\n<link rel=\"canonical\" href=\"https:\/\/paracherkaoui.ma\/index.php\/produit\/cetaphil-lotion-ultra-hydratante-225g\/\" \/>\r\n<meta property=\"og:locale\" content=\"fr_FR\" \/>\r\n<meta property=\"og:type\" content=\"article\" \/>\r\n<meta property=\"og:title\" content=\"CETAPHIL LOTION ULTRA HYDRATANTE 225G - Paracherkaoui.ma\" \/>\r\n<meta property=\"og:description\" content=\"La Lotion ultra hydratante DailyAdvance Cetaphil est une lotion riche et cr\u00e9meuse, formul\u00e9e avec du beurre de karit\u00e9 pour nourrir,\" \/>\r\n<meta property=\"og:url\" content=\"https:\/\/paracherkaoui.ma\/index.php\/produit\/cetaphil-lotion-ultra-hydratante-225g\/\" \/>\r\n<meta property=\"og:site_name\" content=\"Paracherkaoui.ma\" \/>\r\n<meta property=\"article:modified_time\" content=\"2025-12-12T16:36:33+00:00\" \/>\r\n<meta property=\"og:image\" content=\"https:\/\/paracherkaoui.ma\/wp-content\/uploads\/2025\/12\/cetaphil-cetaphil-lotion-ultra-hydratante-225g-cremes-et-soins-hydratants.jpg\" \/>\r\n\t<meta property=\"og:image:width\" content=\"700\" \/>\r\n\t<meta property=\"og:image:height\" content=\"700\" \/>\r\n\t<meta property=\"og:image:type\" content=\"image\/jpeg\" \/>\r\n<meta name=\"twitter:card\" content=\"summary_large_image\" \/>\r\n<meta name=\"twitter:label1\" content=\"Dur\u00e9e de lecture estim\u00e9e\" \/>\n\t<meta name=\"twitter:data1\" content=\"1 minute\" \/>\r\n<script type=\"application\/ld+json\" class=\"yoast-schema-graph\">{\"@context\":\"https:\/\/schema.org\",\"@graph\":[{\"@type\":\"WebPage\",\"@id\":\"https:\/\/paracherkaoui.ma\/index.php\/produit\/cetaphil-lotion-ultra-hydratante-225g\/\",\"url\":\"https:\/\/paracherkaoui.ma\/index.php\/produit\/cetaphil-lotion-ultra-hydratante-225g\/\",\"name\":\"CETAPHIL LOTION ULTRA HYDRATANTE 225G - Paracherkaoui.ma\",\"isPartOf\":{\"@id\":\"https:\/\/paracherkaoui.ma\/#website\"},\"primaryImageOfPage\":{\"@id\":\"https:\/\/paracherkaoui.ma\/index.php\/produit\/cetaphil-lotion-ultra-hydratante-225g\/#primaryimage\"},\"image\":{\"@id\":\"https:\/\/paracherkaoui.ma\/index.php\/produit\/cetaphil-lotion-ultra-hydratante-225g\/#primaryimage\"},\"thumbnailUrl\":\"https:\/\/paracherkaoui.ma\/wp-content\/uploads\/2025\/12\/cetaphil-cetaphil-lotion-ultra-hydratante-225g-cremes-et-soins-hydratants.jpg\",\"datePublished\":\"2025-12-12T16:36:32+00:00\",\"dateModified\":\"2025-12-12T16:36:33+00:00\",\"breadcrumb\":{\"@id\":\"https:\/\/paracherkaoui.ma\/index.php\/produit\/cetaphil-lotion-ultra-hydratante-225g\/#breadcrumb\"},\"inLanguage\":\"fr-FR\",\"potentialAction\":[{\"@type\":\"ReadAction\",\"target\":[\"https:\/\/paracherkaoui.ma\/index.php\/produit\/cetaphil-lotion-ultra-hydratante-225g\/\"]}]},{\"@type\":\"ImageObject\",\"inLanguage\":\"fr-FR\",\"@id\":\"https:\/\/paracherkaoui.ma\/index.php\/produit\/cetaphil-lotion-ultra-hydratante-225g\/#primaryimage\",\"url\":\"https:\/\/paracherkaoui.ma\/wp-content\/uploads\/2025\/12\/cetaphil-cetaphil-lotion-ultra-hydratante-225g-cremes-et-soins-hydratants.jpg\",\"contentUrl\":\"https:\/\/paracherkaoui.ma\/wp-content\/uploads\/2025\/12\/cetaphil-cetaphil-lotion-ultra-hydratante-225g-cremes-et-soins-hydratants.jpg\",\"width\":700,\"height\":700},{\"@type\":\"BreadcrumbList\",\"@id\":\"https:\/\/paracherkaoui.ma\/index.php\/produit\/cetaphil-lotion-ultra-hydratante-225g\/#breadcrumb\",\"itemListElement\":[{\"@type\":\"ListItem\",\"position\":1,\"name\":\"Accueil\",\"item\":\"https:\/\/paracherkaoui.ma\/\"},{\"@type\":\"ListItem\",\"position\":2,\"name\":\"Boutique\",\"item\":\"https:\/\/paracherkaoui.ma\/index.php\/boutique\/\"},{\"@type\":\"ListItem\",\"position\":3,\"name\":\"CETAPHIL LOTION ULTRA HYDRATANTE 225G\"}]},{\"@type\":\"WebSite\",\"@id\":\"https:\/\/paracherkaoui.ma\/#website\",\"url\":\"https:\/\/paracherkaoui.ma\/\",\"name\":\"Paracherkaoui.ma\",\"description\":\"Achetez en ligne sur Paracherkaoui.ma\",\"potentialAction\":[{\"@type\":\"SearchAction\",\"target\":{\"@type\":\"EntryPoint\",\"urlTemplate\":\"https:\/\/paracherkaoui.ma\/?s={search_term_string}\"},\"query-input\":{\"@type\":\"PropertyValueSpecification\",\"valueRequired\":true,\"valueName\":\"search_term_string\"}}],\"inLanguage\":\"fr-FR\"}]}<\/script>\r\n<!-- \/ Yoast SEO plugin. -->","yoast_head_json":{"title":"CETAPHIL LOTION ULTRA HYDRATANTE 225G - Paracherkaoui.ma","robots":{"index":"index","follow":"follow","max-snippet":"max-snippet:-1","max-image-preview":"max-image-preview:large","max-video-preview":"max-video-preview:-1"},"canonical":"https:\/\/paracherkaoui.ma\/index.php\/produit\/cetaphil-lotion-ultra-hydratante-225g\/","og_locale":"fr_FR","og_type":"article","og_title":"CETAPHIL LOTION ULTRA HYDRATANTE 225G - Paracherkaoui.ma","og_description":"La Lotion ultra hydratante DailyAdvance Cetaphil est une lotion riche et cr\u00e9meuse, formul\u00e9e avec du beurre de karit\u00e9 pour nourrir,","og_url":"https:\/\/paracherkaoui.ma\/index.php\/produit\/cetaphil-lotion-ultra-hydratante-225g\/","og_site_name":"Paracherkaoui.ma","article_modified_time":"2025-12-12T16:36:33+00:00","og_image":[{"width":700,"height":700,"url":"https:\/\/paracherkaoui.ma\/wp-content\/uploads\/2025\/12\/cetaphil-cetaphil-lotion-ultra-hydratante-225g-cremes-et-soins-hydratants.jpg","type":"image\/jpeg"}],"twitter_card":"summary_large_image","twitter_misc":{"Dur\u00e9e de lecture estim\u00e9e":"1 minute"},"schema":{"@context":"https:\/\/schema.org","@graph":[{"@type":"WebPage","@id":"https:\/\/paracherkaoui.ma\/index.php\/produit\/cetaphil-lotion-ultra-hydratante-225g\/","url":"https:\/\/paracherkaoui.ma\/index.php\/produit\/cetaphil-lotion-ultra-hydratante-225g\/","name":"CETAPHIL LOTION ULTRA HYDRATANTE 225G - Paracherkaoui.ma","isPartOf":{"@id":"https:\/\/paracherkaoui.ma\/#website"},"primaryImageOfPage":{"@id":"https:\/\/paracherkaoui.ma\/index.php\/produit\/cetaphil-lotion-ultra-hydratante-225g\/#primaryimage"},"image":{"@id":"https:\/\/paracherkaoui.ma\/index.php\/produit\/cetaphil-lotion-ultra-hydratante-225g\/#primaryimage"},"thumbnailUrl":"https:\/\/paracherkaoui.ma\/wp-content\/uploads\/2025\/12\/cetaphil-cetaphil-lotion-ultra-hydratante-225g-cremes-et-soins-hydratants.jpg","datePublished":"2025-12-12T16:36:32+00:00","dateModified":"2025-12-12T16:36:33+00:00","breadcrumb":{"@id":"https:\/\/paracherkaoui.ma\/index.php\/produit\/cetaphil-lotion-ultra-hydratante-225g\/#breadcrumb"},"inLanguage":"fr-FR","potentialAction":[{"@type":"ReadAction","target":["https:\/\/paracherkaoui.ma\/index.php\/produit\/cetaphil-lotion-ultra-hydratante-225g\/"]}]},{"@type":"ImageObject","inLanguage":"fr-FR","@id":"https:\/\/paracherkaoui.ma\/index.php\/produit\/cetaphil-lotion-ultra-hydratante-225g\/#primaryimage","url":"https:\/\/paracherkaoui.ma\/wp-content\/uploads\/2025\/12\/cetaphil-cetaphil-lotion-ultra-hydratante-225g-cremes-et-soins-hydratants.jpg","contentUrl":"https:\/\/paracherkaoui.ma\/wp-content\/uploads\/2025\/12\/cetaphil-cetaphil-lotion-ultra-hydratante-225g-cremes-et-soins-hydratants.jpg","width":700,"height":700},{"@type":"BreadcrumbList","@id":"https:\/\/paracherkaoui.ma\/index.php\/produit\/cetaphil-lotion-ultra-hydratante-225g\/#breadcrumb","itemListElement":[{"@type":"ListItem","position":1,"name":"Accueil","item":"https:\/\/paracherkaoui.ma\/"},{"@type":"ListItem","position":2,"name":"Boutique","item":"https:\/\/paracherkaoui.ma\/index.php\/boutique\/"},{"@type":"ListItem","position":3,"name":"CETAPHIL LOTION ULTRA HYDRATANTE 225G"}]},{"@type":"WebSite","@id":"https:\/\/paracherkaoui.ma\/#website","url":"https:\/\/paracherkaoui.ma\/","name":"Paracherkaoui.ma","description":"Achetez en ligne sur Paracherkaoui.ma","potentialAction":[{"@type":"SearchAction","target":{"@type":"EntryPoint","urlTemplate":"https:\/\/paracherkaoui.ma\/?s={search_term_string}"},"query-input":{"@type":"PropertyValueSpecification","valueRequired":true,"valueName":"search_term_string"}}],"inLanguage":"fr-FR"}]}},"_links":{"self":[{"href":"https:\/\/paracherkaoui.ma\/index.php\/wp-json\/wp\/v2\/product\/11266","targetHints":{"allow":["GET"]}}],"collection":[{"href":"https:\/\/paracherkaoui.ma\/index.php\/wp-json\/wp\/v2\/product"}],"about":[{"href":"https:\/\/paracherkaoui.ma\/index.php\/wp-json\/wp\/v2\/types\/product"}],"replies":[{"embeddable":true,"href":"https:\/\/paracherkaoui.ma\/index.php\/wp-json\/wp\/v2\/comments?post=11266"}],"version-history":[{"count":1,"href":"https:\/\/paracherkaoui.ma\/index.php\/wp-json\/wp\/v2\/product\/11266\/revisions"}],"predecessor-version":[{"id":11289,"href":"https:\/\/paracherkaoui.ma\/index.php\/wp-json\/wp\/v2\/product\/11266\/revisions\/11289"}],"wp:featuredmedia":[{"embeddable":true,"href":"https:\/\/paracherkaoui.ma\/index.php\/wp-json\/wp\/v2\/media\/11288"}],"wp:attachment":[{"href":"https:\/\/paracherkaoui.ma\/index.php\/wp-json\/wp\/v2\/media?parent=11266"}],"wp:term":[{"taxonomy":"product_brand","embeddable":true,"href":"https:\/\/paracherkaoui.ma\/index.php\/wp-json\/wp\/v2\/product_brand?post=11266"},{"taxonomy":"product_cat","embeddable":true,"href":"https:\/\/paracherkaoui.ma\/index.php\/wp-json\/wp\/v2\/product_cat?post=11266"},{"taxonomy":"product_tag","embeddable":true,"href":"https:\/\/paracherkaoui.ma\/index.php\/wp-json\/wp\/v2\/product_tag?post=11266"}],"curies":[{"name":"wp","href":"https:\/\/api.w.org\/{rel}","templated":true}]}}