{"id":11195,"date":"2025-12-12T17:36:25","date_gmt":"2025-12-12T16:36:25","guid":{"rendered":"https:\/\/test.ecbeaute.com\/?post_type=product&#038;p=11195"},"modified":"2025-12-12T17:36:29","modified_gmt":"2025-12-12T16:36:29","slug":"ducray-dexyane-creme-emolliente-anti-grattage-200-ml","status":"publish","type":"product","link":"https:\/\/paracherkaoui.ma\/index.php\/produit\/ducray-dexyane-creme-emolliente-anti-grattage-200-ml\/","title":{"rendered":"DUCRAY DEXYANE CREME EMOLLIENTE ANTI GRATTAGE 200 ML"},"content":{"rendered":"<p>La cr\u00e8me \u00e9molliente anti-grattage DEXYANE est un soin hydratant quotidien pour les peaux tr\u00e8s s\u00e8ches sujettes \u00e0 l&rsquo;ecz\u00e9ma atopique\u2022 Gr\u00e2ce \u00e0 l&rsquo;innovation de corn\u00e9oth\u00e9rapie d\u00e9velopp\u00e9e par les Laboratoires Ducray, elle aide \u00e0 restaurer la barri\u00e8re cutan\u00e9e alt\u00e9r\u00e9e\u2022 Elle nourrit, r\u00e9pare et apaise les sensations de d\u00e9mangeaisons li\u00e9es \u00e0 la s\u00e9cheresse cutan\u00e9e\u2022 La peau est hydrat\u00e9e et confortable\u2022 Texture non collante et non grasse qui facilite l&rsquo;habillage apr\u00e8s application<br \/>\nConseils d&rsquo;utilisation :<br \/>\nAppliquer 1 fois par jour sur les zones s\u00e8ches, en massant l\u00e9g\u00e8rement jusqu\u2019\u00e0 p\u00e9n\u00e9tration compl\u00e8te du produit<\/p>\n","protected":false},"excerpt":{"rendered":"<p>La cr\u00e8me \u00e9molliente anti-grattage DEXYANE est un soin hydratant quotidien pour les peaux tr\u00e8s s\u00e8ches sujettes \u00e0 l&rsquo;ecz\u00e9ma atopique\u2022 Gr\u00e2ce<\/p>\n","protected":false},"featured_media":11246,"comment_status":"open","ping_status":"closed","template":"","meta":[],"product_brand":[138],"product_cat":[148],"product_tag":[],"class_list":{"0":"post-11195","1":"product","2":"type-product","3":"status-publish","4":"has-post-thumbnail","6":"product_brand-ducray","7":"product_cat-peau-seche","9":"first","10":"instock","11":"sale","12":"shipping-taxable","13":"purchasable","14":"product-type-simple"},"yoast_head":"<!-- This site is optimized with the Yoast SEO plugin v26.6 - https:\/\/yoast.com\/wordpress\/plugins\/seo\/ -->\r\n<title>DUCRAY DEXYANE CREME EMOLLIENTE ANTI GRATTAGE 200 ML - Paracherkaoui.ma<\/title>\r\n<meta name=\"robots\" content=\"index, follow, max-snippet:-1, max-image-preview:large, max-video-preview:-1\" \/>\r\n<link rel=\"canonical\" href=\"https:\/\/paracherkaoui.ma\/index.php\/produit\/ducray-dexyane-creme-emolliente-anti-grattage-200-ml\/\" \/>\r\n<meta property=\"og:locale\" content=\"fr_FR\" \/>\r\n<meta property=\"og:type\" content=\"article\" \/>\r\n<meta property=\"og:title\" content=\"DUCRAY DEXYANE CREME EMOLLIENTE ANTI GRATTAGE 200 ML - Paracherkaoui.ma\" \/>\r\n<meta property=\"og:description\" content=\"La cr\u00e8me \u00e9molliente anti-grattage DEXYANE est un soin hydratant quotidien pour les peaux tr\u00e8s s\u00e8ches sujettes \u00e0 l&rsquo;ecz\u00e9ma atopique\u2022 Gr\u00e2ce\" \/>\r\n<meta property=\"og:url\" content=\"https:\/\/paracherkaoui.ma\/index.php\/produit\/ducray-dexyane-creme-emolliente-anti-grattage-200-ml\/\" \/>\r\n<meta property=\"og:site_name\" content=\"Paracherkaoui.ma\" \/>\r\n<meta property=\"article:modified_time\" content=\"2025-12-12T16:36:29+00:00\" \/>\r\n<meta property=\"og:image\" content=\"https:\/\/paracherkaoui.ma\/wp-content\/uploads\/2025\/12\/ducray-ducray-dexyane-creme-emolliente-anti-grattage-200-ml-hydratation-corps.jpg\" \/>\r\n\t<meta property=\"og:image:width\" content=\"700\" \/>\r\n\t<meta property=\"og:image:height\" content=\"700\" \/>\r\n\t<meta property=\"og:image:type\" content=\"image\/jpeg\" \/>\r\n<meta name=\"twitter:card\" content=\"summary_large_image\" \/>\r\n<meta name=\"twitter:label1\" content=\"Dur\u00e9e de lecture estim\u00e9e\" \/>\n\t<meta name=\"twitter:data1\" content=\"1 minute\" \/>\r\n<script type=\"application\/ld+json\" class=\"yoast-schema-graph\">{\"@context\":\"https:\/\/schema.org\",\"@graph\":[{\"@type\":\"WebPage\",\"@id\":\"https:\/\/paracherkaoui.ma\/index.php\/produit\/ducray-dexyane-creme-emolliente-anti-grattage-200-ml\/\",\"url\":\"https:\/\/paracherkaoui.ma\/index.php\/produit\/ducray-dexyane-creme-emolliente-anti-grattage-200-ml\/\",\"name\":\"DUCRAY DEXYANE CREME EMOLLIENTE ANTI GRATTAGE 200 ML - Paracherkaoui.ma\",\"isPartOf\":{\"@id\":\"https:\/\/paracherkaoui.ma\/#website\"},\"primaryImageOfPage\":{\"@id\":\"https:\/\/paracherkaoui.ma\/index.php\/produit\/ducray-dexyane-creme-emolliente-anti-grattage-200-ml\/#primaryimage\"},\"image\":{\"@id\":\"https:\/\/paracherkaoui.ma\/index.php\/produit\/ducray-dexyane-creme-emolliente-anti-grattage-200-ml\/#primaryimage\"},\"thumbnailUrl\":\"https:\/\/paracherkaoui.ma\/wp-content\/uploads\/2025\/12\/ducray-ducray-dexyane-creme-emolliente-anti-grattage-200-ml-hydratation-corps.jpg\",\"datePublished\":\"2025-12-12T16:36:25+00:00\",\"dateModified\":\"2025-12-12T16:36:29+00:00\",\"breadcrumb\":{\"@id\":\"https:\/\/paracherkaoui.ma\/index.php\/produit\/ducray-dexyane-creme-emolliente-anti-grattage-200-ml\/#breadcrumb\"},\"inLanguage\":\"fr-FR\",\"potentialAction\":[{\"@type\":\"ReadAction\",\"target\":[\"https:\/\/paracherkaoui.ma\/index.php\/produit\/ducray-dexyane-creme-emolliente-anti-grattage-200-ml\/\"]}]},{\"@type\":\"ImageObject\",\"inLanguage\":\"fr-FR\",\"@id\":\"https:\/\/paracherkaoui.ma\/index.php\/produit\/ducray-dexyane-creme-emolliente-anti-grattage-200-ml\/#primaryimage\",\"url\":\"https:\/\/paracherkaoui.ma\/wp-content\/uploads\/2025\/12\/ducray-ducray-dexyane-creme-emolliente-anti-grattage-200-ml-hydratation-corps.jpg\",\"contentUrl\":\"https:\/\/paracherkaoui.ma\/wp-content\/uploads\/2025\/12\/ducray-ducray-dexyane-creme-emolliente-anti-grattage-200-ml-hydratation-corps.jpg\",\"width\":700,\"height\":700},{\"@type\":\"BreadcrumbList\",\"@id\":\"https:\/\/paracherkaoui.ma\/index.php\/produit\/ducray-dexyane-creme-emolliente-anti-grattage-200-ml\/#breadcrumb\",\"itemListElement\":[{\"@type\":\"ListItem\",\"position\":1,\"name\":\"Accueil\",\"item\":\"https:\/\/paracherkaoui.ma\/\"},{\"@type\":\"ListItem\",\"position\":2,\"name\":\"Boutique\",\"item\":\"https:\/\/paracherkaoui.ma\/index.php\/boutique\/\"},{\"@type\":\"ListItem\",\"position\":3,\"name\":\"DUCRAY DEXYANE CREME EMOLLIENTE ANTI GRATTAGE 200 ML\"}]},{\"@type\":\"WebSite\",\"@id\":\"https:\/\/paracherkaoui.ma\/#website\",\"url\":\"https:\/\/paracherkaoui.ma\/\",\"name\":\"Paracherkaoui.ma\",\"description\":\"Achetez en ligne sur Paracherkaoui.ma\",\"potentialAction\":[{\"@type\":\"SearchAction\",\"target\":{\"@type\":\"EntryPoint\",\"urlTemplate\":\"https:\/\/paracherkaoui.ma\/?s={search_term_string}\"},\"query-input\":{\"@type\":\"PropertyValueSpecification\",\"valueRequired\":true,\"valueName\":\"search_term_string\"}}],\"inLanguage\":\"fr-FR\"}]}<\/script>\r\n<!-- \/ Yoast SEO plugin. -->","yoast_head_json":{"title":"DUCRAY DEXYANE CREME EMOLLIENTE ANTI GRATTAGE 200 ML - Paracherkaoui.ma","robots":{"index":"index","follow":"follow","max-snippet":"max-snippet:-1","max-image-preview":"max-image-preview:large","max-video-preview":"max-video-preview:-1"},"canonical":"https:\/\/paracherkaoui.ma\/index.php\/produit\/ducray-dexyane-creme-emolliente-anti-grattage-200-ml\/","og_locale":"fr_FR","og_type":"article","og_title":"DUCRAY DEXYANE CREME EMOLLIENTE ANTI GRATTAGE 200 ML - Paracherkaoui.ma","og_description":"La cr\u00e8me \u00e9molliente anti-grattage DEXYANE est un soin hydratant quotidien pour les peaux tr\u00e8s s\u00e8ches sujettes \u00e0 l&rsquo;ecz\u00e9ma atopique\u2022 Gr\u00e2ce","og_url":"https:\/\/paracherkaoui.ma\/index.php\/produit\/ducray-dexyane-creme-emolliente-anti-grattage-200-ml\/","og_site_name":"Paracherkaoui.ma","article_modified_time":"2025-12-12T16:36:29+00:00","og_image":[{"width":700,"height":700,"url":"https:\/\/paracherkaoui.ma\/wp-content\/uploads\/2025\/12\/ducray-ducray-dexyane-creme-emolliente-anti-grattage-200-ml-hydratation-corps.jpg","type":"image\/jpeg"}],"twitter_card":"summary_large_image","twitter_misc":{"Dur\u00e9e de lecture estim\u00e9e":"1 minute"},"schema":{"@context":"https:\/\/schema.org","@graph":[{"@type":"WebPage","@id":"https:\/\/paracherkaoui.ma\/index.php\/produit\/ducray-dexyane-creme-emolliente-anti-grattage-200-ml\/","url":"https:\/\/paracherkaoui.ma\/index.php\/produit\/ducray-dexyane-creme-emolliente-anti-grattage-200-ml\/","name":"DUCRAY DEXYANE CREME EMOLLIENTE ANTI GRATTAGE 200 ML - Paracherkaoui.ma","isPartOf":{"@id":"https:\/\/paracherkaoui.ma\/#website"},"primaryImageOfPage":{"@id":"https:\/\/paracherkaoui.ma\/index.php\/produit\/ducray-dexyane-creme-emolliente-anti-grattage-200-ml\/#primaryimage"},"image":{"@id":"https:\/\/paracherkaoui.ma\/index.php\/produit\/ducray-dexyane-creme-emolliente-anti-grattage-200-ml\/#primaryimage"},"thumbnailUrl":"https:\/\/paracherkaoui.ma\/wp-content\/uploads\/2025\/12\/ducray-ducray-dexyane-creme-emolliente-anti-grattage-200-ml-hydratation-corps.jpg","datePublished":"2025-12-12T16:36:25+00:00","dateModified":"2025-12-12T16:36:29+00:00","breadcrumb":{"@id":"https:\/\/paracherkaoui.ma\/index.php\/produit\/ducray-dexyane-creme-emolliente-anti-grattage-200-ml\/#breadcrumb"},"inLanguage":"fr-FR","potentialAction":[{"@type":"ReadAction","target":["https:\/\/paracherkaoui.ma\/index.php\/produit\/ducray-dexyane-creme-emolliente-anti-grattage-200-ml\/"]}]},{"@type":"ImageObject","inLanguage":"fr-FR","@id":"https:\/\/paracherkaoui.ma\/index.php\/produit\/ducray-dexyane-creme-emolliente-anti-grattage-200-ml\/#primaryimage","url":"https:\/\/paracherkaoui.ma\/wp-content\/uploads\/2025\/12\/ducray-ducray-dexyane-creme-emolliente-anti-grattage-200-ml-hydratation-corps.jpg","contentUrl":"https:\/\/paracherkaoui.ma\/wp-content\/uploads\/2025\/12\/ducray-ducray-dexyane-creme-emolliente-anti-grattage-200-ml-hydratation-corps.jpg","width":700,"height":700},{"@type":"BreadcrumbList","@id":"https:\/\/paracherkaoui.ma\/index.php\/produit\/ducray-dexyane-creme-emolliente-anti-grattage-200-ml\/#breadcrumb","itemListElement":[{"@type":"ListItem","position":1,"name":"Accueil","item":"https:\/\/paracherkaoui.ma\/"},{"@type":"ListItem","position":2,"name":"Boutique","item":"https:\/\/paracherkaoui.ma\/index.php\/boutique\/"},{"@type":"ListItem","position":3,"name":"DUCRAY DEXYANE CREME EMOLLIENTE ANTI GRATTAGE 200 ML"}]},{"@type":"WebSite","@id":"https:\/\/paracherkaoui.ma\/#website","url":"https:\/\/paracherkaoui.ma\/","name":"Paracherkaoui.ma","description":"Achetez en ligne sur Paracherkaoui.ma","potentialAction":[{"@type":"SearchAction","target":{"@type":"EntryPoint","urlTemplate":"https:\/\/paracherkaoui.ma\/?s={search_term_string}"},"query-input":{"@type":"PropertyValueSpecification","valueRequired":true,"valueName":"search_term_string"}}],"inLanguage":"fr-FR"}]}},"_links":{"self":[{"href":"https:\/\/paracherkaoui.ma\/index.php\/wp-json\/wp\/v2\/product\/11195","targetHints":{"allow":["GET"]}}],"collection":[{"href":"https:\/\/paracherkaoui.ma\/index.php\/wp-json\/wp\/v2\/product"}],"about":[{"href":"https:\/\/paracherkaoui.ma\/index.php\/wp-json\/wp\/v2\/types\/product"}],"replies":[{"embeddable":true,"href":"https:\/\/paracherkaoui.ma\/index.php\/wp-json\/wp\/v2\/comments?post=11195"}],"version-history":[{"count":1,"href":"https:\/\/paracherkaoui.ma\/index.php\/wp-json\/wp\/v2\/product\/11195\/revisions"}],"predecessor-version":[{"id":11247,"href":"https:\/\/paracherkaoui.ma\/index.php\/wp-json\/wp\/v2\/product\/11195\/revisions\/11247"}],"wp:featuredmedia":[{"embeddable":true,"href":"https:\/\/paracherkaoui.ma\/index.php\/wp-json\/wp\/v2\/media\/11246"}],"wp:attachment":[{"href":"https:\/\/paracherkaoui.ma\/index.php\/wp-json\/wp\/v2\/media?parent=11195"}],"wp:term":[{"taxonomy":"product_brand","embeddable":true,"href":"https:\/\/paracherkaoui.ma\/index.php\/wp-json\/wp\/v2\/product_brand?post=11195"},{"taxonomy":"product_cat","embeddable":true,"href":"https:\/\/paracherkaoui.ma\/index.php\/wp-json\/wp\/v2\/product_cat?post=11195"},{"taxonomy":"product_tag","embeddable":true,"href":"https:\/\/paracherkaoui.ma\/index.php\/wp-json\/wp\/v2\/product_tag?post=11195"}],"curies":[{"name":"wp","href":"https:\/\/api.w.org\/{rel}","templated":true}]}}