{"id":11189,"date":"2025-12-12T17:36:25","date_gmt":"2025-12-12T16:36:25","guid":{"rendered":"https:\/\/test.ecbeaute.com\/?post_type=product&#038;p=11189"},"modified":"2025-12-12T17:36:28","modified_gmt":"2025-12-12T16:36:28","slug":"eucerin-urea-repair-creme-visage-peau-seche-5-duree-50-ml","status":"publish","type":"product","link":"https:\/\/paracherkaoui.ma\/index.php\/produit\/eucerin-urea-repair-creme-visage-peau-seche-5-duree-50-ml\/","title":{"rendered":"EUCERIN UREA REPAIR CREME VISAGE PEAU SECHE 5 % D&rsquo;UREE 50 ML"},"content":{"rendered":"<p>Sa formule enrichie \u00e0 5 % d\u2019ur\u00e9e, un actif hydratant de r\u00e9f\u00e9rence, agit en synergie avec d\u2019autres agents naturels d\u2019hydratation comme la glyc\u00e9rine, le lactate de sodium et le sodium PCA pour restaurer l\u2019\u00e9quilibre hydrolipidique de la peau. D\u00e8s la premi\u00e8re application, la peau est apais\u00e9e, nourrie en profondeur, et retrouve toute sa souplesse.<br \/>\nGr\u00e2ce \u00e0 l\u2019association de c\u00e9ramides, d\u2019acides amin\u00e9s essentiels et de lipides biomim\u00e9tiques, cette cr\u00e8me renforce la barri\u00e8re cutan\u00e9e, limitant ainsi la perte insensible en eau. Sa texture fondante p\u00e9n\u00e8tre rapidement sans laisser de film gras, ce qui en fait un soin id\u00e9al au quotidien, en base de maquillage ou en cr\u00e8me de nuit.<br \/>\nFormul\u00e9e sans parfum et test\u00e9e dermatologiquement, elle convient parfaitement aux peaux sensibles ou sujettes \u00e0 des troubles cutan\u00e9s comme la dermatite atopique ou le psoriasis.<br \/>\nConseils d\u2019utilisation<br \/>\nAppliquer matin et\/ou soir sur une peau propre et s\u00e8che.<br \/>\nMasser d\u00e9licatement sur le visage et le cou jusqu\u2019\u00e0 absorption compl\u00e8te.<br \/>\nPeut \u00eatre utilis\u00e9e en compl\u00e9ment de traitements dermatologiques dess\u00e9chants.<br \/>\nComposition<br \/>\nAqua, Glycerin, Urea, Caprylic\/Capric Triglyceride, Pentaerythrityl Tetraisostearate, Cetearyl Alcohol, Glyceryl Stearate, Sodium Lactate, Hydroxypropyl Starch Phosphate, Ceramide NP, Lactic Acid, Tocopherol, Cholesterol, Alanine, Carnitine, Glycine, Sodium PCA, Arginine HCl, Phytosphingosine, Potassium Cetyl Phosphate, Oleic Acid, Xanthan Gum, 1,2-Hexanediol, Phenoxyethanol, Sodium Chloride<\/p>\n","protected":false},"excerpt":{"rendered":"<p>Sa formule enrichie \u00e0 5 % d\u2019ur\u00e9e, un actif hydratant de r\u00e9f\u00e9rence, agit en synergie avec d\u2019autres agents naturels d\u2019hydratation<\/p>\n","protected":false},"featured_media":11234,"comment_status":"open","ping_status":"closed","template":"","meta":[],"product_brand":[134],"product_cat":[148],"product_tag":[],"class_list":{"0":"post-11189","1":"product","2":"type-product","3":"status-publish","4":"has-post-thumbnail","6":"product_brand-eucerin","7":"product_cat-peau-seche","9":"first","10":"instock","11":"sale","12":"shipping-taxable","13":"purchasable","14":"product-type-simple"},"yoast_head":"<!-- This site is optimized with the Yoast SEO plugin v26.6 - https:\/\/yoast.com\/wordpress\/plugins\/seo\/ -->\r\n<title>EUCERIN UREA REPAIR CREME VISAGE PEAU SECHE 5 % D&#039;UREE 50 ML - Paracherkaoui.ma<\/title>\r\n<meta name=\"robots\" content=\"index, follow, max-snippet:-1, max-image-preview:large, max-video-preview:-1\" \/>\r\n<link rel=\"canonical\" href=\"https:\/\/paracherkaoui.ma\/index.php\/produit\/eucerin-urea-repair-creme-visage-peau-seche-5-duree-50-ml\/\" \/>\r\n<meta property=\"og:locale\" content=\"fr_FR\" \/>\r\n<meta property=\"og:type\" content=\"article\" \/>\r\n<meta property=\"og:title\" content=\"EUCERIN UREA REPAIR CREME VISAGE PEAU SECHE 5 % D&#039;UREE 50 ML - Paracherkaoui.ma\" \/>\r\n<meta property=\"og:description\" content=\"Sa formule enrichie \u00e0 5 % d\u2019ur\u00e9e, un actif hydratant de r\u00e9f\u00e9rence, agit en synergie avec d\u2019autres agents naturels d\u2019hydratation\" \/>\r\n<meta property=\"og:url\" content=\"https:\/\/paracherkaoui.ma\/index.php\/produit\/eucerin-urea-repair-creme-visage-peau-seche-5-duree-50-ml\/\" \/>\r\n<meta property=\"og:site_name\" content=\"Paracherkaoui.ma\" \/>\r\n<meta property=\"article:modified_time\" content=\"2025-12-12T16:36:28+00:00\" \/>\r\n<meta property=\"og:image\" content=\"https:\/\/paracherkaoui.ma\/wp-content\/uploads\/2025\/12\/eucerin-eucerin-urea-repair-creme-visage-peau-seche-5-duree-50-ml-cremes-jour.jpg\" \/>\r\n\t<meta property=\"og:image:width\" content=\"700\" \/>\r\n\t<meta property=\"og:image:height\" content=\"700\" \/>\r\n\t<meta property=\"og:image:type\" content=\"image\/jpeg\" \/>\r\n<meta name=\"twitter:card\" content=\"summary_large_image\" \/>\r\n<meta name=\"twitter:label1\" content=\"Dur\u00e9e de lecture estim\u00e9e\" \/>\n\t<meta name=\"twitter:data1\" content=\"1 minute\" \/>\r\n<script type=\"application\/ld+json\" class=\"yoast-schema-graph\">{\"@context\":\"https:\/\/schema.org\",\"@graph\":[{\"@type\":\"WebPage\",\"@id\":\"https:\/\/paracherkaoui.ma\/index.php\/produit\/eucerin-urea-repair-creme-visage-peau-seche-5-duree-50-ml\/\",\"url\":\"https:\/\/paracherkaoui.ma\/index.php\/produit\/eucerin-urea-repair-creme-visage-peau-seche-5-duree-50-ml\/\",\"name\":\"EUCERIN UREA REPAIR CREME VISAGE PEAU SECHE 5 % D'UREE 50 ML - Paracherkaoui.ma\",\"isPartOf\":{\"@id\":\"https:\/\/paracherkaoui.ma\/#website\"},\"primaryImageOfPage\":{\"@id\":\"https:\/\/paracherkaoui.ma\/index.php\/produit\/eucerin-urea-repair-creme-visage-peau-seche-5-duree-50-ml\/#primaryimage\"},\"image\":{\"@id\":\"https:\/\/paracherkaoui.ma\/index.php\/produit\/eucerin-urea-repair-creme-visage-peau-seche-5-duree-50-ml\/#primaryimage\"},\"thumbnailUrl\":\"https:\/\/paracherkaoui.ma\/wp-content\/uploads\/2025\/12\/eucerin-eucerin-urea-repair-creme-visage-peau-seche-5-duree-50-ml-cremes-jour.jpg\",\"datePublished\":\"2025-12-12T16:36:25+00:00\",\"dateModified\":\"2025-12-12T16:36:28+00:00\",\"breadcrumb\":{\"@id\":\"https:\/\/paracherkaoui.ma\/index.php\/produit\/eucerin-urea-repair-creme-visage-peau-seche-5-duree-50-ml\/#breadcrumb\"},\"inLanguage\":\"fr-FR\",\"potentialAction\":[{\"@type\":\"ReadAction\",\"target\":[\"https:\/\/paracherkaoui.ma\/index.php\/produit\/eucerin-urea-repair-creme-visage-peau-seche-5-duree-50-ml\/\"]}]},{\"@type\":\"ImageObject\",\"inLanguage\":\"fr-FR\",\"@id\":\"https:\/\/paracherkaoui.ma\/index.php\/produit\/eucerin-urea-repair-creme-visage-peau-seche-5-duree-50-ml\/#primaryimage\",\"url\":\"https:\/\/paracherkaoui.ma\/wp-content\/uploads\/2025\/12\/eucerin-eucerin-urea-repair-creme-visage-peau-seche-5-duree-50-ml-cremes-jour.jpg\",\"contentUrl\":\"https:\/\/paracherkaoui.ma\/wp-content\/uploads\/2025\/12\/eucerin-eucerin-urea-repair-creme-visage-peau-seche-5-duree-50-ml-cremes-jour.jpg\",\"width\":700,\"height\":700},{\"@type\":\"BreadcrumbList\",\"@id\":\"https:\/\/paracherkaoui.ma\/index.php\/produit\/eucerin-urea-repair-creme-visage-peau-seche-5-duree-50-ml\/#breadcrumb\",\"itemListElement\":[{\"@type\":\"ListItem\",\"position\":1,\"name\":\"Accueil\",\"item\":\"https:\/\/paracherkaoui.ma\/\"},{\"@type\":\"ListItem\",\"position\":2,\"name\":\"Boutique\",\"item\":\"https:\/\/paracherkaoui.ma\/index.php\/boutique\/\"},{\"@type\":\"ListItem\",\"position\":3,\"name\":\"EUCERIN UREA REPAIR CREME VISAGE PEAU SECHE 5 % D&rsquo;UREE 50 ML\"}]},{\"@type\":\"WebSite\",\"@id\":\"https:\/\/paracherkaoui.ma\/#website\",\"url\":\"https:\/\/paracherkaoui.ma\/\",\"name\":\"Paracherkaoui.ma\",\"description\":\"Achetez en ligne sur Paracherkaoui.ma\",\"potentialAction\":[{\"@type\":\"SearchAction\",\"target\":{\"@type\":\"EntryPoint\",\"urlTemplate\":\"https:\/\/paracherkaoui.ma\/?s={search_term_string}\"},\"query-input\":{\"@type\":\"PropertyValueSpecification\",\"valueRequired\":true,\"valueName\":\"search_term_string\"}}],\"inLanguage\":\"fr-FR\"}]}<\/script>\r\n<!-- \/ Yoast SEO plugin. -->","yoast_head_json":{"title":"EUCERIN UREA REPAIR CREME VISAGE PEAU SECHE 5 % D'UREE 50 ML - Paracherkaoui.ma","robots":{"index":"index","follow":"follow","max-snippet":"max-snippet:-1","max-image-preview":"max-image-preview:large","max-video-preview":"max-video-preview:-1"},"canonical":"https:\/\/paracherkaoui.ma\/index.php\/produit\/eucerin-urea-repair-creme-visage-peau-seche-5-duree-50-ml\/","og_locale":"fr_FR","og_type":"article","og_title":"EUCERIN UREA REPAIR CREME VISAGE PEAU SECHE 5 % D'UREE 50 ML - Paracherkaoui.ma","og_description":"Sa formule enrichie \u00e0 5 % d\u2019ur\u00e9e, un actif hydratant de r\u00e9f\u00e9rence, agit en synergie avec d\u2019autres agents naturels d\u2019hydratation","og_url":"https:\/\/paracherkaoui.ma\/index.php\/produit\/eucerin-urea-repair-creme-visage-peau-seche-5-duree-50-ml\/","og_site_name":"Paracherkaoui.ma","article_modified_time":"2025-12-12T16:36:28+00:00","og_image":[{"width":700,"height":700,"url":"https:\/\/paracherkaoui.ma\/wp-content\/uploads\/2025\/12\/eucerin-eucerin-urea-repair-creme-visage-peau-seche-5-duree-50-ml-cremes-jour.jpg","type":"image\/jpeg"}],"twitter_card":"summary_large_image","twitter_misc":{"Dur\u00e9e de lecture estim\u00e9e":"1 minute"},"schema":{"@context":"https:\/\/schema.org","@graph":[{"@type":"WebPage","@id":"https:\/\/paracherkaoui.ma\/index.php\/produit\/eucerin-urea-repair-creme-visage-peau-seche-5-duree-50-ml\/","url":"https:\/\/paracherkaoui.ma\/index.php\/produit\/eucerin-urea-repair-creme-visage-peau-seche-5-duree-50-ml\/","name":"EUCERIN UREA REPAIR CREME VISAGE PEAU SECHE 5 % D'UREE 50 ML - Paracherkaoui.ma","isPartOf":{"@id":"https:\/\/paracherkaoui.ma\/#website"},"primaryImageOfPage":{"@id":"https:\/\/paracherkaoui.ma\/index.php\/produit\/eucerin-urea-repair-creme-visage-peau-seche-5-duree-50-ml\/#primaryimage"},"image":{"@id":"https:\/\/paracherkaoui.ma\/index.php\/produit\/eucerin-urea-repair-creme-visage-peau-seche-5-duree-50-ml\/#primaryimage"},"thumbnailUrl":"https:\/\/paracherkaoui.ma\/wp-content\/uploads\/2025\/12\/eucerin-eucerin-urea-repair-creme-visage-peau-seche-5-duree-50-ml-cremes-jour.jpg","datePublished":"2025-12-12T16:36:25+00:00","dateModified":"2025-12-12T16:36:28+00:00","breadcrumb":{"@id":"https:\/\/paracherkaoui.ma\/index.php\/produit\/eucerin-urea-repair-creme-visage-peau-seche-5-duree-50-ml\/#breadcrumb"},"inLanguage":"fr-FR","potentialAction":[{"@type":"ReadAction","target":["https:\/\/paracherkaoui.ma\/index.php\/produit\/eucerin-urea-repair-creme-visage-peau-seche-5-duree-50-ml\/"]}]},{"@type":"ImageObject","inLanguage":"fr-FR","@id":"https:\/\/paracherkaoui.ma\/index.php\/produit\/eucerin-urea-repair-creme-visage-peau-seche-5-duree-50-ml\/#primaryimage","url":"https:\/\/paracherkaoui.ma\/wp-content\/uploads\/2025\/12\/eucerin-eucerin-urea-repair-creme-visage-peau-seche-5-duree-50-ml-cremes-jour.jpg","contentUrl":"https:\/\/paracherkaoui.ma\/wp-content\/uploads\/2025\/12\/eucerin-eucerin-urea-repair-creme-visage-peau-seche-5-duree-50-ml-cremes-jour.jpg","width":700,"height":700},{"@type":"BreadcrumbList","@id":"https:\/\/paracherkaoui.ma\/index.php\/produit\/eucerin-urea-repair-creme-visage-peau-seche-5-duree-50-ml\/#breadcrumb","itemListElement":[{"@type":"ListItem","position":1,"name":"Accueil","item":"https:\/\/paracherkaoui.ma\/"},{"@type":"ListItem","position":2,"name":"Boutique","item":"https:\/\/paracherkaoui.ma\/index.php\/boutique\/"},{"@type":"ListItem","position":3,"name":"EUCERIN UREA REPAIR CREME VISAGE PEAU SECHE 5 % D&rsquo;UREE 50 ML"}]},{"@type":"WebSite","@id":"https:\/\/paracherkaoui.ma\/#website","url":"https:\/\/paracherkaoui.ma\/","name":"Paracherkaoui.ma","description":"Achetez en ligne sur Paracherkaoui.ma","potentialAction":[{"@type":"SearchAction","target":{"@type":"EntryPoint","urlTemplate":"https:\/\/paracherkaoui.ma\/?s={search_term_string}"},"query-input":{"@type":"PropertyValueSpecification","valueRequired":true,"valueName":"search_term_string"}}],"inLanguage":"fr-FR"}]}},"_links":{"self":[{"href":"https:\/\/paracherkaoui.ma\/index.php\/wp-json\/wp\/v2\/product\/11189","targetHints":{"allow":["GET"]}}],"collection":[{"href":"https:\/\/paracherkaoui.ma\/index.php\/wp-json\/wp\/v2\/product"}],"about":[{"href":"https:\/\/paracherkaoui.ma\/index.php\/wp-json\/wp\/v2\/types\/product"}],"replies":[{"embeddable":true,"href":"https:\/\/paracherkaoui.ma\/index.php\/wp-json\/wp\/v2\/comments?post=11189"}],"version-history":[{"count":1,"href":"https:\/\/paracherkaoui.ma\/index.php\/wp-json\/wp\/v2\/product\/11189\/revisions"}],"predecessor-version":[{"id":11235,"href":"https:\/\/paracherkaoui.ma\/index.php\/wp-json\/wp\/v2\/product\/11189\/revisions\/11235"}],"wp:featuredmedia":[{"embeddable":true,"href":"https:\/\/paracherkaoui.ma\/index.php\/wp-json\/wp\/v2\/media\/11234"}],"wp:attachment":[{"href":"https:\/\/paracherkaoui.ma\/index.php\/wp-json\/wp\/v2\/media?parent=11189"}],"wp:term":[{"taxonomy":"product_brand","embeddable":true,"href":"https:\/\/paracherkaoui.ma\/index.php\/wp-json\/wp\/v2\/product_brand?post=11189"},{"taxonomy":"product_cat","embeddable":true,"href":"https:\/\/paracherkaoui.ma\/index.php\/wp-json\/wp\/v2\/product_cat?post=11189"},{"taxonomy":"product_tag","embeddable":true,"href":"https:\/\/paracherkaoui.ma\/index.php\/wp-json\/wp\/v2\/product_tag?post=11189"}],"curies":[{"name":"wp","href":"https:\/\/api.w.org\/{rel}","templated":true}]}}