{"id":11186,"date":"2025-12-12T17:36:24","date_gmt":"2025-12-12T16:36:24","guid":{"rendered":"https:\/\/test.ecbeaute.com\/?post_type=product&#038;p=11186"},"modified":"2025-12-12T17:36:28","modified_gmt":"2025-12-12T16:36:28","slug":"ducray-ictyane-hydra-creme-legere-visage-40-ml","status":"publish","type":"product","link":"https:\/\/paracherkaoui.ma\/index.php\/produit\/ducray-ictyane-hydra-creme-legere-visage-40-ml\/","title":{"rendered":"DUCRAY ICTYANE HYDRA CREME LEGERE VISAGE 40 ML"},"content":{"rendered":"<p>La cr\u00e8me l\u00e9g\u00e8re visage ICTYANE HYDRA est un soin hydratant \u00e0 destination des peaux normales \u00e0 s\u00e8ches\u2022 Elle hydrate durablement la peau tout au long de la journ\u00e9e \u2022 Une texture cr\u00e8me l\u00e9g\u00e8re fra\u00eeche et fondante qui p\u00e9n\u00e8tre rapidement sans laisser d&rsquo;effet gras \u2022 Hydrat\u00e9e, la peau retrouve toute sa douceur et sa souplesse<br \/>\nConseils d&rsquo;utilisation:<br \/>\nAppliquer matin et\/ou soir sur le visage et le cou\u2022 Eviter le contact avec les yeux<\/p>\n","protected":false},"excerpt":{"rendered":"<p>La cr\u00e8me l\u00e9g\u00e8re visage ICTYANE HYDRA est un soin hydratant \u00e0 destination des peaux normales \u00e0 s\u00e8ches\u2022 Elle hydrate durablement<\/p>\n","protected":false},"featured_media":11228,"comment_status":"open","ping_status":"closed","template":"","meta":[],"product_brand":[138],"product_cat":[148],"product_tag":[],"class_list":{"0":"post-11186","1":"product","2":"type-product","3":"status-publish","4":"has-post-thumbnail","6":"product_brand-ducray","7":"product_cat-peau-seche","9":"first","10":"instock","11":"sale","12":"shipping-taxable","13":"purchasable","14":"product-type-simple"},"yoast_head":"<!-- This site is optimized with the Yoast SEO plugin v26.6 - https:\/\/yoast.com\/wordpress\/plugins\/seo\/ -->\r\n<title>DUCRAY ICTYANE HYDRA CREME LEGERE VISAGE 40 ML - Paracherkaoui.ma<\/title>\r\n<meta name=\"robots\" content=\"index, follow, max-snippet:-1, max-image-preview:large, max-video-preview:-1\" \/>\r\n<link rel=\"canonical\" href=\"https:\/\/paracherkaoui.ma\/index.php\/produit\/ducray-ictyane-hydra-creme-legere-visage-40-ml\/\" \/>\r\n<meta property=\"og:locale\" content=\"fr_FR\" \/>\r\n<meta property=\"og:type\" content=\"article\" \/>\r\n<meta property=\"og:title\" content=\"DUCRAY ICTYANE HYDRA CREME LEGERE VISAGE 40 ML - Paracherkaoui.ma\" \/>\r\n<meta property=\"og:description\" content=\"La cr\u00e8me l\u00e9g\u00e8re visage ICTYANE HYDRA est un soin hydratant \u00e0 destination des peaux normales \u00e0 s\u00e8ches\u2022 Elle hydrate durablement\" \/>\r\n<meta property=\"og:url\" content=\"https:\/\/paracherkaoui.ma\/index.php\/produit\/ducray-ictyane-hydra-creme-legere-visage-40-ml\/\" \/>\r\n<meta property=\"og:site_name\" content=\"Paracherkaoui.ma\" \/>\r\n<meta property=\"article:modified_time\" content=\"2025-12-12T16:36:28+00:00\" \/>\r\n<meta property=\"og:image\" content=\"https:\/\/paracherkaoui.ma\/wp-content\/uploads\/2025\/12\/ducray-ducray-ictyane-hydra-creme-legere-visage-40-ml-cremes-jour.jpg\" \/>\r\n\t<meta property=\"og:image:width\" content=\"700\" \/>\r\n\t<meta property=\"og:image:height\" content=\"700\" \/>\r\n\t<meta property=\"og:image:type\" content=\"image\/jpeg\" \/>\r\n<meta name=\"twitter:card\" content=\"summary_large_image\" \/>\r\n<script type=\"application\/ld+json\" class=\"yoast-schema-graph\">{\"@context\":\"https:\/\/schema.org\",\"@graph\":[{\"@type\":\"WebPage\",\"@id\":\"https:\/\/paracherkaoui.ma\/index.php\/produit\/ducray-ictyane-hydra-creme-legere-visage-40-ml\/\",\"url\":\"https:\/\/paracherkaoui.ma\/index.php\/produit\/ducray-ictyane-hydra-creme-legere-visage-40-ml\/\",\"name\":\"DUCRAY ICTYANE HYDRA CREME LEGERE VISAGE 40 ML - Paracherkaoui.ma\",\"isPartOf\":{\"@id\":\"https:\/\/paracherkaoui.ma\/#website\"},\"primaryImageOfPage\":{\"@id\":\"https:\/\/paracherkaoui.ma\/index.php\/produit\/ducray-ictyane-hydra-creme-legere-visage-40-ml\/#primaryimage\"},\"image\":{\"@id\":\"https:\/\/paracherkaoui.ma\/index.php\/produit\/ducray-ictyane-hydra-creme-legere-visage-40-ml\/#primaryimage\"},\"thumbnailUrl\":\"https:\/\/paracherkaoui.ma\/wp-content\/uploads\/2025\/12\/ducray-ducray-ictyane-hydra-creme-legere-visage-40-ml-cremes-jour.jpg\",\"datePublished\":\"2025-12-12T16:36:24+00:00\",\"dateModified\":\"2025-12-12T16:36:28+00:00\",\"breadcrumb\":{\"@id\":\"https:\/\/paracherkaoui.ma\/index.php\/produit\/ducray-ictyane-hydra-creme-legere-visage-40-ml\/#breadcrumb\"},\"inLanguage\":\"fr-FR\",\"potentialAction\":[{\"@type\":\"ReadAction\",\"target\":[\"https:\/\/paracherkaoui.ma\/index.php\/produit\/ducray-ictyane-hydra-creme-legere-visage-40-ml\/\"]}]},{\"@type\":\"ImageObject\",\"inLanguage\":\"fr-FR\",\"@id\":\"https:\/\/paracherkaoui.ma\/index.php\/produit\/ducray-ictyane-hydra-creme-legere-visage-40-ml\/#primaryimage\",\"url\":\"https:\/\/paracherkaoui.ma\/wp-content\/uploads\/2025\/12\/ducray-ducray-ictyane-hydra-creme-legere-visage-40-ml-cremes-jour.jpg\",\"contentUrl\":\"https:\/\/paracherkaoui.ma\/wp-content\/uploads\/2025\/12\/ducray-ducray-ictyane-hydra-creme-legere-visage-40-ml-cremes-jour.jpg\",\"width\":700,\"height\":700},{\"@type\":\"BreadcrumbList\",\"@id\":\"https:\/\/paracherkaoui.ma\/index.php\/produit\/ducray-ictyane-hydra-creme-legere-visage-40-ml\/#breadcrumb\",\"itemListElement\":[{\"@type\":\"ListItem\",\"position\":1,\"name\":\"Accueil\",\"item\":\"https:\/\/paracherkaoui.ma\/\"},{\"@type\":\"ListItem\",\"position\":2,\"name\":\"Boutique\",\"item\":\"https:\/\/paracherkaoui.ma\/index.php\/boutique\/\"},{\"@type\":\"ListItem\",\"position\":3,\"name\":\"DUCRAY ICTYANE HYDRA CREME LEGERE VISAGE 40 ML\"}]},{\"@type\":\"WebSite\",\"@id\":\"https:\/\/paracherkaoui.ma\/#website\",\"url\":\"https:\/\/paracherkaoui.ma\/\",\"name\":\"Paracherkaoui.ma\",\"description\":\"Achetez en ligne sur Paracherkaoui.ma\",\"potentialAction\":[{\"@type\":\"SearchAction\",\"target\":{\"@type\":\"EntryPoint\",\"urlTemplate\":\"https:\/\/paracherkaoui.ma\/?s={search_term_string}\"},\"query-input\":{\"@type\":\"PropertyValueSpecification\",\"valueRequired\":true,\"valueName\":\"search_term_string\"}}],\"inLanguage\":\"fr-FR\"}]}<\/script>\r\n<!-- \/ Yoast SEO plugin. -->","yoast_head_json":{"title":"DUCRAY ICTYANE HYDRA CREME LEGERE VISAGE 40 ML - Paracherkaoui.ma","robots":{"index":"index","follow":"follow","max-snippet":"max-snippet:-1","max-image-preview":"max-image-preview:large","max-video-preview":"max-video-preview:-1"},"canonical":"https:\/\/paracherkaoui.ma\/index.php\/produit\/ducray-ictyane-hydra-creme-legere-visage-40-ml\/","og_locale":"fr_FR","og_type":"article","og_title":"DUCRAY ICTYANE HYDRA CREME LEGERE VISAGE 40 ML - Paracherkaoui.ma","og_description":"La cr\u00e8me l\u00e9g\u00e8re visage ICTYANE HYDRA est un soin hydratant \u00e0 destination des peaux normales \u00e0 s\u00e8ches\u2022 Elle hydrate durablement","og_url":"https:\/\/paracherkaoui.ma\/index.php\/produit\/ducray-ictyane-hydra-creme-legere-visage-40-ml\/","og_site_name":"Paracherkaoui.ma","article_modified_time":"2025-12-12T16:36:28+00:00","og_image":[{"width":700,"height":700,"url":"https:\/\/paracherkaoui.ma\/wp-content\/uploads\/2025\/12\/ducray-ducray-ictyane-hydra-creme-legere-visage-40-ml-cremes-jour.jpg","type":"image\/jpeg"}],"twitter_card":"summary_large_image","schema":{"@context":"https:\/\/schema.org","@graph":[{"@type":"WebPage","@id":"https:\/\/paracherkaoui.ma\/index.php\/produit\/ducray-ictyane-hydra-creme-legere-visage-40-ml\/","url":"https:\/\/paracherkaoui.ma\/index.php\/produit\/ducray-ictyane-hydra-creme-legere-visage-40-ml\/","name":"DUCRAY ICTYANE HYDRA CREME LEGERE VISAGE 40 ML - Paracherkaoui.ma","isPartOf":{"@id":"https:\/\/paracherkaoui.ma\/#website"},"primaryImageOfPage":{"@id":"https:\/\/paracherkaoui.ma\/index.php\/produit\/ducray-ictyane-hydra-creme-legere-visage-40-ml\/#primaryimage"},"image":{"@id":"https:\/\/paracherkaoui.ma\/index.php\/produit\/ducray-ictyane-hydra-creme-legere-visage-40-ml\/#primaryimage"},"thumbnailUrl":"https:\/\/paracherkaoui.ma\/wp-content\/uploads\/2025\/12\/ducray-ducray-ictyane-hydra-creme-legere-visage-40-ml-cremes-jour.jpg","datePublished":"2025-12-12T16:36:24+00:00","dateModified":"2025-12-12T16:36:28+00:00","breadcrumb":{"@id":"https:\/\/paracherkaoui.ma\/index.php\/produit\/ducray-ictyane-hydra-creme-legere-visage-40-ml\/#breadcrumb"},"inLanguage":"fr-FR","potentialAction":[{"@type":"ReadAction","target":["https:\/\/paracherkaoui.ma\/index.php\/produit\/ducray-ictyane-hydra-creme-legere-visage-40-ml\/"]}]},{"@type":"ImageObject","inLanguage":"fr-FR","@id":"https:\/\/paracherkaoui.ma\/index.php\/produit\/ducray-ictyane-hydra-creme-legere-visage-40-ml\/#primaryimage","url":"https:\/\/paracherkaoui.ma\/wp-content\/uploads\/2025\/12\/ducray-ducray-ictyane-hydra-creme-legere-visage-40-ml-cremes-jour.jpg","contentUrl":"https:\/\/paracherkaoui.ma\/wp-content\/uploads\/2025\/12\/ducray-ducray-ictyane-hydra-creme-legere-visage-40-ml-cremes-jour.jpg","width":700,"height":700},{"@type":"BreadcrumbList","@id":"https:\/\/paracherkaoui.ma\/index.php\/produit\/ducray-ictyane-hydra-creme-legere-visage-40-ml\/#breadcrumb","itemListElement":[{"@type":"ListItem","position":1,"name":"Accueil","item":"https:\/\/paracherkaoui.ma\/"},{"@type":"ListItem","position":2,"name":"Boutique","item":"https:\/\/paracherkaoui.ma\/index.php\/boutique\/"},{"@type":"ListItem","position":3,"name":"DUCRAY ICTYANE HYDRA CREME LEGERE VISAGE 40 ML"}]},{"@type":"WebSite","@id":"https:\/\/paracherkaoui.ma\/#website","url":"https:\/\/paracherkaoui.ma\/","name":"Paracherkaoui.ma","description":"Achetez en ligne sur Paracherkaoui.ma","potentialAction":[{"@type":"SearchAction","target":{"@type":"EntryPoint","urlTemplate":"https:\/\/paracherkaoui.ma\/?s={search_term_string}"},"query-input":{"@type":"PropertyValueSpecification","valueRequired":true,"valueName":"search_term_string"}}],"inLanguage":"fr-FR"}]}},"_links":{"self":[{"href":"https:\/\/paracherkaoui.ma\/index.php\/wp-json\/wp\/v2\/product\/11186","targetHints":{"allow":["GET"]}}],"collection":[{"href":"https:\/\/paracherkaoui.ma\/index.php\/wp-json\/wp\/v2\/product"}],"about":[{"href":"https:\/\/paracherkaoui.ma\/index.php\/wp-json\/wp\/v2\/types\/product"}],"replies":[{"embeddable":true,"href":"https:\/\/paracherkaoui.ma\/index.php\/wp-json\/wp\/v2\/comments?post=11186"}],"version-history":[{"count":1,"href":"https:\/\/paracherkaoui.ma\/index.php\/wp-json\/wp\/v2\/product\/11186\/revisions"}],"predecessor-version":[{"id":11229,"href":"https:\/\/paracherkaoui.ma\/index.php\/wp-json\/wp\/v2\/product\/11186\/revisions\/11229"}],"wp:featuredmedia":[{"embeddable":true,"href":"https:\/\/paracherkaoui.ma\/index.php\/wp-json\/wp\/v2\/media\/11228"}],"wp:attachment":[{"href":"https:\/\/paracherkaoui.ma\/index.php\/wp-json\/wp\/v2\/media?parent=11186"}],"wp:term":[{"taxonomy":"product_brand","embeddable":true,"href":"https:\/\/paracherkaoui.ma\/index.php\/wp-json\/wp\/v2\/product_brand?post=11186"},{"taxonomy":"product_cat","embeddable":true,"href":"https:\/\/paracherkaoui.ma\/index.php\/wp-json\/wp\/v2\/product_cat?post=11186"},{"taxonomy":"product_tag","embeddable":true,"href":"https:\/\/paracherkaoui.ma\/index.php\/wp-json\/wp\/v2\/product_tag?post=11186"}],"curies":[{"name":"wp","href":"https:\/\/api.w.org\/{rel}","templated":true}]}}