{"id":11185,"date":"2025-12-12T17:36:24","date_gmt":"2025-12-12T16:36:24","guid":{"rendered":"https:\/\/test.ecbeaute.com\/?post_type=product&#038;p=11185"},"modified":"2025-12-12T17:36:28","modified_gmt":"2025-12-12T16:36:28","slug":"cetaphil-nettoyant-doux-peaux-sensibles-seches-a-normales-500-ml","status":"publish","type":"product","link":"https:\/\/paracherkaoui.ma\/index.php\/produit\/cetaphil-nettoyant-doux-peaux-sensibles-seches-a-normales-500-ml\/","title":{"rendered":"CETAPHIL NETTOYANT DOUX PEAUX SENSIBLES SECHES A NORMALES 500 ML"},"content":{"rendered":"<p>Descriptif :<br \/>\nCetaphil Lotion Nettoyante<br \/>\nLotion nettoyante, adoucissante et emolliente pour le visage.<br \/>\nC\u00e9taphil est une formule originale, sans lipides, sans savon pour le nettoyage en douceur des peaux sensibles, fragiles et irritables :<br \/>\n&#8211; Peaux sensibles, intol\u00e9rantes aux produits d&rsquo;hygi\u00e8ne classiques (savons, pains, laits, \u2026),<br \/>\n&#8211; Peaux fragilis\u00e9es par des traitements dermatologiques dess\u00e9chants ou irritants,<br \/>\n&#8211; Peaux acn\u00e9iques, ecz\u00e9mateuses, atopiques, ichtyosiques.<br \/>\nAux propri\u00e9t\u00e9s adoucissantes et \u00e9mollientes, C\u00e9taphil laisse la peau souple et douce.<br \/>\nConseils d&rsquo;utilisation :<br \/>\nAppliquer en effectuant de l\u00e9gers massages circulaires. Essuyer sans frotter avec un gant humide, un mouchoir en papier ou un coton.<br \/>\nIl est possible de rincer C\u00e9taphil mais ce n&rsquo;est pas indispensable.<\/p>\n","protected":false},"excerpt":{"rendered":"<p>Descriptif : Cetaphil Lotion Nettoyante Lotion nettoyante, adoucissante et emolliente pour le visage. C\u00e9taphil est une formule originale, sans lipides,<\/p>\n","protected":false},"featured_media":11226,"comment_status":"open","ping_status":"closed","template":"","meta":[],"product_brand":[150],"product_cat":[148],"product_tag":[],"class_list":{"0":"post-11185","1":"product","2":"type-product","3":"status-publish","4":"has-post-thumbnail","6":"product_brand-cetaphil","7":"product_cat-peau-seche","9":"first","10":"instock","11":"sale","12":"shipping-taxable","13":"purchasable","14":"product-type-simple"},"yoast_head":"<!-- This site is optimized with the Yoast SEO plugin v26.6 - https:\/\/yoast.com\/wordpress\/plugins\/seo\/ -->\r\n<title>CETAPHIL NETTOYANT DOUX PEAUX SENSIBLES SECHES A NORMALES 500 ML - Paracherkaoui.ma<\/title>\r\n<meta name=\"robots\" content=\"index, follow, max-snippet:-1, max-image-preview:large, max-video-preview:-1\" \/>\r\n<link rel=\"canonical\" href=\"https:\/\/paracherkaoui.ma\/index.php\/produit\/cetaphil-nettoyant-doux-peaux-sensibles-seches-a-normales-500-ml\/\" \/>\r\n<meta property=\"og:locale\" content=\"fr_FR\" \/>\r\n<meta property=\"og:type\" content=\"article\" \/>\r\n<meta property=\"og:title\" content=\"CETAPHIL NETTOYANT DOUX PEAUX SENSIBLES SECHES A NORMALES 500 ML - Paracherkaoui.ma\" \/>\r\n<meta property=\"og:description\" content=\"Descriptif : Cetaphil Lotion Nettoyante Lotion nettoyante, adoucissante et emolliente pour le visage. C\u00e9taphil est une formule originale, sans lipides,\" \/>\r\n<meta property=\"og:url\" content=\"https:\/\/paracherkaoui.ma\/index.php\/produit\/cetaphil-nettoyant-doux-peaux-sensibles-seches-a-normales-500-ml\/\" \/>\r\n<meta property=\"og:site_name\" content=\"Paracherkaoui.ma\" \/>\r\n<meta property=\"article:modified_time\" content=\"2025-12-12T16:36:28+00:00\" \/>\r\n<meta property=\"og:image\" content=\"https:\/\/paracherkaoui.ma\/wp-content\/uploads\/2025\/12\/cetaphil-cetaphil-nettoyant-doux-peaux-sensibles-seches-a-normales-500-ml-accueil.jpg\" \/>\r\n\t<meta property=\"og:image:width\" content=\"700\" \/>\r\n\t<meta property=\"og:image:height\" content=\"700\" \/>\r\n\t<meta property=\"og:image:type\" content=\"image\/jpeg\" \/>\r\n<meta name=\"twitter:card\" content=\"summary_large_image\" \/>\r\n<meta name=\"twitter:label1\" content=\"Dur\u00e9e de lecture estim\u00e9e\" \/>\n\t<meta name=\"twitter:data1\" content=\"1 minute\" \/>\r\n<script type=\"application\/ld+json\" class=\"yoast-schema-graph\">{\"@context\":\"https:\/\/schema.org\",\"@graph\":[{\"@type\":\"WebPage\",\"@id\":\"https:\/\/paracherkaoui.ma\/index.php\/produit\/cetaphil-nettoyant-doux-peaux-sensibles-seches-a-normales-500-ml\/\",\"url\":\"https:\/\/paracherkaoui.ma\/index.php\/produit\/cetaphil-nettoyant-doux-peaux-sensibles-seches-a-normales-500-ml\/\",\"name\":\"CETAPHIL NETTOYANT DOUX PEAUX SENSIBLES SECHES A NORMALES 500 ML - Paracherkaoui.ma\",\"isPartOf\":{\"@id\":\"https:\/\/paracherkaoui.ma\/#website\"},\"primaryImageOfPage\":{\"@id\":\"https:\/\/paracherkaoui.ma\/index.php\/produit\/cetaphil-nettoyant-doux-peaux-sensibles-seches-a-normales-500-ml\/#primaryimage\"},\"image\":{\"@id\":\"https:\/\/paracherkaoui.ma\/index.php\/produit\/cetaphil-nettoyant-doux-peaux-sensibles-seches-a-normales-500-ml\/#primaryimage\"},\"thumbnailUrl\":\"https:\/\/paracherkaoui.ma\/wp-content\/uploads\/2025\/12\/cetaphil-cetaphil-nettoyant-doux-peaux-sensibles-seches-a-normales-500-ml-accueil.jpg\",\"datePublished\":\"2025-12-12T16:36:24+00:00\",\"dateModified\":\"2025-12-12T16:36:28+00:00\",\"breadcrumb\":{\"@id\":\"https:\/\/paracherkaoui.ma\/index.php\/produit\/cetaphil-nettoyant-doux-peaux-sensibles-seches-a-normales-500-ml\/#breadcrumb\"},\"inLanguage\":\"fr-FR\",\"potentialAction\":[{\"@type\":\"ReadAction\",\"target\":[\"https:\/\/paracherkaoui.ma\/index.php\/produit\/cetaphil-nettoyant-doux-peaux-sensibles-seches-a-normales-500-ml\/\"]}]},{\"@type\":\"ImageObject\",\"inLanguage\":\"fr-FR\",\"@id\":\"https:\/\/paracherkaoui.ma\/index.php\/produit\/cetaphil-nettoyant-doux-peaux-sensibles-seches-a-normales-500-ml\/#primaryimage\",\"url\":\"https:\/\/paracherkaoui.ma\/wp-content\/uploads\/2025\/12\/cetaphil-cetaphil-nettoyant-doux-peaux-sensibles-seches-a-normales-500-ml-accueil.jpg\",\"contentUrl\":\"https:\/\/paracherkaoui.ma\/wp-content\/uploads\/2025\/12\/cetaphil-cetaphil-nettoyant-doux-peaux-sensibles-seches-a-normales-500-ml-accueil.jpg\",\"width\":700,\"height\":700},{\"@type\":\"BreadcrumbList\",\"@id\":\"https:\/\/paracherkaoui.ma\/index.php\/produit\/cetaphil-nettoyant-doux-peaux-sensibles-seches-a-normales-500-ml\/#breadcrumb\",\"itemListElement\":[{\"@type\":\"ListItem\",\"position\":1,\"name\":\"Accueil\",\"item\":\"https:\/\/paracherkaoui.ma\/\"},{\"@type\":\"ListItem\",\"position\":2,\"name\":\"Boutique\",\"item\":\"https:\/\/paracherkaoui.ma\/index.php\/boutique\/\"},{\"@type\":\"ListItem\",\"position\":3,\"name\":\"CETAPHIL NETTOYANT DOUX PEAUX SENSIBLES SECHES A NORMALES 500 ML\"}]},{\"@type\":\"WebSite\",\"@id\":\"https:\/\/paracherkaoui.ma\/#website\",\"url\":\"https:\/\/paracherkaoui.ma\/\",\"name\":\"Paracherkaoui.ma\",\"description\":\"Achetez en ligne sur Paracherkaoui.ma\",\"potentialAction\":[{\"@type\":\"SearchAction\",\"target\":{\"@type\":\"EntryPoint\",\"urlTemplate\":\"https:\/\/paracherkaoui.ma\/?s={search_term_string}\"},\"query-input\":{\"@type\":\"PropertyValueSpecification\",\"valueRequired\":true,\"valueName\":\"search_term_string\"}}],\"inLanguage\":\"fr-FR\"}]}<\/script>\r\n<!-- \/ Yoast SEO plugin. -->","yoast_head_json":{"title":"CETAPHIL NETTOYANT DOUX PEAUX SENSIBLES SECHES A NORMALES 500 ML - Paracherkaoui.ma","robots":{"index":"index","follow":"follow","max-snippet":"max-snippet:-1","max-image-preview":"max-image-preview:large","max-video-preview":"max-video-preview:-1"},"canonical":"https:\/\/paracherkaoui.ma\/index.php\/produit\/cetaphil-nettoyant-doux-peaux-sensibles-seches-a-normales-500-ml\/","og_locale":"fr_FR","og_type":"article","og_title":"CETAPHIL NETTOYANT DOUX PEAUX SENSIBLES SECHES A NORMALES 500 ML - Paracherkaoui.ma","og_description":"Descriptif : Cetaphil Lotion Nettoyante Lotion nettoyante, adoucissante et emolliente pour le visage. C\u00e9taphil est une formule originale, sans lipides,","og_url":"https:\/\/paracherkaoui.ma\/index.php\/produit\/cetaphil-nettoyant-doux-peaux-sensibles-seches-a-normales-500-ml\/","og_site_name":"Paracherkaoui.ma","article_modified_time":"2025-12-12T16:36:28+00:00","og_image":[{"width":700,"height":700,"url":"https:\/\/paracherkaoui.ma\/wp-content\/uploads\/2025\/12\/cetaphil-cetaphil-nettoyant-doux-peaux-sensibles-seches-a-normales-500-ml-accueil.jpg","type":"image\/jpeg"}],"twitter_card":"summary_large_image","twitter_misc":{"Dur\u00e9e de lecture estim\u00e9e":"1 minute"},"schema":{"@context":"https:\/\/schema.org","@graph":[{"@type":"WebPage","@id":"https:\/\/paracherkaoui.ma\/index.php\/produit\/cetaphil-nettoyant-doux-peaux-sensibles-seches-a-normales-500-ml\/","url":"https:\/\/paracherkaoui.ma\/index.php\/produit\/cetaphil-nettoyant-doux-peaux-sensibles-seches-a-normales-500-ml\/","name":"CETAPHIL NETTOYANT DOUX PEAUX SENSIBLES SECHES A NORMALES 500 ML - Paracherkaoui.ma","isPartOf":{"@id":"https:\/\/paracherkaoui.ma\/#website"},"primaryImageOfPage":{"@id":"https:\/\/paracherkaoui.ma\/index.php\/produit\/cetaphil-nettoyant-doux-peaux-sensibles-seches-a-normales-500-ml\/#primaryimage"},"image":{"@id":"https:\/\/paracherkaoui.ma\/index.php\/produit\/cetaphil-nettoyant-doux-peaux-sensibles-seches-a-normales-500-ml\/#primaryimage"},"thumbnailUrl":"https:\/\/paracherkaoui.ma\/wp-content\/uploads\/2025\/12\/cetaphil-cetaphil-nettoyant-doux-peaux-sensibles-seches-a-normales-500-ml-accueil.jpg","datePublished":"2025-12-12T16:36:24+00:00","dateModified":"2025-12-12T16:36:28+00:00","breadcrumb":{"@id":"https:\/\/paracherkaoui.ma\/index.php\/produit\/cetaphil-nettoyant-doux-peaux-sensibles-seches-a-normales-500-ml\/#breadcrumb"},"inLanguage":"fr-FR","potentialAction":[{"@type":"ReadAction","target":["https:\/\/paracherkaoui.ma\/index.php\/produit\/cetaphil-nettoyant-doux-peaux-sensibles-seches-a-normales-500-ml\/"]}]},{"@type":"ImageObject","inLanguage":"fr-FR","@id":"https:\/\/paracherkaoui.ma\/index.php\/produit\/cetaphil-nettoyant-doux-peaux-sensibles-seches-a-normales-500-ml\/#primaryimage","url":"https:\/\/paracherkaoui.ma\/wp-content\/uploads\/2025\/12\/cetaphil-cetaphil-nettoyant-doux-peaux-sensibles-seches-a-normales-500-ml-accueil.jpg","contentUrl":"https:\/\/paracherkaoui.ma\/wp-content\/uploads\/2025\/12\/cetaphil-cetaphil-nettoyant-doux-peaux-sensibles-seches-a-normales-500-ml-accueil.jpg","width":700,"height":700},{"@type":"BreadcrumbList","@id":"https:\/\/paracherkaoui.ma\/index.php\/produit\/cetaphil-nettoyant-doux-peaux-sensibles-seches-a-normales-500-ml\/#breadcrumb","itemListElement":[{"@type":"ListItem","position":1,"name":"Accueil","item":"https:\/\/paracherkaoui.ma\/"},{"@type":"ListItem","position":2,"name":"Boutique","item":"https:\/\/paracherkaoui.ma\/index.php\/boutique\/"},{"@type":"ListItem","position":3,"name":"CETAPHIL NETTOYANT DOUX PEAUX SENSIBLES SECHES A NORMALES 500 ML"}]},{"@type":"WebSite","@id":"https:\/\/paracherkaoui.ma\/#website","url":"https:\/\/paracherkaoui.ma\/","name":"Paracherkaoui.ma","description":"Achetez en ligne sur Paracherkaoui.ma","potentialAction":[{"@type":"SearchAction","target":{"@type":"EntryPoint","urlTemplate":"https:\/\/paracherkaoui.ma\/?s={search_term_string}"},"query-input":{"@type":"PropertyValueSpecification","valueRequired":true,"valueName":"search_term_string"}}],"inLanguage":"fr-FR"}]}},"_links":{"self":[{"href":"https:\/\/paracherkaoui.ma\/index.php\/wp-json\/wp\/v2\/product\/11185","targetHints":{"allow":["GET"]}}],"collection":[{"href":"https:\/\/paracherkaoui.ma\/index.php\/wp-json\/wp\/v2\/product"}],"about":[{"href":"https:\/\/paracherkaoui.ma\/index.php\/wp-json\/wp\/v2\/types\/product"}],"replies":[{"embeddable":true,"href":"https:\/\/paracherkaoui.ma\/index.php\/wp-json\/wp\/v2\/comments?post=11185"}],"version-history":[{"count":1,"href":"https:\/\/paracherkaoui.ma\/index.php\/wp-json\/wp\/v2\/product\/11185\/revisions"}],"predecessor-version":[{"id":11227,"href":"https:\/\/paracherkaoui.ma\/index.php\/wp-json\/wp\/v2\/product\/11185\/revisions\/11227"}],"wp:featuredmedia":[{"embeddable":true,"href":"https:\/\/paracherkaoui.ma\/index.php\/wp-json\/wp\/v2\/media\/11226"}],"wp:attachment":[{"href":"https:\/\/paracherkaoui.ma\/index.php\/wp-json\/wp\/v2\/media?parent=11185"}],"wp:term":[{"taxonomy":"product_brand","embeddable":true,"href":"https:\/\/paracherkaoui.ma\/index.php\/wp-json\/wp\/v2\/product_brand?post=11185"},{"taxonomy":"product_cat","embeddable":true,"href":"https:\/\/paracherkaoui.ma\/index.php\/wp-json\/wp\/v2\/product_cat?post=11185"},{"taxonomy":"product_tag","embeddable":true,"href":"https:\/\/paracherkaoui.ma\/index.php\/wp-json\/wp\/v2\/product_tag?post=11185"}],"curies":[{"name":"wp","href":"https:\/\/api.w.org\/{rel}","templated":true}]}}