{"id":11174,"date":"2025-12-12T17:36:24","date_gmt":"2025-12-12T16:36:24","guid":{"rendered":"https:\/\/test.ecbeaute.com\/?post_type=product&#038;p=11174"},"modified":"2025-12-12T17:36:26","modified_gmt":"2025-12-12T16:36:26","slug":"svr-topialyse-baume-protect-400-ml","status":"publish","type":"product","link":"https:\/\/paracherkaoui.ma\/index.php\/produit\/svr-topialyse-baume-protect-400-ml\/","title":{"rendered":"SVR TOPIALYSE BAUME PROTECT+ 400 ML"},"content":{"rendered":"<p>Peaux s\u00e8ches, sensibles, inconfortables. B\u00e9b\u00e9 (hors pr\u00e9matur\u00e9), enfant, adulte. Visage et corps.<br \/>\nConvient aussi bien \u00e0 l\u2019\u00e9piderme fragile des enfants qu\u2019aux futures mamans. TOPIALYSE Cr\u00e8me est LE soin des peaux s\u00e8ches et sensibles de toute la famille. Une formule apaisante et nourrissante pour dire bye-bye aux sensations de tiraillement pour un confort imm\u00e9diat et durable.<br \/>\nHydratation intense dans une cr\u00e8me velours : sa texture ultra-fondante, non grasse et non collante permet un habillage imm\u00e9diat. Une nouvelle formule encore plus clean 98% d\u2019ingr\u00e9dients d\u2019origine naturelle, enrichie en beurre de karit\u00e9, beurre de babassu et huiles v\u00e9g\u00e9tales.<br \/>\nEt\u00e9 comme hiver, elle prot\u00e8ge la peau des facteurs dess\u00e9chants (chaleur ou froid, pollution, calcaire\u2026).<br \/>\nR\u00e9sultat : la peau est nourrie, assouplie et apais\u00e9e pendant 48h\u00a0.<br \/>\nOdeur d\u00e9licate et enveloppante.<br \/>\nHypoallerg\u00e9nique, test\u00e9e sur peaux sensibles sous contr\u00f4le dermatologique et p\u00e9diatrique.<\/p>\n<p>Conseils d&rsquo;utilisation:<\/p>\n<p>Appliquer sur l\u2019ensemble du visage et\/ou du corps pr\u00e9alablement nettoy\u00e9 avec TOPIALYSE Cr\u00e8me Lavante, en insistant sur les zones tr\u00e8s s\u00e8ches et irrit\u00e9es.A utiliser en cas de crises de d\u00e9mangeaisons, d\u2019irritations et de s\u00e9cheresses s\u00e9v\u00e8res.En relais, appliquer TOPIALYSE Cr\u00e8me Emolliente.<\/p>\n","protected":false},"excerpt":{"rendered":"<p>Peaux s\u00e8ches, sensibles, inconfortables. B\u00e9b\u00e9 (hors pr\u00e9matur\u00e9), enfant, adulte. Visage et corps. Convient aussi bien \u00e0 l\u2019\u00e9piderme fragile des enfants<\/p>\n","protected":false},"featured_media":11204,"comment_status":"open","ping_status":"closed","template":"","meta":[],"product_brand":[133],"product_cat":[148],"product_tag":[],"class_list":{"0":"post-11174","1":"product","2":"type-product","3":"status-publish","4":"has-post-thumbnail","6":"product_brand-svr","7":"product_cat-peau-seche","9":"first","10":"instock","11":"sale","12":"shipping-taxable","13":"purchasable","14":"product-type-simple"},"yoast_head":"<!-- This site is optimized with the Yoast SEO plugin v26.6 - https:\/\/yoast.com\/wordpress\/plugins\/seo\/ -->\r\n<title>SVR TOPIALYSE BAUME PROTECT+ 400 ML - Paracherkaoui.ma<\/title>\r\n<meta name=\"robots\" content=\"index, follow, max-snippet:-1, max-image-preview:large, max-video-preview:-1\" \/>\r\n<link rel=\"canonical\" href=\"https:\/\/paracherkaoui.ma\/index.php\/produit\/svr-topialyse-baume-protect-400-ml\/\" \/>\r\n<meta property=\"og:locale\" content=\"fr_FR\" \/>\r\n<meta property=\"og:type\" content=\"article\" \/>\r\n<meta property=\"og:title\" content=\"SVR TOPIALYSE BAUME PROTECT+ 400 ML - Paracherkaoui.ma\" \/>\r\n<meta property=\"og:description\" content=\"Peaux s\u00e8ches, sensibles, inconfortables. B\u00e9b\u00e9 (hors pr\u00e9matur\u00e9), enfant, adulte. Visage et corps. Convient aussi bien \u00e0 l\u2019\u00e9piderme fragile des enfants\" \/>\r\n<meta property=\"og:url\" content=\"https:\/\/paracherkaoui.ma\/index.php\/produit\/svr-topialyse-baume-protect-400-ml\/\" \/>\r\n<meta property=\"og:site_name\" content=\"Paracherkaoui.ma\" \/>\r\n<meta property=\"article:modified_time\" content=\"2025-12-12T16:36:26+00:00\" \/>\r\n<meta property=\"og:image\" content=\"https:\/\/paracherkaoui.ma\/wp-content\/uploads\/2025\/12\/svr-svr-topialyse-baume-protect-400-ml-hydratation-corps.jpg\" \/>\r\n\t<meta property=\"og:image:width\" content=\"700\" \/>\r\n\t<meta property=\"og:image:height\" content=\"700\" \/>\r\n\t<meta property=\"og:image:type\" content=\"image\/jpeg\" \/>\r\n<meta name=\"twitter:card\" content=\"summary_large_image\" \/>\r\n<meta name=\"twitter:label1\" content=\"Dur\u00e9e de lecture estim\u00e9e\" \/>\n\t<meta name=\"twitter:data1\" content=\"1 minute\" \/>\r\n<script type=\"application\/ld+json\" class=\"yoast-schema-graph\">{\"@context\":\"https:\/\/schema.org\",\"@graph\":[{\"@type\":\"WebPage\",\"@id\":\"https:\/\/paracherkaoui.ma\/index.php\/produit\/svr-topialyse-baume-protect-400-ml\/\",\"url\":\"https:\/\/paracherkaoui.ma\/index.php\/produit\/svr-topialyse-baume-protect-400-ml\/\",\"name\":\"SVR TOPIALYSE BAUME PROTECT+ 400 ML - Paracherkaoui.ma\",\"isPartOf\":{\"@id\":\"https:\/\/paracherkaoui.ma\/#website\"},\"primaryImageOfPage\":{\"@id\":\"https:\/\/paracherkaoui.ma\/index.php\/produit\/svr-topialyse-baume-protect-400-ml\/#primaryimage\"},\"image\":{\"@id\":\"https:\/\/paracherkaoui.ma\/index.php\/produit\/svr-topialyse-baume-protect-400-ml\/#primaryimage\"},\"thumbnailUrl\":\"https:\/\/paracherkaoui.ma\/wp-content\/uploads\/2025\/12\/svr-svr-topialyse-baume-protect-400-ml-hydratation-corps.jpg\",\"datePublished\":\"2025-12-12T16:36:24+00:00\",\"dateModified\":\"2025-12-12T16:36:26+00:00\",\"breadcrumb\":{\"@id\":\"https:\/\/paracherkaoui.ma\/index.php\/produit\/svr-topialyse-baume-protect-400-ml\/#breadcrumb\"},\"inLanguage\":\"fr-FR\",\"potentialAction\":[{\"@type\":\"ReadAction\",\"target\":[\"https:\/\/paracherkaoui.ma\/index.php\/produit\/svr-topialyse-baume-protect-400-ml\/\"]}]},{\"@type\":\"ImageObject\",\"inLanguage\":\"fr-FR\",\"@id\":\"https:\/\/paracherkaoui.ma\/index.php\/produit\/svr-topialyse-baume-protect-400-ml\/#primaryimage\",\"url\":\"https:\/\/paracherkaoui.ma\/wp-content\/uploads\/2025\/12\/svr-svr-topialyse-baume-protect-400-ml-hydratation-corps.jpg\",\"contentUrl\":\"https:\/\/paracherkaoui.ma\/wp-content\/uploads\/2025\/12\/svr-svr-topialyse-baume-protect-400-ml-hydratation-corps.jpg\",\"width\":700,\"height\":700},{\"@type\":\"BreadcrumbList\",\"@id\":\"https:\/\/paracherkaoui.ma\/index.php\/produit\/svr-topialyse-baume-protect-400-ml\/#breadcrumb\",\"itemListElement\":[{\"@type\":\"ListItem\",\"position\":1,\"name\":\"Accueil\",\"item\":\"https:\/\/paracherkaoui.ma\/\"},{\"@type\":\"ListItem\",\"position\":2,\"name\":\"Boutique\",\"item\":\"https:\/\/paracherkaoui.ma\/index.php\/boutique\/\"},{\"@type\":\"ListItem\",\"position\":3,\"name\":\"SVR TOPIALYSE BAUME PROTECT+ 400 ML\"}]},{\"@type\":\"WebSite\",\"@id\":\"https:\/\/paracherkaoui.ma\/#website\",\"url\":\"https:\/\/paracherkaoui.ma\/\",\"name\":\"Paracherkaoui.ma\",\"description\":\"Achetez en ligne sur Paracherkaoui.ma\",\"potentialAction\":[{\"@type\":\"SearchAction\",\"target\":{\"@type\":\"EntryPoint\",\"urlTemplate\":\"https:\/\/paracherkaoui.ma\/?s={search_term_string}\"},\"query-input\":{\"@type\":\"PropertyValueSpecification\",\"valueRequired\":true,\"valueName\":\"search_term_string\"}}],\"inLanguage\":\"fr-FR\"}]}<\/script>\r\n<!-- \/ Yoast SEO plugin. -->","yoast_head_json":{"title":"SVR TOPIALYSE BAUME PROTECT+ 400 ML - Paracherkaoui.ma","robots":{"index":"index","follow":"follow","max-snippet":"max-snippet:-1","max-image-preview":"max-image-preview:large","max-video-preview":"max-video-preview:-1"},"canonical":"https:\/\/paracherkaoui.ma\/index.php\/produit\/svr-topialyse-baume-protect-400-ml\/","og_locale":"fr_FR","og_type":"article","og_title":"SVR TOPIALYSE BAUME PROTECT+ 400 ML - Paracherkaoui.ma","og_description":"Peaux s\u00e8ches, sensibles, inconfortables. B\u00e9b\u00e9 (hors pr\u00e9matur\u00e9), enfant, adulte. Visage et corps. Convient aussi bien \u00e0 l\u2019\u00e9piderme fragile des enfants","og_url":"https:\/\/paracherkaoui.ma\/index.php\/produit\/svr-topialyse-baume-protect-400-ml\/","og_site_name":"Paracherkaoui.ma","article_modified_time":"2025-12-12T16:36:26+00:00","og_image":[{"width":700,"height":700,"url":"https:\/\/paracherkaoui.ma\/wp-content\/uploads\/2025\/12\/svr-svr-topialyse-baume-protect-400-ml-hydratation-corps.jpg","type":"image\/jpeg"}],"twitter_card":"summary_large_image","twitter_misc":{"Dur\u00e9e de lecture estim\u00e9e":"1 minute"},"schema":{"@context":"https:\/\/schema.org","@graph":[{"@type":"WebPage","@id":"https:\/\/paracherkaoui.ma\/index.php\/produit\/svr-topialyse-baume-protect-400-ml\/","url":"https:\/\/paracherkaoui.ma\/index.php\/produit\/svr-topialyse-baume-protect-400-ml\/","name":"SVR TOPIALYSE BAUME PROTECT+ 400 ML - Paracherkaoui.ma","isPartOf":{"@id":"https:\/\/paracherkaoui.ma\/#website"},"primaryImageOfPage":{"@id":"https:\/\/paracherkaoui.ma\/index.php\/produit\/svr-topialyse-baume-protect-400-ml\/#primaryimage"},"image":{"@id":"https:\/\/paracherkaoui.ma\/index.php\/produit\/svr-topialyse-baume-protect-400-ml\/#primaryimage"},"thumbnailUrl":"https:\/\/paracherkaoui.ma\/wp-content\/uploads\/2025\/12\/svr-svr-topialyse-baume-protect-400-ml-hydratation-corps.jpg","datePublished":"2025-12-12T16:36:24+00:00","dateModified":"2025-12-12T16:36:26+00:00","breadcrumb":{"@id":"https:\/\/paracherkaoui.ma\/index.php\/produit\/svr-topialyse-baume-protect-400-ml\/#breadcrumb"},"inLanguage":"fr-FR","potentialAction":[{"@type":"ReadAction","target":["https:\/\/paracherkaoui.ma\/index.php\/produit\/svr-topialyse-baume-protect-400-ml\/"]}]},{"@type":"ImageObject","inLanguage":"fr-FR","@id":"https:\/\/paracherkaoui.ma\/index.php\/produit\/svr-topialyse-baume-protect-400-ml\/#primaryimage","url":"https:\/\/paracherkaoui.ma\/wp-content\/uploads\/2025\/12\/svr-svr-topialyse-baume-protect-400-ml-hydratation-corps.jpg","contentUrl":"https:\/\/paracherkaoui.ma\/wp-content\/uploads\/2025\/12\/svr-svr-topialyse-baume-protect-400-ml-hydratation-corps.jpg","width":700,"height":700},{"@type":"BreadcrumbList","@id":"https:\/\/paracherkaoui.ma\/index.php\/produit\/svr-topialyse-baume-protect-400-ml\/#breadcrumb","itemListElement":[{"@type":"ListItem","position":1,"name":"Accueil","item":"https:\/\/paracherkaoui.ma\/"},{"@type":"ListItem","position":2,"name":"Boutique","item":"https:\/\/paracherkaoui.ma\/index.php\/boutique\/"},{"@type":"ListItem","position":3,"name":"SVR TOPIALYSE BAUME PROTECT+ 400 ML"}]},{"@type":"WebSite","@id":"https:\/\/paracherkaoui.ma\/#website","url":"https:\/\/paracherkaoui.ma\/","name":"Paracherkaoui.ma","description":"Achetez en ligne sur Paracherkaoui.ma","potentialAction":[{"@type":"SearchAction","target":{"@type":"EntryPoint","urlTemplate":"https:\/\/paracherkaoui.ma\/?s={search_term_string}"},"query-input":{"@type":"PropertyValueSpecification","valueRequired":true,"valueName":"search_term_string"}}],"inLanguage":"fr-FR"}]}},"_links":{"self":[{"href":"https:\/\/paracherkaoui.ma\/index.php\/wp-json\/wp\/v2\/product\/11174","targetHints":{"allow":["GET"]}}],"collection":[{"href":"https:\/\/paracherkaoui.ma\/index.php\/wp-json\/wp\/v2\/product"}],"about":[{"href":"https:\/\/paracherkaoui.ma\/index.php\/wp-json\/wp\/v2\/types\/product"}],"replies":[{"embeddable":true,"href":"https:\/\/paracherkaoui.ma\/index.php\/wp-json\/wp\/v2\/comments?post=11174"}],"version-history":[{"count":1,"href":"https:\/\/paracherkaoui.ma\/index.php\/wp-json\/wp\/v2\/product\/11174\/revisions"}],"predecessor-version":[{"id":11205,"href":"https:\/\/paracherkaoui.ma\/index.php\/wp-json\/wp\/v2\/product\/11174\/revisions\/11205"}],"wp:featuredmedia":[{"embeddable":true,"href":"https:\/\/paracherkaoui.ma\/index.php\/wp-json\/wp\/v2\/media\/11204"}],"wp:attachment":[{"href":"https:\/\/paracherkaoui.ma\/index.php\/wp-json\/wp\/v2\/media?parent=11174"}],"wp:term":[{"taxonomy":"product_brand","embeddable":true,"href":"https:\/\/paracherkaoui.ma\/index.php\/wp-json\/wp\/v2\/product_brand?post=11174"},{"taxonomy":"product_cat","embeddable":true,"href":"https:\/\/paracherkaoui.ma\/index.php\/wp-json\/wp\/v2\/product_cat?post=11174"},{"taxonomy":"product_tag","embeddable":true,"href":"https:\/\/paracherkaoui.ma\/index.php\/wp-json\/wp\/v2\/product_tag?post=11174"}],"curies":[{"name":"wp","href":"https:\/\/api.w.org\/{rel}","templated":true}]}}