{"id":11109,"date":"2025-12-12T17:36:19","date_gmt":"2025-12-12T16:36:19","guid":{"rendered":"https:\/\/test.ecbeaute.com\/?post_type=product&#038;p=11109"},"modified":"2025-12-12T17:36:22","modified_gmt":"2025-12-12T16:36:22","slug":"svr-topialyse-huile-lavante-200-ml","status":"publish","type":"product","link":"https:\/\/paracherkaoui.ma\/index.php\/produit\/svr-topialyse-huile-lavante-200-ml\/","title":{"rendered":"SVR TOPIALYSE HUILE LAVANTE 200 ML"},"content":{"rendered":"<p>Description:<br \/>\nSVR TOPIALYSE Huile lavante micellaire. L\u2019huile lavante micellaire TOPIALYSE des Laboratoires SVR est particuli\u00e8rement adapt\u00e9e pour les peaux s\u00e8ches \u00e0 atopiques. Elle convient \u00e0 la toilette du corps et du visage ainsi qu\u2019\u00e0 l\u2019hygi\u00e8ne intime de toute la famille, y compris des b\u00e9b\u00e9s d\u00e8s la naissance s\u2019ils ne sont pas pr\u00e9matur\u00e9s. Sa formule aux tensio-actifs doux respecte la peau, m\u00eame sensible, ne la dess\u00e8che pas et ne pique pas les yeux. Hautement concentr\u00e9e avec 35% d\u2019agents relipidants et hydratants, ce soin aide \u00e0 la pr\u00e9servation du film hydrolipidique de la peau. Formul\u00e9e avec du Niacinamide aux vertus apaisantes et avec des sucres pr\u00e9biotiques pour la pr\u00e9servation de la balance du microbiote cutan\u00e9. Gr\u00e2ce \u00e0 l\u2019huile lavante micellaire, la peau reste intens\u00e9ment hydrat\u00e9e pour 24 heures. Sa texture soyeuse au parfum d\u00e9licat se rince facilement et ne laisse pas de film gras dans la salle de bains. Les sensations d\u2019irritations et les d\u00e9mangeaisons sont calm\u00e9es et la peau et souple et soyeuse. Sans savon, sulfate, conservateur, colorant, paraben. Parfum sans allerg\u00e8ne. Hypoallerg\u00e9nique. pH physiologique. Test\u00e9e sous contr\u00f4le dermatologique, ophtalmologique, gyn\u00e9cologique et p\u00e9diatrique.<br \/>\nConseils d&rsquo;utilisation :<br \/>\nPour la douche, appliquer sur peau mouill\u00e9e, faire mousser, rincer puis s\u00e9cher d\u00e9licatement sans frotter. Pour le bain, verser l\u2019\u00e9quivalent de 5 pressions longues pendant le remplissage de la baignoire.<\/p>\n","protected":false},"excerpt":{"rendered":"<p>Description: SVR TOPIALYSE Huile lavante micellaire. L\u2019huile lavante micellaire TOPIALYSE des Laboratoires SVR est particuli\u00e8rement adapt\u00e9e pour les peaux s\u00e8ches<\/p>\n","protected":false},"featured_media":11162,"comment_status":"open","ping_status":"closed","template":"","meta":[],"product_brand":[133],"product_cat":[148],"product_tag":[],"class_list":{"0":"post-11109","1":"product","2":"type-product","3":"status-publish","4":"has-post-thumbnail","6":"product_brand-svr","7":"product_cat-peau-seche","9":"first","10":"instock","11":"sale","12":"shipping-taxable","13":"purchasable","14":"product-type-simple"},"yoast_head":"<!-- This site is optimized with the Yoast SEO plugin v26.6 - https:\/\/yoast.com\/wordpress\/plugins\/seo\/ -->\r\n<title>SVR TOPIALYSE HUILE LAVANTE 200 ML - Paracherkaoui.ma<\/title>\r\n<meta name=\"robots\" content=\"index, follow, max-snippet:-1, max-image-preview:large, max-video-preview:-1\" \/>\r\n<link rel=\"canonical\" href=\"https:\/\/paracherkaoui.ma\/index.php\/produit\/svr-topialyse-huile-lavante-200-ml\/\" \/>\r\n<meta property=\"og:locale\" content=\"fr_FR\" \/>\r\n<meta property=\"og:type\" content=\"article\" \/>\r\n<meta property=\"og:title\" content=\"SVR TOPIALYSE HUILE LAVANTE 200 ML - Paracherkaoui.ma\" \/>\r\n<meta property=\"og:description\" content=\"Description: SVR TOPIALYSE Huile lavante micellaire. L\u2019huile lavante micellaire TOPIALYSE des Laboratoires SVR est particuli\u00e8rement adapt\u00e9e pour les peaux s\u00e8ches\" \/>\r\n<meta property=\"og:url\" content=\"https:\/\/paracherkaoui.ma\/index.php\/produit\/svr-topialyse-huile-lavante-200-ml\/\" \/>\r\n<meta property=\"og:site_name\" content=\"Paracherkaoui.ma\" \/>\r\n<meta property=\"article:modified_time\" content=\"2025-12-12T16:36:22+00:00\" \/>\r\n<meta property=\"og:image\" content=\"https:\/\/paracherkaoui.ma\/wp-content\/uploads\/2025\/12\/svr-svr-topialyse-huile-lavante-200-ml-gels-et-huiles-lavants.jpg\" \/>\r\n\t<meta property=\"og:image:width\" content=\"700\" \/>\r\n\t<meta property=\"og:image:height\" content=\"700\" \/>\r\n\t<meta property=\"og:image:type\" content=\"image\/jpeg\" \/>\r\n<meta name=\"twitter:card\" content=\"summary_large_image\" \/>\r\n<meta name=\"twitter:label1\" content=\"Dur\u00e9e de lecture estim\u00e9e\" \/>\n\t<meta name=\"twitter:data1\" content=\"1 minute\" \/>\r\n<script type=\"application\/ld+json\" class=\"yoast-schema-graph\">{\"@context\":\"https:\/\/schema.org\",\"@graph\":[{\"@type\":\"WebPage\",\"@id\":\"https:\/\/paracherkaoui.ma\/index.php\/produit\/svr-topialyse-huile-lavante-200-ml\/\",\"url\":\"https:\/\/paracherkaoui.ma\/index.php\/produit\/svr-topialyse-huile-lavante-200-ml\/\",\"name\":\"SVR TOPIALYSE HUILE LAVANTE 200 ML - Paracherkaoui.ma\",\"isPartOf\":{\"@id\":\"https:\/\/paracherkaoui.ma\/#website\"},\"primaryImageOfPage\":{\"@id\":\"https:\/\/paracherkaoui.ma\/index.php\/produit\/svr-topialyse-huile-lavante-200-ml\/#primaryimage\"},\"image\":{\"@id\":\"https:\/\/paracherkaoui.ma\/index.php\/produit\/svr-topialyse-huile-lavante-200-ml\/#primaryimage\"},\"thumbnailUrl\":\"https:\/\/paracherkaoui.ma\/wp-content\/uploads\/2025\/12\/svr-svr-topialyse-huile-lavante-200-ml-gels-et-huiles-lavants.jpg\",\"datePublished\":\"2025-12-12T16:36:19+00:00\",\"dateModified\":\"2025-12-12T16:36:22+00:00\",\"breadcrumb\":{\"@id\":\"https:\/\/paracherkaoui.ma\/index.php\/produit\/svr-topialyse-huile-lavante-200-ml\/#breadcrumb\"},\"inLanguage\":\"fr-FR\",\"potentialAction\":[{\"@type\":\"ReadAction\",\"target\":[\"https:\/\/paracherkaoui.ma\/index.php\/produit\/svr-topialyse-huile-lavante-200-ml\/\"]}]},{\"@type\":\"ImageObject\",\"inLanguage\":\"fr-FR\",\"@id\":\"https:\/\/paracherkaoui.ma\/index.php\/produit\/svr-topialyse-huile-lavante-200-ml\/#primaryimage\",\"url\":\"https:\/\/paracherkaoui.ma\/wp-content\/uploads\/2025\/12\/svr-svr-topialyse-huile-lavante-200-ml-gels-et-huiles-lavants.jpg\",\"contentUrl\":\"https:\/\/paracherkaoui.ma\/wp-content\/uploads\/2025\/12\/svr-svr-topialyse-huile-lavante-200-ml-gels-et-huiles-lavants.jpg\",\"width\":700,\"height\":700},{\"@type\":\"BreadcrumbList\",\"@id\":\"https:\/\/paracherkaoui.ma\/index.php\/produit\/svr-topialyse-huile-lavante-200-ml\/#breadcrumb\",\"itemListElement\":[{\"@type\":\"ListItem\",\"position\":1,\"name\":\"Accueil\",\"item\":\"https:\/\/paracherkaoui.ma\/\"},{\"@type\":\"ListItem\",\"position\":2,\"name\":\"Boutique\",\"item\":\"https:\/\/paracherkaoui.ma\/index.php\/boutique\/\"},{\"@type\":\"ListItem\",\"position\":3,\"name\":\"SVR TOPIALYSE HUILE LAVANTE 200 ML\"}]},{\"@type\":\"WebSite\",\"@id\":\"https:\/\/paracherkaoui.ma\/#website\",\"url\":\"https:\/\/paracherkaoui.ma\/\",\"name\":\"Paracherkaoui.ma\",\"description\":\"Achetez en ligne sur Paracherkaoui.ma\",\"potentialAction\":[{\"@type\":\"SearchAction\",\"target\":{\"@type\":\"EntryPoint\",\"urlTemplate\":\"https:\/\/paracherkaoui.ma\/?s={search_term_string}\"},\"query-input\":{\"@type\":\"PropertyValueSpecification\",\"valueRequired\":true,\"valueName\":\"search_term_string\"}}],\"inLanguage\":\"fr-FR\"}]}<\/script>\r\n<!-- \/ Yoast SEO plugin. -->","yoast_head_json":{"title":"SVR TOPIALYSE HUILE LAVANTE 200 ML - Paracherkaoui.ma","robots":{"index":"index","follow":"follow","max-snippet":"max-snippet:-1","max-image-preview":"max-image-preview:large","max-video-preview":"max-video-preview:-1"},"canonical":"https:\/\/paracherkaoui.ma\/index.php\/produit\/svr-topialyse-huile-lavante-200-ml\/","og_locale":"fr_FR","og_type":"article","og_title":"SVR TOPIALYSE HUILE LAVANTE 200 ML - Paracherkaoui.ma","og_description":"Description: SVR TOPIALYSE Huile lavante micellaire. L\u2019huile lavante micellaire TOPIALYSE des Laboratoires SVR est particuli\u00e8rement adapt\u00e9e pour les peaux s\u00e8ches","og_url":"https:\/\/paracherkaoui.ma\/index.php\/produit\/svr-topialyse-huile-lavante-200-ml\/","og_site_name":"Paracherkaoui.ma","article_modified_time":"2025-12-12T16:36:22+00:00","og_image":[{"width":700,"height":700,"url":"https:\/\/paracherkaoui.ma\/wp-content\/uploads\/2025\/12\/svr-svr-topialyse-huile-lavante-200-ml-gels-et-huiles-lavants.jpg","type":"image\/jpeg"}],"twitter_card":"summary_large_image","twitter_misc":{"Dur\u00e9e de lecture estim\u00e9e":"1 minute"},"schema":{"@context":"https:\/\/schema.org","@graph":[{"@type":"WebPage","@id":"https:\/\/paracherkaoui.ma\/index.php\/produit\/svr-topialyse-huile-lavante-200-ml\/","url":"https:\/\/paracherkaoui.ma\/index.php\/produit\/svr-topialyse-huile-lavante-200-ml\/","name":"SVR TOPIALYSE HUILE LAVANTE 200 ML - Paracherkaoui.ma","isPartOf":{"@id":"https:\/\/paracherkaoui.ma\/#website"},"primaryImageOfPage":{"@id":"https:\/\/paracherkaoui.ma\/index.php\/produit\/svr-topialyse-huile-lavante-200-ml\/#primaryimage"},"image":{"@id":"https:\/\/paracherkaoui.ma\/index.php\/produit\/svr-topialyse-huile-lavante-200-ml\/#primaryimage"},"thumbnailUrl":"https:\/\/paracherkaoui.ma\/wp-content\/uploads\/2025\/12\/svr-svr-topialyse-huile-lavante-200-ml-gels-et-huiles-lavants.jpg","datePublished":"2025-12-12T16:36:19+00:00","dateModified":"2025-12-12T16:36:22+00:00","breadcrumb":{"@id":"https:\/\/paracherkaoui.ma\/index.php\/produit\/svr-topialyse-huile-lavante-200-ml\/#breadcrumb"},"inLanguage":"fr-FR","potentialAction":[{"@type":"ReadAction","target":["https:\/\/paracherkaoui.ma\/index.php\/produit\/svr-topialyse-huile-lavante-200-ml\/"]}]},{"@type":"ImageObject","inLanguage":"fr-FR","@id":"https:\/\/paracherkaoui.ma\/index.php\/produit\/svr-topialyse-huile-lavante-200-ml\/#primaryimage","url":"https:\/\/paracherkaoui.ma\/wp-content\/uploads\/2025\/12\/svr-svr-topialyse-huile-lavante-200-ml-gels-et-huiles-lavants.jpg","contentUrl":"https:\/\/paracherkaoui.ma\/wp-content\/uploads\/2025\/12\/svr-svr-topialyse-huile-lavante-200-ml-gels-et-huiles-lavants.jpg","width":700,"height":700},{"@type":"BreadcrumbList","@id":"https:\/\/paracherkaoui.ma\/index.php\/produit\/svr-topialyse-huile-lavante-200-ml\/#breadcrumb","itemListElement":[{"@type":"ListItem","position":1,"name":"Accueil","item":"https:\/\/paracherkaoui.ma\/"},{"@type":"ListItem","position":2,"name":"Boutique","item":"https:\/\/paracherkaoui.ma\/index.php\/boutique\/"},{"@type":"ListItem","position":3,"name":"SVR TOPIALYSE HUILE LAVANTE 200 ML"}]},{"@type":"WebSite","@id":"https:\/\/paracherkaoui.ma\/#website","url":"https:\/\/paracherkaoui.ma\/","name":"Paracherkaoui.ma","description":"Achetez en ligne sur Paracherkaoui.ma","potentialAction":[{"@type":"SearchAction","target":{"@type":"EntryPoint","urlTemplate":"https:\/\/paracherkaoui.ma\/?s={search_term_string}"},"query-input":{"@type":"PropertyValueSpecification","valueRequired":true,"valueName":"search_term_string"}}],"inLanguage":"fr-FR"}]}},"_links":{"self":[{"href":"https:\/\/paracherkaoui.ma\/index.php\/wp-json\/wp\/v2\/product\/11109","targetHints":{"allow":["GET"]}}],"collection":[{"href":"https:\/\/paracherkaoui.ma\/index.php\/wp-json\/wp\/v2\/product"}],"about":[{"href":"https:\/\/paracherkaoui.ma\/index.php\/wp-json\/wp\/v2\/types\/product"}],"replies":[{"embeddable":true,"href":"https:\/\/paracherkaoui.ma\/index.php\/wp-json\/wp\/v2\/comments?post=11109"}],"version-history":[{"count":1,"href":"https:\/\/paracherkaoui.ma\/index.php\/wp-json\/wp\/v2\/product\/11109\/revisions"}],"predecessor-version":[{"id":11163,"href":"https:\/\/paracherkaoui.ma\/index.php\/wp-json\/wp\/v2\/product\/11109\/revisions\/11163"}],"wp:featuredmedia":[{"embeddable":true,"href":"https:\/\/paracherkaoui.ma\/index.php\/wp-json\/wp\/v2\/media\/11162"}],"wp:attachment":[{"href":"https:\/\/paracherkaoui.ma\/index.php\/wp-json\/wp\/v2\/media?parent=11109"}],"wp:term":[{"taxonomy":"product_brand","embeddable":true,"href":"https:\/\/paracherkaoui.ma\/index.php\/wp-json\/wp\/v2\/product_brand?post=11109"},{"taxonomy":"product_cat","embeddable":true,"href":"https:\/\/paracherkaoui.ma\/index.php\/wp-json\/wp\/v2\/product_cat?post=11109"},{"taxonomy":"product_tag","embeddable":true,"href":"https:\/\/paracherkaoui.ma\/index.php\/wp-json\/wp\/v2\/product_tag?post=11109"}],"curies":[{"name":"wp","href":"https:\/\/api.w.org\/{rel}","templated":true}]}}