{"id":11104,"date":"2025-12-12T17:36:19","date_gmt":"2025-12-12T16:36:19","guid":{"rendered":"https:\/\/test.ecbeaute.com\/?post_type=product&#038;p=11104"},"modified":"2025-12-12T17:36:22","modified_gmt":"2025-12-12T16:36:22","slug":"la-roche-posay-lipikar-baume-ap-m-relipidant-corps-200-ml","status":"publish","type":"product","link":"https:\/\/paracherkaoui.ma\/index.php\/produit\/la-roche-posay-lipikar-baume-ap-m-relipidant-corps-200-ml\/","title":{"rendered":"LA ROCHE POSAY LIPIKAR BAUME AP+ M RELIPIDANT CORPS 200 ML"},"content":{"rendered":"<p>IPIKAR Baume AP+M r\u00e9\u00e9quilibre le microbiome cutan\u00e9. Il apaise imm\u00e9diatement la peau et r\u00e9duit les sensations de d\u00e9mangeaisons. Gr\u00e2ce \u00e0 son efficacit\u00e9 anti-rechute, les pouss\u00e9es sont plus espac\u00e9es. La peau est nourrie, la barri\u00e8re cutan\u00e9e restaur\u00e9e. Formul\u00e9 pour les nourrissons, les enfants et les adultes \u00e0 la peau tr\u00e8s s\u00e8che, \u00e0 tendance allergique et \u00e0 l\u2019ecz\u00e9ma.<br \/>\nConseils d&rsquo;utilisation :<br \/>\nAppliquer une fois par jour sur le visage et le corps.<\/p>\n","protected":false},"excerpt":{"rendered":"<p>IPIKAR Baume AP+M r\u00e9\u00e9quilibre le microbiome cutan\u00e9. Il apaise imm\u00e9diatement la peau et r\u00e9duit les sensations de d\u00e9mangeaisons. Gr\u00e2ce \u00e0<\/p>\n","protected":false},"featured_media":11153,"comment_status":"open","ping_status":"closed","template":"","meta":[],"product_brand":[132],"product_cat":[148],"product_tag":[],"class_list":{"0":"post-11104","1":"product","2":"type-product","3":"status-publish","4":"has-post-thumbnail","6":"product_brand-la-roche-posay","7":"product_cat-peau-seche","9":"first","10":"instock","11":"sale","12":"shipping-taxable","13":"purchasable","14":"product-type-simple"},"yoast_head":"<!-- This site is optimized with the Yoast SEO plugin v26.6 - https:\/\/yoast.com\/wordpress\/plugins\/seo\/ -->\r\n<title>LA ROCHE POSAY LIPIKAR BAUME AP+ M RELIPIDANT CORPS 200 ML - Paracherkaoui.ma<\/title>\r\n<meta name=\"robots\" content=\"index, follow, max-snippet:-1, max-image-preview:large, max-video-preview:-1\" \/>\r\n<link rel=\"canonical\" href=\"https:\/\/paracherkaoui.ma\/index.php\/produit\/la-roche-posay-lipikar-baume-ap-m-relipidant-corps-200-ml\/\" \/>\r\n<meta property=\"og:locale\" content=\"fr_FR\" \/>\r\n<meta property=\"og:type\" content=\"article\" \/>\r\n<meta property=\"og:title\" content=\"LA ROCHE POSAY LIPIKAR BAUME AP+ M RELIPIDANT CORPS 200 ML - Paracherkaoui.ma\" \/>\r\n<meta property=\"og:description\" content=\"IPIKAR Baume AP+M r\u00e9\u00e9quilibre le microbiome cutan\u00e9. Il apaise imm\u00e9diatement la peau et r\u00e9duit les sensations de d\u00e9mangeaisons. Gr\u00e2ce \u00e0\" \/>\r\n<meta property=\"og:url\" content=\"https:\/\/paracherkaoui.ma\/index.php\/produit\/la-roche-posay-lipikar-baume-ap-m-relipidant-corps-200-ml\/\" \/>\r\n<meta property=\"og:site_name\" content=\"Paracherkaoui.ma\" \/>\r\n<meta property=\"article:modified_time\" content=\"2025-12-12T16:36:22+00:00\" \/>\r\n<meta property=\"og:image\" content=\"https:\/\/paracherkaoui.ma\/wp-content\/uploads\/2025\/12\/la-roche-posay-la-roche-posay-lipikar-baume-ap-m-relipidant-corps-200-ml-hydratation-corps.jpg\" \/>\r\n\t<meta property=\"og:image:width\" content=\"700\" \/>\r\n\t<meta property=\"og:image:height\" content=\"700\" \/>\r\n\t<meta property=\"og:image:type\" content=\"image\/jpeg\" \/>\r\n<meta name=\"twitter:card\" content=\"summary_large_image\" \/>\r\n<script type=\"application\/ld+json\" class=\"yoast-schema-graph\">{\"@context\":\"https:\/\/schema.org\",\"@graph\":[{\"@type\":\"WebPage\",\"@id\":\"https:\/\/paracherkaoui.ma\/index.php\/produit\/la-roche-posay-lipikar-baume-ap-m-relipidant-corps-200-ml\/\",\"url\":\"https:\/\/paracherkaoui.ma\/index.php\/produit\/la-roche-posay-lipikar-baume-ap-m-relipidant-corps-200-ml\/\",\"name\":\"LA ROCHE POSAY LIPIKAR BAUME AP+ M RELIPIDANT CORPS 200 ML - Paracherkaoui.ma\",\"isPartOf\":{\"@id\":\"https:\/\/paracherkaoui.ma\/#website\"},\"primaryImageOfPage\":{\"@id\":\"https:\/\/paracherkaoui.ma\/index.php\/produit\/la-roche-posay-lipikar-baume-ap-m-relipidant-corps-200-ml\/#primaryimage\"},\"image\":{\"@id\":\"https:\/\/paracherkaoui.ma\/index.php\/produit\/la-roche-posay-lipikar-baume-ap-m-relipidant-corps-200-ml\/#primaryimage\"},\"thumbnailUrl\":\"https:\/\/paracherkaoui.ma\/wp-content\/uploads\/2025\/12\/la-roche-posay-la-roche-posay-lipikar-baume-ap-m-relipidant-corps-200-ml-hydratation-corps.jpg\",\"datePublished\":\"2025-12-12T16:36:19+00:00\",\"dateModified\":\"2025-12-12T16:36:22+00:00\",\"breadcrumb\":{\"@id\":\"https:\/\/paracherkaoui.ma\/index.php\/produit\/la-roche-posay-lipikar-baume-ap-m-relipidant-corps-200-ml\/#breadcrumb\"},\"inLanguage\":\"fr-FR\",\"potentialAction\":[{\"@type\":\"ReadAction\",\"target\":[\"https:\/\/paracherkaoui.ma\/index.php\/produit\/la-roche-posay-lipikar-baume-ap-m-relipidant-corps-200-ml\/\"]}]},{\"@type\":\"ImageObject\",\"inLanguage\":\"fr-FR\",\"@id\":\"https:\/\/paracherkaoui.ma\/index.php\/produit\/la-roche-posay-lipikar-baume-ap-m-relipidant-corps-200-ml\/#primaryimage\",\"url\":\"https:\/\/paracherkaoui.ma\/wp-content\/uploads\/2025\/12\/la-roche-posay-la-roche-posay-lipikar-baume-ap-m-relipidant-corps-200-ml-hydratation-corps.jpg\",\"contentUrl\":\"https:\/\/paracherkaoui.ma\/wp-content\/uploads\/2025\/12\/la-roche-posay-la-roche-posay-lipikar-baume-ap-m-relipidant-corps-200-ml-hydratation-corps.jpg\",\"width\":700,\"height\":700},{\"@type\":\"BreadcrumbList\",\"@id\":\"https:\/\/paracherkaoui.ma\/index.php\/produit\/la-roche-posay-lipikar-baume-ap-m-relipidant-corps-200-ml\/#breadcrumb\",\"itemListElement\":[{\"@type\":\"ListItem\",\"position\":1,\"name\":\"Accueil\",\"item\":\"https:\/\/paracherkaoui.ma\/\"},{\"@type\":\"ListItem\",\"position\":2,\"name\":\"Boutique\",\"item\":\"https:\/\/paracherkaoui.ma\/index.php\/boutique\/\"},{\"@type\":\"ListItem\",\"position\":3,\"name\":\"LA ROCHE POSAY LIPIKAR BAUME AP+ M RELIPIDANT CORPS 200 ML\"}]},{\"@type\":\"WebSite\",\"@id\":\"https:\/\/paracherkaoui.ma\/#website\",\"url\":\"https:\/\/paracherkaoui.ma\/\",\"name\":\"Paracherkaoui.ma\",\"description\":\"Achetez en ligne sur Paracherkaoui.ma\",\"potentialAction\":[{\"@type\":\"SearchAction\",\"target\":{\"@type\":\"EntryPoint\",\"urlTemplate\":\"https:\/\/paracherkaoui.ma\/?s={search_term_string}\"},\"query-input\":{\"@type\":\"PropertyValueSpecification\",\"valueRequired\":true,\"valueName\":\"search_term_string\"}}],\"inLanguage\":\"fr-FR\"}]}<\/script>\r\n<!-- \/ Yoast SEO plugin. -->","yoast_head_json":{"title":"LA ROCHE POSAY LIPIKAR BAUME AP+ M RELIPIDANT CORPS 200 ML - Paracherkaoui.ma","robots":{"index":"index","follow":"follow","max-snippet":"max-snippet:-1","max-image-preview":"max-image-preview:large","max-video-preview":"max-video-preview:-1"},"canonical":"https:\/\/paracherkaoui.ma\/index.php\/produit\/la-roche-posay-lipikar-baume-ap-m-relipidant-corps-200-ml\/","og_locale":"fr_FR","og_type":"article","og_title":"LA ROCHE POSAY LIPIKAR BAUME AP+ M RELIPIDANT CORPS 200 ML - Paracherkaoui.ma","og_description":"IPIKAR Baume AP+M r\u00e9\u00e9quilibre le microbiome cutan\u00e9. Il apaise imm\u00e9diatement la peau et r\u00e9duit les sensations de d\u00e9mangeaisons. Gr\u00e2ce \u00e0","og_url":"https:\/\/paracherkaoui.ma\/index.php\/produit\/la-roche-posay-lipikar-baume-ap-m-relipidant-corps-200-ml\/","og_site_name":"Paracherkaoui.ma","article_modified_time":"2025-12-12T16:36:22+00:00","og_image":[{"width":700,"height":700,"url":"https:\/\/paracherkaoui.ma\/wp-content\/uploads\/2025\/12\/la-roche-posay-la-roche-posay-lipikar-baume-ap-m-relipidant-corps-200-ml-hydratation-corps.jpg","type":"image\/jpeg"}],"twitter_card":"summary_large_image","schema":{"@context":"https:\/\/schema.org","@graph":[{"@type":"WebPage","@id":"https:\/\/paracherkaoui.ma\/index.php\/produit\/la-roche-posay-lipikar-baume-ap-m-relipidant-corps-200-ml\/","url":"https:\/\/paracherkaoui.ma\/index.php\/produit\/la-roche-posay-lipikar-baume-ap-m-relipidant-corps-200-ml\/","name":"LA ROCHE POSAY LIPIKAR BAUME AP+ M RELIPIDANT CORPS 200 ML - Paracherkaoui.ma","isPartOf":{"@id":"https:\/\/paracherkaoui.ma\/#website"},"primaryImageOfPage":{"@id":"https:\/\/paracherkaoui.ma\/index.php\/produit\/la-roche-posay-lipikar-baume-ap-m-relipidant-corps-200-ml\/#primaryimage"},"image":{"@id":"https:\/\/paracherkaoui.ma\/index.php\/produit\/la-roche-posay-lipikar-baume-ap-m-relipidant-corps-200-ml\/#primaryimage"},"thumbnailUrl":"https:\/\/paracherkaoui.ma\/wp-content\/uploads\/2025\/12\/la-roche-posay-la-roche-posay-lipikar-baume-ap-m-relipidant-corps-200-ml-hydratation-corps.jpg","datePublished":"2025-12-12T16:36:19+00:00","dateModified":"2025-12-12T16:36:22+00:00","breadcrumb":{"@id":"https:\/\/paracherkaoui.ma\/index.php\/produit\/la-roche-posay-lipikar-baume-ap-m-relipidant-corps-200-ml\/#breadcrumb"},"inLanguage":"fr-FR","potentialAction":[{"@type":"ReadAction","target":["https:\/\/paracherkaoui.ma\/index.php\/produit\/la-roche-posay-lipikar-baume-ap-m-relipidant-corps-200-ml\/"]}]},{"@type":"ImageObject","inLanguage":"fr-FR","@id":"https:\/\/paracherkaoui.ma\/index.php\/produit\/la-roche-posay-lipikar-baume-ap-m-relipidant-corps-200-ml\/#primaryimage","url":"https:\/\/paracherkaoui.ma\/wp-content\/uploads\/2025\/12\/la-roche-posay-la-roche-posay-lipikar-baume-ap-m-relipidant-corps-200-ml-hydratation-corps.jpg","contentUrl":"https:\/\/paracherkaoui.ma\/wp-content\/uploads\/2025\/12\/la-roche-posay-la-roche-posay-lipikar-baume-ap-m-relipidant-corps-200-ml-hydratation-corps.jpg","width":700,"height":700},{"@type":"BreadcrumbList","@id":"https:\/\/paracherkaoui.ma\/index.php\/produit\/la-roche-posay-lipikar-baume-ap-m-relipidant-corps-200-ml\/#breadcrumb","itemListElement":[{"@type":"ListItem","position":1,"name":"Accueil","item":"https:\/\/paracherkaoui.ma\/"},{"@type":"ListItem","position":2,"name":"Boutique","item":"https:\/\/paracherkaoui.ma\/index.php\/boutique\/"},{"@type":"ListItem","position":3,"name":"LA ROCHE POSAY LIPIKAR BAUME AP+ M RELIPIDANT CORPS 200 ML"}]},{"@type":"WebSite","@id":"https:\/\/paracherkaoui.ma\/#website","url":"https:\/\/paracherkaoui.ma\/","name":"Paracherkaoui.ma","description":"Achetez en ligne sur Paracherkaoui.ma","potentialAction":[{"@type":"SearchAction","target":{"@type":"EntryPoint","urlTemplate":"https:\/\/paracherkaoui.ma\/?s={search_term_string}"},"query-input":{"@type":"PropertyValueSpecification","valueRequired":true,"valueName":"search_term_string"}}],"inLanguage":"fr-FR"}]}},"_links":{"self":[{"href":"https:\/\/paracherkaoui.ma\/index.php\/wp-json\/wp\/v2\/product\/11104","targetHints":{"allow":["GET"]}}],"collection":[{"href":"https:\/\/paracherkaoui.ma\/index.php\/wp-json\/wp\/v2\/product"}],"about":[{"href":"https:\/\/paracherkaoui.ma\/index.php\/wp-json\/wp\/v2\/types\/product"}],"replies":[{"embeddable":true,"href":"https:\/\/paracherkaoui.ma\/index.php\/wp-json\/wp\/v2\/comments?post=11104"}],"version-history":[{"count":1,"href":"https:\/\/paracherkaoui.ma\/index.php\/wp-json\/wp\/v2\/product\/11104\/revisions"}],"predecessor-version":[{"id":11154,"href":"https:\/\/paracherkaoui.ma\/index.php\/wp-json\/wp\/v2\/product\/11104\/revisions\/11154"}],"wp:featuredmedia":[{"embeddable":true,"href":"https:\/\/paracherkaoui.ma\/index.php\/wp-json\/wp\/v2\/media\/11153"}],"wp:attachment":[{"href":"https:\/\/paracherkaoui.ma\/index.php\/wp-json\/wp\/v2\/media?parent=11104"}],"wp:term":[{"taxonomy":"product_brand","embeddable":true,"href":"https:\/\/paracherkaoui.ma\/index.php\/wp-json\/wp\/v2\/product_brand?post=11104"},{"taxonomy":"product_cat","embeddable":true,"href":"https:\/\/paracherkaoui.ma\/index.php\/wp-json\/wp\/v2\/product_cat?post=11104"},{"taxonomy":"product_tag","embeddable":true,"href":"https:\/\/paracherkaoui.ma\/index.php\/wp-json\/wp\/v2\/product_tag?post=11104"}],"curies":[{"name":"wp","href":"https:\/\/api.w.org\/{rel}","templated":true}]}}