{"id":11102,"date":"2025-12-12T17:36:19","date_gmt":"2025-12-12T16:36:19","guid":{"rendered":"https:\/\/test.ecbeaute.com\/?post_type=product&#038;p=11102"},"modified":"2025-12-12T17:36:22","modified_gmt":"2025-12-12T16:36:22","slug":"cerave-creme-hydratante-visage-spf-30-peaux-normales-a-seches-52-ml","status":"publish","type":"product","link":"https:\/\/paracherkaoui.ma\/index.php\/produit\/cerave-creme-hydratante-visage-spf-30-peaux-normales-a-seches-52-ml\/","title":{"rendered":"CERAVE CREME HYDRATANTE VISAGE SPF 30 PEAUX NORMALES A SECHES 52 ML"},"content":{"rendered":"<p>Sa formule non com\u00e9dog\u00e8ne, sans parfum et hypoallerg\u00e9nique respecte l&rsquo;\u00e9quilibre des peaux les plus d\u00e9licates. Riche en niacinamide et vitamine E, elle apaise les irritations et renforce l\u2019\u00e9clat naturel de la peau. Les 3 c\u00e9ramides essentiels (1, 3 et 6-II) pr\u00e9sents dans la formule contribuent \u00e0 restaurer la barri\u00e8re cutan\u00e9e, tandis que l\u2019acide hyaluronique retient l\u2019hydratation pour une peau souple, douce et visiblement plus saine.<br \/>\nSa texture cr\u00e8me l\u00e9g\u00e8re et non grasse p\u00e9n\u00e8tre rapidement sans laisser de r\u00e9sidu brillant, id\u00e9ale pour une utilisation quotidienne, m\u00eame sous le maquillage. En plus d\u2019hydrater, elle prot\u00e8ge efficacement contre les agressions ext\u00e9rieures.<br \/>\nConseils d&rsquo;utilisation<br \/>\nLe matin, appliquez g\u00e9n\u00e9reusement sur peau propre et s\u00e8che, sur le visage et le cou.<br \/>\nR\u00e9partissez uniform\u00e9ment par de l\u00e9gers mouvements circulaires.<br \/>\n\u00c9vitez le contact avec les yeux.<br \/>\nEn cas d\u2019exposition prolong\u00e9e au soleil, renouveler l\u2019application r\u00e9guli\u00e8rement.<br \/>\nComposition<br \/>\nAqua\/Water, Glycerin, Cetearyl Alcohol, Phenoxyethanol, Stearyl Alcohol, Cetyl Alcohol, PEG-40 Stearate, Behentrimonium Methosulfate, Glyceryl Stearate, Polysorbate 20, Ethylhexylglycerin, Potassium Phosphate, Disodium EDTA, Dipotassium Phosphate, Sodium Lauroyl Lactylate, Ceramide NP, Ceramide AP, Phytosphingosine, Cholesterol, Sodium Hyaluronate, Xanthan Gum, Carbomer, Tocopherol, Ceramide EOP<\/p>\n","protected":false},"excerpt":{"rendered":"<p>Sa formule non com\u00e9dog\u00e8ne, sans parfum et hypoallerg\u00e9nique respecte l&rsquo;\u00e9quilibre des peaux les plus d\u00e9licates. Riche en niacinamide et vitamine<\/p>\n","protected":false},"featured_media":11149,"comment_status":"open","ping_status":"closed","template":"","meta":[],"product_brand":[131],"product_cat":[148],"product_tag":[],"class_list":{"0":"post-11102","1":"product","2":"type-product","3":"status-publish","4":"has-post-thumbnail","6":"product_brand-cerave","7":"product_cat-peau-seche","9":"first","10":"instock","11":"sale","12":"shipping-taxable","13":"purchasable","14":"product-type-simple"},"yoast_head":"<!-- This site is optimized with the Yoast SEO plugin v26.6 - https:\/\/yoast.com\/wordpress\/plugins\/seo\/ -->\r\n<title>CERAVE CREME HYDRATANTE VISAGE SPF 30 PEAUX NORMALES A SECHES 52 ML - Paracherkaoui.ma<\/title>\r\n<meta name=\"robots\" content=\"index, follow, max-snippet:-1, max-image-preview:large, max-video-preview:-1\" \/>\r\n<link rel=\"canonical\" href=\"https:\/\/paracherkaoui.ma\/index.php\/produit\/cerave-creme-hydratante-visage-spf-30-peaux-normales-a-seches-52-ml\/\" \/>\r\n<meta property=\"og:locale\" content=\"fr_FR\" \/>\r\n<meta property=\"og:type\" content=\"article\" \/>\r\n<meta property=\"og:title\" content=\"CERAVE CREME HYDRATANTE VISAGE SPF 30 PEAUX NORMALES A SECHES 52 ML - Paracherkaoui.ma\" \/>\r\n<meta property=\"og:description\" content=\"Sa formule non com\u00e9dog\u00e8ne, sans parfum et hypoallerg\u00e9nique respecte l&rsquo;\u00e9quilibre des peaux les plus d\u00e9licates. Riche en niacinamide et vitamine\" \/>\r\n<meta property=\"og:url\" content=\"https:\/\/paracherkaoui.ma\/index.php\/produit\/cerave-creme-hydratante-visage-spf-30-peaux-normales-a-seches-52-ml\/\" \/>\r\n<meta property=\"og:site_name\" content=\"Paracherkaoui.ma\" \/>\r\n<meta property=\"article:modified_time\" content=\"2025-12-12T16:36:22+00:00\" \/>\r\n<meta property=\"og:image\" content=\"https:\/\/paracherkaoui.ma\/wp-content\/uploads\/2025\/12\/cerave-cerave-creme-hydratante-visage-spf-30-peaux-normales-a-seches-52-ml-cremes-jour.jpg\" \/>\r\n\t<meta property=\"og:image:width\" content=\"700\" \/>\r\n\t<meta property=\"og:image:height\" content=\"700\" \/>\r\n\t<meta property=\"og:image:type\" content=\"image\/jpeg\" \/>\r\n<meta name=\"twitter:card\" content=\"summary_large_image\" \/>\r\n<meta name=\"twitter:label1\" content=\"Dur\u00e9e de lecture estim\u00e9e\" \/>\n\t<meta name=\"twitter:data1\" content=\"1 minute\" \/>\r\n<script type=\"application\/ld+json\" class=\"yoast-schema-graph\">{\"@context\":\"https:\/\/schema.org\",\"@graph\":[{\"@type\":\"WebPage\",\"@id\":\"https:\/\/paracherkaoui.ma\/index.php\/produit\/cerave-creme-hydratante-visage-spf-30-peaux-normales-a-seches-52-ml\/\",\"url\":\"https:\/\/paracherkaoui.ma\/index.php\/produit\/cerave-creme-hydratante-visage-spf-30-peaux-normales-a-seches-52-ml\/\",\"name\":\"CERAVE CREME HYDRATANTE VISAGE SPF 30 PEAUX NORMALES A SECHES 52 ML - Paracherkaoui.ma\",\"isPartOf\":{\"@id\":\"https:\/\/paracherkaoui.ma\/#website\"},\"primaryImageOfPage\":{\"@id\":\"https:\/\/paracherkaoui.ma\/index.php\/produit\/cerave-creme-hydratante-visage-spf-30-peaux-normales-a-seches-52-ml\/#primaryimage\"},\"image\":{\"@id\":\"https:\/\/paracherkaoui.ma\/index.php\/produit\/cerave-creme-hydratante-visage-spf-30-peaux-normales-a-seches-52-ml\/#primaryimage\"},\"thumbnailUrl\":\"https:\/\/paracherkaoui.ma\/wp-content\/uploads\/2025\/12\/cerave-cerave-creme-hydratante-visage-spf-30-peaux-normales-a-seches-52-ml-cremes-jour.jpg\",\"datePublished\":\"2025-12-12T16:36:19+00:00\",\"dateModified\":\"2025-12-12T16:36:22+00:00\",\"breadcrumb\":{\"@id\":\"https:\/\/paracherkaoui.ma\/index.php\/produit\/cerave-creme-hydratante-visage-spf-30-peaux-normales-a-seches-52-ml\/#breadcrumb\"},\"inLanguage\":\"fr-FR\",\"potentialAction\":[{\"@type\":\"ReadAction\",\"target\":[\"https:\/\/paracherkaoui.ma\/index.php\/produit\/cerave-creme-hydratante-visage-spf-30-peaux-normales-a-seches-52-ml\/\"]}]},{\"@type\":\"ImageObject\",\"inLanguage\":\"fr-FR\",\"@id\":\"https:\/\/paracherkaoui.ma\/index.php\/produit\/cerave-creme-hydratante-visage-spf-30-peaux-normales-a-seches-52-ml\/#primaryimage\",\"url\":\"https:\/\/paracherkaoui.ma\/wp-content\/uploads\/2025\/12\/cerave-cerave-creme-hydratante-visage-spf-30-peaux-normales-a-seches-52-ml-cremes-jour.jpg\",\"contentUrl\":\"https:\/\/paracherkaoui.ma\/wp-content\/uploads\/2025\/12\/cerave-cerave-creme-hydratante-visage-spf-30-peaux-normales-a-seches-52-ml-cremes-jour.jpg\",\"width\":700,\"height\":700},{\"@type\":\"BreadcrumbList\",\"@id\":\"https:\/\/paracherkaoui.ma\/index.php\/produit\/cerave-creme-hydratante-visage-spf-30-peaux-normales-a-seches-52-ml\/#breadcrumb\",\"itemListElement\":[{\"@type\":\"ListItem\",\"position\":1,\"name\":\"Accueil\",\"item\":\"https:\/\/paracherkaoui.ma\/\"},{\"@type\":\"ListItem\",\"position\":2,\"name\":\"Boutique\",\"item\":\"https:\/\/paracherkaoui.ma\/index.php\/boutique\/\"},{\"@type\":\"ListItem\",\"position\":3,\"name\":\"CERAVE CREME HYDRATANTE VISAGE SPF 30 PEAUX NORMALES A SECHES 52 ML\"}]},{\"@type\":\"WebSite\",\"@id\":\"https:\/\/paracherkaoui.ma\/#website\",\"url\":\"https:\/\/paracherkaoui.ma\/\",\"name\":\"Paracherkaoui.ma\",\"description\":\"Achetez en ligne sur Paracherkaoui.ma\",\"potentialAction\":[{\"@type\":\"SearchAction\",\"target\":{\"@type\":\"EntryPoint\",\"urlTemplate\":\"https:\/\/paracherkaoui.ma\/?s={search_term_string}\"},\"query-input\":{\"@type\":\"PropertyValueSpecification\",\"valueRequired\":true,\"valueName\":\"search_term_string\"}}],\"inLanguage\":\"fr-FR\"}]}<\/script>\r\n<!-- \/ Yoast SEO plugin. -->","yoast_head_json":{"title":"CERAVE CREME HYDRATANTE VISAGE SPF 30 PEAUX NORMALES A SECHES 52 ML - Paracherkaoui.ma","robots":{"index":"index","follow":"follow","max-snippet":"max-snippet:-1","max-image-preview":"max-image-preview:large","max-video-preview":"max-video-preview:-1"},"canonical":"https:\/\/paracherkaoui.ma\/index.php\/produit\/cerave-creme-hydratante-visage-spf-30-peaux-normales-a-seches-52-ml\/","og_locale":"fr_FR","og_type":"article","og_title":"CERAVE CREME HYDRATANTE VISAGE SPF 30 PEAUX NORMALES A SECHES 52 ML - Paracherkaoui.ma","og_description":"Sa formule non com\u00e9dog\u00e8ne, sans parfum et hypoallerg\u00e9nique respecte l&rsquo;\u00e9quilibre des peaux les plus d\u00e9licates. Riche en niacinamide et vitamine","og_url":"https:\/\/paracherkaoui.ma\/index.php\/produit\/cerave-creme-hydratante-visage-spf-30-peaux-normales-a-seches-52-ml\/","og_site_name":"Paracherkaoui.ma","article_modified_time":"2025-12-12T16:36:22+00:00","og_image":[{"width":700,"height":700,"url":"https:\/\/paracherkaoui.ma\/wp-content\/uploads\/2025\/12\/cerave-cerave-creme-hydratante-visage-spf-30-peaux-normales-a-seches-52-ml-cremes-jour.jpg","type":"image\/jpeg"}],"twitter_card":"summary_large_image","twitter_misc":{"Dur\u00e9e de lecture estim\u00e9e":"1 minute"},"schema":{"@context":"https:\/\/schema.org","@graph":[{"@type":"WebPage","@id":"https:\/\/paracherkaoui.ma\/index.php\/produit\/cerave-creme-hydratante-visage-spf-30-peaux-normales-a-seches-52-ml\/","url":"https:\/\/paracherkaoui.ma\/index.php\/produit\/cerave-creme-hydratante-visage-spf-30-peaux-normales-a-seches-52-ml\/","name":"CERAVE CREME HYDRATANTE VISAGE SPF 30 PEAUX NORMALES A SECHES 52 ML - Paracherkaoui.ma","isPartOf":{"@id":"https:\/\/paracherkaoui.ma\/#website"},"primaryImageOfPage":{"@id":"https:\/\/paracherkaoui.ma\/index.php\/produit\/cerave-creme-hydratante-visage-spf-30-peaux-normales-a-seches-52-ml\/#primaryimage"},"image":{"@id":"https:\/\/paracherkaoui.ma\/index.php\/produit\/cerave-creme-hydratante-visage-spf-30-peaux-normales-a-seches-52-ml\/#primaryimage"},"thumbnailUrl":"https:\/\/paracherkaoui.ma\/wp-content\/uploads\/2025\/12\/cerave-cerave-creme-hydratante-visage-spf-30-peaux-normales-a-seches-52-ml-cremes-jour.jpg","datePublished":"2025-12-12T16:36:19+00:00","dateModified":"2025-12-12T16:36:22+00:00","breadcrumb":{"@id":"https:\/\/paracherkaoui.ma\/index.php\/produit\/cerave-creme-hydratante-visage-spf-30-peaux-normales-a-seches-52-ml\/#breadcrumb"},"inLanguage":"fr-FR","potentialAction":[{"@type":"ReadAction","target":["https:\/\/paracherkaoui.ma\/index.php\/produit\/cerave-creme-hydratante-visage-spf-30-peaux-normales-a-seches-52-ml\/"]}]},{"@type":"ImageObject","inLanguage":"fr-FR","@id":"https:\/\/paracherkaoui.ma\/index.php\/produit\/cerave-creme-hydratante-visage-spf-30-peaux-normales-a-seches-52-ml\/#primaryimage","url":"https:\/\/paracherkaoui.ma\/wp-content\/uploads\/2025\/12\/cerave-cerave-creme-hydratante-visage-spf-30-peaux-normales-a-seches-52-ml-cremes-jour.jpg","contentUrl":"https:\/\/paracherkaoui.ma\/wp-content\/uploads\/2025\/12\/cerave-cerave-creme-hydratante-visage-spf-30-peaux-normales-a-seches-52-ml-cremes-jour.jpg","width":700,"height":700},{"@type":"BreadcrumbList","@id":"https:\/\/paracherkaoui.ma\/index.php\/produit\/cerave-creme-hydratante-visage-spf-30-peaux-normales-a-seches-52-ml\/#breadcrumb","itemListElement":[{"@type":"ListItem","position":1,"name":"Accueil","item":"https:\/\/paracherkaoui.ma\/"},{"@type":"ListItem","position":2,"name":"Boutique","item":"https:\/\/paracherkaoui.ma\/index.php\/boutique\/"},{"@type":"ListItem","position":3,"name":"CERAVE CREME HYDRATANTE VISAGE SPF 30 PEAUX NORMALES A SECHES 52 ML"}]},{"@type":"WebSite","@id":"https:\/\/paracherkaoui.ma\/#website","url":"https:\/\/paracherkaoui.ma\/","name":"Paracherkaoui.ma","description":"Achetez en ligne sur Paracherkaoui.ma","potentialAction":[{"@type":"SearchAction","target":{"@type":"EntryPoint","urlTemplate":"https:\/\/paracherkaoui.ma\/?s={search_term_string}"},"query-input":{"@type":"PropertyValueSpecification","valueRequired":true,"valueName":"search_term_string"}}],"inLanguage":"fr-FR"}]}},"_links":{"self":[{"href":"https:\/\/paracherkaoui.ma\/index.php\/wp-json\/wp\/v2\/product\/11102","targetHints":{"allow":["GET"]}}],"collection":[{"href":"https:\/\/paracherkaoui.ma\/index.php\/wp-json\/wp\/v2\/product"}],"about":[{"href":"https:\/\/paracherkaoui.ma\/index.php\/wp-json\/wp\/v2\/types\/product"}],"replies":[{"embeddable":true,"href":"https:\/\/paracherkaoui.ma\/index.php\/wp-json\/wp\/v2\/comments?post=11102"}],"version-history":[{"count":1,"href":"https:\/\/paracherkaoui.ma\/index.php\/wp-json\/wp\/v2\/product\/11102\/revisions"}],"predecessor-version":[{"id":11150,"href":"https:\/\/paracherkaoui.ma\/index.php\/wp-json\/wp\/v2\/product\/11102\/revisions\/11150"}],"wp:featuredmedia":[{"embeddable":true,"href":"https:\/\/paracherkaoui.ma\/index.php\/wp-json\/wp\/v2\/media\/11149"}],"wp:attachment":[{"href":"https:\/\/paracherkaoui.ma\/index.php\/wp-json\/wp\/v2\/media?parent=11102"}],"wp:term":[{"taxonomy":"product_brand","embeddable":true,"href":"https:\/\/paracherkaoui.ma\/index.php\/wp-json\/wp\/v2\/product_brand?post=11102"},{"taxonomy":"product_cat","embeddable":true,"href":"https:\/\/paracherkaoui.ma\/index.php\/wp-json\/wp\/v2\/product_cat?post=11102"},{"taxonomy":"product_tag","embeddable":true,"href":"https:\/\/paracherkaoui.ma\/index.php\/wp-json\/wp\/v2\/product_tag?post=11102"}],"curies":[{"name":"wp","href":"https:\/\/api.w.org\/{rel}","templated":true}]}}