{"id":11088,"date":"2025-12-12T17:36:19","date_gmt":"2025-12-12T16:36:19","guid":{"rendered":"https:\/\/test.ecbeaute.com\/?post_type=product&#038;p=11088"},"modified":"2025-12-12T17:36:20","modified_gmt":"2025-12-12T16:36:20","slug":"eucerin-emollient-corps-reparateur-10-duree-250-ml","status":"publish","type":"product","link":"https:\/\/paracherkaoui.ma\/index.php\/produit\/eucerin-emollient-corps-reparateur-10-duree-250-ml\/","title":{"rendered":"EUCERIN EMOLLIENT CORPS REPARATEUR 10% D&rsquo;UREE 250 ML"},"content":{"rendered":"<p>D\u00e9tails Produit<br \/>\nEMOLLIENT CORPS REPARATEUR 10% D&rsquo;UREE EUCERIN 250ML<br \/>\nCe soin quotidien est utilis\u00e9 pour les \u00e9tats de s\u00e9cheresse cutan\u00e9e s\u00e9v\u00e8re : peaux s\u00e8ches constitutionnelles, peaux atopiques, prurigineuses, \u00e0 tendance ichtyosique et x\u00e9roses, peaux dess\u00e9ch\u00e9es par les traitements m\u00e9dicamenteux.<br \/>\nCette cr\u00e8me contient de l&rsquo;Ur\u00e9e qui est agent naturel d&rsquo;hydro-fixation (naturellement pr\u00e9sent dans la peau). Elle r\u00e9hydrate efficacement et durablement les couches sup\u00e9rieures de l&rsquo;\u00e9piderme d\u00e8s les premi\u00e8res applications. Elle favorise l&rsquo;exfoliation et apaise les sensations de d\u00e9mangeaisons.<\/p>\n<p>Propri\u00e9t\u00e9s :<br \/>\n&#8211; Soin quotidien\u00a0Hydratant Tr\u00e8s Haute Tol\u00e9rance. &#8211; Favorise l&rsquo;exfoliation, l&rsquo;\u00e9limination des\u00a0squames\u00a0et apaise.<br \/>\n&#8211; Apporte \u00e0 la peau\u00a0souplesse\u00a0et\u00a0confort\u00a0dont elle a besoin.<br \/>\nComposants :<br \/>\nContient de l&rsquo;Ur\u00e9e\u00a0: agent naturel d&rsquo;hydro fixation\u00a0(naturellement pr\u00e9sent dans la peau)<br \/>\nAvantages :<br \/>\nSa formule tr\u00e8s haute tol\u00e9rance est sans paraben, sans lanoline, sans parfum, sans colorant et hypoallerg\u00e9nique.<br \/>\nR\u00e9hydrate efficacement\u00a0et\u00a0durablement\u00a0les couches sup\u00e9rieures de l&rsquo;\u00e9piderme d\u00e8s les premi\u00e8res applications.<br \/>\nConseils d&rsquo;utilisation :<br \/>\nAppliquer apr\u00e8s votre douche le matin et\/ou le soir sur le corps.<\/p>\n","protected":false},"excerpt":{"rendered":"<p>D\u00e9tails Produit EMOLLIENT CORPS REPARATEUR 10% D&rsquo;UREE EUCERIN 250ML Ce soin quotidien est utilis\u00e9 pour les \u00e9tats de s\u00e9cheresse cutan\u00e9e<\/p>\n","protected":false},"featured_media":11121,"comment_status":"open","ping_status":"closed","template":"","meta":[],"product_brand":[134],"product_cat":[148],"product_tag":[],"class_list":{"0":"post-11088","1":"product","2":"type-product","3":"status-publish","4":"has-post-thumbnail","6":"product_brand-eucerin","7":"product_cat-peau-seche","9":"first","10":"instock","11":"sale","12":"shipping-taxable","13":"purchasable","14":"product-type-simple"},"yoast_head":"<!-- This site is optimized with the Yoast SEO plugin v26.6 - https:\/\/yoast.com\/wordpress\/plugins\/seo\/ -->\r\n<title>EUCERIN EMOLLIENT CORPS REPARATEUR 10% D&#039;UREE 250 ML - Paracherkaoui.ma<\/title>\r\n<meta name=\"robots\" content=\"index, follow, max-snippet:-1, max-image-preview:large, max-video-preview:-1\" \/>\r\n<link rel=\"canonical\" href=\"https:\/\/paracherkaoui.ma\/index.php\/produit\/eucerin-emollient-corps-reparateur-10-duree-250-ml\/\" \/>\r\n<meta property=\"og:locale\" content=\"fr_FR\" \/>\r\n<meta property=\"og:type\" content=\"article\" \/>\r\n<meta property=\"og:title\" content=\"EUCERIN EMOLLIENT CORPS REPARATEUR 10% D&#039;UREE 250 ML - Paracherkaoui.ma\" \/>\r\n<meta property=\"og:description\" content=\"D\u00e9tails Produit EMOLLIENT CORPS REPARATEUR 10% D&rsquo;UREE EUCERIN 250ML Ce soin quotidien est utilis\u00e9 pour les \u00e9tats de s\u00e9cheresse cutan\u00e9e\" \/>\r\n<meta property=\"og:url\" content=\"https:\/\/paracherkaoui.ma\/index.php\/produit\/eucerin-emollient-corps-reparateur-10-duree-250-ml\/\" \/>\r\n<meta property=\"og:site_name\" content=\"Paracherkaoui.ma\" \/>\r\n<meta property=\"article:modified_time\" content=\"2025-12-12T16:36:20+00:00\" \/>\r\n<meta property=\"og:image\" content=\"https:\/\/paracherkaoui.ma\/wp-content\/uploads\/2025\/12\/eucerin-eucerin-emollient-corps-reparateur-10-duree-250-ml-hydratation-corps.jpg\" \/>\r\n\t<meta property=\"og:image:width\" content=\"700\" \/>\r\n\t<meta property=\"og:image:height\" content=\"700\" \/>\r\n\t<meta property=\"og:image:type\" content=\"image\/jpeg\" \/>\r\n<meta name=\"twitter:card\" content=\"summary_large_image\" \/>\r\n<meta name=\"twitter:label1\" content=\"Dur\u00e9e de lecture estim\u00e9e\" \/>\n\t<meta name=\"twitter:data1\" content=\"1 minute\" \/>\r\n<script type=\"application\/ld+json\" class=\"yoast-schema-graph\">{\"@context\":\"https:\/\/schema.org\",\"@graph\":[{\"@type\":\"WebPage\",\"@id\":\"https:\/\/paracherkaoui.ma\/index.php\/produit\/eucerin-emollient-corps-reparateur-10-duree-250-ml\/\",\"url\":\"https:\/\/paracherkaoui.ma\/index.php\/produit\/eucerin-emollient-corps-reparateur-10-duree-250-ml\/\",\"name\":\"EUCERIN EMOLLIENT CORPS REPARATEUR 10% D'UREE 250 ML - Paracherkaoui.ma\",\"isPartOf\":{\"@id\":\"https:\/\/paracherkaoui.ma\/#website\"},\"primaryImageOfPage\":{\"@id\":\"https:\/\/paracherkaoui.ma\/index.php\/produit\/eucerin-emollient-corps-reparateur-10-duree-250-ml\/#primaryimage\"},\"image\":{\"@id\":\"https:\/\/paracherkaoui.ma\/index.php\/produit\/eucerin-emollient-corps-reparateur-10-duree-250-ml\/#primaryimage\"},\"thumbnailUrl\":\"https:\/\/paracherkaoui.ma\/wp-content\/uploads\/2025\/12\/eucerin-eucerin-emollient-corps-reparateur-10-duree-250-ml-hydratation-corps.jpg\",\"datePublished\":\"2025-12-12T16:36:19+00:00\",\"dateModified\":\"2025-12-12T16:36:20+00:00\",\"breadcrumb\":{\"@id\":\"https:\/\/paracherkaoui.ma\/index.php\/produit\/eucerin-emollient-corps-reparateur-10-duree-250-ml\/#breadcrumb\"},\"inLanguage\":\"fr-FR\",\"potentialAction\":[{\"@type\":\"ReadAction\",\"target\":[\"https:\/\/paracherkaoui.ma\/index.php\/produit\/eucerin-emollient-corps-reparateur-10-duree-250-ml\/\"]}]},{\"@type\":\"ImageObject\",\"inLanguage\":\"fr-FR\",\"@id\":\"https:\/\/paracherkaoui.ma\/index.php\/produit\/eucerin-emollient-corps-reparateur-10-duree-250-ml\/#primaryimage\",\"url\":\"https:\/\/paracherkaoui.ma\/wp-content\/uploads\/2025\/12\/eucerin-eucerin-emollient-corps-reparateur-10-duree-250-ml-hydratation-corps.jpg\",\"contentUrl\":\"https:\/\/paracherkaoui.ma\/wp-content\/uploads\/2025\/12\/eucerin-eucerin-emollient-corps-reparateur-10-duree-250-ml-hydratation-corps.jpg\",\"width\":700,\"height\":700},{\"@type\":\"BreadcrumbList\",\"@id\":\"https:\/\/paracherkaoui.ma\/index.php\/produit\/eucerin-emollient-corps-reparateur-10-duree-250-ml\/#breadcrumb\",\"itemListElement\":[{\"@type\":\"ListItem\",\"position\":1,\"name\":\"Accueil\",\"item\":\"https:\/\/paracherkaoui.ma\/\"},{\"@type\":\"ListItem\",\"position\":2,\"name\":\"Boutique\",\"item\":\"https:\/\/paracherkaoui.ma\/index.php\/boutique\/\"},{\"@type\":\"ListItem\",\"position\":3,\"name\":\"EUCERIN EMOLLIENT CORPS REPARATEUR 10% D&rsquo;UREE 250 ML\"}]},{\"@type\":\"WebSite\",\"@id\":\"https:\/\/paracherkaoui.ma\/#website\",\"url\":\"https:\/\/paracherkaoui.ma\/\",\"name\":\"Paracherkaoui.ma\",\"description\":\"Achetez en ligne sur Paracherkaoui.ma\",\"potentialAction\":[{\"@type\":\"SearchAction\",\"target\":{\"@type\":\"EntryPoint\",\"urlTemplate\":\"https:\/\/paracherkaoui.ma\/?s={search_term_string}\"},\"query-input\":{\"@type\":\"PropertyValueSpecification\",\"valueRequired\":true,\"valueName\":\"search_term_string\"}}],\"inLanguage\":\"fr-FR\"}]}<\/script>\r\n<!-- \/ Yoast SEO plugin. -->","yoast_head_json":{"title":"EUCERIN EMOLLIENT CORPS REPARATEUR 10% D'UREE 250 ML - Paracherkaoui.ma","robots":{"index":"index","follow":"follow","max-snippet":"max-snippet:-1","max-image-preview":"max-image-preview:large","max-video-preview":"max-video-preview:-1"},"canonical":"https:\/\/paracherkaoui.ma\/index.php\/produit\/eucerin-emollient-corps-reparateur-10-duree-250-ml\/","og_locale":"fr_FR","og_type":"article","og_title":"EUCERIN EMOLLIENT CORPS REPARATEUR 10% D'UREE 250 ML - Paracherkaoui.ma","og_description":"D\u00e9tails Produit EMOLLIENT CORPS REPARATEUR 10% D&rsquo;UREE EUCERIN 250ML Ce soin quotidien est utilis\u00e9 pour les \u00e9tats de s\u00e9cheresse cutan\u00e9e","og_url":"https:\/\/paracherkaoui.ma\/index.php\/produit\/eucerin-emollient-corps-reparateur-10-duree-250-ml\/","og_site_name":"Paracherkaoui.ma","article_modified_time":"2025-12-12T16:36:20+00:00","og_image":[{"width":700,"height":700,"url":"https:\/\/paracherkaoui.ma\/wp-content\/uploads\/2025\/12\/eucerin-eucerin-emollient-corps-reparateur-10-duree-250-ml-hydratation-corps.jpg","type":"image\/jpeg"}],"twitter_card":"summary_large_image","twitter_misc":{"Dur\u00e9e de lecture estim\u00e9e":"1 minute"},"schema":{"@context":"https:\/\/schema.org","@graph":[{"@type":"WebPage","@id":"https:\/\/paracherkaoui.ma\/index.php\/produit\/eucerin-emollient-corps-reparateur-10-duree-250-ml\/","url":"https:\/\/paracherkaoui.ma\/index.php\/produit\/eucerin-emollient-corps-reparateur-10-duree-250-ml\/","name":"EUCERIN EMOLLIENT CORPS REPARATEUR 10% D'UREE 250 ML - Paracherkaoui.ma","isPartOf":{"@id":"https:\/\/paracherkaoui.ma\/#website"},"primaryImageOfPage":{"@id":"https:\/\/paracherkaoui.ma\/index.php\/produit\/eucerin-emollient-corps-reparateur-10-duree-250-ml\/#primaryimage"},"image":{"@id":"https:\/\/paracherkaoui.ma\/index.php\/produit\/eucerin-emollient-corps-reparateur-10-duree-250-ml\/#primaryimage"},"thumbnailUrl":"https:\/\/paracherkaoui.ma\/wp-content\/uploads\/2025\/12\/eucerin-eucerin-emollient-corps-reparateur-10-duree-250-ml-hydratation-corps.jpg","datePublished":"2025-12-12T16:36:19+00:00","dateModified":"2025-12-12T16:36:20+00:00","breadcrumb":{"@id":"https:\/\/paracherkaoui.ma\/index.php\/produit\/eucerin-emollient-corps-reparateur-10-duree-250-ml\/#breadcrumb"},"inLanguage":"fr-FR","potentialAction":[{"@type":"ReadAction","target":["https:\/\/paracherkaoui.ma\/index.php\/produit\/eucerin-emollient-corps-reparateur-10-duree-250-ml\/"]}]},{"@type":"ImageObject","inLanguage":"fr-FR","@id":"https:\/\/paracherkaoui.ma\/index.php\/produit\/eucerin-emollient-corps-reparateur-10-duree-250-ml\/#primaryimage","url":"https:\/\/paracherkaoui.ma\/wp-content\/uploads\/2025\/12\/eucerin-eucerin-emollient-corps-reparateur-10-duree-250-ml-hydratation-corps.jpg","contentUrl":"https:\/\/paracherkaoui.ma\/wp-content\/uploads\/2025\/12\/eucerin-eucerin-emollient-corps-reparateur-10-duree-250-ml-hydratation-corps.jpg","width":700,"height":700},{"@type":"BreadcrumbList","@id":"https:\/\/paracherkaoui.ma\/index.php\/produit\/eucerin-emollient-corps-reparateur-10-duree-250-ml\/#breadcrumb","itemListElement":[{"@type":"ListItem","position":1,"name":"Accueil","item":"https:\/\/paracherkaoui.ma\/"},{"@type":"ListItem","position":2,"name":"Boutique","item":"https:\/\/paracherkaoui.ma\/index.php\/boutique\/"},{"@type":"ListItem","position":3,"name":"EUCERIN EMOLLIENT CORPS REPARATEUR 10% D&rsquo;UREE 250 ML"}]},{"@type":"WebSite","@id":"https:\/\/paracherkaoui.ma\/#website","url":"https:\/\/paracherkaoui.ma\/","name":"Paracherkaoui.ma","description":"Achetez en ligne sur Paracherkaoui.ma","potentialAction":[{"@type":"SearchAction","target":{"@type":"EntryPoint","urlTemplate":"https:\/\/paracherkaoui.ma\/?s={search_term_string}"},"query-input":{"@type":"PropertyValueSpecification","valueRequired":true,"valueName":"search_term_string"}}],"inLanguage":"fr-FR"}]}},"_links":{"self":[{"href":"https:\/\/paracherkaoui.ma\/index.php\/wp-json\/wp\/v2\/product\/11088","targetHints":{"allow":["GET"]}}],"collection":[{"href":"https:\/\/paracherkaoui.ma\/index.php\/wp-json\/wp\/v2\/product"}],"about":[{"href":"https:\/\/paracherkaoui.ma\/index.php\/wp-json\/wp\/v2\/types\/product"}],"replies":[{"embeddable":true,"href":"https:\/\/paracherkaoui.ma\/index.php\/wp-json\/wp\/v2\/comments?post=11088"}],"version-history":[{"count":1,"href":"https:\/\/paracherkaoui.ma\/index.php\/wp-json\/wp\/v2\/product\/11088\/revisions"}],"predecessor-version":[{"id":11122,"href":"https:\/\/paracherkaoui.ma\/index.php\/wp-json\/wp\/v2\/product\/11088\/revisions\/11122"}],"wp:featuredmedia":[{"embeddable":true,"href":"https:\/\/paracherkaoui.ma\/index.php\/wp-json\/wp\/v2\/media\/11121"}],"wp:attachment":[{"href":"https:\/\/paracherkaoui.ma\/index.php\/wp-json\/wp\/v2\/media?parent=11088"}],"wp:term":[{"taxonomy":"product_brand","embeddable":true,"href":"https:\/\/paracherkaoui.ma\/index.php\/wp-json\/wp\/v2\/product_brand?post=11088"},{"taxonomy":"product_cat","embeddable":true,"href":"https:\/\/paracherkaoui.ma\/index.php\/wp-json\/wp\/v2\/product_cat?post=11088"},{"taxonomy":"product_tag","embeddable":true,"href":"https:\/\/paracherkaoui.ma\/index.php\/wp-json\/wp\/v2\/product_tag?post=11088"}],"curies":[{"name":"wp","href":"https:\/\/api.w.org\/{rel}","templated":true}]}}