{"id":11016,"date":"2025-12-12T17:36:13","date_gmt":"2025-12-12T16:36:13","guid":{"rendered":"https:\/\/test.ecbeaute.com\/?post_type=product&#038;p=11016"},"modified":"2025-12-12T17:36:16","modified_gmt":"2025-12-12T16:36:16","slug":"eucerin-aquaphor-reparateur-levres-sos-10-ml","status":"publish","type":"product","link":"https:\/\/paracherkaoui.ma\/index.php\/produit\/eucerin-aquaphor-reparateur-levres-sos-10-ml\/","title":{"rendered":"EUCERIN AQUAPHOR REPARATEUR LEVRES SOS 10 ML"},"content":{"rendered":"<p>Id\u00e9al pour toute la famille, ce soin convient d\u00e8s l\u2019\u00e2ge de 3 ans. Sans parfum ni conservateur, il a \u00e9t\u00e9 cliniquement et dermatologiquement test\u00e9 pour garantir une tol\u00e9rance maximale, m\u00eame sur les peaux les plus sensibles. Sa texture onctueuse fond sur les l\u00e8vres et les enveloppe d\u2019un voile protecteur sans fini collant, pour un confort imm\u00e9diat et durable.<br \/>\nUtilis\u00e9 r\u00e9guli\u00e8rement, Eucerin Aquaphor R\u00e9parateur L\u00e8vres aide \u00e0 restaurer une barri\u00e8re cutan\u00e9e saine, \u00e0 pr\u00e9venir les ger\u00e7ures, et \u00e0 rendre les l\u00e8vres visiblement plus douces, plus lisses et plus souples. Un indispensable \u00e0 glisser dans chaque sac, pour une hydratation SOS \u00e0 tout moment de la journ\u00e9e.<br \/>\nConseils d&rsquo;utilisation<br \/>\nAppliquez le soin sur les l\u00e8vres aussi souvent que n\u00e9cessaire, en particulier lors d&rsquo;exposition au froid, au vent ou en cas de sensation de tiraillement.<br \/>\nId\u00e9al en couche g\u00e9n\u00e9reuse le soir avant le coucher pour une action r\u00e9paratrice intense pendant la nuit.<br \/>\nConvient \u00e0 un usage quotidien pour les adultes et les enfants d\u00e8s 3 ans.<br \/>\nComposition<br \/>\nOctyldodecanol, C18-38 Alkylhydroxy Stearoyl Stearate, Ricinus Communis Seed Oil, Caprylic\/Capric Triglyceride, Glycerin, Panthenol, Bis-Diglyceryl Polyacyladipate-2, Aqua, Polyglyceryl-3 Diisostearate, Butyrospermum Parkii Butter, Hydrogenated Castor Oil, Tocopherol, Tocopheryl Acetate, Sodium Ascorbyl Phosphate, Cera Alba, Bisabolol, C20-40 Alkyl Stearate, Magnesium Stearate, Magnesium Sulfate<\/p>\n","protected":false},"excerpt":{"rendered":"<p>Id\u00e9al pour toute la famille, ce soin convient d\u00e8s l\u2019\u00e2ge de 3 ans. Sans parfum ni conservateur, il a \u00e9t\u00e9<\/p>\n","protected":false},"featured_media":11067,"comment_status":"open","ping_status":"closed","template":"","meta":[],"product_brand":[134],"product_cat":[148],"product_tag":[],"class_list":{"0":"post-11016","1":"product","2":"type-product","3":"status-publish","4":"has-post-thumbnail","6":"product_brand-eucerin","7":"product_cat-peau-seche","9":"first","10":"instock","11":"sale","12":"shipping-taxable","13":"purchasable","14":"product-type-simple"},"yoast_head":"<!-- This site is optimized with the Yoast SEO plugin v26.6 - https:\/\/yoast.com\/wordpress\/plugins\/seo\/ -->\r\n<title>EUCERIN AQUAPHOR REPARATEUR LEVRES SOS 10 ML - Paracherkaoui.ma<\/title>\r\n<meta name=\"robots\" content=\"index, follow, max-snippet:-1, max-image-preview:large, max-video-preview:-1\" \/>\r\n<link rel=\"canonical\" href=\"https:\/\/paracherkaoui.ma\/index.php\/produit\/eucerin-aquaphor-reparateur-levres-sos-10-ml\/\" \/>\r\n<meta property=\"og:locale\" content=\"fr_FR\" \/>\r\n<meta property=\"og:type\" content=\"article\" \/>\r\n<meta property=\"og:title\" content=\"EUCERIN AQUAPHOR REPARATEUR LEVRES SOS 10 ML - Paracherkaoui.ma\" \/>\r\n<meta property=\"og:description\" content=\"Id\u00e9al pour toute la famille, ce soin convient d\u00e8s l\u2019\u00e2ge de 3 ans. Sans parfum ni conservateur, il a \u00e9t\u00e9\" \/>\r\n<meta property=\"og:url\" content=\"https:\/\/paracherkaoui.ma\/index.php\/produit\/eucerin-aquaphor-reparateur-levres-sos-10-ml\/\" \/>\r\n<meta property=\"og:site_name\" content=\"Paracherkaoui.ma\" \/>\r\n<meta property=\"article:modified_time\" content=\"2025-12-12T16:36:16+00:00\" \/>\r\n<meta property=\"og:image\" content=\"https:\/\/paracherkaoui.ma\/wp-content\/uploads\/2025\/12\/eucerin-eucerin-aquaphor-reparateur-levres-sos-10-ml-pommades-et-cremes-cicatrisantes.jpg\" \/>\r\n\t<meta property=\"og:image:width\" content=\"700\" \/>\r\n\t<meta property=\"og:image:height\" content=\"700\" \/>\r\n\t<meta property=\"og:image:type\" content=\"image\/jpeg\" \/>\r\n<meta name=\"twitter:card\" content=\"summary_large_image\" \/>\r\n<meta name=\"twitter:label1\" content=\"Dur\u00e9e de lecture estim\u00e9e\" \/>\n\t<meta name=\"twitter:data1\" content=\"1 minute\" \/>\r\n<script type=\"application\/ld+json\" class=\"yoast-schema-graph\">{\"@context\":\"https:\/\/schema.org\",\"@graph\":[{\"@type\":\"WebPage\",\"@id\":\"https:\/\/paracherkaoui.ma\/index.php\/produit\/eucerin-aquaphor-reparateur-levres-sos-10-ml\/\",\"url\":\"https:\/\/paracherkaoui.ma\/index.php\/produit\/eucerin-aquaphor-reparateur-levres-sos-10-ml\/\",\"name\":\"EUCERIN AQUAPHOR REPARATEUR LEVRES SOS 10 ML - Paracherkaoui.ma\",\"isPartOf\":{\"@id\":\"https:\/\/paracherkaoui.ma\/#website\"},\"primaryImageOfPage\":{\"@id\":\"https:\/\/paracherkaoui.ma\/index.php\/produit\/eucerin-aquaphor-reparateur-levres-sos-10-ml\/#primaryimage\"},\"image\":{\"@id\":\"https:\/\/paracherkaoui.ma\/index.php\/produit\/eucerin-aquaphor-reparateur-levres-sos-10-ml\/#primaryimage\"},\"thumbnailUrl\":\"https:\/\/paracherkaoui.ma\/wp-content\/uploads\/2025\/12\/eucerin-eucerin-aquaphor-reparateur-levres-sos-10-ml-pommades-et-cremes-cicatrisantes.jpg\",\"datePublished\":\"2025-12-12T16:36:13+00:00\",\"dateModified\":\"2025-12-12T16:36:16+00:00\",\"breadcrumb\":{\"@id\":\"https:\/\/paracherkaoui.ma\/index.php\/produit\/eucerin-aquaphor-reparateur-levres-sos-10-ml\/#breadcrumb\"},\"inLanguage\":\"fr-FR\",\"potentialAction\":[{\"@type\":\"ReadAction\",\"target\":[\"https:\/\/paracherkaoui.ma\/index.php\/produit\/eucerin-aquaphor-reparateur-levres-sos-10-ml\/\"]}]},{\"@type\":\"ImageObject\",\"inLanguage\":\"fr-FR\",\"@id\":\"https:\/\/paracherkaoui.ma\/index.php\/produit\/eucerin-aquaphor-reparateur-levres-sos-10-ml\/#primaryimage\",\"url\":\"https:\/\/paracherkaoui.ma\/wp-content\/uploads\/2025\/12\/eucerin-eucerin-aquaphor-reparateur-levres-sos-10-ml-pommades-et-cremes-cicatrisantes.jpg\",\"contentUrl\":\"https:\/\/paracherkaoui.ma\/wp-content\/uploads\/2025\/12\/eucerin-eucerin-aquaphor-reparateur-levres-sos-10-ml-pommades-et-cremes-cicatrisantes.jpg\",\"width\":700,\"height\":700},{\"@type\":\"BreadcrumbList\",\"@id\":\"https:\/\/paracherkaoui.ma\/index.php\/produit\/eucerin-aquaphor-reparateur-levres-sos-10-ml\/#breadcrumb\",\"itemListElement\":[{\"@type\":\"ListItem\",\"position\":1,\"name\":\"Accueil\",\"item\":\"https:\/\/paracherkaoui.ma\/\"},{\"@type\":\"ListItem\",\"position\":2,\"name\":\"Boutique\",\"item\":\"https:\/\/paracherkaoui.ma\/index.php\/boutique\/\"},{\"@type\":\"ListItem\",\"position\":3,\"name\":\"EUCERIN AQUAPHOR REPARATEUR LEVRES SOS 10 ML\"}]},{\"@type\":\"WebSite\",\"@id\":\"https:\/\/paracherkaoui.ma\/#website\",\"url\":\"https:\/\/paracherkaoui.ma\/\",\"name\":\"Paracherkaoui.ma\",\"description\":\"Achetez en ligne sur Paracherkaoui.ma\",\"potentialAction\":[{\"@type\":\"SearchAction\",\"target\":{\"@type\":\"EntryPoint\",\"urlTemplate\":\"https:\/\/paracherkaoui.ma\/?s={search_term_string}\"},\"query-input\":{\"@type\":\"PropertyValueSpecification\",\"valueRequired\":true,\"valueName\":\"search_term_string\"}}],\"inLanguage\":\"fr-FR\"}]}<\/script>\r\n<!-- \/ Yoast SEO plugin. -->","yoast_head_json":{"title":"EUCERIN AQUAPHOR REPARATEUR LEVRES SOS 10 ML - Paracherkaoui.ma","robots":{"index":"index","follow":"follow","max-snippet":"max-snippet:-1","max-image-preview":"max-image-preview:large","max-video-preview":"max-video-preview:-1"},"canonical":"https:\/\/paracherkaoui.ma\/index.php\/produit\/eucerin-aquaphor-reparateur-levres-sos-10-ml\/","og_locale":"fr_FR","og_type":"article","og_title":"EUCERIN AQUAPHOR REPARATEUR LEVRES SOS 10 ML - Paracherkaoui.ma","og_description":"Id\u00e9al pour toute la famille, ce soin convient d\u00e8s l\u2019\u00e2ge de 3 ans. Sans parfum ni conservateur, il a \u00e9t\u00e9","og_url":"https:\/\/paracherkaoui.ma\/index.php\/produit\/eucerin-aquaphor-reparateur-levres-sos-10-ml\/","og_site_name":"Paracherkaoui.ma","article_modified_time":"2025-12-12T16:36:16+00:00","og_image":[{"width":700,"height":700,"url":"https:\/\/paracherkaoui.ma\/wp-content\/uploads\/2025\/12\/eucerin-eucerin-aquaphor-reparateur-levres-sos-10-ml-pommades-et-cremes-cicatrisantes.jpg","type":"image\/jpeg"}],"twitter_card":"summary_large_image","twitter_misc":{"Dur\u00e9e de lecture estim\u00e9e":"1 minute"},"schema":{"@context":"https:\/\/schema.org","@graph":[{"@type":"WebPage","@id":"https:\/\/paracherkaoui.ma\/index.php\/produit\/eucerin-aquaphor-reparateur-levres-sos-10-ml\/","url":"https:\/\/paracherkaoui.ma\/index.php\/produit\/eucerin-aquaphor-reparateur-levres-sos-10-ml\/","name":"EUCERIN AQUAPHOR REPARATEUR LEVRES SOS 10 ML - Paracherkaoui.ma","isPartOf":{"@id":"https:\/\/paracherkaoui.ma\/#website"},"primaryImageOfPage":{"@id":"https:\/\/paracherkaoui.ma\/index.php\/produit\/eucerin-aquaphor-reparateur-levres-sos-10-ml\/#primaryimage"},"image":{"@id":"https:\/\/paracherkaoui.ma\/index.php\/produit\/eucerin-aquaphor-reparateur-levres-sos-10-ml\/#primaryimage"},"thumbnailUrl":"https:\/\/paracherkaoui.ma\/wp-content\/uploads\/2025\/12\/eucerin-eucerin-aquaphor-reparateur-levres-sos-10-ml-pommades-et-cremes-cicatrisantes.jpg","datePublished":"2025-12-12T16:36:13+00:00","dateModified":"2025-12-12T16:36:16+00:00","breadcrumb":{"@id":"https:\/\/paracherkaoui.ma\/index.php\/produit\/eucerin-aquaphor-reparateur-levres-sos-10-ml\/#breadcrumb"},"inLanguage":"fr-FR","potentialAction":[{"@type":"ReadAction","target":["https:\/\/paracherkaoui.ma\/index.php\/produit\/eucerin-aquaphor-reparateur-levres-sos-10-ml\/"]}]},{"@type":"ImageObject","inLanguage":"fr-FR","@id":"https:\/\/paracherkaoui.ma\/index.php\/produit\/eucerin-aquaphor-reparateur-levres-sos-10-ml\/#primaryimage","url":"https:\/\/paracherkaoui.ma\/wp-content\/uploads\/2025\/12\/eucerin-eucerin-aquaphor-reparateur-levres-sos-10-ml-pommades-et-cremes-cicatrisantes.jpg","contentUrl":"https:\/\/paracherkaoui.ma\/wp-content\/uploads\/2025\/12\/eucerin-eucerin-aquaphor-reparateur-levres-sos-10-ml-pommades-et-cremes-cicatrisantes.jpg","width":700,"height":700},{"@type":"BreadcrumbList","@id":"https:\/\/paracherkaoui.ma\/index.php\/produit\/eucerin-aquaphor-reparateur-levres-sos-10-ml\/#breadcrumb","itemListElement":[{"@type":"ListItem","position":1,"name":"Accueil","item":"https:\/\/paracherkaoui.ma\/"},{"@type":"ListItem","position":2,"name":"Boutique","item":"https:\/\/paracherkaoui.ma\/index.php\/boutique\/"},{"@type":"ListItem","position":3,"name":"EUCERIN AQUAPHOR REPARATEUR LEVRES SOS 10 ML"}]},{"@type":"WebSite","@id":"https:\/\/paracherkaoui.ma\/#website","url":"https:\/\/paracherkaoui.ma\/","name":"Paracherkaoui.ma","description":"Achetez en ligne sur Paracherkaoui.ma","potentialAction":[{"@type":"SearchAction","target":{"@type":"EntryPoint","urlTemplate":"https:\/\/paracherkaoui.ma\/?s={search_term_string}"},"query-input":{"@type":"PropertyValueSpecification","valueRequired":true,"valueName":"search_term_string"}}],"inLanguage":"fr-FR"}]}},"_links":{"self":[{"href":"https:\/\/paracherkaoui.ma\/index.php\/wp-json\/wp\/v2\/product\/11016","targetHints":{"allow":["GET"]}}],"collection":[{"href":"https:\/\/paracherkaoui.ma\/index.php\/wp-json\/wp\/v2\/product"}],"about":[{"href":"https:\/\/paracherkaoui.ma\/index.php\/wp-json\/wp\/v2\/types\/product"}],"replies":[{"embeddable":true,"href":"https:\/\/paracherkaoui.ma\/index.php\/wp-json\/wp\/v2\/comments?post=11016"}],"version-history":[{"count":1,"href":"https:\/\/paracherkaoui.ma\/index.php\/wp-json\/wp\/v2\/product\/11016\/revisions"}],"predecessor-version":[{"id":11068,"href":"https:\/\/paracherkaoui.ma\/index.php\/wp-json\/wp\/v2\/product\/11016\/revisions\/11068"}],"wp:featuredmedia":[{"embeddable":true,"href":"https:\/\/paracherkaoui.ma\/index.php\/wp-json\/wp\/v2\/media\/11067"}],"wp:attachment":[{"href":"https:\/\/paracherkaoui.ma\/index.php\/wp-json\/wp\/v2\/media?parent=11016"}],"wp:term":[{"taxonomy":"product_brand","embeddable":true,"href":"https:\/\/paracherkaoui.ma\/index.php\/wp-json\/wp\/v2\/product_brand?post=11016"},{"taxonomy":"product_cat","embeddable":true,"href":"https:\/\/paracherkaoui.ma\/index.php\/wp-json\/wp\/v2\/product_cat?post=11016"},{"taxonomy":"product_tag","embeddable":true,"href":"https:\/\/paracherkaoui.ma\/index.php\/wp-json\/wp\/v2\/product_tag?post=11016"}],"curies":[{"name":"wp","href":"https:\/\/api.w.org\/{rel}","templated":true}]}}