{"id":11014,"date":"2025-12-12T17:36:13","date_gmt":"2025-12-12T16:36:13","guid":{"rendered":"https:\/\/test.ecbeaute.com\/?post_type=product&#038;p=11014"},"modified":"2025-12-12T17:36:16","modified_gmt":"2025-12-12T16:36:16","slug":"biafine-soleil-biafine-lait-solaire-spf-50-150ml","status":"publish","type":"product","link":"https:\/\/paracherkaoui.ma\/index.php\/produit\/biafine-soleil-biafine-lait-solaire-spf-50-150ml\/","title":{"rendered":"BIAFINE SOLEIL BIAFINE LAIT SOLAIRE SPF 50+ 150Ml"},"content":{"rendered":"<p>Description:<br \/>\nLe\u00a0Lait Solaire D\u00e9salt\u00e9rant Toucher Doux Soleil Biafine\u00a0prot\u00e8ge votre corps gr\u00e2ce \u00e0 son indice de haute protection\u00a0SPF50\u00a0des rayons UVA et UVB.Il va assurer une\u00a0protection\u00a0optimale\u00a0de la peau contre les coups de soleil et\u00a0autres dommages cutan\u00e9s\u00a0provoqu\u00e9s par l\u2019exposition solaire.Le lait solaire va\u00a0hydrater\u00a0en profondeur et d\u00e9salt\u00e9rer la peau.Sa texture est particuli\u00e8rement\u00a0l\u00e9g\u00e8re\u00a0afin de p\u00e9n\u00e9trer rapidement.Elle ne laisse aucun film gras et ne colle pas.Le Lait solaire ne fait aucune trace blanche.Ce soin solaire r\u00e9siste \u00e0 l\u2019eau et \u00e0 la transpiration.Convient parfaitement aux\u00a0peaux s\u00e8ches ou sensibles.<br \/>\nConseils d\u2019utilisation<br \/>\nAvant toute exposition au soleil, appliquez de fa\u00e7on g\u00e9n\u00e9reuse sur l\u2019ensemble de votre corps le lait solaire.Apr\u00e8s avoir transpir\u00e9, nag\u00e9 ou vous \u00eatre essuy\u00e9, renouveler l\u2019application.<\/p>\n","protected":false},"excerpt":{"rendered":"<p>Description: Le\u00a0Lait Solaire D\u00e9salt\u00e9rant Toucher Doux Soleil Biafine\u00a0prot\u00e8ge votre corps gr\u00e2ce \u00e0 son indice de haute protection\u00a0SPF50\u00a0des rayons UVA et<\/p>\n","protected":false},"featured_media":11063,"comment_status":"open","ping_status":"closed","template":"","meta":[],"product_brand":[149],"product_cat":[148],"product_tag":[],"class_list":{"0":"post-11014","1":"product","2":"type-product","3":"status-publish","4":"has-post-thumbnail","6":"product_brand-biafine","7":"product_cat-peau-seche","9":"first","10":"instock","11":"sale","12":"shipping-taxable","13":"purchasable","14":"product-type-simple"},"yoast_head":"<!-- This site is optimized with the Yoast SEO plugin v26.6 - https:\/\/yoast.com\/wordpress\/plugins\/seo\/ -->\r\n<title>BIAFINE SOLEIL BIAFINE LAIT SOLAIRE SPF 50+ 150Ml - Paracherkaoui.ma<\/title>\r\n<meta name=\"robots\" content=\"index, follow, max-snippet:-1, max-image-preview:large, max-video-preview:-1\" \/>\r\n<link rel=\"canonical\" href=\"https:\/\/paracherkaoui.ma\/index.php\/produit\/biafine-soleil-biafine-lait-solaire-spf-50-150ml\/\" \/>\r\n<meta property=\"og:locale\" content=\"fr_FR\" \/>\r\n<meta property=\"og:type\" content=\"article\" \/>\r\n<meta property=\"og:title\" content=\"BIAFINE SOLEIL BIAFINE LAIT SOLAIRE SPF 50+ 150Ml - Paracherkaoui.ma\" \/>\r\n<meta property=\"og:description\" content=\"Description: Le\u00a0Lait Solaire D\u00e9salt\u00e9rant Toucher Doux Soleil Biafine\u00a0prot\u00e8ge votre corps gr\u00e2ce \u00e0 son indice de haute protection\u00a0SPF50\u00a0des rayons UVA et\" \/>\r\n<meta property=\"og:url\" content=\"https:\/\/paracherkaoui.ma\/index.php\/produit\/biafine-soleil-biafine-lait-solaire-spf-50-150ml\/\" \/>\r\n<meta property=\"og:site_name\" content=\"Paracherkaoui.ma\" \/>\r\n<meta property=\"article:modified_time\" content=\"2025-12-12T16:36:16+00:00\" \/>\r\n<meta property=\"og:image\" content=\"https:\/\/paracherkaoui.ma\/wp-content\/uploads\/2025\/12\/biafine-biafine-soleil-biafine-lait-solaire-spf-50-150ml-cremes.jpg\" \/>\r\n\t<meta property=\"og:image:width\" content=\"700\" \/>\r\n\t<meta property=\"og:image:height\" content=\"700\" \/>\r\n\t<meta property=\"og:image:type\" content=\"image\/jpeg\" \/>\r\n<meta name=\"twitter:card\" content=\"summary_large_image\" \/>\r\n<meta name=\"twitter:label1\" content=\"Dur\u00e9e de lecture estim\u00e9e\" \/>\n\t<meta name=\"twitter:data1\" content=\"1 minute\" \/>\r\n<script type=\"application\/ld+json\" class=\"yoast-schema-graph\">{\"@context\":\"https:\/\/schema.org\",\"@graph\":[{\"@type\":\"WebPage\",\"@id\":\"https:\/\/paracherkaoui.ma\/index.php\/produit\/biafine-soleil-biafine-lait-solaire-spf-50-150ml\/\",\"url\":\"https:\/\/paracherkaoui.ma\/index.php\/produit\/biafine-soleil-biafine-lait-solaire-spf-50-150ml\/\",\"name\":\"BIAFINE SOLEIL BIAFINE LAIT SOLAIRE SPF 50+ 150Ml - Paracherkaoui.ma\",\"isPartOf\":{\"@id\":\"https:\/\/paracherkaoui.ma\/#website\"},\"primaryImageOfPage\":{\"@id\":\"https:\/\/paracherkaoui.ma\/index.php\/produit\/biafine-soleil-biafine-lait-solaire-spf-50-150ml\/#primaryimage\"},\"image\":{\"@id\":\"https:\/\/paracherkaoui.ma\/index.php\/produit\/biafine-soleil-biafine-lait-solaire-spf-50-150ml\/#primaryimage\"},\"thumbnailUrl\":\"https:\/\/paracherkaoui.ma\/wp-content\/uploads\/2025\/12\/biafine-biafine-soleil-biafine-lait-solaire-spf-50-150ml-cremes.jpg\",\"datePublished\":\"2025-12-12T16:36:13+00:00\",\"dateModified\":\"2025-12-12T16:36:16+00:00\",\"breadcrumb\":{\"@id\":\"https:\/\/paracherkaoui.ma\/index.php\/produit\/biafine-soleil-biafine-lait-solaire-spf-50-150ml\/#breadcrumb\"},\"inLanguage\":\"fr-FR\",\"potentialAction\":[{\"@type\":\"ReadAction\",\"target\":[\"https:\/\/paracherkaoui.ma\/index.php\/produit\/biafine-soleil-biafine-lait-solaire-spf-50-150ml\/\"]}]},{\"@type\":\"ImageObject\",\"inLanguage\":\"fr-FR\",\"@id\":\"https:\/\/paracherkaoui.ma\/index.php\/produit\/biafine-soleil-biafine-lait-solaire-spf-50-150ml\/#primaryimage\",\"url\":\"https:\/\/paracherkaoui.ma\/wp-content\/uploads\/2025\/12\/biafine-biafine-soleil-biafine-lait-solaire-spf-50-150ml-cremes.jpg\",\"contentUrl\":\"https:\/\/paracherkaoui.ma\/wp-content\/uploads\/2025\/12\/biafine-biafine-soleil-biafine-lait-solaire-spf-50-150ml-cremes.jpg\",\"width\":700,\"height\":700},{\"@type\":\"BreadcrumbList\",\"@id\":\"https:\/\/paracherkaoui.ma\/index.php\/produit\/biafine-soleil-biafine-lait-solaire-spf-50-150ml\/#breadcrumb\",\"itemListElement\":[{\"@type\":\"ListItem\",\"position\":1,\"name\":\"Accueil\",\"item\":\"https:\/\/paracherkaoui.ma\/\"},{\"@type\":\"ListItem\",\"position\":2,\"name\":\"Boutique\",\"item\":\"https:\/\/paracherkaoui.ma\/index.php\/boutique\/\"},{\"@type\":\"ListItem\",\"position\":3,\"name\":\"BIAFINE SOLEIL BIAFINE LAIT SOLAIRE SPF 50+ 150Ml\"}]},{\"@type\":\"WebSite\",\"@id\":\"https:\/\/paracherkaoui.ma\/#website\",\"url\":\"https:\/\/paracherkaoui.ma\/\",\"name\":\"Paracherkaoui.ma\",\"description\":\"Achetez en ligne sur Paracherkaoui.ma\",\"potentialAction\":[{\"@type\":\"SearchAction\",\"target\":{\"@type\":\"EntryPoint\",\"urlTemplate\":\"https:\/\/paracherkaoui.ma\/?s={search_term_string}\"},\"query-input\":{\"@type\":\"PropertyValueSpecification\",\"valueRequired\":true,\"valueName\":\"search_term_string\"}}],\"inLanguage\":\"fr-FR\"}]}<\/script>\r\n<!-- \/ Yoast SEO plugin. -->","yoast_head_json":{"title":"BIAFINE SOLEIL BIAFINE LAIT SOLAIRE SPF 50+ 150Ml - Paracherkaoui.ma","robots":{"index":"index","follow":"follow","max-snippet":"max-snippet:-1","max-image-preview":"max-image-preview:large","max-video-preview":"max-video-preview:-1"},"canonical":"https:\/\/paracherkaoui.ma\/index.php\/produit\/biafine-soleil-biafine-lait-solaire-spf-50-150ml\/","og_locale":"fr_FR","og_type":"article","og_title":"BIAFINE SOLEIL BIAFINE LAIT SOLAIRE SPF 50+ 150Ml - Paracherkaoui.ma","og_description":"Description: Le\u00a0Lait Solaire D\u00e9salt\u00e9rant Toucher Doux Soleil Biafine\u00a0prot\u00e8ge votre corps gr\u00e2ce \u00e0 son indice de haute protection\u00a0SPF50\u00a0des rayons UVA et","og_url":"https:\/\/paracherkaoui.ma\/index.php\/produit\/biafine-soleil-biafine-lait-solaire-spf-50-150ml\/","og_site_name":"Paracherkaoui.ma","article_modified_time":"2025-12-12T16:36:16+00:00","og_image":[{"width":700,"height":700,"url":"https:\/\/paracherkaoui.ma\/wp-content\/uploads\/2025\/12\/biafine-biafine-soleil-biafine-lait-solaire-spf-50-150ml-cremes.jpg","type":"image\/jpeg"}],"twitter_card":"summary_large_image","twitter_misc":{"Dur\u00e9e de lecture estim\u00e9e":"1 minute"},"schema":{"@context":"https:\/\/schema.org","@graph":[{"@type":"WebPage","@id":"https:\/\/paracherkaoui.ma\/index.php\/produit\/biafine-soleil-biafine-lait-solaire-spf-50-150ml\/","url":"https:\/\/paracherkaoui.ma\/index.php\/produit\/biafine-soleil-biafine-lait-solaire-spf-50-150ml\/","name":"BIAFINE SOLEIL BIAFINE LAIT SOLAIRE SPF 50+ 150Ml - Paracherkaoui.ma","isPartOf":{"@id":"https:\/\/paracherkaoui.ma\/#website"},"primaryImageOfPage":{"@id":"https:\/\/paracherkaoui.ma\/index.php\/produit\/biafine-soleil-biafine-lait-solaire-spf-50-150ml\/#primaryimage"},"image":{"@id":"https:\/\/paracherkaoui.ma\/index.php\/produit\/biafine-soleil-biafine-lait-solaire-spf-50-150ml\/#primaryimage"},"thumbnailUrl":"https:\/\/paracherkaoui.ma\/wp-content\/uploads\/2025\/12\/biafine-biafine-soleil-biafine-lait-solaire-spf-50-150ml-cremes.jpg","datePublished":"2025-12-12T16:36:13+00:00","dateModified":"2025-12-12T16:36:16+00:00","breadcrumb":{"@id":"https:\/\/paracherkaoui.ma\/index.php\/produit\/biafine-soleil-biafine-lait-solaire-spf-50-150ml\/#breadcrumb"},"inLanguage":"fr-FR","potentialAction":[{"@type":"ReadAction","target":["https:\/\/paracherkaoui.ma\/index.php\/produit\/biafine-soleil-biafine-lait-solaire-spf-50-150ml\/"]}]},{"@type":"ImageObject","inLanguage":"fr-FR","@id":"https:\/\/paracherkaoui.ma\/index.php\/produit\/biafine-soleil-biafine-lait-solaire-spf-50-150ml\/#primaryimage","url":"https:\/\/paracherkaoui.ma\/wp-content\/uploads\/2025\/12\/biafine-biafine-soleil-biafine-lait-solaire-spf-50-150ml-cremes.jpg","contentUrl":"https:\/\/paracherkaoui.ma\/wp-content\/uploads\/2025\/12\/biafine-biafine-soleil-biafine-lait-solaire-spf-50-150ml-cremes.jpg","width":700,"height":700},{"@type":"BreadcrumbList","@id":"https:\/\/paracherkaoui.ma\/index.php\/produit\/biafine-soleil-biafine-lait-solaire-spf-50-150ml\/#breadcrumb","itemListElement":[{"@type":"ListItem","position":1,"name":"Accueil","item":"https:\/\/paracherkaoui.ma\/"},{"@type":"ListItem","position":2,"name":"Boutique","item":"https:\/\/paracherkaoui.ma\/index.php\/boutique\/"},{"@type":"ListItem","position":3,"name":"BIAFINE SOLEIL BIAFINE LAIT SOLAIRE SPF 50+ 150Ml"}]},{"@type":"WebSite","@id":"https:\/\/paracherkaoui.ma\/#website","url":"https:\/\/paracherkaoui.ma\/","name":"Paracherkaoui.ma","description":"Achetez en ligne sur Paracherkaoui.ma","potentialAction":[{"@type":"SearchAction","target":{"@type":"EntryPoint","urlTemplate":"https:\/\/paracherkaoui.ma\/?s={search_term_string}"},"query-input":{"@type":"PropertyValueSpecification","valueRequired":true,"valueName":"search_term_string"}}],"inLanguage":"fr-FR"}]}},"_links":{"self":[{"href":"https:\/\/paracherkaoui.ma\/index.php\/wp-json\/wp\/v2\/product\/11014","targetHints":{"allow":["GET"]}}],"collection":[{"href":"https:\/\/paracherkaoui.ma\/index.php\/wp-json\/wp\/v2\/product"}],"about":[{"href":"https:\/\/paracherkaoui.ma\/index.php\/wp-json\/wp\/v2\/types\/product"}],"replies":[{"embeddable":true,"href":"https:\/\/paracherkaoui.ma\/index.php\/wp-json\/wp\/v2\/comments?post=11014"}],"version-history":[{"count":1,"href":"https:\/\/paracherkaoui.ma\/index.php\/wp-json\/wp\/v2\/product\/11014\/revisions"}],"predecessor-version":[{"id":11064,"href":"https:\/\/paracherkaoui.ma\/index.php\/wp-json\/wp\/v2\/product\/11014\/revisions\/11064"}],"wp:featuredmedia":[{"embeddable":true,"href":"https:\/\/paracherkaoui.ma\/index.php\/wp-json\/wp\/v2\/media\/11063"}],"wp:attachment":[{"href":"https:\/\/paracherkaoui.ma\/index.php\/wp-json\/wp\/v2\/media?parent=11014"}],"wp:term":[{"taxonomy":"product_brand","embeddable":true,"href":"https:\/\/paracherkaoui.ma\/index.php\/wp-json\/wp\/v2\/product_brand?post=11014"},{"taxonomy":"product_cat","embeddable":true,"href":"https:\/\/paracherkaoui.ma\/index.php\/wp-json\/wp\/v2\/product_cat?post=11014"},{"taxonomy":"product_tag","embeddable":true,"href":"https:\/\/paracherkaoui.ma\/index.php\/wp-json\/wp\/v2\/product_tag?post=11014"}],"curies":[{"name":"wp","href":"https:\/\/api.w.org\/{rel}","templated":true}]}}