{"id":10925,"date":"2025-12-12T17:36:07","date_gmt":"2025-12-12T16:36:07","guid":{"rendered":"https:\/\/test.ecbeaute.com\/?post_type=product&#038;p=10925"},"modified":"2025-12-12T17:36:10","modified_gmt":"2025-12-12T16:36:10","slug":"produit-57","status":"publish","type":"product","link":"https:\/\/paracherkaoui.ma\/index.php\/produit\/produit-57\/","title":{"rendered":"Produit"},"content":{"rendered":"<p>Le Masque R\u00e9paration 3 en 1 Klorane au Cupua\u00e7u BIO nourrit et r\u00e9pare intens\u00e9ment les cheveux tr\u00e8s secs tout en les fortifiant. La formule au pouvoir hautement nutritif hydrate la chevelure et la rend plus r\u00e9sistante. Durablement nourris et renforc\u00e9s jusqu&rsquo;aux pointes*, les cheveux sont faciles \u00e0 d\u00e9m\u00ealer, souples et brillants. Sa fonction 3 en 1 permet une utilisation multiple : en masque classique, en masque de nuit pour les longueurs ou en produit de coiffage quotidien sur les pointes.<br \/>\nLes bienfaits :<br \/>\nConcentr\u00e9 : formule particuli\u00e8rement concentr\u00e9e en Cupua\u00e7u BIO, riche en acides gras nutritifs et hydratants (Ome\u0301ga-6 et Ome\u0301ga-9), pour maintenir l&rsquo;eau pr\u00e9sente dans la fibre capillaire.<br \/>\nNourrissant : la composition doublement g\u00e9n\u00e9reuse comble les br\u00e8ches profondes de la k\u00e9ratine, nourrit le cheveu et le rend plus r\u00e9sistant.<br \/>\nR\u00e9parateur : le pouvoir hautement r\u00e9parateur de ces actifs naturels apporte douceur et facilit\u00e9 de d\u00e9m\u00ealage aux cheveux tr\u00e8s secs<br \/>\nConseils d&rsquo;utilisation:<br \/>\nAppliquer sur les longueurs et pointes rinc\u00e9es et essor\u00e9es. Laisser agir 5 minutes. Rincer.<br \/>\nSOIN DE NUIT: Appliquer sur cheveux secs, laisser poser la nuit er rincer.<br \/>\nSOIN SANS RINCAGE: Pour les cheveux les plus secs, appliquer une noisette sur les longueurs et pointes, sans rincer.<\/p>\n","protected":false},"excerpt":{"rendered":"<p>Le Masque R\u00e9paration 3 en 1 Klorane au Cupua\u00e7u BIO nourrit et r\u00e9pare intens\u00e9ment les cheveux tr\u00e8s secs tout en<\/p>\n","protected":false},"featured_media":10975,"comment_status":"open","ping_status":"closed","template":"","meta":[],"product_brand":[145],"product_cat":[143],"product_tag":[],"class_list":{"0":"post-10925","1":"product","2":"type-product","3":"status-publish","4":"has-post-thumbnail","6":"product_brand-klorane","7":"product_cat-cuir-chevelu","9":"first","10":"instock","11":"sale","12":"shipping-taxable","13":"purchasable","14":"product-type-simple"},"yoast_head":"<!-- This site is optimized with the Yoast SEO plugin v26.6 - https:\/\/yoast.com\/wordpress\/plugins\/seo\/ -->\r\n<title>Produit - Paracherkaoui.ma<\/title>\r\n<meta name=\"robots\" content=\"index, follow, max-snippet:-1, max-image-preview:large, max-video-preview:-1\" \/>\r\n<link rel=\"canonical\" href=\"https:\/\/paracherkaoui.ma\/index.php\/produit\/produit-57\/\" \/>\r\n<meta property=\"og:locale\" content=\"fr_FR\" \/>\r\n<meta property=\"og:type\" content=\"article\" \/>\r\n<meta property=\"og:title\" content=\"Produit - Paracherkaoui.ma\" \/>\r\n<meta property=\"og:description\" content=\"Le Masque R\u00e9paration 3 en 1 Klorane au Cupua\u00e7u BIO nourrit et r\u00e9pare intens\u00e9ment les cheveux tr\u00e8s secs tout en\" \/>\r\n<meta property=\"og:url\" content=\"https:\/\/paracherkaoui.ma\/index.php\/produit\/produit-57\/\" \/>\r\n<meta property=\"og:site_name\" content=\"Paracherkaoui.ma\" \/>\r\n<meta property=\"article:modified_time\" content=\"2025-12-12T16:36:10+00:00\" \/>\r\n<meta property=\"og:image\" content=\"https:\/\/paracherkaoui.ma\/wp-content\/uploads\/2025\/12\/klorane-klorane-masque-reparation-au-beurre-de-cupuacu-150-ml-masque-creme-et-soins.jpg\" \/>\r\n\t<meta property=\"og:image:width\" content=\"700\" \/>\r\n\t<meta property=\"og:image:height\" content=\"700\" \/>\r\n\t<meta property=\"og:image:type\" content=\"image\/jpeg\" \/>\r\n<meta name=\"twitter:card\" content=\"summary_large_image\" \/>\r\n<meta name=\"twitter:label1\" content=\"Dur\u00e9e de lecture estim\u00e9e\" \/>\n\t<meta name=\"twitter:data1\" content=\"1 minute\" \/>\r\n<script type=\"application\/ld+json\" class=\"yoast-schema-graph\">{\"@context\":\"https:\/\/schema.org\",\"@graph\":[{\"@type\":\"WebPage\",\"@id\":\"https:\/\/paracherkaoui.ma\/index.php\/produit\/produit-57\/\",\"url\":\"https:\/\/paracherkaoui.ma\/index.php\/produit\/produit-57\/\",\"name\":\"Produit - Paracherkaoui.ma\",\"isPartOf\":{\"@id\":\"https:\/\/paracherkaoui.ma\/#website\"},\"primaryImageOfPage\":{\"@id\":\"https:\/\/paracherkaoui.ma\/index.php\/produit\/produit-57\/#primaryimage\"},\"image\":{\"@id\":\"https:\/\/paracherkaoui.ma\/index.php\/produit\/produit-57\/#primaryimage\"},\"thumbnailUrl\":\"https:\/\/paracherkaoui.ma\/wp-content\/uploads\/2025\/12\/klorane-klorane-masque-reparation-au-beurre-de-cupuacu-150-ml-masque-creme-et-soins.jpg\",\"datePublished\":\"2025-12-12T16:36:07+00:00\",\"dateModified\":\"2025-12-12T16:36:10+00:00\",\"breadcrumb\":{\"@id\":\"https:\/\/paracherkaoui.ma\/index.php\/produit\/produit-57\/#breadcrumb\"},\"inLanguage\":\"fr-FR\",\"potentialAction\":[{\"@type\":\"ReadAction\",\"target\":[\"https:\/\/paracherkaoui.ma\/index.php\/produit\/produit-57\/\"]}]},{\"@type\":\"ImageObject\",\"inLanguage\":\"fr-FR\",\"@id\":\"https:\/\/paracherkaoui.ma\/index.php\/produit\/produit-57\/#primaryimage\",\"url\":\"https:\/\/paracherkaoui.ma\/wp-content\/uploads\/2025\/12\/klorane-klorane-masque-reparation-au-beurre-de-cupuacu-150-ml-masque-creme-et-soins.jpg\",\"contentUrl\":\"https:\/\/paracherkaoui.ma\/wp-content\/uploads\/2025\/12\/klorane-klorane-masque-reparation-au-beurre-de-cupuacu-150-ml-masque-creme-et-soins.jpg\",\"width\":700,\"height\":700},{\"@type\":\"BreadcrumbList\",\"@id\":\"https:\/\/paracherkaoui.ma\/index.php\/produit\/produit-57\/#breadcrumb\",\"itemListElement\":[{\"@type\":\"ListItem\",\"position\":1,\"name\":\"Accueil\",\"item\":\"https:\/\/paracherkaoui.ma\/\"},{\"@type\":\"ListItem\",\"position\":2,\"name\":\"Boutique\",\"item\":\"https:\/\/paracherkaoui.ma\/index.php\/boutique\/\"},{\"@type\":\"ListItem\",\"position\":3,\"name\":\"Produit\"}]},{\"@type\":\"WebSite\",\"@id\":\"https:\/\/paracherkaoui.ma\/#website\",\"url\":\"https:\/\/paracherkaoui.ma\/\",\"name\":\"Paracherkaoui.ma\",\"description\":\"Achetez en ligne sur Paracherkaoui.ma\",\"potentialAction\":[{\"@type\":\"SearchAction\",\"target\":{\"@type\":\"EntryPoint\",\"urlTemplate\":\"https:\/\/paracherkaoui.ma\/?s={search_term_string}\"},\"query-input\":{\"@type\":\"PropertyValueSpecification\",\"valueRequired\":true,\"valueName\":\"search_term_string\"}}],\"inLanguage\":\"fr-FR\"}]}<\/script>\r\n<!-- \/ Yoast SEO plugin. -->","yoast_head_json":{"title":"Produit - Paracherkaoui.ma","robots":{"index":"index","follow":"follow","max-snippet":"max-snippet:-1","max-image-preview":"max-image-preview:large","max-video-preview":"max-video-preview:-1"},"canonical":"https:\/\/paracherkaoui.ma\/index.php\/produit\/produit-57\/","og_locale":"fr_FR","og_type":"article","og_title":"Produit - Paracherkaoui.ma","og_description":"Le Masque R\u00e9paration 3 en 1 Klorane au Cupua\u00e7u BIO nourrit et r\u00e9pare intens\u00e9ment les cheveux tr\u00e8s secs tout en","og_url":"https:\/\/paracherkaoui.ma\/index.php\/produit\/produit-57\/","og_site_name":"Paracherkaoui.ma","article_modified_time":"2025-12-12T16:36:10+00:00","og_image":[{"width":700,"height":700,"url":"https:\/\/paracherkaoui.ma\/wp-content\/uploads\/2025\/12\/klorane-klorane-masque-reparation-au-beurre-de-cupuacu-150-ml-masque-creme-et-soins.jpg","type":"image\/jpeg"}],"twitter_card":"summary_large_image","twitter_misc":{"Dur\u00e9e de lecture estim\u00e9e":"1 minute"},"schema":{"@context":"https:\/\/schema.org","@graph":[{"@type":"WebPage","@id":"https:\/\/paracherkaoui.ma\/index.php\/produit\/produit-57\/","url":"https:\/\/paracherkaoui.ma\/index.php\/produit\/produit-57\/","name":"Produit - Paracherkaoui.ma","isPartOf":{"@id":"https:\/\/paracherkaoui.ma\/#website"},"primaryImageOfPage":{"@id":"https:\/\/paracherkaoui.ma\/index.php\/produit\/produit-57\/#primaryimage"},"image":{"@id":"https:\/\/paracherkaoui.ma\/index.php\/produit\/produit-57\/#primaryimage"},"thumbnailUrl":"https:\/\/paracherkaoui.ma\/wp-content\/uploads\/2025\/12\/klorane-klorane-masque-reparation-au-beurre-de-cupuacu-150-ml-masque-creme-et-soins.jpg","datePublished":"2025-12-12T16:36:07+00:00","dateModified":"2025-12-12T16:36:10+00:00","breadcrumb":{"@id":"https:\/\/paracherkaoui.ma\/index.php\/produit\/produit-57\/#breadcrumb"},"inLanguage":"fr-FR","potentialAction":[{"@type":"ReadAction","target":["https:\/\/paracherkaoui.ma\/index.php\/produit\/produit-57\/"]}]},{"@type":"ImageObject","inLanguage":"fr-FR","@id":"https:\/\/paracherkaoui.ma\/index.php\/produit\/produit-57\/#primaryimage","url":"https:\/\/paracherkaoui.ma\/wp-content\/uploads\/2025\/12\/klorane-klorane-masque-reparation-au-beurre-de-cupuacu-150-ml-masque-creme-et-soins.jpg","contentUrl":"https:\/\/paracherkaoui.ma\/wp-content\/uploads\/2025\/12\/klorane-klorane-masque-reparation-au-beurre-de-cupuacu-150-ml-masque-creme-et-soins.jpg","width":700,"height":700},{"@type":"BreadcrumbList","@id":"https:\/\/paracherkaoui.ma\/index.php\/produit\/produit-57\/#breadcrumb","itemListElement":[{"@type":"ListItem","position":1,"name":"Accueil","item":"https:\/\/paracherkaoui.ma\/"},{"@type":"ListItem","position":2,"name":"Boutique","item":"https:\/\/paracherkaoui.ma\/index.php\/boutique\/"},{"@type":"ListItem","position":3,"name":"Produit"}]},{"@type":"WebSite","@id":"https:\/\/paracherkaoui.ma\/#website","url":"https:\/\/paracherkaoui.ma\/","name":"Paracherkaoui.ma","description":"Achetez en ligne sur Paracherkaoui.ma","potentialAction":[{"@type":"SearchAction","target":{"@type":"EntryPoint","urlTemplate":"https:\/\/paracherkaoui.ma\/?s={search_term_string}"},"query-input":{"@type":"PropertyValueSpecification","valueRequired":true,"valueName":"search_term_string"}}],"inLanguage":"fr-FR"}]}},"_links":{"self":[{"href":"https:\/\/paracherkaoui.ma\/index.php\/wp-json\/wp\/v2\/product\/10925","targetHints":{"allow":["GET"]}}],"collection":[{"href":"https:\/\/paracherkaoui.ma\/index.php\/wp-json\/wp\/v2\/product"}],"about":[{"href":"https:\/\/paracherkaoui.ma\/index.php\/wp-json\/wp\/v2\/types\/product"}],"replies":[{"embeddable":true,"href":"https:\/\/paracherkaoui.ma\/index.php\/wp-json\/wp\/v2\/comments?post=10925"}],"version-history":[{"count":1,"href":"https:\/\/paracherkaoui.ma\/index.php\/wp-json\/wp\/v2\/product\/10925\/revisions"}],"predecessor-version":[{"id":10976,"href":"https:\/\/paracherkaoui.ma\/index.php\/wp-json\/wp\/v2\/product\/10925\/revisions\/10976"}],"wp:featuredmedia":[{"embeddable":true,"href":"https:\/\/paracherkaoui.ma\/index.php\/wp-json\/wp\/v2\/media\/10975"}],"wp:attachment":[{"href":"https:\/\/paracherkaoui.ma\/index.php\/wp-json\/wp\/v2\/media?parent=10925"}],"wp:term":[{"taxonomy":"product_brand","embeddable":true,"href":"https:\/\/paracherkaoui.ma\/index.php\/wp-json\/wp\/v2\/product_brand?post=10925"},{"taxonomy":"product_cat","embeddable":true,"href":"https:\/\/paracherkaoui.ma\/index.php\/wp-json\/wp\/v2\/product_cat?post=10925"},{"taxonomy":"product_tag","embeddable":true,"href":"https:\/\/paracherkaoui.ma\/index.php\/wp-json\/wp\/v2\/product_tag?post=10925"}],"curies":[{"name":"wp","href":"https:\/\/api.w.org\/{rel}","templated":true}]}}