{"id":10907,"date":"2025-12-12T17:36:06","date_gmt":"2025-12-12T16:36:06","guid":{"rendered":"https:\/\/test.ecbeaute.com\/?post_type=product&#038;p=10907"},"modified":"2025-12-12T17:36:08","modified_gmt":"2025-12-12T16:36:08","slug":"produit-39","status":"publish","type":"product","link":"https:\/\/paracherkaoui.ma\/index.php\/produit\/produit-39\/","title":{"rendered":"Produit"},"content":{"rendered":"<p>Sa formule professionnelle associe deux actifs puissants :<br \/>\nLe Rhamnose, un sucre d\u2019origine v\u00e9g\u00e9tale connu pour stimuler le cuir chevelu et fortifier la fibre capillaire,<br \/>\nLe Filloxane, une mol\u00e9cule densifiante innovante qui p\u00e9n\u00e8tre au c\u0153ur du cheveu pour augmenter son diam\u00e8tre.<br \/>\nD\u00e8s la premi\u00e8re application, les r\u00e9sultats sont visibles : +40 % de volume mesur\u00e9 par test instrumental*. En utilisation continue dans la routine Densi-Solutions (shampoing, baume r\u00e9g\u00e9n\u00e9rant et concentr\u00e9 cr\u00e9ateur de masse capillaire), 94 % des utilisatrices ont constat\u00e9 une chevelure visiblement plus dense en seulement 6 semaines**.<br \/>\nCe shampoing agr\u00e9able \u00e0 utiliser offre une texture l\u00e9g\u00e8re et mousseuse qui laisse les cheveux frais et propres, tout en diffusant un parfum d\u00e9licat de menthe. Il respecte \u00e9galement les cuirs chevelus sensibles gr\u00e2ce \u00e0 une formule sans parab\u00e8ne, sans silicone et sans colorant, test\u00e9e sous contr\u00f4le dermatologique.<br \/>\nConseils d&rsquo;utilisation<br \/>\nAppliquer sur cheveux mouill\u00e9s, des racines jusqu\u2019aux pointes.<br \/>\nMasser d\u00e9licatement le cuir chevelu avec des mouvements circulaires pour stimuler la microcirculation.<br \/>\nRincer abondamment.<br \/>\nR\u00e9p\u00e9ter si n\u00e9cessaire. Pour un r\u00e9sultat optimal, compl\u00e9ter avec le baume et le concentr\u00e9 de la gamme Densi-Solutions.<br \/>\nComposition<br \/>\nAQUA \/ WATER, SODIUM LAURETH SULFATE, COCAMIDOPROPYL BETAINE, SODIUM LAURYL SULFATE, LAURETH-5 CARBOXYLIC ACID, AMINOPROPYL TRIETHOXYSILANE, AMODIMETHICONE, C11-15 PARETH-7, CARAMEL, CHLORPHENESIN, CITRIC ACID, DISODIUM EDTA, GERANIOL, GLYCERIN, HEXYL CINNAMAL, ISOEUGENOL, LACTIC ACID, LAURETH-9, LIMONENE, LINALOOL, MENTHA PIPERITA OIL \/ PEPPERMINT OIL, MENTHOL, PEG-55 PROPYLENE GLYCOL OLEATE, PEG-60 HYDROGENATED CASTOR OIL, PHENOXYETHANOL, PIROCTONE OLAMINE, POLYQUATERNIUM-67, PPG-5-CETETH-20, PROPYLENE GLYCOL, RHAMNOSE, SALICYLIC ACID, SODIUM CHLORIDE, SODIUM HYDROXIDE, SORBIC ACID, TOCOPHERYL ACETATE, TRIDECETH-12, PARFUM \/ FRAGRANCE<\/p>\n","protected":false},"excerpt":{"rendered":"<p>Sa formule professionnelle associe deux actifs puissants : Le Rhamnose, un sucre d\u2019origine v\u00e9g\u00e9tale connu pour stimuler le cuir chevelu<\/p>\n","protected":false},"featured_media":10939,"comment_status":"open","ping_status":"closed","template":"","meta":[],"product_brand":[144],"product_cat":[143],"product_tag":[],"class_list":{"0":"post-10907","1":"product","2":"type-product","3":"status-publish","4":"has-post-thumbnail","6":"product_brand-dercos","7":"product_cat-cuir-chevelu","9":"first","10":"instock","11":"sale","12":"shipping-taxable","13":"purchasable","14":"product-type-simple"},"yoast_head":"<!-- This site is optimized with the Yoast SEO plugin v26.6 - https:\/\/yoast.com\/wordpress\/plugins\/seo\/ -->\r\n<title>Produit - Paracherkaoui.ma<\/title>\r\n<meta name=\"robots\" content=\"index, follow, max-snippet:-1, max-image-preview:large, max-video-preview:-1\" \/>\r\n<link rel=\"canonical\" href=\"https:\/\/paracherkaoui.ma\/index.php\/produit\/produit-39\/\" \/>\r\n<meta property=\"og:locale\" content=\"fr_FR\" \/>\r\n<meta property=\"og:type\" content=\"article\" \/>\r\n<meta property=\"og:title\" content=\"Produit - Paracherkaoui.ma\" \/>\r\n<meta property=\"og:description\" content=\"Sa formule professionnelle associe deux actifs puissants : Le Rhamnose, un sucre d\u2019origine v\u00e9g\u00e9tale connu pour stimuler le cuir chevelu\" \/>\r\n<meta property=\"og:url\" content=\"https:\/\/paracherkaoui.ma\/index.php\/produit\/produit-39\/\" \/>\r\n<meta property=\"og:site_name\" content=\"Paracherkaoui.ma\" \/>\r\n<meta property=\"article:modified_time\" content=\"2025-12-12T16:36:08+00:00\" \/>\r\n<meta property=\"og:image\" content=\"https:\/\/paracherkaoui.ma\/wp-content\/uploads\/2025\/12\/dercos-vichy-dercos-densi-solutions-shampoing-epaisseur-et-resistance-250ml-shampoings-anti-chute.jpg\" \/>\r\n\t<meta property=\"og:image:width\" content=\"700\" \/>\r\n\t<meta property=\"og:image:height\" content=\"700\" \/>\r\n\t<meta property=\"og:image:type\" content=\"image\/jpeg\" \/>\r\n<meta name=\"twitter:card\" content=\"summary_large_image\" \/>\r\n<meta name=\"twitter:label1\" content=\"Dur\u00e9e de lecture estim\u00e9e\" \/>\n\t<meta name=\"twitter:data1\" content=\"1 minute\" \/>\r\n<script type=\"application\/ld+json\" class=\"yoast-schema-graph\">{\"@context\":\"https:\/\/schema.org\",\"@graph\":[{\"@type\":\"WebPage\",\"@id\":\"https:\/\/paracherkaoui.ma\/index.php\/produit\/produit-39\/\",\"url\":\"https:\/\/paracherkaoui.ma\/index.php\/produit\/produit-39\/\",\"name\":\"Produit - Paracherkaoui.ma\",\"isPartOf\":{\"@id\":\"https:\/\/paracherkaoui.ma\/#website\"},\"primaryImageOfPage\":{\"@id\":\"https:\/\/paracherkaoui.ma\/index.php\/produit\/produit-39\/#primaryimage\"},\"image\":{\"@id\":\"https:\/\/paracherkaoui.ma\/index.php\/produit\/produit-39\/#primaryimage\"},\"thumbnailUrl\":\"https:\/\/paracherkaoui.ma\/wp-content\/uploads\/2025\/12\/dercos-vichy-dercos-densi-solutions-shampoing-epaisseur-et-resistance-250ml-shampoings-anti-chute.jpg\",\"datePublished\":\"2025-12-12T16:36:06+00:00\",\"dateModified\":\"2025-12-12T16:36:08+00:00\",\"breadcrumb\":{\"@id\":\"https:\/\/paracherkaoui.ma\/index.php\/produit\/produit-39\/#breadcrumb\"},\"inLanguage\":\"fr-FR\",\"potentialAction\":[{\"@type\":\"ReadAction\",\"target\":[\"https:\/\/paracherkaoui.ma\/index.php\/produit\/produit-39\/\"]}]},{\"@type\":\"ImageObject\",\"inLanguage\":\"fr-FR\",\"@id\":\"https:\/\/paracherkaoui.ma\/index.php\/produit\/produit-39\/#primaryimage\",\"url\":\"https:\/\/paracherkaoui.ma\/wp-content\/uploads\/2025\/12\/dercos-vichy-dercos-densi-solutions-shampoing-epaisseur-et-resistance-250ml-shampoings-anti-chute.jpg\",\"contentUrl\":\"https:\/\/paracherkaoui.ma\/wp-content\/uploads\/2025\/12\/dercos-vichy-dercos-densi-solutions-shampoing-epaisseur-et-resistance-250ml-shampoings-anti-chute.jpg\",\"width\":700,\"height\":700},{\"@type\":\"BreadcrumbList\",\"@id\":\"https:\/\/paracherkaoui.ma\/index.php\/produit\/produit-39\/#breadcrumb\",\"itemListElement\":[{\"@type\":\"ListItem\",\"position\":1,\"name\":\"Accueil\",\"item\":\"https:\/\/paracherkaoui.ma\/\"},{\"@type\":\"ListItem\",\"position\":2,\"name\":\"Boutique\",\"item\":\"https:\/\/paracherkaoui.ma\/index.php\/boutique\/\"},{\"@type\":\"ListItem\",\"position\":3,\"name\":\"Produit\"}]},{\"@type\":\"WebSite\",\"@id\":\"https:\/\/paracherkaoui.ma\/#website\",\"url\":\"https:\/\/paracherkaoui.ma\/\",\"name\":\"Paracherkaoui.ma\",\"description\":\"Achetez en ligne sur Paracherkaoui.ma\",\"potentialAction\":[{\"@type\":\"SearchAction\",\"target\":{\"@type\":\"EntryPoint\",\"urlTemplate\":\"https:\/\/paracherkaoui.ma\/?s={search_term_string}\"},\"query-input\":{\"@type\":\"PropertyValueSpecification\",\"valueRequired\":true,\"valueName\":\"search_term_string\"}}],\"inLanguage\":\"fr-FR\"}]}<\/script>\r\n<!-- \/ Yoast SEO plugin. -->","yoast_head_json":{"title":"Produit - Paracherkaoui.ma","robots":{"index":"index","follow":"follow","max-snippet":"max-snippet:-1","max-image-preview":"max-image-preview:large","max-video-preview":"max-video-preview:-1"},"canonical":"https:\/\/paracherkaoui.ma\/index.php\/produit\/produit-39\/","og_locale":"fr_FR","og_type":"article","og_title":"Produit - Paracherkaoui.ma","og_description":"Sa formule professionnelle associe deux actifs puissants : Le Rhamnose, un sucre d\u2019origine v\u00e9g\u00e9tale connu pour stimuler le cuir chevelu","og_url":"https:\/\/paracherkaoui.ma\/index.php\/produit\/produit-39\/","og_site_name":"Paracherkaoui.ma","article_modified_time":"2025-12-12T16:36:08+00:00","og_image":[{"width":700,"height":700,"url":"https:\/\/paracherkaoui.ma\/wp-content\/uploads\/2025\/12\/dercos-vichy-dercos-densi-solutions-shampoing-epaisseur-et-resistance-250ml-shampoings-anti-chute.jpg","type":"image\/jpeg"}],"twitter_card":"summary_large_image","twitter_misc":{"Dur\u00e9e de lecture estim\u00e9e":"1 minute"},"schema":{"@context":"https:\/\/schema.org","@graph":[{"@type":"WebPage","@id":"https:\/\/paracherkaoui.ma\/index.php\/produit\/produit-39\/","url":"https:\/\/paracherkaoui.ma\/index.php\/produit\/produit-39\/","name":"Produit - Paracherkaoui.ma","isPartOf":{"@id":"https:\/\/paracherkaoui.ma\/#website"},"primaryImageOfPage":{"@id":"https:\/\/paracherkaoui.ma\/index.php\/produit\/produit-39\/#primaryimage"},"image":{"@id":"https:\/\/paracherkaoui.ma\/index.php\/produit\/produit-39\/#primaryimage"},"thumbnailUrl":"https:\/\/paracherkaoui.ma\/wp-content\/uploads\/2025\/12\/dercos-vichy-dercos-densi-solutions-shampoing-epaisseur-et-resistance-250ml-shampoings-anti-chute.jpg","datePublished":"2025-12-12T16:36:06+00:00","dateModified":"2025-12-12T16:36:08+00:00","breadcrumb":{"@id":"https:\/\/paracherkaoui.ma\/index.php\/produit\/produit-39\/#breadcrumb"},"inLanguage":"fr-FR","potentialAction":[{"@type":"ReadAction","target":["https:\/\/paracherkaoui.ma\/index.php\/produit\/produit-39\/"]}]},{"@type":"ImageObject","inLanguage":"fr-FR","@id":"https:\/\/paracherkaoui.ma\/index.php\/produit\/produit-39\/#primaryimage","url":"https:\/\/paracherkaoui.ma\/wp-content\/uploads\/2025\/12\/dercos-vichy-dercos-densi-solutions-shampoing-epaisseur-et-resistance-250ml-shampoings-anti-chute.jpg","contentUrl":"https:\/\/paracherkaoui.ma\/wp-content\/uploads\/2025\/12\/dercos-vichy-dercos-densi-solutions-shampoing-epaisseur-et-resistance-250ml-shampoings-anti-chute.jpg","width":700,"height":700},{"@type":"BreadcrumbList","@id":"https:\/\/paracherkaoui.ma\/index.php\/produit\/produit-39\/#breadcrumb","itemListElement":[{"@type":"ListItem","position":1,"name":"Accueil","item":"https:\/\/paracherkaoui.ma\/"},{"@type":"ListItem","position":2,"name":"Boutique","item":"https:\/\/paracherkaoui.ma\/index.php\/boutique\/"},{"@type":"ListItem","position":3,"name":"Produit"}]},{"@type":"WebSite","@id":"https:\/\/paracherkaoui.ma\/#website","url":"https:\/\/paracherkaoui.ma\/","name":"Paracherkaoui.ma","description":"Achetez en ligne sur Paracherkaoui.ma","potentialAction":[{"@type":"SearchAction","target":{"@type":"EntryPoint","urlTemplate":"https:\/\/paracherkaoui.ma\/?s={search_term_string}"},"query-input":{"@type":"PropertyValueSpecification","valueRequired":true,"valueName":"search_term_string"}}],"inLanguage":"fr-FR"}]}},"_links":{"self":[{"href":"https:\/\/paracherkaoui.ma\/index.php\/wp-json\/wp\/v2\/product\/10907","targetHints":{"allow":["GET"]}}],"collection":[{"href":"https:\/\/paracherkaoui.ma\/index.php\/wp-json\/wp\/v2\/product"}],"about":[{"href":"https:\/\/paracherkaoui.ma\/index.php\/wp-json\/wp\/v2\/types\/product"}],"replies":[{"embeddable":true,"href":"https:\/\/paracherkaoui.ma\/index.php\/wp-json\/wp\/v2\/comments?post=10907"}],"version-history":[{"count":1,"href":"https:\/\/paracherkaoui.ma\/index.php\/wp-json\/wp\/v2\/product\/10907\/revisions"}],"predecessor-version":[{"id":10940,"href":"https:\/\/paracherkaoui.ma\/index.php\/wp-json\/wp\/v2\/product\/10907\/revisions\/10940"}],"wp:featuredmedia":[{"embeddable":true,"href":"https:\/\/paracherkaoui.ma\/index.php\/wp-json\/wp\/v2\/media\/10939"}],"wp:attachment":[{"href":"https:\/\/paracherkaoui.ma\/index.php\/wp-json\/wp\/v2\/media?parent=10907"}],"wp:term":[{"taxonomy":"product_brand","embeddable":true,"href":"https:\/\/paracherkaoui.ma\/index.php\/wp-json\/wp\/v2\/product_brand?post=10907"},{"taxonomy":"product_cat","embeddable":true,"href":"https:\/\/paracherkaoui.ma\/index.php\/wp-json\/wp\/v2\/product_cat?post=10907"},{"taxonomy":"product_tag","embeddable":true,"href":"https:\/\/paracherkaoui.ma\/index.php\/wp-json\/wp\/v2\/product_tag?post=10907"}],"curies":[{"name":"wp","href":"https:\/\/api.w.org\/{rel}","templated":true}]}}