{"id":10828,"date":"2025-12-12T17:36:00","date_gmt":"2025-12-12T16:36:00","guid":{"rendered":"https:\/\/test.ecbeaute.com\/?post_type=product&#038;p=10828"},"modified":"2025-12-12T17:36:02","modified_gmt":"2025-12-12T16:36:02","slug":"produit-20","status":"publish","type":"product","link":"https:\/\/paracherkaoui.ma\/index.php\/produit\/produit-20\/","title":{"rendered":"Produit"},"content":{"rendered":"<p>DESCRIPTION :<br \/>\nInnovation DS HAIR : 1\u00e8re gamme de shampooings \u00e0 l&rsquo;Eau Thermale des Alpes Fran\u00e7aises.<br \/>\nCe shampooing traitant antipelliculaire \u00e9limine les pellicules, s\u00e8ches ou grasses. Le cuir chevelu est purifi\u00e9 et les d\u00e9mangeaisons apais\u00e9es. Sa texture ultra-sensorielle apporte souplesse, beaut\u00e9 et brillance aux cheveux.<br \/>\nACTION APAISANTE : La technologie brevet\u00e9e TLR2-Regul, combin\u00e9e \u00e0 l\u2019Eau Thermale d\u2019Uriage et \u00e0 l\u2019Edelweiss agissent sp\u00e9cifiquement pour apaiser et prot\u00e9ger le cuir chevelu.<br \/>\nACTION PURIFIANTE : L&rsquo;association de la piroctone olamine avec le lactate de zinc permet de combattre et pr\u00e9venir l\u2019exc\u00e8s de Malassezia qui aggravent les pellicules.<br \/>\nR\u00e9sultats<br \/>\n100% Efficacit\u00e9 prouv\u00e9e :<br \/>\n\u2022 DIMINUTION DES PELLICULES : 100%*(1)<br \/>\nConsommateurs conquis :<br \/>\n\u2022 AGIT D\u00c8S LA PREMIERE APPLICATION : 89%*(2)<br \/>\n\u2022 DIMINUE LES SENSATIONS D\u2019INCONFORT : 100%*(2)<br \/>\n*Etude clinique sous contr\u00f4le dermatologique sur 28 sujets. Application 2 fois par semaine pendant 3 semaines puis 1 fois par semaine pendant 3 semaines en association quotidienne pendant 6 semaines avec DS HAIR Shampooing Doux Equilibrant. (1)Evaluation par le dermatologue. % satisfaction (2).<br \/>\nPRINCIPES ACTIFS :<br \/>\nComplexe brevet\u00e9 : TLR2 Regul<br \/>\nPiroctone Olamine<br \/>\nLactate de Zinc<br \/>\nEau Thermale d\u2019Uriage<br \/>\nEdelweiss<br \/>\nHaute Tol\u00e9rance<br \/>\nCONSEILS D&rsquo;UTILISATION :<br \/>\nAppliquer 1 \u00e0 2 fois par semaine sur cheveux mouill\u00e9s, le front et la nuque. Faire mousser en massant avec douceur, laisser poser 2-3 minutes puis rincer abondamment. En relais, utiliser DS HAIR SHAMPOOING DOUX \u00c9QUILIBRANT. Eviter le contact avec les yeux.<\/p>\n","protected":false},"excerpt":{"rendered":"<p>DESCRIPTION : Innovation DS HAIR : 1\u00e8re gamme de shampooings \u00e0 l&rsquo;Eau Thermale des Alpes Fran\u00e7aises. Ce shampooing traitant antipelliculaire<\/p>\n","protected":false},"featured_media":10871,"comment_status":"open","ping_status":"closed","template":"","meta":[],"product_brand":[130],"product_cat":[143],"product_tag":[],"class_list":{"0":"post-10828","1":"product","2":"type-product","3":"status-publish","4":"has-post-thumbnail","6":"product_brand-uriage","7":"product_cat-cuir-chevelu","9":"first","10":"instock","11":"sale","12":"shipping-taxable","13":"purchasable","14":"product-type-simple"},"yoast_head":"<!-- This site is optimized with the Yoast SEO plugin v26.6 - https:\/\/yoast.com\/wordpress\/plugins\/seo\/ -->\r\n<title>Produit - Paracherkaoui.ma<\/title>\r\n<meta name=\"robots\" content=\"index, follow, max-snippet:-1, max-image-preview:large, max-video-preview:-1\" \/>\r\n<link rel=\"canonical\" href=\"https:\/\/paracherkaoui.ma\/index.php\/produit\/produit-20\/\" \/>\r\n<meta property=\"og:locale\" content=\"fr_FR\" \/>\r\n<meta property=\"og:type\" content=\"article\" \/>\r\n<meta property=\"og:title\" content=\"Produit - Paracherkaoui.ma\" \/>\r\n<meta property=\"og:description\" content=\"DESCRIPTION : Innovation DS HAIR : 1\u00e8re gamme de shampooings \u00e0 l&rsquo;Eau Thermale des Alpes Fran\u00e7aises. Ce shampooing traitant antipelliculaire\" \/>\r\n<meta property=\"og:url\" content=\"https:\/\/paracherkaoui.ma\/index.php\/produit\/produit-20\/\" \/>\r\n<meta property=\"og:site_name\" content=\"Paracherkaoui.ma\" \/>\r\n<meta property=\"article:modified_time\" content=\"2025-12-12T16:36:02+00:00\" \/>\r\n<meta property=\"og:image\" content=\"https:\/\/paracherkaoui.ma\/wp-content\/uploads\/2025\/12\/uriage-uriage-ds-hair-shampooing-traitant-antipelliculaire-200-ml-shampooing-anti-pelliculaire.jpg\" \/>\r\n\t<meta property=\"og:image:width\" content=\"700\" \/>\r\n\t<meta property=\"og:image:height\" content=\"700\" \/>\r\n\t<meta property=\"og:image:type\" content=\"image\/jpeg\" \/>\r\n<meta name=\"twitter:card\" content=\"summary_large_image\" \/>\r\n<meta name=\"twitter:label1\" content=\"Dur\u00e9e de lecture estim\u00e9e\" \/>\n\t<meta name=\"twitter:data1\" content=\"1 minute\" \/>\r\n<script type=\"application\/ld+json\" class=\"yoast-schema-graph\">{\"@context\":\"https:\/\/schema.org\",\"@graph\":[{\"@type\":\"WebPage\",\"@id\":\"https:\/\/paracherkaoui.ma\/index.php\/produit\/produit-20\/\",\"url\":\"https:\/\/paracherkaoui.ma\/index.php\/produit\/produit-20\/\",\"name\":\"Produit - Paracherkaoui.ma\",\"isPartOf\":{\"@id\":\"https:\/\/paracherkaoui.ma\/#website\"},\"primaryImageOfPage\":{\"@id\":\"https:\/\/paracherkaoui.ma\/index.php\/produit\/produit-20\/#primaryimage\"},\"image\":{\"@id\":\"https:\/\/paracherkaoui.ma\/index.php\/produit\/produit-20\/#primaryimage\"},\"thumbnailUrl\":\"https:\/\/paracherkaoui.ma\/wp-content\/uploads\/2025\/12\/uriage-uriage-ds-hair-shampooing-traitant-antipelliculaire-200-ml-shampooing-anti-pelliculaire.jpg\",\"datePublished\":\"2025-12-12T16:36:00+00:00\",\"dateModified\":\"2025-12-12T16:36:02+00:00\",\"breadcrumb\":{\"@id\":\"https:\/\/paracherkaoui.ma\/index.php\/produit\/produit-20\/#breadcrumb\"},\"inLanguage\":\"fr-FR\",\"potentialAction\":[{\"@type\":\"ReadAction\",\"target\":[\"https:\/\/paracherkaoui.ma\/index.php\/produit\/produit-20\/\"]}]},{\"@type\":\"ImageObject\",\"inLanguage\":\"fr-FR\",\"@id\":\"https:\/\/paracherkaoui.ma\/index.php\/produit\/produit-20\/#primaryimage\",\"url\":\"https:\/\/paracherkaoui.ma\/wp-content\/uploads\/2025\/12\/uriage-uriage-ds-hair-shampooing-traitant-antipelliculaire-200-ml-shampooing-anti-pelliculaire.jpg\",\"contentUrl\":\"https:\/\/paracherkaoui.ma\/wp-content\/uploads\/2025\/12\/uriage-uriage-ds-hair-shampooing-traitant-antipelliculaire-200-ml-shampooing-anti-pelliculaire.jpg\",\"width\":700,\"height\":700},{\"@type\":\"BreadcrumbList\",\"@id\":\"https:\/\/paracherkaoui.ma\/index.php\/produit\/produit-20\/#breadcrumb\",\"itemListElement\":[{\"@type\":\"ListItem\",\"position\":1,\"name\":\"Accueil\",\"item\":\"https:\/\/paracherkaoui.ma\/\"},{\"@type\":\"ListItem\",\"position\":2,\"name\":\"Boutique\",\"item\":\"https:\/\/paracherkaoui.ma\/index.php\/boutique\/\"},{\"@type\":\"ListItem\",\"position\":3,\"name\":\"Produit\"}]},{\"@type\":\"WebSite\",\"@id\":\"https:\/\/paracherkaoui.ma\/#website\",\"url\":\"https:\/\/paracherkaoui.ma\/\",\"name\":\"Paracherkaoui.ma\",\"description\":\"Achetez en ligne sur Paracherkaoui.ma\",\"potentialAction\":[{\"@type\":\"SearchAction\",\"target\":{\"@type\":\"EntryPoint\",\"urlTemplate\":\"https:\/\/paracherkaoui.ma\/?s={search_term_string}\"},\"query-input\":{\"@type\":\"PropertyValueSpecification\",\"valueRequired\":true,\"valueName\":\"search_term_string\"}}],\"inLanguage\":\"fr-FR\"}]}<\/script>\r\n<!-- \/ Yoast SEO plugin. -->","yoast_head_json":{"title":"Produit - Paracherkaoui.ma","robots":{"index":"index","follow":"follow","max-snippet":"max-snippet:-1","max-image-preview":"max-image-preview:large","max-video-preview":"max-video-preview:-1"},"canonical":"https:\/\/paracherkaoui.ma\/index.php\/produit\/produit-20\/","og_locale":"fr_FR","og_type":"article","og_title":"Produit - Paracherkaoui.ma","og_description":"DESCRIPTION : Innovation DS HAIR : 1\u00e8re gamme de shampooings \u00e0 l&rsquo;Eau Thermale des Alpes Fran\u00e7aises. Ce shampooing traitant antipelliculaire","og_url":"https:\/\/paracherkaoui.ma\/index.php\/produit\/produit-20\/","og_site_name":"Paracherkaoui.ma","article_modified_time":"2025-12-12T16:36:02+00:00","og_image":[{"width":700,"height":700,"url":"https:\/\/paracherkaoui.ma\/wp-content\/uploads\/2025\/12\/uriage-uriage-ds-hair-shampooing-traitant-antipelliculaire-200-ml-shampooing-anti-pelliculaire.jpg","type":"image\/jpeg"}],"twitter_card":"summary_large_image","twitter_misc":{"Dur\u00e9e de lecture estim\u00e9e":"1 minute"},"schema":{"@context":"https:\/\/schema.org","@graph":[{"@type":"WebPage","@id":"https:\/\/paracherkaoui.ma\/index.php\/produit\/produit-20\/","url":"https:\/\/paracherkaoui.ma\/index.php\/produit\/produit-20\/","name":"Produit - Paracherkaoui.ma","isPartOf":{"@id":"https:\/\/paracherkaoui.ma\/#website"},"primaryImageOfPage":{"@id":"https:\/\/paracherkaoui.ma\/index.php\/produit\/produit-20\/#primaryimage"},"image":{"@id":"https:\/\/paracherkaoui.ma\/index.php\/produit\/produit-20\/#primaryimage"},"thumbnailUrl":"https:\/\/paracherkaoui.ma\/wp-content\/uploads\/2025\/12\/uriage-uriage-ds-hair-shampooing-traitant-antipelliculaire-200-ml-shampooing-anti-pelliculaire.jpg","datePublished":"2025-12-12T16:36:00+00:00","dateModified":"2025-12-12T16:36:02+00:00","breadcrumb":{"@id":"https:\/\/paracherkaoui.ma\/index.php\/produit\/produit-20\/#breadcrumb"},"inLanguage":"fr-FR","potentialAction":[{"@type":"ReadAction","target":["https:\/\/paracherkaoui.ma\/index.php\/produit\/produit-20\/"]}]},{"@type":"ImageObject","inLanguage":"fr-FR","@id":"https:\/\/paracherkaoui.ma\/index.php\/produit\/produit-20\/#primaryimage","url":"https:\/\/paracherkaoui.ma\/wp-content\/uploads\/2025\/12\/uriage-uriage-ds-hair-shampooing-traitant-antipelliculaire-200-ml-shampooing-anti-pelliculaire.jpg","contentUrl":"https:\/\/paracherkaoui.ma\/wp-content\/uploads\/2025\/12\/uriage-uriage-ds-hair-shampooing-traitant-antipelliculaire-200-ml-shampooing-anti-pelliculaire.jpg","width":700,"height":700},{"@type":"BreadcrumbList","@id":"https:\/\/paracherkaoui.ma\/index.php\/produit\/produit-20\/#breadcrumb","itemListElement":[{"@type":"ListItem","position":1,"name":"Accueil","item":"https:\/\/paracherkaoui.ma\/"},{"@type":"ListItem","position":2,"name":"Boutique","item":"https:\/\/paracherkaoui.ma\/index.php\/boutique\/"},{"@type":"ListItem","position":3,"name":"Produit"}]},{"@type":"WebSite","@id":"https:\/\/paracherkaoui.ma\/#website","url":"https:\/\/paracherkaoui.ma\/","name":"Paracherkaoui.ma","description":"Achetez en ligne sur Paracherkaoui.ma","potentialAction":[{"@type":"SearchAction","target":{"@type":"EntryPoint","urlTemplate":"https:\/\/paracherkaoui.ma\/?s={search_term_string}"},"query-input":{"@type":"PropertyValueSpecification","valueRequired":true,"valueName":"search_term_string"}}],"inLanguage":"fr-FR"}]}},"_links":{"self":[{"href":"https:\/\/paracherkaoui.ma\/index.php\/wp-json\/wp\/v2\/product\/10828","targetHints":{"allow":["GET"]}}],"collection":[{"href":"https:\/\/paracherkaoui.ma\/index.php\/wp-json\/wp\/v2\/product"}],"about":[{"href":"https:\/\/paracherkaoui.ma\/index.php\/wp-json\/wp\/v2\/types\/product"}],"replies":[{"embeddable":true,"href":"https:\/\/paracherkaoui.ma\/index.php\/wp-json\/wp\/v2\/comments?post=10828"}],"version-history":[{"count":1,"href":"https:\/\/paracherkaoui.ma\/index.php\/wp-json\/wp\/v2\/product\/10828\/revisions"}],"predecessor-version":[{"id":10872,"href":"https:\/\/paracherkaoui.ma\/index.php\/wp-json\/wp\/v2\/product\/10828\/revisions\/10872"}],"wp:featuredmedia":[{"embeddable":true,"href":"https:\/\/paracherkaoui.ma\/index.php\/wp-json\/wp\/v2\/media\/10871"}],"wp:attachment":[{"href":"https:\/\/paracherkaoui.ma\/index.php\/wp-json\/wp\/v2\/media?parent=10828"}],"wp:term":[{"taxonomy":"product_brand","embeddable":true,"href":"https:\/\/paracherkaoui.ma\/index.php\/wp-json\/wp\/v2\/product_brand?post=10828"},{"taxonomy":"product_cat","embeddable":true,"href":"https:\/\/paracherkaoui.ma\/index.php\/wp-json\/wp\/v2\/product_cat?post=10828"},{"taxonomy":"product_tag","embeddable":true,"href":"https:\/\/paracherkaoui.ma\/index.php\/wp-json\/wp\/v2\/product_tag?post=10828"}],"curies":[{"name":"wp","href":"https:\/\/api.w.org\/{rel}","templated":true}]}}