{"id":10816,"date":"2025-12-12T17:35:59","date_gmt":"2025-12-12T16:35:59","guid":{"rendered":"https:\/\/test.ecbeaute.com\/?post_type=product&#038;p=10816"},"modified":"2025-12-12T17:36:01","modified_gmt":"2025-12-12T16:36:01","slug":"produit-8","status":"publish","type":"product","link":"https:\/\/paracherkaoui.ma\/index.php\/produit\/produit-8\/","title":{"rendered":"Produit"},"content":{"rendered":"<p>.elementor-222 .elementor-element.elementor-element-44eae012 .elementor-tab-title, .elementor-222 .elementor-element.elementor-element-44eae012 .elementor-tab-title:before, .elementor-222 .elementor-element.elementor-element-44eae012 .elementor-tab-title:after, .elementor-222 .elementor-element.elementor-element-44eae012 .elementor-tab-content, .elementor-222 .elementor-element.elementor-element-44eae012 .elementor-tabs-content-wrapper{border-width:0.5px;}.elementor-222 .elementor-element.elementor-element-44eae012 .elementor-tab-title{color:#000000;}.elementor-222 .elementor-element.elementor-element-44eae012 .elementor-tab-title.elementor-active{color:#00a28d;}.elementor-222 .elementor-element.elementor-element-44eae012 .elementor-tab-content{color:#000000;}.elementor-222 .elementor-element.elementor-element-26ab8ebe .axps-swiper-slider .swiper-slide img{width:auto;}.elementor-222 .elementor-element.elementor-element-26ab8ebe .wrapper-items:not(.swiper-container-initialized) .item{-ms-flex:0 0 calc(100%\/4);flex:0 0 calc(100%\/4);max-width:calc(100%\/4);}.elementor-222 .elementor-element.elementor-element-26ab8ebe .wrapper-items .swiper-slide{padding-left:calc(30px\/2);padding-right:calc(30px\/2);}.elementor-222 .elementor-element.elementor-element-26ab8ebe .wrapper-items .swiper-slide .item-inner{margin-bottom:30px;}.elementor-222 .elementor-element.elementor-element-26ab8ebe .wrapper-items{margin-left:calc(-30px\/2);margin-right:calc(-30px\/2);}.elementor-222 .elementor-element.elementor-element-26ab8ebe .swiper-wrapper .item-inner{text-align:center;}.elementor-222 .elementor-element.elementor-element-21f8aac1{margin-top:-16px;margin-bottom:0px;}.elementor-222 .elementor-element.elementor-element-29738a1c{color:#7a7a7a;}.elementor-222 .elementor-element.elementor-element-29738a1c a, .elementor-222 .elementor-element.elementor-element-29738a1c p{color:inherit;}.elementor-222 .elementor-element.elementor-element-29738a1c > .elementor-widget-container{margin:-46px 0px 0px 0px;}.elementor-222 .elementor-element.elementor-element-7b919176 > .elementor-widget-container{margin:-46px 0px 0px 0px;}.elementor-222 .elementor-element.elementor-element-8b54105 > .elementor-widget-container{margin:-46px 0px 0px 0px;}.elementor-222 .elementor-element.elementor-element-fa71895 > .elementor-widget-container{margin:-46px 0px 0px 0px;}@media(max-width:1024px){.elementor-222 .elementor-element.elementor-element-26ab8ebe .wrapper-items:not(.swiper-container-initialized) .item{-ms-flex:0 0 calc(100%\/4);flex:0 0 calc(100%\/4);max-width:calc(100%\/4);}.elementor-222 .elementor-element.elementor-element-26ab8ebe .wrapper-items .swiper-slide{padding-left:calc(20px\/2);padding-right:calc(20px\/2);}.elementor-222 .elementor-element.elementor-element-26ab8ebe .wrapper-items .swiper-slide .item-inner{margin-bottom:20px;}.elementor-222 .elementor-element.elementor-element-26ab8ebe .wrapper-items{margin-left:calc(-20px\/2);margin-right:calc(-20px\/2);}.elementor-222 .elementor-element.elementor-element-29738a1c > .elementor-widget-container{margin:-33px 0px 0px 0px;}.elementor-222 .elementor-element.elementor-element-7b919176 > .elementor-widget-container{margin:-33px 0px 0px 0px;}.elementor-222 .elementor-element.elementor-element-8b54105 > .elementor-widget-container{margin:-33px 0px 0px 0px;}.elementor-222 .elementor-element.elementor-element-fa71895 > .elementor-widget-container{margin:-33px 0px 0px 0px;}}@media(max-width:767px){.elementor-222 .elementor-element.elementor-element-26ab8ebe .wrapper-items:not(.swiper-container-initialized) .item{-ms-flex:0 0 calc(100%\/4);flex:0 0 calc(100%\/4);max-width:calc(100%\/4);}.elementor-222 .elementor-element.elementor-element-26ab8ebe .wrapper-items .swiper-slide{padding-left:calc(10px\/2);padding-right:calc(10px\/2);}.elementor-222 .elementor-element.elementor-element-26ab8ebe .wrapper-items .swiper-slide .item-inner{margin-bottom:10px;}.elementor-222 .elementor-element.elementor-element-26ab8ebe .wrapper-items{margin-left:calc(-10px\/2);margin-right:calc(-10px\/2);}.elementor-222 .elementor-element.elementor-element-20dd2493{width:50%;}.elementor-222 .elementor-element.elementor-element-29738a1c > .elementor-widget-container{margin:-26px 0px 0px 0px;}.elementor-222 .elementor-element.elementor-element-33ccd82e{width:50%;}.elementor-222 .elementor-element.elementor-element-7b919176 > .elementor-widget-container{margin:-26px 0px 0px 0px;}.elementor-222 .elementor-element.elementor-element-c258548{width:50%;}.elementor-222 .elementor-element.elementor-element-8b54105 > .elementor-widget-container{margin:-26px 0px 0px 0px;}.elementor-222 .elementor-element.elementor-element-48eee7e6{width:50%;}.elementor-222 .elementor-element.elementor-element-fa71895 > .elementor-widget-container{margin:-26px 0px 0px 0px;}}<br \/>\nDescription<br \/>\nConseils d&rsquo;utilisation<br \/>\nComposition<br \/>\nDescription<br \/>\nAu c\u0153ur de sa formule se trouve le\u00a0S\u00e9l\u00e9nium DS, un actif antifongique reconnu pour sa capacit\u00e9 \u00e0 \u00e9liminer les pellicules, m\u00eame les plus tenaces. Il agit directement sur les causes des pellicules tout en r\u00e9duisant les r\u00e9cidives jusqu\u2019\u00e0 6 semaines. Associ\u00e9 au\u00a0Coh\u00e9syl, un agent qui renforce la structure cellulaire du cuir chevelu, ce shampooing aide \u00e0 r\u00e9parer la barri\u00e8re cutan\u00e9e et \u00e0 pr\u00e9venir la formation de nouvelles pellicules. R\u00e9sultat : un cuir chevelu sain, apais\u00e9 et purifi\u00e9 d\u00e8s la premi\u00e8re application.<br \/>\nSans parab\u00e8ne, et\u00a0test\u00e9 sous contr\u00f4le dermatologique, ce soin lavant respecte la sensibilit\u00e9 des peaux s\u00e8ches et r\u00e9actives. D\u00e8s le premier lavage, les d\u00e9mangeaisons diminuent et les pellicules disparaissent visiblement.<br \/>\nGr\u00e2ce \u00e0 sa texture onctueuse, il nettoie en douceur tout en\u00a0apportant confort et hydratation \u00e0 la fibre capillaire. Vos cheveux retrouvent leur l\u00e9g\u00e8ret\u00e9 et leur \u00e9clat naturel, sans r\u00e9sidus.<br \/>\nVichy Dercos Anti-Pelliculaire Cheveux Secs\u00a0est le partenaire id\u00e9al pour une chevelure saine, belle et sans pellicules.<br \/>\nConseils d&rsquo;utilisation<br \/>\nPremi\u00e8re application\u00a0: appliquer sur cheveux mouill\u00e9s, laisser poser\u00a02 minutes, puis rincer abondamment.<br \/>\nApplications suivantes\u00a0: masser le cuir chevelu puis rincer.<br \/>\n\u00c0 utiliser\u00a0en cure de 4 semaines, \u00e0 raison de\u00a03 shampooings par semaine.<br \/>\n\u00c9viter le contact avec les yeux. En cas de contact, rincer imm\u00e9diatement.<br \/>\nComposition<br \/>\nAQUA \/ WATER, SODIUM LAURETH SULFATE, COCO-BETAINE, GLYCERIN, DIMETHICONE, CETYL ALCOHOL, HYDROXYSTEARYL CETYL ETHER, CARBOMER, CI 19140 \/ YELLOW 5, CITRIC ACID, 2-OLEAMIDO-1,3-OCTADECANEDIOL, PPG-5-CETETH-20, PROPYLENE GLYCOL, SALICYLIC ACID, SELENIUM SULFIDE, SODIUM CHLORIDE, SODIUM HYDROXIDE, SODIUM HYPOCHLORITE, PARFUM \/ FRAGRANCE<br \/>\nAjouter au Panier<br \/>\nAjouter au Panier<br \/>\nAjouter au Panier<br \/>\nAjouter au Panier<\/p>\n","protected":false},"excerpt":{"rendered":"<p>.elementor-222 .elementor-element.elementor-element-44eae012 .elementor-tab-title, .elementor-222 .elementor-element.elementor-element-44eae012 .elementor-tab-title:before, .elementor-222 .elementor-element.elementor-element-44eae012 .elementor-tab-title:after, .elementor-222 .elementor-element.elementor-element-44eae012 .elementor-tab-content, .elementor-222 .elementor-element.elementor-element-44eae012 .elementor-tabs-content-wrapper{border-width:0.5px;}.elementor-222 .elementor-element.elementor-element-44eae012 .elementor-tab-title{color:#000000;}.elementor-222 .elementor-element.elementor-element-44eae012 .elementor-tab-title.elementor-active{color:#00a28d;}.elementor-222 .elementor-element.elementor-element-44eae012<\/p>\n","protected":false},"featured_media":10847,"comment_status":"open","ping_status":"closed","template":"","meta":[],"product_brand":[144],"product_cat":[143],"product_tag":[],"class_list":{"0":"post-10816","1":"product","2":"type-product","3":"status-publish","4":"has-post-thumbnail","6":"product_brand-dercos","7":"product_cat-cuir-chevelu","9":"first","10":"instock","11":"sale","12":"shipping-taxable","13":"purchasable","14":"product-type-simple"},"yoast_head":"<!-- This site is optimized with the Yoast SEO plugin v26.6 - https:\/\/yoast.com\/wordpress\/plugins\/seo\/ -->\r\n<title>Produit - Paracherkaoui.ma<\/title>\r\n<meta name=\"robots\" content=\"index, follow, max-snippet:-1, max-image-preview:large, max-video-preview:-1\" \/>\r\n<link rel=\"canonical\" href=\"https:\/\/paracherkaoui.ma\/index.php\/produit\/produit-8\/\" \/>\r\n<meta property=\"og:locale\" content=\"fr_FR\" \/>\r\n<meta property=\"og:type\" content=\"article\" \/>\r\n<meta property=\"og:title\" content=\"Produit - Paracherkaoui.ma\" \/>\r\n<meta property=\"og:description\" content=\".elementor-222 .elementor-element.elementor-element-44eae012 .elementor-tab-title, .elementor-222 .elementor-element.elementor-element-44eae012 .elementor-tab-title:before, .elementor-222 .elementor-element.elementor-element-44eae012 .elementor-tab-title:after, .elementor-222 .elementor-element.elementor-element-44eae012 .elementor-tab-content, .elementor-222 .elementor-element.elementor-element-44eae012 .elementor-tabs-content-wrapper{border-width:0.5px;}.elementor-222 .elementor-element.elementor-element-44eae012 .elementor-tab-title{color:#000000;}.elementor-222 .elementor-element.elementor-element-44eae012 .elementor-tab-title.elementor-active{color:#00a28d;}.elementor-222 .elementor-element.elementor-element-44eae012\" \/>\r\n<meta property=\"og:url\" content=\"https:\/\/paracherkaoui.ma\/index.php\/produit\/produit-8\/\" \/>\r\n<meta property=\"og:site_name\" content=\"Paracherkaoui.ma\" \/>\r\n<meta property=\"article:modified_time\" content=\"2025-12-12T16:36:01+00:00\" \/>\r\n<meta property=\"og:image\" content=\"https:\/\/paracherkaoui.ma\/wp-content\/uploads\/2025\/12\/dercos-vichy-dercos-shampoing-anti-pelliculaire-ds-cheveux-secs-200-ml-soins-des-cheveux.jpg\" \/>\r\n\t<meta property=\"og:image:width\" content=\"700\" \/>\r\n\t<meta property=\"og:image:height\" content=\"700\" \/>\r\n\t<meta property=\"og:image:type\" content=\"image\/jpeg\" \/>\r\n<meta name=\"twitter:card\" content=\"summary_large_image\" \/>\r\n<meta name=\"twitter:label1\" content=\"Dur\u00e9e de lecture estim\u00e9e\" \/>\n\t<meta name=\"twitter:data1\" content=\"3 minutes\" \/>\r\n<script type=\"application\/ld+json\" class=\"yoast-schema-graph\">{\"@context\":\"https:\/\/schema.org\",\"@graph\":[{\"@type\":\"WebPage\",\"@id\":\"https:\/\/paracherkaoui.ma\/index.php\/produit\/produit-8\/\",\"url\":\"https:\/\/paracherkaoui.ma\/index.php\/produit\/produit-8\/\",\"name\":\"Produit - Paracherkaoui.ma\",\"isPartOf\":{\"@id\":\"https:\/\/paracherkaoui.ma\/#website\"},\"primaryImageOfPage\":{\"@id\":\"https:\/\/paracherkaoui.ma\/index.php\/produit\/produit-8\/#primaryimage\"},\"image\":{\"@id\":\"https:\/\/paracherkaoui.ma\/index.php\/produit\/produit-8\/#primaryimage\"},\"thumbnailUrl\":\"https:\/\/paracherkaoui.ma\/wp-content\/uploads\/2025\/12\/dercos-vichy-dercos-shampoing-anti-pelliculaire-ds-cheveux-secs-200-ml-soins-des-cheveux.jpg\",\"datePublished\":\"2025-12-12T16:35:59+00:00\",\"dateModified\":\"2025-12-12T16:36:01+00:00\",\"breadcrumb\":{\"@id\":\"https:\/\/paracherkaoui.ma\/index.php\/produit\/produit-8\/#breadcrumb\"},\"inLanguage\":\"fr-FR\",\"potentialAction\":[{\"@type\":\"ReadAction\",\"target\":[\"https:\/\/paracherkaoui.ma\/index.php\/produit\/produit-8\/\"]}]},{\"@type\":\"ImageObject\",\"inLanguage\":\"fr-FR\",\"@id\":\"https:\/\/paracherkaoui.ma\/index.php\/produit\/produit-8\/#primaryimage\",\"url\":\"https:\/\/paracherkaoui.ma\/wp-content\/uploads\/2025\/12\/dercos-vichy-dercos-shampoing-anti-pelliculaire-ds-cheveux-secs-200-ml-soins-des-cheveux.jpg\",\"contentUrl\":\"https:\/\/paracherkaoui.ma\/wp-content\/uploads\/2025\/12\/dercos-vichy-dercos-shampoing-anti-pelliculaire-ds-cheveux-secs-200-ml-soins-des-cheveux.jpg\",\"width\":700,\"height\":700},{\"@type\":\"BreadcrumbList\",\"@id\":\"https:\/\/paracherkaoui.ma\/index.php\/produit\/produit-8\/#breadcrumb\",\"itemListElement\":[{\"@type\":\"ListItem\",\"position\":1,\"name\":\"Accueil\",\"item\":\"https:\/\/paracherkaoui.ma\/\"},{\"@type\":\"ListItem\",\"position\":2,\"name\":\"Boutique\",\"item\":\"https:\/\/paracherkaoui.ma\/index.php\/boutique\/\"},{\"@type\":\"ListItem\",\"position\":3,\"name\":\"Produit\"}]},{\"@type\":\"WebSite\",\"@id\":\"https:\/\/paracherkaoui.ma\/#website\",\"url\":\"https:\/\/paracherkaoui.ma\/\",\"name\":\"Paracherkaoui.ma\",\"description\":\"Achetez en ligne sur Paracherkaoui.ma\",\"potentialAction\":[{\"@type\":\"SearchAction\",\"target\":{\"@type\":\"EntryPoint\",\"urlTemplate\":\"https:\/\/paracherkaoui.ma\/?s={search_term_string}\"},\"query-input\":{\"@type\":\"PropertyValueSpecification\",\"valueRequired\":true,\"valueName\":\"search_term_string\"}}],\"inLanguage\":\"fr-FR\"}]}<\/script>\r\n<!-- \/ Yoast SEO plugin. -->","yoast_head_json":{"title":"Produit - Paracherkaoui.ma","robots":{"index":"index","follow":"follow","max-snippet":"max-snippet:-1","max-image-preview":"max-image-preview:large","max-video-preview":"max-video-preview:-1"},"canonical":"https:\/\/paracherkaoui.ma\/index.php\/produit\/produit-8\/","og_locale":"fr_FR","og_type":"article","og_title":"Produit - Paracherkaoui.ma","og_description":".elementor-222 .elementor-element.elementor-element-44eae012 .elementor-tab-title, .elementor-222 .elementor-element.elementor-element-44eae012 .elementor-tab-title:before, .elementor-222 .elementor-element.elementor-element-44eae012 .elementor-tab-title:after, .elementor-222 .elementor-element.elementor-element-44eae012 .elementor-tab-content, .elementor-222 .elementor-element.elementor-element-44eae012 .elementor-tabs-content-wrapper{border-width:0.5px;}.elementor-222 .elementor-element.elementor-element-44eae012 .elementor-tab-title{color:#000000;}.elementor-222 .elementor-element.elementor-element-44eae012 .elementor-tab-title.elementor-active{color:#00a28d;}.elementor-222 .elementor-element.elementor-element-44eae012","og_url":"https:\/\/paracherkaoui.ma\/index.php\/produit\/produit-8\/","og_site_name":"Paracherkaoui.ma","article_modified_time":"2025-12-12T16:36:01+00:00","og_image":[{"width":700,"height":700,"url":"https:\/\/paracherkaoui.ma\/wp-content\/uploads\/2025\/12\/dercos-vichy-dercos-shampoing-anti-pelliculaire-ds-cheveux-secs-200-ml-soins-des-cheveux.jpg","type":"image\/jpeg"}],"twitter_card":"summary_large_image","twitter_misc":{"Dur\u00e9e de lecture estim\u00e9e":"3 minutes"},"schema":{"@context":"https:\/\/schema.org","@graph":[{"@type":"WebPage","@id":"https:\/\/paracherkaoui.ma\/index.php\/produit\/produit-8\/","url":"https:\/\/paracherkaoui.ma\/index.php\/produit\/produit-8\/","name":"Produit - Paracherkaoui.ma","isPartOf":{"@id":"https:\/\/paracherkaoui.ma\/#website"},"primaryImageOfPage":{"@id":"https:\/\/paracherkaoui.ma\/index.php\/produit\/produit-8\/#primaryimage"},"image":{"@id":"https:\/\/paracherkaoui.ma\/index.php\/produit\/produit-8\/#primaryimage"},"thumbnailUrl":"https:\/\/paracherkaoui.ma\/wp-content\/uploads\/2025\/12\/dercos-vichy-dercos-shampoing-anti-pelliculaire-ds-cheveux-secs-200-ml-soins-des-cheveux.jpg","datePublished":"2025-12-12T16:35:59+00:00","dateModified":"2025-12-12T16:36:01+00:00","breadcrumb":{"@id":"https:\/\/paracherkaoui.ma\/index.php\/produit\/produit-8\/#breadcrumb"},"inLanguage":"fr-FR","potentialAction":[{"@type":"ReadAction","target":["https:\/\/paracherkaoui.ma\/index.php\/produit\/produit-8\/"]}]},{"@type":"ImageObject","inLanguage":"fr-FR","@id":"https:\/\/paracherkaoui.ma\/index.php\/produit\/produit-8\/#primaryimage","url":"https:\/\/paracherkaoui.ma\/wp-content\/uploads\/2025\/12\/dercos-vichy-dercos-shampoing-anti-pelliculaire-ds-cheveux-secs-200-ml-soins-des-cheveux.jpg","contentUrl":"https:\/\/paracherkaoui.ma\/wp-content\/uploads\/2025\/12\/dercos-vichy-dercos-shampoing-anti-pelliculaire-ds-cheveux-secs-200-ml-soins-des-cheveux.jpg","width":700,"height":700},{"@type":"BreadcrumbList","@id":"https:\/\/paracherkaoui.ma\/index.php\/produit\/produit-8\/#breadcrumb","itemListElement":[{"@type":"ListItem","position":1,"name":"Accueil","item":"https:\/\/paracherkaoui.ma\/"},{"@type":"ListItem","position":2,"name":"Boutique","item":"https:\/\/paracherkaoui.ma\/index.php\/boutique\/"},{"@type":"ListItem","position":3,"name":"Produit"}]},{"@type":"WebSite","@id":"https:\/\/paracherkaoui.ma\/#website","url":"https:\/\/paracherkaoui.ma\/","name":"Paracherkaoui.ma","description":"Achetez en ligne sur Paracherkaoui.ma","potentialAction":[{"@type":"SearchAction","target":{"@type":"EntryPoint","urlTemplate":"https:\/\/paracherkaoui.ma\/?s={search_term_string}"},"query-input":{"@type":"PropertyValueSpecification","valueRequired":true,"valueName":"search_term_string"}}],"inLanguage":"fr-FR"}]}},"_links":{"self":[{"href":"https:\/\/paracherkaoui.ma\/index.php\/wp-json\/wp\/v2\/product\/10816","targetHints":{"allow":["GET"]}}],"collection":[{"href":"https:\/\/paracherkaoui.ma\/index.php\/wp-json\/wp\/v2\/product"}],"about":[{"href":"https:\/\/paracherkaoui.ma\/index.php\/wp-json\/wp\/v2\/types\/product"}],"replies":[{"embeddable":true,"href":"https:\/\/paracherkaoui.ma\/index.php\/wp-json\/wp\/v2\/comments?post=10816"}],"version-history":[{"count":1,"href":"https:\/\/paracherkaoui.ma\/index.php\/wp-json\/wp\/v2\/product\/10816\/revisions"}],"predecessor-version":[{"id":10848,"href":"https:\/\/paracherkaoui.ma\/index.php\/wp-json\/wp\/v2\/product\/10816\/revisions\/10848"}],"wp:featuredmedia":[{"embeddable":true,"href":"https:\/\/paracherkaoui.ma\/index.php\/wp-json\/wp\/v2\/media\/10847"}],"wp:attachment":[{"href":"https:\/\/paracherkaoui.ma\/index.php\/wp-json\/wp\/v2\/media?parent=10816"}],"wp:term":[{"taxonomy":"product_brand","embeddable":true,"href":"https:\/\/paracherkaoui.ma\/index.php\/wp-json\/wp\/v2\/product_brand?post=10816"},{"taxonomy":"product_cat","embeddable":true,"href":"https:\/\/paracherkaoui.ma\/index.php\/wp-json\/wp\/v2\/product_cat?post=10816"},{"taxonomy":"product_tag","embeddable":true,"href":"https:\/\/paracherkaoui.ma\/index.php\/wp-json\/wp\/v2\/product_tag?post=10816"}],"curies":[{"name":"wp","href":"https:\/\/api.w.org\/{rel}","templated":true}]}}