{"id":10745,"date":"2025-12-12T17:35:53","date_gmt":"2025-12-12T16:35:53","guid":{"rendered":"https:\/\/test.ecbeaute.com\/?post_type=product&#038;p=10745"},"modified":"2025-12-12T17:35:57","modified_gmt":"2025-12-12T16:35:57","slug":"svr-hydracid-c20-creme-anti-rides-eclat-du-teint-30-ml","status":"publish","type":"product","link":"https:\/\/paracherkaoui.ma\/index.php\/produit\/svr-hydracid-c20-creme-anti-rides-eclat-du-teint-30-ml\/","title":{"rendered":"SVR HYDRACID C20 CREME ANTI-RIDES ECLAT DU TEINT (30 ML)"},"content":{"rendered":"<p>Description:<br \/>\nSVR Hydracid C20 R\u00e9v\u00e8le l\u2019\u00e9clat du teint et limite la formation des rides, Prot\u00e8ge des radicaux libres g\u00e9n\u00e9r\u00e9s par UV, tabac et pollution gr\u00e2ce \u00e0 sa concentration \u00e0 20% de vitamine C optimis\u00e9e<\/p>\n<p>Conseils d&rsquo;utilisation:<\/p>\n<p>Appliquer matin et\/ou soir ou en cure renouvelable, sur le visage, le cou et le d\u00e9collet\u00e9<br \/>\nTexture fluide et l\u00e9g\u00e8re<br \/>\nNon com\u00e9dog\u00e8ne<\/p>\n","protected":false},"excerpt":{"rendered":"<p>Description: SVR Hydracid C20 R\u00e9v\u00e8le l\u2019\u00e9clat du teint et limite la formation des rides, Prot\u00e8ge des radicaux libres g\u00e9n\u00e9r\u00e9s par<\/p>\n","protected":false},"featured_media":10795,"comment_status":"open","ping_status":"closed","template":"","meta":[],"product_brand":[133],"product_cat":[140],"product_tag":[],"class_list":{"0":"post-10745","1":"product","2":"type-product","3":"status-publish","4":"has-post-thumbnail","6":"product_brand-svr","7":"product_cat-anti-age","9":"first","10":"instock","11":"sale","12":"shipping-taxable","13":"purchasable","14":"product-type-simple"},"yoast_head":"<!-- This site is optimized with the Yoast SEO plugin v26.6 - https:\/\/yoast.com\/wordpress\/plugins\/seo\/ -->\r\n<title>SVR HYDRACID C20 CREME ANTI-RIDES ECLAT DU TEINT (30 ML) - Paracherkaoui.ma<\/title>\r\n<meta name=\"robots\" content=\"index, follow, max-snippet:-1, max-image-preview:large, max-video-preview:-1\" \/>\r\n<link rel=\"canonical\" href=\"https:\/\/paracherkaoui.ma\/index.php\/produit\/svr-hydracid-c20-creme-anti-rides-eclat-du-teint-30-ml\/\" \/>\r\n<meta property=\"og:locale\" content=\"fr_FR\" \/>\r\n<meta property=\"og:type\" content=\"article\" \/>\r\n<meta property=\"og:title\" content=\"SVR HYDRACID C20 CREME ANTI-RIDES ECLAT DU TEINT (30 ML) - Paracherkaoui.ma\" \/>\r\n<meta property=\"og:description\" content=\"Description: SVR Hydracid C20 R\u00e9v\u00e8le l\u2019\u00e9clat du teint et limite la formation des rides, Prot\u00e8ge des radicaux libres g\u00e9n\u00e9r\u00e9s par\" \/>\r\n<meta property=\"og:url\" content=\"https:\/\/paracherkaoui.ma\/index.php\/produit\/svr-hydracid-c20-creme-anti-rides-eclat-du-teint-30-ml\/\" \/>\r\n<meta property=\"og:site_name\" content=\"Paracherkaoui.ma\" \/>\r\n<meta property=\"article:modified_time\" content=\"2025-12-12T16:35:57+00:00\" \/>\r\n<meta property=\"og:image\" content=\"https:\/\/paracherkaoui.ma\/wp-content\/uploads\/2025\/12\/svr-svr-hydracid-c20-creme-anti-rides-eclat-du-teint-30-ml-cremes-eclats.jpg\" \/>\r\n\t<meta property=\"og:image:width\" content=\"700\" \/>\r\n\t<meta property=\"og:image:height\" content=\"700\" \/>\r\n\t<meta property=\"og:image:type\" content=\"image\/jpeg\" \/>\r\n<meta name=\"twitter:card\" content=\"summary_large_image\" \/>\r\n<script type=\"application\/ld+json\" class=\"yoast-schema-graph\">{\"@context\":\"https:\/\/schema.org\",\"@graph\":[{\"@type\":\"WebPage\",\"@id\":\"https:\/\/paracherkaoui.ma\/index.php\/produit\/svr-hydracid-c20-creme-anti-rides-eclat-du-teint-30-ml\/\",\"url\":\"https:\/\/paracherkaoui.ma\/index.php\/produit\/svr-hydracid-c20-creme-anti-rides-eclat-du-teint-30-ml\/\",\"name\":\"SVR HYDRACID C20 CREME ANTI-RIDES ECLAT DU TEINT (30 ML) - Paracherkaoui.ma\",\"isPartOf\":{\"@id\":\"https:\/\/paracherkaoui.ma\/#website\"},\"primaryImageOfPage\":{\"@id\":\"https:\/\/paracherkaoui.ma\/index.php\/produit\/svr-hydracid-c20-creme-anti-rides-eclat-du-teint-30-ml\/#primaryimage\"},\"image\":{\"@id\":\"https:\/\/paracherkaoui.ma\/index.php\/produit\/svr-hydracid-c20-creme-anti-rides-eclat-du-teint-30-ml\/#primaryimage\"},\"thumbnailUrl\":\"https:\/\/paracherkaoui.ma\/wp-content\/uploads\/2025\/12\/svr-svr-hydracid-c20-creme-anti-rides-eclat-du-teint-30-ml-cremes-eclats.jpg\",\"datePublished\":\"2025-12-12T16:35:53+00:00\",\"dateModified\":\"2025-12-12T16:35:57+00:00\",\"breadcrumb\":{\"@id\":\"https:\/\/paracherkaoui.ma\/index.php\/produit\/svr-hydracid-c20-creme-anti-rides-eclat-du-teint-30-ml\/#breadcrumb\"},\"inLanguage\":\"fr-FR\",\"potentialAction\":[{\"@type\":\"ReadAction\",\"target\":[\"https:\/\/paracherkaoui.ma\/index.php\/produit\/svr-hydracid-c20-creme-anti-rides-eclat-du-teint-30-ml\/\"]}]},{\"@type\":\"ImageObject\",\"inLanguage\":\"fr-FR\",\"@id\":\"https:\/\/paracherkaoui.ma\/index.php\/produit\/svr-hydracid-c20-creme-anti-rides-eclat-du-teint-30-ml\/#primaryimage\",\"url\":\"https:\/\/paracherkaoui.ma\/wp-content\/uploads\/2025\/12\/svr-svr-hydracid-c20-creme-anti-rides-eclat-du-teint-30-ml-cremes-eclats.jpg\",\"contentUrl\":\"https:\/\/paracherkaoui.ma\/wp-content\/uploads\/2025\/12\/svr-svr-hydracid-c20-creme-anti-rides-eclat-du-teint-30-ml-cremes-eclats.jpg\",\"width\":700,\"height\":700},{\"@type\":\"BreadcrumbList\",\"@id\":\"https:\/\/paracherkaoui.ma\/index.php\/produit\/svr-hydracid-c20-creme-anti-rides-eclat-du-teint-30-ml\/#breadcrumb\",\"itemListElement\":[{\"@type\":\"ListItem\",\"position\":1,\"name\":\"Accueil\",\"item\":\"https:\/\/paracherkaoui.ma\/\"},{\"@type\":\"ListItem\",\"position\":2,\"name\":\"Boutique\",\"item\":\"https:\/\/paracherkaoui.ma\/index.php\/boutique\/\"},{\"@type\":\"ListItem\",\"position\":3,\"name\":\"SVR HYDRACID C20 CREME ANTI-RIDES ECLAT DU TEINT (30 ML)\"}]},{\"@type\":\"WebSite\",\"@id\":\"https:\/\/paracherkaoui.ma\/#website\",\"url\":\"https:\/\/paracherkaoui.ma\/\",\"name\":\"Paracherkaoui.ma\",\"description\":\"Achetez en ligne sur Paracherkaoui.ma\",\"potentialAction\":[{\"@type\":\"SearchAction\",\"target\":{\"@type\":\"EntryPoint\",\"urlTemplate\":\"https:\/\/paracherkaoui.ma\/?s={search_term_string}\"},\"query-input\":{\"@type\":\"PropertyValueSpecification\",\"valueRequired\":true,\"valueName\":\"search_term_string\"}}],\"inLanguage\":\"fr-FR\"}]}<\/script>\r\n<!-- \/ Yoast SEO plugin. -->","yoast_head_json":{"title":"SVR HYDRACID C20 CREME ANTI-RIDES ECLAT DU TEINT (30 ML) - Paracherkaoui.ma","robots":{"index":"index","follow":"follow","max-snippet":"max-snippet:-1","max-image-preview":"max-image-preview:large","max-video-preview":"max-video-preview:-1"},"canonical":"https:\/\/paracherkaoui.ma\/index.php\/produit\/svr-hydracid-c20-creme-anti-rides-eclat-du-teint-30-ml\/","og_locale":"fr_FR","og_type":"article","og_title":"SVR HYDRACID C20 CREME ANTI-RIDES ECLAT DU TEINT (30 ML) - Paracherkaoui.ma","og_description":"Description: SVR Hydracid C20 R\u00e9v\u00e8le l\u2019\u00e9clat du teint et limite la formation des rides, Prot\u00e8ge des radicaux libres g\u00e9n\u00e9r\u00e9s par","og_url":"https:\/\/paracherkaoui.ma\/index.php\/produit\/svr-hydracid-c20-creme-anti-rides-eclat-du-teint-30-ml\/","og_site_name":"Paracherkaoui.ma","article_modified_time":"2025-12-12T16:35:57+00:00","og_image":[{"width":700,"height":700,"url":"https:\/\/paracherkaoui.ma\/wp-content\/uploads\/2025\/12\/svr-svr-hydracid-c20-creme-anti-rides-eclat-du-teint-30-ml-cremes-eclats.jpg","type":"image\/jpeg"}],"twitter_card":"summary_large_image","schema":{"@context":"https:\/\/schema.org","@graph":[{"@type":"WebPage","@id":"https:\/\/paracherkaoui.ma\/index.php\/produit\/svr-hydracid-c20-creme-anti-rides-eclat-du-teint-30-ml\/","url":"https:\/\/paracherkaoui.ma\/index.php\/produit\/svr-hydracid-c20-creme-anti-rides-eclat-du-teint-30-ml\/","name":"SVR HYDRACID C20 CREME ANTI-RIDES ECLAT DU TEINT (30 ML) - Paracherkaoui.ma","isPartOf":{"@id":"https:\/\/paracherkaoui.ma\/#website"},"primaryImageOfPage":{"@id":"https:\/\/paracherkaoui.ma\/index.php\/produit\/svr-hydracid-c20-creme-anti-rides-eclat-du-teint-30-ml\/#primaryimage"},"image":{"@id":"https:\/\/paracherkaoui.ma\/index.php\/produit\/svr-hydracid-c20-creme-anti-rides-eclat-du-teint-30-ml\/#primaryimage"},"thumbnailUrl":"https:\/\/paracherkaoui.ma\/wp-content\/uploads\/2025\/12\/svr-svr-hydracid-c20-creme-anti-rides-eclat-du-teint-30-ml-cremes-eclats.jpg","datePublished":"2025-12-12T16:35:53+00:00","dateModified":"2025-12-12T16:35:57+00:00","breadcrumb":{"@id":"https:\/\/paracherkaoui.ma\/index.php\/produit\/svr-hydracid-c20-creme-anti-rides-eclat-du-teint-30-ml\/#breadcrumb"},"inLanguage":"fr-FR","potentialAction":[{"@type":"ReadAction","target":["https:\/\/paracherkaoui.ma\/index.php\/produit\/svr-hydracid-c20-creme-anti-rides-eclat-du-teint-30-ml\/"]}]},{"@type":"ImageObject","inLanguage":"fr-FR","@id":"https:\/\/paracherkaoui.ma\/index.php\/produit\/svr-hydracid-c20-creme-anti-rides-eclat-du-teint-30-ml\/#primaryimage","url":"https:\/\/paracherkaoui.ma\/wp-content\/uploads\/2025\/12\/svr-svr-hydracid-c20-creme-anti-rides-eclat-du-teint-30-ml-cremes-eclats.jpg","contentUrl":"https:\/\/paracherkaoui.ma\/wp-content\/uploads\/2025\/12\/svr-svr-hydracid-c20-creme-anti-rides-eclat-du-teint-30-ml-cremes-eclats.jpg","width":700,"height":700},{"@type":"BreadcrumbList","@id":"https:\/\/paracherkaoui.ma\/index.php\/produit\/svr-hydracid-c20-creme-anti-rides-eclat-du-teint-30-ml\/#breadcrumb","itemListElement":[{"@type":"ListItem","position":1,"name":"Accueil","item":"https:\/\/paracherkaoui.ma\/"},{"@type":"ListItem","position":2,"name":"Boutique","item":"https:\/\/paracherkaoui.ma\/index.php\/boutique\/"},{"@type":"ListItem","position":3,"name":"SVR HYDRACID C20 CREME ANTI-RIDES ECLAT DU TEINT (30 ML)"}]},{"@type":"WebSite","@id":"https:\/\/paracherkaoui.ma\/#website","url":"https:\/\/paracherkaoui.ma\/","name":"Paracherkaoui.ma","description":"Achetez en ligne sur Paracherkaoui.ma","potentialAction":[{"@type":"SearchAction","target":{"@type":"EntryPoint","urlTemplate":"https:\/\/paracherkaoui.ma\/?s={search_term_string}"},"query-input":{"@type":"PropertyValueSpecification","valueRequired":true,"valueName":"search_term_string"}}],"inLanguage":"fr-FR"}]}},"_links":{"self":[{"href":"https:\/\/paracherkaoui.ma\/index.php\/wp-json\/wp\/v2\/product\/10745","targetHints":{"allow":["GET"]}}],"collection":[{"href":"https:\/\/paracherkaoui.ma\/index.php\/wp-json\/wp\/v2\/product"}],"about":[{"href":"https:\/\/paracherkaoui.ma\/index.php\/wp-json\/wp\/v2\/types\/product"}],"replies":[{"embeddable":true,"href":"https:\/\/paracherkaoui.ma\/index.php\/wp-json\/wp\/v2\/comments?post=10745"}],"version-history":[{"count":1,"href":"https:\/\/paracherkaoui.ma\/index.php\/wp-json\/wp\/v2\/product\/10745\/revisions"}],"predecessor-version":[{"id":10796,"href":"https:\/\/paracherkaoui.ma\/index.php\/wp-json\/wp\/v2\/product\/10745\/revisions\/10796"}],"wp:featuredmedia":[{"embeddable":true,"href":"https:\/\/paracherkaoui.ma\/index.php\/wp-json\/wp\/v2\/media\/10795"}],"wp:attachment":[{"href":"https:\/\/paracherkaoui.ma\/index.php\/wp-json\/wp\/v2\/media?parent=10745"}],"wp:term":[{"taxonomy":"product_brand","embeddable":true,"href":"https:\/\/paracherkaoui.ma\/index.php\/wp-json\/wp\/v2\/product_brand?post=10745"},{"taxonomy":"product_cat","embeddable":true,"href":"https:\/\/paracherkaoui.ma\/index.php\/wp-json\/wp\/v2\/product_cat?post=10745"},{"taxonomy":"product_tag","embeddable":true,"href":"https:\/\/paracherkaoui.ma\/index.php\/wp-json\/wp\/v2\/product_tag?post=10745"}],"curies":[{"name":"wp","href":"https:\/\/api.w.org\/{rel}","templated":true}]}}