{"id":10744,"date":"2025-12-12T17:35:53","date_gmt":"2025-12-12T16:35:53","guid":{"rendered":"https:\/\/test.ecbeaute.com\/?post_type=product&#038;p=10744"},"modified":"2025-12-12T17:35:57","modified_gmt":"2025-12-12T16:35:57","slug":"filorga-ncef-reverse-creme-multi-correctrice-supreme-50-ml","status":"publish","type":"product","link":"https:\/\/paracherkaoui.ma\/index.php\/produit\/filorga-ncef-reverse-creme-multi-correctrice-supreme-50-ml\/","title":{"rendered":"FILORGA NCEF REVERSE CREME MULTI CORRECTRICE SUPREME 50 ML"},"content":{"rendered":"<p>Les rides, la fermet\u00e9 et l\u2019\u00e9clat de votre peau, voici trois signes qui en disent long sur votre visage. La cr\u00e8me r\u00e9g\u00e9n\u00e9rante\u00a0Filorga NCEF Reverse contient les meilleurs ingr\u00e9dients qui permettent de lutter contre le vieillissement de la peau. L\u2019exceptionnel complexe NCEF agit avec l\u2019acide hyaluronique, le collag\u00e8ne et les vitamines pour redonner de la jeunesse \u00e0 votre visage.<br \/>\nCaract\u00e9ristiques\u00a0:<br \/>\nr\u00e9g\u00e9n\u00e8re la peau et am\u00e9liore visiblement sa qualit\u00e9<br \/>\nlutte contre les rides et nourrit la peau en profondeur<br \/>\nlaisse votre peau douce, ferme et bien tendue<br \/>\nr\u00e9duit l\u2019apparition des signes de vieillissement de la peau<br \/>\nredonne de l\u2019\u00e9lasticit\u00e9 et de la luminosit\u00e9 \u00e0 votre visage terne<br \/>\ntexture tr\u00e8s douce au fini mat<br \/>\nComment l\u2019appliquer\u00a0:<br \/>\nInt\u00e9grez \u00e0 votre rituel de soin quotidien. Appliquez matin et\/ou soir. Pour atteindre un r\u00e9sultat optimal, appliquez cette cr\u00e8me apr\u00e8s avoir nettoy\u00e9 votre peau avec une \u00e9mulsion et apr\u00e8s avoir appliqu\u00e9 le s\u00e9rum multi-correcteur Filorga.<\/p>\n","protected":false},"excerpt":{"rendered":"<p>Les rides, la fermet\u00e9 et l\u2019\u00e9clat de votre peau, voici trois signes qui en disent long sur votre visage. La<\/p>\n","protected":false},"featured_media":10793,"comment_status":"open","ping_status":"closed","template":"","meta":[],"product_brand":[141],"product_cat":[140],"product_tag":[],"class_list":{"0":"post-10744","1":"product","2":"type-product","3":"status-publish","4":"has-post-thumbnail","6":"product_brand-filorga","7":"product_cat-anti-age","9":"first","10":"instock","11":"sale","12":"shipping-taxable","13":"purchasable","14":"product-type-simple"},"yoast_head":"<!-- This site is optimized with the Yoast SEO plugin v26.6 - https:\/\/yoast.com\/wordpress\/plugins\/seo\/ -->\r\n<title>FILORGA NCEF REVERSE CREME MULTI CORRECTRICE SUPREME 50 ML - Paracherkaoui.ma<\/title>\r\n<meta name=\"robots\" content=\"index, follow, max-snippet:-1, max-image-preview:large, max-video-preview:-1\" \/>\r\n<link rel=\"canonical\" href=\"https:\/\/paracherkaoui.ma\/index.php\/produit\/filorga-ncef-reverse-creme-multi-correctrice-supreme-50-ml\/\" \/>\r\n<meta property=\"og:locale\" content=\"fr_FR\" \/>\r\n<meta property=\"og:type\" content=\"article\" \/>\r\n<meta property=\"og:title\" content=\"FILORGA NCEF REVERSE CREME MULTI CORRECTRICE SUPREME 50 ML - Paracherkaoui.ma\" \/>\r\n<meta property=\"og:description\" content=\"Les rides, la fermet\u00e9 et l\u2019\u00e9clat de votre peau, voici trois signes qui en disent long sur votre visage. La\" \/>\r\n<meta property=\"og:url\" content=\"https:\/\/paracherkaoui.ma\/index.php\/produit\/filorga-ncef-reverse-creme-multi-correctrice-supreme-50-ml\/\" \/>\r\n<meta property=\"og:site_name\" content=\"Paracherkaoui.ma\" \/>\r\n<meta property=\"article:modified_time\" content=\"2025-12-12T16:35:57+00:00\" \/>\r\n<meta property=\"og:image\" content=\"https:\/\/paracherkaoui.ma\/wp-content\/uploads\/2025\/12\/filorga-ncef-reverse-creme-multi-correctrice-supreme-50-ml.jpg\" \/>\r\n\t<meta property=\"og:image:width\" content=\"700\" \/>\r\n\t<meta property=\"og:image:height\" content=\"700\" \/>\r\n\t<meta property=\"og:image:type\" content=\"image\/jpeg\" \/>\r\n<meta name=\"twitter:card\" content=\"summary_large_image\" \/>\r\n<meta name=\"twitter:label1\" content=\"Dur\u00e9e de lecture estim\u00e9e\" \/>\n\t<meta name=\"twitter:data1\" content=\"1 minute\" \/>\r\n<script type=\"application\/ld+json\" class=\"yoast-schema-graph\">{\"@context\":\"https:\/\/schema.org\",\"@graph\":[{\"@type\":\"WebPage\",\"@id\":\"https:\/\/paracherkaoui.ma\/index.php\/produit\/filorga-ncef-reverse-creme-multi-correctrice-supreme-50-ml\/\",\"url\":\"https:\/\/paracherkaoui.ma\/index.php\/produit\/filorga-ncef-reverse-creme-multi-correctrice-supreme-50-ml\/\",\"name\":\"FILORGA NCEF REVERSE CREME MULTI CORRECTRICE SUPREME 50 ML - Paracherkaoui.ma\",\"isPartOf\":{\"@id\":\"https:\/\/paracherkaoui.ma\/#website\"},\"primaryImageOfPage\":{\"@id\":\"https:\/\/paracherkaoui.ma\/index.php\/produit\/filorga-ncef-reverse-creme-multi-correctrice-supreme-50-ml\/#primaryimage\"},\"image\":{\"@id\":\"https:\/\/paracherkaoui.ma\/index.php\/produit\/filorga-ncef-reverse-creme-multi-correctrice-supreme-50-ml\/#primaryimage\"},\"thumbnailUrl\":\"https:\/\/paracherkaoui.ma\/wp-content\/uploads\/2025\/12\/filorga-ncef-reverse-creme-multi-correctrice-supreme-50-ml.jpg\",\"datePublished\":\"2025-12-12T16:35:53+00:00\",\"dateModified\":\"2025-12-12T16:35:57+00:00\",\"breadcrumb\":{\"@id\":\"https:\/\/paracherkaoui.ma\/index.php\/produit\/filorga-ncef-reverse-creme-multi-correctrice-supreme-50-ml\/#breadcrumb\"},\"inLanguage\":\"fr-FR\",\"potentialAction\":[{\"@type\":\"ReadAction\",\"target\":[\"https:\/\/paracherkaoui.ma\/index.php\/produit\/filorga-ncef-reverse-creme-multi-correctrice-supreme-50-ml\/\"]}]},{\"@type\":\"ImageObject\",\"inLanguage\":\"fr-FR\",\"@id\":\"https:\/\/paracherkaoui.ma\/index.php\/produit\/filorga-ncef-reverse-creme-multi-correctrice-supreme-50-ml\/#primaryimage\",\"url\":\"https:\/\/paracherkaoui.ma\/wp-content\/uploads\/2025\/12\/filorga-ncef-reverse-creme-multi-correctrice-supreme-50-ml.jpg\",\"contentUrl\":\"https:\/\/paracherkaoui.ma\/wp-content\/uploads\/2025\/12\/filorga-ncef-reverse-creme-multi-correctrice-supreme-50-ml.jpg\",\"width\":700,\"height\":700},{\"@type\":\"BreadcrumbList\",\"@id\":\"https:\/\/paracherkaoui.ma\/index.php\/produit\/filorga-ncef-reverse-creme-multi-correctrice-supreme-50-ml\/#breadcrumb\",\"itemListElement\":[{\"@type\":\"ListItem\",\"position\":1,\"name\":\"Accueil\",\"item\":\"https:\/\/paracherkaoui.ma\/\"},{\"@type\":\"ListItem\",\"position\":2,\"name\":\"Boutique\",\"item\":\"https:\/\/paracherkaoui.ma\/index.php\/boutique\/\"},{\"@type\":\"ListItem\",\"position\":3,\"name\":\"FILORGA NCEF REVERSE CREME MULTI CORRECTRICE SUPREME 50 ML\"}]},{\"@type\":\"WebSite\",\"@id\":\"https:\/\/paracherkaoui.ma\/#website\",\"url\":\"https:\/\/paracherkaoui.ma\/\",\"name\":\"Paracherkaoui.ma\",\"description\":\"Achetez en ligne sur Paracherkaoui.ma\",\"potentialAction\":[{\"@type\":\"SearchAction\",\"target\":{\"@type\":\"EntryPoint\",\"urlTemplate\":\"https:\/\/paracherkaoui.ma\/?s={search_term_string}\"},\"query-input\":{\"@type\":\"PropertyValueSpecification\",\"valueRequired\":true,\"valueName\":\"search_term_string\"}}],\"inLanguage\":\"fr-FR\"}]}<\/script>\r\n<!-- \/ Yoast SEO plugin. -->","yoast_head_json":{"title":"FILORGA NCEF REVERSE CREME MULTI CORRECTRICE SUPREME 50 ML - Paracherkaoui.ma","robots":{"index":"index","follow":"follow","max-snippet":"max-snippet:-1","max-image-preview":"max-image-preview:large","max-video-preview":"max-video-preview:-1"},"canonical":"https:\/\/paracherkaoui.ma\/index.php\/produit\/filorga-ncef-reverse-creme-multi-correctrice-supreme-50-ml\/","og_locale":"fr_FR","og_type":"article","og_title":"FILORGA NCEF REVERSE CREME MULTI CORRECTRICE SUPREME 50 ML - Paracherkaoui.ma","og_description":"Les rides, la fermet\u00e9 et l\u2019\u00e9clat de votre peau, voici trois signes qui en disent long sur votre visage. La","og_url":"https:\/\/paracherkaoui.ma\/index.php\/produit\/filorga-ncef-reverse-creme-multi-correctrice-supreme-50-ml\/","og_site_name":"Paracherkaoui.ma","article_modified_time":"2025-12-12T16:35:57+00:00","og_image":[{"width":700,"height":700,"url":"https:\/\/paracherkaoui.ma\/wp-content\/uploads\/2025\/12\/filorga-ncef-reverse-creme-multi-correctrice-supreme-50-ml.jpg","type":"image\/jpeg"}],"twitter_card":"summary_large_image","twitter_misc":{"Dur\u00e9e de lecture estim\u00e9e":"1 minute"},"schema":{"@context":"https:\/\/schema.org","@graph":[{"@type":"WebPage","@id":"https:\/\/paracherkaoui.ma\/index.php\/produit\/filorga-ncef-reverse-creme-multi-correctrice-supreme-50-ml\/","url":"https:\/\/paracherkaoui.ma\/index.php\/produit\/filorga-ncef-reverse-creme-multi-correctrice-supreme-50-ml\/","name":"FILORGA NCEF REVERSE CREME MULTI CORRECTRICE SUPREME 50 ML - Paracherkaoui.ma","isPartOf":{"@id":"https:\/\/paracherkaoui.ma\/#website"},"primaryImageOfPage":{"@id":"https:\/\/paracherkaoui.ma\/index.php\/produit\/filorga-ncef-reverse-creme-multi-correctrice-supreme-50-ml\/#primaryimage"},"image":{"@id":"https:\/\/paracherkaoui.ma\/index.php\/produit\/filorga-ncef-reverse-creme-multi-correctrice-supreme-50-ml\/#primaryimage"},"thumbnailUrl":"https:\/\/paracherkaoui.ma\/wp-content\/uploads\/2025\/12\/filorga-ncef-reverse-creme-multi-correctrice-supreme-50-ml.jpg","datePublished":"2025-12-12T16:35:53+00:00","dateModified":"2025-12-12T16:35:57+00:00","breadcrumb":{"@id":"https:\/\/paracherkaoui.ma\/index.php\/produit\/filorga-ncef-reverse-creme-multi-correctrice-supreme-50-ml\/#breadcrumb"},"inLanguage":"fr-FR","potentialAction":[{"@type":"ReadAction","target":["https:\/\/paracherkaoui.ma\/index.php\/produit\/filorga-ncef-reverse-creme-multi-correctrice-supreme-50-ml\/"]}]},{"@type":"ImageObject","inLanguage":"fr-FR","@id":"https:\/\/paracherkaoui.ma\/index.php\/produit\/filorga-ncef-reverse-creme-multi-correctrice-supreme-50-ml\/#primaryimage","url":"https:\/\/paracherkaoui.ma\/wp-content\/uploads\/2025\/12\/filorga-ncef-reverse-creme-multi-correctrice-supreme-50-ml.jpg","contentUrl":"https:\/\/paracherkaoui.ma\/wp-content\/uploads\/2025\/12\/filorga-ncef-reverse-creme-multi-correctrice-supreme-50-ml.jpg","width":700,"height":700},{"@type":"BreadcrumbList","@id":"https:\/\/paracherkaoui.ma\/index.php\/produit\/filorga-ncef-reverse-creme-multi-correctrice-supreme-50-ml\/#breadcrumb","itemListElement":[{"@type":"ListItem","position":1,"name":"Accueil","item":"https:\/\/paracherkaoui.ma\/"},{"@type":"ListItem","position":2,"name":"Boutique","item":"https:\/\/paracherkaoui.ma\/index.php\/boutique\/"},{"@type":"ListItem","position":3,"name":"FILORGA NCEF REVERSE CREME MULTI CORRECTRICE SUPREME 50 ML"}]},{"@type":"WebSite","@id":"https:\/\/paracherkaoui.ma\/#website","url":"https:\/\/paracherkaoui.ma\/","name":"Paracherkaoui.ma","description":"Achetez en ligne sur Paracherkaoui.ma","potentialAction":[{"@type":"SearchAction","target":{"@type":"EntryPoint","urlTemplate":"https:\/\/paracherkaoui.ma\/?s={search_term_string}"},"query-input":{"@type":"PropertyValueSpecification","valueRequired":true,"valueName":"search_term_string"}}],"inLanguage":"fr-FR"}]}},"_links":{"self":[{"href":"https:\/\/paracherkaoui.ma\/index.php\/wp-json\/wp\/v2\/product\/10744","targetHints":{"allow":["GET"]}}],"collection":[{"href":"https:\/\/paracherkaoui.ma\/index.php\/wp-json\/wp\/v2\/product"}],"about":[{"href":"https:\/\/paracherkaoui.ma\/index.php\/wp-json\/wp\/v2\/types\/product"}],"replies":[{"embeddable":true,"href":"https:\/\/paracherkaoui.ma\/index.php\/wp-json\/wp\/v2\/comments?post=10744"}],"version-history":[{"count":1,"href":"https:\/\/paracherkaoui.ma\/index.php\/wp-json\/wp\/v2\/product\/10744\/revisions"}],"predecessor-version":[{"id":10794,"href":"https:\/\/paracherkaoui.ma\/index.php\/wp-json\/wp\/v2\/product\/10744\/revisions\/10794"}],"wp:featuredmedia":[{"embeddable":true,"href":"https:\/\/paracherkaoui.ma\/index.php\/wp-json\/wp\/v2\/media\/10793"}],"wp:attachment":[{"href":"https:\/\/paracherkaoui.ma\/index.php\/wp-json\/wp\/v2\/media?parent=10744"}],"wp:term":[{"taxonomy":"product_brand","embeddable":true,"href":"https:\/\/paracherkaoui.ma\/index.php\/wp-json\/wp\/v2\/product_brand?post=10744"},{"taxonomy":"product_cat","embeddable":true,"href":"https:\/\/paracherkaoui.ma\/index.php\/wp-json\/wp\/v2\/product_cat?post=10744"},{"taxonomy":"product_tag","embeddable":true,"href":"https:\/\/paracherkaoui.ma\/index.php\/wp-json\/wp\/v2\/product_tag?post=10744"}],"curies":[{"name":"wp","href":"https:\/\/api.w.org\/{rel}","templated":true}]}}