{"id":10742,"date":"2025-12-12T17:35:53","date_gmt":"2025-12-12T16:35:53","guid":{"rendered":"https:\/\/test.ecbeaute.com\/?post_type=product&#038;p=10742"},"modified":"2025-12-12T17:35:56","modified_gmt":"2025-12-12T16:35:56","slug":"eucerin-hyaluron-filler-3x-effect-soin-de-jour-peau-normale-a-mixte-spf-15","status":"publish","type":"product","link":"https:\/\/paracherkaoui.ma\/index.php\/produit\/eucerin-hyaluron-filler-3x-effect-soin-de-jour-peau-normale-a-mixte-spf-15\/","title":{"rendered":"EUCERIN HYALURON-FILLER + 3x EFFECT Soin de Jour Peau Normale \u00e0 Mixte SPF 15"},"content":{"rendered":"<p>Lutte contre le processus de vieillissement cutan\u00e9, pour une peau \u00e0 l&rsquo;apparence visiblement plus jeune, plus lisse et \u00e9clatante.<\/p>\n","protected":false},"excerpt":{"rendered":"<p>Lutte contre le processus de vieillissement cutan\u00e9, pour une peau \u00e0 l&rsquo;apparence visiblement plus jeune, plus lisse et \u00e9clatante.<\/p>\n","protected":false},"featured_media":10789,"comment_status":"open","ping_status":"closed","template":"","meta":[],"product_brand":[134],"product_cat":[140],"product_tag":[],"class_list":{"0":"post-10742","1":"product","2":"type-product","3":"status-publish","4":"has-post-thumbnail","6":"product_brand-eucerin","7":"product_cat-anti-age","9":"first","10":"instock","11":"sale","12":"shipping-taxable","13":"purchasable","14":"product-type-simple"},"yoast_head":"<!-- This site is optimized with the Yoast SEO plugin v26.6 - https:\/\/yoast.com\/wordpress\/plugins\/seo\/ -->\r\n<title>EUCERIN HYALURON-FILLER + 3x EFFECT Soin de Jour Peau Normale \u00e0 Mixte SPF 15 - Paracherkaoui.ma<\/title>\r\n<meta name=\"robots\" content=\"index, follow, max-snippet:-1, max-image-preview:large, max-video-preview:-1\" \/>\r\n<link rel=\"canonical\" href=\"https:\/\/paracherkaoui.ma\/index.php\/produit\/eucerin-hyaluron-filler-3x-effect-soin-de-jour-peau-normale-a-mixte-spf-15\/\" \/>\r\n<meta property=\"og:locale\" content=\"fr_FR\" \/>\r\n<meta property=\"og:type\" content=\"article\" \/>\r\n<meta property=\"og:title\" content=\"EUCERIN HYALURON-FILLER + 3x EFFECT Soin de Jour Peau Normale \u00e0 Mixte SPF 15 - Paracherkaoui.ma\" \/>\r\n<meta property=\"og:description\" content=\"Lutte contre le processus de vieillissement cutan\u00e9, pour une peau \u00e0 l&rsquo;apparence visiblement plus jeune, plus lisse et \u00e9clatante.\" \/>\r\n<meta property=\"og:url\" content=\"https:\/\/paracherkaoui.ma\/index.php\/produit\/eucerin-hyaluron-filler-3x-effect-soin-de-jour-peau-normale-a-mixte-spf-15\/\" \/>\r\n<meta property=\"og:site_name\" content=\"Paracherkaoui.ma\" \/>\r\n<meta property=\"article:modified_time\" content=\"2025-12-12T16:35:56+00:00\" \/>\r\n<meta property=\"og:image\" content=\"https:\/\/paracherkaoui.ma\/wp-content\/uploads\/2025\/12\/eucerin-eucerin-hyaluron-filler-3x-effect-soin-de-jour-peau-normale-a-mixte-spf-15-home.jpg\" \/>\r\n\t<meta property=\"og:image:width\" content=\"700\" \/>\r\n\t<meta property=\"og:image:height\" content=\"700\" \/>\r\n\t<meta property=\"og:image:type\" content=\"image\/jpeg\" \/>\r\n<meta name=\"twitter:card\" content=\"summary_large_image\" \/>\r\n<script type=\"application\/ld+json\" class=\"yoast-schema-graph\">{\"@context\":\"https:\/\/schema.org\",\"@graph\":[{\"@type\":\"WebPage\",\"@id\":\"https:\/\/paracherkaoui.ma\/index.php\/produit\/eucerin-hyaluron-filler-3x-effect-soin-de-jour-peau-normale-a-mixte-spf-15\/\",\"url\":\"https:\/\/paracherkaoui.ma\/index.php\/produit\/eucerin-hyaluron-filler-3x-effect-soin-de-jour-peau-normale-a-mixte-spf-15\/\",\"name\":\"EUCERIN HYALURON-FILLER + 3x EFFECT Soin de Jour Peau Normale \u00e0 Mixte SPF 15 - Paracherkaoui.ma\",\"isPartOf\":{\"@id\":\"https:\/\/paracherkaoui.ma\/#website\"},\"primaryImageOfPage\":{\"@id\":\"https:\/\/paracherkaoui.ma\/index.php\/produit\/eucerin-hyaluron-filler-3x-effect-soin-de-jour-peau-normale-a-mixte-spf-15\/#primaryimage\"},\"image\":{\"@id\":\"https:\/\/paracherkaoui.ma\/index.php\/produit\/eucerin-hyaluron-filler-3x-effect-soin-de-jour-peau-normale-a-mixte-spf-15\/#primaryimage\"},\"thumbnailUrl\":\"https:\/\/paracherkaoui.ma\/wp-content\/uploads\/2025\/12\/eucerin-eucerin-hyaluron-filler-3x-effect-soin-de-jour-peau-normale-a-mixte-spf-15-home.jpg\",\"datePublished\":\"2025-12-12T16:35:53+00:00\",\"dateModified\":\"2025-12-12T16:35:56+00:00\",\"breadcrumb\":{\"@id\":\"https:\/\/paracherkaoui.ma\/index.php\/produit\/eucerin-hyaluron-filler-3x-effect-soin-de-jour-peau-normale-a-mixte-spf-15\/#breadcrumb\"},\"inLanguage\":\"fr-FR\",\"potentialAction\":[{\"@type\":\"ReadAction\",\"target\":[\"https:\/\/paracherkaoui.ma\/index.php\/produit\/eucerin-hyaluron-filler-3x-effect-soin-de-jour-peau-normale-a-mixte-spf-15\/\"]}]},{\"@type\":\"ImageObject\",\"inLanguage\":\"fr-FR\",\"@id\":\"https:\/\/paracherkaoui.ma\/index.php\/produit\/eucerin-hyaluron-filler-3x-effect-soin-de-jour-peau-normale-a-mixte-spf-15\/#primaryimage\",\"url\":\"https:\/\/paracherkaoui.ma\/wp-content\/uploads\/2025\/12\/eucerin-eucerin-hyaluron-filler-3x-effect-soin-de-jour-peau-normale-a-mixte-spf-15-home.jpg\",\"contentUrl\":\"https:\/\/paracherkaoui.ma\/wp-content\/uploads\/2025\/12\/eucerin-eucerin-hyaluron-filler-3x-effect-soin-de-jour-peau-normale-a-mixte-spf-15-home.jpg\",\"width\":700,\"height\":700},{\"@type\":\"BreadcrumbList\",\"@id\":\"https:\/\/paracherkaoui.ma\/index.php\/produit\/eucerin-hyaluron-filler-3x-effect-soin-de-jour-peau-normale-a-mixte-spf-15\/#breadcrumb\",\"itemListElement\":[{\"@type\":\"ListItem\",\"position\":1,\"name\":\"Accueil\",\"item\":\"https:\/\/paracherkaoui.ma\/\"},{\"@type\":\"ListItem\",\"position\":2,\"name\":\"Boutique\",\"item\":\"https:\/\/paracherkaoui.ma\/index.php\/boutique\/\"},{\"@type\":\"ListItem\",\"position\":3,\"name\":\"EUCERIN HYALURON-FILLER + 3x EFFECT Soin de Jour Peau Normale \u00e0 Mixte SPF 15\"}]},{\"@type\":\"WebSite\",\"@id\":\"https:\/\/paracherkaoui.ma\/#website\",\"url\":\"https:\/\/paracherkaoui.ma\/\",\"name\":\"Paracherkaoui.ma\",\"description\":\"Achetez en ligne sur Paracherkaoui.ma\",\"potentialAction\":[{\"@type\":\"SearchAction\",\"target\":{\"@type\":\"EntryPoint\",\"urlTemplate\":\"https:\/\/paracherkaoui.ma\/?s={search_term_string}\"},\"query-input\":{\"@type\":\"PropertyValueSpecification\",\"valueRequired\":true,\"valueName\":\"search_term_string\"}}],\"inLanguage\":\"fr-FR\"}]}<\/script>\r\n<!-- \/ Yoast SEO plugin. -->","yoast_head_json":{"title":"EUCERIN HYALURON-FILLER + 3x EFFECT Soin de Jour Peau Normale \u00e0 Mixte SPF 15 - Paracherkaoui.ma","robots":{"index":"index","follow":"follow","max-snippet":"max-snippet:-1","max-image-preview":"max-image-preview:large","max-video-preview":"max-video-preview:-1"},"canonical":"https:\/\/paracherkaoui.ma\/index.php\/produit\/eucerin-hyaluron-filler-3x-effect-soin-de-jour-peau-normale-a-mixte-spf-15\/","og_locale":"fr_FR","og_type":"article","og_title":"EUCERIN HYALURON-FILLER + 3x EFFECT Soin de Jour Peau Normale \u00e0 Mixte SPF 15 - Paracherkaoui.ma","og_description":"Lutte contre le processus de vieillissement cutan\u00e9, pour une peau \u00e0 l&rsquo;apparence visiblement plus jeune, plus lisse et \u00e9clatante.","og_url":"https:\/\/paracherkaoui.ma\/index.php\/produit\/eucerin-hyaluron-filler-3x-effect-soin-de-jour-peau-normale-a-mixte-spf-15\/","og_site_name":"Paracherkaoui.ma","article_modified_time":"2025-12-12T16:35:56+00:00","og_image":[{"width":700,"height":700,"url":"https:\/\/paracherkaoui.ma\/wp-content\/uploads\/2025\/12\/eucerin-eucerin-hyaluron-filler-3x-effect-soin-de-jour-peau-normale-a-mixte-spf-15-home.jpg","type":"image\/jpeg"}],"twitter_card":"summary_large_image","schema":{"@context":"https:\/\/schema.org","@graph":[{"@type":"WebPage","@id":"https:\/\/paracherkaoui.ma\/index.php\/produit\/eucerin-hyaluron-filler-3x-effect-soin-de-jour-peau-normale-a-mixte-spf-15\/","url":"https:\/\/paracherkaoui.ma\/index.php\/produit\/eucerin-hyaluron-filler-3x-effect-soin-de-jour-peau-normale-a-mixte-spf-15\/","name":"EUCERIN HYALURON-FILLER + 3x EFFECT Soin de Jour Peau Normale \u00e0 Mixte SPF 15 - Paracherkaoui.ma","isPartOf":{"@id":"https:\/\/paracherkaoui.ma\/#website"},"primaryImageOfPage":{"@id":"https:\/\/paracherkaoui.ma\/index.php\/produit\/eucerin-hyaluron-filler-3x-effect-soin-de-jour-peau-normale-a-mixte-spf-15\/#primaryimage"},"image":{"@id":"https:\/\/paracherkaoui.ma\/index.php\/produit\/eucerin-hyaluron-filler-3x-effect-soin-de-jour-peau-normale-a-mixte-spf-15\/#primaryimage"},"thumbnailUrl":"https:\/\/paracherkaoui.ma\/wp-content\/uploads\/2025\/12\/eucerin-eucerin-hyaluron-filler-3x-effect-soin-de-jour-peau-normale-a-mixte-spf-15-home.jpg","datePublished":"2025-12-12T16:35:53+00:00","dateModified":"2025-12-12T16:35:56+00:00","breadcrumb":{"@id":"https:\/\/paracherkaoui.ma\/index.php\/produit\/eucerin-hyaluron-filler-3x-effect-soin-de-jour-peau-normale-a-mixte-spf-15\/#breadcrumb"},"inLanguage":"fr-FR","potentialAction":[{"@type":"ReadAction","target":["https:\/\/paracherkaoui.ma\/index.php\/produit\/eucerin-hyaluron-filler-3x-effect-soin-de-jour-peau-normale-a-mixte-spf-15\/"]}]},{"@type":"ImageObject","inLanguage":"fr-FR","@id":"https:\/\/paracherkaoui.ma\/index.php\/produit\/eucerin-hyaluron-filler-3x-effect-soin-de-jour-peau-normale-a-mixte-spf-15\/#primaryimage","url":"https:\/\/paracherkaoui.ma\/wp-content\/uploads\/2025\/12\/eucerin-eucerin-hyaluron-filler-3x-effect-soin-de-jour-peau-normale-a-mixte-spf-15-home.jpg","contentUrl":"https:\/\/paracherkaoui.ma\/wp-content\/uploads\/2025\/12\/eucerin-eucerin-hyaluron-filler-3x-effect-soin-de-jour-peau-normale-a-mixte-spf-15-home.jpg","width":700,"height":700},{"@type":"BreadcrumbList","@id":"https:\/\/paracherkaoui.ma\/index.php\/produit\/eucerin-hyaluron-filler-3x-effect-soin-de-jour-peau-normale-a-mixte-spf-15\/#breadcrumb","itemListElement":[{"@type":"ListItem","position":1,"name":"Accueil","item":"https:\/\/paracherkaoui.ma\/"},{"@type":"ListItem","position":2,"name":"Boutique","item":"https:\/\/paracherkaoui.ma\/index.php\/boutique\/"},{"@type":"ListItem","position":3,"name":"EUCERIN HYALURON-FILLER + 3x EFFECT Soin de Jour Peau Normale \u00e0 Mixte SPF 15"}]},{"@type":"WebSite","@id":"https:\/\/paracherkaoui.ma\/#website","url":"https:\/\/paracherkaoui.ma\/","name":"Paracherkaoui.ma","description":"Achetez en ligne sur Paracherkaoui.ma","potentialAction":[{"@type":"SearchAction","target":{"@type":"EntryPoint","urlTemplate":"https:\/\/paracherkaoui.ma\/?s={search_term_string}"},"query-input":{"@type":"PropertyValueSpecification","valueRequired":true,"valueName":"search_term_string"}}],"inLanguage":"fr-FR"}]}},"_links":{"self":[{"href":"https:\/\/paracherkaoui.ma\/index.php\/wp-json\/wp\/v2\/product\/10742","targetHints":{"allow":["GET"]}}],"collection":[{"href":"https:\/\/paracherkaoui.ma\/index.php\/wp-json\/wp\/v2\/product"}],"about":[{"href":"https:\/\/paracherkaoui.ma\/index.php\/wp-json\/wp\/v2\/types\/product"}],"replies":[{"embeddable":true,"href":"https:\/\/paracherkaoui.ma\/index.php\/wp-json\/wp\/v2\/comments?post=10742"}],"version-history":[{"count":1,"href":"https:\/\/paracherkaoui.ma\/index.php\/wp-json\/wp\/v2\/product\/10742\/revisions"}],"predecessor-version":[{"id":10790,"href":"https:\/\/paracherkaoui.ma\/index.php\/wp-json\/wp\/v2\/product\/10742\/revisions\/10790"}],"wp:featuredmedia":[{"embeddable":true,"href":"https:\/\/paracherkaoui.ma\/index.php\/wp-json\/wp\/v2\/media\/10789"}],"wp:attachment":[{"href":"https:\/\/paracherkaoui.ma\/index.php\/wp-json\/wp\/v2\/media?parent=10742"}],"wp:term":[{"taxonomy":"product_brand","embeddable":true,"href":"https:\/\/paracherkaoui.ma\/index.php\/wp-json\/wp\/v2\/product_brand?post=10742"},{"taxonomy":"product_cat","embeddable":true,"href":"https:\/\/paracherkaoui.ma\/index.php\/wp-json\/wp\/v2\/product_cat?post=10742"},{"taxonomy":"product_tag","embeddable":true,"href":"https:\/\/paracherkaoui.ma\/index.php\/wp-json\/wp\/v2\/product_tag?post=10742"}],"curies":[{"name":"wp","href":"https:\/\/api.w.org\/{rel}","templated":true}]}}