{"id":10741,"date":"2025-12-12T17:35:53","date_gmt":"2025-12-12T16:35:53","guid":{"rendered":"https:\/\/test.ecbeaute.com\/?post_type=product&#038;p=10741"},"modified":"2025-12-12T17:35:56","modified_gmt":"2025-12-12T16:35:56","slug":"filorga-global-repair-creme-nutri-jeunesse-multi-revitalisante-50-ml","status":"publish","type":"product","link":"https:\/\/paracherkaoui.ma\/index.php\/produit\/filorga-global-repair-creme-nutri-jeunesse-multi-revitalisante-50-ml\/","title":{"rendered":"FILORGA GLOBAL REPAIR CREME NUTRI JEUNESSE MULTI REVITALISANTE 50 ML"},"content":{"rendered":"<p>Un soin multi-actif concentr\u00e9, sp\u00e9cial peaux d\u00e9vitalis\u00e9es, inspir\u00e9 des techniques de m\u00e9decine esth\u00e9tique reconnues pour un effet jeunesse visible et intensif.<\/p>\n<p>Nutrition revitalisante &#8211; 3 super nutriments agissent en synergie pour redonner souplesse et vitalit\u00e9 \u00e0 la peau.<\/p>\n<p>Correction anti-\u00e2ge multi-intensive &#8211; 50 m\u00e9so-ingr\u00e9dients + 4 boosters cellulaires inspir\u00e9s des techniques de m\u00e9decine esth\u00e9tique se combinent pour agir sur l&rsquo;ensemble des signes du vieillissement cutan\u00e9.<\/p>\n<p>Action chrono-boost\u00e9e : s&rsquo;utilise en cr\u00e8me le jour et en sleeping mask la nuit.<\/p>\n","protected":false},"excerpt":{"rendered":"<p>Un soin multi-actif concentr\u00e9, sp\u00e9cial peaux d\u00e9vitalis\u00e9es, inspir\u00e9 des techniques de m\u00e9decine esth\u00e9tique reconnues pour un effet jeunesse visible et<\/p>\n","protected":false},"featured_media":10787,"comment_status":"open","ping_status":"closed","template":"","meta":[],"product_brand":[141],"product_cat":[140],"product_tag":[],"class_list":{"0":"post-10741","1":"product","2":"type-product","3":"status-publish","4":"has-post-thumbnail","6":"product_brand-filorga","7":"product_cat-anti-age","9":"first","10":"instock","11":"sale","12":"shipping-taxable","13":"purchasable","14":"product-type-simple"},"yoast_head":"<!-- This site is optimized with the Yoast SEO plugin v26.6 - https:\/\/yoast.com\/wordpress\/plugins\/seo\/ -->\r\n<title>FILORGA GLOBAL REPAIR CREME NUTRI JEUNESSE MULTI REVITALISANTE 50 ML - Paracherkaoui.ma<\/title>\r\n<meta name=\"robots\" content=\"index, follow, max-snippet:-1, max-image-preview:large, max-video-preview:-1\" \/>\r\n<link rel=\"canonical\" href=\"https:\/\/paracherkaoui.ma\/index.php\/produit\/filorga-global-repair-creme-nutri-jeunesse-multi-revitalisante-50-ml\/\" \/>\r\n<meta property=\"og:locale\" content=\"fr_FR\" \/>\r\n<meta property=\"og:type\" content=\"article\" \/>\r\n<meta property=\"og:title\" content=\"FILORGA GLOBAL REPAIR CREME NUTRI JEUNESSE MULTI REVITALISANTE 50 ML - Paracherkaoui.ma\" \/>\r\n<meta property=\"og:description\" content=\"Un soin multi-actif concentr\u00e9, sp\u00e9cial peaux d\u00e9vitalis\u00e9es, inspir\u00e9 des techniques de m\u00e9decine esth\u00e9tique reconnues pour un effet jeunesse visible et\" \/>\r\n<meta property=\"og:url\" content=\"https:\/\/paracherkaoui.ma\/index.php\/produit\/filorga-global-repair-creme-nutri-jeunesse-multi-revitalisante-50-ml\/\" \/>\r\n<meta property=\"og:site_name\" content=\"Paracherkaoui.ma\" \/>\r\n<meta property=\"article:modified_time\" content=\"2025-12-12T16:35:56+00:00\" \/>\r\n<meta property=\"og:image\" content=\"https:\/\/paracherkaoui.ma\/wp-content\/uploads\/2025\/12\/filorga-global-repair-creme-nutri-jeunesse-multi-revitalisante-50-ml.jpg\" \/>\r\n\t<meta property=\"og:image:width\" content=\"700\" \/>\r\n\t<meta property=\"og:image:height\" content=\"700\" \/>\r\n\t<meta property=\"og:image:type\" content=\"image\/jpeg\" \/>\r\n<meta name=\"twitter:card\" content=\"summary_large_image\" \/>\r\n<script type=\"application\/ld+json\" class=\"yoast-schema-graph\">{\"@context\":\"https:\/\/schema.org\",\"@graph\":[{\"@type\":\"WebPage\",\"@id\":\"https:\/\/paracherkaoui.ma\/index.php\/produit\/filorga-global-repair-creme-nutri-jeunesse-multi-revitalisante-50-ml\/\",\"url\":\"https:\/\/paracherkaoui.ma\/index.php\/produit\/filorga-global-repair-creme-nutri-jeunesse-multi-revitalisante-50-ml\/\",\"name\":\"FILORGA GLOBAL REPAIR CREME NUTRI JEUNESSE MULTI REVITALISANTE 50 ML - Paracherkaoui.ma\",\"isPartOf\":{\"@id\":\"https:\/\/paracherkaoui.ma\/#website\"},\"primaryImageOfPage\":{\"@id\":\"https:\/\/paracherkaoui.ma\/index.php\/produit\/filorga-global-repair-creme-nutri-jeunesse-multi-revitalisante-50-ml\/#primaryimage\"},\"image\":{\"@id\":\"https:\/\/paracherkaoui.ma\/index.php\/produit\/filorga-global-repair-creme-nutri-jeunesse-multi-revitalisante-50-ml\/#primaryimage\"},\"thumbnailUrl\":\"https:\/\/paracherkaoui.ma\/wp-content\/uploads\/2025\/12\/filorga-global-repair-creme-nutri-jeunesse-multi-revitalisante-50-ml.jpg\",\"datePublished\":\"2025-12-12T16:35:53+00:00\",\"dateModified\":\"2025-12-12T16:35:56+00:00\",\"breadcrumb\":{\"@id\":\"https:\/\/paracherkaoui.ma\/index.php\/produit\/filorga-global-repair-creme-nutri-jeunesse-multi-revitalisante-50-ml\/#breadcrumb\"},\"inLanguage\":\"fr-FR\",\"potentialAction\":[{\"@type\":\"ReadAction\",\"target\":[\"https:\/\/paracherkaoui.ma\/index.php\/produit\/filorga-global-repair-creme-nutri-jeunesse-multi-revitalisante-50-ml\/\"]}]},{\"@type\":\"ImageObject\",\"inLanguage\":\"fr-FR\",\"@id\":\"https:\/\/paracherkaoui.ma\/index.php\/produit\/filorga-global-repair-creme-nutri-jeunesse-multi-revitalisante-50-ml\/#primaryimage\",\"url\":\"https:\/\/paracherkaoui.ma\/wp-content\/uploads\/2025\/12\/filorga-global-repair-creme-nutri-jeunesse-multi-revitalisante-50-ml.jpg\",\"contentUrl\":\"https:\/\/paracherkaoui.ma\/wp-content\/uploads\/2025\/12\/filorga-global-repair-creme-nutri-jeunesse-multi-revitalisante-50-ml.jpg\",\"width\":700,\"height\":700},{\"@type\":\"BreadcrumbList\",\"@id\":\"https:\/\/paracherkaoui.ma\/index.php\/produit\/filorga-global-repair-creme-nutri-jeunesse-multi-revitalisante-50-ml\/#breadcrumb\",\"itemListElement\":[{\"@type\":\"ListItem\",\"position\":1,\"name\":\"Accueil\",\"item\":\"https:\/\/paracherkaoui.ma\/\"},{\"@type\":\"ListItem\",\"position\":2,\"name\":\"Boutique\",\"item\":\"https:\/\/paracherkaoui.ma\/index.php\/boutique\/\"},{\"@type\":\"ListItem\",\"position\":3,\"name\":\"FILORGA GLOBAL REPAIR CREME NUTRI JEUNESSE MULTI REVITALISANTE 50 ML\"}]},{\"@type\":\"WebSite\",\"@id\":\"https:\/\/paracherkaoui.ma\/#website\",\"url\":\"https:\/\/paracherkaoui.ma\/\",\"name\":\"Paracherkaoui.ma\",\"description\":\"Achetez en ligne sur Paracherkaoui.ma\",\"potentialAction\":[{\"@type\":\"SearchAction\",\"target\":{\"@type\":\"EntryPoint\",\"urlTemplate\":\"https:\/\/paracherkaoui.ma\/?s={search_term_string}\"},\"query-input\":{\"@type\":\"PropertyValueSpecification\",\"valueRequired\":true,\"valueName\":\"search_term_string\"}}],\"inLanguage\":\"fr-FR\"}]}<\/script>\r\n<!-- \/ Yoast SEO plugin. -->","yoast_head_json":{"title":"FILORGA GLOBAL REPAIR CREME NUTRI JEUNESSE MULTI REVITALISANTE 50 ML - Paracherkaoui.ma","robots":{"index":"index","follow":"follow","max-snippet":"max-snippet:-1","max-image-preview":"max-image-preview:large","max-video-preview":"max-video-preview:-1"},"canonical":"https:\/\/paracherkaoui.ma\/index.php\/produit\/filorga-global-repair-creme-nutri-jeunesse-multi-revitalisante-50-ml\/","og_locale":"fr_FR","og_type":"article","og_title":"FILORGA GLOBAL REPAIR CREME NUTRI JEUNESSE MULTI REVITALISANTE 50 ML - Paracherkaoui.ma","og_description":"Un soin multi-actif concentr\u00e9, sp\u00e9cial peaux d\u00e9vitalis\u00e9es, inspir\u00e9 des techniques de m\u00e9decine esth\u00e9tique reconnues pour un effet jeunesse visible et","og_url":"https:\/\/paracherkaoui.ma\/index.php\/produit\/filorga-global-repair-creme-nutri-jeunesse-multi-revitalisante-50-ml\/","og_site_name":"Paracherkaoui.ma","article_modified_time":"2025-12-12T16:35:56+00:00","og_image":[{"width":700,"height":700,"url":"https:\/\/paracherkaoui.ma\/wp-content\/uploads\/2025\/12\/filorga-global-repair-creme-nutri-jeunesse-multi-revitalisante-50-ml.jpg","type":"image\/jpeg"}],"twitter_card":"summary_large_image","schema":{"@context":"https:\/\/schema.org","@graph":[{"@type":"WebPage","@id":"https:\/\/paracherkaoui.ma\/index.php\/produit\/filorga-global-repair-creme-nutri-jeunesse-multi-revitalisante-50-ml\/","url":"https:\/\/paracherkaoui.ma\/index.php\/produit\/filorga-global-repair-creme-nutri-jeunesse-multi-revitalisante-50-ml\/","name":"FILORGA GLOBAL REPAIR CREME NUTRI JEUNESSE MULTI REVITALISANTE 50 ML - Paracherkaoui.ma","isPartOf":{"@id":"https:\/\/paracherkaoui.ma\/#website"},"primaryImageOfPage":{"@id":"https:\/\/paracherkaoui.ma\/index.php\/produit\/filorga-global-repair-creme-nutri-jeunesse-multi-revitalisante-50-ml\/#primaryimage"},"image":{"@id":"https:\/\/paracherkaoui.ma\/index.php\/produit\/filorga-global-repair-creme-nutri-jeunesse-multi-revitalisante-50-ml\/#primaryimage"},"thumbnailUrl":"https:\/\/paracherkaoui.ma\/wp-content\/uploads\/2025\/12\/filorga-global-repair-creme-nutri-jeunesse-multi-revitalisante-50-ml.jpg","datePublished":"2025-12-12T16:35:53+00:00","dateModified":"2025-12-12T16:35:56+00:00","breadcrumb":{"@id":"https:\/\/paracherkaoui.ma\/index.php\/produit\/filorga-global-repair-creme-nutri-jeunesse-multi-revitalisante-50-ml\/#breadcrumb"},"inLanguage":"fr-FR","potentialAction":[{"@type":"ReadAction","target":["https:\/\/paracherkaoui.ma\/index.php\/produit\/filorga-global-repair-creme-nutri-jeunesse-multi-revitalisante-50-ml\/"]}]},{"@type":"ImageObject","inLanguage":"fr-FR","@id":"https:\/\/paracherkaoui.ma\/index.php\/produit\/filorga-global-repair-creme-nutri-jeunesse-multi-revitalisante-50-ml\/#primaryimage","url":"https:\/\/paracherkaoui.ma\/wp-content\/uploads\/2025\/12\/filorga-global-repair-creme-nutri-jeunesse-multi-revitalisante-50-ml.jpg","contentUrl":"https:\/\/paracherkaoui.ma\/wp-content\/uploads\/2025\/12\/filorga-global-repair-creme-nutri-jeunesse-multi-revitalisante-50-ml.jpg","width":700,"height":700},{"@type":"BreadcrumbList","@id":"https:\/\/paracherkaoui.ma\/index.php\/produit\/filorga-global-repair-creme-nutri-jeunesse-multi-revitalisante-50-ml\/#breadcrumb","itemListElement":[{"@type":"ListItem","position":1,"name":"Accueil","item":"https:\/\/paracherkaoui.ma\/"},{"@type":"ListItem","position":2,"name":"Boutique","item":"https:\/\/paracherkaoui.ma\/index.php\/boutique\/"},{"@type":"ListItem","position":3,"name":"FILORGA GLOBAL REPAIR CREME NUTRI JEUNESSE MULTI REVITALISANTE 50 ML"}]},{"@type":"WebSite","@id":"https:\/\/paracherkaoui.ma\/#website","url":"https:\/\/paracherkaoui.ma\/","name":"Paracherkaoui.ma","description":"Achetez en ligne sur Paracherkaoui.ma","potentialAction":[{"@type":"SearchAction","target":{"@type":"EntryPoint","urlTemplate":"https:\/\/paracherkaoui.ma\/?s={search_term_string}"},"query-input":{"@type":"PropertyValueSpecification","valueRequired":true,"valueName":"search_term_string"}}],"inLanguage":"fr-FR"}]}},"_links":{"self":[{"href":"https:\/\/paracherkaoui.ma\/index.php\/wp-json\/wp\/v2\/product\/10741","targetHints":{"allow":["GET"]}}],"collection":[{"href":"https:\/\/paracherkaoui.ma\/index.php\/wp-json\/wp\/v2\/product"}],"about":[{"href":"https:\/\/paracherkaoui.ma\/index.php\/wp-json\/wp\/v2\/types\/product"}],"replies":[{"embeddable":true,"href":"https:\/\/paracherkaoui.ma\/index.php\/wp-json\/wp\/v2\/comments?post=10741"}],"version-history":[{"count":1,"href":"https:\/\/paracherkaoui.ma\/index.php\/wp-json\/wp\/v2\/product\/10741\/revisions"}],"predecessor-version":[{"id":10788,"href":"https:\/\/paracherkaoui.ma\/index.php\/wp-json\/wp\/v2\/product\/10741\/revisions\/10788"}],"wp:featuredmedia":[{"embeddable":true,"href":"https:\/\/paracherkaoui.ma\/index.php\/wp-json\/wp\/v2\/media\/10787"}],"wp:attachment":[{"href":"https:\/\/paracherkaoui.ma\/index.php\/wp-json\/wp\/v2\/media?parent=10741"}],"wp:term":[{"taxonomy":"product_brand","embeddable":true,"href":"https:\/\/paracherkaoui.ma\/index.php\/wp-json\/wp\/v2\/product_brand?post=10741"},{"taxonomy":"product_cat","embeddable":true,"href":"https:\/\/paracherkaoui.ma\/index.php\/wp-json\/wp\/v2\/product_cat?post=10741"},{"taxonomy":"product_tag","embeddable":true,"href":"https:\/\/paracherkaoui.ma\/index.php\/wp-json\/wp\/v2\/product_tag?post=10741"}],"curies":[{"name":"wp","href":"https:\/\/api.w.org\/{rel}","templated":true}]}}