{"id":10740,"date":"2025-12-12T17:35:53","date_gmt":"2025-12-12T16:35:53","guid":{"rendered":"https:\/\/test.ecbeaute.com\/?post_type=product&#038;p=10740"},"modified":"2025-12-12T17:35:56","modified_gmt":"2025-12-12T16:35:56","slug":"eucerin-hyaluron-filler-peeling-et-serum-nuit-30-ml","status":"publish","type":"product","link":"https:\/\/paracherkaoui.ma\/index.php\/produit\/eucerin-hyaluron-filler-peeling-et-serum-nuit-30-ml\/","title":{"rendered":"EUCERIN HYALURON FILLER PEELING ET SERUM NUIT 30 ML"},"content":{"rendered":"<p>Peeling anti-\u00e2ge et s\u00e9rum hyaluronique double efficacit\u00e9<br \/>\nLes dermatologues utilisent des injections d\u2019acide hyaluronique et des peelings cutan\u00e9s pour rajeunir la peau vieillissante. Inspir\u00e9 de ces soins, Eucerin Hyaluron-Filler Night Peeling &#038; Serum associe deux formules puissantes pour de multiples bienfaits anti-\u00e2ge<br \/>\nUn grain de peau affin\u00e9 et un \u00e9clat : L&rsquo;\u00e9mulsion onctueuse contient un complexe AHA (alpha-hydroxy-acide) efficace et de la Glycine Saponine. Les AHA, dont beaucoup sont connus sous le nom d&rsquo;acides de fruits, exfolient la peau tandis que la glycine saponine soutient la production d&rsquo;acide hyaluronique dans la couche dermique o\u00f9 naissent les rides plus profondes.<br \/>\nHydratation et comblement des rides : Le gel transparent associe de l&rsquo;acide hyaluronique concentr\u00e9 de haut et bas poids mol\u00e9culaire. L&rsquo;acide hyaluronique de haut poids mol\u00e9culaire agit pour lisser les couches externes de la peau tandis que l&rsquo;acide hyaluronique de faible poids mol\u00e9culaire (qui est 40 fois plus petit) p\u00e9n\u00e8tre plus profond\u00e9ment dans les couches \u00e9pidermiques o\u00f9 naissent les rides plus profondes.<br \/>\nLes deux formules se combinent sur votre peau pour la rendre lisse. Ce produit innovant est con\u00e7u pour \u00eatre utilis\u00e9 pendant la nuit et, lorsqu&rsquo;il est utilis\u00e9 r\u00e9guli\u00e8rement, il est cliniquement et dermatologiquement prouv\u00e9 qu&rsquo;Eucerin Hyaluron-Filler Night Peeling &#038; Serum affine la texture de la peau et favorise le renouvellement des cellules cutan\u00e9es tout en repulpant m\u00eame les rides les plus profondes. La peau est plus lisse et plus \u00e9clatante et les pores sont affin\u00e9s.<br \/>\nComposition :<br \/>\nAcide Hyaluronique<br \/>\nForm\u00e9 par les cellules cutan\u00e9es, l\u2019Acide Hyaluronique fait partie du tissu conjonctif de la peau. L&rsquo;une de ses principales fonctions est de retenir l\u2019eau : il est capable de retenir entre 1 000 et 10 000 fois son propre poids en eau (autrement dit, 1 gramme retient entre 1 et 10 litres).<br \/>\nSaponine de Glycine<br \/>\nL&rsquo;extrait de germe de Glycine Soja est un extrait \u00e9thanolique de germe de soja (Glycine max) contenant des isoflavones et des saponines. L&rsquo;isoflavone ou la saponine est un puissant antioxydant et stimule de mani\u00e8re significative la biosynth\u00e8se des principales prot\u00e9ines ECM (= prot\u00e9ines de la matrice extracellulaire)<br \/>\nConseils d\u2019utilisation :<br \/>\nAppliquer une fois par jour, le soir, sur le visage, le cou et le d\u00e9collet\u00e9 bien nettoy\u00e9s.<br \/>\nAppuyez sur le haut du distributeur au milieu pour lib\u00e9rer la combinaison optimale des deux formules<\/p>\n","protected":false},"excerpt":{"rendered":"<p>Peeling anti-\u00e2ge et s\u00e9rum hyaluronique double efficacit\u00e9 Les dermatologues utilisent des injections d\u2019acide hyaluronique et des peelings cutan\u00e9s pour rajeunir<\/p>\n","protected":false},"featured_media":10785,"comment_status":"open","ping_status":"closed","template":"","meta":[],"product_brand":[134],"product_cat":[140],"product_tag":[],"class_list":{"0":"post-10740","1":"product","2":"type-product","3":"status-publish","4":"has-post-thumbnail","6":"product_brand-eucerin","7":"product_cat-anti-age","9":"first","10":"instock","11":"sale","12":"shipping-taxable","13":"purchasable","14":"product-type-simple"},"yoast_head":"<!-- This site is optimized with the Yoast SEO plugin v26.6 - https:\/\/yoast.com\/wordpress\/plugins\/seo\/ -->\r\n<title>EUCERIN HYALURON FILLER PEELING ET SERUM NUIT 30 ML - Paracherkaoui.ma<\/title>\r\n<meta name=\"robots\" content=\"index, follow, max-snippet:-1, max-image-preview:large, max-video-preview:-1\" \/>\r\n<link rel=\"canonical\" href=\"https:\/\/paracherkaoui.ma\/index.php\/produit\/eucerin-hyaluron-filler-peeling-et-serum-nuit-30-ml\/\" \/>\r\n<meta property=\"og:locale\" content=\"fr_FR\" \/>\r\n<meta property=\"og:type\" content=\"article\" \/>\r\n<meta property=\"og:title\" content=\"EUCERIN HYALURON FILLER PEELING ET SERUM NUIT 30 ML - Paracherkaoui.ma\" \/>\r\n<meta property=\"og:description\" content=\"Peeling anti-\u00e2ge et s\u00e9rum hyaluronique double efficacit\u00e9 Les dermatologues utilisent des injections d\u2019acide hyaluronique et des peelings cutan\u00e9s pour rajeunir\" \/>\r\n<meta property=\"og:url\" content=\"https:\/\/paracherkaoui.ma\/index.php\/produit\/eucerin-hyaluron-filler-peeling-et-serum-nuit-30-ml\/\" \/>\r\n<meta property=\"og:site_name\" content=\"Paracherkaoui.ma\" \/>\r\n<meta property=\"article:modified_time\" content=\"2025-12-12T16:35:56+00:00\" \/>\r\n<meta property=\"og:image\" content=\"https:\/\/paracherkaoui.ma\/wp-content\/uploads\/2025\/12\/eucerin-hyaluron-filler-peeling-et-serum-nuit-30-ml.jpg\" \/>\r\n\t<meta property=\"og:image:width\" content=\"700\" \/>\r\n\t<meta property=\"og:image:height\" content=\"700\" \/>\r\n\t<meta property=\"og:image:type\" content=\"image\/jpeg\" \/>\r\n<meta name=\"twitter:card\" content=\"summary_large_image\" \/>\r\n<meta name=\"twitter:label1\" content=\"Dur\u00e9e de lecture estim\u00e9e\" \/>\n\t<meta name=\"twitter:data1\" content=\"2 minutes\" \/>\r\n<script type=\"application\/ld+json\" class=\"yoast-schema-graph\">{\"@context\":\"https:\/\/schema.org\",\"@graph\":[{\"@type\":\"WebPage\",\"@id\":\"https:\/\/paracherkaoui.ma\/index.php\/produit\/eucerin-hyaluron-filler-peeling-et-serum-nuit-30-ml\/\",\"url\":\"https:\/\/paracherkaoui.ma\/index.php\/produit\/eucerin-hyaluron-filler-peeling-et-serum-nuit-30-ml\/\",\"name\":\"EUCERIN HYALURON FILLER PEELING ET SERUM NUIT 30 ML - Paracherkaoui.ma\",\"isPartOf\":{\"@id\":\"https:\/\/paracherkaoui.ma\/#website\"},\"primaryImageOfPage\":{\"@id\":\"https:\/\/paracherkaoui.ma\/index.php\/produit\/eucerin-hyaluron-filler-peeling-et-serum-nuit-30-ml\/#primaryimage\"},\"image\":{\"@id\":\"https:\/\/paracherkaoui.ma\/index.php\/produit\/eucerin-hyaluron-filler-peeling-et-serum-nuit-30-ml\/#primaryimage\"},\"thumbnailUrl\":\"https:\/\/paracherkaoui.ma\/wp-content\/uploads\/2025\/12\/eucerin-hyaluron-filler-peeling-et-serum-nuit-30-ml.jpg\",\"datePublished\":\"2025-12-12T16:35:53+00:00\",\"dateModified\":\"2025-12-12T16:35:56+00:00\",\"breadcrumb\":{\"@id\":\"https:\/\/paracherkaoui.ma\/index.php\/produit\/eucerin-hyaluron-filler-peeling-et-serum-nuit-30-ml\/#breadcrumb\"},\"inLanguage\":\"fr-FR\",\"potentialAction\":[{\"@type\":\"ReadAction\",\"target\":[\"https:\/\/paracherkaoui.ma\/index.php\/produit\/eucerin-hyaluron-filler-peeling-et-serum-nuit-30-ml\/\"]}]},{\"@type\":\"ImageObject\",\"inLanguage\":\"fr-FR\",\"@id\":\"https:\/\/paracherkaoui.ma\/index.php\/produit\/eucerin-hyaluron-filler-peeling-et-serum-nuit-30-ml\/#primaryimage\",\"url\":\"https:\/\/paracherkaoui.ma\/wp-content\/uploads\/2025\/12\/eucerin-hyaluron-filler-peeling-et-serum-nuit-30-ml.jpg\",\"contentUrl\":\"https:\/\/paracherkaoui.ma\/wp-content\/uploads\/2025\/12\/eucerin-hyaluron-filler-peeling-et-serum-nuit-30-ml.jpg\",\"width\":700,\"height\":700},{\"@type\":\"BreadcrumbList\",\"@id\":\"https:\/\/paracherkaoui.ma\/index.php\/produit\/eucerin-hyaluron-filler-peeling-et-serum-nuit-30-ml\/#breadcrumb\",\"itemListElement\":[{\"@type\":\"ListItem\",\"position\":1,\"name\":\"Accueil\",\"item\":\"https:\/\/paracherkaoui.ma\/\"},{\"@type\":\"ListItem\",\"position\":2,\"name\":\"Boutique\",\"item\":\"https:\/\/paracherkaoui.ma\/index.php\/boutique\/\"},{\"@type\":\"ListItem\",\"position\":3,\"name\":\"EUCERIN HYALURON FILLER PEELING ET SERUM NUIT 30 ML\"}]},{\"@type\":\"WebSite\",\"@id\":\"https:\/\/paracherkaoui.ma\/#website\",\"url\":\"https:\/\/paracherkaoui.ma\/\",\"name\":\"Paracherkaoui.ma\",\"description\":\"Achetez en ligne sur Paracherkaoui.ma\",\"potentialAction\":[{\"@type\":\"SearchAction\",\"target\":{\"@type\":\"EntryPoint\",\"urlTemplate\":\"https:\/\/paracherkaoui.ma\/?s={search_term_string}\"},\"query-input\":{\"@type\":\"PropertyValueSpecification\",\"valueRequired\":true,\"valueName\":\"search_term_string\"}}],\"inLanguage\":\"fr-FR\"}]}<\/script>\r\n<!-- \/ Yoast SEO plugin. -->","yoast_head_json":{"title":"EUCERIN HYALURON FILLER PEELING ET SERUM NUIT 30 ML - Paracherkaoui.ma","robots":{"index":"index","follow":"follow","max-snippet":"max-snippet:-1","max-image-preview":"max-image-preview:large","max-video-preview":"max-video-preview:-1"},"canonical":"https:\/\/paracherkaoui.ma\/index.php\/produit\/eucerin-hyaluron-filler-peeling-et-serum-nuit-30-ml\/","og_locale":"fr_FR","og_type":"article","og_title":"EUCERIN HYALURON FILLER PEELING ET SERUM NUIT 30 ML - Paracherkaoui.ma","og_description":"Peeling anti-\u00e2ge et s\u00e9rum hyaluronique double efficacit\u00e9 Les dermatologues utilisent des injections d\u2019acide hyaluronique et des peelings cutan\u00e9s pour rajeunir","og_url":"https:\/\/paracherkaoui.ma\/index.php\/produit\/eucerin-hyaluron-filler-peeling-et-serum-nuit-30-ml\/","og_site_name":"Paracherkaoui.ma","article_modified_time":"2025-12-12T16:35:56+00:00","og_image":[{"width":700,"height":700,"url":"https:\/\/paracherkaoui.ma\/wp-content\/uploads\/2025\/12\/eucerin-hyaluron-filler-peeling-et-serum-nuit-30-ml.jpg","type":"image\/jpeg"}],"twitter_card":"summary_large_image","twitter_misc":{"Dur\u00e9e de lecture estim\u00e9e":"2 minutes"},"schema":{"@context":"https:\/\/schema.org","@graph":[{"@type":"WebPage","@id":"https:\/\/paracherkaoui.ma\/index.php\/produit\/eucerin-hyaluron-filler-peeling-et-serum-nuit-30-ml\/","url":"https:\/\/paracherkaoui.ma\/index.php\/produit\/eucerin-hyaluron-filler-peeling-et-serum-nuit-30-ml\/","name":"EUCERIN HYALURON FILLER PEELING ET SERUM NUIT 30 ML - Paracherkaoui.ma","isPartOf":{"@id":"https:\/\/paracherkaoui.ma\/#website"},"primaryImageOfPage":{"@id":"https:\/\/paracherkaoui.ma\/index.php\/produit\/eucerin-hyaluron-filler-peeling-et-serum-nuit-30-ml\/#primaryimage"},"image":{"@id":"https:\/\/paracherkaoui.ma\/index.php\/produit\/eucerin-hyaluron-filler-peeling-et-serum-nuit-30-ml\/#primaryimage"},"thumbnailUrl":"https:\/\/paracherkaoui.ma\/wp-content\/uploads\/2025\/12\/eucerin-hyaluron-filler-peeling-et-serum-nuit-30-ml.jpg","datePublished":"2025-12-12T16:35:53+00:00","dateModified":"2025-12-12T16:35:56+00:00","breadcrumb":{"@id":"https:\/\/paracherkaoui.ma\/index.php\/produit\/eucerin-hyaluron-filler-peeling-et-serum-nuit-30-ml\/#breadcrumb"},"inLanguage":"fr-FR","potentialAction":[{"@type":"ReadAction","target":["https:\/\/paracherkaoui.ma\/index.php\/produit\/eucerin-hyaluron-filler-peeling-et-serum-nuit-30-ml\/"]}]},{"@type":"ImageObject","inLanguage":"fr-FR","@id":"https:\/\/paracherkaoui.ma\/index.php\/produit\/eucerin-hyaluron-filler-peeling-et-serum-nuit-30-ml\/#primaryimage","url":"https:\/\/paracherkaoui.ma\/wp-content\/uploads\/2025\/12\/eucerin-hyaluron-filler-peeling-et-serum-nuit-30-ml.jpg","contentUrl":"https:\/\/paracherkaoui.ma\/wp-content\/uploads\/2025\/12\/eucerin-hyaluron-filler-peeling-et-serum-nuit-30-ml.jpg","width":700,"height":700},{"@type":"BreadcrumbList","@id":"https:\/\/paracherkaoui.ma\/index.php\/produit\/eucerin-hyaluron-filler-peeling-et-serum-nuit-30-ml\/#breadcrumb","itemListElement":[{"@type":"ListItem","position":1,"name":"Accueil","item":"https:\/\/paracherkaoui.ma\/"},{"@type":"ListItem","position":2,"name":"Boutique","item":"https:\/\/paracherkaoui.ma\/index.php\/boutique\/"},{"@type":"ListItem","position":3,"name":"EUCERIN HYALURON FILLER PEELING ET SERUM NUIT 30 ML"}]},{"@type":"WebSite","@id":"https:\/\/paracherkaoui.ma\/#website","url":"https:\/\/paracherkaoui.ma\/","name":"Paracherkaoui.ma","description":"Achetez en ligne sur Paracherkaoui.ma","potentialAction":[{"@type":"SearchAction","target":{"@type":"EntryPoint","urlTemplate":"https:\/\/paracherkaoui.ma\/?s={search_term_string}"},"query-input":{"@type":"PropertyValueSpecification","valueRequired":true,"valueName":"search_term_string"}}],"inLanguage":"fr-FR"}]}},"_links":{"self":[{"href":"https:\/\/paracherkaoui.ma\/index.php\/wp-json\/wp\/v2\/product\/10740","targetHints":{"allow":["GET"]}}],"collection":[{"href":"https:\/\/paracherkaoui.ma\/index.php\/wp-json\/wp\/v2\/product"}],"about":[{"href":"https:\/\/paracherkaoui.ma\/index.php\/wp-json\/wp\/v2\/types\/product"}],"replies":[{"embeddable":true,"href":"https:\/\/paracherkaoui.ma\/index.php\/wp-json\/wp\/v2\/comments?post=10740"}],"version-history":[{"count":1,"href":"https:\/\/paracherkaoui.ma\/index.php\/wp-json\/wp\/v2\/product\/10740\/revisions"}],"predecessor-version":[{"id":10786,"href":"https:\/\/paracherkaoui.ma\/index.php\/wp-json\/wp\/v2\/product\/10740\/revisions\/10786"}],"wp:featuredmedia":[{"embeddable":true,"href":"https:\/\/paracherkaoui.ma\/index.php\/wp-json\/wp\/v2\/media\/10785"}],"wp:attachment":[{"href":"https:\/\/paracherkaoui.ma\/index.php\/wp-json\/wp\/v2\/media?parent=10740"}],"wp:term":[{"taxonomy":"product_brand","embeddable":true,"href":"https:\/\/paracherkaoui.ma\/index.php\/wp-json\/wp\/v2\/product_brand?post=10740"},{"taxonomy":"product_cat","embeddable":true,"href":"https:\/\/paracherkaoui.ma\/index.php\/wp-json\/wp\/v2\/product_cat?post=10740"},{"taxonomy":"product_tag","embeddable":true,"href":"https:\/\/paracherkaoui.ma\/index.php\/wp-json\/wp\/v2\/product_tag?post=10740"}],"curies":[{"name":"wp","href":"https:\/\/api.w.org\/{rel}","templated":true}]}}