{"id":10738,"date":"2025-12-12T17:35:52","date_gmt":"2025-12-12T16:35:52","guid":{"rendered":"https:\/\/test.ecbeaute.com\/?post_type=product&#038;p=10738"},"modified":"2025-12-12T17:35:56","modified_gmt":"2025-12-12T16:35:56","slug":"avene-physiolift-jour-creme-lissante-peaux-sensibles-seches-30-ml","status":"publish","type":"product","link":"https:\/\/paracherkaoui.ma\/index.php\/produit\/avene-physiolift-jour-creme-lissante-peaux-sensibles-seches-30-ml\/","title":{"rendered":"AVENE PHYSIOLIFT JOUR CREME LISSANTE PEAUX SENSIBLES SECHES 30 ML"},"content":{"rendered":"<p>Une cr\u00e8me l\u00e9g\u00e8re \u00e0 l&rsquo;acide hyaluronique pour lisser les rides install\u00e9es, retendre la peau, gagner en fermet\u00e9 et repulper. Ce soin douceur anti-\u00e2ge recharge* la peau en collag\u00e8ne et en acide hyaluronique, gr\u00e2ce \u00e0 l&rsquo;Ascofilline\u2122 et aux Mono-Oligom\u00e8res d&rsquo;Acide Hyaluronique. L\u00e9g\u00e8re et d\u00e9licatement parfum\u00e9e, elle est parfaitement adapt\u00e9e \u00e0 la peau normale \u00e0 mixte. Sa formulation riche en Eau thermale d&rsquo;Av\u00e8ne apaisante, int\u00e8gre des agents soft-focus pour un effet flouteur de rides**. PhysioLift JOUR \u00c9mulsion lissante ravive la luminosit\u00e9 du visage et sublime le teint, avec un effet mat.*79% des femmes ont constat\u00e9 un effet liftant\/tenseur. **Tests in-vitro.<br \/>\nLes bienfaits :<br \/>\n\u2022 LISSE les rides install\u00e9es gr\u00e2ce \u00e0 l&rsquo;Ascofilline\u2122 et \u00e0 l&rsquo;Acide Hyaluronique.<br \/>\n\u2022 RAFFERMIT la peau.<br \/>\n\u2022 RAVIVE la luminosit\u00e9 et sublime le teint gr\u00e2ce aux micro-nacres pour une correction anti-fatigue.<br \/>\nConseils d&rsquo;utilisation:<br \/>\nLe matin, appliquez PhysioLift JOUR Cr\u00e8me lissante sur le visage, le cou et le d\u00e9collet\u00e9.<br \/>\nPour un effet raffermissant renforc\u00e9, terminez en pianotant avec le bout des doigts.<\/p>\n","protected":false},"excerpt":{"rendered":"<p>Une cr\u00e8me l\u00e9g\u00e8re \u00e0 l&rsquo;acide hyaluronique pour lisser les rides install\u00e9es, retendre la peau, gagner en fermet\u00e9 et repulper. Ce<\/p>\n","protected":false},"featured_media":10781,"comment_status":"open","ping_status":"closed","template":"","meta":[],"product_brand":[136],"product_cat":[140],"product_tag":[],"class_list":{"0":"post-10738","1":"product","2":"type-product","3":"status-publish","4":"has-post-thumbnail","6":"product_brand-avene","7":"product_cat-anti-age","9":"first","10":"instock","11":"sale","12":"shipping-taxable","13":"purchasable","14":"product-type-simple"},"yoast_head":"<!-- This site is optimized with the Yoast SEO plugin v26.6 - https:\/\/yoast.com\/wordpress\/plugins\/seo\/ -->\r\n<title>AVENE PHYSIOLIFT JOUR CREME LISSANTE PEAUX SENSIBLES SECHES 30 ML - Paracherkaoui.ma<\/title>\r\n<meta name=\"robots\" content=\"index, follow, max-snippet:-1, max-image-preview:large, max-video-preview:-1\" \/>\r\n<link rel=\"canonical\" href=\"https:\/\/paracherkaoui.ma\/index.php\/produit\/avene-physiolift-jour-creme-lissante-peaux-sensibles-seches-30-ml\/\" \/>\r\n<meta property=\"og:locale\" content=\"fr_FR\" \/>\r\n<meta property=\"og:type\" content=\"article\" \/>\r\n<meta property=\"og:title\" content=\"AVENE PHYSIOLIFT JOUR CREME LISSANTE PEAUX SENSIBLES SECHES 30 ML - Paracherkaoui.ma\" \/>\r\n<meta property=\"og:description\" content=\"Une cr\u00e8me l\u00e9g\u00e8re \u00e0 l&rsquo;acide hyaluronique pour lisser les rides install\u00e9es, retendre la peau, gagner en fermet\u00e9 et repulper. Ce\" \/>\r\n<meta property=\"og:url\" content=\"https:\/\/paracherkaoui.ma\/index.php\/produit\/avene-physiolift-jour-creme-lissante-peaux-sensibles-seches-30-ml\/\" \/>\r\n<meta property=\"og:site_name\" content=\"Paracherkaoui.ma\" \/>\r\n<meta property=\"article:modified_time\" content=\"2025-12-12T16:35:56+00:00\" \/>\r\n<meta property=\"og:image\" content=\"https:\/\/paracherkaoui.ma\/wp-content\/uploads\/2025\/12\/avene-avene-physiolift-jour-creme-lissante-peaux-sensibles-seches-30-ml-peaux-matures.jpg\" \/>\r\n\t<meta property=\"og:image:width\" content=\"700\" \/>\r\n\t<meta property=\"og:image:height\" content=\"700\" \/>\r\n\t<meta property=\"og:image:type\" content=\"image\/jpeg\" \/>\r\n<meta name=\"twitter:card\" content=\"summary_large_image\" \/>\r\n<meta name=\"twitter:label1\" content=\"Dur\u00e9e de lecture estim\u00e9e\" \/>\n\t<meta name=\"twitter:data1\" content=\"1 minute\" \/>\r\n<script type=\"application\/ld+json\" class=\"yoast-schema-graph\">{\"@context\":\"https:\/\/schema.org\",\"@graph\":[{\"@type\":\"WebPage\",\"@id\":\"https:\/\/paracherkaoui.ma\/index.php\/produit\/avene-physiolift-jour-creme-lissante-peaux-sensibles-seches-30-ml\/\",\"url\":\"https:\/\/paracherkaoui.ma\/index.php\/produit\/avene-physiolift-jour-creme-lissante-peaux-sensibles-seches-30-ml\/\",\"name\":\"AVENE PHYSIOLIFT JOUR CREME LISSANTE PEAUX SENSIBLES SECHES 30 ML - Paracherkaoui.ma\",\"isPartOf\":{\"@id\":\"https:\/\/paracherkaoui.ma\/#website\"},\"primaryImageOfPage\":{\"@id\":\"https:\/\/paracherkaoui.ma\/index.php\/produit\/avene-physiolift-jour-creme-lissante-peaux-sensibles-seches-30-ml\/#primaryimage\"},\"image\":{\"@id\":\"https:\/\/paracherkaoui.ma\/index.php\/produit\/avene-physiolift-jour-creme-lissante-peaux-sensibles-seches-30-ml\/#primaryimage\"},\"thumbnailUrl\":\"https:\/\/paracherkaoui.ma\/wp-content\/uploads\/2025\/12\/avene-avene-physiolift-jour-creme-lissante-peaux-sensibles-seches-30-ml-peaux-matures.jpg\",\"datePublished\":\"2025-12-12T16:35:52+00:00\",\"dateModified\":\"2025-12-12T16:35:56+00:00\",\"breadcrumb\":{\"@id\":\"https:\/\/paracherkaoui.ma\/index.php\/produit\/avene-physiolift-jour-creme-lissante-peaux-sensibles-seches-30-ml\/#breadcrumb\"},\"inLanguage\":\"fr-FR\",\"potentialAction\":[{\"@type\":\"ReadAction\",\"target\":[\"https:\/\/paracherkaoui.ma\/index.php\/produit\/avene-physiolift-jour-creme-lissante-peaux-sensibles-seches-30-ml\/\"]}]},{\"@type\":\"ImageObject\",\"inLanguage\":\"fr-FR\",\"@id\":\"https:\/\/paracherkaoui.ma\/index.php\/produit\/avene-physiolift-jour-creme-lissante-peaux-sensibles-seches-30-ml\/#primaryimage\",\"url\":\"https:\/\/paracherkaoui.ma\/wp-content\/uploads\/2025\/12\/avene-avene-physiolift-jour-creme-lissante-peaux-sensibles-seches-30-ml-peaux-matures.jpg\",\"contentUrl\":\"https:\/\/paracherkaoui.ma\/wp-content\/uploads\/2025\/12\/avene-avene-physiolift-jour-creme-lissante-peaux-sensibles-seches-30-ml-peaux-matures.jpg\",\"width\":700,\"height\":700},{\"@type\":\"BreadcrumbList\",\"@id\":\"https:\/\/paracherkaoui.ma\/index.php\/produit\/avene-physiolift-jour-creme-lissante-peaux-sensibles-seches-30-ml\/#breadcrumb\",\"itemListElement\":[{\"@type\":\"ListItem\",\"position\":1,\"name\":\"Accueil\",\"item\":\"https:\/\/paracherkaoui.ma\/\"},{\"@type\":\"ListItem\",\"position\":2,\"name\":\"Boutique\",\"item\":\"https:\/\/paracherkaoui.ma\/index.php\/boutique\/\"},{\"@type\":\"ListItem\",\"position\":3,\"name\":\"AVENE PHYSIOLIFT JOUR CREME LISSANTE PEAUX SENSIBLES SECHES 30 ML\"}]},{\"@type\":\"WebSite\",\"@id\":\"https:\/\/paracherkaoui.ma\/#website\",\"url\":\"https:\/\/paracherkaoui.ma\/\",\"name\":\"Paracherkaoui.ma\",\"description\":\"Achetez en ligne sur Paracherkaoui.ma\",\"potentialAction\":[{\"@type\":\"SearchAction\",\"target\":{\"@type\":\"EntryPoint\",\"urlTemplate\":\"https:\/\/paracherkaoui.ma\/?s={search_term_string}\"},\"query-input\":{\"@type\":\"PropertyValueSpecification\",\"valueRequired\":true,\"valueName\":\"search_term_string\"}}],\"inLanguage\":\"fr-FR\"}]}<\/script>\r\n<!-- \/ Yoast SEO plugin. -->","yoast_head_json":{"title":"AVENE PHYSIOLIFT JOUR CREME LISSANTE PEAUX SENSIBLES SECHES 30 ML - Paracherkaoui.ma","robots":{"index":"index","follow":"follow","max-snippet":"max-snippet:-1","max-image-preview":"max-image-preview:large","max-video-preview":"max-video-preview:-1"},"canonical":"https:\/\/paracherkaoui.ma\/index.php\/produit\/avene-physiolift-jour-creme-lissante-peaux-sensibles-seches-30-ml\/","og_locale":"fr_FR","og_type":"article","og_title":"AVENE PHYSIOLIFT JOUR CREME LISSANTE PEAUX SENSIBLES SECHES 30 ML - Paracherkaoui.ma","og_description":"Une cr\u00e8me l\u00e9g\u00e8re \u00e0 l&rsquo;acide hyaluronique pour lisser les rides install\u00e9es, retendre la peau, gagner en fermet\u00e9 et repulper. Ce","og_url":"https:\/\/paracherkaoui.ma\/index.php\/produit\/avene-physiolift-jour-creme-lissante-peaux-sensibles-seches-30-ml\/","og_site_name":"Paracherkaoui.ma","article_modified_time":"2025-12-12T16:35:56+00:00","og_image":[{"width":700,"height":700,"url":"https:\/\/paracherkaoui.ma\/wp-content\/uploads\/2025\/12\/avene-avene-physiolift-jour-creme-lissante-peaux-sensibles-seches-30-ml-peaux-matures.jpg","type":"image\/jpeg"}],"twitter_card":"summary_large_image","twitter_misc":{"Dur\u00e9e de lecture estim\u00e9e":"1 minute"},"schema":{"@context":"https:\/\/schema.org","@graph":[{"@type":"WebPage","@id":"https:\/\/paracherkaoui.ma\/index.php\/produit\/avene-physiolift-jour-creme-lissante-peaux-sensibles-seches-30-ml\/","url":"https:\/\/paracherkaoui.ma\/index.php\/produit\/avene-physiolift-jour-creme-lissante-peaux-sensibles-seches-30-ml\/","name":"AVENE PHYSIOLIFT JOUR CREME LISSANTE PEAUX SENSIBLES SECHES 30 ML - Paracherkaoui.ma","isPartOf":{"@id":"https:\/\/paracherkaoui.ma\/#website"},"primaryImageOfPage":{"@id":"https:\/\/paracherkaoui.ma\/index.php\/produit\/avene-physiolift-jour-creme-lissante-peaux-sensibles-seches-30-ml\/#primaryimage"},"image":{"@id":"https:\/\/paracherkaoui.ma\/index.php\/produit\/avene-physiolift-jour-creme-lissante-peaux-sensibles-seches-30-ml\/#primaryimage"},"thumbnailUrl":"https:\/\/paracherkaoui.ma\/wp-content\/uploads\/2025\/12\/avene-avene-physiolift-jour-creme-lissante-peaux-sensibles-seches-30-ml-peaux-matures.jpg","datePublished":"2025-12-12T16:35:52+00:00","dateModified":"2025-12-12T16:35:56+00:00","breadcrumb":{"@id":"https:\/\/paracherkaoui.ma\/index.php\/produit\/avene-physiolift-jour-creme-lissante-peaux-sensibles-seches-30-ml\/#breadcrumb"},"inLanguage":"fr-FR","potentialAction":[{"@type":"ReadAction","target":["https:\/\/paracherkaoui.ma\/index.php\/produit\/avene-physiolift-jour-creme-lissante-peaux-sensibles-seches-30-ml\/"]}]},{"@type":"ImageObject","inLanguage":"fr-FR","@id":"https:\/\/paracherkaoui.ma\/index.php\/produit\/avene-physiolift-jour-creme-lissante-peaux-sensibles-seches-30-ml\/#primaryimage","url":"https:\/\/paracherkaoui.ma\/wp-content\/uploads\/2025\/12\/avene-avene-physiolift-jour-creme-lissante-peaux-sensibles-seches-30-ml-peaux-matures.jpg","contentUrl":"https:\/\/paracherkaoui.ma\/wp-content\/uploads\/2025\/12\/avene-avene-physiolift-jour-creme-lissante-peaux-sensibles-seches-30-ml-peaux-matures.jpg","width":700,"height":700},{"@type":"BreadcrumbList","@id":"https:\/\/paracherkaoui.ma\/index.php\/produit\/avene-physiolift-jour-creme-lissante-peaux-sensibles-seches-30-ml\/#breadcrumb","itemListElement":[{"@type":"ListItem","position":1,"name":"Accueil","item":"https:\/\/paracherkaoui.ma\/"},{"@type":"ListItem","position":2,"name":"Boutique","item":"https:\/\/paracherkaoui.ma\/index.php\/boutique\/"},{"@type":"ListItem","position":3,"name":"AVENE PHYSIOLIFT JOUR CREME LISSANTE PEAUX SENSIBLES SECHES 30 ML"}]},{"@type":"WebSite","@id":"https:\/\/paracherkaoui.ma\/#website","url":"https:\/\/paracherkaoui.ma\/","name":"Paracherkaoui.ma","description":"Achetez en ligne sur Paracherkaoui.ma","potentialAction":[{"@type":"SearchAction","target":{"@type":"EntryPoint","urlTemplate":"https:\/\/paracherkaoui.ma\/?s={search_term_string}"},"query-input":{"@type":"PropertyValueSpecification","valueRequired":true,"valueName":"search_term_string"}}],"inLanguage":"fr-FR"}]}},"_links":{"self":[{"href":"https:\/\/paracherkaoui.ma\/index.php\/wp-json\/wp\/v2\/product\/10738","targetHints":{"allow":["GET"]}}],"collection":[{"href":"https:\/\/paracherkaoui.ma\/index.php\/wp-json\/wp\/v2\/product"}],"about":[{"href":"https:\/\/paracherkaoui.ma\/index.php\/wp-json\/wp\/v2\/types\/product"}],"replies":[{"embeddable":true,"href":"https:\/\/paracherkaoui.ma\/index.php\/wp-json\/wp\/v2\/comments?post=10738"}],"version-history":[{"count":1,"href":"https:\/\/paracherkaoui.ma\/index.php\/wp-json\/wp\/v2\/product\/10738\/revisions"}],"predecessor-version":[{"id":10782,"href":"https:\/\/paracherkaoui.ma\/index.php\/wp-json\/wp\/v2\/product\/10738\/revisions\/10782"}],"wp:featuredmedia":[{"embeddable":true,"href":"https:\/\/paracherkaoui.ma\/index.php\/wp-json\/wp\/v2\/media\/10781"}],"wp:attachment":[{"href":"https:\/\/paracherkaoui.ma\/index.php\/wp-json\/wp\/v2\/media?parent=10738"}],"wp:term":[{"taxonomy":"product_brand","embeddable":true,"href":"https:\/\/paracherkaoui.ma\/index.php\/wp-json\/wp\/v2\/product_brand?post=10738"},{"taxonomy":"product_cat","embeddable":true,"href":"https:\/\/paracherkaoui.ma\/index.php\/wp-json\/wp\/v2\/product_cat?post=10738"},{"taxonomy":"product_tag","embeddable":true,"href":"https:\/\/paracherkaoui.ma\/index.php\/wp-json\/wp\/v2\/product_tag?post=10738"}],"curies":[{"name":"wp","href":"https:\/\/api.w.org\/{rel}","templated":true}]}}