{"id":10727,"date":"2025-12-12T17:35:51","date_gmt":"2025-12-12T16:35:51","guid":{"rendered":"https:\/\/test.ecbeaute.com\/?post_type=product&#038;p=10727"},"modified":"2025-12-12T17:35:54","modified_gmt":"2025-12-12T16:35:54","slug":"filorga-time-filler-yeux-5-xp-15-ml-creme-yeux-correction-tous-type-de-peaux","status":"publish","type":"product","link":"https:\/\/paracherkaoui.ma\/index.php\/produit\/filorga-time-filler-yeux-5-xp-15-ml-creme-yeux-correction-tous-type-de-peaux\/","title":{"rendered":"FILORGA TIME FILLER YEUX 5 XP 15 ML CREME YEUX CORRECTION TOUS TYPE DE PEAUX"},"content":{"rendered":"<p>TIME-FILLER EYES 5XP, un soin contour des yeux anti-\u00e2ge multi-correction qui cible simultan\u00e9ment 5 zones du regard : rides de la patte d\u2019oie, rides du dessous de l\u2019\u0153il, rides du lion, plis des paupi\u00e8res et cernes.<br \/>\nInspir\u00e9 des techniques de m\u00e9decine esth\u00e9tique, le soin contour des yeux TIME-FILLER EYES 5XP corrige tous les types de rides de la zone regard, ainsi que les cernes. Dans le m\u00eame temps, TIME-FILLER EYES 5XP d\u00e9ploie une action raffermissante sur la paupi\u00e8re sup\u00e9rieure, et une action anti cernes.<br \/>\nConseils d&rsquo;utilisation:<br \/>\nAppliquez TIME-FILLER EYES 5XP\u00a0quotidiennement, matin et soir sur toute la zone du contour de l\u2019\u0153il, sans oublier les paupi\u00e8res sup\u00e9rieures et la zone inter-sourcili\u00e8re.<\/p>\n","protected":false},"excerpt":{"rendered":"<p>TIME-FILLER EYES 5XP, un soin contour des yeux anti-\u00e2ge multi-correction qui cible simultan\u00e9ment 5 zones du regard : rides de<\/p>\n","protected":false},"featured_media":10759,"comment_status":"open","ping_status":"closed","template":"","meta":[],"product_brand":[141],"product_cat":[140],"product_tag":[],"class_list":{"0":"post-10727","1":"product","2":"type-product","3":"status-publish","4":"has-post-thumbnail","6":"product_brand-filorga","7":"product_cat-anti-age","9":"first","10":"instock","11":"sale","12":"shipping-taxable","13":"purchasable","14":"product-type-simple"},"yoast_head":"<!-- This site is optimized with the Yoast SEO plugin v26.6 - https:\/\/yoast.com\/wordpress\/plugins\/seo\/ -->\r\n<title>FILORGA TIME FILLER YEUX 5 XP 15 ML CREME YEUX CORRECTION TOUS TYPE DE PEAUX - Paracherkaoui.ma<\/title>\r\n<meta name=\"robots\" content=\"index, follow, max-snippet:-1, max-image-preview:large, max-video-preview:-1\" \/>\r\n<link rel=\"canonical\" href=\"https:\/\/paracherkaoui.ma\/index.php\/produit\/filorga-time-filler-yeux-5-xp-15-ml-creme-yeux-correction-tous-type-de-peaux\/\" \/>\r\n<meta property=\"og:locale\" content=\"fr_FR\" \/>\r\n<meta property=\"og:type\" content=\"article\" \/>\r\n<meta property=\"og:title\" content=\"FILORGA TIME FILLER YEUX 5 XP 15 ML CREME YEUX CORRECTION TOUS TYPE DE PEAUX - Paracherkaoui.ma\" \/>\r\n<meta property=\"og:description\" content=\"TIME-FILLER EYES 5XP, un soin contour des yeux anti-\u00e2ge multi-correction qui cible simultan\u00e9ment 5 zones du regard : rides de\" \/>\r\n<meta property=\"og:url\" content=\"https:\/\/paracherkaoui.ma\/index.php\/produit\/filorga-time-filler-yeux-5-xp-15-ml-creme-yeux-correction-tous-type-de-peaux\/\" \/>\r\n<meta property=\"og:site_name\" content=\"Paracherkaoui.ma\" \/>\r\n<meta property=\"article:modified_time\" content=\"2025-12-12T16:35:54+00:00\" \/>\r\n<meta property=\"og:image\" content=\"https:\/\/paracherkaoui.ma\/wp-content\/uploads\/2025\/12\/filorga-filorga-time-filler-yeux-5-xp-15-ml-creme-yeux-correction-tous-type-de-peaux-yeux.jpg\" \/>\r\n\t<meta property=\"og:image:width\" content=\"700\" \/>\r\n\t<meta property=\"og:image:height\" content=\"700\" \/>\r\n\t<meta property=\"og:image:type\" content=\"image\/jpeg\" \/>\r\n<meta name=\"twitter:card\" content=\"summary_large_image\" \/>\r\n<meta name=\"twitter:label1\" content=\"Dur\u00e9e de lecture estim\u00e9e\" \/>\n\t<meta name=\"twitter:data1\" content=\"1 minute\" \/>\r\n<script type=\"application\/ld+json\" class=\"yoast-schema-graph\">{\"@context\":\"https:\/\/schema.org\",\"@graph\":[{\"@type\":\"WebPage\",\"@id\":\"https:\/\/paracherkaoui.ma\/index.php\/produit\/filorga-time-filler-yeux-5-xp-15-ml-creme-yeux-correction-tous-type-de-peaux\/\",\"url\":\"https:\/\/paracherkaoui.ma\/index.php\/produit\/filorga-time-filler-yeux-5-xp-15-ml-creme-yeux-correction-tous-type-de-peaux\/\",\"name\":\"FILORGA TIME FILLER YEUX 5 XP 15 ML CREME YEUX CORRECTION TOUS TYPE DE PEAUX - Paracherkaoui.ma\",\"isPartOf\":{\"@id\":\"https:\/\/paracherkaoui.ma\/#website\"},\"primaryImageOfPage\":{\"@id\":\"https:\/\/paracherkaoui.ma\/index.php\/produit\/filorga-time-filler-yeux-5-xp-15-ml-creme-yeux-correction-tous-type-de-peaux\/#primaryimage\"},\"image\":{\"@id\":\"https:\/\/paracherkaoui.ma\/index.php\/produit\/filorga-time-filler-yeux-5-xp-15-ml-creme-yeux-correction-tous-type-de-peaux\/#primaryimage\"},\"thumbnailUrl\":\"https:\/\/paracherkaoui.ma\/wp-content\/uploads\/2025\/12\/filorga-filorga-time-filler-yeux-5-xp-15-ml-creme-yeux-correction-tous-type-de-peaux-yeux.jpg\",\"datePublished\":\"2025-12-12T16:35:51+00:00\",\"dateModified\":\"2025-12-12T16:35:54+00:00\",\"breadcrumb\":{\"@id\":\"https:\/\/paracherkaoui.ma\/index.php\/produit\/filorga-time-filler-yeux-5-xp-15-ml-creme-yeux-correction-tous-type-de-peaux\/#breadcrumb\"},\"inLanguage\":\"fr-FR\",\"potentialAction\":[{\"@type\":\"ReadAction\",\"target\":[\"https:\/\/paracherkaoui.ma\/index.php\/produit\/filorga-time-filler-yeux-5-xp-15-ml-creme-yeux-correction-tous-type-de-peaux\/\"]}]},{\"@type\":\"ImageObject\",\"inLanguage\":\"fr-FR\",\"@id\":\"https:\/\/paracherkaoui.ma\/index.php\/produit\/filorga-time-filler-yeux-5-xp-15-ml-creme-yeux-correction-tous-type-de-peaux\/#primaryimage\",\"url\":\"https:\/\/paracherkaoui.ma\/wp-content\/uploads\/2025\/12\/filorga-filorga-time-filler-yeux-5-xp-15-ml-creme-yeux-correction-tous-type-de-peaux-yeux.jpg\",\"contentUrl\":\"https:\/\/paracherkaoui.ma\/wp-content\/uploads\/2025\/12\/filorga-filorga-time-filler-yeux-5-xp-15-ml-creme-yeux-correction-tous-type-de-peaux-yeux.jpg\",\"width\":700,\"height\":700},{\"@type\":\"BreadcrumbList\",\"@id\":\"https:\/\/paracherkaoui.ma\/index.php\/produit\/filorga-time-filler-yeux-5-xp-15-ml-creme-yeux-correction-tous-type-de-peaux\/#breadcrumb\",\"itemListElement\":[{\"@type\":\"ListItem\",\"position\":1,\"name\":\"Accueil\",\"item\":\"https:\/\/paracherkaoui.ma\/\"},{\"@type\":\"ListItem\",\"position\":2,\"name\":\"Boutique\",\"item\":\"https:\/\/paracherkaoui.ma\/index.php\/boutique\/\"},{\"@type\":\"ListItem\",\"position\":3,\"name\":\"FILORGA TIME FILLER YEUX 5 XP 15 ML CREME YEUX CORRECTION TOUS TYPE DE PEAUX\"}]},{\"@type\":\"WebSite\",\"@id\":\"https:\/\/paracherkaoui.ma\/#website\",\"url\":\"https:\/\/paracherkaoui.ma\/\",\"name\":\"Paracherkaoui.ma\",\"description\":\"Achetez en ligne sur Paracherkaoui.ma\",\"potentialAction\":[{\"@type\":\"SearchAction\",\"target\":{\"@type\":\"EntryPoint\",\"urlTemplate\":\"https:\/\/paracherkaoui.ma\/?s={search_term_string}\"},\"query-input\":{\"@type\":\"PropertyValueSpecification\",\"valueRequired\":true,\"valueName\":\"search_term_string\"}}],\"inLanguage\":\"fr-FR\"}]}<\/script>\r\n<!-- \/ Yoast SEO plugin. -->","yoast_head_json":{"title":"FILORGA TIME FILLER YEUX 5 XP 15 ML CREME YEUX CORRECTION TOUS TYPE DE PEAUX - Paracherkaoui.ma","robots":{"index":"index","follow":"follow","max-snippet":"max-snippet:-1","max-image-preview":"max-image-preview:large","max-video-preview":"max-video-preview:-1"},"canonical":"https:\/\/paracherkaoui.ma\/index.php\/produit\/filorga-time-filler-yeux-5-xp-15-ml-creme-yeux-correction-tous-type-de-peaux\/","og_locale":"fr_FR","og_type":"article","og_title":"FILORGA TIME FILLER YEUX 5 XP 15 ML CREME YEUX CORRECTION TOUS TYPE DE PEAUX - Paracherkaoui.ma","og_description":"TIME-FILLER EYES 5XP, un soin contour des yeux anti-\u00e2ge multi-correction qui cible simultan\u00e9ment 5 zones du regard : rides de","og_url":"https:\/\/paracherkaoui.ma\/index.php\/produit\/filorga-time-filler-yeux-5-xp-15-ml-creme-yeux-correction-tous-type-de-peaux\/","og_site_name":"Paracherkaoui.ma","article_modified_time":"2025-12-12T16:35:54+00:00","og_image":[{"width":700,"height":700,"url":"https:\/\/paracherkaoui.ma\/wp-content\/uploads\/2025\/12\/filorga-filorga-time-filler-yeux-5-xp-15-ml-creme-yeux-correction-tous-type-de-peaux-yeux.jpg","type":"image\/jpeg"}],"twitter_card":"summary_large_image","twitter_misc":{"Dur\u00e9e de lecture estim\u00e9e":"1 minute"},"schema":{"@context":"https:\/\/schema.org","@graph":[{"@type":"WebPage","@id":"https:\/\/paracherkaoui.ma\/index.php\/produit\/filorga-time-filler-yeux-5-xp-15-ml-creme-yeux-correction-tous-type-de-peaux\/","url":"https:\/\/paracherkaoui.ma\/index.php\/produit\/filorga-time-filler-yeux-5-xp-15-ml-creme-yeux-correction-tous-type-de-peaux\/","name":"FILORGA TIME FILLER YEUX 5 XP 15 ML CREME YEUX CORRECTION TOUS TYPE DE PEAUX - Paracherkaoui.ma","isPartOf":{"@id":"https:\/\/paracherkaoui.ma\/#website"},"primaryImageOfPage":{"@id":"https:\/\/paracherkaoui.ma\/index.php\/produit\/filorga-time-filler-yeux-5-xp-15-ml-creme-yeux-correction-tous-type-de-peaux\/#primaryimage"},"image":{"@id":"https:\/\/paracherkaoui.ma\/index.php\/produit\/filorga-time-filler-yeux-5-xp-15-ml-creme-yeux-correction-tous-type-de-peaux\/#primaryimage"},"thumbnailUrl":"https:\/\/paracherkaoui.ma\/wp-content\/uploads\/2025\/12\/filorga-filorga-time-filler-yeux-5-xp-15-ml-creme-yeux-correction-tous-type-de-peaux-yeux.jpg","datePublished":"2025-12-12T16:35:51+00:00","dateModified":"2025-12-12T16:35:54+00:00","breadcrumb":{"@id":"https:\/\/paracherkaoui.ma\/index.php\/produit\/filorga-time-filler-yeux-5-xp-15-ml-creme-yeux-correction-tous-type-de-peaux\/#breadcrumb"},"inLanguage":"fr-FR","potentialAction":[{"@type":"ReadAction","target":["https:\/\/paracherkaoui.ma\/index.php\/produit\/filorga-time-filler-yeux-5-xp-15-ml-creme-yeux-correction-tous-type-de-peaux\/"]}]},{"@type":"ImageObject","inLanguage":"fr-FR","@id":"https:\/\/paracherkaoui.ma\/index.php\/produit\/filorga-time-filler-yeux-5-xp-15-ml-creme-yeux-correction-tous-type-de-peaux\/#primaryimage","url":"https:\/\/paracherkaoui.ma\/wp-content\/uploads\/2025\/12\/filorga-filorga-time-filler-yeux-5-xp-15-ml-creme-yeux-correction-tous-type-de-peaux-yeux.jpg","contentUrl":"https:\/\/paracherkaoui.ma\/wp-content\/uploads\/2025\/12\/filorga-filorga-time-filler-yeux-5-xp-15-ml-creme-yeux-correction-tous-type-de-peaux-yeux.jpg","width":700,"height":700},{"@type":"BreadcrumbList","@id":"https:\/\/paracherkaoui.ma\/index.php\/produit\/filorga-time-filler-yeux-5-xp-15-ml-creme-yeux-correction-tous-type-de-peaux\/#breadcrumb","itemListElement":[{"@type":"ListItem","position":1,"name":"Accueil","item":"https:\/\/paracherkaoui.ma\/"},{"@type":"ListItem","position":2,"name":"Boutique","item":"https:\/\/paracherkaoui.ma\/index.php\/boutique\/"},{"@type":"ListItem","position":3,"name":"FILORGA TIME FILLER YEUX 5 XP 15 ML CREME YEUX CORRECTION TOUS TYPE DE PEAUX"}]},{"@type":"WebSite","@id":"https:\/\/paracherkaoui.ma\/#website","url":"https:\/\/paracherkaoui.ma\/","name":"Paracherkaoui.ma","description":"Achetez en ligne sur Paracherkaoui.ma","potentialAction":[{"@type":"SearchAction","target":{"@type":"EntryPoint","urlTemplate":"https:\/\/paracherkaoui.ma\/?s={search_term_string}"},"query-input":{"@type":"PropertyValueSpecification","valueRequired":true,"valueName":"search_term_string"}}],"inLanguage":"fr-FR"}]}},"_links":{"self":[{"href":"https:\/\/paracherkaoui.ma\/index.php\/wp-json\/wp\/v2\/product\/10727","targetHints":{"allow":["GET"]}}],"collection":[{"href":"https:\/\/paracherkaoui.ma\/index.php\/wp-json\/wp\/v2\/product"}],"about":[{"href":"https:\/\/paracherkaoui.ma\/index.php\/wp-json\/wp\/v2\/types\/product"}],"replies":[{"embeddable":true,"href":"https:\/\/paracherkaoui.ma\/index.php\/wp-json\/wp\/v2\/comments?post=10727"}],"version-history":[{"count":1,"href":"https:\/\/paracherkaoui.ma\/index.php\/wp-json\/wp\/v2\/product\/10727\/revisions"}],"predecessor-version":[{"id":10760,"href":"https:\/\/paracherkaoui.ma\/index.php\/wp-json\/wp\/v2\/product\/10727\/revisions\/10760"}],"wp:featuredmedia":[{"embeddable":true,"href":"https:\/\/paracherkaoui.ma\/index.php\/wp-json\/wp\/v2\/media\/10759"}],"wp:attachment":[{"href":"https:\/\/paracherkaoui.ma\/index.php\/wp-json\/wp\/v2\/media?parent=10727"}],"wp:term":[{"taxonomy":"product_brand","embeddable":true,"href":"https:\/\/paracherkaoui.ma\/index.php\/wp-json\/wp\/v2\/product_brand?post=10727"},{"taxonomy":"product_cat","embeddable":true,"href":"https:\/\/paracherkaoui.ma\/index.php\/wp-json\/wp\/v2\/product_cat?post=10727"},{"taxonomy":"product_tag","embeddable":true,"href":"https:\/\/paracherkaoui.ma\/index.php\/wp-json\/wp\/v2\/product_tag?post=10727"}],"curies":[{"name":"wp","href":"https:\/\/api.w.org\/{rel}","templated":true}]}}