{"id":10726,"date":"2025-12-12T17:35:51","date_gmt":"2025-12-12T16:35:51","guid":{"rendered":"https:\/\/test.ecbeaute.com\/?post_type=product&#038;p=10726"},"modified":"2025-12-12T17:35:54","modified_gmt":"2025-12-12T16:35:54","slug":"filorga-ncef-intensive-supreme-multi-correction-serum-30-ml","status":"publish","type":"product","link":"https:\/\/paracherkaoui.ma\/index.php\/produit\/filorga-ncef-intensive-supreme-multi-correction-serum-30-ml\/","title":{"rendered":"FILORGA NCEF INTENSIVE SUPREME MULTI CORRECTION SERUM 30 ML"},"content":{"rendered":"<p>Un s\u00e9rum multi-correcteur concentr\u00e9 en NCEF pour une action pro jeunesse renforc\u00e9e et une qualit\u00e9 de peau renouvel\u00e9e.<\/p>\n<p>R\u00e9novation intensive de la qualit\u00e9 de peau [r\u00e9g\u00e9n\u00e9ration activ\u00e9e] &#8211; Une formule au NCEF, complexe polyrevitalisant unique mis au point par les Laboratoires FILORGA dont 50 ingr\u00e9dients sont int\u00e9gr\u00e9s pour la premi\u00e8re fois dans des concentrations comparables \u00e0 celles utilis\u00e9es en m\u00e9so-injection(1).<\/p>\n<p>Correction suractiv\u00e9e [rides &#8211; fermet\u00e9 &#8211; \u00e9clat] &#8211; La puissance du R\u00e9tinol associ\u00e9 au complexe Vitamine C + ADN v\u00e9g\u00e9tal pour une peau visiblement rajeunie.<\/p>\n<p>R\u00e9sultat : une peau liss\u00e9e, raffermie, \u00e9clatante et repulp\u00e9e.<\/p>\n<p>Texture ultra-l\u00e9g\u00e8re haute p\u00e9n\u00e9tration.<\/p>\n","protected":false},"excerpt":{"rendered":"<p>Un s\u00e9rum multi-correcteur concentr\u00e9 en NCEF pour une action pro jeunesse renforc\u00e9e et une qualit\u00e9 de peau renouvel\u00e9e. R\u00e9novation intensive<\/p>\n","protected":false},"featured_media":10757,"comment_status":"open","ping_status":"closed","template":"","meta":[],"product_brand":[141],"product_cat":[140],"product_tag":[],"class_list":{"0":"post-10726","1":"product","2":"type-product","3":"status-publish","4":"has-post-thumbnail","6":"product_brand-filorga","7":"product_cat-anti-age","9":"first","10":"instock","11":"sale","12":"shipping-taxable","13":"purchasable","14":"product-type-simple"},"yoast_head":"<!-- This site is optimized with the Yoast SEO plugin v26.6 - https:\/\/yoast.com\/wordpress\/plugins\/seo\/ -->\r\n<title>FILORGA NCEF INTENSIVE SUPREME MULTI CORRECTION SERUM 30 ML - Paracherkaoui.ma<\/title>\r\n<meta name=\"robots\" content=\"index, follow, max-snippet:-1, max-image-preview:large, max-video-preview:-1\" \/>\r\n<link rel=\"canonical\" href=\"https:\/\/paracherkaoui.ma\/index.php\/produit\/filorga-ncef-intensive-supreme-multi-correction-serum-30-ml\/\" \/>\r\n<meta property=\"og:locale\" content=\"fr_FR\" \/>\r\n<meta property=\"og:type\" content=\"article\" \/>\r\n<meta property=\"og:title\" content=\"FILORGA NCEF INTENSIVE SUPREME MULTI CORRECTION SERUM 30 ML - Paracherkaoui.ma\" \/>\r\n<meta property=\"og:description\" content=\"Un s\u00e9rum multi-correcteur concentr\u00e9 en NCEF pour une action pro jeunesse renforc\u00e9e et une qualit\u00e9 de peau renouvel\u00e9e. R\u00e9novation intensive\" \/>\r\n<meta property=\"og:url\" content=\"https:\/\/paracherkaoui.ma\/index.php\/produit\/filorga-ncef-intensive-supreme-multi-correction-serum-30-ml\/\" \/>\r\n<meta property=\"og:site_name\" content=\"Paracherkaoui.ma\" \/>\r\n<meta property=\"article:modified_time\" content=\"2025-12-12T16:35:54+00:00\" \/>\r\n<meta property=\"og:image\" content=\"https:\/\/paracherkaoui.ma\/wp-content\/uploads\/2025\/12\/filorga-ncef-intensive-supreme-multi-correction-serum-30-ml.jpg\" \/>\r\n\t<meta property=\"og:image:width\" content=\"700\" \/>\r\n\t<meta property=\"og:image:height\" content=\"700\" \/>\r\n\t<meta property=\"og:image:type\" content=\"image\/jpeg\" \/>\r\n<meta name=\"twitter:card\" content=\"summary_large_image\" \/>\r\n<meta name=\"twitter:label1\" content=\"Dur\u00e9e de lecture estim\u00e9e\" \/>\n\t<meta name=\"twitter:data1\" content=\"1 minute\" \/>\r\n<script type=\"application\/ld+json\" class=\"yoast-schema-graph\">{\"@context\":\"https:\/\/schema.org\",\"@graph\":[{\"@type\":\"WebPage\",\"@id\":\"https:\/\/paracherkaoui.ma\/index.php\/produit\/filorga-ncef-intensive-supreme-multi-correction-serum-30-ml\/\",\"url\":\"https:\/\/paracherkaoui.ma\/index.php\/produit\/filorga-ncef-intensive-supreme-multi-correction-serum-30-ml\/\",\"name\":\"FILORGA NCEF INTENSIVE SUPREME MULTI CORRECTION SERUM 30 ML - Paracherkaoui.ma\",\"isPartOf\":{\"@id\":\"https:\/\/paracherkaoui.ma\/#website\"},\"primaryImageOfPage\":{\"@id\":\"https:\/\/paracherkaoui.ma\/index.php\/produit\/filorga-ncef-intensive-supreme-multi-correction-serum-30-ml\/#primaryimage\"},\"image\":{\"@id\":\"https:\/\/paracherkaoui.ma\/index.php\/produit\/filorga-ncef-intensive-supreme-multi-correction-serum-30-ml\/#primaryimage\"},\"thumbnailUrl\":\"https:\/\/paracherkaoui.ma\/wp-content\/uploads\/2025\/12\/filorga-ncef-intensive-supreme-multi-correction-serum-30-ml.jpg\",\"datePublished\":\"2025-12-12T16:35:51+00:00\",\"dateModified\":\"2025-12-12T16:35:54+00:00\",\"breadcrumb\":{\"@id\":\"https:\/\/paracherkaoui.ma\/index.php\/produit\/filorga-ncef-intensive-supreme-multi-correction-serum-30-ml\/#breadcrumb\"},\"inLanguage\":\"fr-FR\",\"potentialAction\":[{\"@type\":\"ReadAction\",\"target\":[\"https:\/\/paracherkaoui.ma\/index.php\/produit\/filorga-ncef-intensive-supreme-multi-correction-serum-30-ml\/\"]}]},{\"@type\":\"ImageObject\",\"inLanguage\":\"fr-FR\",\"@id\":\"https:\/\/paracherkaoui.ma\/index.php\/produit\/filorga-ncef-intensive-supreme-multi-correction-serum-30-ml\/#primaryimage\",\"url\":\"https:\/\/paracherkaoui.ma\/wp-content\/uploads\/2025\/12\/filorga-ncef-intensive-supreme-multi-correction-serum-30-ml.jpg\",\"contentUrl\":\"https:\/\/paracherkaoui.ma\/wp-content\/uploads\/2025\/12\/filorga-ncef-intensive-supreme-multi-correction-serum-30-ml.jpg\",\"width\":700,\"height\":700},{\"@type\":\"BreadcrumbList\",\"@id\":\"https:\/\/paracherkaoui.ma\/index.php\/produit\/filorga-ncef-intensive-supreme-multi-correction-serum-30-ml\/#breadcrumb\",\"itemListElement\":[{\"@type\":\"ListItem\",\"position\":1,\"name\":\"Accueil\",\"item\":\"https:\/\/paracherkaoui.ma\/\"},{\"@type\":\"ListItem\",\"position\":2,\"name\":\"Boutique\",\"item\":\"https:\/\/paracherkaoui.ma\/index.php\/boutique\/\"},{\"@type\":\"ListItem\",\"position\":3,\"name\":\"FILORGA NCEF INTENSIVE SUPREME MULTI CORRECTION SERUM 30 ML\"}]},{\"@type\":\"WebSite\",\"@id\":\"https:\/\/paracherkaoui.ma\/#website\",\"url\":\"https:\/\/paracherkaoui.ma\/\",\"name\":\"Paracherkaoui.ma\",\"description\":\"Achetez en ligne sur Paracherkaoui.ma\",\"potentialAction\":[{\"@type\":\"SearchAction\",\"target\":{\"@type\":\"EntryPoint\",\"urlTemplate\":\"https:\/\/paracherkaoui.ma\/?s={search_term_string}\"},\"query-input\":{\"@type\":\"PropertyValueSpecification\",\"valueRequired\":true,\"valueName\":\"search_term_string\"}}],\"inLanguage\":\"fr-FR\"}]}<\/script>\r\n<!-- \/ Yoast SEO plugin. -->","yoast_head_json":{"title":"FILORGA NCEF INTENSIVE SUPREME MULTI CORRECTION SERUM 30 ML - Paracherkaoui.ma","robots":{"index":"index","follow":"follow","max-snippet":"max-snippet:-1","max-image-preview":"max-image-preview:large","max-video-preview":"max-video-preview:-1"},"canonical":"https:\/\/paracherkaoui.ma\/index.php\/produit\/filorga-ncef-intensive-supreme-multi-correction-serum-30-ml\/","og_locale":"fr_FR","og_type":"article","og_title":"FILORGA NCEF INTENSIVE SUPREME MULTI CORRECTION SERUM 30 ML - Paracherkaoui.ma","og_description":"Un s\u00e9rum multi-correcteur concentr\u00e9 en NCEF pour une action pro jeunesse renforc\u00e9e et une qualit\u00e9 de peau renouvel\u00e9e. R\u00e9novation intensive","og_url":"https:\/\/paracherkaoui.ma\/index.php\/produit\/filorga-ncef-intensive-supreme-multi-correction-serum-30-ml\/","og_site_name":"Paracherkaoui.ma","article_modified_time":"2025-12-12T16:35:54+00:00","og_image":[{"width":700,"height":700,"url":"https:\/\/paracherkaoui.ma\/wp-content\/uploads\/2025\/12\/filorga-ncef-intensive-supreme-multi-correction-serum-30-ml.jpg","type":"image\/jpeg"}],"twitter_card":"summary_large_image","twitter_misc":{"Dur\u00e9e de lecture estim\u00e9e":"1 minute"},"schema":{"@context":"https:\/\/schema.org","@graph":[{"@type":"WebPage","@id":"https:\/\/paracherkaoui.ma\/index.php\/produit\/filorga-ncef-intensive-supreme-multi-correction-serum-30-ml\/","url":"https:\/\/paracherkaoui.ma\/index.php\/produit\/filorga-ncef-intensive-supreme-multi-correction-serum-30-ml\/","name":"FILORGA NCEF INTENSIVE SUPREME MULTI CORRECTION SERUM 30 ML - Paracherkaoui.ma","isPartOf":{"@id":"https:\/\/paracherkaoui.ma\/#website"},"primaryImageOfPage":{"@id":"https:\/\/paracherkaoui.ma\/index.php\/produit\/filorga-ncef-intensive-supreme-multi-correction-serum-30-ml\/#primaryimage"},"image":{"@id":"https:\/\/paracherkaoui.ma\/index.php\/produit\/filorga-ncef-intensive-supreme-multi-correction-serum-30-ml\/#primaryimage"},"thumbnailUrl":"https:\/\/paracherkaoui.ma\/wp-content\/uploads\/2025\/12\/filorga-ncef-intensive-supreme-multi-correction-serum-30-ml.jpg","datePublished":"2025-12-12T16:35:51+00:00","dateModified":"2025-12-12T16:35:54+00:00","breadcrumb":{"@id":"https:\/\/paracherkaoui.ma\/index.php\/produit\/filorga-ncef-intensive-supreme-multi-correction-serum-30-ml\/#breadcrumb"},"inLanguage":"fr-FR","potentialAction":[{"@type":"ReadAction","target":["https:\/\/paracherkaoui.ma\/index.php\/produit\/filorga-ncef-intensive-supreme-multi-correction-serum-30-ml\/"]}]},{"@type":"ImageObject","inLanguage":"fr-FR","@id":"https:\/\/paracherkaoui.ma\/index.php\/produit\/filorga-ncef-intensive-supreme-multi-correction-serum-30-ml\/#primaryimage","url":"https:\/\/paracherkaoui.ma\/wp-content\/uploads\/2025\/12\/filorga-ncef-intensive-supreme-multi-correction-serum-30-ml.jpg","contentUrl":"https:\/\/paracherkaoui.ma\/wp-content\/uploads\/2025\/12\/filorga-ncef-intensive-supreme-multi-correction-serum-30-ml.jpg","width":700,"height":700},{"@type":"BreadcrumbList","@id":"https:\/\/paracherkaoui.ma\/index.php\/produit\/filorga-ncef-intensive-supreme-multi-correction-serum-30-ml\/#breadcrumb","itemListElement":[{"@type":"ListItem","position":1,"name":"Accueil","item":"https:\/\/paracherkaoui.ma\/"},{"@type":"ListItem","position":2,"name":"Boutique","item":"https:\/\/paracherkaoui.ma\/index.php\/boutique\/"},{"@type":"ListItem","position":3,"name":"FILORGA NCEF INTENSIVE SUPREME MULTI CORRECTION SERUM 30 ML"}]},{"@type":"WebSite","@id":"https:\/\/paracherkaoui.ma\/#website","url":"https:\/\/paracherkaoui.ma\/","name":"Paracherkaoui.ma","description":"Achetez en ligne sur Paracherkaoui.ma","potentialAction":[{"@type":"SearchAction","target":{"@type":"EntryPoint","urlTemplate":"https:\/\/paracherkaoui.ma\/?s={search_term_string}"},"query-input":{"@type":"PropertyValueSpecification","valueRequired":true,"valueName":"search_term_string"}}],"inLanguage":"fr-FR"}]}},"_links":{"self":[{"href":"https:\/\/paracherkaoui.ma\/index.php\/wp-json\/wp\/v2\/product\/10726","targetHints":{"allow":["GET"]}}],"collection":[{"href":"https:\/\/paracherkaoui.ma\/index.php\/wp-json\/wp\/v2\/product"}],"about":[{"href":"https:\/\/paracherkaoui.ma\/index.php\/wp-json\/wp\/v2\/types\/product"}],"replies":[{"embeddable":true,"href":"https:\/\/paracherkaoui.ma\/index.php\/wp-json\/wp\/v2\/comments?post=10726"}],"version-history":[{"count":1,"href":"https:\/\/paracherkaoui.ma\/index.php\/wp-json\/wp\/v2\/product\/10726\/revisions"}],"predecessor-version":[{"id":10758,"href":"https:\/\/paracherkaoui.ma\/index.php\/wp-json\/wp\/v2\/product\/10726\/revisions\/10758"}],"wp:featuredmedia":[{"embeddable":true,"href":"https:\/\/paracherkaoui.ma\/index.php\/wp-json\/wp\/v2\/media\/10757"}],"wp:attachment":[{"href":"https:\/\/paracherkaoui.ma\/index.php\/wp-json\/wp\/v2\/media?parent=10726"}],"wp:term":[{"taxonomy":"product_brand","embeddable":true,"href":"https:\/\/paracherkaoui.ma\/index.php\/wp-json\/wp\/v2\/product_brand?post=10726"},{"taxonomy":"product_cat","embeddable":true,"href":"https:\/\/paracherkaoui.ma\/index.php\/wp-json\/wp\/v2\/product_cat?post=10726"},{"taxonomy":"product_tag","embeddable":true,"href":"https:\/\/paracherkaoui.ma\/index.php\/wp-json\/wp\/v2\/product_tag?post=10726"}],"curies":[{"name":"wp","href":"https:\/\/api.w.org\/{rel}","templated":true}]}}