{"id":10686,"date":"2025-12-12T17:33:22","date_gmt":"2025-12-12T16:33:22","guid":{"rendered":"https:\/\/test.ecbeaute.com\/?post_type=product&#038;p=10686"},"modified":"2025-12-12T17:33:29","modified_gmt":"2025-12-12T16:33:29","slug":"la-roche-posay-effaclar-duo-m-40-ml","status":"publish","type":"product","link":"https:\/\/paracherkaoui.ma\/index.php\/produit\/la-roche-posay-effaclar-duo-m-40-ml\/","title":{"rendered":"LA ROCHE POSAY EFFACLAR DUO + M 40 ML"},"content":{"rendered":"<p>NOUVEAU\u00a0soin triple correction anti-imperfections pour les peaux grasses \u00e0 tendance acn\u00e9ique, d\u00e9sormais enrichi par la science du microbiome. Corrige les boutons, les points noirs et les marques post-acn\u00e9.<\/p>\n<p>B\u00c9N\u00c9FICES<br \/>\nEffaclar DUO+M de La Roche-Posay est un soin triple correction anti-imperfections, d\u00e9sormais enrichi par la science du microbiome, pour une efficacit\u00e9 cibl\u00e9e, m\u00eame sur les imperfections s\u00e9v\u00e8res : anti-boutons, anti-points noirs, anti-marques post-acn\u00e9 et anti-rechute. D\u00e9sormais efficacit\u00e9 visible d\u00e8s 8h. Anti-boutons, anti-points noirs, anti-marques post-acn\u00e9. Anti-rechute**. Hypoallerg\u00e9nique. Non com\u00e9dog\u00e8ne. Test\u00e9 sous contr\u00f4le dermatologique.<\/p>\n<p>NOUVELLE D\u00c9COUVERTE SCIENTIFIQUE. Dans le microbiome de la peau, les bact\u00e9ries responsables des imperfections sont compos\u00e9es de plusieurs sous-types appel\u00e9s phylotypes. La recherche a montr\u00e9 qu&rsquo;un manque de diversit\u00e9 entre les phylotypes et une pr\u00e9dominance du phylotype IA1 sont associ\u00e9s \u00e0 la prolif\u00e9ration des imperfections et \u00e0 la s\u00e9v\u00e9rit\u00e9 de l&rsquo;acn\u00e9. Nouvelle formule enrichie par la science du microbiome gr\u00e2ce au nouvel actif Phylobioma qui agit sur le phylotype IA1 pour r\u00e9duire les imperfections et la surproduction de s\u00e9bum \u00e0 la source. Son efficacit\u00e9 a \u00e9t\u00e9 prouv\u00e9e sur les peaux grasses \u00e0 tendance acn\u00e9ique.<br \/>\nConseils d&rsquo;utilisation:<br \/>\nAppliquer Effaclar Duo+M sur l&rsquo;ensemble du visage matin et soir sur une peau pr\u00e9alablement nettoy\u00e9e avec Effaclar Gel Moussant Purifiant. Excellente base de maquillage. \u00c9viter le contour des yeux.<\/p>\n","protected":false},"excerpt":{"rendered":"<p>NOUVEAU\u00a0soin triple correction anti-imperfections pour les peaux grasses \u00e0 tendance acn\u00e9ique, d\u00e9sormais enrichi par la science du microbiome. Corrige les<\/p>\n","protected":false},"featured_media":10718,"comment_status":"open","ping_status":"closed","template":"","meta":[],"product_brand":[132],"product_cat":[129],"product_tag":[],"class_list":{"0":"post-10686","1":"product","2":"type-product","3":"status-publish","4":"has-post-thumbnail","6":"product_brand-la-roche-posay","7":"product_cat-acne","9":"first","10":"instock","11":"sale","12":"shipping-taxable","13":"purchasable","14":"product-type-simple"},"yoast_head":"<!-- This site is optimized with the Yoast SEO plugin v26.6 - https:\/\/yoast.com\/wordpress\/plugins\/seo\/ -->\r\n<title>LA ROCHE POSAY EFFACLAR DUO + M 40 ML - Paracherkaoui.ma<\/title>\r\n<meta name=\"robots\" content=\"index, follow, max-snippet:-1, max-image-preview:large, max-video-preview:-1\" \/>\r\n<link rel=\"canonical\" href=\"https:\/\/paracherkaoui.ma\/index.php\/produit\/la-roche-posay-effaclar-duo-m-40-ml\/\" \/>\r\n<meta property=\"og:locale\" content=\"fr_FR\" \/>\r\n<meta property=\"og:type\" content=\"article\" \/>\r\n<meta property=\"og:title\" content=\"LA ROCHE POSAY EFFACLAR DUO + M 40 ML - Paracherkaoui.ma\" \/>\r\n<meta property=\"og:description\" content=\"NOUVEAU\u00a0soin triple correction anti-imperfections pour les peaux grasses \u00e0 tendance acn\u00e9ique, d\u00e9sormais enrichi par la science du microbiome. Corrige les\" \/>\r\n<meta property=\"og:url\" content=\"https:\/\/paracherkaoui.ma\/index.php\/produit\/la-roche-posay-effaclar-duo-m-40-ml\/\" \/>\r\n<meta property=\"og:site_name\" content=\"Paracherkaoui.ma\" \/>\r\n<meta property=\"article:modified_time\" content=\"2025-12-12T16:33:29+00:00\" \/>\r\n<meta property=\"og:image\" content=\"https:\/\/paracherkaoui.ma\/wp-content\/uploads\/2025\/12\/la-roche-posay-la-roche-posay-effaclar-duo-m-40-ml-soins-anti-imperfections.jpg\" \/>\r\n\t<meta property=\"og:image:width\" content=\"700\" \/>\r\n\t<meta property=\"og:image:height\" content=\"700\" \/>\r\n\t<meta property=\"og:image:type\" content=\"image\/jpeg\" \/>\r\n<meta name=\"twitter:card\" content=\"summary_large_image\" \/>\r\n<meta name=\"twitter:label1\" content=\"Dur\u00e9e de lecture estim\u00e9e\" \/>\n\t<meta name=\"twitter:data1\" content=\"1 minute\" \/>\r\n<script type=\"application\/ld+json\" class=\"yoast-schema-graph\">{\"@context\":\"https:\/\/schema.org\",\"@graph\":[{\"@type\":\"WebPage\",\"@id\":\"https:\/\/paracherkaoui.ma\/index.php\/produit\/la-roche-posay-effaclar-duo-m-40-ml\/\",\"url\":\"https:\/\/paracherkaoui.ma\/index.php\/produit\/la-roche-posay-effaclar-duo-m-40-ml\/\",\"name\":\"LA ROCHE POSAY EFFACLAR DUO + M 40 ML - Paracherkaoui.ma\",\"isPartOf\":{\"@id\":\"https:\/\/paracherkaoui.ma\/#website\"},\"primaryImageOfPage\":{\"@id\":\"https:\/\/paracherkaoui.ma\/index.php\/produit\/la-roche-posay-effaclar-duo-m-40-ml\/#primaryimage\"},\"image\":{\"@id\":\"https:\/\/paracherkaoui.ma\/index.php\/produit\/la-roche-posay-effaclar-duo-m-40-ml\/#primaryimage\"},\"thumbnailUrl\":\"https:\/\/paracherkaoui.ma\/wp-content\/uploads\/2025\/12\/la-roche-posay-la-roche-posay-effaclar-duo-m-40-ml-soins-anti-imperfections.jpg\",\"datePublished\":\"2025-12-12T16:33:22+00:00\",\"dateModified\":\"2025-12-12T16:33:29+00:00\",\"breadcrumb\":{\"@id\":\"https:\/\/paracherkaoui.ma\/index.php\/produit\/la-roche-posay-effaclar-duo-m-40-ml\/#breadcrumb\"},\"inLanguage\":\"fr-FR\",\"potentialAction\":[{\"@type\":\"ReadAction\",\"target\":[\"https:\/\/paracherkaoui.ma\/index.php\/produit\/la-roche-posay-effaclar-duo-m-40-ml\/\"]}]},{\"@type\":\"ImageObject\",\"inLanguage\":\"fr-FR\",\"@id\":\"https:\/\/paracherkaoui.ma\/index.php\/produit\/la-roche-posay-effaclar-duo-m-40-ml\/#primaryimage\",\"url\":\"https:\/\/paracherkaoui.ma\/wp-content\/uploads\/2025\/12\/la-roche-posay-la-roche-posay-effaclar-duo-m-40-ml-soins-anti-imperfections.jpg\",\"contentUrl\":\"https:\/\/paracherkaoui.ma\/wp-content\/uploads\/2025\/12\/la-roche-posay-la-roche-posay-effaclar-duo-m-40-ml-soins-anti-imperfections.jpg\",\"width\":700,\"height\":700},{\"@type\":\"BreadcrumbList\",\"@id\":\"https:\/\/paracherkaoui.ma\/index.php\/produit\/la-roche-posay-effaclar-duo-m-40-ml\/#breadcrumb\",\"itemListElement\":[{\"@type\":\"ListItem\",\"position\":1,\"name\":\"Accueil\",\"item\":\"https:\/\/paracherkaoui.ma\/\"},{\"@type\":\"ListItem\",\"position\":2,\"name\":\"Boutique\",\"item\":\"https:\/\/paracherkaoui.ma\/index.php\/boutique\/\"},{\"@type\":\"ListItem\",\"position\":3,\"name\":\"LA ROCHE POSAY EFFACLAR DUO + M 40 ML\"}]},{\"@type\":\"WebSite\",\"@id\":\"https:\/\/paracherkaoui.ma\/#website\",\"url\":\"https:\/\/paracherkaoui.ma\/\",\"name\":\"Paracherkaoui.ma\",\"description\":\"Achetez en ligne sur Paracherkaoui.ma\",\"potentialAction\":[{\"@type\":\"SearchAction\",\"target\":{\"@type\":\"EntryPoint\",\"urlTemplate\":\"https:\/\/paracherkaoui.ma\/?s={search_term_string}\"},\"query-input\":{\"@type\":\"PropertyValueSpecification\",\"valueRequired\":true,\"valueName\":\"search_term_string\"}}],\"inLanguage\":\"fr-FR\"}]}<\/script>\r\n<!-- \/ Yoast SEO plugin. -->","yoast_head_json":{"title":"LA ROCHE POSAY EFFACLAR DUO + M 40 ML - Paracherkaoui.ma","robots":{"index":"index","follow":"follow","max-snippet":"max-snippet:-1","max-image-preview":"max-image-preview:large","max-video-preview":"max-video-preview:-1"},"canonical":"https:\/\/paracherkaoui.ma\/index.php\/produit\/la-roche-posay-effaclar-duo-m-40-ml\/","og_locale":"fr_FR","og_type":"article","og_title":"LA ROCHE POSAY EFFACLAR DUO + M 40 ML - Paracherkaoui.ma","og_description":"NOUVEAU\u00a0soin triple correction anti-imperfections pour les peaux grasses \u00e0 tendance acn\u00e9ique, d\u00e9sormais enrichi par la science du microbiome. Corrige les","og_url":"https:\/\/paracherkaoui.ma\/index.php\/produit\/la-roche-posay-effaclar-duo-m-40-ml\/","og_site_name":"Paracherkaoui.ma","article_modified_time":"2025-12-12T16:33:29+00:00","og_image":[{"width":700,"height":700,"url":"https:\/\/paracherkaoui.ma\/wp-content\/uploads\/2025\/12\/la-roche-posay-la-roche-posay-effaclar-duo-m-40-ml-soins-anti-imperfections.jpg","type":"image\/jpeg"}],"twitter_card":"summary_large_image","twitter_misc":{"Dur\u00e9e de lecture estim\u00e9e":"1 minute"},"schema":{"@context":"https:\/\/schema.org","@graph":[{"@type":"WebPage","@id":"https:\/\/paracherkaoui.ma\/index.php\/produit\/la-roche-posay-effaclar-duo-m-40-ml\/","url":"https:\/\/paracherkaoui.ma\/index.php\/produit\/la-roche-posay-effaclar-duo-m-40-ml\/","name":"LA ROCHE POSAY EFFACLAR DUO + M 40 ML - Paracherkaoui.ma","isPartOf":{"@id":"https:\/\/paracherkaoui.ma\/#website"},"primaryImageOfPage":{"@id":"https:\/\/paracherkaoui.ma\/index.php\/produit\/la-roche-posay-effaclar-duo-m-40-ml\/#primaryimage"},"image":{"@id":"https:\/\/paracherkaoui.ma\/index.php\/produit\/la-roche-posay-effaclar-duo-m-40-ml\/#primaryimage"},"thumbnailUrl":"https:\/\/paracherkaoui.ma\/wp-content\/uploads\/2025\/12\/la-roche-posay-la-roche-posay-effaclar-duo-m-40-ml-soins-anti-imperfections.jpg","datePublished":"2025-12-12T16:33:22+00:00","dateModified":"2025-12-12T16:33:29+00:00","breadcrumb":{"@id":"https:\/\/paracherkaoui.ma\/index.php\/produit\/la-roche-posay-effaclar-duo-m-40-ml\/#breadcrumb"},"inLanguage":"fr-FR","potentialAction":[{"@type":"ReadAction","target":["https:\/\/paracherkaoui.ma\/index.php\/produit\/la-roche-posay-effaclar-duo-m-40-ml\/"]}]},{"@type":"ImageObject","inLanguage":"fr-FR","@id":"https:\/\/paracherkaoui.ma\/index.php\/produit\/la-roche-posay-effaclar-duo-m-40-ml\/#primaryimage","url":"https:\/\/paracherkaoui.ma\/wp-content\/uploads\/2025\/12\/la-roche-posay-la-roche-posay-effaclar-duo-m-40-ml-soins-anti-imperfections.jpg","contentUrl":"https:\/\/paracherkaoui.ma\/wp-content\/uploads\/2025\/12\/la-roche-posay-la-roche-posay-effaclar-duo-m-40-ml-soins-anti-imperfections.jpg","width":700,"height":700},{"@type":"BreadcrumbList","@id":"https:\/\/paracherkaoui.ma\/index.php\/produit\/la-roche-posay-effaclar-duo-m-40-ml\/#breadcrumb","itemListElement":[{"@type":"ListItem","position":1,"name":"Accueil","item":"https:\/\/paracherkaoui.ma\/"},{"@type":"ListItem","position":2,"name":"Boutique","item":"https:\/\/paracherkaoui.ma\/index.php\/boutique\/"},{"@type":"ListItem","position":3,"name":"LA ROCHE POSAY EFFACLAR DUO + M 40 ML"}]},{"@type":"WebSite","@id":"https:\/\/paracherkaoui.ma\/#website","url":"https:\/\/paracherkaoui.ma\/","name":"Paracherkaoui.ma","description":"Achetez en ligne sur Paracherkaoui.ma","potentialAction":[{"@type":"SearchAction","target":{"@type":"EntryPoint","urlTemplate":"https:\/\/paracherkaoui.ma\/?s={search_term_string}"},"query-input":{"@type":"PropertyValueSpecification","valueRequired":true,"valueName":"search_term_string"}}],"inLanguage":"fr-FR"}]}},"_links":{"self":[{"href":"https:\/\/paracherkaoui.ma\/index.php\/wp-json\/wp\/v2\/product\/10686","targetHints":{"allow":["GET"]}}],"collection":[{"href":"https:\/\/paracherkaoui.ma\/index.php\/wp-json\/wp\/v2\/product"}],"about":[{"href":"https:\/\/paracherkaoui.ma\/index.php\/wp-json\/wp\/v2\/types\/product"}],"replies":[{"embeddable":true,"href":"https:\/\/paracherkaoui.ma\/index.php\/wp-json\/wp\/v2\/comments?post=10686"}],"version-history":[{"count":1,"href":"https:\/\/paracherkaoui.ma\/index.php\/wp-json\/wp\/v2\/product\/10686\/revisions"}],"predecessor-version":[{"id":10719,"href":"https:\/\/paracherkaoui.ma\/index.php\/wp-json\/wp\/v2\/product\/10686\/revisions\/10719"}],"wp:featuredmedia":[{"embeddable":true,"href":"https:\/\/paracherkaoui.ma\/index.php\/wp-json\/wp\/v2\/media\/10718"}],"wp:attachment":[{"href":"https:\/\/paracherkaoui.ma\/index.php\/wp-json\/wp\/v2\/media?parent=10686"}],"wp:term":[{"taxonomy":"product_brand","embeddable":true,"href":"https:\/\/paracherkaoui.ma\/index.php\/wp-json\/wp\/v2\/product_brand?post=10686"},{"taxonomy":"product_cat","embeddable":true,"href":"https:\/\/paracherkaoui.ma\/index.php\/wp-json\/wp\/v2\/product_cat?post=10686"},{"taxonomy":"product_tag","embeddable":true,"href":"https:\/\/paracherkaoui.ma\/index.php\/wp-json\/wp\/v2\/product_tag?post=10686"}],"curies":[{"name":"wp","href":"https:\/\/api.w.org\/{rel}","templated":true}]}}