{"id":58631,"date":"2025-12-15T19:17:03","date_gmt":"2025-12-15T18:17:03","guid":{"rendered":"https:\/\/test.ecbeaute.com\/?page_id=58631"},"modified":"2025-12-15T19:29:37","modified_gmt":"2025-12-15T18:29:37","slug":"para-cherkaoui","status":"publish","type":"page","link":"https:\/\/paracherkaoui.ma\/index.php\/para-cherkaoui\/","title":{"rendered":"Para cherkaoui"},"content":{"rendered":"\t\t<div data-elementor-type=\"wp-page\" data-elementor-id=\"58631\" class=\"elementor elementor-58631\">\n\t\t\t\t<div class=\"wd-negative-gap elementor-element elementor-element-ff1d51b e-flex e-con-boxed e-con e-parent\" data-id=\"ff1d51b\" data-element_type=\"container\">\n\t\t\t\t\t<div class=\"e-con-inner\">\n\t\t\t\t<div class=\"elementor-element elementor-element-0f05674 wd-width-100 elementor-widget elementor-widget-wd_title\" data-id=\"0f05674\" data-element_type=\"widget\" data-widget_type=\"wd_title.default\">\n\t\t\t\t<div class=\"elementor-widget-container\">\n\t\t\t\t\t\t\t<div class=\"title-wrapper wd-set-mb reset-last-child wd-title-color-default wd-title-style-default wd-title-size-medium text-center\">\n\n\t\t\t\n\t\t\t<div class=\"liner-continer\">\n\t\t\t\t<h5 class=\"woodmart-title-container title wd-fontsize-xl\">A propos de Para Cherkaoui<\/h5> \n\t\t\t\t\t\t\t<\/div>\n\n\t\t\t\t\t<\/div>\n\t\t\t\t\t\t<\/div>\n\t\t\t\t<\/div>\n\t\t\t\t\t<\/div>\n\t\t\t\t<\/div>\n\t\t<div class=\"wd-negative-gap elementor-element elementor-element-dd2fc7e e-flex e-con-boxed e-con e-parent\" data-id=\"dd2fc7e\" data-element_type=\"container\">\n\t\t\t\t\t<div class=\"e-con-inner\">\n\t\t<div class=\"elementor-element elementor-element-bc5d2cf e-con-full e-flex e-con e-child\" data-id=\"bc5d2cf\" data-element_type=\"container\">\n\t\t\t\t<div class=\"elementor-element elementor-element-610f75f wd-width-100 elementor-widget elementor-widget-wd_title\" data-id=\"610f75f\" data-element_type=\"widget\" data-widget_type=\"wd_title.default\">\n\t\t\t\t<div class=\"elementor-widget-container\">\n\t\t\t\t\t\t\t<div class=\"title-wrapper wd-set-mb reset-last-child wd-title-color-default wd-title-style-default wd-title-size-medium text-left\">\n\n\t\t\t\n\t\t\t<div class=\"liner-continer\">\n\t\t\t\t<h5 class=\"woodmart-title-container title wd-fontsize-xl\">PARA CHERKAOUI, la parapharmacie en ligne pas ch\u00e8re 100% discount<\/h5> \n\t\t\t\t\t\t\t<\/div>\n\n\t\t\t\t\t<\/div>\n\t\t\t\t\t\t<\/div>\n\t\t\t\t<\/div>\n\t\t\t\t<div class=\"elementor-element elementor-element-af41c4e elementor-widget elementor-widget-wd_text_block\" data-id=\"af41c4e\" data-element_type=\"widget\" data-widget_type=\"wd_text_block.default\">\n\t\t\t\t<div class=\"elementor-widget-container\">\n\t\t\t\t\t\t\t<div class=\"wd-text-block reset-last-child text-left\">\n\t\t\t\n\t\t\t<p><span style=\"font-weight: 400;\">\u00c0 propos de nous : PARA CHERKAOUI la parapharmacie en ligne pas ch\u00e8re 100% discount Vous n\u2019avez pas le temps de vous d\u00e9placer et souhaitez passer votre <\/span><b>commande <\/b><span style=\"font-weight: 400;\">sur Internet ? D\u00e9couvrez <\/span><b>PARA CHERKAOUI<\/b><span style=\"font-weight: 400;\">, une <\/span><b>parapharmacie en ligne<\/b><span style=\"font-weight: 400;\"> sp\u00e9cialis\u00e9e dans la vente de <\/span><b>produits pas chers &amp; discount !<\/b><\/p>\n\t\t\t\t\t<\/div>\n\t\t\t\t\t\t<\/div>\n\t\t\t\t<\/div>\n\t\t\t\t<div class=\"elementor-element elementor-element-f44f005 wd-width-100 elementor-widget elementor-widget-wd_title\" data-id=\"f44f005\" data-element_type=\"widget\" data-widget_type=\"wd_title.default\">\n\t\t\t\t<div class=\"elementor-widget-container\">\n\t\t\t\t\t\t\t<div class=\"title-wrapper wd-set-mb reset-last-child wd-title-color-default wd-title-style-default wd-title-size-medium text-left\">\n\n\t\t\t\n\t\t\t<div class=\"liner-continer\">\n\t\t\t\t<h5 class=\"woodmart-title-container title wd-fontsize-xl\">Les meilleurs produits de parapharmacie \u00e0 prix discount<br \/>\n<\/h5> \n\t\t\t\t\t\t\t<\/div>\n\n\t\t\t\t\t<\/div>\n\t\t\t\t\t\t<\/div>\n\t\t\t\t<\/div>\n\t\t\t\t<div class=\"elementor-element elementor-element-8ea23af elementor-widget elementor-widget-wd_text_block\" data-id=\"8ea23af\" data-element_type=\"widget\" data-widget_type=\"wd_text_block.default\">\n\t\t\t\t<div class=\"elementor-widget-container\">\n\t\t\t\t\t\t\t<div class=\"wd-text-block reset-last-child text-left\">\n\t\t\t\n\t\t\t<p><span style=\"font-weight: 400;\">Sur notre site, vous trouverez les meilleures r\u00e9f\u00e9rences de la <\/span><b>parapharmacie au meilleur prix<\/b><span style=\"font-weight: 400;\">. R\u00e9alisez d\u00e8s \u00e0 pr\u00e9sent vos achats en ligne sur notre plateforme s\u00fbre et fiable, proposant des milliers de produits \u00e0 des tarifs ultra concurrentiels.\u00a0 <\/span><\/p>\n\t\t\t\t\t<\/div>\n\t\t\t\t\t\t<\/div>\n\t\t\t\t<\/div>\n\t\t\t\t<div class=\"elementor-element elementor-element-a7e683e elementor-widget elementor-widget-wd_text_block\" data-id=\"a7e683e\" data-element_type=\"widget\" data-widget_type=\"wd_text_block.default\">\n\t\t\t\t<div class=\"elementor-widget-container\">\n\t\t\t\t\t\t\t<div class=\"wd-text-block reset-last-child text-left\">\n\t\t\t\n\t\t\t<p><span style=\"font-weight: 400;\">Avec plus de 12.000 r\u00e9f\u00e9rences, notre <\/span><b>site de parapharmacie<\/b><span style=\"font-weight: 400;\"> poss\u00e8de l\u2019un des plus grands <\/span><b>catalogues en ligne<\/b><span style=\"font-weight: 400;\">. Vous trouverez l\u2019essentiel des <\/span><b>produits de parapharmacie<\/b><span style=\"font-weight: 400;\"> r\u00e9partis en cat\u00e9gories pour couvrir tous vos besoins et toutes vos attentes : Produits de Beaut\u00e9 (D\u00e9maquillants, Soins Hydratants, Maquillage, Parfum, Hydrolats et Eaux Florales, Contour des yeux, Soins des l\u00e8vres\u2026), Soin des Cheveux (Cheveux gras, Cheveux Normaux, Cheveux secs, Coiffants, Colorations, Soins Anti-chute, Antipelliculaires\u2026) ,Hygi\u00e8ne (Bain &amp; Douche, D\u00e9odorants, Antibact\u00e9riens, Epilation,\u2026), Minceur (Ventre Plat, D\u00e9tox, Br\u00fbleurs de Graisses, Capteurs, Coupe-faim, Anti-cellulite\u2026), B\u00e9b\u00e9 (Toilette b\u00e9b\u00e9, Change, Soins B\u00e9b\u00e9, Produits Bio, Coffrets b\u00e9b\u00e9\u2026), des compl\u00e9ments alimentaires aux cosm\u00e9tiques bio en passant par les produits de beaut\u00e9 pour homme,<\/span><\/p>\n\t\t\t\t\t<\/div>\n\t\t\t\t\t\t<\/div>\n\t\t\t\t<\/div>\n\t\t\t\t<div class=\"elementor-element elementor-element-8cf147e wd-width-100 elementor-widget elementor-widget-wd_title\" data-id=\"8cf147e\" data-element_type=\"widget\" data-widget_type=\"wd_title.default\">\n\t\t\t\t<div class=\"elementor-widget-container\">\n\t\t\t\t\t\t\t<div class=\"title-wrapper wd-set-mb reset-last-child wd-title-color-default wd-title-style-default wd-title-size-medium text-left\">\n\n\t\t\t\n\t\t\t<div class=\"liner-continer\">\n\t\t\t\t<h5 class=\"woodmart-title-container title wd-fontsize-xl\">Notre catalogue est con\u00e7u pour r\u00e9pondre \u00e0 toutes vos attentes.<\/h5> \n\t\t\t\t\t\t\t<\/div>\n\n\t\t\t\t\t<\/div>\n\t\t\t\t\t\t<\/div>\n\t\t\t\t<\/div>\n\t\t\t\t<div class=\"elementor-element elementor-element-722e85c elementor-widget elementor-widget-wd_text_block\" data-id=\"722e85c\" data-element_type=\"widget\" data-widget_type=\"wd_text_block.default\">\n\t\t\t\t<div class=\"elementor-widget-container\">\n\t\t\t\t\t\t\t<div class=\"wd-text-block reset-last-child text-left\">\n\t\t\t\n\t\t\t<p><span style=\"font-weight: 400;\">Que vous ayez besoin d\u2019un soin anti-\u00e2ge ou anti-rides, d\u2019une cr\u00e8me hydratante, d\u2019un shampooing pour cheveux secs ou gras, d\u2019un draineur, d\u2019un autobronzant ou encore de produits pour le sport, vous trouverez votre bonheur pas cher, en ligne et livr\u00e9 chez vous dans les meilleurs d\u00e9lais.<\/span><\/p>\n\t\t\t\t\t<\/div>\n\t\t\t\t\t\t<\/div>\n\t\t\t\t<\/div>\n\t\t\t\t<div class=\"elementor-element elementor-element-6524b91 wd-width-100 elementor-widget elementor-widget-wd_title\" data-id=\"6524b91\" data-element_type=\"widget\" data-widget_type=\"wd_title.default\">\n\t\t\t\t<div class=\"elementor-widget-container\">\n\t\t\t\t\t\t\t<div class=\"title-wrapper wd-set-mb reset-last-child wd-title-color-default wd-title-style-default wd-title-size-medium text-left\">\n\n\t\t\t\n\t\t\t<div class=\"liner-continer\">\n\t\t\t\t<h5 class=\"woodmart-title-container title wd-fontsize-xl\">Pourquoi Choisir PARA CHERKAOUI ?<br \/>\n<\/h5> \n\t\t\t\t\t\t\t<\/div>\n\n\t\t\t\t\t<\/div>\n\t\t\t\t\t\t<\/div>\n\t\t\t\t<\/div>\n\t\t\t\t<div class=\"elementor-element elementor-element-c97d30e elementor-widget elementor-widget-wd_text_block\" data-id=\"c97d30e\" data-element_type=\"widget\" data-widget_type=\"wd_text_block.default\">\n\t\t\t\t<div class=\"elementor-widget-container\">\n\t\t\t\t\t\t\t<div class=\"wd-text-block reset-last-child text-left\">\n\t\t\t\n\t\t\t<p><b>Les offres, promos et soldes, c\u2019est toute l\u2019ann\u00e9e sur PARA CHERKAOUI<\/b><span style=\"font-weight: 400;\"> Toute l\u2019ann\u00e9e, que ce soit en p\u00e9riode de f\u00eates ou pendant l\u2019\u00e9t\u00e9, nous vous proposons des promos, <\/span><b>ventes flash<\/b><span style=\"font-weight: 400;\">, d\u00e9stockages, cadeaux et offres exclusives sur tous nos <\/span><b>produits <\/b><span style=\"font-weight: 400;\">: plus besoin d\u2019attendre les <\/span><b>soldes <\/b><span style=\"font-weight: 400;\">pour profiter de nos prix chocs et discount ! Pour ne manquer aucun bon plan et recevoir les meilleures offres du moment, n\u2019h\u00e9sitez pas \u00e0 vous abonner \u00e0 notre newsletter. PARA CHERKAOUI la parapharmacie en ligne pas ch\u00e8re 100% discount <\/span><b>Les meilleures marques \u00e0 prix cass\u00e9<\/b><span style=\"font-weight: 400;\"> Nous collaborons avec plus de 400 marques reconnues dans le secteur de la parapharmacie pour leur qualit\u00e9 et leurs larges gammes de produits. Nos contacts privil\u00e9gi\u00e9s avec ces laboratoires nous permettent de vous faire profiter de la meilleure offre du march\u00e9. D\u00e9couvrez nos top marques \u00e0 <\/span><b>prix discount<\/b><span style=\"font-weight: 400;\"> : A-derma, Nuxe, Bioderma, Vichy, Av\u00e8ne, Uriage, Eucerin, Ducray, Filorga, Somatoline,Mustela, La Roche- Posay,Lierac, Klorane, Weleda, Cattier, Forte Pharma,Bio Oil, \u2026 et bien d\u2019autres marques pas ch\u00e8res sur PARA CHERKAOUI.<\/span><\/p>\n\t\t\t\t\t<\/div>\n\t\t\t\t\t\t<\/div>\n\t\t\t\t<\/div>\n\t\t\t\t<div class=\"elementor-element elementor-element-a3d991c elementor-widget elementor-widget-wd_text_block\" data-id=\"a3d991c\" data-element_type=\"widget\" data-widget_type=\"wd_text_block.default\">\n\t\t\t\t<div class=\"elementor-widget-container\">\n\t\t\t\t\t\t\t<div class=\"wd-text-block reset-last-child text-left\">\n\t\t\t\n\t\t\t<p><span style=\"font-weight: 400;\">Vos <\/span><b>gammes pr\u00e9f\u00e9r\u00e9es<\/b><span style=\"font-weight: 400;\"> vous donnent rendez-vous<\/span><\/p>\n\t\t\t\t\t<\/div>\n\t\t\t\t\t\t<\/div>\n\t\t\t\t<\/div>\n\t\t\t\t<div class=\"elementor-element elementor-element-ac8ac59 elementor-widget elementor-widget-wd_text_block\" data-id=\"ac8ac59\" data-element_type=\"widget\" data-widget_type=\"wd_text_block.default\">\n\t\t\t\t<div class=\"elementor-widget-container\">\n\t\t\t\t\t\t\t<div class=\"wd-text-block reset-last-child text-left\">\n\t\t\t\n\t\t\t<p><span style=\"font-weight: 400;\">Anth\u00e9lios, Lipikar, Cleanance, Atoderm, Cicabiafine, Normaderm, B\u00e9b\u00e9 Klorane, Lierac Homme, Bari\u00e9derm, Aqualia, Prodigieux, Id\u00e9al Soleil, Lierac Premium, Hyaluron-Filler\u2026 Profitez de la m\u00eame qualit\u00e9 <\/span><b>moins ch\u00e8re<\/b><span style=\"font-weight: 400;\"> sur notre site !<\/span><\/p>\n\t\t\t\t\t<\/div>\n\t\t\t\t\t\t<\/div>\n\t\t\t\t<\/div>\n\t\t\t\t<div class=\"elementor-element elementor-element-a5863ee wd-width-100 elementor-widget elementor-widget-wd_title\" data-id=\"a5863ee\" data-element_type=\"widget\" data-widget_type=\"wd_title.default\">\n\t\t\t\t<div class=\"elementor-widget-container\">\n\t\t\t\t\t\t\t<div class=\"title-wrapper wd-set-mb reset-last-child wd-title-color-default wd-title-style-default wd-title-size-medium text-left\">\n\n\t\t\t\n\t\t\t<div class=\"liner-continer\">\n\t\t\t\t<h5 class=\"woodmart-title-container title wd-fontsize-xl\">Passez commande en quelques secondes seulement \u2026 et en toute s\u00e9curit\u00e9 : PARA CHERKAOUI la parapharmacie en ligne pas ch\u00e8re 100% discount<\/h5> \n\t\t\t\t\t\t\t<\/div>\n\n\t\t\t\t\t<\/div>\n\t\t\t\t\t\t<\/div>\n\t\t\t\t<\/div>\n\t\t\t\t<div class=\"elementor-element elementor-element-b148bdb elementor-widget elementor-widget-wd_text_block\" data-id=\"b148bdb\" data-element_type=\"widget\" data-widget_type=\"wd_text_block.default\">\n\t\t\t\t<div class=\"elementor-widget-container\">\n\t\t\t\t\t\t\t<div class=\"wd-text-block reset-last-child text-left\">\n\t\t\t\n\t\t\t<p><span style=\"font-weight: 400;\">Sur PARA CHERKAOUI, vous avez le choix entre de nombreux <\/span><b>modes de paiement s\u00e9curis\u00e9s et rapides<\/b><span style=\"font-weight: 400;\"> : Cartes bancaires (Visa, MasterCard, CMI), Virement Bancaire et Cash \u00e0 la livraison. Le paiement en ligne est s\u00e9curis\u00e9 par un protocole SSL de Maroc T\u00e9l\u00e9commerce qui garantit le cryptage des donn\u00e9es bancaires.<\/span><\/p>\n\t\t\t\t\t<\/div>\n\t\t\t\t\t\t<\/div>\n\t\t\t\t<\/div>\n\t\t\t\t<\/div>\n\t\t\t\t\t<link rel=\"stylesheet\" id=\"wd-int-elem-opt-sticky-column-css\" href=\"https:\/\/paracherkaoui.ma\/wp-content\/themes\/woodmart\/css\/parts\/int-elem-opt-sticky-column.min.css?ver=8.3.7\" type=\"text\/css\" media=\"all\" \/> \t\t\t<div class=\"wd-sticky-container-lg elementor-element elementor-element-a11a1b8 e-con-full e-flex e-con e-child\" data-id=\"a11a1b8\" data-element_type=\"container\">\n\t\t\t\t<div class=\"elementor-element elementor-element-61f0702 elementor-widget elementor-widget-image\" data-id=\"61f0702\" data-element_type=\"widget\" data-widget_type=\"image.default\">\n\t\t\t\t\t\t\t\t\t\t\t\t\t\t\t<img decoding=\"async\" width=\"264\" height=\"146\" data-src=\"https:\/\/paracherkaoui.ma\/wp-content\/uploads\/2025\/12\/Beauty-4.png\" class=\"attachment-large size-large wp-image-58160 lazyload\" alt=\"\" data-srcset=\"https:\/\/paracherkaoui.ma\/wp-content\/uploads\/2025\/12\/Beauty-4.png 264w, https:\/\/paracherkaoui.ma\/wp-content\/uploads\/2025\/12\/Beauty-4-150x83.png 150w\" data-sizes=\"(max-width: 264px) 100vw, 264px\" src=\"data:image\/svg+xml;base64,PHN2ZyB3aWR0aD0iMSIgaGVpZ2h0PSIxIiB4bWxucz0iaHR0cDovL3d3dy53My5vcmcvMjAwMC9zdmciPjwvc3ZnPg==\" style=\"--smush-placeholder-width: 264px; --smush-placeholder-aspect-ratio: 264\/146;\" \/>\t\t\t\t\t\t\t\t\t\t\t\t\t\t\t<\/div>\n\t\t\t\t<\/div>\n\t\t\t\t\t<\/div>\n\t\t\t\t<\/div>\n\t\t\t\t<\/div>\n\t\t","protected":false},"excerpt":{"rendered":"<p>A propos de Para Cherkaoui PARA CHERKAOUI, la parapharmacie en ligne pas ch\u00e8re 100% discount \u00c0 propos de nous :<\/p>\n","protected":false},"author":2,"featured_media":0,"parent":0,"menu_order":0,"comment_status":"closed","ping_status":"closed","template":"","meta":{"footnotes":""},"class_list":["post-58631","page","type-page","status-publish","hentry"],"yoast_head":"<!-- This site is optimized with the Yoast SEO plugin v26.6 - https:\/\/yoast.com\/wordpress\/plugins\/seo\/ -->\r\n<title>Para cherkaoui - Paracherkaoui.ma<\/title>\r\n<meta name=\"robots\" content=\"index, follow, max-snippet:-1, max-image-preview:large, max-video-preview:-1\" \/>\r\n<link rel=\"canonical\" href=\"https:\/\/paracherkaoui.ma\/index.php\/para-cherkaoui\/\" \/>\r\n<meta property=\"og:locale\" content=\"fr_FR\" \/>\r\n<meta property=\"og:type\" content=\"article\" \/>\r\n<meta property=\"og:title\" content=\"Para cherkaoui - Paracherkaoui.ma\" \/>\r\n<meta property=\"og:description\" content=\"A propos de Para Cherkaoui PARA CHERKAOUI, la parapharmacie en ligne pas ch\u00e8re 100% discount \u00c0 propos de nous :\" \/>\r\n<meta property=\"og:url\" content=\"https:\/\/paracherkaoui.ma\/index.php\/para-cherkaoui\/\" \/>\r\n<meta property=\"og:site_name\" content=\"Paracherkaoui.ma\" \/>\r\n<meta property=\"article:modified_time\" content=\"2025-12-15T18:29:37+00:00\" \/>\r\n<meta property=\"og:image\" content=\"https:\/\/test.ecbeaute.com\/wp-content\/uploads\/2025\/12\/Beauty-4.png\" \/>\r\n<meta name=\"twitter:card\" content=\"summary_large_image\" \/>\r\n<meta name=\"twitter:label1\" content=\"Dur\u00e9e de lecture estim\u00e9e\" \/>\n\t<meta name=\"twitter:data1\" content=\"3 minutes\" \/>\r\n<script type=\"application\/ld+json\" class=\"yoast-schema-graph\">{\"@context\":\"https:\/\/schema.org\",\"@graph\":[{\"@type\":\"WebPage\",\"@id\":\"https:\/\/paracherkaoui.ma\/index.php\/para-cherkaoui\/\",\"url\":\"https:\/\/paracherkaoui.ma\/index.php\/para-cherkaoui\/\",\"name\":\"Para cherkaoui - Paracherkaoui.ma\",\"isPartOf\":{\"@id\":\"https:\/\/paracherkaoui.ma\/#website\"},\"primaryImageOfPage\":{\"@id\":\"https:\/\/paracherkaoui.ma\/index.php\/para-cherkaoui\/#primaryimage\"},\"image\":{\"@id\":\"https:\/\/paracherkaoui.ma\/index.php\/para-cherkaoui\/#primaryimage\"},\"thumbnailUrl\":\"https:\/\/test.ecbeaute.com\/wp-content\/uploads\/2025\/12\/Beauty-4.png\",\"datePublished\":\"2025-12-15T18:17:03+00:00\",\"dateModified\":\"2025-12-15T18:29:37+00:00\",\"breadcrumb\":{\"@id\":\"https:\/\/paracherkaoui.ma\/index.php\/para-cherkaoui\/#breadcrumb\"},\"inLanguage\":\"fr-FR\",\"potentialAction\":[{\"@type\":\"ReadAction\",\"target\":[\"https:\/\/paracherkaoui.ma\/index.php\/para-cherkaoui\/\"]}]},{\"@type\":\"ImageObject\",\"inLanguage\":\"fr-FR\",\"@id\":\"https:\/\/paracherkaoui.ma\/index.php\/para-cherkaoui\/#primaryimage\",\"url\":\"https:\/\/test.ecbeaute.com\/wp-content\/uploads\/2025\/12\/Beauty-4.png\",\"contentUrl\":\"https:\/\/test.ecbeaute.com\/wp-content\/uploads\/2025\/12\/Beauty-4.png\"},{\"@type\":\"BreadcrumbList\",\"@id\":\"https:\/\/paracherkaoui.ma\/index.php\/para-cherkaoui\/#breadcrumb\",\"itemListElement\":[{\"@type\":\"ListItem\",\"position\":1,\"name\":\"Accueil\",\"item\":\"https:\/\/paracherkaoui.ma\/\"},{\"@type\":\"ListItem\",\"position\":2,\"name\":\"Para cherkaoui\"}]},{\"@type\":\"WebSite\",\"@id\":\"https:\/\/paracherkaoui.ma\/#website\",\"url\":\"https:\/\/paracherkaoui.ma\/\",\"name\":\"Paracherkaoui.ma\",\"description\":\"Achetez en ligne sur Paracherkaoui.ma\",\"potentialAction\":[{\"@type\":\"SearchAction\",\"target\":{\"@type\":\"EntryPoint\",\"urlTemplate\":\"https:\/\/paracherkaoui.ma\/?s={search_term_string}\"},\"query-input\":{\"@type\":\"PropertyValueSpecification\",\"valueRequired\":true,\"valueName\":\"search_term_string\"}}],\"inLanguage\":\"fr-FR\"}]}<\/script>\r\n<!-- \/ Yoast SEO plugin. -->","yoast_head_json":{"title":"Para cherkaoui - Paracherkaoui.ma","robots":{"index":"index","follow":"follow","max-snippet":"max-snippet:-1","max-image-preview":"max-image-preview:large","max-video-preview":"max-video-preview:-1"},"canonical":"https:\/\/paracherkaoui.ma\/index.php\/para-cherkaoui\/","og_locale":"fr_FR","og_type":"article","og_title":"Para cherkaoui - Paracherkaoui.ma","og_description":"A propos de Para Cherkaoui PARA CHERKAOUI, la parapharmacie en ligne pas ch\u00e8re 100% discount \u00c0 propos de nous :","og_url":"https:\/\/paracherkaoui.ma\/index.php\/para-cherkaoui\/","og_site_name":"Paracherkaoui.ma","article_modified_time":"2025-12-15T18:29:37+00:00","og_image":[{"url":"https:\/\/test.ecbeaute.com\/wp-content\/uploads\/2025\/12\/Beauty-4.png","type":"","width":"","height":""}],"twitter_card":"summary_large_image","twitter_misc":{"Dur\u00e9e de lecture estim\u00e9e":"3 minutes"},"schema":{"@context":"https:\/\/schema.org","@graph":[{"@type":"WebPage","@id":"https:\/\/paracherkaoui.ma\/index.php\/para-cherkaoui\/","url":"https:\/\/paracherkaoui.ma\/index.php\/para-cherkaoui\/","name":"Para cherkaoui - Paracherkaoui.ma","isPartOf":{"@id":"https:\/\/paracherkaoui.ma\/#website"},"primaryImageOfPage":{"@id":"https:\/\/paracherkaoui.ma\/index.php\/para-cherkaoui\/#primaryimage"},"image":{"@id":"https:\/\/paracherkaoui.ma\/index.php\/para-cherkaoui\/#primaryimage"},"thumbnailUrl":"https:\/\/test.ecbeaute.com\/wp-content\/uploads\/2025\/12\/Beauty-4.png","datePublished":"2025-12-15T18:17:03+00:00","dateModified":"2025-12-15T18:29:37+00:00","breadcrumb":{"@id":"https:\/\/paracherkaoui.ma\/index.php\/para-cherkaoui\/#breadcrumb"},"inLanguage":"fr-FR","potentialAction":[{"@type":"ReadAction","target":["https:\/\/paracherkaoui.ma\/index.php\/para-cherkaoui\/"]}]},{"@type":"ImageObject","inLanguage":"fr-FR","@id":"https:\/\/paracherkaoui.ma\/index.php\/para-cherkaoui\/#primaryimage","url":"https:\/\/test.ecbeaute.com\/wp-content\/uploads\/2025\/12\/Beauty-4.png","contentUrl":"https:\/\/test.ecbeaute.com\/wp-content\/uploads\/2025\/12\/Beauty-4.png"},{"@type":"BreadcrumbList","@id":"https:\/\/paracherkaoui.ma\/index.php\/para-cherkaoui\/#breadcrumb","itemListElement":[{"@type":"ListItem","position":1,"name":"Accueil","item":"https:\/\/paracherkaoui.ma\/"},{"@type":"ListItem","position":2,"name":"Para cherkaoui"}]},{"@type":"WebSite","@id":"https:\/\/paracherkaoui.ma\/#website","url":"https:\/\/paracherkaoui.ma\/","name":"Paracherkaoui.ma","description":"Achetez en ligne sur Paracherkaoui.ma","potentialAction":[{"@type":"SearchAction","target":{"@type":"EntryPoint","urlTemplate":"https:\/\/paracherkaoui.ma\/?s={search_term_string}"},"query-input":{"@type":"PropertyValueSpecification","valueRequired":true,"valueName":"search_term_string"}}],"inLanguage":"fr-FR"}]}},"_links":{"self":[{"href":"https:\/\/paracherkaoui.ma\/index.php\/wp-json\/wp\/v2\/pages\/58631","targetHints":{"allow":["GET"]}}],"collection":[{"href":"https:\/\/paracherkaoui.ma\/index.php\/wp-json\/wp\/v2\/pages"}],"about":[{"href":"https:\/\/paracherkaoui.ma\/index.php\/wp-json\/wp\/v2\/types\/page"}],"author":[{"embeddable":true,"href":"https:\/\/paracherkaoui.ma\/index.php\/wp-json\/wp\/v2\/users\/2"}],"replies":[{"embeddable":true,"href":"https:\/\/paracherkaoui.ma\/index.php\/wp-json\/wp\/v2\/comments?post=58631"}],"version-history":[{"count":7,"href":"https:\/\/paracherkaoui.ma\/index.php\/wp-json\/wp\/v2\/pages\/58631\/revisions"}],"predecessor-version":[{"id":58639,"href":"https:\/\/paracherkaoui.ma\/index.php\/wp-json\/wp\/v2\/pages\/58631\/revisions\/58639"}],"wp:attachment":[{"href":"https:\/\/paracherkaoui.ma\/index.php\/wp-json\/wp\/v2\/media?parent=58631"}],"curies":[{"name":"wp","href":"https:\/\/api.w.org\/{rel}","templated":true}]}}